{"id":21266,"date":"2024-01-09T15:30:52","date_gmt":"2024-01-09T15:30:52","guid":{"rendered":"http:\/\/rucashk.com\/?post_type=product&#038;p=21266"},"modified":"2025-06-22T06:26:23","modified_gmt":"2025-06-22T06:26:23","slug":"xiaomi-smartmi-pure-evaporative-air-humidifier","status":"publish","type":"product","link":"https:\/\/www.rucashk.com\/pt\/produto\/xiaomi-smartmi-pure-evaporative-air-humidifier\/","title":{"rendered":"Umidificador de ar evaporativo puro Xiaomi Smartmi"},"content":{"rendered":"<div><img decoding=\"async\" class=\"aligncenter\" src=\"https:\/\/www.rucashk.com\/wp-content\/uploads\/2020\/06\/HTB16TZYiv5TBuNjSspmq6yDRVXaI.jpg\" \/><img decoding=\"async\" class=\"aligncenter\" src=\"https:\/\/www.rucashk.com\/wp-content\/uploads\/2020\/06\/HTB1jTgoaPzuK1Rjy0Fpq6yEpFXaY.jpg\" alt=\"32_\" \/><\/div>\n<div style=\"text-align: center\"><img decoding=\"async\" src=\"https:\/\/www.rucashk.com\/wp-content\/uploads\/2020\/06\/HTB1MmZhcnCWBKNjSZFtq6yC3FXaO.jpg\" \/><\/div>\n<div style=\"text-align: center\"><img decoding=\"async\" src=\"https:\/\/www.rucashk.com\/wp-content\/uploads\/2020\/06\/HTB1dU24iuuSBuNjSsplq6ze8pXac.jpg\" \/><\/div>\n<div style=\"text-align: center\"><img decoding=\"async\" src=\"https:\/\/www.rucashk.com\/wp-content\/uploads\/2020\/06\/HTB1NSARiuuSBuNjy1Xcq6AYjFXaV.jpg\" \/><img decoding=\"async\" src=\"https:\/\/www.rucashk.com\/wp-content\/uploads\/2020\/06\/HTB1NDkoaPzuK1Rjy0Fpq6yEpFXah.jpg\" alt=\"RTX1212_\" \/><\/div>\n<div style=\"text-align: center\"><img decoding=\"async\" src=\"https:\/\/www.rucashk.com\/wp-content\/uploads\/2020\/06\/HTB1.po5ir9YBuNjy0Fgq6AxcXXav.jpg\" \/><\/div>\n<p style=\"text-align: center\"><img decoding=\"async\" src=\"https:\/\/www.rucashk.com\/wp-content\/uploads\/2020\/06\/HTB1gCoQir1YBuNjSszhq6AUsFXaC.jpg\" \/><img decoding=\"async\" src=\"https:\/\/www.rucashk.com\/wp-content\/uploads\/2020\/06\/HTB1vr.paITxK1Rjy0Fgq6yovpXak.jpg\" alt=\"RTX232323_\" \/><img decoding=\"async\" src=\"https:\/\/www.rucashk.com\/wp-content\/uploads\/2020\/06\/HTB1y9woaOnrK1RjSsziq6xptpXaH.jpg\" alt=\"RTX3121_\" \/><\/p>\n<p data-spm-anchor-id=\"a2g0o.detail.1000023.i0.4c716ea210vBdL\"><img decoding=\"async\" class=\"aligncenter\" src=\"https:\/\/www.rucashk.com\/wp-content\/uploads\/2020\/06\/HTB1X8H3ipmWBuNjSspdq6zugXXal.jpg\" \/><img decoding=\"async\" class=\"aligncenter\" src=\"https:\/\/www.rucashk.com\/wp-content\/uploads\/2020\/06\/HTB1m4AaciMnBKNjSZFzq6A_qVXal.jpg\" \/><\/p>\n<p><strong><b>Especifica\u00e7\u00e3o<\/b><\/strong><\/p>\n<table>\n<tbody>\n<tr>\n<td width=\"200\"><strong><b>Em geral<\/b><\/strong><\/td>\n<td width=\"798\">Marca: Smartmi<\/td>\n<\/tr>\n<tr>\n<td width=\"200\"><strong><b>Dimens\u00f5es e peso<\/b><\/strong><\/td>\n<td width=\"798\">Peso do produto: 5,1700 kg<br \/>\nPeso da embalagem: 5,3700 kg<br \/>\nTamanho do produto (C x L x A): 35,00 x 35,00 x 70,00 cm \/ 13,78 x 13,78 x 27,56 polegadas<br \/>\nTamanho do pacote (C x L x A): 40,00 x 40,00 x 75,00 cm \/ 15,75 x 15,75 x 29,53 polegadas<\/td>\n<\/tr>\n<tr>\n<td width=\"200\"><strong><b>conte\u00fado do pacote<\/b><\/strong><\/td>\n<td width=\"798\">Conte\u00fado do pacote: 1 x umidificador de ar, 1 x manual chin\u00eas<\/td>\n<\/tr>\n<\/tbody>\n<\/table>\n<h2>Especifica\u00e7\u00e3o<\/h2>\n<ul>\n<li>Marca:XIAOMI SMARTMI<\/li>\n<li>Cor branca<\/li>\n<li>Forma: Pra\u00e7a Comercial<\/li>\n<li>Tipo: umidificador de ar evaporativo<\/li>\n<li>Rede sem fio Wi-Fi: IEEE 802.11b\/g\/n 2,4 GHz<\/li>\n<li>APLICATIVO: APP Mijia<\/li>\n<li>Fun\u00e7\u00e3o de temporiza\u00e7\u00e3o: SIM<\/li>\n<li>M\u00e9todo de opera\u00e7\u00e3o: controle remoto<\/li>\n<li>Controle de umidade: controle remoto<\/li>\n<li>Capacidade do tanque de \u00e1gua: 4L<\/li>\n<li>Umidifica\u00e7\u00e3o nominal: 240 ml\/h<\/li>\n<li>\u00c1rea de umidifica\u00e7\u00e3o: 10-15\u33a1<\/li>\n<li>Ru\u00eddo: 34,3db-45db<\/li>\n<li>Plugue: Plugue CN<\/li>\n<li>Tens\u00e3o (V):220V<\/li>\n<li>Pot\u00eancia: 8W<\/li>\n<li>Tamanho do pacote: 31 cm x 31 cm x 44 cm (12,20 pol. x 12,20 pol. x 17,32 pol.)<\/li>\n<li>Peso do pacote: 5,1 kg (11,24b)<\/li>\n<\/ul>\n<div><strong>Caracter\u00edsticas<\/strong><br \/>\n*Umidificador Evaporativo Natural.<br \/>\n* Tanque de \u00e1gua de grande capacidade de 4,0L.<br \/>\n* Injete \u00e1gua convenientemente, pode funcionar 16 horas.<br \/>\n* Detec\u00e7\u00e3o autom\u00e1tica de ar, umidifica\u00e7\u00e3o inteligente, controle remoto de APP m\u00f3vel.<br \/>\n* M\u00e1quina de comuta\u00e7\u00e3o de tempo.<br \/>\n* Prote\u00e7\u00e3o inteligente de seguran\u00e7a m\u00faltipla.<br \/>\n*Sem p\u00f3, sem spray.<br \/>\n*Umidificador evaporativo natural<br \/>\n*Os umidificadores comuns apenas aumentam a umidade do ar circundante e mais n\u00e9voa de \u00e1gua cai no solo.<br \/>\nO umidificador evaporativo Xiaomi aumenta naturalmente a umidade do ar ambiente de maneira uniforme e o umidificador varia ainda mais.<br \/>\n*240-250ml\/h Umidifica\u00e7\u00e3o de alta efici\u00eancia.<br \/>\n*A utiliza\u00e7\u00e3o do princ\u00edpio da evapora\u00e7\u00e3o natural, semelhante ao do lago, atrav\u00e9s da evapora\u00e7\u00e3o da \u00e1gua, aumenta a umidade do ar, sem impurezas.<br \/>\n*Efeito uniforme na umidade ambiente.<br \/>\n* Evapora\u00e7\u00e3o de 36 l\u00e2minas, contato total com \u00e1gua, formando camada de evapora\u00e7\u00e3o, deixa o ar passar rapidamente pelas l\u00e2minas de evapora\u00e7\u00e3o, umidifica\u00e7\u00e3o 240-250ml por hora.<br \/>\n*Controle inteligente, umidifica\u00e7\u00e3o predefinida para seu pr\u00f3prio ambiente confort\u00e1vel<br \/>\nele pode julgar por si mesmo as condi\u00e7\u00f5es de umidifica\u00e7\u00e3o do ambiente, em umidade sob a condi\u00e7\u00e3o de 40% ou menos, melhorar a velocidade de vibra\u00e7\u00e3o e a velocidade do ventilador da pe\u00e7a de atomiza\u00e7\u00e3o, deixar mais ar \u00famido entrar no ambiente. Em umidade ambiente &gt;60%, controle a velocidade de umidifica\u00e7\u00e3o sob certos limites. Para garantir umidifica\u00e7\u00e3o duradoura do conforto do corpo humano. Quando a umidade ambiente o 70% para automaticamente de umidificar. A umidade para manter o escopo padr\u00e3o de forma saud\u00e1vel e confort\u00e1vel.<\/div>","protected":false},"excerpt":{"rendered":"<p><b>Descri\u00e7\u00e3o:<\/b><br \/>\nEste \u00e9 um tipo de umidificador de ar puro smartmi com o\u00a0<b>4L<\/b>\u00a0tanque de grande capacidade. Aplica o princ\u00edpio da evapora\u00e7\u00e3o natural para umidificar. O ar \u00famido vaporizado n\u00e3o carrega impurezas. Traz a voc\u00ea um ambiente de trabalho e de vida confort\u00e1vel.<\/p>\n<p><b>Principais caracter\u00edsticas:<\/b><br \/>\n<b>\u25cf Tanque de grande capacidade de 4L,<\/b>\u00a0hidratar a noite toda, mesmo se a opera\u00e7\u00e3o estiver em alta velocidade<br \/>\n<b>\u25cf Silencioso e de baixo consumo de energia,<\/b>\u00a034.3dB mute sleep protection<br \/>\n\u25cf Convenient waterflooding<br \/>\n\u25cf Automatic water evaporation, avoid the smell<br \/>\n\u25cf Open water tank, easy to wash<br \/>\n\u25cf Operated by APP<br \/>\n\u25cf Voltage: 220V<br \/>\n\u25cf Material: plastic<\/p>","protected":false},"featured_media":21404,"template":"","meta":[],"product_brand":[1363],"product_cat":[1318,1305],"product_tag":[],"class_list":{"0":"post-21266","1":"product","2":"type-product","3":"status-publish","4":"has-post-thumbnail","6":"product_brand-xiaomi","7":"product_cat-gadgets","8":"product_cat-xiaomi-eco","10":"first","11":"instock","12":"shipping-taxable","13":"product-type-external"},"aioseo_notices":[],"aioseo_head":"\n\t\t<!-- All in One SEO Pro 4.5.9.2 - aioseo.com -->\n\t\t<meta name=\"description\" content=\"Description: This is a kind of smartmi pure air humidifier with the 4L large capacity tank. It applies the natural evaporation principle to humidify. Vaporized humid air does not carry impurities. It brings you a comfortable work and living environment. Main Features: \u25cf 4L large capacity tank, moisturize all night even if top gear operation \u25cf Quiet and low-power, 34.3dB mute sleep protection \u25cf Convenient waterflooding \u25cf Automatic water evaporation, avoid the smell \u25cf Open water tank, easy to wash \u25cf Operated by APP \u25cf Voltage: 220V \u25cf Material: plastic\" \/>\n\t\t<meta name=\"robots\" content=\"max-image-preview:large\" \/>\n\t\t<link rel=\"canonical\" href=\"https:\/\/www.rucashk.com\/pt\/produto\/xiaomi-smartmi-pure-evaporative-air-humidifier\/\" \/>\n\t\t<meta name=\"generator\" content=\"All in One SEO Pro (AIOSEO) 4.5.9.2\" \/>\n\t\t<meta property=\"og:locale\" content=\"pt_PT\" \/>\n\t\t<meta property=\"og:site_name\" content=\"Rucas - One-stop AIoT Distribution Worldwide\" \/>\n\t\t<meta property=\"og:type\" content=\"article\" \/>\n\t\t<meta property=\"og:title\" content=\"Xiaomi Smartmi Pure Evaporative Air Humidifier - Rucas - Wholesale and Distribution\" \/>\n\t\t<meta property=\"og:description\" content=\"Description: This is a kind of smartmi pure air humidifier with the 4L large capacity tank. It applies the natural evaporation principle to humidify. Vaporized humid air does not carry impurities. It brings you a comfortable work and living environment. Main Features: \u25cf 4L large capacity tank, moisturize all night even if top gear operation \u25cf Quiet and low-power, 34.3dB mute sleep protection \u25cf Convenient waterflooding \u25cf Automatic water evaporation, avoid the smell \u25cf Open water tank, easy to wash \u25cf Operated by APP \u25cf Voltage: 220V \u25cf Material: plastic\" \/>\n\t\t<meta property=\"og:url\" content=\"https:\/\/www.rucashk.com\/pt\/produto\/xiaomi-smartmi-pure-evaporative-air-humidifier\/\" \/>\n\t\t<meta property=\"og:image\" content=\"https:\/\/www.rucashk.com\/wp-content\/uploads\/replace\/503b8e645f128a97ccde2b6290747646.jpeg\" \/>\n\t\t<meta property=\"og:image:secure_url\" content=\"https:\/\/www.rucashk.com\/wp-content\/uploads\/replace\/503b8e645f128a97ccde2b6290747646.jpeg\" \/>\n\t\t<meta property=\"og:image:width\" content=\"1456\" \/>\n\t\t<meta property=\"og:image:height\" content=\"816\" \/>\n\t\t<meta property=\"article:published_time\" content=\"2024-01-09T15:30:52+00:00\" \/>\n\t\t<meta property=\"article:modified_time\" content=\"2025-06-22T06:26:23+00:00\" \/>\n\t\t<meta name=\"twitter:card\" content=\"summary_large_image\" \/>\n\t\t<meta name=\"twitter:title\" content=\"Xiaomi Smartmi Pure Evaporative Air Humidifier - Rucas - Wholesale and Distribution\" \/>\n\t\t<meta name=\"twitter:description\" content=\"Description: This is a kind of smartmi pure air humidifier with the 4L large capacity tank. It applies the natural evaporation principle to humidify. Vaporized humid air does not carry impurities. It brings you a comfortable work and living environment. Main Features: \u25cf 4L large capacity tank, moisturize all night even if top gear operation \u25cf Quiet and low-power, 34.3dB mute sleep protection \u25cf Convenient waterflooding \u25cf Automatic water evaporation, avoid the smell \u25cf Open water tank, easy to wash \u25cf Operated by APP \u25cf Voltage: 220V \u25cf Material: plastic\" \/>\n\t\t<meta name=\"twitter:image\" content=\"https:\/\/www.rucashk.com\/wp-content\/uploads\/replace\/503b8e645f128a97ccde2b6290747646.jpeg\" \/>\n\t\t<script type=\"application\/ld+json\" class=\"aioseo-schema\">\n\t\t\t{\"@context\":\"https:\\\/\\\/schema.org\",\"@graph\":[{\"@type\":\"BreadcrumbList\",\"@id\":\"https:\\\/\\\/www.rucashk.com\\\/pt\\\/produto\\\/xiaomi-smartmi-pure-evaporative-air-humidifier\\\/#breadcrumblist\",\"itemListElement\":[{\"@type\":\"ListItem\",\"@id\":\"https:\\\/\\\/www.rucashk.com\\\/pt\\\/#listItem\",\"position\":1,\"name\":\"Home\",\"item\":\"https:\\\/\\\/www.rucashk.com\\\/pt\\\/\",\"nextItem\":\"https:\\\/\\\/www.rucashk.com\\\/pt\\\/produto\\\/xiaomi-smartmi-pure-evaporative-air-humidifier\\\/#listItem\"},{\"@type\":\"ListItem\",\"@id\":\"https:\\\/\\\/www.rucashk.com\\\/pt\\\/produto\\\/xiaomi-smartmi-pure-evaporative-air-humidifier\\\/#listItem\",\"position\":2,\"name\":\"Xiaomi Smartmi Pure Evaporative Air Humidifier\",\"previousItem\":\"https:\\\/\\\/www.rucashk.com\\\/pt\\\/#listItem\"}]},{\"@type\":\"Organization\",\"@id\":\"https:\\\/\\\/www.rucashk.com\\\/pt\\\/#organization\",\"name\":\"Rucas\",\"url\":\"https:\\\/\\\/www.rucashk.com\\\/pt\\\/\",\"logo\":{\"@type\":\"ImageObject\",\"url\":\"https:\\\/\\\/www.rucashk.com\\\/wp-content\\\/uploads\\\/2023\\\/12\\\/Rucas_campany_logo.png\",\"@id\":\"https:\\\/\\\/www.rucashk.com\\\/pt\\\/produto\\\/xiaomi-smartmi-pure-evaporative-air-humidifier\\\/#organizationLogo\",\"width\":221,\"height\":65},\"image\":{\"@id\":\"https:\\\/\\\/www.rucashk.com\\\/pt\\\/#organizationLogo\"}},{\"@type\":\"Person\",\"@id\":\"https:\\\/\\\/www.rucashk.com\\\/pt\\\/author\\\/admin\\\/#author\",\"url\":\"https:\\\/\\\/www.rucashk.com\\\/pt\\\/author\\\/admin\\\/\",\"name\":\"admin\",\"image\":{\"@type\":\"ImageObject\",\"@id\":\"https:\\\/\\\/www.rucashk.com\\\/pt\\\/produto\\\/xiaomi-smartmi-pure-evaporative-air-humidifier\\\/#authorImage\",\"url\":\"https:\\\/\\\/secure.gravatar.com\\\/avatar\\\/b7c8925b09a27e72b30232f8ecaadbd5af0f70a38c78096863fe51b64f031c24?s=96&d=mm&r=g\",\"width\":96,\"height\":96,\"caption\":\"admin\"}},{\"@type\":\"WebPage\",\"@id\":\"https:\\\/\\\/www.rucashk.com\\\/pt\\\/produto\\\/xiaomi-smartmi-pure-evaporative-air-humidifier\\\/#webpage\",\"url\":\"https:\\\/\\\/www.rucashk.com\\\/pt\\\/produto\\\/xiaomi-smartmi-pure-evaporative-air-humidifier\\\/\",\"name\":\"Xiaomi Smartmi Pure Evaporative Air Humidifier - Rucas - Wholesale and Distribution\",\"description\":\"Description: This is a kind of smartmi pure air humidifier with the 4L large capacity tank. It applies the natural evaporation principle to humidify. Vaporized humid air does not carry impurities. It brings you a comfortable work and living environment. Main Features: \\u25cf 4L large capacity tank, moisturize all night even if top gear operation \\u25cf Quiet and low-power, 34.3dB mute sleep protection \\u25cf Convenient waterflooding \\u25cf Automatic water evaporation, avoid the smell \\u25cf Open water tank, easy to wash \\u25cf Operated by APP \\u25cf Voltage: 220V \\u25cf Material: plastic\",\"inLanguage\":\"pt-PT\",\"isPartOf\":{\"@id\":\"https:\\\/\\\/www.rucashk.com\\\/pt\\\/#website\"},\"breadcrumb\":{\"@id\":\"https:\\\/\\\/www.rucashk.com\\\/pt\\\/produto\\\/xiaomi-smartmi-pure-evaporative-air-humidifier\\\/#breadcrumblist\"},\"author\":{\"@id\":\"https:\\\/\\\/www.rucashk.com\\\/pt\\\/author\\\/admin\\\/#author\"},\"creator\":{\"@id\":\"https:\\\/\\\/www.rucashk.com\\\/pt\\\/author\\\/admin\\\/#author\"},\"image\":{\"@type\":\"ImageObject\",\"url\":\"https:\\\/\\\/www.rucashk.com\\\/wp-content\\\/uploads\\\/2024\\\/01\\\/Xiaomi-Smartmi-Pure-Evaporative-Air-Humidifier-4.jpg\",\"@id\":\"https:\\\/\\\/www.rucashk.com\\\/pt\\\/produto\\\/xiaomi-smartmi-pure-evaporative-air-humidifier\\\/#mainImage\",\"width\":800,\"height\":800},\"primaryImageOfPage\":{\"@id\":\"https:\\\/\\\/www.rucashk.com\\\/pt\\\/produto\\\/xiaomi-smartmi-pure-evaporative-air-humidifier\\\/#mainImage\"},\"datePublished\":\"2024-01-09T15:30:52+00:00\",\"dateModified\":\"2025-06-22T06:26:23+00:00\"},{\"@type\":\"WebSite\",\"@id\":\"https:\\\/\\\/www.rucashk.com\\\/pt\\\/#website\",\"url\":\"https:\\\/\\\/www.rucashk.com\\\/pt\\\/\",\"name\":\"Rucas - Wholesale and distribution worldwide\",\"alternateName\":\"Rucas - One-stop AIoT Distribution Worldwide\",\"description\":\"One-stop AIoT Distribution Worldwide\",\"inLanguage\":\"pt-PT\",\"publisher\":{\"@id\":\"https:\\\/\\\/www.rucashk.com\\\/pt\\\/#organization\"}}]}\n\t\t<\/script>\n\t\t<!-- All in One SEO Pro -->\r\n\t\t<title>Xiaomi Smartmi Pure Evaporative Air Humidifier - Rucas - Wholesale and Distribution<\/title>\n\n","aioseo_head_json":{"title":"Xiaomi Smartmi Pure Evaporative Air Humidifier - Rucas - Wholesale and Distribution","description":"Description: This is a kind of smartmi pure air humidifier with the 4L large capacity tank. It applies the natural evaporation principle to humidify. Vaporized humid air does not carry impurities. It brings you a comfortable work and living environment. Main Features: \u25cf 4L large capacity tank, moisturize all night even if top gear operation \u25cf Quiet and low-power, 34.3dB mute sleep protection \u25cf Convenient waterflooding \u25cf Automatic water evaporation, avoid the smell \u25cf Open water tank, easy to wash \u25cf Operated by APP \u25cf Voltage: 220V \u25cf Material: plastic","canonical_url":"https:\/\/www.rucashk.com\/pt\/produto\/xiaomi-smartmi-pure-evaporative-air-humidifier\/","robots":"max-image-preview:large","keywords":"","webmasterTools":{"miscellaneous":""},"og:locale":"pt_PT","og:site_name":"Rucas - One-stop AIoT Distribution Worldwide","og:type":"article","og:title":"Xiaomi Smartmi Pure Evaporative Air Humidifier - Rucas - Wholesale and Distribution","og:description":"Description: This is a kind of smartmi pure air humidifier with the 4L large capacity tank. It applies the natural evaporation principle to humidify. Vaporized humid air does not carry impurities. It brings you a comfortable work and living environment. Main Features: \u25cf 4L large capacity tank, moisturize all night even if top gear operation \u25cf Quiet and low-power, 34.3dB mute sleep protection \u25cf Convenient waterflooding \u25cf Automatic water evaporation, avoid the smell \u25cf Open water tank, easy to wash \u25cf Operated by APP \u25cf Voltage: 220V \u25cf Material: plastic","og:url":"https:\/\/www.rucashk.com\/pt\/produto\/xiaomi-smartmi-pure-evaporative-air-humidifier\/","og:image":"https:\/\/www.rucashk.com\/wp-content\/uploads\/replace\/503b8e645f128a97ccde2b6290747646.jpeg","og:image:secure_url":"https:\/\/www.rucashk.com\/wp-content\/uploads\/replace\/503b8e645f128a97ccde2b6290747646.jpeg","og:image:width":1456,"og:image:height":816,"article:published_time":"2024-01-09T15:30:52+00:00","article:modified_time":"2025-06-22T06:26:23+00:00","twitter:card":"summary_large_image","twitter:title":"Xiaomi Smartmi Pure Evaporative Air Humidifier - Rucas - Wholesale and Distribution","twitter:description":"Description: This is a kind of smartmi pure air humidifier with the 4L large capacity tank. It applies the natural evaporation principle to humidify. Vaporized humid air does not carry impurities. It brings you a comfortable work and living environment. Main Features: \u25cf 4L large capacity tank, moisturize all night even if top gear operation \u25cf Quiet and low-power, 34.3dB mute sleep protection \u25cf Convenient waterflooding \u25cf Automatic water evaporation, avoid the smell \u25cf Open water tank, easy to wash \u25cf Operated by APP \u25cf Voltage: 220V \u25cf Material: plastic","twitter:image":"https:\/\/www.rucashk.com\/wp-content\/uploads\/replace\/503b8e645f128a97ccde2b6290747646.jpeg","schema":{"@context":"https:\/\/schema.org","@graph":[{"@type":"BreadcrumbList","@id":"https:\/\/www.rucashk.com\/pt\/produto\/xiaomi-smartmi-pure-evaporative-air-humidifier\/#breadcrumblist","itemListElement":[{"@type":"ListItem","@id":"https:\/\/www.rucashk.com\/pt\/#listItem","position":1,"name":"Home","item":"https:\/\/www.rucashk.com\/pt\/","nextItem":"https:\/\/www.rucashk.com\/pt\/produto\/xiaomi-smartmi-pure-evaporative-air-humidifier\/#listItem"},{"@type":"ListItem","@id":"https:\/\/www.rucashk.com\/pt\/produto\/xiaomi-smartmi-pure-evaporative-air-humidifier\/#listItem","position":2,"name":"Xiaomi Smartmi Pure Evaporative Air Humidifier","previousItem":"https:\/\/www.rucashk.com\/pt\/#listItem"}]},{"@type":"Organization","@id":"https:\/\/www.rucashk.com\/pt\/#organization","name":"Rucas","url":"https:\/\/www.rucashk.com\/pt\/","logo":{"@type":"ImageObject","url":"https:\/\/www.rucashk.com\/wp-content\/uploads\/2023\/12\/Rucas_campany_logo.png","@id":"https:\/\/www.rucashk.com\/pt\/produto\/xiaomi-smartmi-pure-evaporative-air-humidifier\/#organizationLogo","width":221,"height":65},"image":{"@id":"https:\/\/www.rucashk.com\/pt\/#organizationLogo"}},{"@type":"Person","@id":"https:\/\/www.rucashk.com\/pt\/author\/admin\/#author","url":"https:\/\/www.rucashk.com\/pt\/author\/admin\/","name":"admin","image":{"@type":"ImageObject","@id":"https:\/\/www.rucashk.com\/pt\/produto\/xiaomi-smartmi-pure-evaporative-air-humidifier\/#authorImage","url":"https:\/\/secure.gravatar.com\/avatar\/b7c8925b09a27e72b30232f8ecaadbd5af0f70a38c78096863fe51b64f031c24?s=96&d=mm&r=g","width":96,"height":96,"caption":"admin"}},{"@type":"WebPage","@id":"https:\/\/www.rucashk.com\/pt\/produto\/xiaomi-smartmi-pure-evaporative-air-humidifier\/#webpage","url":"https:\/\/www.rucashk.com\/pt\/produto\/xiaomi-smartmi-pure-evaporative-air-humidifier\/","name":"Xiaomi Smartmi Pure Evaporative Air Humidifier - Rucas - Wholesale and Distribution","description":"Description: This is a kind of smartmi pure air humidifier with the 4L large capacity tank. It applies the natural evaporation principle to humidify. Vaporized humid air does not carry impurities. It brings you a comfortable work and living environment. Main Features: \u25cf 4L large capacity tank, moisturize all night even if top gear operation \u25cf Quiet and low-power, 34.3dB mute sleep protection \u25cf Convenient waterflooding \u25cf Automatic water evaporation, avoid the smell \u25cf Open water tank, easy to wash \u25cf Operated by APP \u25cf Voltage: 220V \u25cf Material: plastic","inLanguage":"pt-PT","isPartOf":{"@id":"https:\/\/www.rucashk.com\/pt\/#website"},"breadcrumb":{"@id":"https:\/\/www.rucashk.com\/pt\/produto\/xiaomi-smartmi-pure-evaporative-air-humidifier\/#breadcrumblist"},"author":{"@id":"https:\/\/www.rucashk.com\/pt\/author\/admin\/#author"},"creator":{"@id":"https:\/\/www.rucashk.com\/pt\/author\/admin\/#author"},"image":{"@type":"ImageObject","url":"https:\/\/www.rucashk.com\/wp-content\/uploads\/2024\/01\/Xiaomi-Smartmi-Pure-Evaporative-Air-Humidifier-4.jpg","@id":"https:\/\/www.rucashk.com\/pt\/produto\/xiaomi-smartmi-pure-evaporative-air-humidifier\/#mainImage","width":800,"height":800},"primaryImageOfPage":{"@id":"https:\/\/www.rucashk.com\/pt\/produto\/xiaomi-smartmi-pure-evaporative-air-humidifier\/#mainImage"},"datePublished":"2024-01-09T15:30:52+00:00","dateModified":"2025-06-22T06:26:23+00:00"},{"@type":"WebSite","@id":"https:\/\/www.rucashk.com\/pt\/#website","url":"https:\/\/www.rucashk.com\/pt\/","name":"Rucas - Wholesale and distribution worldwide","alternateName":"Rucas - One-stop AIoT Distribution Worldwide","description":"One-stop AIoT Distribution Worldwide","inLanguage":"pt-PT","publisher":{"@id":"https:\/\/www.rucashk.com\/pt\/#organization"}}]}},"aioseo_meta_data":{"post_id":"21266","title":null,"description":null,"keywords":null,"keyphrases":null,"primary_term":null,"canonical_url":null,"og_title":null,"og_description":null,"og_object_type":"default","og_image_type":"default","og_image_url":null,"og_image_width":null,"og_image_height":null,"og_image_custom_url":null,"og_image_custom_fields":null,"og_video":null,"og_custom_url":null,"og_article_section":null,"og_article_tags":null,"twitter_use_og":false,"twitter_card":"default","twitter_image_type":"default","twitter_image_url":null,"twitter_image_custom_url":null,"twitter_image_custom_fields":null,"twitter_title":null,"twitter_description":null,"schema":{"blockGraphs":[],"customGraphs":[],"default":{"data":{"Article":[],"Course":[],"Dataset":[],"FAQPage":[],"Movie":[],"Person":[],"Product":[],"Recipe":[],"Service":[],"SoftwareApplication":[],"WebPage":[]},"graphName":"","isEnabled":true},"graphs":[]},"schema_type":"default","schema_type_options":null,"pillar_content":false,"robots_default":true,"robots_noindex":false,"robots_noarchive":false,"robots_nosnippet":false,"robots_nofollow":false,"robots_noimageindex":false,"robots_noodp":false,"robots_notranslate":false,"robots_max_snippet":null,"robots_max_videopreview":null,"robots_max_imagepreview":"large","priority":null,"frequency":null,"local_seo":null,"breadcrumb_settings":null,"limit_modified_date":false,"created":"2024-04-11 01:55:16","updated":"2025-06-22 16:20:06"},"aioseo_breadcrumb":"<div class=\"aioseo-breadcrumbs\"><span class=\"aioseo-breadcrumb\">\n\t<a href=\"https:\/\/www.rucashk.com\/pt\" title=\"Home\">Home<\/a>\n<\/span><span class=\"aioseo-breadcrumb-separator\">&raquo;<\/span><span class=\"aioseo-breadcrumb\">\n\t<a href=\"https:\/\/www.rucashk.com\/pt\/products\/\" title=\"Produtos\">Produtos<\/a>\n<\/span><span class=\"aioseo-breadcrumb-separator\">&raquo;<\/span><span class=\"aioseo-breadcrumb\">\n\t<a href=\"https:\/\/www.rucashk.com\/pt\/marca\/xiaomi\/\" title=\"Xiaomi\">Xiaomi<\/a>\n<\/span><span class=\"aioseo-breadcrumb-separator\">&raquo;<\/span><span class=\"aioseo-breadcrumb\">\n\tXiaomi Smartmi Pure Evaporative Air Humidifier\n<\/span><\/div>","aioseo_breadcrumb_json":[{"label":"Home","link":"https:\/\/www.rucashk.com\/pt"},{"label":"Produtos","link":"https:\/\/www.rucashk.com\/pt\/products\/"},{"label":"Xiaomi","link":"https:\/\/www.rucashk.com\/pt\/marca\/xiaomi\/"},{"label":"Xiaomi Smartmi Pure Evaporative Air Humidifier","link":"https:\/\/www.rucashk.com\/pt\/produto\/xiaomi-smartmi-pure-evaporative-air-humidifier\/"}],"_links":{"self":[{"href":"https:\/\/www.rucashk.com\/pt\/wp-json\/wp\/v2\/product\/21266","targetHints":{"allow":["GET"]}}],"collection":[{"href":"https:\/\/www.rucashk.com\/pt\/wp-json\/wp\/v2\/product"}],"about":[{"href":"https:\/\/www.rucashk.com\/pt\/wp-json\/wp\/v2\/types\/product"}],"wp:featuredmedia":[{"embeddable":true,"href":"https:\/\/www.rucashk.com\/pt\/wp-json\/wp\/v2\/media\/21404"}],"wp:attachment":[{"href":"https:\/\/www.rucashk.com\/pt\/wp-json\/wp\/v2\/media?parent=21266"}],"wp:term":[{"taxonomy":"product_brand","embeddable":true,"href":"https:\/\/www.rucashk.com\/pt\/wp-json\/wp\/v2\/product_brand?post=21266"},{"taxonomy":"product_cat","embeddable":true,"href":"https:\/\/www.rucashk.com\/pt\/wp-json\/wp\/v2\/product_cat?post=21266"},{"taxonomy":"product_tag","embeddable":true,"href":"https:\/\/www.rucashk.com\/pt\/wp-json\/wp\/v2\/product_tag?post=21266"}],"curies":[{"name":"wp","href":"https:\/\/api.w.org\/{rel}","templated":true}]}}