{"id":21254,"date":"2024-01-09T15:30:51","date_gmt":"2024-01-09T15:30:51","guid":{"rendered":"http:\/\/rucashk.com\/?post_type=product&#038;p=21254"},"modified":"2025-06-22T06:26:24","modified_gmt":"2025-06-22T06:26:24","slug":"xiaomi-idol-smart-fordable-aicraft-rc-drone-wholesale","status":"publish","type":"product","link":"https:\/\/www.rucashk.com\/pt\/produto\/xiaomi-idol-smart-fordable-aicraft-rc-drone-wholesale\/","title":{"rendered":"Xiaomi IDol Smart Fordable Aicraft RC Drone atacado"},"content":{"rendered":"<h4><img fetchpriority=\"high\" decoding=\"async\" class=\"aligncenter\" src=\"\/wp-content\/uploads\/replace\/f95d19535b0703ffea128c39e7aae16a.jpeg\" alt=\"Xiaomi IDol Smart Fordable Aicraft RC Drone Wholesale\" width=\"1920\" height=\"1190\" \/><br \/>\n<img decoding=\"async\" class=\"aligncenter\" src=\"\/wp-content\/uploads\/replace\/2481e4015af01e347f6141a8cb8804c7.jpeg\" alt=\"Xiaomi IDol Smart Fordable Aicraft RC Drone Wholesale\" width=\"1920\" height=\"1285\" \/><br \/>\n<img decoding=\"async\" class=\"aligncenter\" src=\"\/wp-content\/uploads\/replace\/4c41c92d04f559a7ea2d3aa737228ee8.jpeg\" alt=\"Xiaomi IDol Smart Fordable Aicraft RC Drone Wholesale\" width=\"1920\" height=\"1096\" \/><br \/>\n<img loading=\"lazy\" decoding=\"async\" class=\"aligncenter\" src=\"\/wp-content\/uploads\/replace\/0add941e22d15e4b9d64a9340df3839c.jpeg\" alt=\"Xiaomi IDol Smart Fordable Aicraft RC Drone Wholesale\" width=\"1920\" height=\"1190\" \/><br \/>\n<img loading=\"lazy\" decoding=\"async\" class=\"aligncenter\" src=\"\/wp-content\/uploads\/replace\/3fd0e0a04cb3093c7c532ed9aeb7ca14.jpeg\" alt=\"Xiaomi IDol Smart Fordable Aicraft RC Drone Wholesale\" width=\"1920\" height=\"1247\" \/><br \/>\n<img loading=\"lazy\" decoding=\"async\" class=\"aligncenter\" src=\"\/wp-content\/uploads\/replace\/85102f594b9211c04d2bb94aa9d15d90.jpeg\" alt=\"Xiaomi IDol Smart Fordable Aicraft RC Drone Wholesale\" width=\"1920\" height=\"1064\" \/><\/h4>\n<h4 class=\"expand_en_name\">Especifica\u00e7\u00e3o<\/h4>\n<div class=\"product_pz_info product_pz_style2\">\n<table>\n<tbody>\n<tr>\n<th>Em geral<\/th>\n<td><strong><a class=\"\" style=\"width: auto !important\" href=\"https:\/\/www.rucashk.com\/pt\/produto\/xiaomi-mitu-mini-rc-drone-with-quadcopter-wifi-fpv-720p-hd-camera\/\" data-wpil-post-to-id=\"2768\">Xiaomi youpin IDol Smart Fordable Aicraft RC Drone HD 1080P FPV<\/a><\/strong><\/p>\n<p>Tipo: Quadric\u00f3ptero<br \/>\nCaracter\u00edsticas: c\u00e2mera, controle de aplicativo WiFi, WiFi FPV<br \/>\nFun\u00e7\u00f5es: Retorno Autom\u00e1tico,Seguimento Autom\u00e1tico,C\u00e2mera,Avan\u00e7ar\/tr\u00e1s,FPV,Modo Gesto,Rastreamento de localiza\u00e7\u00e3o GPS,Modo sem cabe\u00e7a,Sustenta\u00e7\u00e3o de altura,Hover,Prote\u00e7\u00e3o de baixa tens\u00e3o,Uma tecla seguida,Uma chave de pouso,Uma chave decolando,Vire esquerda\/direita, conex\u00e3o WiFi<br \/>\nGirosc\u00f3pio embutido: Sim<br \/>\nN\u00edvel: N\u00edvel Iniciante<\/td>\n<\/tr>\n<tr>\n<th>Conectividade<\/th>\n<td><a class=\"\" style=\"width: auto !important\" href=\"https:\/\/www.rucashk.com\/pt\/update-your-air-conditioning-xiaomi-releases-a-smart-ai-universal-remote-control\/\" data-wpil-post-to-id=\"9669\">Controle remoto: controle remoto wi-fi<\/a><br \/>\nCanal: Sem Transmissor<br \/>\nModo de r\u00e1dio: APP WiFi<br \/>\nCompat\u00edvel com Gimbal Adicional: N\u00e3o<br \/>\nDist\u00e2ncia FPV: cerca de 50m<\/td>\n<\/tr>\n<tr>\n<th>Bateria<\/th>\n<td>Bateria: 2S 1800mAh 13,68Wh<br \/>\nTempo de v\u00f4o: cerca de 10 minutos<\/td>\n<\/tr>\n<tr>\n<th>C\u00e2mera<\/th>\n<td><a class=\"\" style=\"width: auto !important\" href=\"https:\/\/www.rucashk.com\/pt\/produto\/fimi-a3-drone-with-5-8g-gps-2axis-gimbal-1080p-camera-rc\/\" data-wpil-post-to-id=\"2741\">Pixels da c\u00e2mera: 1920 x 1080P<\/a><br \/>\n<a class=\"\" style=\"width: auto !important\" href=\"https:\/\/www.rucashk.com\/pt\/produto\/xiaomi-mijia-1080p-hd-smart-video-doorbell-2\/\" data-wpil-post-to-id=\"14125\">Resolu\u00e7\u00e3o de v\u00eddeo: 1080P 30fps<\/a><\/td>\n<\/tr>\n<tr>\n<th>Dimens\u00f5es e peso<\/th>\n<td>Peso do produto: 0,3600 kg<br \/>\nPeso da embalagem: 2,1250 kg<br \/>\nTamanho do pacote (C x L x A): 23,00 x 27,00 x 5,00 cm \/ 9,06 x 10,63 x 1,97 polegadas<\/td>\n<\/tr>\n<tr>\n<th>conte\u00fado do pacote<\/th>\n<td>Conte\u00fado do pacote: 1 x drone RC, 4 x h\u00e9lice, 1 x bateria, 1 x adaptador, 1 x base de carga, 1 x manual chin\u00eas-ingl\u00eas<\/td>\n<\/tr>\n<\/tbody>\n<\/table>\n<\/div>","protected":false},"excerpt":{"rendered":"<p><strong>Principais caracter\u00edsticas<\/strong>:<br \/>\n1. Give a new shoot experience than a mobile phone or a camera<br \/>\n2. HD real-time transmission and share thanks to the 1920 x 1080P camera<br \/>\n3. Very friendly for a new player thanks to many smart fly modes: AI Gesture Control, One Key Follow Mode, Headless Mode, One Key Takeoff \/ Landing, Auto Return when out of control, and Low Voltage Protection<br \/>\n4. Very stable flight thanks to a great positioning system: GPS + Optical Flow + Barometric Altitude Hold + Ultrasound Altitude Hold<\/p>","protected":false},"featured_media":21329,"template":"","meta":[],"product_brand":[1363],"product_cat":[1341,1305],"product_tag":[439],"class_list":{"0":"post-21254","1":"product","2":"type-product","3":"status-publish","4":"has-post-thumbnail","6":"product_brand-xiaomi","7":"product_cat-others","8":"product_cat-xiaomi-eco","9":"product_tag-xiaomi-idol-drone","11":"first","12":"instock","13":"shipping-taxable","14":"product-type-external"},"aioseo_notices":[],"aioseo_head":"\n\t\t<!-- All in One SEO Pro 4.5.9.2 - aioseo.com -->\n\t\t<meta name=\"description\" content=\"Main Features: 1. Give a new shoot experience than a mobile phone or a camera 2. HD real-time transmission and share thanks to the 1920 x 1080P camera 3. Very friendly for a new player thanks to many smart fly modes: AI Gesture Control, One Key Follow Mode, Headless Mode, One Key Takeoff \/ Landing, Auto Return when out of control, and Low Voltage Protection 4. Very stable flight thanks to a great positioning system: GPS + Optical Flow + Barometric Altitude Hold + Ultrasound Altitude Hold\" \/>\n\t\t<meta name=\"robots\" content=\"max-image-preview:large\" \/>\n\t\t<link rel=\"canonical\" href=\"https:\/\/www.rucashk.com\/pt\/produto\/xiaomi-idol-smart-fordable-aicraft-rc-drone-wholesale\/\" \/>\n\t\t<meta name=\"generator\" content=\"All in One SEO Pro (AIOSEO) 4.5.9.2\" \/>\n\t\t<meta property=\"og:locale\" content=\"pt_PT\" \/>\n\t\t<meta property=\"og:site_name\" content=\"Rucas - One-stop AIoT Distribution Worldwide\" \/>\n\t\t<meta property=\"og:type\" content=\"article\" \/>\n\t\t<meta property=\"og:title\" content=\"Xiaomi IDol Smart Fordable Aicraft RC Drone Wholesale - Rucas - Wholesale and Distribution\" \/>\n\t\t<meta property=\"og:description\" content=\"Main Features: 1. Give a new shoot experience than a mobile phone or a camera 2. HD real-time transmission and share thanks to the 1920 x 1080P camera 3. Very friendly for a new player thanks to many smart fly modes: AI Gesture Control, One Key Follow Mode, Headless Mode, One Key Takeoff \/ Landing, Auto Return when out of control, and Low Voltage Protection 4. Very stable flight thanks to a great positioning system: GPS + Optical Flow + Barometric Altitude Hold + Ultrasound Altitude Hold\" \/>\n\t\t<meta property=\"og:url\" content=\"https:\/\/www.rucashk.com\/pt\/produto\/xiaomi-idol-smart-fordable-aicraft-rc-drone-wholesale\/\" \/>\n\t\t<meta property=\"og:image\" content=\"https:\/\/www.rucashk.com\/wp-content\/uploads\/replace\/503b8e645f128a97ccde2b6290747646.jpeg\" \/>\n\t\t<meta property=\"og:image:secure_url\" content=\"https:\/\/www.rucashk.com\/wp-content\/uploads\/replace\/503b8e645f128a97ccde2b6290747646.jpeg\" \/>\n\t\t<meta property=\"og:image:width\" content=\"1456\" \/>\n\t\t<meta property=\"og:image:height\" content=\"816\" \/>\n\t\t<meta property=\"article:published_time\" content=\"2024-01-09T15:30:51+00:00\" \/>\n\t\t<meta property=\"article:modified_time\" content=\"2025-06-22T06:26:24+00:00\" \/>\n\t\t<meta name=\"twitter:card\" content=\"summary_large_image\" \/>\n\t\t<meta name=\"twitter:title\" content=\"Xiaomi IDol Smart Fordable Aicraft RC Drone Wholesale - Rucas - Wholesale and Distribution\" \/>\n\t\t<meta name=\"twitter:description\" content=\"Main Features: 1. Give a new shoot experience than a mobile phone or a camera 2. HD real-time transmission and share thanks to the 1920 x 1080P camera 3. Very friendly for a new player thanks to many smart fly modes: AI Gesture Control, One Key Follow Mode, Headless Mode, One Key Takeoff \/ Landing, Auto Return when out of control, and Low Voltage Protection 4. Very stable flight thanks to a great positioning system: GPS + Optical Flow + Barometric Altitude Hold + Ultrasound Altitude Hold\" \/>\n\t\t<meta name=\"twitter:image\" content=\"https:\/\/www.rucashk.com\/wp-content\/uploads\/replace\/503b8e645f128a97ccde2b6290747646.jpeg\" \/>\n\t\t<script type=\"application\/ld+json\" class=\"aioseo-schema\">\n\t\t\t{\"@context\":\"https:\\\/\\\/schema.org\",\"@graph\":[{\"@type\":\"BreadcrumbList\",\"@id\":\"https:\\\/\\\/www.rucashk.com\\\/pt\\\/produto\\\/xiaomi-idol-smart-fordable-aicraft-rc-drone-wholesale\\\/#breadcrumblist\",\"itemListElement\":[{\"@type\":\"ListItem\",\"@id\":\"https:\\\/\\\/www.rucashk.com\\\/pt\\\/#listItem\",\"position\":1,\"name\":\"Home\",\"item\":\"https:\\\/\\\/www.rucashk.com\\\/pt\\\/\",\"nextItem\":\"https:\\\/\\\/www.rucashk.com\\\/pt\\\/produto\\\/xiaomi-idol-smart-fordable-aicraft-rc-drone-wholesale\\\/#listItem\"},{\"@type\":\"ListItem\",\"@id\":\"https:\\\/\\\/www.rucashk.com\\\/pt\\\/produto\\\/xiaomi-idol-smart-fordable-aicraft-rc-drone-wholesale\\\/#listItem\",\"position\":2,\"name\":\"Xiaomi IDol Smart Fordable Aicraft RC Drone Wholesale\",\"previousItem\":\"https:\\\/\\\/www.rucashk.com\\\/pt\\\/#listItem\"}]},{\"@type\":\"Organization\",\"@id\":\"https:\\\/\\\/www.rucashk.com\\\/pt\\\/#organization\",\"name\":\"Rucas\",\"url\":\"https:\\\/\\\/www.rucashk.com\\\/pt\\\/\",\"logo\":{\"@type\":\"ImageObject\",\"url\":\"https:\\\/\\\/www.rucashk.com\\\/wp-content\\\/uploads\\\/2023\\\/12\\\/Rucas_campany_logo.png\",\"@id\":\"https:\\\/\\\/www.rucashk.com\\\/pt\\\/produto\\\/xiaomi-idol-smart-fordable-aicraft-rc-drone-wholesale\\\/#organizationLogo\",\"width\":221,\"height\":65},\"image\":{\"@id\":\"https:\\\/\\\/www.rucashk.com\\\/pt\\\/#organizationLogo\"}},{\"@type\":\"Person\",\"@id\":\"https:\\\/\\\/www.rucashk.com\\\/pt\\\/author\\\/admin\\\/#author\",\"url\":\"https:\\\/\\\/www.rucashk.com\\\/pt\\\/author\\\/admin\\\/\",\"name\":\"admin\",\"image\":{\"@type\":\"ImageObject\",\"@id\":\"https:\\\/\\\/www.rucashk.com\\\/pt\\\/produto\\\/xiaomi-idol-smart-fordable-aicraft-rc-drone-wholesale\\\/#authorImage\",\"url\":\"https:\\\/\\\/secure.gravatar.com\\\/avatar\\\/b7c8925b09a27e72b30232f8ecaadbd5af0f70a38c78096863fe51b64f031c24?s=96&d=mm&r=g\",\"width\":96,\"height\":96,\"caption\":\"admin\"}},{\"@type\":\"WebPage\",\"@id\":\"https:\\\/\\\/www.rucashk.com\\\/pt\\\/produto\\\/xiaomi-idol-smart-fordable-aicraft-rc-drone-wholesale\\\/#webpage\",\"url\":\"https:\\\/\\\/www.rucashk.com\\\/pt\\\/produto\\\/xiaomi-idol-smart-fordable-aicraft-rc-drone-wholesale\\\/\",\"name\":\"Xiaomi IDol Smart Fordable Aicraft RC Drone Wholesale - Rucas - Wholesale and Distribution\",\"description\":\"Main Features: 1. Give a new shoot experience than a mobile phone or a camera 2. HD real-time transmission and share thanks to the 1920 x 1080P camera 3. Very friendly for a new player thanks to many smart fly modes: AI Gesture Control, One Key Follow Mode, Headless Mode, One Key Takeoff \\\/ Landing, Auto Return when out of control, and Low Voltage Protection 4. Very stable flight thanks to a great positioning system: GPS + Optical Flow + Barometric Altitude Hold + Ultrasound Altitude Hold\",\"inLanguage\":\"pt-PT\",\"isPartOf\":{\"@id\":\"https:\\\/\\\/www.rucashk.com\\\/pt\\\/#website\"},\"breadcrumb\":{\"@id\":\"https:\\\/\\\/www.rucashk.com\\\/pt\\\/produto\\\/xiaomi-idol-smart-fordable-aicraft-rc-drone-wholesale\\\/#breadcrumblist\"},\"author\":{\"@id\":\"https:\\\/\\\/www.rucashk.com\\\/pt\\\/author\\\/admin\\\/#author\"},\"creator\":{\"@id\":\"https:\\\/\\\/www.rucashk.com\\\/pt\\\/author\\\/admin\\\/#author\"},\"image\":{\"@type\":\"ImageObject\",\"url\":\"https:\\\/\\\/www.rucashk.com\\\/wp-content\\\/uploads\\\/2024\\\/01\\\/683d81c5-dee6-4d45-a973-2bad2ba3dc3e-3.jpg\",\"@id\":\"https:\\\/\\\/www.rucashk.com\\\/pt\\\/produto\\\/xiaomi-idol-smart-fordable-aicraft-rc-drone-wholesale\\\/#mainImage\",\"width\":800,\"height\":800},\"primaryImageOfPage\":{\"@id\":\"https:\\\/\\\/www.rucashk.com\\\/pt\\\/produto\\\/xiaomi-idol-smart-fordable-aicraft-rc-drone-wholesale\\\/#mainImage\"},\"datePublished\":\"2024-01-09T15:30:51+00:00\",\"dateModified\":\"2025-06-22T06:26:24+00:00\"},{\"@type\":\"WebSite\",\"@id\":\"https:\\\/\\\/www.rucashk.com\\\/pt\\\/#website\",\"url\":\"https:\\\/\\\/www.rucashk.com\\\/pt\\\/\",\"name\":\"Rucas - Wholesale and distribution worldwide\",\"alternateName\":\"Rucas - One-stop AIoT Distribution Worldwide\",\"description\":\"One-stop AIoT Distribution Worldwide\",\"inLanguage\":\"pt-PT\",\"publisher\":{\"@id\":\"https:\\\/\\\/www.rucashk.com\\\/pt\\\/#organization\"}}]}\n\t\t<\/script>\n\t\t<!-- All in One SEO Pro -->\r\n\t\t<title>Xiaomi IDol Smart Fordable Aicraft RC Drone Wholesale - Rucas - Wholesale and Distribution<\/title>\n\n","aioseo_head_json":{"title":"Xiaomi IDol Smart Fordable Aicraft RC Drone Wholesale - Rucas - Wholesale and Distribution","description":"Main Features: 1. Give a new shoot experience than a mobile phone or a camera 2. HD real-time transmission and share thanks to the 1920 x 1080P camera 3. Very friendly for a new player thanks to many smart fly modes: AI Gesture Control, One Key Follow Mode, Headless Mode, One Key Takeoff \/ Landing, Auto Return when out of control, and Low Voltage Protection 4. Very stable flight thanks to a great positioning system: GPS + Optical Flow + Barometric Altitude Hold + Ultrasound Altitude Hold","canonical_url":"https:\/\/www.rucashk.com\/pt\/produto\/xiaomi-idol-smart-fordable-aicraft-rc-drone-wholesale\/","robots":"max-image-preview:large","keywords":"","webmasterTools":{"miscellaneous":""},"og:locale":"pt_PT","og:site_name":"Rucas - One-stop AIoT Distribution Worldwide","og:type":"article","og:title":"Xiaomi IDol Smart Fordable Aicraft RC Drone Wholesale - Rucas - Wholesale and Distribution","og:description":"Main Features: 1. Give a new shoot experience than a mobile phone or a camera 2. HD real-time transmission and share thanks to the 1920 x 1080P camera 3. Very friendly for a new player thanks to many smart fly modes: AI Gesture Control, One Key Follow Mode, Headless Mode, One Key Takeoff \/ Landing, Auto Return when out of control, and Low Voltage Protection 4. Very stable flight thanks to a great positioning system: GPS + Optical Flow + Barometric Altitude Hold + Ultrasound Altitude Hold","og:url":"https:\/\/www.rucashk.com\/pt\/produto\/xiaomi-idol-smart-fordable-aicraft-rc-drone-wholesale\/","og:image":"https:\/\/www.rucashk.com\/wp-content\/uploads\/replace\/503b8e645f128a97ccde2b6290747646.jpeg","og:image:secure_url":"https:\/\/www.rucashk.com\/wp-content\/uploads\/replace\/503b8e645f128a97ccde2b6290747646.jpeg","og:image:width":1456,"og:image:height":816,"article:published_time":"2024-01-09T15:30:51+00:00","article:modified_time":"2025-06-22T06:26:24+00:00","twitter:card":"summary_large_image","twitter:title":"Xiaomi IDol Smart Fordable Aicraft RC Drone Wholesale - Rucas - Wholesale and Distribution","twitter:description":"Main Features: 1. Give a new shoot experience than a mobile phone or a camera 2. HD real-time transmission and share thanks to the 1920 x 1080P camera 3. Very friendly for a new player thanks to many smart fly modes: AI Gesture Control, One Key Follow Mode, Headless Mode, One Key Takeoff \/ Landing, Auto Return when out of control, and Low Voltage Protection 4. Very stable flight thanks to a great positioning system: GPS + Optical Flow + Barometric Altitude Hold + Ultrasound Altitude Hold","twitter:image":"https:\/\/www.rucashk.com\/wp-content\/uploads\/replace\/503b8e645f128a97ccde2b6290747646.jpeg","schema":{"@context":"https:\/\/schema.org","@graph":[{"@type":"BreadcrumbList","@id":"https:\/\/www.rucashk.com\/pt\/produto\/xiaomi-idol-smart-fordable-aicraft-rc-drone-wholesale\/#breadcrumblist","itemListElement":[{"@type":"ListItem","@id":"https:\/\/www.rucashk.com\/pt\/#listItem","position":1,"name":"Home","item":"https:\/\/www.rucashk.com\/pt\/","nextItem":"https:\/\/www.rucashk.com\/pt\/produto\/xiaomi-idol-smart-fordable-aicraft-rc-drone-wholesale\/#listItem"},{"@type":"ListItem","@id":"https:\/\/www.rucashk.com\/pt\/produto\/xiaomi-idol-smart-fordable-aicraft-rc-drone-wholesale\/#listItem","position":2,"name":"Xiaomi IDol Smart Fordable Aicraft RC Drone Wholesale","previousItem":"https:\/\/www.rucashk.com\/pt\/#listItem"}]},{"@type":"Organization","@id":"https:\/\/www.rucashk.com\/pt\/#organization","name":"Rucas","url":"https:\/\/www.rucashk.com\/pt\/","logo":{"@type":"ImageObject","url":"https:\/\/www.rucashk.com\/wp-content\/uploads\/2023\/12\/Rucas_campany_logo.png","@id":"https:\/\/www.rucashk.com\/pt\/produto\/xiaomi-idol-smart-fordable-aicraft-rc-drone-wholesale\/#organizationLogo","width":221,"height":65},"image":{"@id":"https:\/\/www.rucashk.com\/pt\/#organizationLogo"}},{"@type":"Person","@id":"https:\/\/www.rucashk.com\/pt\/author\/admin\/#author","url":"https:\/\/www.rucashk.com\/pt\/author\/admin\/","name":"admin","image":{"@type":"ImageObject","@id":"https:\/\/www.rucashk.com\/pt\/produto\/xiaomi-idol-smart-fordable-aicraft-rc-drone-wholesale\/#authorImage","url":"https:\/\/secure.gravatar.com\/avatar\/b7c8925b09a27e72b30232f8ecaadbd5af0f70a38c78096863fe51b64f031c24?s=96&d=mm&r=g","width":96,"height":96,"caption":"admin"}},{"@type":"WebPage","@id":"https:\/\/www.rucashk.com\/pt\/produto\/xiaomi-idol-smart-fordable-aicraft-rc-drone-wholesale\/#webpage","url":"https:\/\/www.rucashk.com\/pt\/produto\/xiaomi-idol-smart-fordable-aicraft-rc-drone-wholesale\/","name":"Xiaomi IDol Smart Fordable Aicraft RC Drone Wholesale - Rucas - Wholesale and Distribution","description":"Main Features: 1. Give a new shoot experience than a mobile phone or a camera 2. HD real-time transmission and share thanks to the 1920 x 1080P camera 3. Very friendly for a new player thanks to many smart fly modes: AI Gesture Control, One Key Follow Mode, Headless Mode, One Key Takeoff \/ Landing, Auto Return when out of control, and Low Voltage Protection 4. Very stable flight thanks to a great positioning system: GPS + Optical Flow + Barometric Altitude Hold + Ultrasound Altitude Hold","inLanguage":"pt-PT","isPartOf":{"@id":"https:\/\/www.rucashk.com\/pt\/#website"},"breadcrumb":{"@id":"https:\/\/www.rucashk.com\/pt\/produto\/xiaomi-idol-smart-fordable-aicraft-rc-drone-wholesale\/#breadcrumblist"},"author":{"@id":"https:\/\/www.rucashk.com\/pt\/author\/admin\/#author"},"creator":{"@id":"https:\/\/www.rucashk.com\/pt\/author\/admin\/#author"},"image":{"@type":"ImageObject","url":"https:\/\/www.rucashk.com\/wp-content\/uploads\/2024\/01\/683d81c5-dee6-4d45-a973-2bad2ba3dc3e-3.jpg","@id":"https:\/\/www.rucashk.com\/pt\/produto\/xiaomi-idol-smart-fordable-aicraft-rc-drone-wholesale\/#mainImage","width":800,"height":800},"primaryImageOfPage":{"@id":"https:\/\/www.rucashk.com\/pt\/produto\/xiaomi-idol-smart-fordable-aicraft-rc-drone-wholesale\/#mainImage"},"datePublished":"2024-01-09T15:30:51+00:00","dateModified":"2025-06-22T06:26:24+00:00"},{"@type":"WebSite","@id":"https:\/\/www.rucashk.com\/pt\/#website","url":"https:\/\/www.rucashk.com\/pt\/","name":"Rucas - Wholesale and distribution worldwide","alternateName":"Rucas - One-stop AIoT Distribution Worldwide","description":"One-stop AIoT Distribution Worldwide","inLanguage":"pt-PT","publisher":{"@id":"https:\/\/www.rucashk.com\/pt\/#organization"}}]}},"aioseo_meta_data":{"post_id":"21254","title":null,"description":null,"keywords":null,"keyphrases":null,"primary_term":null,"canonical_url":null,"og_title":null,"og_description":null,"og_object_type":"default","og_image_type":"default","og_image_url":null,"og_image_width":null,"og_image_height":null,"og_image_custom_url":null,"og_image_custom_fields":null,"og_video":null,"og_custom_url":null,"og_article_section":null,"og_article_tags":null,"twitter_use_og":false,"twitter_card":"default","twitter_image_type":"default","twitter_image_url":null,"twitter_image_custom_url":null,"twitter_image_custom_fields":null,"twitter_title":null,"twitter_description":null,"schema":{"blockGraphs":[],"customGraphs":[],"default":{"data":{"Article":[],"Course":[],"Dataset":[],"FAQPage":[],"Movie":[],"Person":[],"Product":[],"Recipe":[],"Service":[],"SoftwareApplication":[],"WebPage":[]},"graphName":"","isEnabled":true},"graphs":[]},"schema_type":"default","schema_type_options":null,"pillar_content":false,"robots_default":true,"robots_noindex":false,"robots_noarchive":false,"robots_nosnippet":false,"robots_nofollow":false,"robots_noimageindex":false,"robots_noodp":false,"robots_notranslate":false,"robots_max_snippet":null,"robots_max_videopreview":null,"robots_max_imagepreview":"large","priority":null,"frequency":null,"local_seo":null,"breadcrumb_settings":null,"limit_modified_date":false,"created":"2024-04-11 01:55:14","updated":"2025-06-22 16:18:57"},"aioseo_breadcrumb":"<div class=\"aioseo-breadcrumbs\"><span class=\"aioseo-breadcrumb\">\n\t<a href=\"https:\/\/www.rucashk.com\/pt\" title=\"Home\">Home<\/a>\n<\/span><span class=\"aioseo-breadcrumb-separator\">&raquo;<\/span><span class=\"aioseo-breadcrumb\">\n\t<a href=\"https:\/\/www.rucashk.com\/pt\/products\/\" title=\"Produtos\">Produtos<\/a>\n<\/span><span class=\"aioseo-breadcrumb-separator\">&raquo;<\/span><span class=\"aioseo-breadcrumb\">\n\t<a href=\"https:\/\/www.rucashk.com\/pt\/marca\/xiaomi\/\" title=\"Xiaomi\">Xiaomi<\/a>\n<\/span><span class=\"aioseo-breadcrumb-separator\">&raquo;<\/span><span class=\"aioseo-breadcrumb\">\n\tXiaomi IDol Smart Fordable Aicraft RC Drone Wholesale\n<\/span><\/div>","aioseo_breadcrumb_json":[{"label":"Home","link":"https:\/\/www.rucashk.com\/pt"},{"label":"Produtos","link":"https:\/\/www.rucashk.com\/pt\/products\/"},{"label":"Xiaomi","link":"https:\/\/www.rucashk.com\/pt\/marca\/xiaomi\/"},{"label":"Xiaomi IDol Smart Fordable Aicraft RC Drone Wholesale","link":"https:\/\/www.rucashk.com\/pt\/produto\/xiaomi-idol-smart-fordable-aicraft-rc-drone-wholesale\/"}],"_links":{"self":[{"href":"https:\/\/www.rucashk.com\/pt\/wp-json\/wp\/v2\/product\/21254","targetHints":{"allow":["GET"]}}],"collection":[{"href":"https:\/\/www.rucashk.com\/pt\/wp-json\/wp\/v2\/product"}],"about":[{"href":"https:\/\/www.rucashk.com\/pt\/wp-json\/wp\/v2\/types\/product"}],"wp:featuredmedia":[{"embeddable":true,"href":"https:\/\/www.rucashk.com\/pt\/wp-json\/wp\/v2\/media\/21329"}],"wp:attachment":[{"href":"https:\/\/www.rucashk.com\/pt\/wp-json\/wp\/v2\/media?parent=21254"}],"wp:term":[{"taxonomy":"product_brand","embeddable":true,"href":"https:\/\/www.rucashk.com\/pt\/wp-json\/wp\/v2\/product_brand?post=21254"},{"taxonomy":"product_cat","embeddable":true,"href":"https:\/\/www.rucashk.com\/pt\/wp-json\/wp\/v2\/product_cat?post=21254"},{"taxonomy":"product_tag","embeddable":true,"href":"https:\/\/www.rucashk.com\/pt\/wp-json\/wp\/v2\/product_tag?post=21254"}],"curies":[{"name":"wp","href":"https:\/\/api.w.org\/{rel}","templated":true}]}}