{"id":21253,"date":"2024-01-09T15:30:51","date_gmt":"2024-01-09T15:30:51","guid":{"rendered":"http:\/\/rucashk.com\/?post_type=product&#038;p=21253"},"modified":"2025-06-22T06:26:24","modified_gmt":"2025-06-22T06:26:24","slug":"xiaomi-70mai-1s-dash-camera-wholesale","status":"publish","type":"product","link":"https:\/\/www.rucashk.com\/pt\/produto\/xiaomi-70mai-1s-dash-camera-wholesale\/","title":{"rendered":"C\u00e2mera Xiaomi 70Mai 1S Dash no atacado"},"content":{"rendered":"<h2 style=\"text-align: center\"><strong>C\u00e2mera Xiaomi 70Mai 1S Dash\u00a0\u00a0<\/strong><\/h2>\n<p style=\"text-align: center\"><img fetchpriority=\"high\" decoding=\"async\" class=\"alignnone\" src=\"\/wp-content\/uploads\/replace\/75028ad29351933d7e10f3d3683b8133.jpeg\" alt=\"Xiaomi 70Mai 1S Dash Camera Wholesale\" width=\"950\" height=\"1338\" \/><\/p>\n<p style=\"text-align: center\"><a class=\"\" style=\"width: auto !important\" href=\"https:\/\/www.rucashk.com\/pt\/sony-and-microsoft-will-introduce-new-sensors-into-artificial-intelligence-technology\/\" data-wpil-post-to-id=\"8401\">Sensor de imagem de alta sensibilidade Sony IMX307<\/a><\/p>\n<p style=\"text-align: center\">Equipado com sensor Sony IMX307 de alta sensibilidade, melhora a qualidade da imagem em ambientes com luz escura<\/p>\n<p style=\"text-align: center\"><img decoding=\"async\" class=\"alignnone\" src=\"\/wp-content\/uploads\/replace\/eed69fb4a87df26bcbbdb1e93e46b465.jpeg\" alt=\"Xiaomi 70Mai 1S Dash Camera Wholesale\" width=\"960\" height=\"981\" \/><\/p>\n<p style=\"text-align: center\"><a class=\"\" style=\"width: auto !important\" href=\"https:\/\/www.rucashk.com\/pt\/produto\/funsnap-idol-fpv-rc-drone-4k-gps-quadrupter-professional-camera-hd-1080p\/\" data-wpil-post-to-id=\"2802\">1080p HD<\/a> Vis\u00e3o noturna<\/p>\n<p style=\"text-align: center\">Sensor de imagem de alta sensibilidade Sony STARVIS integrado, melhorado o efeito de foto noturna da c\u00e2mera do painel, oferece qualidade de imagem mais n\u00edtida.<\/p>\n<p style=\"text-align: center\"><img decoding=\"async\" class=\"alignnone\" src=\"\/wp-content\/uploads\/replace\/444b58504e1940cb69088b1be31daab9.jpeg\" alt=\"Xiaomi 70Mai 1S Dash Camera Wholesale\" width=\"950\" height=\"753\" \/><\/p>\n<p style=\"text-align: center\">Controle de voz inteligente (somente ingl\u00eas)<\/p>\n<div style=\"text-align: center\"><a class=\"\" style=\"width: auto !important\" href=\"https:\/\/www.rucashk.com\/pt\/produto\/70mai-d02-smart-dash-cam-pro-wholesale\/\" data-wpil-post-to-id=\"3040\">c\u00e2mera do painel 70mai<\/a> suporta os seguintes comandos de voz:<\/div>\n<div style=\"text-align: center\">-Tirar foto: tire uma foto rapidamente.<\/div>\n<div style=\"text-align: center\">\u2013 Gravar v\u00eddeo: comece a gravar um v\u00eddeo de emerg\u00eancia de 30 segundos.<\/div>\n<p style=\"text-align: center\"><img loading=\"lazy\" decoding=\"async\" class=\"alignnone\" src=\"\/wp-content\/uploads\/replace\/7ab2e100acdb983c2203c8b02936fd78.jpeg\" alt=\"Xiaomi 70Mai 1S Dash Camera Wholesale\" width=\"950\" height=\"822\" \/><\/p>\n<p style=\"text-align: center\">Wi-Fi integrado, conex\u00e3o APP 70mai<\/p>\n<p style=\"text-align: center\">Voc\u00ea pode visualizar suas filmagens hist\u00f3ricas em tempo real e at\u00e9 mesmo baixar as fotos ou v\u00eddeos para o seu celular.<\/p>\n<p style=\"text-align: center\"><img loading=\"lazy\" decoding=\"async\" class=\"alignnone\" src=\"\/wp-content\/uploads\/replace\/3b186b4f6a9773165dd26ab29b46a43d.jpeg\" alt=\"Xiaomi 70Mai 1S Dash Camera Wholesale\" width=\"960\" height=\"938\" \/><\/p>\n<p style=\"text-align: center\">130\u00b0 grande Vis\u00e3o ampla<\/p>\n<p style=\"text-align: center\">Cobertura ampla e ampla de 130 \u2033 com m\u00faltiplas faixas, pode cobrir toda a frente do seu carro e tr\u00eas faixas (a faixa de dire\u00e7\u00e3o e a faixa de cada lado). Se ocorrer um acidente, o <a class=\"\" style=\"width: auto !important\" href=\"https:\/\/www.rucashk.com\/pt\/produto\/xiaomi-70mai-1s-car-dvr-dash-cam-1080p-hd-wholesale\/\" data-wpil-post-to-id=\"3089\">C\u00e2mera de tra\u00e7o<\/a> registrar\u00e1 automaticamente as condi\u00e7\u00f5es da pista adjacente.<\/p>\n<p style=\"text-align: center\"><img loading=\"lazy\" decoding=\"async\" class=\"alignnone\" src=\"\/wp-content\/uploads\/replace\/12ab8bb6b0f947f55fb89bab031db2fa.jpeg\" alt=\"Xiaomi 70Mai 1S Dash Camera Wholesale\" width=\"950\" height=\"748\" \/><\/p>\n<p style=\"text-align: center\"><img loading=\"lazy\" decoding=\"async\" class=\"alignnone\" src=\"\/wp-content\/uploads\/replace\/57015ebd3e220acbea70764a93037d70.jpeg\" alt=\"Xiaomi 70Mai 1S Dash Camera Wholesale\" width=\"960\" height=\"1050\" \/><\/p>\n<p style=\"text-align: center\"><img loading=\"lazy\" decoding=\"async\" class=\"alignnone\" src=\"\/wp-content\/uploads\/replace\/f9dceae2ec780f9dc870287c111e0b84.jpeg\" alt=\"Xiaomi 70Mai 1S Dash Camera Wholesale\" width=\"960\" height=\"532\" \/><\/p>\n<p style=\"text-align: center\"><img loading=\"lazy\" decoding=\"async\" class=\"alignnone\" src=\"\/wp-content\/uploads\/replace\/6d15425d1e7e173acfde5ed08567c729.jpeg\" alt=\"Xiaomi 70Mai 1S Dash Camera Wholesale\" width=\"960\" height=\"854\" \/><\/p>\n<div style=\"text-align: center\"><img loading=\"lazy\" decoding=\"async\" class=\"alignnone\" src=\"\/wp-content\/uploads\/replace\/acbc47eb17d5040ae3984fce98b19466.jpeg\" alt=\"Xiaomi 70Mai 1S Dash Camera Wholesale\" width=\"950\" height=\"621\" \/><\/div>\n<div style=\"text-align: center\"><img loading=\"lazy\" decoding=\"async\" class=\"alignnone\" src=\"\/wp-content\/uploads\/replace\/99aa85ff55e990e14c836f10b2f037d9.jpeg\" alt=\"Xiaomi 70Mai 1S Dash Camera Wholesale\" width=\"950\" height=\"1089\" \/><\/div>\n<div style=\"text-align: center\"><\/div>\n<div style=\"text-align: center\">Lista de embalagem<\/div>\n<div><img loading=\"lazy\" decoding=\"async\" class=\"aligncenter\" src=\"\/wp-content\/uploads\/replace\/7a00450c9130841b5fa0f35bfcd676a6.jpeg\" alt=\"Xiaomi 70Mai 1S Dash Camera Wholesale\" width=\"950\" height=\"361\" \/><\/div>\n<table style=\"height: 809px\" border=\"0\" width=\"627\" cellspacing=\"0\" cellpadding=\"0\">\n<tbody>\n<tr>\n<td class=\"et3\" width=\"236\" height=\"22\"><span data-spm-anchor-id=\"a2g0o.detail.1000023.i2.5d5b2475UITiMk\">Especifica\u00e7\u00f5es:<\/span><\/td>\n<td class=\"et2\" width=\"391\"><\/td>\n<\/tr>\n<tr>\n<td class=\"et4\" height=\"22\">N\u00famero do modelo<\/td>\n<td class=\"et4\"><a class=\"\" style=\"width: auto !important\" href=\"https:\/\/www.rucashk.com\/pt\/produto\/mi-70mai-smart-dash-cam-1s\/\" data-wpil-post-to-id=\"4687\">C\u00e2mera inteligente 70Mai Dash 1S<\/a><\/td>\n<\/tr>\n<tr>\n<td class=\"et4\" height=\"22\">Tamanho do produto<\/td>\n<td class=\"et4\">91mm *31,5mm * 52mm<\/td>\n<\/tr>\n<tr>\n<td class=\"et5\" height=\"22\">Resolu\u00e7\u00e3o<\/td>\n<td class=\"et4\">1920*1080 200 Mega Pixels<\/td>\n<\/tr>\n<tr>\n<td class=\"et5\" height=\"22\">Sensor de imagem<\/td>\n<td class=\"et4\">SONY IMX307 1\/2.8 CMOS<\/td>\n<\/tr>\n<tr>\n<td class=\"et5\" height=\"22\">Taxa de quadros<\/td>\n<td class=\"et4\">30FPS @1080P<\/td>\n<\/tr>\n<tr>\n<td class=\"et5\" height=\"22\">campo de vis\u00e3o<\/td>\n<td class=\"et4\">Grande angular de 130\u00b0<\/td>\n<\/tr>\n<tr>\n<td class=\"et5\" height=\"22\">CPU<\/td>\n<td class=\"et4\">MSC8336D<\/td>\n<\/tr>\n<tr>\n<td class=\"et5\" height=\"22\">Bateria<\/td>\n<td class=\"et4\">Bateria de pol\u00edmero de l\u00edtio 240mAh<\/td>\n<\/tr>\n<tr>\n<td class=\"et4\" height=\"22\">(APP) Idioma<\/td>\n<td class=\"et4\">EN\/RU\/KR\/JP<\/td>\n<\/tr>\n<tr>\n<td class=\"et4\" height=\"22\">Capacidade<\/td>\n<td class=\"et4\"><span class=\"font3\">Cart\u00e3o TF 16-64G de classe 10 ou superior (<\/span><span class=\"font1\">n\u00e3o inclu\u00eddo<\/span><span class=\"font3\">)<\/span><\/td>\n<\/tr>\n<tr>\n<td class=\"et5\" height=\"22\">Controle de voz<\/td>\n<td class=\"et6\">(Tudo em ingl\u00eas)<\/td>\n<\/tr>\n<tr>\n<td class=\"et5\" height=\"22\">Formato de codifica\u00e7\u00e3o de v\u00eddeo<\/td>\n<td class=\"et4\">H.264<\/td>\n<\/tr>\n<tr>\n<td class=\"et5\" height=\"22\">Formato de armazenamento de v\u00eddeo<\/td>\n<td class=\"et4\">MP4<\/td>\n<\/tr>\n<tr>\n<td class=\"et5\" height=\"22\">Indu\u00e7\u00e3o de colis\u00e3o<\/td>\n<td class=\"et4\">Sensor G<\/td>\n<\/tr>\n<tr>\n<td class=\"et5\" height=\"22\">Poder<\/td>\n<td class=\"et4\">Isqueiro de carro 5V\/1,5A<\/td>\n<\/tr>\n<tr>\n<td class=\"et5\" height=\"22\">Grava\u00e7\u00e3o de v\u00eddeo c\u00edclico<\/td>\n<td class=\"et4\">Grava\u00e7\u00e3o de Loop<\/td>\n<\/tr>\n<tr>\n<td class=\"et5\" height=\"22\">Conex\u00e3o de APLICATIVO<\/td>\n<td class=\"et4\" data-spm-anchor-id=\"a2g0o.detail.1000023.i0.512d4788zgjNbK\">Wi-fi<\/td>\n<\/tr>\n<\/tbody>\n<\/table>","protected":false},"excerpt":{"rendered":"<p>Voice Control 70mai Dash Cam 1S Smart Car DVR Camera 1080P Full HD Night Vision 70 Mai Dashcam Car Camera Wifi 130 Wide Angle Video Recorder G-sensor<\/p>\n<p>1. Intelligent Voice Control<br \/>\n2. 1920 * 1080P Full HD, Aperture 2.2<br \/>\n3. Sony IMX307 High Sensitivity Image Sensor<br \/>\n4. 130\u00b0 Field of View &amp; HD Night Vision<br \/>\n5. Built-in G-sensors for Auto Emergency Recording<br \/>\n6. Mobile APP (Android 6.0 above\/iOS) Control<br \/>\n7. APP Name : 70mai<br \/>\n8. APP Language: English \/ Russian \/ Japanese \/ Korean<br \/>\n9. Free WIFI: Support Video review and download<\/p>","protected":false},"featured_media":21328,"template":"","meta":[],"product_brand":[1363],"product_cat":[1289,1288],"product_tag":[438],"class_list":{"0":"post-21253","1":"product","2":"type-product","3":"status-publish","4":"has-post-thumbnail","6":"product_brand-xiaomi","7":"product_cat-dash-camera","8":"product_cat-e-vehicle-accessories","9":"product_tag-70mai-1s","11":"first","12":"instock","13":"shipping-taxable","14":"product-type-external"},"aioseo_notices":[],"aioseo_head":"\n\t\t<!-- All in One SEO Pro 4.5.9.2 - aioseo.com -->\n\t\t<meta name=\"description\" content=\"Voice Control 70mai Dash Cam 1S Smart Car DVR Camera 1080P Full HD Night Vision 70 Mai Dashcam Car Camera Wifi 130 Wide Angle Video Recorder G-sensor 1. Intelligent Voice Control 2. 1920 * 1080P Full HD, Aperture 2.2 3. Sony IMX307 High Sensitivity Image Sensor 4. 130\u00b0 Field of View &amp; HD Night Vision 5. Built-in G-sensors for Auto Emergency Recording 6. Mobile APP (Android 6.0 above\/iOS) Control 7. APP Name : 70mai 8. APP Language: English \/ Russian \/ Japanese \/ Korean 9. Free WIFI: Support Video review and download\" \/>\n\t\t<meta name=\"robots\" content=\"max-image-preview:large\" \/>\n\t\t<link rel=\"canonical\" href=\"https:\/\/www.rucashk.com\/pt\/produto\/xiaomi-70mai-1s-dash-camera-wholesale\/\" \/>\n\t\t<meta name=\"generator\" content=\"All in One SEO Pro (AIOSEO) 4.5.9.2\" \/>\n\t\t<meta property=\"og:locale\" content=\"pt_PT\" \/>\n\t\t<meta property=\"og:site_name\" content=\"Rucas - One-stop AIoT Distribution Worldwide\" \/>\n\t\t<meta property=\"og:type\" content=\"article\" \/>\n\t\t<meta property=\"og:title\" content=\"Xiaomi 70Mai 1S Dash Camera Wholesale - Rucas - Wholesale and Distribution\" \/>\n\t\t<meta property=\"og:description\" content=\"Voice Control 70mai Dash Cam 1S Smart Car DVR Camera 1080P Full HD Night Vision 70 Mai Dashcam Car Camera Wifi 130 Wide Angle Video Recorder G-sensor 1. Intelligent Voice Control 2. 1920 * 1080P Full HD, Aperture 2.2 3. Sony IMX307 High Sensitivity Image Sensor 4. 130\u00b0 Field of View &amp; HD Night Vision 5. Built-in G-sensors for Auto Emergency Recording 6. Mobile APP (Android 6.0 above\/iOS) Control 7. APP Name : 70mai 8. APP Language: English \/ Russian \/ Japanese \/ Korean 9. Free WIFI: Support Video review and download\" \/>\n\t\t<meta property=\"og:url\" content=\"https:\/\/www.rucashk.com\/pt\/produto\/xiaomi-70mai-1s-dash-camera-wholesale\/\" \/>\n\t\t<meta property=\"og:image\" content=\"https:\/\/www.rucashk.com\/wp-content\/uploads\/replace\/503b8e645f128a97ccde2b6290747646.jpeg\" \/>\n\t\t<meta property=\"og:image:secure_url\" content=\"https:\/\/www.rucashk.com\/wp-content\/uploads\/replace\/503b8e645f128a97ccde2b6290747646.jpeg\" \/>\n\t\t<meta property=\"og:image:width\" content=\"1456\" \/>\n\t\t<meta property=\"og:image:height\" content=\"816\" \/>\n\t\t<meta property=\"article:published_time\" content=\"2024-01-09T15:30:51+00:00\" \/>\n\t\t<meta property=\"article:modified_time\" content=\"2025-06-22T06:26:24+00:00\" \/>\n\t\t<meta name=\"twitter:card\" content=\"summary_large_image\" \/>\n\t\t<meta name=\"twitter:title\" content=\"Xiaomi 70Mai 1S Dash Camera Wholesale - Rucas - Wholesale and Distribution\" \/>\n\t\t<meta name=\"twitter:description\" content=\"Voice Control 70mai Dash Cam 1S Smart Car DVR Camera 1080P Full HD Night Vision 70 Mai Dashcam Car Camera Wifi 130 Wide Angle Video Recorder G-sensor 1. Intelligent Voice Control 2. 1920 * 1080P Full HD, Aperture 2.2 3. Sony IMX307 High Sensitivity Image Sensor 4. 130\u00b0 Field of View &amp; HD Night Vision 5. Built-in G-sensors for Auto Emergency Recording 6. Mobile APP (Android 6.0 above\/iOS) Control 7. APP Name : 70mai 8. APP Language: English \/ Russian \/ Japanese \/ Korean 9. Free WIFI: Support Video review and download\" \/>\n\t\t<meta name=\"twitter:image\" content=\"https:\/\/www.rucashk.com\/wp-content\/uploads\/replace\/503b8e645f128a97ccde2b6290747646.jpeg\" \/>\n\t\t<script type=\"application\/ld+json\" class=\"aioseo-schema\">\n\t\t\t{\"@context\":\"https:\\\/\\\/schema.org\",\"@graph\":[{\"@type\":\"BreadcrumbList\",\"@id\":\"https:\\\/\\\/www.rucashk.com\\\/pt\\\/produto\\\/xiaomi-70mai-1s-dash-camera-wholesale\\\/#breadcrumblist\",\"itemListElement\":[{\"@type\":\"ListItem\",\"@id\":\"https:\\\/\\\/www.rucashk.com\\\/pt\\\/#listItem\",\"position\":1,\"name\":\"Home\",\"item\":\"https:\\\/\\\/www.rucashk.com\\\/pt\\\/\",\"nextItem\":\"https:\\\/\\\/www.rucashk.com\\\/pt\\\/produto\\\/xiaomi-70mai-1s-dash-camera-wholesale\\\/#listItem\"},{\"@type\":\"ListItem\",\"@id\":\"https:\\\/\\\/www.rucashk.com\\\/pt\\\/produto\\\/xiaomi-70mai-1s-dash-camera-wholesale\\\/#listItem\",\"position\":2,\"name\":\"Xiaomi 70Mai 1S Dash Camera Wholesale\",\"previousItem\":\"https:\\\/\\\/www.rucashk.com\\\/pt\\\/#listItem\"}]},{\"@type\":\"Organization\",\"@id\":\"https:\\\/\\\/www.rucashk.com\\\/pt\\\/#organization\",\"name\":\"Rucas\",\"url\":\"https:\\\/\\\/www.rucashk.com\\\/pt\\\/\",\"logo\":{\"@type\":\"ImageObject\",\"url\":\"https:\\\/\\\/www.rucashk.com\\\/wp-content\\\/uploads\\\/2023\\\/12\\\/Rucas_campany_logo.png\",\"@id\":\"https:\\\/\\\/www.rucashk.com\\\/pt\\\/produto\\\/xiaomi-70mai-1s-dash-camera-wholesale\\\/#organizationLogo\",\"width\":221,\"height\":65},\"image\":{\"@id\":\"https:\\\/\\\/www.rucashk.com\\\/pt\\\/#organizationLogo\"}},{\"@type\":\"Person\",\"@id\":\"https:\\\/\\\/www.rucashk.com\\\/pt\\\/author\\\/admin\\\/#author\",\"url\":\"https:\\\/\\\/www.rucashk.com\\\/pt\\\/author\\\/admin\\\/\",\"name\":\"admin\",\"image\":{\"@type\":\"ImageObject\",\"@id\":\"https:\\\/\\\/www.rucashk.com\\\/pt\\\/produto\\\/xiaomi-70mai-1s-dash-camera-wholesale\\\/#authorImage\",\"url\":\"https:\\\/\\\/secure.gravatar.com\\\/avatar\\\/b7c8925b09a27e72b30232f8ecaadbd5af0f70a38c78096863fe51b64f031c24?s=96&d=mm&r=g\",\"width\":96,\"height\":96,\"caption\":\"admin\"}},{\"@type\":\"WebPage\",\"@id\":\"https:\\\/\\\/www.rucashk.com\\\/pt\\\/produto\\\/xiaomi-70mai-1s-dash-camera-wholesale\\\/#webpage\",\"url\":\"https:\\\/\\\/www.rucashk.com\\\/pt\\\/produto\\\/xiaomi-70mai-1s-dash-camera-wholesale\\\/\",\"name\":\"Xiaomi 70Mai 1S Dash Camera Wholesale - Rucas - Wholesale and Distribution\",\"description\":\"Voice Control 70mai Dash Cam 1S Smart Car DVR Camera 1080P Full HD Night Vision 70 Mai Dashcam Car Camera Wifi 130 Wide Angle Video Recorder G-sensor 1. Intelligent Voice Control 2. 1920 * 1080P Full HD, Aperture 2.2 3. Sony IMX307 High Sensitivity Image Sensor 4. 130\\u00b0 Field of View & HD Night Vision 5. Built-in G-sensors for Auto Emergency Recording 6. Mobile APP (Android 6.0 above\\\/iOS) Control 7. APP Name : 70mai 8. APP Language: English \\\/ Russian \\\/ Japanese \\\/ Korean 9. Free WIFI: Support Video review and download\",\"inLanguage\":\"pt-PT\",\"isPartOf\":{\"@id\":\"https:\\\/\\\/www.rucashk.com\\\/pt\\\/#website\"},\"breadcrumb\":{\"@id\":\"https:\\\/\\\/www.rucashk.com\\\/pt\\\/produto\\\/xiaomi-70mai-1s-dash-camera-wholesale\\\/#breadcrumblist\"},\"author\":{\"@id\":\"https:\\\/\\\/www.rucashk.com\\\/pt\\\/author\\\/admin\\\/#author\"},\"creator\":{\"@id\":\"https:\\\/\\\/www.rucashk.com\\\/pt\\\/author\\\/admin\\\/#author\"},\"image\":{\"@type\":\"ImageObject\",\"url\":\"https:\\\/\\\/www.rucashk.com\\\/wp-content\\\/uploads\\\/2024\\\/01\\\/70mai-Dash-Cam-1S-Car-DVR-Camera-Wifi-APP-English-Voice-Control-1080P-HD-Night-Vision-1.jpg_640x640-1.jpg\",\"@id\":\"https:\\\/\\\/www.rucashk.com\\\/pt\\\/produto\\\/xiaomi-70mai-1s-dash-camera-wholesale\\\/#mainImage\",\"width\":800,\"height\":800},\"primaryImageOfPage\":{\"@id\":\"https:\\\/\\\/www.rucashk.com\\\/pt\\\/produto\\\/xiaomi-70mai-1s-dash-camera-wholesale\\\/#mainImage\"},\"datePublished\":\"2024-01-09T15:30:51+00:00\",\"dateModified\":\"2025-06-22T06:26:24+00:00\"},{\"@type\":\"WebSite\",\"@id\":\"https:\\\/\\\/www.rucashk.com\\\/pt\\\/#website\",\"url\":\"https:\\\/\\\/www.rucashk.com\\\/pt\\\/\",\"name\":\"Rucas - Wholesale and distribution worldwide\",\"alternateName\":\"Rucas - One-stop AIoT Distribution Worldwide\",\"description\":\"One-stop AIoT Distribution Worldwide\",\"inLanguage\":\"pt-PT\",\"publisher\":{\"@id\":\"https:\\\/\\\/www.rucashk.com\\\/pt\\\/#organization\"}}]}\n\t\t<\/script>\n\t\t<!-- All in One SEO Pro -->\r\n\t\t<title>Xiaomi 70Mai 1S Dash Camera Wholesale - Rucas - Wholesale and Distribution<\/title>\n\n","aioseo_head_json":{"title":"Xiaomi 70Mai 1S Dash Camera Wholesale - Rucas - Wholesale and Distribution","description":"Voice Control 70mai Dash Cam 1S Smart Car DVR Camera 1080P Full HD Night Vision 70 Mai Dashcam Car Camera Wifi 130 Wide Angle Video Recorder G-sensor 1. Intelligent Voice Control 2. 1920 * 1080P Full HD, Aperture 2.2 3. Sony IMX307 High Sensitivity Image Sensor 4. 130\u00b0 Field of View & HD Night Vision 5. Built-in G-sensors for Auto Emergency Recording 6. Mobile APP (Android 6.0 above\/iOS) Control 7. APP Name : 70mai 8. APP Language: English \/ Russian \/ Japanese \/ Korean 9. Free WIFI: Support Video review and download","canonical_url":"https:\/\/www.rucashk.com\/pt\/produto\/xiaomi-70mai-1s-dash-camera-wholesale\/","robots":"max-image-preview:large","keywords":"","webmasterTools":{"miscellaneous":""},"og:locale":"pt_PT","og:site_name":"Rucas - One-stop AIoT Distribution Worldwide","og:type":"article","og:title":"Xiaomi 70Mai 1S Dash Camera Wholesale - Rucas - Wholesale and Distribution","og:description":"Voice Control 70mai Dash Cam 1S Smart Car DVR Camera 1080P Full HD Night Vision 70 Mai Dashcam Car Camera Wifi 130 Wide Angle Video Recorder G-sensor 1. Intelligent Voice Control 2. 1920 * 1080P Full HD, Aperture 2.2 3. Sony IMX307 High Sensitivity Image Sensor 4. 130\u00b0 Field of View &amp; HD Night Vision 5. Built-in G-sensors for Auto Emergency Recording 6. Mobile APP (Android 6.0 above\/iOS) Control 7. APP Name : 70mai 8. APP Language: English \/ Russian \/ Japanese \/ Korean 9. Free WIFI: Support Video review and download","og:url":"https:\/\/www.rucashk.com\/pt\/produto\/xiaomi-70mai-1s-dash-camera-wholesale\/","og:image":"https:\/\/www.rucashk.com\/wp-content\/uploads\/replace\/503b8e645f128a97ccde2b6290747646.jpeg","og:image:secure_url":"https:\/\/www.rucashk.com\/wp-content\/uploads\/replace\/503b8e645f128a97ccde2b6290747646.jpeg","og:image:width":1456,"og:image:height":816,"article:published_time":"2024-01-09T15:30:51+00:00","article:modified_time":"2025-06-22T06:26:24+00:00","twitter:card":"summary_large_image","twitter:title":"Xiaomi 70Mai 1S Dash Camera Wholesale - Rucas - Wholesale and Distribution","twitter:description":"Voice Control 70mai Dash Cam 1S Smart Car DVR Camera 1080P Full HD Night Vision 70 Mai Dashcam Car Camera Wifi 130 Wide Angle Video Recorder G-sensor 1. Intelligent Voice Control 2. 1920 * 1080P Full HD, Aperture 2.2 3. Sony IMX307 High Sensitivity Image Sensor 4. 130\u00b0 Field of View &amp; HD Night Vision 5. Built-in G-sensors for Auto Emergency Recording 6. Mobile APP (Android 6.0 above\/iOS) Control 7. APP Name : 70mai 8. APP Language: English \/ Russian \/ Japanese \/ Korean 9. Free WIFI: Support Video review and download","twitter:image":"https:\/\/www.rucashk.com\/wp-content\/uploads\/replace\/503b8e645f128a97ccde2b6290747646.jpeg","schema":{"@context":"https:\/\/schema.org","@graph":[{"@type":"BreadcrumbList","@id":"https:\/\/www.rucashk.com\/pt\/produto\/xiaomi-70mai-1s-dash-camera-wholesale\/#breadcrumblist","itemListElement":[{"@type":"ListItem","@id":"https:\/\/www.rucashk.com\/pt\/#listItem","position":1,"name":"Home","item":"https:\/\/www.rucashk.com\/pt\/","nextItem":"https:\/\/www.rucashk.com\/pt\/produto\/xiaomi-70mai-1s-dash-camera-wholesale\/#listItem"},{"@type":"ListItem","@id":"https:\/\/www.rucashk.com\/pt\/produto\/xiaomi-70mai-1s-dash-camera-wholesale\/#listItem","position":2,"name":"Xiaomi 70Mai 1S Dash Camera Wholesale","previousItem":"https:\/\/www.rucashk.com\/pt\/#listItem"}]},{"@type":"Organization","@id":"https:\/\/www.rucashk.com\/pt\/#organization","name":"Rucas","url":"https:\/\/www.rucashk.com\/pt\/","logo":{"@type":"ImageObject","url":"https:\/\/www.rucashk.com\/wp-content\/uploads\/2023\/12\/Rucas_campany_logo.png","@id":"https:\/\/www.rucashk.com\/pt\/produto\/xiaomi-70mai-1s-dash-camera-wholesale\/#organizationLogo","width":221,"height":65},"image":{"@id":"https:\/\/www.rucashk.com\/pt\/#organizationLogo"}},{"@type":"Person","@id":"https:\/\/www.rucashk.com\/pt\/author\/admin\/#author","url":"https:\/\/www.rucashk.com\/pt\/author\/admin\/","name":"admin","image":{"@type":"ImageObject","@id":"https:\/\/www.rucashk.com\/pt\/produto\/xiaomi-70mai-1s-dash-camera-wholesale\/#authorImage","url":"https:\/\/secure.gravatar.com\/avatar\/b7c8925b09a27e72b30232f8ecaadbd5af0f70a38c78096863fe51b64f031c24?s=96&d=mm&r=g","width":96,"height":96,"caption":"admin"}},{"@type":"WebPage","@id":"https:\/\/www.rucashk.com\/pt\/produto\/xiaomi-70mai-1s-dash-camera-wholesale\/#webpage","url":"https:\/\/www.rucashk.com\/pt\/produto\/xiaomi-70mai-1s-dash-camera-wholesale\/","name":"Xiaomi 70Mai 1S Dash Camera Wholesale - Rucas - Wholesale and Distribution","description":"Voice Control 70mai Dash Cam 1S Smart Car DVR Camera 1080P Full HD Night Vision 70 Mai Dashcam Car Camera Wifi 130 Wide Angle Video Recorder G-sensor 1. Intelligent Voice Control 2. 1920 * 1080P Full HD, Aperture 2.2 3. Sony IMX307 High Sensitivity Image Sensor 4. 130\u00b0 Field of View & HD Night Vision 5. Built-in G-sensors for Auto Emergency Recording 6. Mobile APP (Android 6.0 above\/iOS) Control 7. APP Name : 70mai 8. APP Language: English \/ Russian \/ Japanese \/ Korean 9. Free WIFI: Support Video review and download","inLanguage":"pt-PT","isPartOf":{"@id":"https:\/\/www.rucashk.com\/pt\/#website"},"breadcrumb":{"@id":"https:\/\/www.rucashk.com\/pt\/produto\/xiaomi-70mai-1s-dash-camera-wholesale\/#breadcrumblist"},"author":{"@id":"https:\/\/www.rucashk.com\/pt\/author\/admin\/#author"},"creator":{"@id":"https:\/\/www.rucashk.com\/pt\/author\/admin\/#author"},"image":{"@type":"ImageObject","url":"https:\/\/www.rucashk.com\/wp-content\/uploads\/2024\/01\/70mai-Dash-Cam-1S-Car-DVR-Camera-Wifi-APP-English-Voice-Control-1080P-HD-Night-Vision-1.jpg_640x640-1.jpg","@id":"https:\/\/www.rucashk.com\/pt\/produto\/xiaomi-70mai-1s-dash-camera-wholesale\/#mainImage","width":800,"height":800},"primaryImageOfPage":{"@id":"https:\/\/www.rucashk.com\/pt\/produto\/xiaomi-70mai-1s-dash-camera-wholesale\/#mainImage"},"datePublished":"2024-01-09T15:30:51+00:00","dateModified":"2025-06-22T06:26:24+00:00"},{"@type":"WebSite","@id":"https:\/\/www.rucashk.com\/pt\/#website","url":"https:\/\/www.rucashk.com\/pt\/","name":"Rucas - Wholesale and distribution worldwide","alternateName":"Rucas - One-stop AIoT Distribution Worldwide","description":"One-stop AIoT Distribution Worldwide","inLanguage":"pt-PT","publisher":{"@id":"https:\/\/www.rucashk.com\/pt\/#organization"}}]}},"aioseo_meta_data":{"post_id":"21253","title":null,"description":null,"keywords":null,"keyphrases":null,"primary_term":null,"canonical_url":null,"og_title":null,"og_description":null,"og_object_type":"default","og_image_type":"default","og_image_url":null,"og_image_width":null,"og_image_height":null,"og_image_custom_url":null,"og_image_custom_fields":null,"og_video":null,"og_custom_url":null,"og_article_section":null,"og_article_tags":null,"twitter_use_og":false,"twitter_card":"default","twitter_image_type":"default","twitter_image_url":null,"twitter_image_custom_url":null,"twitter_image_custom_fields":null,"twitter_title":null,"twitter_description":null,"schema":{"blockGraphs":[],"customGraphs":[],"default":{"data":{"Article":[],"Course":[],"Dataset":[],"FAQPage":[],"Movie":[],"Person":[],"Product":[],"Recipe":[],"Service":[],"SoftwareApplication":[],"WebPage":[]},"graphName":"","isEnabled":true},"graphs":[]},"schema_type":"default","schema_type_options":null,"pillar_content":false,"robots_default":true,"robots_noindex":false,"robots_noarchive":false,"robots_nosnippet":false,"robots_nofollow":false,"robots_noimageindex":false,"robots_noodp":false,"robots_notranslate":false,"robots_max_snippet":null,"robots_max_videopreview":null,"robots_max_imagepreview":"large","priority":null,"frequency":null,"local_seo":null,"breadcrumb_settings":null,"limit_modified_date":false,"created":"2024-04-11 01:55:14","updated":"2025-06-22 16:18:57"},"aioseo_breadcrumb":"<div class=\"aioseo-breadcrumbs\"><span class=\"aioseo-breadcrumb\">\n\t<a href=\"https:\/\/www.rucashk.com\/pt\" title=\"Home\">Home<\/a>\n<\/span><span class=\"aioseo-breadcrumb-separator\">&raquo;<\/span><span class=\"aioseo-breadcrumb\">\n\t<a href=\"https:\/\/www.rucashk.com\/pt\/products\/\" title=\"Produtos\">Produtos<\/a>\n<\/span><span class=\"aioseo-breadcrumb-separator\">&raquo;<\/span><span class=\"aioseo-breadcrumb\">\n\t<a href=\"https:\/\/www.rucashk.com\/pt\/marca\/xiaomi\/\" title=\"Xiaomi\">Xiaomi<\/a>\n<\/span><span class=\"aioseo-breadcrumb-separator\">&raquo;<\/span><span class=\"aioseo-breadcrumb\">\n\tXiaomi 70Mai 1S Dash Camera Wholesale\n<\/span><\/div>","aioseo_breadcrumb_json":[{"label":"Home","link":"https:\/\/www.rucashk.com\/pt"},{"label":"Produtos","link":"https:\/\/www.rucashk.com\/pt\/products\/"},{"label":"Xiaomi","link":"https:\/\/www.rucashk.com\/pt\/marca\/xiaomi\/"},{"label":"Xiaomi 70Mai 1S Dash Camera Wholesale","link":"https:\/\/www.rucashk.com\/pt\/produto\/xiaomi-70mai-1s-dash-camera-wholesale\/"}],"_links":{"self":[{"href":"https:\/\/www.rucashk.com\/pt\/wp-json\/wp\/v2\/product\/21253","targetHints":{"allow":["GET"]}}],"collection":[{"href":"https:\/\/www.rucashk.com\/pt\/wp-json\/wp\/v2\/product"}],"about":[{"href":"https:\/\/www.rucashk.com\/pt\/wp-json\/wp\/v2\/types\/product"}],"wp:featuredmedia":[{"embeddable":true,"href":"https:\/\/www.rucashk.com\/pt\/wp-json\/wp\/v2\/media\/21328"}],"wp:attachment":[{"href":"https:\/\/www.rucashk.com\/pt\/wp-json\/wp\/v2\/media?parent=21253"}],"wp:term":[{"taxonomy":"product_brand","embeddable":true,"href":"https:\/\/www.rucashk.com\/pt\/wp-json\/wp\/v2\/product_brand?post=21253"},{"taxonomy":"product_cat","embeddable":true,"href":"https:\/\/www.rucashk.com\/pt\/wp-json\/wp\/v2\/product_cat?post=21253"},{"taxonomy":"product_tag","embeddable":true,"href":"https:\/\/www.rucashk.com\/pt\/wp-json\/wp\/v2\/product_tag?post=21253"}],"curies":[{"name":"wp","href":"https:\/\/api.w.org\/{rel}","templated":true}]}}