{"id":21250,"date":"2024-01-09T15:30:50","date_gmt":"2024-01-09T15:30:50","guid":{"rendered":"http:\/\/rucashk.com\/?post_type=product&#038;p=21250"},"modified":"2025-06-22T06:29:02","modified_gmt":"2025-06-22T06:29:02","slug":"ninebot-kickscooter-es2-wholesale","status":"publish","type":"product","link":"https:\/\/www.rucashk.com\/pt\/produto\/ninebot-kickscooter-es2-wholesale\/","title":{"rendered":"Ninebot KickScooter ES2 atacado"},"content":{"rendered":"<div class=\"J_nav-bar-con\">\n<div class=\"container nav_container\">\n<div class=\"sub_nav\">\n<div class=\"ct-product\"><img fetchpriority=\"high\" decoding=\"async\" class=\"alignnone\" src=\"https:\/\/www.rucashk.com\/wp-content\/uploads\/2020\/05\/20190626112833434.jpg\" alt=\"Ninebot KickScooter ES2 Wholesale\" width=\"1920\" height=\"1078\" \/><\/div>\n<\/div>\n<\/div>\n<\/div>\n<div class=\"xiangqing\"><img decoding=\"async\" class=\"alignnone\" src=\"https:\/\/www.rucashk.com\/wp-content\/uploads\/2020\/05\/20190626112834368.jpg\" alt=\"Ninebot KickScooter ES2 Wholesale\" width=\"1920\" height=\"1002\" \/><br \/>\n<img decoding=\"async\" class=\"alignnone\" src=\"https:\/\/www.rucashk.com\/wp-content\/uploads\/2020\/05\/20190626112836703.jpg\" alt=\"Ninebot KickScooter ES2 Wholesale\" width=\"1920\" height=\"708\" \/><br \/>\n<img loading=\"lazy\" decoding=\"async\" class=\"alignnone\" src=\"https:\/\/www.rucashk.com\/wp-content\/uploads\/2020\/05\/20190626112838212.jpg\" alt=\"Ninebot KickScooter ES2 Wholesale\" width=\"1920\" height=\"487\" \/><br \/>\n<img loading=\"lazy\" decoding=\"async\" class=\"alignnone\" src=\"https:\/\/www.rucashk.com\/wp-content\/uploads\/2020\/05\/20190626112840636.jpg\" alt=\"Ninebot KickScooter ES2 Wholesale\" width=\"1920\" height=\"1580\" \/><br \/>\n<img loading=\"lazy\" decoding=\"async\" class=\"alignnone\" src=\"https:\/\/www.rucashk.com\/wp-content\/uploads\/2020\/05\/20190626112842937.jpg\" alt=\"Ninebot KickScooter ES2 Wholesale\" width=\"1920\" height=\"637\" \/><\/div>\n<p>&nbsp;<\/p>\n<table class=\"bg\" width=\"85%\" align=\"center\">\n<tbody>\n<tr>\n<th>\n<h1><strong>Ninebot\u00a0<\/strong><span style=\"font-family: arial, helvetica, sans-serif\">Segway ES2 <a class=\"\" style=\"width: auto !important\" href=\"https:\/\/www.rucashk.com\/pt\/produto\/xiaomi-mijia-electric-scooter-pro-smart-foldable-wholesale\/\" data-wpil-post-to-id=\"3185\">Scooter El\u00e9trica<\/a><\/span><\/h1>\n<\/th>\n<\/tr>\n<tr>\n<th><strong>Especifica\u00e7\u00f5es<\/strong><\/p>\n<table class=\"aliDataTable\" border=\"0\" cellspacing=\"0\" cellpadding=\"0\" align=\"center\">\n<tbody>\n<tr align=\"left\">\n<td><strong>Especifica\u00e7\u00e3o<\/strong><\/td>\n<td>Modelo Ninebot Segway ES2<\/td>\n<\/tr>\n<tr align=\"left\">\n<td><strong>Apar\u00eancia<\/strong><\/td>\n<td><span style=\"font-family: Arial, Helvetica\">Prata<\/span><\/td>\n<\/tr>\n<tr align=\"left\">\n<td><strong>Tamanho da m\u00e1quina (desdobrada)<\/strong><\/td>\n<td>40\u2033 C \u00d7 17\u2033 L \u00d7 45\u2033 A (102cm x 43cm x 113cm)<\/td>\n<\/tr>\n<tr align=\"left\">\n<td><strong>Tamanho da m\u00e1quina (dobrada)<\/strong><\/td>\n<td>45\u2033 C \u00d7 17\u2033 L \u00d7 16\u2033 A (113cm x 43cm x 40cm)<\/td>\n<\/tr>\n<tr align=\"left\">\n<td><strong>Di\u00e2metro\/modelo do pneu<\/strong><\/td>\n<td>Pneu pneum\u00e1tico de baixa press\u00e3o com di\u00e2metro de 8 \u2033 polegadas<\/td>\n<\/tr>\n<tr align=\"left\">\n<td><strong>Carga \u00fatil m\u00e1xima (libras)<\/strong><\/td>\n<td>Cerca de 220 libras<\/td>\n<\/tr>\n<tr align=\"left\">\n<td><strong>\u00c2ngulo de escalada t\u00edpico<\/strong><\/td>\n<td>10 graus<\/td>\n<\/tr>\n<tr align=\"left\">\n<td><strong>Temperatura de opera\u00e7\u00e3o<\/strong><\/td>\n<td>Cerca de \u201414-104<span style=\"font-family: Arial, Helvetica\">\u2109<\/span><\/td>\n<\/tr>\n<tr align=\"left\">\n<td><strong>Idade<\/strong><\/td>\n<td>14+<\/td>\n<\/tr>\n<tr align=\"left\">\n<td><strong>Peso l\u00edquido (libras)<\/strong><\/td>\n<td>Cerca de 28 libras<\/td>\n<\/tr>\n<tr align=\"left\">\n<td><strong>Capacidade de carga<\/strong><\/td>\n<td>187Wh \u2013 Tempo m\u00e1ximo de carga: 3,5 horas<\/td>\n<\/tr>\n<tr align=\"left\">\n<td><strong>Quilometragem<\/strong><\/td>\n<td>Cerca de 15 milhas<\/td>\n<\/tr>\n<tr align=\"left\">\n<td><strong>Carregador\u00a0<\/strong><\/td>\n<td>Entrada AC100~240V<\/td>\n<\/tr>\n<tr align=\"left\">\n<td><strong>Pot\u00eancia Nominal (Watts)<\/strong><\/td>\n<td><span style=\"font-family: Arial, Helvetica\">300<\/span><\/td>\n<\/tr>\n<tr align=\"left\">\n<td><strong>Pot\u00eancia m\u00e1xima (Watts)<\/strong><\/td>\n<td>700<\/td>\n<\/tr>\n<tr align=\"left\">\n<td><strong>Velocidade m\u00e1xima (mph)<\/strong><\/td>\n<td>12,4 mph * abaixo <a class=\"\" style=\"width: auto !important\" href=\"https:\/\/www.rucashk.com\/pt\/5-sport-modes-are-added-in-mi-bracelet-5-control-phones-to-shoot-pictures\/\" data-wpil-post-to-id=\"9254\">Modo Esportes<\/a><\/td>\n<\/tr>\n<tr align=\"left\">\n<td><strong>Acess\u00f3rios padr\u00e3o<\/strong><\/td>\n<td>Carregador padr\u00e3o<\/td>\n<\/tr>\n<tr align=\"left\">\n<td><span style=\"font-family: Arial, Helvetica\"><b>Tecnologia Superior<\/b><\/span><\/td>\n<td><span style=\"font-size: medium\">com display LED, recursos Bluetooth, controle de cruzeiro, conectividade de aplicativo m\u00f3vel para seguran\u00e7a adicional e atualiza\u00e7\u00f5es de firmware, cores de luz ambiente personaliz\u00e1veis e muito mais.<\/span><\/td>\n<\/tr>\n<\/tbody>\n<\/table>\n<\/th>\n<\/tr>\n<\/tbody>\n<\/table>\n<p>O sistema dobr\u00e1vel com um clique permite que o ES2 seja transportado no transporte p\u00fablico, guardado no carro e muito mais.<\/p>\n<p><a class=\"\" style=\"width: auto !important\" href=\"https:\/\/www.rucashk.com\/pt\/produto\/ninebot-max-g30-g30d-kickscooter\/\" data-wpil-post-to-id=\"10465\">Scooter Ninebot<\/a> by Segway ES2 possui seu pr\u00f3prio APP m\u00f3vel para gerenciar passeios ao seu alcance a qualquer hora e em qualquer lugar para personalizar sua experi\u00eancia. Possui pot\u00eancia de motor de at\u00e9 700 W e pode ir at\u00e9 15 mph. O <a class=\"\" style=\"width: auto !important\" href=\"https:\/\/www.rucashk.com\/pt\/the-super-battery-of-xiaomi-mijia-with-2900mah-surge-of-electric-energy-is-launched\/\" data-wpil-post-to-id=\"8398\">o sistema de bateria est\u00e1 equipado com energia<\/a> sistema de recupera\u00e7\u00e3o que leva os pilotos mais longe.<\/p>","protected":false},"excerpt":{"rendered":"<p>Caracter\u00edsticas da scooter el\u00e9trica dobr\u00e1vel Ninebot ES2:<\/p>\n<p>1. 36V 300W M\u00e1x.600W<br \/>\n2. 187Wh\/bateria de alta capacidade<br \/>\n3. Controle remoto de aplicativo inteligente<br \/>\n4. Dobr\u00e1vel r\u00e1pido, economiza espa\u00e7o, port\u00e1til para transportar<br \/>\n5. Sistema de recupera\u00e7\u00e3o de energia verde<br \/>\n6. IP54 \u00e0 prova d&#039;\u00e1gua<\/p>\n<p>Sua scooter el\u00e9trica de estilo pessoal<\/p>","protected":false},"featured_media":21307,"template":"","meta":[],"product_brand":[1418],"product_cat":[1350,1305],"product_tag":[],"class_list":{"0":"post-21250","1":"product","2":"type-product","3":"status-publish","4":"has-post-thumbnail","6":"product_brand-ninebot","7":"product_cat-scooter","8":"product_cat-xiaomi-eco","10":"first","11":"instock","12":"shipping-taxable","13":"product-type-external"},"aioseo_notices":[],"aioseo_head":"\n\t\t<!-- All in One SEO Pro 4.5.9.2 - aioseo.com -->\n\t\t<meta name=\"description\" content=\"Ninebot ES2 Folding Electric Scooter Features\uff1a 1. 36V 300W Max.600W 2. 187Wh\/high capacity battery 3. Smart App remote control 4. Quick-folding\uff0cspace-saving\uff0cportable to carry 5. Green energy recovery system 6. IP54 waterproof Your Personal Style Electric Scooter\" \/>\n\t\t<meta name=\"robots\" content=\"max-image-preview:large\" \/>\n\t\t<link rel=\"canonical\" href=\"https:\/\/www.rucashk.com\/pt\/produto\/ninebot-kickscooter-es2-wholesale\/\" \/>\n\t\t<meta name=\"generator\" content=\"All in One SEO Pro (AIOSEO) 4.5.9.2\" \/>\n\t\t<meta property=\"og:locale\" content=\"pt_PT\" \/>\n\t\t<meta property=\"og:site_name\" content=\"Rucas - One-stop AIoT Distribution Worldwide\" \/>\n\t\t<meta property=\"og:type\" content=\"article\" \/>\n\t\t<meta property=\"og:title\" content=\"Ninebot KickScooter ES2 Wholesale - Rucas - Wholesale and Distribution\" \/>\n\t\t<meta property=\"og:description\" content=\"Ninebot ES2 Folding Electric Scooter Features\uff1a 1. 36V 300W Max.600W 2. 187Wh\/high capacity battery 3. Smart App remote control 4. Quick-folding\uff0cspace-saving\uff0cportable to carry 5. Green energy recovery system 6. IP54 waterproof Your Personal Style Electric Scooter\" \/>\n\t\t<meta property=\"og:url\" content=\"https:\/\/www.rucashk.com\/pt\/produto\/ninebot-kickscooter-es2-wholesale\/\" \/>\n\t\t<meta property=\"og:image\" content=\"https:\/\/www.rucashk.com\/wp-content\/uploads\/replace\/503b8e645f128a97ccde2b6290747646.jpeg\" \/>\n\t\t<meta property=\"og:image:secure_url\" content=\"https:\/\/www.rucashk.com\/wp-content\/uploads\/replace\/503b8e645f128a97ccde2b6290747646.jpeg\" \/>\n\t\t<meta property=\"og:image:width\" content=\"1456\" \/>\n\t\t<meta property=\"og:image:height\" content=\"816\" \/>\n\t\t<meta property=\"article:published_time\" content=\"2024-01-09T15:30:50+00:00\" \/>\n\t\t<meta property=\"article:modified_time\" content=\"2025-06-22T06:29:02+00:00\" \/>\n\t\t<meta name=\"twitter:card\" content=\"summary_large_image\" \/>\n\t\t<meta name=\"twitter:title\" content=\"Ninebot KickScooter ES2 Wholesale - Rucas - Wholesale and Distribution\" \/>\n\t\t<meta name=\"twitter:description\" content=\"Ninebot ES2 Folding Electric Scooter Features\uff1a 1. 36V 300W Max.600W 2. 187Wh\/high capacity battery 3. Smart App remote control 4. Quick-folding\uff0cspace-saving\uff0cportable to carry 5. Green energy recovery system 6. IP54 waterproof Your Personal Style Electric Scooter\" \/>\n\t\t<meta name=\"twitter:image\" content=\"https:\/\/www.rucashk.com\/wp-content\/uploads\/replace\/503b8e645f128a97ccde2b6290747646.jpeg\" \/>\n\t\t<script type=\"application\/ld+json\" class=\"aioseo-schema\">\n\t\t\t{\"@context\":\"https:\\\/\\\/schema.org\",\"@graph\":[{\"@type\":\"BreadcrumbList\",\"@id\":\"https:\\\/\\\/www.rucashk.com\\\/pt\\\/produto\\\/ninebot-kickscooter-es2-wholesale\\\/#breadcrumblist\",\"itemListElement\":[{\"@type\":\"ListItem\",\"@id\":\"https:\\\/\\\/www.rucashk.com\\\/pt\\\/#listItem\",\"position\":1,\"name\":\"Home\",\"item\":\"https:\\\/\\\/www.rucashk.com\\\/pt\\\/\",\"nextItem\":\"https:\\\/\\\/www.rucashk.com\\\/pt\\\/produto\\\/ninebot-kickscooter-es2-wholesale\\\/#listItem\"},{\"@type\":\"ListItem\",\"@id\":\"https:\\\/\\\/www.rucashk.com\\\/pt\\\/produto\\\/ninebot-kickscooter-es2-wholesale\\\/#listItem\",\"position\":2,\"name\":\"Ninebot KickScooter ES2 Wholesale\",\"previousItem\":\"https:\\\/\\\/www.rucashk.com\\\/pt\\\/#listItem\"}]},{\"@type\":\"Organization\",\"@id\":\"https:\\\/\\\/www.rucashk.com\\\/pt\\\/#organization\",\"name\":\"Rucas\",\"url\":\"https:\\\/\\\/www.rucashk.com\\\/pt\\\/\",\"logo\":{\"@type\":\"ImageObject\",\"url\":\"https:\\\/\\\/www.rucashk.com\\\/wp-content\\\/uploads\\\/2023\\\/12\\\/Rucas_campany_logo.png\",\"@id\":\"https:\\\/\\\/www.rucashk.com\\\/pt\\\/produto\\\/ninebot-kickscooter-es2-wholesale\\\/#organizationLogo\",\"width\":221,\"height\":65},\"image\":{\"@id\":\"https:\\\/\\\/www.rucashk.com\\\/pt\\\/#organizationLogo\"}},{\"@type\":\"Person\",\"@id\":\"https:\\\/\\\/www.rucashk.com\\\/pt\\\/author\\\/admin\\\/#author\",\"url\":\"https:\\\/\\\/www.rucashk.com\\\/pt\\\/author\\\/admin\\\/\",\"name\":\"admin\",\"image\":{\"@type\":\"ImageObject\",\"@id\":\"https:\\\/\\\/www.rucashk.com\\\/pt\\\/produto\\\/ninebot-kickscooter-es2-wholesale\\\/#authorImage\",\"url\":\"https:\\\/\\\/secure.gravatar.com\\\/avatar\\\/b7c8925b09a27e72b30232f8ecaadbd5af0f70a38c78096863fe51b64f031c24?s=96&d=mm&r=g\",\"width\":96,\"height\":96,\"caption\":\"admin\"}},{\"@type\":\"WebPage\",\"@id\":\"https:\\\/\\\/www.rucashk.com\\\/pt\\\/produto\\\/ninebot-kickscooter-es2-wholesale\\\/#webpage\",\"url\":\"https:\\\/\\\/www.rucashk.com\\\/pt\\\/produto\\\/ninebot-kickscooter-es2-wholesale\\\/\",\"name\":\"Ninebot KickScooter ES2 Wholesale - Rucas - Wholesale and Distribution\",\"description\":\"Ninebot ES2 Folding Electric Scooter Features\\uff1a 1. 36V 300W Max.600W 2. 187Wh\\\/high capacity battery 3. Smart App remote control 4. Quick-folding\\uff0cspace-saving\\uff0cportable to carry 5. Green energy recovery system 6. IP54 waterproof Your Personal Style Electric Scooter\",\"inLanguage\":\"pt-PT\",\"isPartOf\":{\"@id\":\"https:\\\/\\\/www.rucashk.com\\\/pt\\\/#website\"},\"breadcrumb\":{\"@id\":\"https:\\\/\\\/www.rucashk.com\\\/pt\\\/produto\\\/ninebot-kickscooter-es2-wholesale\\\/#breadcrumblist\"},\"author\":{\"@id\":\"https:\\\/\\\/www.rucashk.com\\\/pt\\\/author\\\/admin\\\/#author\"},\"creator\":{\"@id\":\"https:\\\/\\\/www.rucashk.com\\\/pt\\\/author\\\/admin\\\/#author\"},\"image\":{\"@type\":\"ImageObject\",\"url\":\"https:\\\/\\\/www.rucashk.com\\\/wp-content\\\/uploads\\\/2024\\\/01\\\/Original-ES2-KickScooter-Portable-Foldable-Adult-Electric-Scooter-E-Bike-36V-300W-Black-App-Electric-Scootes-1.jpg\",\"@id\":\"https:\\\/\\\/www.rucashk.com\\\/pt\\\/produto\\\/ninebot-kickscooter-es2-wholesale\\\/#mainImage\",\"width\":800,\"height\":800},\"primaryImageOfPage\":{\"@id\":\"https:\\\/\\\/www.rucashk.com\\\/pt\\\/produto\\\/ninebot-kickscooter-es2-wholesale\\\/#mainImage\"},\"datePublished\":\"2024-01-09T15:30:50+00:00\",\"dateModified\":\"2025-06-22T06:29:02+00:00\"},{\"@type\":\"WebSite\",\"@id\":\"https:\\\/\\\/www.rucashk.com\\\/pt\\\/#website\",\"url\":\"https:\\\/\\\/www.rucashk.com\\\/pt\\\/\",\"name\":\"Rucas - Wholesale and distribution worldwide\",\"alternateName\":\"Rucas - One-stop AIoT Distribution Worldwide\",\"description\":\"One-stop AIoT Distribution Worldwide\",\"inLanguage\":\"pt-PT\",\"publisher\":{\"@id\":\"https:\\\/\\\/www.rucashk.com\\\/pt\\\/#organization\"}}]}\n\t\t<\/script>\n\t\t<!-- All in One SEO Pro -->\r\n\t\t<title>Ninebot KickScooter ES2 Wholesale - Rucas - Wholesale and Distribution<\/title>\n\n","aioseo_head_json":{"title":"Ninebot KickScooter ES2 Wholesale - Rucas - Wholesale and Distribution","description":"Ninebot ES2 Folding Electric Scooter Features\uff1a 1. 36V 300W Max.600W 2. 187Wh\/high capacity battery 3. Smart App remote control 4. Quick-folding\uff0cspace-saving\uff0cportable to carry 5. Green energy recovery system 6. IP54 waterproof Your Personal Style Electric Scooter","canonical_url":"https:\/\/www.rucashk.com\/pt\/produto\/ninebot-kickscooter-es2-wholesale\/","robots":"max-image-preview:large","keywords":"","webmasterTools":{"miscellaneous":""},"og:locale":"pt_PT","og:site_name":"Rucas - One-stop AIoT Distribution Worldwide","og:type":"article","og:title":"Ninebot KickScooter ES2 Wholesale - Rucas - Wholesale and Distribution","og:description":"Ninebot ES2 Folding Electric Scooter Features\uff1a 1. 36V 300W Max.600W 2. 187Wh\/high capacity battery 3. Smart App remote control 4. Quick-folding\uff0cspace-saving\uff0cportable to carry 5. Green energy recovery system 6. IP54 waterproof Your Personal Style Electric Scooter","og:url":"https:\/\/www.rucashk.com\/pt\/produto\/ninebot-kickscooter-es2-wholesale\/","og:image":"https:\/\/www.rucashk.com\/wp-content\/uploads\/replace\/503b8e645f128a97ccde2b6290747646.jpeg","og:image:secure_url":"https:\/\/www.rucashk.com\/wp-content\/uploads\/replace\/503b8e645f128a97ccde2b6290747646.jpeg","og:image:width":1456,"og:image:height":816,"article:published_time":"2024-01-09T15:30:50+00:00","article:modified_time":"2025-06-22T06:29:02+00:00","twitter:card":"summary_large_image","twitter:title":"Ninebot KickScooter ES2 Wholesale - Rucas - Wholesale and Distribution","twitter:description":"Ninebot ES2 Folding Electric Scooter Features\uff1a 1. 36V 300W Max.600W 2. 187Wh\/high capacity battery 3. Smart App remote control 4. Quick-folding\uff0cspace-saving\uff0cportable to carry 5. Green energy recovery system 6. IP54 waterproof Your Personal Style Electric Scooter","twitter:image":"https:\/\/www.rucashk.com\/wp-content\/uploads\/replace\/503b8e645f128a97ccde2b6290747646.jpeg","schema":{"@context":"https:\/\/schema.org","@graph":[{"@type":"BreadcrumbList","@id":"https:\/\/www.rucashk.com\/pt\/produto\/ninebot-kickscooter-es2-wholesale\/#breadcrumblist","itemListElement":[{"@type":"ListItem","@id":"https:\/\/www.rucashk.com\/pt\/#listItem","position":1,"name":"Home","item":"https:\/\/www.rucashk.com\/pt\/","nextItem":"https:\/\/www.rucashk.com\/pt\/produto\/ninebot-kickscooter-es2-wholesale\/#listItem"},{"@type":"ListItem","@id":"https:\/\/www.rucashk.com\/pt\/produto\/ninebot-kickscooter-es2-wholesale\/#listItem","position":2,"name":"Ninebot KickScooter ES2 Wholesale","previousItem":"https:\/\/www.rucashk.com\/pt\/#listItem"}]},{"@type":"Organization","@id":"https:\/\/www.rucashk.com\/pt\/#organization","name":"Rucas","url":"https:\/\/www.rucashk.com\/pt\/","logo":{"@type":"ImageObject","url":"https:\/\/www.rucashk.com\/wp-content\/uploads\/2023\/12\/Rucas_campany_logo.png","@id":"https:\/\/www.rucashk.com\/pt\/produto\/ninebot-kickscooter-es2-wholesale\/#organizationLogo","width":221,"height":65},"image":{"@id":"https:\/\/www.rucashk.com\/pt\/#organizationLogo"}},{"@type":"Person","@id":"https:\/\/www.rucashk.com\/pt\/author\/admin\/#author","url":"https:\/\/www.rucashk.com\/pt\/author\/admin\/","name":"admin","image":{"@type":"ImageObject","@id":"https:\/\/www.rucashk.com\/pt\/produto\/ninebot-kickscooter-es2-wholesale\/#authorImage","url":"https:\/\/secure.gravatar.com\/avatar\/b7c8925b09a27e72b30232f8ecaadbd5af0f70a38c78096863fe51b64f031c24?s=96&d=mm&r=g","width":96,"height":96,"caption":"admin"}},{"@type":"WebPage","@id":"https:\/\/www.rucashk.com\/pt\/produto\/ninebot-kickscooter-es2-wholesale\/#webpage","url":"https:\/\/www.rucashk.com\/pt\/produto\/ninebot-kickscooter-es2-wholesale\/","name":"Ninebot KickScooter ES2 Wholesale - Rucas - Wholesale and Distribution","description":"Ninebot ES2 Folding Electric Scooter Features\uff1a 1. 36V 300W Max.600W 2. 187Wh\/high capacity battery 3. Smart App remote control 4. Quick-folding\uff0cspace-saving\uff0cportable to carry 5. Green energy recovery system 6. IP54 waterproof Your Personal Style Electric Scooter","inLanguage":"pt-PT","isPartOf":{"@id":"https:\/\/www.rucashk.com\/pt\/#website"},"breadcrumb":{"@id":"https:\/\/www.rucashk.com\/pt\/produto\/ninebot-kickscooter-es2-wholesale\/#breadcrumblist"},"author":{"@id":"https:\/\/www.rucashk.com\/pt\/author\/admin\/#author"},"creator":{"@id":"https:\/\/www.rucashk.com\/pt\/author\/admin\/#author"},"image":{"@type":"ImageObject","url":"https:\/\/www.rucashk.com\/wp-content\/uploads\/2024\/01\/Original-ES2-KickScooter-Portable-Foldable-Adult-Electric-Scooter-E-Bike-36V-300W-Black-App-Electric-Scootes-1.jpg","@id":"https:\/\/www.rucashk.com\/pt\/produto\/ninebot-kickscooter-es2-wholesale\/#mainImage","width":800,"height":800},"primaryImageOfPage":{"@id":"https:\/\/www.rucashk.com\/pt\/produto\/ninebot-kickscooter-es2-wholesale\/#mainImage"},"datePublished":"2024-01-09T15:30:50+00:00","dateModified":"2025-06-22T06:29:02+00:00"},{"@type":"WebSite","@id":"https:\/\/www.rucashk.com\/pt\/#website","url":"https:\/\/www.rucashk.com\/pt\/","name":"Rucas - Wholesale and distribution worldwide","alternateName":"Rucas - One-stop AIoT Distribution Worldwide","description":"One-stop AIoT Distribution Worldwide","inLanguage":"pt-PT","publisher":{"@id":"https:\/\/www.rucashk.com\/pt\/#organization"}}]}},"aioseo_meta_data":{"post_id":"21250","title":null,"description":null,"keywords":null,"keyphrases":null,"primary_term":null,"canonical_url":null,"og_title":null,"og_description":null,"og_object_type":"default","og_image_type":"default","og_image_url":null,"og_image_width":null,"og_image_height":null,"og_image_custom_url":null,"og_image_custom_fields":null,"og_video":"","og_custom_url":null,"og_article_section":null,"og_article_tags":null,"twitter_use_og":false,"twitter_card":"default","twitter_image_type":"default","twitter_image_url":null,"twitter_image_custom_url":null,"twitter_image_custom_fields":null,"twitter_title":null,"twitter_description":null,"schema":{"blockGraphs":[],"customGraphs":[],"default":{"data":{"Article":[],"Course":[],"Dataset":[],"FAQPage":[],"Movie":[],"Person":[],"Product":[],"Recipe":[],"Service":[],"SoftwareApplication":[],"WebPage":[]},"graphName":"","isEnabled":true},"graphs":[]},"schema_type":"default","schema_type_options":null,"pillar_content":false,"robots_default":true,"robots_noindex":false,"robots_noarchive":false,"robots_nosnippet":false,"robots_nofollow":false,"robots_noimageindex":false,"robots_noodp":false,"robots_notranslate":false,"robots_max_snippet":"-1","robots_max_videopreview":"-1","robots_max_imagepreview":"large","priority":null,"frequency":"default","local_seo":null,"breadcrumb_settings":null,"limit_modified_date":false,"created":"2024-04-11 01:55:14","updated":"2025-06-22 16:18:06"},"aioseo_breadcrumb":"<div class=\"aioseo-breadcrumbs\"><span class=\"aioseo-breadcrumb\">\n\t<a href=\"https:\/\/www.rucashk.com\/pt\" title=\"Home\">Home<\/a>\n<\/span><span class=\"aioseo-breadcrumb-separator\">&raquo;<\/span><span class=\"aioseo-breadcrumb\">\n\t<a href=\"https:\/\/www.rucashk.com\/pt\/products\/\" title=\"Produtos\">Produtos<\/a>\n<\/span><span class=\"aioseo-breadcrumb-separator\">&raquo;<\/span><span class=\"aioseo-breadcrumb\">\n\t<a href=\"https:\/\/www.rucashk.com\/pt\/marca\/ninebot\/\" title=\"Ninebot\">Ninebot<\/a>\n<\/span><span class=\"aioseo-breadcrumb-separator\">&raquo;<\/span><span class=\"aioseo-breadcrumb\">\n\tNinebot KickScooter ES2 Wholesale\n<\/span><\/div>","aioseo_breadcrumb_json":[{"label":"Home","link":"https:\/\/www.rucashk.com\/pt"},{"label":"Produtos","link":"https:\/\/www.rucashk.com\/pt\/products\/"},{"label":"Ninebot","link":"https:\/\/www.rucashk.com\/pt\/marca\/ninebot\/"},{"label":"Ninebot KickScooter ES2 Wholesale","link":"https:\/\/www.rucashk.com\/pt\/produto\/ninebot-kickscooter-es2-wholesale\/"}],"_links":{"self":[{"href":"https:\/\/www.rucashk.com\/pt\/wp-json\/wp\/v2\/product\/21250","targetHints":{"allow":["GET"]}}],"collection":[{"href":"https:\/\/www.rucashk.com\/pt\/wp-json\/wp\/v2\/product"}],"about":[{"href":"https:\/\/www.rucashk.com\/pt\/wp-json\/wp\/v2\/types\/product"}],"wp:featuredmedia":[{"embeddable":true,"href":"https:\/\/www.rucashk.com\/pt\/wp-json\/wp\/v2\/media\/21307"}],"wp:attachment":[{"href":"https:\/\/www.rucashk.com\/pt\/wp-json\/wp\/v2\/media?parent=21250"}],"wp:term":[{"taxonomy":"product_brand","embeddable":true,"href":"https:\/\/www.rucashk.com\/pt\/wp-json\/wp\/v2\/product_brand?post=21250"},{"taxonomy":"product_cat","embeddable":true,"href":"https:\/\/www.rucashk.com\/pt\/wp-json\/wp\/v2\/product_cat?post=21250"},{"taxonomy":"product_tag","embeddable":true,"href":"https:\/\/www.rucashk.com\/pt\/wp-json\/wp\/v2\/product_tag?post=21250"}],"curies":[{"name":"wp","href":"https:\/\/api.w.org\/{rel}","templated":true}]}}