{"id":21245,"date":"2024-01-09T15:30:49","date_gmt":"2024-01-09T15:30:49","guid":{"rendered":"http:\/\/rucashk.com\/?post_type=product&#038;p=21245"},"modified":"2025-06-22T06:25:23","modified_gmt":"2025-06-22T06:25:23","slug":"mi-box-s-wifi-bluetooth-tv-box-streaming-media-player-whosale","status":"publish","type":"product","link":"https:\/\/www.rucashk.com\/pt\/produto\/mi-box-s-wifi-bluetooth-tv-box-streaming-media-player-whosale\/","title":{"rendered":"Mi Box WIFI Bluetooth TV Box Streaming Media Player atacado"},"content":{"rendered":"<p><img fetchpriority=\"high\" decoding=\"async\" class=\"alignnone\" src=\"\/wp-content\/uploads\/replace\/a1f94dcfdaa5152ae2636dc4d7aecb46.jpeg\" alt=\"Mi Box s WIFI bluetooth TV Box Streaming Media Player Whosale\" width=\"1920\" height=\"863\" \/><br \/>\n<img decoding=\"async\" class=\"alignnone\" src=\"\/wp-content\/uploads\/replace\/b2c25c783397be8ecca5b655bc6d1e30.jpeg\" alt=\"Mi Box s WIFI bluetooth TV Box Streaming Media Player Whosale\" width=\"1920\" height=\"1079\" \/><br \/>\n<img decoding=\"async\" class=\"alignnone\" src=\"\/wp-content\/uploads\/replace\/eb30606f8ad8028895f5950485caeefa.jpeg\" alt=\"Mi Box s WIFI bluetooth TV Box Streaming Media Player Whosale\" width=\"1920\" height=\"963\" \/><br \/>\n<img loading=\"lazy\" decoding=\"async\" class=\"alignnone\" src=\"\/wp-content\/uploads\/replace\/aec5891107e40294cd898cf15e1a3ab5.jpeg\" alt=\"Mi Box s WIFI bluetooth TV Box Streaming Media Player Whosale\" width=\"1920\" height=\"963\" \/><br \/>\n<img loading=\"lazy\" decoding=\"async\" class=\"alignnone\" src=\"\/wp-content\/uploads\/replace\/fed721b030b311cca13bbf4878fe0f10.jpeg\" alt=\"Mi Box s WIFI bluetooth TV Box Streaming Media Player Whosale\" width=\"1920\" height=\"963\" \/><br \/>\n<img loading=\"lazy\" decoding=\"async\" class=\"alignnone\" src=\"\/wp-content\/uploads\/replace\/4c1854abafe7c8c08b9498b765f03346.jpeg\" alt=\"Mi Box s WIFI bluetooth TV Box Streaming Media Player Whosale\" width=\"1920\" height=\"736\" \/><\/p>\n<div class=\"widget module_tit\">\n<p>Descri\u00e7\u00e3o do produto<\/p>\n<p><a class=\"\" style=\"width: auto !important\" href=\"https:\/\/www.rucashk.com\/pt\/produto\/xiaomi-mi-a3-4g-smartphone-4gb-ram-128gb-rom\/\" data-wpil-post-to-id=\"2352\">Xiaomi Mibox S 2GB DDR3 RAM 8GB ROM<\/a> Android 8.1 5G Wi-Fi Bluetooth 4.2 H.265 <a class=\"\" style=\"width: auto !important\" href=\"https:\/\/www.rucashk.com\/pt\/produto\/mi-box-s\/\" data-wpil-post-to-id=\"4349\">TV Box Streaming Media Player Google Assistant Controle de Voz Suporte HD<\/a> Sa\u00edda de som surround Netflix 5.1.<\/p>\n<\/div>\n<div id=\"detail_info\" class=\"widget\">\n<div>\n<table border=\"1\" cellspacing=\"0\" cellpadding=\"0\">\n<tbody>\n<tr>\n<td>Marca<\/td>\n<td>Xiaomi<\/td>\n<\/tr>\n<tr>\n<td>Modelo<\/td>\n<td>Xiaomi <a class=\"\" style=\"width: auto !important\" href=\"https:\/\/www.rucashk.com\/pt\/produto\/mi-home-mi-eco-mi-box-mi-tv-box-s\/\" data-wpil-post-to-id=\"7207\">Mi Caixa S<\/a><\/td>\n<\/tr>\n<tr>\n<td>Dimens\u00f5es<\/td>\n<td>Comprimento: 95,25 mm, Largura: 95,25 mm, Espessura: 16,7 mm, Peso: 147g, Cor: Preto<\/td>\n<\/tr>\n<tr>\n<td>Resolu\u00e7\u00e3o de sa\u00edda<\/td>\n<td>4K (3840x2160)<\/td>\n<\/tr>\n<tr>\n<td>CPU<\/td>\n<td>Cortex-A53 Quad-core de 64 bits<\/td>\n<\/tr>\n<tr>\n<td>GPU<\/td>\n<td>Mali-450<\/td>\n<\/tr>\n<tr>\n<td>BATER<\/td>\n<td>2GB DDR3<\/td>\n<\/tr>\n<tr>\n<td>Armazenar<\/td>\n<td>eMMC de 8GB<\/td>\n<\/tr>\n<tr>\n<td>Sistema operacional<\/td>\n<td>\u00a0Android 8.1<\/td>\n<\/tr>\n<tr>\n<td rowspan=\"2\">Conectividade sem fio<\/td>\n<td>Wi-Fi: 802.11a\/b\/g\/n\/ac 2,4 GHz\/5 GHz<\/td>\n<\/tr>\n<tr>\n<td>Bluetooth: 4.2<\/td>\n<\/tr>\n<tr>\n<td rowspan=\"6\">Decodificador<\/td>\n<td>Decodificador de v\u00eddeo: 4K@60fps,VP9,H.265,H.264,MPEG1\/2\/4,VC-1,Real8\/9\/10<\/td>\n<\/tr>\n<tr>\n<td>Formato de v\u00eddeo: RM,MOV,VOB,AVI,MKV,TS,Mp4,3D<\/td>\n<\/tr>\n<tr>\n<td>Decodificador de \u00e1udio: DOLBY, DTS<\/td>\n<\/tr>\n<tr>\n<td>Formato de \u00e1udio: MP3,APE,Flac<\/td>\n<\/tr>\n<tr>\n<td>Decodificador de imagem: JPG, BMP, GIF, PNG, TIF<\/td>\n<\/tr>\n<tr>\n<td>Idioma de suporte: Global<\/td>\n<\/tr>\n<tr>\n<td>Soquete<\/td>\n<td>HDMI2.0a x 1, USB2.0 x 1, Interface de alimenta\u00e7\u00e3o x 1, Sa\u00edda de \u00e1udio x 1<\/td>\n<\/tr>\n<tr>\n<td rowspan=\"5\">Lista de embalagem<\/td>\n<td>Xiaomi Mi <a class=\"\" style=\"width: auto !important\" href=\"https:\/\/www.rucashk.com\/pt\/produto\/mi-box-s\/\" data-wpil-post-to-id=\"4349\">Caixa de TV Android S<\/a> x 1<\/td>\n<\/tr>\n<tr>\n<td>Manual do usu\u00e1rio x 1<\/td>\n<\/tr>\n<tr>\n<td><a class=\"\" style=\"width: auto !important\" href=\"https:\/\/www.rucashk.com\/pt\/update-your-air-conditioning-xiaomi-releases-a-smart-ai-universal-remote-control\/\" data-wpil-post-to-id=\"9669\">Controle remoto<\/a> x 1<\/td>\n<\/tr>\n<tr>\n<td>Plugue de alimenta\u00e7\u00e3ox 1<\/td>\n<\/tr>\n<tr>\n<td><\/td>\n<\/tr>\n<\/tbody>\n<\/table>\n<p>&nbsp;<\/p>\n<\/div>\n<\/div>","protected":false},"excerpt":{"rendered":"<div id=\"ds_div\">Dimens\u00f5es:<\/div>\n<div>\nComprimento: 95,25 mm, Largura: 95,25 mm, Espessura: 16,7 mm, Peso: 147g, Cor: Preto<br \/>\nResolu\u00e7\u00e3o de sa\u00edda<br \/>\n4K (3840x2160)<br \/>\nCPU Cortex-A53 Quad-core de 64 bits<br \/>\nGPU Mali-450<br \/>\nRAM 2 GB DDR3<br \/>\nArmazenamento: 8GB eMMC<br \/>\nSistema operacional: Android 8.1<br \/>\nConectividade sem fio: Wi-Fi: 802.11a\/b\/g\/n\/ac 2,4 GHz\/5 GHz<br \/>\nBluetooth: 4.2<br \/>\nDecodificador<br \/>\nDecodificador de v\u00eddeo: 4K@60fps,VP9,H.265,H.264,MPEG1\/2\/4,VC-1,Real8\/9\/10<br \/>\nFormato de v\u00eddeo: RM,MOV,VOB,AVI,MKV,TS,Mp4,3D<br \/>\nDecodificador de \u00e1udio: DOLBY, DTS<br \/>\nFormato de \u00e1udio: MP3,APE,Flac<br \/>\nDecodificador de imagem: JPG, BMP, GIF, PNG, TIF<br \/>\nIdioma de suporte: Global<br \/>\nSoquete: HDMI2.0a x 1, USB2.0 x 1, Interface de alimenta\u00e7\u00e3o x 1, Sa\u00edda de \u00e1udio x 1<\/div>","protected":false},"featured_media":21289,"template":"","meta":[],"product_brand":[1363],"product_cat":[1315,1305],"product_tag":[],"class_list":{"0":"post-21245","1":"product","2":"type-product","3":"status-publish","4":"has-post-thumbnail","6":"product_brand-xiaomi","7":"product_cat-tv-accessories","8":"product_cat-xiaomi-eco","10":"first","11":"instock","12":"shipping-taxable","13":"product-type-external"},"aioseo_notices":[],"aioseo_head":"\n\t\t<!-- All in One SEO Pro 4.5.9.2 - aioseo.com -->\n\t\t<meta name=\"description\" content=\"Dimensions\uff1a Length: 95.25mm,Width: 95.25mm,Thickness: 16.7mm,Weight: 147g,Color: Black Output Resolution 4K (3840 x 2160) CPU Cortex-A53 Quad-core 64bit GPU Mali-450 RAM 2GB DDR3 Storage: 8GB eMMC Operating System: Android 8.1 Wireless connectivity: Wi-Fi: 802.11a\/b\/g\/n\/ac 2.4GHz\/5GHz Bluetooth: 4.2 Decoder Video decoder: 4K@60fps,VP9,H.265,H.264,MPEG1\/2\/4,VC-1,Real8\/9\/10 Video Format: RM,MOV,VOB,AVI,MKV,TS,Mp4,3D Audio decoder: DOLBY, DTS Audio Format: MP3,APE,Flac Image decoder: JPG,BMP,GIF,PNG,TIF Support Language: Global Socket: HDMI2.0a x 1,USB2.0 x 1,Power Interface x 1,Audio Out x 1\" \/>\n\t\t<meta name=\"robots\" content=\"max-image-preview:large\" \/>\n\t\t<link rel=\"canonical\" href=\"https:\/\/www.rucashk.com\/pt\/produto\/mi-box-s-wifi-bluetooth-tv-box-streaming-media-player-whosale\/\" \/>\n\t\t<meta name=\"generator\" content=\"All in One SEO Pro (AIOSEO) 4.5.9.2\" \/>\n\t\t<meta property=\"og:locale\" content=\"pt_PT\" \/>\n\t\t<meta property=\"og:site_name\" content=\"Rucas - One-stop AIoT Distribution Worldwide\" \/>\n\t\t<meta property=\"og:type\" content=\"article\" \/>\n\t\t<meta property=\"og:title\" content=\"Mi Box s WIFI bluetooth TV Box Streaming Media Player Whosale - Rucas - Wholesale and Distribution\" \/>\n\t\t<meta property=\"og:description\" content=\"Dimensions\uff1a Length: 95.25mm,Width: 95.25mm,Thickness: 16.7mm,Weight: 147g,Color: Black Output Resolution 4K (3840 x 2160) CPU Cortex-A53 Quad-core 64bit GPU Mali-450 RAM 2GB DDR3 Storage: 8GB eMMC Operating System: Android 8.1 Wireless connectivity: Wi-Fi: 802.11a\/b\/g\/n\/ac 2.4GHz\/5GHz Bluetooth: 4.2 Decoder Video decoder: 4K@60fps,VP9,H.265,H.264,MPEG1\/2\/4,VC-1,Real8\/9\/10 Video Format: RM,MOV,VOB,AVI,MKV,TS,Mp4,3D Audio decoder: DOLBY, DTS Audio Format: MP3,APE,Flac Image decoder: JPG,BMP,GIF,PNG,TIF Support Language: Global Socket: HDMI2.0a x 1,USB2.0 x 1,Power Interface x 1,Audio Out x 1\" \/>\n\t\t<meta property=\"og:url\" content=\"https:\/\/www.rucashk.com\/pt\/produto\/mi-box-s-wifi-bluetooth-tv-box-streaming-media-player-whosale\/\" \/>\n\t\t<meta property=\"og:image\" content=\"https:\/\/www.rucashk.com\/wp-content\/uploads\/replace\/503b8e645f128a97ccde2b6290747646.jpeg\" \/>\n\t\t<meta property=\"og:image:secure_url\" content=\"https:\/\/www.rucashk.com\/wp-content\/uploads\/replace\/503b8e645f128a97ccde2b6290747646.jpeg\" \/>\n\t\t<meta property=\"og:image:width\" content=\"1456\" \/>\n\t\t<meta property=\"og:image:height\" content=\"816\" \/>\n\t\t<meta property=\"article:published_time\" content=\"2024-01-09T15:30:49+00:00\" \/>\n\t\t<meta property=\"article:modified_time\" content=\"2025-06-22T06:25:23+00:00\" \/>\n\t\t<meta name=\"twitter:card\" content=\"summary_large_image\" \/>\n\t\t<meta name=\"twitter:title\" content=\"Mi Box s WIFI bluetooth TV Box Streaming Media Player Whosale - Rucas - Wholesale and Distribution\" \/>\n\t\t<meta name=\"twitter:description\" content=\"Dimensions\uff1a Length: 95.25mm,Width: 95.25mm,Thickness: 16.7mm,Weight: 147g,Color: Black Output Resolution 4K (3840 x 2160) CPU Cortex-A53 Quad-core 64bit GPU Mali-450 RAM 2GB DDR3 Storage: 8GB eMMC Operating System: Android 8.1 Wireless connectivity: Wi-Fi: 802.11a\/b\/g\/n\/ac 2.4GHz\/5GHz Bluetooth: 4.2 Decoder Video decoder: 4K@60fps,VP9,H.265,H.264,MPEG1\/2\/4,VC-1,Real8\/9\/10 Video Format: RM,MOV,VOB,AVI,MKV,TS,Mp4,3D Audio decoder: DOLBY, DTS Audio Format: MP3,APE,Flac Image decoder: JPG,BMP,GIF,PNG,TIF Support Language: Global Socket: HDMI2.0a x 1,USB2.0 x 1,Power Interface x 1,Audio Out x 1\" \/>\n\t\t<meta name=\"twitter:image\" content=\"https:\/\/www.rucashk.com\/wp-content\/uploads\/replace\/503b8e645f128a97ccde2b6290747646.jpeg\" \/>\n\t\t<script type=\"application\/ld+json\" class=\"aioseo-schema\">\n\t\t\t{\"@context\":\"https:\\\/\\\/schema.org\",\"@graph\":[{\"@type\":\"BreadcrumbList\",\"@id\":\"https:\\\/\\\/www.rucashk.com\\\/pt\\\/produto\\\/mi-box-s-wifi-bluetooth-tv-box-streaming-media-player-whosale\\\/#breadcrumblist\",\"itemListElement\":[{\"@type\":\"ListItem\",\"@id\":\"https:\\\/\\\/www.rucashk.com\\\/pt\\\/#listItem\",\"position\":1,\"name\":\"Home\",\"item\":\"https:\\\/\\\/www.rucashk.com\\\/pt\\\/\",\"nextItem\":\"https:\\\/\\\/www.rucashk.com\\\/pt\\\/produto\\\/mi-box-s-wifi-bluetooth-tv-box-streaming-media-player-whosale\\\/#listItem\"},{\"@type\":\"ListItem\",\"@id\":\"https:\\\/\\\/www.rucashk.com\\\/pt\\\/produto\\\/mi-box-s-wifi-bluetooth-tv-box-streaming-media-player-whosale\\\/#listItem\",\"position\":2,\"name\":\"Mi Box s WIFI bluetooth TV Box Streaming Media Player Whosale\",\"previousItem\":\"https:\\\/\\\/www.rucashk.com\\\/pt\\\/#listItem\"}]},{\"@type\":\"Organization\",\"@id\":\"https:\\\/\\\/www.rucashk.com\\\/pt\\\/#organization\",\"name\":\"Rucas\",\"url\":\"https:\\\/\\\/www.rucashk.com\\\/pt\\\/\",\"logo\":{\"@type\":\"ImageObject\",\"url\":\"https:\\\/\\\/www.rucashk.com\\\/wp-content\\\/uploads\\\/2023\\\/12\\\/Rucas_campany_logo.png\",\"@id\":\"https:\\\/\\\/www.rucashk.com\\\/pt\\\/produto\\\/mi-box-s-wifi-bluetooth-tv-box-streaming-media-player-whosale\\\/#organizationLogo\",\"width\":221,\"height\":65},\"image\":{\"@id\":\"https:\\\/\\\/www.rucashk.com\\\/pt\\\/#organizationLogo\"}},{\"@type\":\"Person\",\"@id\":\"https:\\\/\\\/www.rucashk.com\\\/pt\\\/author\\\/admin\\\/#author\",\"url\":\"https:\\\/\\\/www.rucashk.com\\\/pt\\\/author\\\/admin\\\/\",\"name\":\"admin\",\"image\":{\"@type\":\"ImageObject\",\"@id\":\"https:\\\/\\\/www.rucashk.com\\\/pt\\\/produto\\\/mi-box-s-wifi-bluetooth-tv-box-streaming-media-player-whosale\\\/#authorImage\",\"url\":\"https:\\\/\\\/secure.gravatar.com\\\/avatar\\\/b7c8925b09a27e72b30232f8ecaadbd5af0f70a38c78096863fe51b64f031c24?s=96&d=mm&r=g\",\"width\":96,\"height\":96,\"caption\":\"admin\"}},{\"@type\":\"WebPage\",\"@id\":\"https:\\\/\\\/www.rucashk.com\\\/pt\\\/produto\\\/mi-box-s-wifi-bluetooth-tv-box-streaming-media-player-whosale\\\/#webpage\",\"url\":\"https:\\\/\\\/www.rucashk.com\\\/pt\\\/produto\\\/mi-box-s-wifi-bluetooth-tv-box-streaming-media-player-whosale\\\/\",\"name\":\"Mi Box s WIFI bluetooth TV Box Streaming Media Player Whosale - Rucas - Wholesale and Distribution\",\"description\":\"Dimensions\\uff1a Length: 95.25mm,Width: 95.25mm,Thickness: 16.7mm,Weight: 147g,Color: Black Output Resolution 4K (3840 x 2160) CPU Cortex-A53 Quad-core 64bit GPU Mali-450 RAM 2GB DDR3 Storage: 8GB eMMC Operating System: Android 8.1 Wireless connectivity: Wi-Fi: 802.11a\\\/b\\\/g\\\/n\\\/ac 2.4GHz\\\/5GHz Bluetooth: 4.2 Decoder Video decoder: 4K@60fps,VP9,H.265,H.264,MPEG1\\\/2\\\/4,VC-1,Real8\\\/9\\\/10 Video Format: RM,MOV,VOB,AVI,MKV,TS,Mp4,3D Audio decoder: DOLBY, DTS Audio Format: MP3,APE,Flac Image decoder: JPG,BMP,GIF,PNG,TIF Support Language: Global Socket: HDMI2.0a x 1,USB2.0 x 1,Power Interface x 1,Audio Out x 1\",\"inLanguage\":\"pt-PT\",\"isPartOf\":{\"@id\":\"https:\\\/\\\/www.rucashk.com\\\/pt\\\/#website\"},\"breadcrumb\":{\"@id\":\"https:\\\/\\\/www.rucashk.com\\\/pt\\\/produto\\\/mi-box-s-wifi-bluetooth-tv-box-streaming-media-player-whosale\\\/#breadcrumblist\"},\"author\":{\"@id\":\"https:\\\/\\\/www.rucashk.com\\\/pt\\\/author\\\/admin\\\/#author\"},\"creator\":{\"@id\":\"https:\\\/\\\/www.rucashk.com\\\/pt\\\/author\\\/admin\\\/#author\"},\"image\":{\"@type\":\"ImageObject\",\"url\":\"https:\\\/\\\/www.rucashk.com\\\/wp-content\\\/uploads\\\/2024\\\/01\\\/s-l500-2-1.jpg\",\"@id\":\"https:\\\/\\\/www.rucashk.com\\\/pt\\\/produto\\\/mi-box-s-wifi-bluetooth-tv-box-streaming-media-player-whosale\\\/#mainImage\",\"width\":800,\"height\":800},\"primaryImageOfPage\":{\"@id\":\"https:\\\/\\\/www.rucashk.com\\\/pt\\\/produto\\\/mi-box-s-wifi-bluetooth-tv-box-streaming-media-player-whosale\\\/#mainImage\"},\"datePublished\":\"2024-01-09T15:30:49+00:00\",\"dateModified\":\"2025-06-22T06:25:23+00:00\"},{\"@type\":\"WebSite\",\"@id\":\"https:\\\/\\\/www.rucashk.com\\\/pt\\\/#website\",\"url\":\"https:\\\/\\\/www.rucashk.com\\\/pt\\\/\",\"name\":\"Rucas - Wholesale and distribution worldwide\",\"alternateName\":\"Rucas - One-stop AIoT Distribution Worldwide\",\"description\":\"One-stop AIoT Distribution Worldwide\",\"inLanguage\":\"pt-PT\",\"publisher\":{\"@id\":\"https:\\\/\\\/www.rucashk.com\\\/pt\\\/#organization\"}}]}\n\t\t<\/script>\n\t\t<!-- All in One SEO Pro -->\r\n\t\t<title>Mi Box s WIFI bluetooth TV Box Streaming Media Player Whosale - Rucas - Wholesale and Distribution<\/title>\n\n","aioseo_head_json":{"title":"Mi Box s WIFI bluetooth TV Box Streaming Media Player Whosale - Rucas - Wholesale and Distribution","description":"Dimensions\uff1a Length: 95.25mm,Width: 95.25mm,Thickness: 16.7mm,Weight: 147g,Color: Black Output Resolution 4K (3840 x 2160) CPU Cortex-A53 Quad-core 64bit GPU Mali-450 RAM 2GB DDR3 Storage: 8GB eMMC Operating System: Android 8.1 Wireless connectivity: Wi-Fi: 802.11a\/b\/g\/n\/ac 2.4GHz\/5GHz Bluetooth: 4.2 Decoder Video decoder: 4K@60fps,VP9,H.265,H.264,MPEG1\/2\/4,VC-1,Real8\/9\/10 Video Format: RM,MOV,VOB,AVI,MKV,TS,Mp4,3D Audio decoder: DOLBY, DTS Audio Format: MP3,APE,Flac Image decoder: JPG,BMP,GIF,PNG,TIF Support Language: Global Socket: HDMI2.0a x 1,USB2.0 x 1,Power Interface x 1,Audio Out x 1","canonical_url":"https:\/\/www.rucashk.com\/pt\/produto\/mi-box-s-wifi-bluetooth-tv-box-streaming-media-player-whosale\/","robots":"max-image-preview:large","keywords":"","webmasterTools":{"miscellaneous":""},"og:locale":"pt_PT","og:site_name":"Rucas - One-stop AIoT Distribution Worldwide","og:type":"article","og:title":"Mi Box s WIFI bluetooth TV Box Streaming Media Player Whosale - Rucas - Wholesale and Distribution","og:description":"Dimensions\uff1a Length: 95.25mm,Width: 95.25mm,Thickness: 16.7mm,Weight: 147g,Color: Black Output Resolution 4K (3840 x 2160) CPU Cortex-A53 Quad-core 64bit GPU Mali-450 RAM 2GB DDR3 Storage: 8GB eMMC Operating System: Android 8.1 Wireless connectivity: Wi-Fi: 802.11a\/b\/g\/n\/ac 2.4GHz\/5GHz Bluetooth: 4.2 Decoder Video decoder: 4K@60fps,VP9,H.265,H.264,MPEG1\/2\/4,VC-1,Real8\/9\/10 Video Format: RM,MOV,VOB,AVI,MKV,TS,Mp4,3D Audio decoder: DOLBY, DTS Audio Format: MP3,APE,Flac Image decoder: JPG,BMP,GIF,PNG,TIF Support Language: Global Socket: HDMI2.0a x 1,USB2.0 x 1,Power Interface x 1,Audio Out x 1","og:url":"https:\/\/www.rucashk.com\/pt\/produto\/mi-box-s-wifi-bluetooth-tv-box-streaming-media-player-whosale\/","og:image":"https:\/\/www.rucashk.com\/wp-content\/uploads\/replace\/503b8e645f128a97ccde2b6290747646.jpeg","og:image:secure_url":"https:\/\/www.rucashk.com\/wp-content\/uploads\/replace\/503b8e645f128a97ccde2b6290747646.jpeg","og:image:width":1456,"og:image:height":816,"article:published_time":"2024-01-09T15:30:49+00:00","article:modified_time":"2025-06-22T06:25:23+00:00","twitter:card":"summary_large_image","twitter:title":"Mi Box s WIFI bluetooth TV Box Streaming Media Player Whosale - Rucas - Wholesale and Distribution","twitter:description":"Dimensions\uff1a Length: 95.25mm,Width: 95.25mm,Thickness: 16.7mm,Weight: 147g,Color: Black Output Resolution 4K (3840 x 2160) CPU Cortex-A53 Quad-core 64bit GPU Mali-450 RAM 2GB DDR3 Storage: 8GB eMMC Operating System: Android 8.1 Wireless connectivity: Wi-Fi: 802.11a\/b\/g\/n\/ac 2.4GHz\/5GHz Bluetooth: 4.2 Decoder Video decoder: 4K@60fps,VP9,H.265,H.264,MPEG1\/2\/4,VC-1,Real8\/9\/10 Video Format: RM,MOV,VOB,AVI,MKV,TS,Mp4,3D Audio decoder: DOLBY, DTS Audio Format: MP3,APE,Flac Image decoder: JPG,BMP,GIF,PNG,TIF Support Language: Global Socket: HDMI2.0a x 1,USB2.0 x 1,Power Interface x 1,Audio Out x 1","twitter:image":"https:\/\/www.rucashk.com\/wp-content\/uploads\/replace\/503b8e645f128a97ccde2b6290747646.jpeg","schema":{"@context":"https:\/\/schema.org","@graph":[{"@type":"BreadcrumbList","@id":"https:\/\/www.rucashk.com\/pt\/produto\/mi-box-s-wifi-bluetooth-tv-box-streaming-media-player-whosale\/#breadcrumblist","itemListElement":[{"@type":"ListItem","@id":"https:\/\/www.rucashk.com\/pt\/#listItem","position":1,"name":"Home","item":"https:\/\/www.rucashk.com\/pt\/","nextItem":"https:\/\/www.rucashk.com\/pt\/produto\/mi-box-s-wifi-bluetooth-tv-box-streaming-media-player-whosale\/#listItem"},{"@type":"ListItem","@id":"https:\/\/www.rucashk.com\/pt\/produto\/mi-box-s-wifi-bluetooth-tv-box-streaming-media-player-whosale\/#listItem","position":2,"name":"Mi Box s WIFI bluetooth TV Box Streaming Media Player Whosale","previousItem":"https:\/\/www.rucashk.com\/pt\/#listItem"}]},{"@type":"Organization","@id":"https:\/\/www.rucashk.com\/pt\/#organization","name":"Rucas","url":"https:\/\/www.rucashk.com\/pt\/","logo":{"@type":"ImageObject","url":"https:\/\/www.rucashk.com\/wp-content\/uploads\/2023\/12\/Rucas_campany_logo.png","@id":"https:\/\/www.rucashk.com\/pt\/produto\/mi-box-s-wifi-bluetooth-tv-box-streaming-media-player-whosale\/#organizationLogo","width":221,"height":65},"image":{"@id":"https:\/\/www.rucashk.com\/pt\/#organizationLogo"}},{"@type":"Person","@id":"https:\/\/www.rucashk.com\/pt\/author\/admin\/#author","url":"https:\/\/www.rucashk.com\/pt\/author\/admin\/","name":"admin","image":{"@type":"ImageObject","@id":"https:\/\/www.rucashk.com\/pt\/produto\/mi-box-s-wifi-bluetooth-tv-box-streaming-media-player-whosale\/#authorImage","url":"https:\/\/secure.gravatar.com\/avatar\/b7c8925b09a27e72b30232f8ecaadbd5af0f70a38c78096863fe51b64f031c24?s=96&d=mm&r=g","width":96,"height":96,"caption":"admin"}},{"@type":"WebPage","@id":"https:\/\/www.rucashk.com\/pt\/produto\/mi-box-s-wifi-bluetooth-tv-box-streaming-media-player-whosale\/#webpage","url":"https:\/\/www.rucashk.com\/pt\/produto\/mi-box-s-wifi-bluetooth-tv-box-streaming-media-player-whosale\/","name":"Mi Box s WIFI bluetooth TV Box Streaming Media Player Whosale - Rucas - Wholesale and Distribution","description":"Dimensions\uff1a Length: 95.25mm,Width: 95.25mm,Thickness: 16.7mm,Weight: 147g,Color: Black Output Resolution 4K (3840 x 2160) CPU Cortex-A53 Quad-core 64bit GPU Mali-450 RAM 2GB DDR3 Storage: 8GB eMMC Operating System: Android 8.1 Wireless connectivity: Wi-Fi: 802.11a\/b\/g\/n\/ac 2.4GHz\/5GHz Bluetooth: 4.2 Decoder Video decoder: 4K@60fps,VP9,H.265,H.264,MPEG1\/2\/4,VC-1,Real8\/9\/10 Video Format: RM,MOV,VOB,AVI,MKV,TS,Mp4,3D Audio decoder: DOLBY, DTS Audio Format: MP3,APE,Flac Image decoder: JPG,BMP,GIF,PNG,TIF Support Language: Global Socket: HDMI2.0a x 1,USB2.0 x 1,Power Interface x 1,Audio Out x 1","inLanguage":"pt-PT","isPartOf":{"@id":"https:\/\/www.rucashk.com\/pt\/#website"},"breadcrumb":{"@id":"https:\/\/www.rucashk.com\/pt\/produto\/mi-box-s-wifi-bluetooth-tv-box-streaming-media-player-whosale\/#breadcrumblist"},"author":{"@id":"https:\/\/www.rucashk.com\/pt\/author\/admin\/#author"},"creator":{"@id":"https:\/\/www.rucashk.com\/pt\/author\/admin\/#author"},"image":{"@type":"ImageObject","url":"https:\/\/www.rucashk.com\/wp-content\/uploads\/2024\/01\/s-l500-2-1.jpg","@id":"https:\/\/www.rucashk.com\/pt\/produto\/mi-box-s-wifi-bluetooth-tv-box-streaming-media-player-whosale\/#mainImage","width":800,"height":800},"primaryImageOfPage":{"@id":"https:\/\/www.rucashk.com\/pt\/produto\/mi-box-s-wifi-bluetooth-tv-box-streaming-media-player-whosale\/#mainImage"},"datePublished":"2024-01-09T15:30:49+00:00","dateModified":"2025-06-22T06:25:23+00:00"},{"@type":"WebSite","@id":"https:\/\/www.rucashk.com\/pt\/#website","url":"https:\/\/www.rucashk.com\/pt\/","name":"Rucas - Wholesale and distribution worldwide","alternateName":"Rucas - One-stop AIoT Distribution Worldwide","description":"One-stop AIoT Distribution Worldwide","inLanguage":"pt-PT","publisher":{"@id":"https:\/\/www.rucashk.com\/pt\/#organization"}}]}},"aioseo_meta_data":{"post_id":"21245","title":null,"description":null,"keywords":null,"keyphrases":null,"primary_term":null,"canonical_url":null,"og_title":null,"og_description":null,"og_object_type":"default","og_image_type":"default","og_image_url":null,"og_image_width":null,"og_image_height":null,"og_image_custom_url":null,"og_image_custom_fields":null,"og_video":null,"og_custom_url":null,"og_article_section":null,"og_article_tags":null,"twitter_use_og":false,"twitter_card":"default","twitter_image_type":"default","twitter_image_url":null,"twitter_image_custom_url":null,"twitter_image_custom_fields":null,"twitter_title":null,"twitter_description":null,"schema":{"blockGraphs":[],"customGraphs":[],"default":{"data":{"Article":[],"Course":[],"Dataset":[],"FAQPage":[],"Movie":[],"Person":[],"Product":[],"Recipe":[],"Service":[],"SoftwareApplication":[],"WebPage":[]},"graphName":"","isEnabled":true},"graphs":[]},"schema_type":"default","schema_type_options":null,"pillar_content":false,"robots_default":true,"robots_noindex":false,"robots_noarchive":false,"robots_nosnippet":false,"robots_nofollow":false,"robots_noimageindex":false,"robots_noodp":false,"robots_notranslate":false,"robots_max_snippet":null,"robots_max_videopreview":null,"robots_max_imagepreview":"large","priority":null,"frequency":null,"local_seo":null,"breadcrumb_settings":null,"limit_modified_date":false,"created":"2024-04-11 01:55:14","updated":"2025-06-22 16:18:05"},"aioseo_breadcrumb":"<div class=\"aioseo-breadcrumbs\"><span class=\"aioseo-breadcrumb\">\n\t<a href=\"https:\/\/www.rucashk.com\/pt\" title=\"Home\">Home<\/a>\n<\/span><span class=\"aioseo-breadcrumb-separator\">&raquo;<\/span><span class=\"aioseo-breadcrumb\">\n\t<a href=\"https:\/\/www.rucashk.com\/pt\/products\/\" title=\"Produtos\">Produtos<\/a>\n<\/span><span class=\"aioseo-breadcrumb-separator\">&raquo;<\/span><span class=\"aioseo-breadcrumb\">\n\t<a href=\"https:\/\/www.rucashk.com\/pt\/marca\/xiaomi\/\" title=\"Xiaomi\">Xiaomi<\/a>\n<\/span><span class=\"aioseo-breadcrumb-separator\">&raquo;<\/span><span class=\"aioseo-breadcrumb\">\n\tMi Box s WIFI bluetooth TV Box Streaming Media Player Whosale\n<\/span><\/div>","aioseo_breadcrumb_json":[{"label":"Home","link":"https:\/\/www.rucashk.com\/pt"},{"label":"Produtos","link":"https:\/\/www.rucashk.com\/pt\/products\/"},{"label":"Xiaomi","link":"https:\/\/www.rucashk.com\/pt\/marca\/xiaomi\/"},{"label":"Mi Box s WIFI bluetooth TV Box Streaming Media Player Whosale","link":"https:\/\/www.rucashk.com\/pt\/produto\/mi-box-s-wifi-bluetooth-tv-box-streaming-media-player-whosale\/"}],"_links":{"self":[{"href":"https:\/\/www.rucashk.com\/pt\/wp-json\/wp\/v2\/product\/21245","targetHints":{"allow":["GET"]}}],"collection":[{"href":"https:\/\/www.rucashk.com\/pt\/wp-json\/wp\/v2\/product"}],"about":[{"href":"https:\/\/www.rucashk.com\/pt\/wp-json\/wp\/v2\/types\/product"}],"wp:featuredmedia":[{"embeddable":true,"href":"https:\/\/www.rucashk.com\/pt\/wp-json\/wp\/v2\/media\/21289"}],"wp:attachment":[{"href":"https:\/\/www.rucashk.com\/pt\/wp-json\/wp\/v2\/media?parent=21245"}],"wp:term":[{"taxonomy":"product_brand","embeddable":true,"href":"https:\/\/www.rucashk.com\/pt\/wp-json\/wp\/v2\/product_brand?post=21245"},{"taxonomy":"product_cat","embeddable":true,"href":"https:\/\/www.rucashk.com\/pt\/wp-json\/wp\/v2\/product_cat?post=21245"},{"taxonomy":"product_tag","embeddable":true,"href":"https:\/\/www.rucashk.com\/pt\/wp-json\/wp\/v2\/product_tag?post=21245"}],"curies":[{"name":"wp","href":"https:\/\/api.w.org\/{rel}","templated":true}]}}