{"id":21244,"date":"2024-01-09T15:30:49","date_gmt":"2024-01-09T15:30:49","guid":{"rendered":"http:\/\/rucashk.com\/?post_type=product&#038;p=21244"},"modified":"2025-06-22T06:25:36","modified_gmt":"2025-06-22T06:25:36","slug":"amazfit-gtr-amoled-smart-watch-gpsglonass-wholesale","status":"publish","type":"product","link":"https:\/\/www.rucashk.com\/pt\/produto\/amazfit-gtr-amoled-smart-watch-gpsglonass-wholesale\/","title":{"rendered":"Rel\u00f3gio inteligente Amazfit GTR AMOLED GPS + GLONASS atacado"},"content":{"rendered":"<p><img fetchpriority=\"high\" decoding=\"async\" class=\"alignnone\" src=\"\/wp-content\/uploads\/replace\/1ffa28804c75267bccf239d4f0a763b7.jpeg\" alt=\"Amazfit GTR AMOLED Smart Watch GPS+GLONASS Wholesale\" width=\"1920\" height=\"1882\" \/><br \/>\n<img decoding=\"async\" class=\"alignnone\" src=\"\/wp-content\/uploads\/replace\/68f06b37f2480c585c51a01855c49d80.jpeg\" alt=\"Amazfit GTR AMOLED Smart Watch GPS+GLONASS Wholesale\" width=\"1920\" height=\"1882\" \/><br \/>\n<img decoding=\"async\" class=\"alignnone\" src=\"\/wp-content\/uploads\/replace\/73f55c6ddd514f9d22bb000519b0a096.jpeg\" alt=\"Amazfit GTR AMOLED Smart Watch GPS+GLONASS Wholesale\" width=\"1920\" height=\"1882\" \/><br \/>\n<img loading=\"lazy\" decoding=\"async\" class=\"alignnone\" src=\"\/wp-content\/uploads\/replace\/111ad604f143d45abca3c4c0dd475b30.jpeg\" alt=\"Amazfit GTR AMOLED Smart Watch GPS+GLONASS Wholesale\" width=\"1920\" height=\"1882\" \/><br \/>\n<img loading=\"lazy\" decoding=\"async\" class=\"alignnone\" src=\"\/wp-content\/uploads\/replace\/66e97e6f40e3667b00946eaa36d4b1c4.jpeg\" alt=\"Amazfit GTR AMOLED Smart Watch GPS+GLONASS Wholesale\" width=\"1920\" height=\"861\" \/><\/p>\n<p>&nbsp;<\/p>\n<table cellspacing=\"0\" cellpadding=\"0\">\n<thead>\n<tr>\n<th><\/th>\n<th><a class=\"\" style=\"width: auto !important\" href=\"https:\/\/www.rucashk.com\/pt\/produto\/amazfit-gtr\/\" data-wpil-post-to-id=\"4429\">Amazfit GTR<\/a> 47mm<\/th>\n<th><a class=\"\" style=\"width: auto !important\" href=\"https:\/\/www.rucashk.com\/pt\/produto\/amazfit-gtr\/\" data-wpil-post-to-id=\"4429\">Amazfit GTR<\/a> 42mm<\/th>\n<\/tr>\n<\/thead>\n<tbody>\n<tr>\n<td>\n<h3>Tamanho<\/h3>\n<\/td>\n<td>47,2x47,2x10,75mm<\/td>\n<td>42,6x42,6x9,2mm<\/td>\n<\/tr>\n<tr>\n<td>\n<h3>Peso<\/h3>\n<p>(sem al\u00e7a)<\/td>\n<td>Liga de alum\u00ednio: Aprox. 36g<br \/>\nA\u00e7o inoxid\u00e1vel: Aprox. 48g<br \/>\nTit\u00e2nio: Aprox. 40g<\/td>\n<td>Aproximadamente. 25,5g<\/td>\n<\/tr>\n<tr>\n<td>\n<h3>Grau de resist\u00eancia \u00e0 \u00e1gua e poeira<\/h3>\n<\/td>\n<td>5 caixas eletr\u00f4nicos<\/td>\n<td>5 caixas eletr\u00f4nicos<\/td>\n<\/tr>\n<tr>\n<td>\n<h3>Tela<\/h3>\n<\/td>\n<td>Tela AMOLED de 1,39\u2033, resolu\u00e7\u00e3o 454\u00d7454, 326 ppi<\/td>\n<td>1,2\u2033 AMOLED, resolu\u00e7\u00e3o 390\u00d7390, 326 ppi, tela sempre ativa<\/td>\n<\/tr>\n<tr>\n<td>\n<h3>Tela sens\u00edvel ao toque<\/h3>\n<\/td>\n<td>Vidro temperado Corning Gorilla 3 + revestimento anti-impress\u00e3o digital<\/td>\n<td>Vidro temperado Corning Gorilla 3 + revestimento anti-impress\u00e3o digital<\/td>\n<\/tr>\n<tr>\n<td>\n<h3>Tipos de pulseiras de rel\u00f3gio padr\u00e3o<\/h3>\n<\/td>\n<td>Liga de alum\u00ednio: pulseira de couro marrom<br \/>\nA\u00e7o inoxid\u00e1vel: pulseira de couro marrom<br \/>\nTit\u00e2nio: pulseira de borracha fluorada<\/td>\n<td>Preto estrelado: pulseira de silicone preta<br \/>\nRosa flor de cerejeira: pulseira de silicone rosa<br \/>\nMoonlight White: pulseira de silicone branca<br \/>\nVermelho Coral: pulseira de silicone vermelha<br \/>\nEdi\u00e7\u00e3o Glitter: pulseira de couro branco<\/td>\n<\/tr>\n<tr>\n<td>\n<h3>Largura da al\u00e7a<\/h3>\n<\/td>\n<td>22mm<\/td>\n<td>20mm<\/td>\n<\/tr>\n<tr>\n<td>\n<h3>Sensores<\/h3>\n<\/td>\n<td colspan=\"2\">BioTracker<sup>MT<\/sup>\u00a0Sensor \u00f3ptico de rastreamento biol\u00f3gico PPG, sensor de acelera\u00e7\u00e3o de 6 eixos, sensor geomagn\u00e9tico de 3 eixos, sensor de press\u00e3o de ar, sensor de capacidade, sensor de luz ambiente<\/td>\n<\/tr>\n<tr>\n<td>\n<h3>Posicionamento<\/h3>\n<\/td>\n<td colspan=\"2\">GPS+GLONASS<\/td>\n<\/tr>\n<tr>\n<td>\n<h3>Conectividade<\/h3>\n<\/td>\n<td colspan=\"2\">BT5.0 BLE<\/td>\n<\/tr>\n<tr>\n<td>\n<h3>Bateria<\/h3>\n<\/td>\n<td>410mAh Li-Po<\/td>\n<td>Li-Po de 195mAh<\/td>\n<\/tr>\n<tr>\n<td>\n<h3>M\u00e9todo de carregamento<\/h3>\n<\/td>\n<td colspan=\"2\">Base de carregamento magn\u00e9tica, carregamento de 2 pinos Pogo Pin<\/td>\n<\/tr>\n<tr>\n<td>\n<h3>Dura\u00e7\u00e3o te\u00f3rica da carga<\/h3>\n<\/td>\n<td colspan=\"2\">Aproximadamente. 2 horas<\/td>\n<\/tr>\n<tr>\n<td>\n<h3>Vida \u00fatil da bateria<\/h3>\n<\/td>\n<td>\n<h3>Cen\u00e1rio de uso t\u00edpico: 24 dias<\/h3>\n<p>Frequ\u00eancia card\u00edaca sempre ligada, monitoramento do sono,<br \/>\n150 notifica\u00e7\u00f5es push com ilumina\u00e7\u00e3o de tela,<br \/>\nlevante o pulso para ver a tela 30 vezes,<br \/>\ncorra ou fa\u00e7a exerc\u00edcios 3 vezes por semana durante 30 minutos com GPS ligado e 5 minutos para outras opera\u00e7\u00f5es.<\/p>\n<h3>Modo de rel\u00f3gio b\u00e1sico: 74 dias<\/h3>\n<p>Desligue o Bluetooth, a frequ\u00eancia card\u00edaca e outros recursos e levante o pulso para ver a tela 100 vezes por dia.<\/td>\n<td>\n<h3>Cen\u00e1rio de uso t\u00edpico: 12 dias<\/h3>\n<p>Frequ\u00eancia card\u00edaca sempre ligada, monitoramento do sono,<br \/>\n150 notifica\u00e7\u00f5es push com ilumina\u00e7\u00e3o de tela,<br \/>\nlevante o pulso para ver a tela 30 vezes,<br \/>\ncorra ou fa\u00e7a exerc\u00edcios 3 vezes por semana durante 30 minutos com GPS ligado e 5 minutos para outras opera\u00e7\u00f5es.<\/p>\n<h3>Modo de rel\u00f3gio b\u00e1sico: 34 dias<\/h3>\n<p>Desligue o Bluetooth, a frequ\u00eancia card\u00edaca e outros recursos e levante o pulso para ver a tela 100 vezes por dia.<\/td>\n<\/tr>\n<tr>\n<td>\n<h3>Materiais do corpo<\/h3>\n<\/td>\n<td colspan=\"2\">Metal, cer\u00e2mica microcristalina de zirc\u00f4nio, materiais polim\u00e9ricos<\/td>\n<\/tr>\n<tr>\n<td>\n<h3>Dispositivos suportados<\/h3>\n<\/td>\n<td colspan=\"2\">Android 5.0 e superior, iOS 10.0 e superior<\/td>\n<\/tr>\n<tr>\n<td>\n<h3>Acess\u00f3rios<\/h3>\n<\/td>\n<td colspan=\"2\">Base de carregamento magn\u00e9tica, manual do usu\u00e1rio<\/td>\n<\/tr>\n<\/tbody>\n<\/table>","protected":false},"excerpt":{"rendered":"<p>O rel\u00f3gio inteligente Amazfit GTR apresenta apar\u00eancia cl\u00e1ssica do rel\u00f3gio tradicional, \u00e9 perfeito para uso esportivo e comercial. Sua caracter\u00edstica mais proeminente \u00e9 a bateria de longa dura\u00e7\u00e3o, que chega a 12 dias para uso normal, como resultado, voc\u00ea pode dizer adeus ao carregamento frequente. S\u00e3o mostrados 12 modos esportivos para monitorar sua sa\u00fade em diferentes status. Mais de 100 mostradores de rel\u00f3gio para sua escolha.<\/p>","protected":false},"featured_media":21285,"template":"","meta":[],"product_brand":[1416],"product_cat":[1339,1305],"product_tag":[425,426,427],"class_list":{"0":"post-21244","1":"product","2":"type-product","3":"status-publish","4":"has-post-thumbnail","6":"product_brand-amazfit","7":"product_cat-amazfit-smartwatch","8":"product_cat-xiaomi-eco","9":"product_tag-amazfit","10":"product_tag-gps","11":"product_tag-smart-watch","13":"first","14":"instock","15":"shipping-taxable","16":"product-type-external"},"aioseo_notices":[],"aioseo_head":"\n\t\t<!-- All in One SEO Pro 4.5.9.2 - aioseo.com -->\n\t\t<meta name=\"description\" content=\"Amazfit GTR smart watch features classic look of the traditional watch, it is perfect for sports and business use. Its most prominent feature is ultra-long battery life, which up to 12 days for normal use, in a result, you could say goodbye to frequent charging. 12 sports modes are shown to keep track of your health in different status. Over 100 watch faces for your choice.\" \/>\n\t\t<meta name=\"robots\" content=\"max-image-preview:large\" \/>\n\t\t<link rel=\"canonical\" href=\"https:\/\/www.rucashk.com\/pt\/produto\/amazfit-gtr-amoled-smart-watch-gpsglonass-wholesale\/\" \/>\n\t\t<meta name=\"generator\" content=\"All in One SEO Pro (AIOSEO) 4.5.9.2\" \/>\n\t\t<meta property=\"og:locale\" content=\"pt_PT\" \/>\n\t\t<meta property=\"og:site_name\" content=\"Rucas - One-stop AIoT Distribution Worldwide\" \/>\n\t\t<meta property=\"og:type\" content=\"article\" \/>\n\t\t<meta property=\"og:title\" content=\"Amazfit GTR AMOLED Smart Watch GPS+GLONASS Wholesale - Rucas - Wholesale and Distribution\" \/>\n\t\t<meta property=\"og:description\" content=\"Amazfit GTR smart watch features classic look of the traditional watch, it is perfect for sports and business use. Its most prominent feature is ultra-long battery life, which up to 12 days for normal use, in a result, you could say goodbye to frequent charging. 12 sports modes are shown to keep track of your health in different status. Over 100 watch faces for your choice.\" \/>\n\t\t<meta property=\"og:url\" content=\"https:\/\/www.rucashk.com\/pt\/produto\/amazfit-gtr-amoled-smart-watch-gpsglonass-wholesale\/\" \/>\n\t\t<meta property=\"og:image\" content=\"https:\/\/www.rucashk.com\/wp-content\/uploads\/replace\/503b8e645f128a97ccde2b6290747646.jpeg\" \/>\n\t\t<meta property=\"og:image:secure_url\" content=\"https:\/\/www.rucashk.com\/wp-content\/uploads\/replace\/503b8e645f128a97ccde2b6290747646.jpeg\" \/>\n\t\t<meta property=\"og:image:width\" content=\"1456\" \/>\n\t\t<meta property=\"og:image:height\" content=\"816\" \/>\n\t\t<meta property=\"article:published_time\" content=\"2024-01-09T15:30:49+00:00\" \/>\n\t\t<meta property=\"article:modified_time\" content=\"2025-06-22T06:25:36+00:00\" \/>\n\t\t<meta name=\"twitter:card\" content=\"summary_large_image\" \/>\n\t\t<meta name=\"twitter:title\" content=\"Amazfit GTR AMOLED Smart Watch GPS+GLONASS Wholesale - Rucas - Wholesale and Distribution\" \/>\n\t\t<meta name=\"twitter:description\" content=\"Amazfit GTR smart watch features classic look of the traditional watch, it is perfect for sports and business use. Its most prominent feature is ultra-long battery life, which up to 12 days for normal use, in a result, you could say goodbye to frequent charging. 12 sports modes are shown to keep track of your health in different status. Over 100 watch faces for your choice.\" \/>\n\t\t<meta name=\"twitter:image\" content=\"https:\/\/www.rucashk.com\/wp-content\/uploads\/replace\/503b8e645f128a97ccde2b6290747646.jpeg\" \/>\n\t\t<script type=\"application\/ld+json\" class=\"aioseo-schema\">\n\t\t\t{\"@context\":\"https:\\\/\\\/schema.org\",\"@graph\":[{\"@type\":\"BreadcrumbList\",\"@id\":\"https:\\\/\\\/www.rucashk.com\\\/pt\\\/produto\\\/amazfit-gtr-amoled-smart-watch-gpsglonass-wholesale\\\/#breadcrumblist\",\"itemListElement\":[{\"@type\":\"ListItem\",\"@id\":\"https:\\\/\\\/www.rucashk.com\\\/pt\\\/#listItem\",\"position\":1,\"name\":\"Home\",\"item\":\"https:\\\/\\\/www.rucashk.com\\\/pt\\\/\",\"nextItem\":\"https:\\\/\\\/www.rucashk.com\\\/pt\\\/produto\\\/amazfit-gtr-amoled-smart-watch-gpsglonass-wholesale\\\/#listItem\"},{\"@type\":\"ListItem\",\"@id\":\"https:\\\/\\\/www.rucashk.com\\\/pt\\\/produto\\\/amazfit-gtr-amoled-smart-watch-gpsglonass-wholesale\\\/#listItem\",\"position\":2,\"name\":\"Amazfit GTR AMOLED Smart Watch GPS+GLONASS Wholesale\",\"previousItem\":\"https:\\\/\\\/www.rucashk.com\\\/pt\\\/#listItem\"}]},{\"@type\":\"Organization\",\"@id\":\"https:\\\/\\\/www.rucashk.com\\\/pt\\\/#organization\",\"name\":\"Rucas\",\"url\":\"https:\\\/\\\/www.rucashk.com\\\/pt\\\/\",\"logo\":{\"@type\":\"ImageObject\",\"url\":\"https:\\\/\\\/www.rucashk.com\\\/wp-content\\\/uploads\\\/2023\\\/12\\\/Rucas_campany_logo.png\",\"@id\":\"https:\\\/\\\/www.rucashk.com\\\/pt\\\/produto\\\/amazfit-gtr-amoled-smart-watch-gpsglonass-wholesale\\\/#organizationLogo\",\"width\":221,\"height\":65},\"image\":{\"@id\":\"https:\\\/\\\/www.rucashk.com\\\/pt\\\/#organizationLogo\"}},{\"@type\":\"Person\",\"@id\":\"https:\\\/\\\/www.rucashk.com\\\/pt\\\/author\\\/admin\\\/#author\",\"url\":\"https:\\\/\\\/www.rucashk.com\\\/pt\\\/author\\\/admin\\\/\",\"name\":\"admin\",\"image\":{\"@type\":\"ImageObject\",\"@id\":\"https:\\\/\\\/www.rucashk.com\\\/pt\\\/produto\\\/amazfit-gtr-amoled-smart-watch-gpsglonass-wholesale\\\/#authorImage\",\"url\":\"https:\\\/\\\/secure.gravatar.com\\\/avatar\\\/b7c8925b09a27e72b30232f8ecaadbd5af0f70a38c78096863fe51b64f031c24?s=96&d=mm&r=g\",\"width\":96,\"height\":96,\"caption\":\"admin\"}},{\"@type\":\"WebPage\",\"@id\":\"https:\\\/\\\/www.rucashk.com\\\/pt\\\/produto\\\/amazfit-gtr-amoled-smart-watch-gpsglonass-wholesale\\\/#webpage\",\"url\":\"https:\\\/\\\/www.rucashk.com\\\/pt\\\/produto\\\/amazfit-gtr-amoled-smart-watch-gpsglonass-wholesale\\\/\",\"name\":\"Amazfit GTR AMOLED Smart Watch GPS+GLONASS Wholesale - Rucas - Wholesale and Distribution\",\"description\":\"Amazfit GTR smart watch features classic look of the traditional watch, it is perfect for sports and business use. Its most prominent feature is ultra-long battery life, which up to 12 days for normal use, in a result, you could say goodbye to frequent charging. 12 sports modes are shown to keep track of your health in different status. Over 100 watch faces for your choice.\",\"inLanguage\":\"pt-PT\",\"isPartOf\":{\"@id\":\"https:\\\/\\\/www.rucashk.com\\\/pt\\\/#website\"},\"breadcrumb\":{\"@id\":\"https:\\\/\\\/www.rucashk.com\\\/pt\\\/produto\\\/amazfit-gtr-amoled-smart-watch-gpsglonass-wholesale\\\/#breadcrumblist\"},\"author\":{\"@id\":\"https:\\\/\\\/www.rucashk.com\\\/pt\\\/author\\\/admin\\\/#author\"},\"creator\":{\"@id\":\"https:\\\/\\\/www.rucashk.com\\\/pt\\\/author\\\/admin\\\/#author\"},\"image\":{\"@type\":\"ImageObject\",\"url\":\"https:\\\/\\\/www.rucashk.com\\\/wp-content\\\/uploads\\\/2024\\\/01\\\/s-l500-3-1.jpg\",\"@id\":\"https:\\\/\\\/www.rucashk.com\\\/pt\\\/produto\\\/amazfit-gtr-amoled-smart-watch-gpsglonass-wholesale\\\/#mainImage\",\"width\":800,\"height\":800},\"primaryImageOfPage\":{\"@id\":\"https:\\\/\\\/www.rucashk.com\\\/pt\\\/produto\\\/amazfit-gtr-amoled-smart-watch-gpsglonass-wholesale\\\/#mainImage\"},\"datePublished\":\"2024-01-09T15:30:49+00:00\",\"dateModified\":\"2025-06-22T06:25:36+00:00\"},{\"@type\":\"WebSite\",\"@id\":\"https:\\\/\\\/www.rucashk.com\\\/pt\\\/#website\",\"url\":\"https:\\\/\\\/www.rucashk.com\\\/pt\\\/\",\"name\":\"Rucas - Wholesale and distribution worldwide\",\"alternateName\":\"Rucas - One-stop AIoT Distribution Worldwide\",\"description\":\"One-stop AIoT Distribution Worldwide\",\"inLanguage\":\"pt-PT\",\"publisher\":{\"@id\":\"https:\\\/\\\/www.rucashk.com\\\/pt\\\/#organization\"}}]}\n\t\t<\/script>\n\t\t<!-- All in One SEO Pro -->\r\n\t\t<title>Amazfit GTR AMOLED Smart Watch GPS+GLONASS Wholesale - Rucas - Wholesale and Distribution<\/title>\n\n","aioseo_head_json":{"title":"Amazfit GTR AMOLED Smart Watch GPS+GLONASS Wholesale - Rucas - Wholesale and Distribution","description":"Amazfit GTR smart watch features classic look of the traditional watch, it is perfect for sports and business use. Its most prominent feature is ultra-long battery life, which up to 12 days for normal use, in a result, you could say goodbye to frequent charging. 12 sports modes are shown to keep track of your health in different status. Over 100 watch faces for your choice.","canonical_url":"https:\/\/www.rucashk.com\/pt\/produto\/amazfit-gtr-amoled-smart-watch-gpsglonass-wholesale\/","robots":"max-image-preview:large","keywords":"","webmasterTools":{"miscellaneous":""},"og:locale":"pt_PT","og:site_name":"Rucas - One-stop AIoT Distribution Worldwide","og:type":"article","og:title":"Amazfit GTR AMOLED Smart Watch GPS+GLONASS Wholesale - Rucas - Wholesale and Distribution","og:description":"Amazfit GTR smart watch features classic look of the traditional watch, it is perfect for sports and business use. Its most prominent feature is ultra-long battery life, which up to 12 days for normal use, in a result, you could say goodbye to frequent charging. 12 sports modes are shown to keep track of your health in different status. Over 100 watch faces for your choice.","og:url":"https:\/\/www.rucashk.com\/pt\/produto\/amazfit-gtr-amoled-smart-watch-gpsglonass-wholesale\/","og:image":"https:\/\/www.rucashk.com\/wp-content\/uploads\/replace\/503b8e645f128a97ccde2b6290747646.jpeg","og:image:secure_url":"https:\/\/www.rucashk.com\/wp-content\/uploads\/replace\/503b8e645f128a97ccde2b6290747646.jpeg","og:image:width":1456,"og:image:height":816,"article:published_time":"2024-01-09T15:30:49+00:00","article:modified_time":"2025-06-22T06:25:36+00:00","twitter:card":"summary_large_image","twitter:title":"Amazfit GTR AMOLED Smart Watch GPS+GLONASS Wholesale - Rucas - Wholesale and Distribution","twitter:description":"Amazfit GTR smart watch features classic look of the traditional watch, it is perfect for sports and business use. Its most prominent feature is ultra-long battery life, which up to 12 days for normal use, in a result, you could say goodbye to frequent charging. 12 sports modes are shown to keep track of your health in different status. Over 100 watch faces for your choice.","twitter:image":"https:\/\/www.rucashk.com\/wp-content\/uploads\/replace\/503b8e645f128a97ccde2b6290747646.jpeg","schema":{"@context":"https:\/\/schema.org","@graph":[{"@type":"BreadcrumbList","@id":"https:\/\/www.rucashk.com\/pt\/produto\/amazfit-gtr-amoled-smart-watch-gpsglonass-wholesale\/#breadcrumblist","itemListElement":[{"@type":"ListItem","@id":"https:\/\/www.rucashk.com\/pt\/#listItem","position":1,"name":"Home","item":"https:\/\/www.rucashk.com\/pt\/","nextItem":"https:\/\/www.rucashk.com\/pt\/produto\/amazfit-gtr-amoled-smart-watch-gpsglonass-wholesale\/#listItem"},{"@type":"ListItem","@id":"https:\/\/www.rucashk.com\/pt\/produto\/amazfit-gtr-amoled-smart-watch-gpsglonass-wholesale\/#listItem","position":2,"name":"Amazfit GTR AMOLED Smart Watch GPS+GLONASS Wholesale","previousItem":"https:\/\/www.rucashk.com\/pt\/#listItem"}]},{"@type":"Organization","@id":"https:\/\/www.rucashk.com\/pt\/#organization","name":"Rucas","url":"https:\/\/www.rucashk.com\/pt\/","logo":{"@type":"ImageObject","url":"https:\/\/www.rucashk.com\/wp-content\/uploads\/2023\/12\/Rucas_campany_logo.png","@id":"https:\/\/www.rucashk.com\/pt\/produto\/amazfit-gtr-amoled-smart-watch-gpsglonass-wholesale\/#organizationLogo","width":221,"height":65},"image":{"@id":"https:\/\/www.rucashk.com\/pt\/#organizationLogo"}},{"@type":"Person","@id":"https:\/\/www.rucashk.com\/pt\/author\/admin\/#author","url":"https:\/\/www.rucashk.com\/pt\/author\/admin\/","name":"admin","image":{"@type":"ImageObject","@id":"https:\/\/www.rucashk.com\/pt\/produto\/amazfit-gtr-amoled-smart-watch-gpsglonass-wholesale\/#authorImage","url":"https:\/\/secure.gravatar.com\/avatar\/b7c8925b09a27e72b30232f8ecaadbd5af0f70a38c78096863fe51b64f031c24?s=96&d=mm&r=g","width":96,"height":96,"caption":"admin"}},{"@type":"WebPage","@id":"https:\/\/www.rucashk.com\/pt\/produto\/amazfit-gtr-amoled-smart-watch-gpsglonass-wholesale\/#webpage","url":"https:\/\/www.rucashk.com\/pt\/produto\/amazfit-gtr-amoled-smart-watch-gpsglonass-wholesale\/","name":"Amazfit GTR AMOLED Smart Watch GPS+GLONASS Wholesale - Rucas - Wholesale and Distribution","description":"Amazfit GTR smart watch features classic look of the traditional watch, it is perfect for sports and business use. Its most prominent feature is ultra-long battery life, which up to 12 days for normal use, in a result, you could say goodbye to frequent charging. 12 sports modes are shown to keep track of your health in different status. Over 100 watch faces for your choice.","inLanguage":"pt-PT","isPartOf":{"@id":"https:\/\/www.rucashk.com\/pt\/#website"},"breadcrumb":{"@id":"https:\/\/www.rucashk.com\/pt\/produto\/amazfit-gtr-amoled-smart-watch-gpsglonass-wholesale\/#breadcrumblist"},"author":{"@id":"https:\/\/www.rucashk.com\/pt\/author\/admin\/#author"},"creator":{"@id":"https:\/\/www.rucashk.com\/pt\/author\/admin\/#author"},"image":{"@type":"ImageObject","url":"https:\/\/www.rucashk.com\/wp-content\/uploads\/2024\/01\/s-l500-3-1.jpg","@id":"https:\/\/www.rucashk.com\/pt\/produto\/amazfit-gtr-amoled-smart-watch-gpsglonass-wholesale\/#mainImage","width":800,"height":800},"primaryImageOfPage":{"@id":"https:\/\/www.rucashk.com\/pt\/produto\/amazfit-gtr-amoled-smart-watch-gpsglonass-wholesale\/#mainImage"},"datePublished":"2024-01-09T15:30:49+00:00","dateModified":"2025-06-22T06:25:36+00:00"},{"@type":"WebSite","@id":"https:\/\/www.rucashk.com\/pt\/#website","url":"https:\/\/www.rucashk.com\/pt\/","name":"Rucas - Wholesale and distribution worldwide","alternateName":"Rucas - One-stop AIoT Distribution Worldwide","description":"One-stop AIoT Distribution Worldwide","inLanguage":"pt-PT","publisher":{"@id":"https:\/\/www.rucashk.com\/pt\/#organization"}}]}},"aioseo_meta_data":{"post_id":"21244","title":null,"description":null,"keywords":null,"keyphrases":null,"primary_term":null,"canonical_url":null,"og_title":null,"og_description":null,"og_object_type":"default","og_image_type":"default","og_image_url":null,"og_image_width":null,"og_image_height":null,"og_image_custom_url":null,"og_image_custom_fields":null,"og_video":"","og_custom_url":null,"og_article_section":null,"og_article_tags":null,"twitter_use_og":false,"twitter_card":"default","twitter_image_type":"default","twitter_image_url":null,"twitter_image_custom_url":null,"twitter_image_custom_fields":null,"twitter_title":null,"twitter_description":null,"schema":{"blockGraphs":[],"customGraphs":[],"default":{"data":{"Article":[],"Course":[],"Dataset":[],"FAQPage":[],"Movie":[],"Person":[],"Product":[],"Recipe":[],"Service":[],"SoftwareApplication":[],"WebPage":[]},"graphName":"","isEnabled":true},"graphs":[]},"schema_type":"default","schema_type_options":null,"pillar_content":false,"robots_default":true,"robots_noindex":false,"robots_noarchive":false,"robots_nosnippet":false,"robots_nofollow":false,"robots_noimageindex":false,"robots_noodp":false,"robots_notranslate":false,"robots_max_snippet":"-1","robots_max_videopreview":"-1","robots_max_imagepreview":"large","priority":null,"frequency":"default","local_seo":null,"breadcrumb_settings":null,"limit_modified_date":false,"created":"2024-04-11 01:55:14","updated":"2025-06-22 16:18:05"},"aioseo_breadcrumb":"<div class=\"aioseo-breadcrumbs\"><span class=\"aioseo-breadcrumb\">\n\t<a href=\"https:\/\/www.rucashk.com\/pt\" title=\"Home\">Home<\/a>\n<\/span><span class=\"aioseo-breadcrumb-separator\">&raquo;<\/span><span class=\"aioseo-breadcrumb\">\n\t<a href=\"https:\/\/www.rucashk.com\/pt\/products\/\" title=\"Produtos\">Produtos<\/a>\n<\/span><span class=\"aioseo-breadcrumb-separator\">&raquo;<\/span><span class=\"aioseo-breadcrumb\">\n\t<a href=\"https:\/\/www.rucashk.com\/pt\/marca\/amazfit\/\" title=\"Amazfit\">Amazfit<\/a>\n<\/span><span class=\"aioseo-breadcrumb-separator\">&raquo;<\/span><span class=\"aioseo-breadcrumb\">\n\tAmazfit GTR AMOLED Smart Watch GPS+GLONASS Wholesale\n<\/span><\/div>","aioseo_breadcrumb_json":[{"label":"Home","link":"https:\/\/www.rucashk.com\/pt"},{"label":"Produtos","link":"https:\/\/www.rucashk.com\/pt\/products\/"},{"label":"Amazfit","link":"https:\/\/www.rucashk.com\/pt\/marca\/amazfit\/"},{"label":"Amazfit GTR AMOLED Smart Watch GPS+GLONASS Wholesale","link":"https:\/\/www.rucashk.com\/pt\/produto\/amazfit-gtr-amoled-smart-watch-gpsglonass-wholesale\/"}],"_links":{"self":[{"href":"https:\/\/www.rucashk.com\/pt\/wp-json\/wp\/v2\/product\/21244","targetHints":{"allow":["GET"]}}],"collection":[{"href":"https:\/\/www.rucashk.com\/pt\/wp-json\/wp\/v2\/product"}],"about":[{"href":"https:\/\/www.rucashk.com\/pt\/wp-json\/wp\/v2\/types\/product"}],"wp:featuredmedia":[{"embeddable":true,"href":"https:\/\/www.rucashk.com\/pt\/wp-json\/wp\/v2\/media\/21285"}],"wp:attachment":[{"href":"https:\/\/www.rucashk.com\/pt\/wp-json\/wp\/v2\/media?parent=21244"}],"wp:term":[{"taxonomy":"product_brand","embeddable":true,"href":"https:\/\/www.rucashk.com\/pt\/wp-json\/wp\/v2\/product_brand?post=21244"},{"taxonomy":"product_cat","embeddable":true,"href":"https:\/\/www.rucashk.com\/pt\/wp-json\/wp\/v2\/product_cat?post=21244"},{"taxonomy":"product_tag","embeddable":true,"href":"https:\/\/www.rucashk.com\/pt\/wp-json\/wp\/v2\/product_tag?post=21244"}],"curies":[{"name":"wp","href":"https:\/\/api.w.org\/{rel}","templated":true}]}}