{"id":40328,"date":"2024-03-31T15:18:21","date_gmt":"2024-03-31T15:18:21","guid":{"rendered":"http:\/\/rucashk.com\/?page_id=40328"},"modified":"2024-08-11T14:27:29","modified_gmt":"2024-08-11T14:27:29","slug":"faqs","status":"publish","type":"page","link":"https:\/\/www.rucashk.com\/pt\/faqs\/","title":{"rendered":"Perguntas frequentes"},"content":{"rendered":"<div data-elementor-type=\"wp-page\" data-elementor-id=\"40328\" class=\"elementor elementor-40328\" data-elementor-post-type=\"page\">\n\t\t\t\t\t\t<section class=\"elementor-section elementor-top-section elementor-element elementor-element-6f4175e elementor-section-boxed elementor-section-height-default elementor-section-height-default motta-responsive-column motta-tablet-column--default motta-responsive-column motta-mobile-column--default\" data-id=\"6f4175e\" data-element_type=\"section\" id=\"xs_faq_1\" data-settings=\"{&quot;ekit_has_onepagescroll_dot&quot;:&quot;yes&quot;}\">\n\t\t\t\t\t\t<div class=\"elementor-container elementor-column-gap-default\">\n\t\t\t\t\t<div class=\"elementor-column elementor-col-100 elementor-top-column elementor-element elementor-element-63c911e7\" data-id=\"63c911e7\" data-element_type=\"column\">\n\t\t\t<div class=\"elementor-widget-wrap elementor-element-populated\">\n\t\t\t\t\t\t<div class=\"elementor-element elementor-element-7ca1fe9b elementor-widget elementor-widget-elementskit-heading\" data-id=\"7ca1fe9b\" data-element_type=\"widget\" data-settings=\"{&quot;ekit_we_effect_on&quot;:&quot;none&quot;}\" data-widget_type=\"elementskit-heading.default\">\n\t\t\t\t<div class=\"elementor-widget-container\">\n\t\t\t\t\t<div class=\"ekit-wid-con\" ><div class=\"ekit-heading elementskit-section-title-wraper center   ekit_heading_tablet-   ekit_heading_mobile-\"><h2 class=\"ekit-heading--title elementskit-section-title\">Perguntas frequentes<\/h2><div class=\"ekit_heading_separetor_wraper ekit_heading_elementskit-border-divider\"><div class=\"elementskit-border-divider\"><\/div><\/div>\t\t\t\t<div class='ekit-heading__description'>\n\t\t\t\t\t<p><span style=\"font-weight: 400\">Defina seu estilo de FAQ favorito para ajudar os usu\u00e1rios a obter as informa\u00e7\u00f5es exatas.<\/span><\/p>\n\t\t\t\t<\/div>\n\t\t\t<\/div><\/div>\t\t\t\t<\/div>\n\t\t\t\t<\/div>\n\t\t\t\t<section class=\"elementor-section elementor-inner-section elementor-element elementor-element-32d4eaa9 elementor-section-boxed elementor-section-height-default elementor-section-height-default motta-responsive-column motta-tablet-column--default motta-responsive-column motta-mobile-column--default\" data-id=\"32d4eaa9\" data-element_type=\"section\" data-settings=\"{&quot;ekit_has_onepagescroll_dot&quot;:&quot;yes&quot;}\">\n\t\t\t\t\t\t<div class=\"elementor-container elementor-column-gap-default\">\n\t\t\t\t\t<div class=\"elementor-column elementor-col-50 elementor-inner-column elementor-element elementor-element-1982c9b\" data-id=\"1982c9b\" data-element_type=\"column\">\n\t\t\t<div class=\"elementor-widget-wrap elementor-element-populated\">\n\t\t\t\t\t\t<div class=\"elementor-element elementor-element-3bc8e5f2 elementor-widget elementor-widget-elementskit-faq\" data-id=\"3bc8e5f2\" data-element_type=\"widget\" data-settings=\"{&quot;ekit_we_effect_on&quot;:&quot;none&quot;}\" data-widget_type=\"elementskit-faq.default\">\n\t\t\t\t<div class=\"elementor-widget-container\">\n\t\t\t\t\t<div class=\"ekit-wid-con\" >\n                <div class=\"elementskit-single-faq elementor-repeater-item-d9fa2c9\">\n            <div class=\"elementskit-faq-header\">\n                <h2 class=\"elementskit-faq-title\">Como adquirir os modelos?<\/h2>\n            <\/div>\n            <div class=\"elementskit-faq-body\">\n                N\u00e3o vendemos o produto diretamente no site. Na p\u00e1gina de cada produto, voc\u00ea ver\u00e1 um bot\u00e3o \u201cEntrar em contato com fornecedor\u201d no lado direito. Clicar no bot\u00e3o abrir\u00e1 um formul\u00e1rio. Ap\u00f3s o preenchimento e envio, o formul\u00e1rio ser\u00e1 enviado diretamente ao representante comercial. Al\u00e9m disso, voc\u00ea pode ligar diretamente para nosso representante de vendas. Clique na p\u00e1gina \u201cFale Conosco\u201d.            <\/div>\n        <\/div>\n                <div class=\"elementskit-single-faq elementor-repeater-item-1a01986\">\n            <div class=\"elementskit-faq-header\">\n                <h2 class=\"elementskit-faq-title\">Se eu tiver d\u00favidas sobre o produto, quem devo contatar?<\/h2>\n            <\/div>\n            <div class=\"elementskit-faq-body\">\n                Por favor, v\u00e1 para a p\u00e1gina de consulta do produto na se\u00e7\u00e3o &quot;Fale Conosco&quot;. Aqui voc\u00ea encontrar\u00e1 contatos de vendas para todas as nossas linhas de produtos, que podem ajud\u00e1-lo com qualquer d\u00favida, desde especifica\u00e7\u00f5es t\u00e9cnicas at\u00e9 informa\u00e7\u00f5es para pedidos.            <\/div>\n        <\/div>\n                <div class=\"elementskit-single-faq elementor-repeater-item-c3ee460\">\n            <div class=\"elementskit-faq-header\">\n                <h2 class=\"elementskit-faq-title\">Como obter uma lista de pre\u00e7os de produtos\uff1f<\/h2>\n            <\/div>\n            <div class=\"elementskit-faq-body\">\n                Voc\u00ea pode entrar em contato com um representante de vendas por meio do bot\u00e3o Lista de pre\u00e7os na barra de navega\u00e7\u00e3o ou ligando diretamente, e o representante de vendas poder\u00e1 obter informa\u00e7\u00f5es sobre pre\u00e7os de revendedores em sua \u00e1rea.            <\/div>\n        <\/div>\n                <div class=\"elementskit-single-faq elementor-repeater-item-51e9ae6\">\n            <div class=\"elementskit-faq-header\">\n                <h2 class=\"elementskit-faq-title\">N\u00e3o consigo encontrar o produto que desejo, como posso encontr\u00e1-lo rapidamente?<\/h2>\n            <\/div>\n            <div class=\"elementskit-faq-body\">\n                Existem v\u00e1rias maneiras de encontrar produtos em nosso site: Clique no link do produto na barra de navega\u00e7\u00e3o principal para localizar por linha de produto. Encontre produtos por setor ou aplica\u00e7\u00e3o clicando nos links da barra de navega\u00e7\u00e3o principal, na parte superior da p\u00e1gina. Se ainda n\u00e3o conseguir encontrar o produto que procura, digite o nome do produto na barra de pesquisa no topo da p\u00e1gina.            <\/div>\n        <\/div>\n                <div class=\"elementskit-single-faq elementor-repeater-item-2b5b00a\">\n            <div class=\"elementskit-faq-header\">\n                <h2 class=\"elementskit-faq-title\">Se houver MOQ\uff1f<\/h2>\n            <\/div>\n            <div class=\"elementskit-faq-body\">\n                Sem pedido            <\/div>\n        <\/div>\n                \n    <\/div>\t\t\t\t<\/div>\n\t\t\t\t<\/div>\n\t\t\t\t\t<\/div>\n\t\t<\/div>\n\t\t\t\t<div class=\"elementor-column elementor-col-50 elementor-inner-column elementor-element elementor-element-6224ff53\" data-id=\"6224ff53\" data-element_type=\"column\">\n\t\t\t<div class=\"elementor-widget-wrap elementor-element-populated\">\n\t\t\t\t\t\t<div class=\"elementor-element elementor-element-27cb79fe elementor-widget elementor-widget-elementskit-faq\" data-id=\"27cb79fe\" data-element_type=\"widget\" data-settings=\"{&quot;ekit_we_effect_on&quot;:&quot;none&quot;}\" data-widget_type=\"elementskit-faq.default\">\n\t\t\t\t<div class=\"elementor-widget-container\">\n\t\t\t\t\t<div class=\"ekit-wid-con\" >\n                <div class=\"elementskit-single-faq elementor-repeater-item-8e6e01e\">\n            <div class=\"elementskit-faq-header\">\n                <h2 class=\"elementskit-faq-title\">Quais s\u00e3o os suportes para pe\u00e7as de reposi\u00e7\u00e3o\uff1f<\/h2>\n            <\/div>\n            <div class=\"elementskit-faq-body\">\n                As pe\u00e7as sobressalentes originais est\u00e3o sempre dispon\u00edveis.            <\/div>\n        <\/div>\n                <div class=\"elementskit-single-faq elementor-repeater-item-55e5019\">\n            <div class=\"elementskit-faq-header\">\n                <h2 class=\"elementskit-faq-title\">Quais s\u00e3o o suporte t\u00e9cnico\uff1f<\/h2>\n            <\/div>\n            <div class=\"elementskit-faq-body\">\n                Fornece gratuitamente solu\u00e7\u00e3o de software e guia t\u00e9cnico o tempo todo.            <\/div>\n        <\/div>\n                <div class=\"elementskit-single-faq elementor-repeater-item-b3570ed\">\n            <div class=\"elementskit-faq-header\">\n                <h2 class=\"elementskit-faq-title\">Quais s\u00e3o os suportes locais\uff1f<\/h2>\n            <\/div>\n            <div class=\"elementskit-faq-body\">\n                Em uma escala global.            <\/div>\n        <\/div>\n                <div class=\"elementskit-single-faq elementor-repeater-item-3dd6f67\">\n            <div class=\"elementskit-faq-header\">\n                <h2 class=\"elementskit-faq-title\">Quais s\u00e3o os mercados de produ\u00e7\u00e3o?<\/h2>\n            <\/div>\n            <div class=\"elementskit-faq-body\">\n                Mercado principal: Europa; Sudeste da \u00c1sia; A comunidade de estados independentes; Am\u00e9rica do Sul, regi\u00e3o do Oriente M\u00e9dio            <\/div>\n        <\/div>\n                <div class=\"elementskit-single-faq elementor-repeater-item-213ca26\">\n            <div class=\"elementskit-faq-header\">\n                <h2 class=\"elementskit-faq-title\">Como obter servi\u00e7o de garantia\uff1f<\/h2>\n            <\/div>\n            <div class=\"elementskit-faq-body\">\n                Os pedidos de servi\u00e7os de garantia devem ser solicitados \u00e0 Rucas dentro do per\u00edodo de garantia limitada a partir da data de recebimento da mercadoria. Para solicitar uma ordem de servi\u00e7o de garantia, entre em contato com a equipe de servi\u00e7o. Para receber o servi\u00e7o de garantia, voc\u00ea deve entregar o produto no endere\u00e7o especificado na embalagem original ou em uma embalagem que ofere\u00e7a igual prote\u00e7\u00e3o. A Rucas pode exigir comprovante de detalhes de compra e\/ou conformidade com os requisitos de registro para se qualificar para o servi\u00e7o de garantia de acordo com a lei aplic\u00e1vel. \u00c9 sua responsabilidade fazer backup de quaisquer dados, software ou outro material que possa ter armazenado ou retido no produto. A Rucas n\u00e3o se responsabiliza pela perda ou reformata\u00e7\u00e3o de tais dados, software ou outros materiais durante a manuten\u00e7\u00e3o.            <\/div>\n        <\/div>\n                \n    <\/div>\t\t\t\t<\/div>\n\t\t\t\t<\/div>\n\t\t\t\t\t<\/div>\n\t\t<\/div>\n\t\t\t\t\t<\/div>\n\t\t<\/section>\n\t\t\t\t\t<\/div>\n\t\t<\/div>\n\t\t\t\t\t<\/div>\n\t\t<\/section>\n\t\t\t\t<\/div>","protected":false},"excerpt":{"rendered":"<p>FAQs Set your favorite FAQ style to help users get the exact information. How to purchase the models? We don&#8217;t sell the product directly on the website. On each product page, you will see a \u201c Contact Supplier\u201d button on the right side. Clicking on the button will bring up a form. After filling out [&hellip;]<\/p>","protected":false},"author":1,"featured_media":0,"parent":0,"menu_order":0,"comment_status":"closed","ping_status":"closed","template":"","meta":{"footnotes":""},"class_list":["post-40328","page","type-page","status-publish","hentry"],"aioseo_notices":[],"aioseo_head":"\n\t\t<!-- All in One SEO Pro 4.5.9.2 - aioseo.com -->\n\t\t<meta name=\"description\" content=\"If you encounter problems in the wholesale, purchasing, choosing the best distributor of Xiaomi, you can get answers through the FAQ. We continue to provide you with quality service.\" \/>\n\t\t<meta name=\"robots\" content=\"max-image-preview:large\" \/>\n\t\t<link rel=\"canonical\" href=\"https:\/\/www.rucashk.com\/pt\/faqs\/\" \/>\n\t\t<meta name=\"generator\" content=\"All in One SEO Pro (AIOSEO) 4.5.9.2\" \/>\n\t\t<meta property=\"og:locale\" content=\"pt_PT\" \/>\n\t\t<meta property=\"og:site_name\" content=\"Rucas - One-stop AIoT Distribution Worldwide\" \/>\n\t\t<meta property=\"og:type\" content=\"article\" \/>\n\t\t<meta property=\"og:title\" content=\"FAQs - Rucas One-stop AIoT Distribution Worldwide.\" \/>\n\t\t<meta property=\"og:description\" content=\"If you encounter problems in the wholesale, purchasing, choosing the best distributor of Xiaomi, you can get answers through the FAQ. We continue to provide you with quality service.\" \/>\n\t\t<meta property=\"og:url\" content=\"https:\/\/www.rucashk.com\/pt\/faqs\/\" \/>\n\t\t<meta property=\"og:image\" content=\"https:\/\/www.rucashk.com\/wp-content\/uploads\/replace\/503b8e645f128a97ccde2b6290747646.jpeg\" \/>\n\t\t<meta property=\"og:image:secure_url\" content=\"https:\/\/www.rucashk.com\/wp-content\/uploads\/replace\/503b8e645f128a97ccde2b6290747646.jpeg\" \/>\n\t\t<meta property=\"og:image:width\" content=\"1456\" \/>\n\t\t<meta property=\"og:image:height\" content=\"816\" \/>\n\t\t<meta property=\"article:published_time\" content=\"2024-03-31T15:18:21+00:00\" \/>\n\t\t<meta property=\"article:modified_time\" content=\"2024-08-11T14:27:29+00:00\" \/>\n\t\t<meta name=\"twitter:card\" content=\"summary_large_image\" \/>\n\t\t<meta name=\"twitter:title\" content=\"FAQs - Rucas One-stop AIoT Distribution Worldwide.\" \/>\n\t\t<meta name=\"twitter:description\" content=\"If you encounter problems in the wholesale, purchasing, choosing the best distributor of Xiaomi, you can get answers through the FAQ. We continue to provide you with quality service.\" \/>\n\t\t<meta name=\"twitter:image\" content=\"https:\/\/www.rucashk.com\/wp-content\/uploads\/replace\/503b8e645f128a97ccde2b6290747646.jpeg\" \/>\n\t\t<script type=\"application\/ld+json\" class=\"aioseo-schema\">\n\t\t\t{\"@context\":\"https:\\\/\\\/schema.org\",\"@graph\":[{\"@type\":\"BreadcrumbList\",\"@id\":\"https:\\\/\\\/www.rucashk.com\\\/pt\\\/faqs\\\/#breadcrumblist\",\"itemListElement\":[{\"@type\":\"ListItem\",\"@id\":\"https:\\\/\\\/www.rucashk.com\\\/pt\\\/#listItem\",\"position\":1,\"name\":\"Home\",\"item\":\"https:\\\/\\\/www.rucashk.com\\\/pt\\\/\",\"nextItem\":\"https:\\\/\\\/www.rucashk.com\\\/pt\\\/faqs\\\/#listItem\"},{\"@type\":\"ListItem\",\"@id\":\"https:\\\/\\\/www.rucashk.com\\\/pt\\\/faqs\\\/#listItem\",\"position\":2,\"name\":\"FAQs\",\"previousItem\":\"https:\\\/\\\/www.rucashk.com\\\/pt\\\/#listItem\"}]},{\"@type\":\"Organization\",\"@id\":\"https:\\\/\\\/www.rucashk.com\\\/pt\\\/#organization\",\"name\":\"Rucas\",\"url\":\"https:\\\/\\\/www.rucashk.com\\\/pt\\\/\",\"logo\":{\"@type\":\"ImageObject\",\"url\":\"https:\\\/\\\/www.rucashk.com\\\/wp-content\\\/uploads\\\/2023\\\/12\\\/Rucas_campany_logo.png\",\"@id\":\"https:\\\/\\\/www.rucashk.com\\\/pt\\\/faqs\\\/#organizationLogo\",\"width\":221,\"height\":65},\"image\":{\"@id\":\"https:\\\/\\\/www.rucashk.com\\\/pt\\\/#organizationLogo\"}},{\"@type\":\"WebPage\",\"@id\":\"https:\\\/\\\/www.rucashk.com\\\/pt\\\/faqs\\\/#webpage\",\"url\":\"https:\\\/\\\/www.rucashk.com\\\/pt\\\/faqs\\\/\",\"name\":\"FAQs - Rucas One-stop AIoT Distribution Worldwide.\",\"description\":\"If you encounter problems in the wholesale, purchasing, choosing the best distributor of Xiaomi, you can get answers through the FAQ. We continue to provide you with quality service.\",\"inLanguage\":\"pt-PT\",\"isPartOf\":{\"@id\":\"https:\\\/\\\/www.rucashk.com\\\/pt\\\/#website\"},\"breadcrumb\":{\"@id\":\"https:\\\/\\\/www.rucashk.com\\\/pt\\\/faqs\\\/#breadcrumblist\"},\"datePublished\":\"2024-03-31T15:18:21+00:00\",\"dateModified\":\"2024-08-11T14:27:29+00:00\"},{\"@type\":\"WebSite\",\"@id\":\"https:\\\/\\\/www.rucashk.com\\\/pt\\\/#website\",\"url\":\"https:\\\/\\\/www.rucashk.com\\\/pt\\\/\",\"name\":\"Rucas - Wholesale and distribution worldwide\",\"alternateName\":\"Rucas - One-stop AIoT Distribution Worldwide\",\"description\":\"One-stop AIoT Distribution Worldwide\",\"inLanguage\":\"pt-PT\",\"publisher\":{\"@id\":\"https:\\\/\\\/www.rucashk.com\\\/pt\\\/#organization\"}}]}\n\t\t<\/script>\n\t\t<!-- All in One SEO Pro -->\r\n\t\t<title>FAQs - Rucas One-stop AIoT Distribution Worldwide.<\/title>\n\n","aioseo_head_json":{"title":"FAQs - Rucas One-stop AIoT Distribution Worldwide.","description":"If you encounter problems in the wholesale, purchasing, choosing the best distributor of Xiaomi, you can get answers through the FAQ. We continue to provide you with quality service.","canonical_url":"https:\/\/www.rucashk.com\/pt\/faqs\/","robots":"max-image-preview:large","keywords":"","webmasterTools":{"miscellaneous":""},"og:locale":"pt_PT","og:site_name":"Rucas - One-stop AIoT Distribution Worldwide","og:type":"article","og:title":"FAQs - Rucas One-stop AIoT Distribution Worldwide.","og:description":"If you encounter problems in the wholesale, purchasing, choosing the best distributor of Xiaomi, you can get answers through the FAQ. We continue to provide you with quality service.","og:url":"https:\/\/www.rucashk.com\/pt\/faqs\/","og:image":"https:\/\/www.rucashk.com\/wp-content\/uploads\/replace\/503b8e645f128a97ccde2b6290747646.jpeg","og:image:secure_url":"https:\/\/www.rucashk.com\/wp-content\/uploads\/replace\/503b8e645f128a97ccde2b6290747646.jpeg","og:image:width":1456,"og:image:height":816,"article:published_time":"2024-03-31T15:18:21+00:00","article:modified_time":"2024-08-11T14:27:29+00:00","twitter:card":"summary_large_image","twitter:title":"FAQs - Rucas One-stop AIoT Distribution Worldwide.","twitter:description":"If you encounter problems in the wholesale, purchasing, choosing the best distributor of Xiaomi, you can get answers through the FAQ. We continue to provide you with quality service.","twitter:image":"https:\/\/www.rucashk.com\/wp-content\/uploads\/replace\/503b8e645f128a97ccde2b6290747646.jpeg","schema":{"@context":"https:\/\/schema.org","@graph":[{"@type":"BreadcrumbList","@id":"https:\/\/www.rucashk.com\/pt\/faqs\/#breadcrumblist","itemListElement":[{"@type":"ListItem","@id":"https:\/\/www.rucashk.com\/pt\/#listItem","position":1,"name":"Home","item":"https:\/\/www.rucashk.com\/pt\/","nextItem":"https:\/\/www.rucashk.com\/pt\/faqs\/#listItem"},{"@type":"ListItem","@id":"https:\/\/www.rucashk.com\/pt\/faqs\/#listItem","position":2,"name":"FAQs","previousItem":"https:\/\/www.rucashk.com\/pt\/#listItem"}]},{"@type":"Organization","@id":"https:\/\/www.rucashk.com\/pt\/#organization","name":"Rucas","url":"https:\/\/www.rucashk.com\/pt\/","logo":{"@type":"ImageObject","url":"https:\/\/www.rucashk.com\/wp-content\/uploads\/2023\/12\/Rucas_campany_logo.png","@id":"https:\/\/www.rucashk.com\/pt\/faqs\/#organizationLogo","width":221,"height":65},"image":{"@id":"https:\/\/www.rucashk.com\/pt\/#organizationLogo"}},{"@type":"WebPage","@id":"https:\/\/www.rucashk.com\/pt\/faqs\/#webpage","url":"https:\/\/www.rucashk.com\/pt\/faqs\/","name":"FAQs - Rucas One-stop AIoT Distribution Worldwide.","description":"If you encounter problems in the wholesale, purchasing, choosing the best distributor of Xiaomi, you can get answers through the FAQ. We continue to provide you with quality service.","inLanguage":"pt-PT","isPartOf":{"@id":"https:\/\/www.rucashk.com\/pt\/#website"},"breadcrumb":{"@id":"https:\/\/www.rucashk.com\/pt\/faqs\/#breadcrumblist"},"datePublished":"2024-03-31T15:18:21+00:00","dateModified":"2024-08-11T14:27:29+00:00"},{"@type":"WebSite","@id":"https:\/\/www.rucashk.com\/pt\/#website","url":"https:\/\/www.rucashk.com\/pt\/","name":"Rucas - Wholesale and distribution worldwide","alternateName":"Rucas - One-stop AIoT Distribution Worldwide","description":"One-stop AIoT Distribution Worldwide","inLanguage":"pt-PT","publisher":{"@id":"https:\/\/www.rucashk.com\/pt\/#organization"}}]}},"aioseo_meta_data":{"post_id":"40328","title":"#post_title #separator_sa #site_title One-stop AIoT Distribution Worldwide.","description":"If you encounter problems in the wholesale, purchasing, choosing the best distributor of Xiaomi, you can get answers through the FAQ. We continue to provide you with quality service.","keywords":"[]","keyphrases":"{\"focus\":{\"keyphrase\":\"\",\"score\":0,\"analysis\":{\"keyphraseInTitle\":{\"score\":0,\"maxScore\":9,\"error\":1}}},\"additional\":[]}","primary_term":null,"canonical_url":null,"og_title":null,"og_description":null,"og_object_type":"default","og_image_type":"default","og_image_url":null,"og_image_width":null,"og_image_height":null,"og_image_custom_url":null,"og_image_custom_fields":null,"og_video":"","og_custom_url":null,"og_article_section":null,"og_article_tags":"[]","twitter_use_og":false,"twitter_card":"default","twitter_image_type":"default","twitter_image_url":null,"twitter_image_custom_url":null,"twitter_image_custom_fields":null,"twitter_title":null,"twitter_description":null,"schema":{"blockGraphs":[],"customGraphs":[],"default":{"data":{"Article":[],"Course":[],"Dataset":[],"FAQPage":[],"Movie":[],"Person":[],"Product":[],"Recipe":[],"Service":[],"SoftwareApplication":[],"WebPage":[]},"graphName":"WebPage","isEnabled":true},"graphs":[]},"schema_type":"default","schema_type_options":null,"pillar_content":false,"robots_default":true,"robots_noindex":false,"robots_noarchive":false,"robots_nosnippet":false,"robots_nofollow":false,"robots_noimageindex":false,"robots_noodp":false,"robots_notranslate":false,"robots_max_snippet":"-1","robots_max_videopreview":"-1","robots_max_imagepreview":"large","priority":null,"frequency":"default","local_seo":null,"breadcrumb_settings":null,"limit_modified_date":false,"created":"2024-04-11 01:55:09","updated":"2025-06-22 16:09:35"},"aioseo_breadcrumb":"<div class=\"aioseo-breadcrumbs\"><span class=\"aioseo-breadcrumb\">\n\t<a href=\"https:\/\/www.rucashk.com\/pt\" title=\"Home\">Home<\/a>\n<\/span><span class=\"aioseo-breadcrumb-separator\">&raquo;<\/span><span class=\"aioseo-breadcrumb\">\n\tFAQs\n<\/span><\/div>","aioseo_breadcrumb_json":[{"label":"Home","link":"https:\/\/www.rucashk.com\/pt"},{"label":"FAQs","link":"https:\/\/www.rucashk.com\/pt\/faqs\/"}],"_links":{"self":[{"href":"https:\/\/www.rucashk.com\/pt\/wp-json\/wp\/v2\/pages\/40328","targetHints":{"allow":["GET"]}}],"collection":[{"href":"https:\/\/www.rucashk.com\/pt\/wp-json\/wp\/v2\/pages"}],"about":[{"href":"https:\/\/www.rucashk.com\/pt\/wp-json\/wp\/v2\/types\/page"}],"author":[{"embeddable":true,"href":"https:\/\/www.rucashk.com\/pt\/wp-json\/wp\/v2\/users\/1"}],"replies":[{"embeddable":true,"href":"https:\/\/www.rucashk.com\/pt\/wp-json\/wp\/v2\/comments?post=40328"}],"version-history":[{"count":0,"href":"https:\/\/www.rucashk.com\/pt\/wp-json\/wp\/v2\/pages\/40328\/revisions"}],"wp:attachment":[{"href":"https:\/\/www.rucashk.com\/pt\/wp-json\/wp\/v2\/media?parent=40328"}],"curies":[{"name":"wp","href":"https:\/\/api.w.org\/{rel}","templated":true}]}}