{"id":17377,"date":"2022-09-22T07:30:38","date_gmt":"2022-09-22T07:30:38","guid":{"rendered":"https:\/\/motta.uix.store\/?page_id=17377"},"modified":"2024-05-29T15:43:03","modified_gmt":"2024-05-29T15:43:03","slug":"customer-service","status":"publish","type":"page","link":"https:\/\/www.rucashk.com\/pt\/customer-service\/","title":{"rendered":"Atendimento ao Cliente"},"content":{"rendered":"<div data-elementor-type=\"wp-page\" data-elementor-id=\"17377\" class=\"elementor elementor-17377\" data-elementor-post-type=\"page\">\n\t\t\t\t\t\t<section class=\"elementor-section elementor-top-section elementor-element elementor-element-6ac5b052 elementor-section-boxed elementor-section-height-default elementor-section-height-default motta-responsive-column motta-tablet-column--default motta-responsive-column motta-mobile-column--default\" data-id=\"6ac5b052\" data-element_type=\"section\" data-settings=\"{&quot;ekit_has_onepagescroll_dot&quot;:&quot;yes&quot;}\">\n\t\t\t\t\t\t<div class=\"elementor-container elementor-column-gap-default\">\n\t\t\t\t\t<div class=\"elementor-column elementor-col-33 elementor-top-column elementor-element elementor-element-1f50cb7a\" data-id=\"1f50cb7a\" data-element_type=\"column\">\n\t\t\t<div class=\"elementor-widget-wrap\">\n\t\t\t\t\t\t\t<\/div>\n\t\t<\/div>\n\t\t\t\t<div class=\"elementor-column elementor-col-33 elementor-top-column elementor-element elementor-element-1830bc68\" data-id=\"1830bc68\" data-element_type=\"column\">\n\t\t\t<div class=\"elementor-widget-wrap elementor-element-populated\">\n\t\t\t\t\t\t<div class=\"elementor-element elementor-element-55ef6b0a elementor-widget elementor-widget-motta-heading\" data-id=\"55ef6b0a\" data-element_type=\"widget\" data-settings=\"{&quot;ekit_we_effect_on&quot;:&quot;none&quot;}\" data-widget_type=\"motta-heading.default\">\n\t\t\t\t<div class=\"elementor-widget-container\">\n\t\t\t\t\t\t\t<div class=\"motta-heading-elementor motta-heading__button-on\">\n\t\t\t\t<div class=\"motta-heading motta-heading--default\">\n\t\t\t\t\t Rucas, distribui\u00e7\u00e3o completa de AIoT em todo o mundo.\t\t\t\t<\/div>\n\t\t\t\t\t\t\t<\/div>\n\t\t\t\t\t\t<\/div>\n\t\t\t\t<\/div>\n\t\t\t\t<div class=\"elementor-element elementor-element-225c49c elementor-widget elementor-widget-text-editor\" data-id=\"225c49c\" data-element_type=\"widget\" data-settings=\"{&quot;ekit_we_effect_on&quot;:&quot;none&quot;}\" data-widget_type=\"text-editor.default\">\n\t\t\t\t<div class=\"elementor-widget-container\">\n\t\t\t\t\t\t\t\t\t<p>Rucas \u00e9 um distribuidor autorizado da marca dedicado a atender \u00e0s necessidades de clientes em todo o mundo. Temos orgulho de trabalhar com muitas marcas conhecidas, incluindo JBL, Xiaomi, Nintendo, Dyson, Oneplus, Redmi, POCO, Infinix, Tecno, 70mai, Haylou, Roborock, Realme, Imilab e Mibro, etc., para oferecer a voc\u00ea a mais ampla sele\u00e7\u00e3o. e os produtos da melhor qualidade.<\/p><p>A Rucas Technology oferece um servi\u00e7o de atacado completo para tornar seu processo de aquisi\u00e7\u00e3o mais conveniente e eficiente. Conhecemos bem as necessidades e expectativas de cada cliente, por isso estamos empenhados em fornecer uma gama completa de servi\u00e7os, incluindo consulta de produtos, processamento de encomendas, distribui\u00e7\u00e3o log\u00edstica e suporte p\u00f3s-venda, para que possa desfrutar de uma compra sem preocupa\u00e7\u00f5es. experi\u00eancia.<\/p><p>Para garantir que voc\u00ea receba as mercadorias necess\u00e1rias no menor tempo poss\u00edvel, mantemos um estoque est\u00e1vel de milhares de SKUs em nossos armaz\u00e9ns em Hong Kong e Shenzhen. Temos um sistema avan\u00e7ado de gerenciamento de armaz\u00e9m e um sistema de distribui\u00e7\u00e3o log\u00edstica eficiente, que pode processar e enviar pedidos rapidamente ap\u00f3s receb\u00ea-los, e nos esfor\u00e7amos para garantir o prazo de entrega mais r\u00e1pido para voc\u00ea.<\/p><p>Rucas autorizou a coopera\u00e7\u00e3o com mais de 100 marcas conhecidas, incluindo um dos principais fornecedores do mundo. Examinamos rigorosamente nossos parceiros para garantir que os produtos que vendemos sejam produtos genu\u00ednos oficialmente autorizados pela marca. Sabemos bem da import\u00e2ncia da qualidade para a marca, por isso prometemos que todos os produtos que comercializamos s\u00e3o 100% originais e aut\u00eanticos, com qualidade garantida.<\/p><p>Como distribuidor autorizado de marca global, temos uma ampla vis\u00e3o internacional e fortes capacidades de layout global. N\u00e3o importa onde voc\u00ea esteja, podemos fornecer a melhor experi\u00eancia de servi\u00e7o. Nossa equipe profissional fornecer\u00e1 servi\u00e7os personalizados para garantir que voc\u00ea possa atingir facilmente seus objetivos de aquisi\u00e7\u00e3o.<\/p><p>Na Rucas, sempre aderimos ao conceito de servi\u00e7o centrado no cliente e temos o compromisso de fornecer produtos e servi\u00e7os da melhor qualidade. Acreditamos que somente buscando constantemente a excel\u00eancia e a inova\u00e7\u00e3o e o progresso cont\u00ednuos poderemos conquistar a confian\u00e7a e o apoio de nossos clientes. Vamos trabalhar juntos para criar um futuro melhor!<\/p>\t\t\t\t\t\t\t\t<\/div>\n\t\t\t\t<\/div>\n\t\t\t\t\t<\/div>\n\t\t<\/div>\n\t\t\t\t<div class=\"elementor-column elementor-col-33 elementor-top-column elementor-element elementor-element-19870cfa\" data-id=\"19870cfa\" data-element_type=\"column\">\n\t\t\t<div class=\"elementor-widget-wrap\">\n\t\t\t\t\t\t\t<\/div>\n\t\t<\/div>\n\t\t\t\t\t<\/div>\n\t\t<\/section>\n\t\t\t\t<\/div>","protected":false},"excerpt":{"rendered":"<p>Rucas, One-stop AIoT Distribution Worldwide. Rucas is a brand authorized distributor dedicated to meeting the needs of customers around the world. We proudly work with many well-known brands, including JBL, Xiaomi, Nintendo, Dyson, Oneplus, Redmi, POCO, Infinix, Tecno, 70mai, Haylou, Roborock, Realme, Imilab and Mibro, etc., to bring you the widest selection and the best [&hellip;]<\/p>","protected":false},"author":1,"featured_media":0,"parent":0,"menu_order":0,"comment_status":"closed","ping_status":"closed","template":"","meta":{"footnotes":""},"class_list":["post-17377","page","type-page","status-publish","hentry"],"aioseo_notices":[],"aioseo_head":"\n\t\t<!-- All in One SEO Pro 4.5.9.2 - aioseo.com -->\n\t\t<meta name=\"description\" content=\"Rucas, One-stop AIoT Distribution Worldwide. Rucas is a brand authorized distributor dedicated to meeting the needs of customers around the world. We proudly work with many well-known brands, including JBL, Xiaomi, Nintendo, Dyson, Oneplus, Redmi, POCO, Infinix, Tecno, 70mai, Haylou, Roborock, Realme, Imilab and Mibro, etc., to bring you the widest selection and the best\" \/>\n\t\t<meta name=\"robots\" content=\"max-image-preview:large\" \/>\n\t\t<link rel=\"canonical\" href=\"https:\/\/www.rucashk.com\/pt\/customer-service\/\" \/>\n\t\t<meta name=\"generator\" content=\"All in One SEO Pro (AIOSEO) 4.5.9.2\" \/>\n\t\t<meta property=\"og:locale\" content=\"pt_PT\" \/>\n\t\t<meta property=\"og:site_name\" content=\"Rucas - One-stop AIoT Distribution Worldwide\" \/>\n\t\t<meta property=\"og:type\" content=\"article\" \/>\n\t\t<meta property=\"og:title\" content=\"Customer Service - Rucas -Wholesale and distribution worldwide\" \/>\n\t\t<meta property=\"og:description\" content=\"Rucas, One-stop AIoT Distribution Worldwide. Rucas is a brand authorized distributor dedicated to meeting the needs of customers around the world. We proudly work with many well-known brands, including JBL, Xiaomi, Nintendo, Dyson, Oneplus, Redmi, POCO, Infinix, Tecno, 70mai, Haylou, Roborock, Realme, Imilab and Mibro, etc., to bring you the widest selection and the best\" \/>\n\t\t<meta property=\"og:url\" content=\"https:\/\/www.rucashk.com\/pt\/customer-service\/\" \/>\n\t\t<meta property=\"og:image\" content=\"https:\/\/www.rucashk.com\/wp-content\/uploads\/replace\/503b8e645f128a97ccde2b6290747646.jpeg\" \/>\n\t\t<meta property=\"og:image:secure_url\" content=\"https:\/\/www.rucashk.com\/wp-content\/uploads\/replace\/503b8e645f128a97ccde2b6290747646.jpeg\" \/>\n\t\t<meta property=\"og:image:width\" content=\"1456\" \/>\n\t\t<meta property=\"og:image:height\" content=\"816\" \/>\n\t\t<meta property=\"article:published_time\" content=\"2022-09-22T07:30:38+00:00\" \/>\n\t\t<meta property=\"article:modified_time\" content=\"2024-05-29T15:43:03+00:00\" \/>\n\t\t<meta name=\"twitter:card\" content=\"summary_large_image\" \/>\n\t\t<meta name=\"twitter:title\" content=\"Customer Service - Rucas -Wholesale and distribution worldwide\" \/>\n\t\t<meta name=\"twitter:description\" content=\"Rucas, One-stop AIoT Distribution Worldwide. Rucas is a brand authorized distributor dedicated to meeting the needs of customers around the world. We proudly work with many well-known brands, including JBL, Xiaomi, Nintendo, Dyson, Oneplus, Redmi, POCO, Infinix, Tecno, 70mai, Haylou, Roborock, Realme, Imilab and Mibro, etc., to bring you the widest selection and the best\" \/>\n\t\t<meta name=\"twitter:image\" content=\"https:\/\/www.rucashk.com\/wp-content\/uploads\/replace\/503b8e645f128a97ccde2b6290747646.jpeg\" \/>\n\t\t<script type=\"application\/ld+json\" class=\"aioseo-schema\">\n\t\t\t{\"@context\":\"https:\\\/\\\/schema.org\",\"@graph\":[{\"@type\":\"BreadcrumbList\",\"@id\":\"https:\\\/\\\/www.rucashk.com\\\/pt\\\/customer-service\\\/#breadcrumblist\",\"itemListElement\":[{\"@type\":\"ListItem\",\"@id\":\"https:\\\/\\\/www.rucashk.com\\\/pt\\\/#listItem\",\"position\":1,\"name\":\"Home\",\"item\":\"https:\\\/\\\/www.rucashk.com\\\/pt\\\/\",\"nextItem\":\"https:\\\/\\\/www.rucashk.com\\\/pt\\\/customer-service\\\/#listItem\"},{\"@type\":\"ListItem\",\"@id\":\"https:\\\/\\\/www.rucashk.com\\\/pt\\\/customer-service\\\/#listItem\",\"position\":2,\"name\":\"Customer Service\",\"previousItem\":\"https:\\\/\\\/www.rucashk.com\\\/pt\\\/#listItem\"}]},{\"@type\":\"Organization\",\"@id\":\"https:\\\/\\\/www.rucashk.com\\\/pt\\\/#organization\",\"name\":\"Rucas\",\"url\":\"https:\\\/\\\/www.rucashk.com\\\/pt\\\/\",\"logo\":{\"@type\":\"ImageObject\",\"url\":\"https:\\\/\\\/www.rucashk.com\\\/wp-content\\\/uploads\\\/2023\\\/12\\\/Rucas_campany_logo.png\",\"@id\":\"https:\\\/\\\/www.rucashk.com\\\/pt\\\/customer-service\\\/#organizationLogo\",\"width\":221,\"height\":65},\"image\":{\"@id\":\"https:\\\/\\\/www.rucashk.com\\\/pt\\\/#organizationLogo\"}},{\"@type\":\"WebPage\",\"@id\":\"https:\\\/\\\/www.rucashk.com\\\/pt\\\/customer-service\\\/#webpage\",\"url\":\"https:\\\/\\\/www.rucashk.com\\\/pt\\\/customer-service\\\/\",\"name\":\"Customer Service - Rucas -Wholesale and distribution worldwide\",\"description\":\"Rucas, One-stop AIoT Distribution Worldwide. Rucas is a brand authorized distributor dedicated to meeting the needs of customers around the world. We proudly work with many well-known brands, including JBL, Xiaomi, Nintendo, Dyson, Oneplus, Redmi, POCO, Infinix, Tecno, 70mai, Haylou, Roborock, Realme, Imilab and Mibro, etc., to bring you the widest selection and the best\",\"inLanguage\":\"pt-PT\",\"isPartOf\":{\"@id\":\"https:\\\/\\\/www.rucashk.com\\\/pt\\\/#website\"},\"breadcrumb\":{\"@id\":\"https:\\\/\\\/www.rucashk.com\\\/pt\\\/customer-service\\\/#breadcrumblist\"},\"datePublished\":\"2022-09-22T07:30:38+00:00\",\"dateModified\":\"2024-05-29T15:43:03+00:00\"},{\"@type\":\"WebSite\",\"@id\":\"https:\\\/\\\/www.rucashk.com\\\/pt\\\/#website\",\"url\":\"https:\\\/\\\/www.rucashk.com\\\/pt\\\/\",\"name\":\"Rucas - Wholesale and distribution worldwide\",\"alternateName\":\"Rucas - One-stop AIoT Distribution Worldwide\",\"description\":\"One-stop AIoT Distribution Worldwide\",\"inLanguage\":\"pt-PT\",\"publisher\":{\"@id\":\"https:\\\/\\\/www.rucashk.com\\\/pt\\\/#organization\"}}]}\n\t\t<\/script>\n\t\t<!-- All in One SEO Pro -->\r\n\t\t<title>Customer Service - Rucas -Wholesale and distribution worldwide<\/title>\n\n","aioseo_head_json":{"title":"Customer Service - Rucas -Wholesale and distribution worldwide","description":"Rucas, One-stop AIoT Distribution Worldwide. Rucas is a brand authorized distributor dedicated to meeting the needs of customers around the world. We proudly work with many well-known brands, including JBL, Xiaomi, Nintendo, Dyson, Oneplus, Redmi, POCO, Infinix, Tecno, 70mai, Haylou, Roborock, Realme, Imilab and Mibro, etc., to bring you the widest selection and the best","canonical_url":"https:\/\/www.rucashk.com\/pt\/customer-service\/","robots":"max-image-preview:large","keywords":"","webmasterTools":{"miscellaneous":""},"og:locale":"pt_PT","og:site_name":"Rucas - One-stop AIoT Distribution Worldwide","og:type":"article","og:title":"Customer Service - Rucas -Wholesale and distribution worldwide","og:description":"Rucas, One-stop AIoT Distribution Worldwide. Rucas is a brand authorized distributor dedicated to meeting the needs of customers around the world. We proudly work with many well-known brands, including JBL, Xiaomi, Nintendo, Dyson, Oneplus, Redmi, POCO, Infinix, Tecno, 70mai, Haylou, Roborock, Realme, Imilab and Mibro, etc., to bring you the widest selection and the best","og:url":"https:\/\/www.rucashk.com\/pt\/customer-service\/","og:image":"https:\/\/www.rucashk.com\/wp-content\/uploads\/replace\/503b8e645f128a97ccde2b6290747646.jpeg","og:image:secure_url":"https:\/\/www.rucashk.com\/wp-content\/uploads\/replace\/503b8e645f128a97ccde2b6290747646.jpeg","og:image:width":1456,"og:image:height":816,"article:published_time":"2022-09-22T07:30:38+00:00","article:modified_time":"2024-05-29T15:43:03+00:00","twitter:card":"summary_large_image","twitter:title":"Customer Service - Rucas -Wholesale and distribution worldwide","twitter:description":"Rucas, One-stop AIoT Distribution Worldwide. Rucas is a brand authorized distributor dedicated to meeting the needs of customers around the world. We proudly work with many well-known brands, including JBL, Xiaomi, Nintendo, Dyson, Oneplus, Redmi, POCO, Infinix, Tecno, 70mai, Haylou, Roborock, Realme, Imilab and Mibro, etc., to bring you the widest selection and the best","twitter:image":"https:\/\/www.rucashk.com\/wp-content\/uploads\/replace\/503b8e645f128a97ccde2b6290747646.jpeg","schema":{"@context":"https:\/\/schema.org","@graph":[{"@type":"BreadcrumbList","@id":"https:\/\/www.rucashk.com\/pt\/customer-service\/#breadcrumblist","itemListElement":[{"@type":"ListItem","@id":"https:\/\/www.rucashk.com\/pt\/#listItem","position":1,"name":"Home","item":"https:\/\/www.rucashk.com\/pt\/","nextItem":"https:\/\/www.rucashk.com\/pt\/customer-service\/#listItem"},{"@type":"ListItem","@id":"https:\/\/www.rucashk.com\/pt\/customer-service\/#listItem","position":2,"name":"Customer Service","previousItem":"https:\/\/www.rucashk.com\/pt\/#listItem"}]},{"@type":"Organization","@id":"https:\/\/www.rucashk.com\/pt\/#organization","name":"Rucas","url":"https:\/\/www.rucashk.com\/pt\/","logo":{"@type":"ImageObject","url":"https:\/\/www.rucashk.com\/wp-content\/uploads\/2023\/12\/Rucas_campany_logo.png","@id":"https:\/\/www.rucashk.com\/pt\/customer-service\/#organizationLogo","width":221,"height":65},"image":{"@id":"https:\/\/www.rucashk.com\/pt\/#organizationLogo"}},{"@type":"WebPage","@id":"https:\/\/www.rucashk.com\/pt\/customer-service\/#webpage","url":"https:\/\/www.rucashk.com\/pt\/customer-service\/","name":"Customer Service - Rucas -Wholesale and distribution worldwide","description":"Rucas, One-stop AIoT Distribution Worldwide. Rucas is a brand authorized distributor dedicated to meeting the needs of customers around the world. We proudly work with many well-known brands, including JBL, Xiaomi, Nintendo, Dyson, Oneplus, Redmi, POCO, Infinix, Tecno, 70mai, Haylou, Roborock, Realme, Imilab and Mibro, etc., to bring you the widest selection and the best","inLanguage":"pt-PT","isPartOf":{"@id":"https:\/\/www.rucashk.com\/pt\/#website"},"breadcrumb":{"@id":"https:\/\/www.rucashk.com\/pt\/customer-service\/#breadcrumblist"},"datePublished":"2022-09-22T07:30:38+00:00","dateModified":"2024-05-29T15:43:03+00:00"},{"@type":"WebSite","@id":"https:\/\/www.rucashk.com\/pt\/#website","url":"https:\/\/www.rucashk.com\/pt\/","name":"Rucas - Wholesale and distribution worldwide","alternateName":"Rucas - One-stop AIoT Distribution Worldwide","description":"One-stop AIoT Distribution Worldwide","inLanguage":"pt-PT","publisher":{"@id":"https:\/\/www.rucashk.com\/pt\/#organization"}}]}},"aioseo_meta_data":{"post_id":"17377","title":"#post_title #separator_sa #site_title -Wholesale and distribution worldwide","description":null,"keywords":null,"keyphrases":null,"primary_term":null,"canonical_url":null,"og_title":null,"og_description":null,"og_object_type":"default","og_image_type":"default","og_image_url":null,"og_image_width":null,"og_image_height":null,"og_image_custom_url":null,"og_image_custom_fields":null,"og_video":"","og_custom_url":null,"og_article_section":null,"og_article_tags":null,"twitter_use_og":false,"twitter_card":"default","twitter_image_type":"default","twitter_image_url":null,"twitter_image_custom_url":null,"twitter_image_custom_fields":null,"twitter_title":null,"twitter_description":null,"schema":{"blockGraphs":[],"customGraphs":[],"default":{"data":{"Article":[],"Course":[],"Dataset":[],"FAQPage":[],"Movie":[],"Person":[],"Product":[],"Recipe":[],"Service":[],"SoftwareApplication":[],"WebPage":[]},"graphName":"","isEnabled":true},"graphs":[]},"schema_type":"default","schema_type_options":null,"pillar_content":false,"robots_default":true,"robots_noindex":false,"robots_noarchive":false,"robots_nosnippet":false,"robots_nofollow":false,"robots_noimageindex":false,"robots_noodp":false,"robots_notranslate":false,"robots_max_snippet":"-1","robots_max_videopreview":"-1","robots_max_imagepreview":"large","priority":null,"frequency":"default","local_seo":null,"breadcrumb_settings":null,"limit_modified_date":false,"created":"2024-04-11 01:53:39","updated":"2025-06-22 16:08:10"},"aioseo_breadcrumb":"<div class=\"aioseo-breadcrumbs\"><span class=\"aioseo-breadcrumb\">\n\t<a href=\"https:\/\/www.rucashk.com\/pt\" title=\"Home\">Home<\/a>\n<\/span><span class=\"aioseo-breadcrumb-separator\">&raquo;<\/span><span class=\"aioseo-breadcrumb\">\n\tCustomer Service\n<\/span><\/div>","aioseo_breadcrumb_json":[{"label":"Home","link":"https:\/\/www.rucashk.com\/pt"},{"label":"Customer Service","link":"https:\/\/www.rucashk.com\/pt\/customer-service\/"}],"_links":{"self":[{"href":"https:\/\/www.rucashk.com\/pt\/wp-json\/wp\/v2\/pages\/17377","targetHints":{"allow":["GET"]}}],"collection":[{"href":"https:\/\/www.rucashk.com\/pt\/wp-json\/wp\/v2\/pages"}],"about":[{"href":"https:\/\/www.rucashk.com\/pt\/wp-json\/wp\/v2\/types\/page"}],"author":[{"embeddable":true,"href":"https:\/\/www.rucashk.com\/pt\/wp-json\/wp\/v2\/users\/1"}],"replies":[{"embeddable":true,"href":"https:\/\/www.rucashk.com\/pt\/wp-json\/wp\/v2\/comments?post=17377"}],"version-history":[{"count":0,"href":"https:\/\/www.rucashk.com\/pt\/wp-json\/wp\/v2\/pages\/17377\/revisions"}],"wp:attachment":[{"href":"https:\/\/www.rucashk.com\/pt\/wp-json\/wp\/v2\/media?parent=17377"}],"curies":[{"name":"wp","href":"https:\/\/api.w.org\/{rel}","templated":true}]}}