{"id":42520,"date":"2024-12-08T12:50:52","date_gmt":"2024-12-08T12:50:52","guid":{"rendered":"https:\/\/www.rucashk.com\/?post_type=product&#038;p=42520"},"modified":"2025-06-21T05:21:26","modified_gmt":"2025-06-21T05:21:26","slug":"marshall-major-v-bluetooth-headphones","status":"publish","type":"product","link":"https:\/\/www.rucashk.com\/es\/producto\/marshall-major-v-bluetooth-headphones\/","title":{"rendered":"Auriculares Bluetooth Marshall Major V"},"content":{"rendered":"<figure id=\"attachment_42524\" aria-describedby=\"caption-attachment-42524\" style=\"width: 1920px\" class=\"wp-caption alignnone\"><img fetchpriority=\"high\" decoding=\"async\" class=\"size-full wp-image-42524\" src=\"\/wp-content\/uploads\/replace\/ed50f69a9add48beb724bc80ac4bc511.png\" alt=\"Marshall Major V Bluetooth Headphones\" width=\"1920\" height=\"1133\" \/><figcaption id=\"caption-attachment-42524\" class=\"wp-caption-text\">#image_title<\/figcaption><\/figure>\n<figure id=\"attachment_42525\" aria-describedby=\"caption-attachment-42525\" style=\"width: 1920px\" class=\"wp-caption alignnone\"><img decoding=\"async\" class=\"size-full wp-image-42525\" src=\"\/wp-content\/uploads\/replace\/1a4dfec9df3030f4d501e68c80ec05de.png\" alt=\"Marshall Major V Bluetooth Headphones\" width=\"1920\" height=\"1128\" \/><figcaption id=\"caption-attachment-42525\" class=\"wp-caption-text\">#image_title<\/figcaption><\/figure>\n<figure id=\"attachment_42526\" aria-describedby=\"caption-attachment-42526\" style=\"width: 1920px\" class=\"wp-caption alignnone\"><img decoding=\"async\" class=\"size-full wp-image-42526\" src=\"\/wp-content\/uploads\/replace\/0513920668da1d6adc35691f37df5114.png\" alt=\"Marshall Major V Bluetooth Headphones\" width=\"1920\" height=\"1144\" \/><figcaption id=\"caption-attachment-42526\" class=\"wp-caption-text\">#image_title<\/figcaption><\/figure>\n<figure id=\"attachment_42527\" aria-describedby=\"caption-attachment-42527\" style=\"width: 1920px\" class=\"wp-caption alignnone\"><img loading=\"lazy\" decoding=\"async\" class=\"size-full wp-image-42527\" src=\"\/wp-content\/uploads\/replace\/4324790422e7f40974e648da8bfc6d49.png\" alt=\"Marshall Major V Bluetooth Headphones\" width=\"1920\" height=\"1154\" \/><figcaption id=\"caption-attachment-42527\" class=\"wp-caption-text\">#image_title<\/figcaption><\/figure>\n<figure id=\"attachment_42528\" aria-describedby=\"caption-attachment-42528\" style=\"width: 1920px\" class=\"wp-caption alignnone\"><img loading=\"lazy\" decoding=\"async\" class=\"size-full wp-image-42528\" src=\"\/wp-content\/uploads\/replace\/7ca6e07666bb068c60154fb24010d6b1.png\" alt=\"Marshall Major V Bluetooth Headphones\" width=\"1920\" height=\"1257\" \/><figcaption id=\"caption-attachment-42528\" class=\"wp-caption-text\">#image_title<\/figcaption><\/figure>\n<figure id=\"attachment_42529\" aria-describedby=\"caption-attachment-42529\" style=\"width: 1920px\" class=\"wp-caption alignnone\"><img loading=\"lazy\" decoding=\"async\" class=\"size-full wp-image-42529\" src=\"\/wp-content\/uploads\/replace\/5a5b4528e8124dda46653577169418fa.png\" alt=\"Marshall Major V Bluetooth Headphones\" width=\"1920\" height=\"1241\" \/><figcaption id=\"caption-attachment-42529\" class=\"wp-caption-text\">#image_title<\/figcaption><\/figure>\n<figure id=\"attachment_42530\" aria-describedby=\"caption-attachment-42530\" style=\"width: 1920px\" class=\"wp-caption alignnone\"><img loading=\"lazy\" decoding=\"async\" class=\"size-full wp-image-42530\" src=\"\/wp-content\/uploads\/replace\/ffd34b91e1e9f6d0f3f279474f5302a1.png\" alt=\"Marshall Major V Bluetooth Headphones\" width=\"1920\" height=\"1054\" \/><figcaption id=\"caption-attachment-42530\" class=\"wp-caption-text\">#image_title<\/figcaption><\/figure>\n<p>&nbsp;<\/p>\n<p>The Marshall Major V Bluetooth Headphones has been upgraded in terms of materials. The covering materials on the earmuffs and headband are softer, which allows the headphones to provide good comfort when worn, reduces the feeling of pressure, and does not cause discomfort even when worn for a long time. The change in material may not be noticeable on other brands of headphones, but for the Marshall Major series designed by Founder, it is a top priority, especially the earmuffs. Since the auricle cannot be completely avoided, unnecessary pressure will be caused to the auricle when worn. Therefore, the softness directly determines the wearing comfort. After actual testing, the softness of the Marshall Major V Bluetooth Headphones earmuffs has been greatly improved this time, and it will not burden the auricle at all.<\/p>","protected":false},"excerpt":{"rendered":"<ul>\n<li><strong>Sonido caracter\u00edstico de Marshall<\/strong><br \/>\nWe&#8217;ve fine-tuned the Marshall signature sound you know and love with custom-tuned dynamic drivers, and reduced distortion meaning you can hear your music with absolute clarity.<\/li>\n<li><strong>M\u00e1s de 100 horas de reproducci\u00f3n inal\u00e1mbrica<\/strong><br \/>\nPacking 100+ hours of wireless playtime, you can be gone for days and never be left without a soundtrack. Major V can be charged using the quick charge option, so you&#8217;ll dive back into the session in no time.<\/li>\n<li><strong>Dise\u00f1o resistente y plegable.<\/strong><br \/>\nLos Major V se desgastan con facilidad gracias a su dise\u00f1o resistente. Adem\u00e1s, estos auriculares son plegables, por lo que puedes guardarlos f\u00e1cilmente y estar fuera durante d\u00edas.<\/li>\n<\/ul>","protected":false},"featured_media":42523,"template":"","meta":[],"product_brand":[1373],"product_cat":[1323,1322],"product_tag":[],"class_list":{"0":"post-42520","1":"product","2":"type-product","3":"status-publish","4":"has-post-thumbnail","6":"product_brand-marshall","7":"product_cat-marshall","8":"product_cat-other-a-brands","10":"first","11":"instock","12":"shipping-taxable","13":"product-type-simple"},"aioseo_notices":[],"aioseo_head":"\n\t\t<!-- All in One SEO Pro 4.5.9.2 - aioseo.com -->\n\t\t<meta name=\"description\" content=\"Marshall signature sound We&#039;ve fine-tuned the Marshall signature sound you know and love with custom-tuned dynamic drivers, and reduced distortion meaning you can hear your music with absolute clarity. 100+ hours of wireless play time Packing 100+ hours of wireless playtime, you can be gone for days and never be left without a soundtrack. Major V can be charged using the quick charge option, so you&#039;ll dive back into the session in no time. Rugged &amp; foldable design It takes a lot to wear Major V down thanks to its rugged design. These headphones are also foldable so that you can easily pack them away and be gone for days.\" \/>\n\t\t<meta name=\"robots\" content=\"max-image-preview:large\" \/>\n\t\t<link rel=\"canonical\" href=\"https:\/\/www.rucashk.com\/es\/producto\/marshall-major-v-bluetooth-headphones\/\" \/>\n\t\t<meta name=\"generator\" content=\"All in One SEO Pro (AIOSEO) 4.5.9.2\" \/>\n\t\t<meta property=\"og:locale\" content=\"es_ES\" \/>\n\t\t<meta property=\"og:site_name\" content=\"Rucas - One-stop AIoT Distribution Worldwide\" \/>\n\t\t<meta property=\"og:type\" content=\"article\" \/>\n\t\t<meta property=\"og:title\" content=\"Marshall Major V Bluetooth Headphones - Rucas - Wholesale and Distribution\" \/>\n\t\t<meta property=\"og:description\" content=\"Marshall signature sound We&#039;ve fine-tuned the Marshall signature sound you know and love with custom-tuned dynamic drivers, and reduced distortion meaning you can hear your music with absolute clarity. 100+ hours of wireless play time Packing 100+ hours of wireless playtime, you can be gone for days and never be left without a soundtrack. Major V can be charged using the quick charge option, so you&#039;ll dive back into the session in no time. Rugged &amp; foldable design It takes a lot to wear Major V down thanks to its rugged design. These headphones are also foldable so that you can easily pack them away and be gone for days.\" \/>\n\t\t<meta property=\"og:url\" content=\"https:\/\/www.rucashk.com\/es\/producto\/marshall-major-v-bluetooth-headphones\/\" \/>\n\t\t<meta property=\"og:image\" content=\"https:\/\/www.rucashk.com\/wp-content\/uploads\/replace\/503b8e645f128a97ccde2b6290747646.jpeg\" \/>\n\t\t<meta property=\"og:image:secure_url\" content=\"https:\/\/www.rucashk.com\/wp-content\/uploads\/replace\/503b8e645f128a97ccde2b6290747646.jpeg\" \/>\n\t\t<meta property=\"og:image:width\" content=\"1456\" \/>\n\t\t<meta property=\"og:image:height\" content=\"816\" \/>\n\t\t<meta property=\"article:published_time\" content=\"2024-12-08T12:50:52+00:00\" \/>\n\t\t<meta property=\"article:modified_time\" content=\"2025-06-21T05:21:26+00:00\" \/>\n\t\t<meta name=\"twitter:card\" content=\"summary_large_image\" \/>\n\t\t<meta name=\"twitter:title\" content=\"Marshall Major V Bluetooth Headphones - Rucas - Wholesale and Distribution\" \/>\n\t\t<meta name=\"twitter:description\" content=\"Marshall signature sound We&#039;ve fine-tuned the Marshall signature sound you know and love with custom-tuned dynamic drivers, and reduced distortion meaning you can hear your music with absolute clarity. 100+ hours of wireless play time Packing 100+ hours of wireless playtime, you can be gone for days and never be left without a soundtrack. Major V can be charged using the quick charge option, so you&#039;ll dive back into the session in no time. Rugged &amp; foldable design It takes a lot to wear Major V down thanks to its rugged design. These headphones are also foldable so that you can easily pack them away and be gone for days.\" \/>\n\t\t<meta name=\"twitter:image\" content=\"https:\/\/www.rucashk.com\/wp-content\/uploads\/replace\/503b8e645f128a97ccde2b6290747646.jpeg\" \/>\n\t\t<script type=\"application\/ld+json\" class=\"aioseo-schema\">\n\t\t\t{\"@context\":\"https:\\\/\\\/schema.org\",\"@graph\":[{\"@type\":\"BreadcrumbList\",\"@id\":\"https:\\\/\\\/www.rucashk.com\\\/es\\\/producto\\\/marshall-major-v-bluetooth-headphones\\\/#breadcrumblist\",\"itemListElement\":[{\"@type\":\"ListItem\",\"@id\":\"https:\\\/\\\/www.rucashk.com\\\/es\\\/#listItem\",\"position\":1,\"name\":\"Home\",\"item\":\"https:\\\/\\\/www.rucashk.com\\\/es\\\/\",\"nextItem\":\"https:\\\/\\\/www.rucashk.com\\\/es\\\/producto\\\/marshall-major-v-bluetooth-headphones\\\/#listItem\"},{\"@type\":\"ListItem\",\"@id\":\"https:\\\/\\\/www.rucashk.com\\\/es\\\/producto\\\/marshall-major-v-bluetooth-headphones\\\/#listItem\",\"position\":2,\"name\":\"Marshall Major V Bluetooth Headphones\",\"previousItem\":\"https:\\\/\\\/www.rucashk.com\\\/es\\\/#listItem\"}]},{\"@type\":\"Organization\",\"@id\":\"https:\\\/\\\/www.rucashk.com\\\/es\\\/#organization\",\"name\":\"Rucas\",\"url\":\"https:\\\/\\\/www.rucashk.com\\\/es\\\/\",\"logo\":{\"@type\":\"ImageObject\",\"url\":\"https:\\\/\\\/www.rucashk.com\\\/wp-content\\\/uploads\\\/2023\\\/12\\\/Rucas_campany_logo.png\",\"@id\":\"https:\\\/\\\/www.rucashk.com\\\/es\\\/producto\\\/marshall-major-v-bluetooth-headphones\\\/#organizationLogo\",\"width\":221,\"height\":65},\"image\":{\"@id\":\"https:\\\/\\\/www.rucashk.com\\\/es\\\/#organizationLogo\"}},{\"@type\":\"Person\",\"@id\":\"https:\\\/\\\/www.rucashk.com\\\/es\\\/author\\\/admin\\\/#author\",\"url\":\"https:\\\/\\\/www.rucashk.com\\\/es\\\/author\\\/admin\\\/\",\"name\":\"admin\",\"image\":{\"@type\":\"ImageObject\",\"@id\":\"https:\\\/\\\/www.rucashk.com\\\/es\\\/producto\\\/marshall-major-v-bluetooth-headphones\\\/#authorImage\",\"url\":\"https:\\\/\\\/secure.gravatar.com\\\/avatar\\\/b7c8925b09a27e72b30232f8ecaadbd5af0f70a38c78096863fe51b64f031c24?s=96&d=mm&r=g\",\"width\":96,\"height\":96,\"caption\":\"admin\"}},{\"@type\":\"WebPage\",\"@id\":\"https:\\\/\\\/www.rucashk.com\\\/es\\\/producto\\\/marshall-major-v-bluetooth-headphones\\\/#webpage\",\"url\":\"https:\\\/\\\/www.rucashk.com\\\/es\\\/producto\\\/marshall-major-v-bluetooth-headphones\\\/\",\"name\":\"Marshall Major V Bluetooth Headphones - Rucas - Wholesale and Distribution\",\"description\":\"Marshall signature sound We've fine-tuned the Marshall signature sound you know and love with custom-tuned dynamic drivers, and reduced distortion meaning you can hear your music with absolute clarity. 100+ hours of wireless play time Packing 100+ hours of wireless playtime, you can be gone for days and never be left without a soundtrack. Major V can be charged using the quick charge option, so you'll dive back into the session in no time. Rugged & foldable design It takes a lot to wear Major V down thanks to its rugged design. These headphones are also foldable so that you can easily pack them away and be gone for days.\",\"inLanguage\":\"es-ES\",\"isPartOf\":{\"@id\":\"https:\\\/\\\/www.rucashk.com\\\/es\\\/#website\"},\"breadcrumb\":{\"@id\":\"https:\\\/\\\/www.rucashk.com\\\/es\\\/producto\\\/marshall-major-v-bluetooth-headphones\\\/#breadcrumblist\"},\"author\":{\"@id\":\"https:\\\/\\\/www.rucashk.com\\\/es\\\/author\\\/admin\\\/#author\"},\"creator\":{\"@id\":\"https:\\\/\\\/www.rucashk.com\\\/es\\\/author\\\/admin\\\/#author\"},\"image\":{\"@type\":\"ImageObject\",\"url\":\"https:\\\/\\\/www.rucashk.com\\\/wp-content\\\/uploads\\\/2024\\\/12\\\/Marshall-Major-v-Headphones.webp\",\"@id\":\"https:\\\/\\\/www.rucashk.com\\\/es\\\/producto\\\/marshall-major-v-bluetooth-headphones\\\/#mainImage\",\"width\":400,\"height\":400},\"primaryImageOfPage\":{\"@id\":\"https:\\\/\\\/www.rucashk.com\\\/es\\\/producto\\\/marshall-major-v-bluetooth-headphones\\\/#mainImage\"},\"datePublished\":\"2024-12-08T12:50:52+00:00\",\"dateModified\":\"2025-06-21T05:21:26+00:00\"},{\"@type\":\"WebSite\",\"@id\":\"https:\\\/\\\/www.rucashk.com\\\/es\\\/#website\",\"url\":\"https:\\\/\\\/www.rucashk.com\\\/es\\\/\",\"name\":\"Rucas - Wholesale and distribution worldwide\",\"alternateName\":\"Rucas - One-stop AIoT Distribution Worldwide\",\"description\":\"One-stop AIoT Distribution Worldwide\",\"inLanguage\":\"es-ES\",\"publisher\":{\"@id\":\"https:\\\/\\\/www.rucashk.com\\\/es\\\/#organization\"}}]}\n\t\t<\/script>\n\t\t<!-- All in One SEO Pro -->\r\n\t\t<title>Marshall Major V Bluetooth Headphones - Rucas - Wholesale and Distribution<\/title>\n\n","aioseo_head_json":{"title":"Marshall Major V Bluetooth Headphones - Rucas - Wholesale and Distribution","description":"Marshall signature sound We've fine-tuned the Marshall signature sound you know and love with custom-tuned dynamic drivers, and reduced distortion meaning you can hear your music with absolute clarity. 100+ hours of wireless play time Packing 100+ hours of wireless playtime, you can be gone for days and never be left without a soundtrack. Major V can be charged using the quick charge option, so you'll dive back into the session in no time. Rugged & foldable design It takes a lot to wear Major V down thanks to its rugged design. These headphones are also foldable so that you can easily pack them away and be gone for days.","canonical_url":"https:\/\/www.rucashk.com\/es\/producto\/marshall-major-v-bluetooth-headphones\/","robots":"max-image-preview:large","keywords":"","webmasterTools":{"miscellaneous":""},"og:locale":"es_ES","og:site_name":"Rucas - One-stop AIoT Distribution Worldwide","og:type":"article","og:title":"Marshall Major V Bluetooth Headphones - Rucas - Wholesale and Distribution","og:description":"Marshall signature sound We've fine-tuned the Marshall signature sound you know and love with custom-tuned dynamic drivers, and reduced distortion meaning you can hear your music with absolute clarity. 100+ hours of wireless play time Packing 100+ hours of wireless playtime, you can be gone for days and never be left without a soundtrack. Major V can be charged using the quick charge option, so you'll dive back into the session in no time. Rugged &amp; foldable design It takes a lot to wear Major V down thanks to its rugged design. These headphones are also foldable so that you can easily pack them away and be gone for days.","og:url":"https:\/\/www.rucashk.com\/es\/producto\/marshall-major-v-bluetooth-headphones\/","og:image":"https:\/\/www.rucashk.com\/wp-content\/uploads\/replace\/503b8e645f128a97ccde2b6290747646.jpeg","og:image:secure_url":"https:\/\/www.rucashk.com\/wp-content\/uploads\/replace\/503b8e645f128a97ccde2b6290747646.jpeg","og:image:width":1456,"og:image:height":816,"article:published_time":"2024-12-08T12:50:52+00:00","article:modified_time":"2025-06-21T05:21:26+00:00","twitter:card":"summary_large_image","twitter:title":"Marshall Major V Bluetooth Headphones - Rucas - Wholesale and Distribution","twitter:description":"Marshall signature sound We've fine-tuned the Marshall signature sound you know and love with custom-tuned dynamic drivers, and reduced distortion meaning you can hear your music with absolute clarity. 100+ hours of wireless play time Packing 100+ hours of wireless playtime, you can be gone for days and never be left without a soundtrack. Major V can be charged using the quick charge option, so you'll dive back into the session in no time. Rugged &amp; foldable design It takes a lot to wear Major V down thanks to its rugged design. These headphones are also foldable so that you can easily pack them away and be gone for days.","twitter:image":"https:\/\/www.rucashk.com\/wp-content\/uploads\/replace\/503b8e645f128a97ccde2b6290747646.jpeg","schema":{"@context":"https:\/\/schema.org","@graph":[{"@type":"BreadcrumbList","@id":"https:\/\/www.rucashk.com\/es\/producto\/marshall-major-v-bluetooth-headphones\/#breadcrumblist","itemListElement":[{"@type":"ListItem","@id":"https:\/\/www.rucashk.com\/es\/#listItem","position":1,"name":"Home","item":"https:\/\/www.rucashk.com\/es\/","nextItem":"https:\/\/www.rucashk.com\/es\/producto\/marshall-major-v-bluetooth-headphones\/#listItem"},{"@type":"ListItem","@id":"https:\/\/www.rucashk.com\/es\/producto\/marshall-major-v-bluetooth-headphones\/#listItem","position":2,"name":"Marshall Major V Bluetooth Headphones","previousItem":"https:\/\/www.rucashk.com\/es\/#listItem"}]},{"@type":"Organization","@id":"https:\/\/www.rucashk.com\/es\/#organization","name":"Rucas","url":"https:\/\/www.rucashk.com\/es\/","logo":{"@type":"ImageObject","url":"https:\/\/www.rucashk.com\/wp-content\/uploads\/2023\/12\/Rucas_campany_logo.png","@id":"https:\/\/www.rucashk.com\/es\/producto\/marshall-major-v-bluetooth-headphones\/#organizationLogo","width":221,"height":65},"image":{"@id":"https:\/\/www.rucashk.com\/es\/#organizationLogo"}},{"@type":"Person","@id":"https:\/\/www.rucashk.com\/es\/author\/admin\/#author","url":"https:\/\/www.rucashk.com\/es\/author\/admin\/","name":"admin","image":{"@type":"ImageObject","@id":"https:\/\/www.rucashk.com\/es\/producto\/marshall-major-v-bluetooth-headphones\/#authorImage","url":"https:\/\/secure.gravatar.com\/avatar\/b7c8925b09a27e72b30232f8ecaadbd5af0f70a38c78096863fe51b64f031c24?s=96&d=mm&r=g","width":96,"height":96,"caption":"admin"}},{"@type":"WebPage","@id":"https:\/\/www.rucashk.com\/es\/producto\/marshall-major-v-bluetooth-headphones\/#webpage","url":"https:\/\/www.rucashk.com\/es\/producto\/marshall-major-v-bluetooth-headphones\/","name":"Marshall Major V Bluetooth Headphones - Rucas - Wholesale and Distribution","description":"Marshall signature sound We've fine-tuned the Marshall signature sound you know and love with custom-tuned dynamic drivers, and reduced distortion meaning you can hear your music with absolute clarity. 100+ hours of wireless play time Packing 100+ hours of wireless playtime, you can be gone for days and never be left without a soundtrack. Major V can be charged using the quick charge option, so you'll dive back into the session in no time. Rugged & foldable design It takes a lot to wear Major V down thanks to its rugged design. These headphones are also foldable so that you can easily pack them away and be gone for days.","inLanguage":"es-ES","isPartOf":{"@id":"https:\/\/www.rucashk.com\/es\/#website"},"breadcrumb":{"@id":"https:\/\/www.rucashk.com\/es\/producto\/marshall-major-v-bluetooth-headphones\/#breadcrumblist"},"author":{"@id":"https:\/\/www.rucashk.com\/es\/author\/admin\/#author"},"creator":{"@id":"https:\/\/www.rucashk.com\/es\/author\/admin\/#author"},"image":{"@type":"ImageObject","url":"https:\/\/www.rucashk.com\/wp-content\/uploads\/2024\/12\/Marshall-Major-v-Headphones.webp","@id":"https:\/\/www.rucashk.com\/es\/producto\/marshall-major-v-bluetooth-headphones\/#mainImage","width":400,"height":400},"primaryImageOfPage":{"@id":"https:\/\/www.rucashk.com\/es\/producto\/marshall-major-v-bluetooth-headphones\/#mainImage"},"datePublished":"2024-12-08T12:50:52+00:00","dateModified":"2025-06-21T05:21:26+00:00"},{"@type":"WebSite","@id":"https:\/\/www.rucashk.com\/es\/#website","url":"https:\/\/www.rucashk.com\/es\/","name":"Rucas - Wholesale and distribution worldwide","alternateName":"Rucas - One-stop AIoT Distribution Worldwide","description":"One-stop AIoT Distribution Worldwide","inLanguage":"es-ES","publisher":{"@id":"https:\/\/www.rucashk.com\/es\/#organization"}}]}},"aioseo_meta_data":{"post_id":"42520","title":null,"description":null,"keywords":"[]","keyphrases":"{\"focus\":{\"keyphrase\":\"\",\"score\":0,\"analysis\":{\"keyphraseInTitle\":{\"score\":0,\"maxScore\":9,\"error\":1}}},\"additional\":[]}","primary_term":null,"canonical_url":null,"og_title":null,"og_description":null,"og_object_type":"default","og_image_type":"default","og_image_url":null,"og_image_width":null,"og_image_height":null,"og_image_custom_url":null,"og_image_custom_fields":null,"og_video":"","og_custom_url":null,"og_article_section":null,"og_article_tags":"[]","twitter_use_og":false,"twitter_card":"default","twitter_image_type":"default","twitter_image_url":null,"twitter_image_custom_url":null,"twitter_image_custom_fields":null,"twitter_title":null,"twitter_description":null,"schema":{"blockGraphs":[],"customGraphs":[],"default":{"data":{"Article":[],"Course":[],"Dataset":[],"FAQPage":[],"Movie":[],"Person":[],"Product":[],"Recipe":[],"Service":[],"SoftwareApplication":[],"WebPage":[]},"graphName":"Product","isEnabled":true},"graphs":[]},"schema_type":"default","schema_type_options":null,"pillar_content":false,"robots_default":true,"robots_noindex":false,"robots_noarchive":false,"robots_nosnippet":false,"robots_nofollow":false,"robots_noimageindex":false,"robots_noodp":false,"robots_notranslate":false,"robots_max_snippet":"-1","robots_max_videopreview":"-1","robots_max_imagepreview":"large","priority":null,"frequency":"default","local_seo":null,"breadcrumb_settings":null,"limit_modified_date":false,"created":"2024-12-08 12:46:55","updated":"2025-06-22 18:58:56"},"aioseo_breadcrumb":"<div class=\"aioseo-breadcrumbs\"><span class=\"aioseo-breadcrumb\">\n\t<a href=\"https:\/\/www.rucashk.com\/es\" title=\"Home\">Home<\/a>\n<\/span><span class=\"aioseo-breadcrumb-separator\">&raquo;<\/span><span class=\"aioseo-breadcrumb\">\n\t<a href=\"https:\/\/www.rucashk.com\/es\/products\/\" title=\"Productos\">Productos<\/a>\n<\/span><span class=\"aioseo-breadcrumb-separator\">&raquo;<\/span><span class=\"aioseo-breadcrumb\">\n\t<a href=\"https:\/\/www.rucashk.com\/es\/marca\/marshall\/\" title=\"Marshall\">Marshall<\/a>\n<\/span><span class=\"aioseo-breadcrumb-separator\">&raquo;<\/span><span class=\"aioseo-breadcrumb\">\n\tMarshall Major V Bluetooth Headphones\n<\/span><\/div>","aioseo_breadcrumb_json":[{"label":"Home","link":"https:\/\/www.rucashk.com\/es"},{"label":"Productos","link":"https:\/\/www.rucashk.com\/es\/products\/"},{"label":"Marshall","link":"https:\/\/www.rucashk.com\/es\/marca\/marshall\/"},{"label":"Marshall Major V Bluetooth Headphones","link":"https:\/\/www.rucashk.com\/es\/producto\/marshall-major-v-bluetooth-headphones\/"}],"_links":{"self":[{"href":"https:\/\/www.rucashk.com\/es\/wp-json\/wp\/v2\/product\/42520","targetHints":{"allow":["GET"]}}],"collection":[{"href":"https:\/\/www.rucashk.com\/es\/wp-json\/wp\/v2\/product"}],"about":[{"href":"https:\/\/www.rucashk.com\/es\/wp-json\/wp\/v2\/types\/product"}],"wp:featuredmedia":[{"embeddable":true,"href":"https:\/\/www.rucashk.com\/es\/wp-json\/wp\/v2\/media\/42523"}],"wp:attachment":[{"href":"https:\/\/www.rucashk.com\/es\/wp-json\/wp\/v2\/media?parent=42520"}],"wp:term":[{"taxonomy":"product_brand","embeddable":true,"href":"https:\/\/www.rucashk.com\/es\/wp-json\/wp\/v2\/product_brand?post=42520"},{"taxonomy":"product_cat","embeddable":true,"href":"https:\/\/www.rucashk.com\/es\/wp-json\/wp\/v2\/product_cat?post=42520"},{"taxonomy":"product_tag","embeddable":true,"href":"https:\/\/www.rucashk.com\/es\/wp-json\/wp\/v2\/product_tag?post=42520"}],"curies":[{"name":"wp","href":"https:\/\/api.w.org\/{rel}","templated":true}]}}