{"id":42399,"date":"2024-11-20T15:35:30","date_gmt":"2024-11-20T15:35:30","guid":{"rendered":"https:\/\/www.rucashk.com\/?post_type=product&#038;p=42399"},"modified":"2024-11-20T15:35:38","modified_gmt":"2024-11-20T15:35:38","slug":"mibro-c4-smartwatch","status":"publish","type":"product","link":"https:\/\/www.rucashk.com\/es\/producto\/mibro-c4-smartwatch\/","title":{"rendered":"Reloj inteligente Mibro C4"},"content":{"rendered":"<figure id=\"attachment_42407\" aria-describedby=\"caption-attachment-42407\" style=\"width: 2550px\" class=\"wp-caption alignnone\"><img fetchpriority=\"high\" decoding=\"async\" class=\"size-full wp-image-42407\" src=\"\/wp-content\/uploads\/replace\/5060d8cfbab9bfdfbac1e245ac11afb2.png\" alt=\"Mibro C4 Smartwatch\" width=\"2550\" height=\"1130\" \/><figcaption id=\"caption-attachment-42407\" class=\"wp-caption-text\">#image_title<\/figcaption><\/figure>\n<figure id=\"attachment_42405\" aria-describedby=\"caption-attachment-42405\" style=\"width: 2540px\" class=\"wp-caption alignnone\"><img decoding=\"async\" class=\"size-full wp-image-42405\" src=\"\/wp-content\/uploads\/replace\/f595f5f5d3527268e2cda8dfa4b41877.png\" alt=\"Mibro C4 Smartwatch\" width=\"2540\" height=\"2290\" \/><figcaption id=\"caption-attachment-42405\" class=\"wp-caption-text\">#image_title<\/figcaption><\/figure>\n<figure id=\"attachment_42410\" aria-describedby=\"caption-attachment-42410\" style=\"width: 2543px\" class=\"wp-caption alignnone\"><img decoding=\"async\" class=\"size-full wp-image-42410\" src=\"\/wp-content\/uploads\/replace\/f53e717e50cea20898fe4c5acb8dfec8.png\" alt=\"Mibro C4 Smartwatch\" width=\"2543\" height=\"2247\" \/><figcaption id=\"caption-attachment-42410\" class=\"wp-caption-text\">#image_title<\/figcaption><\/figure>\n<figure id=\"attachment_42403\" aria-describedby=\"caption-attachment-42403\" style=\"width: 2550px\" class=\"wp-caption alignnone\"><img loading=\"lazy\" decoding=\"async\" class=\"size-full wp-image-42403\" src=\"\/wp-content\/uploads\/replace\/06509527b5b09c929458170218b1cb5e.png\" alt=\"Mibro C4 Smartwatch\" width=\"2550\" height=\"2217\" \/><figcaption id=\"caption-attachment-42403\" class=\"wp-caption-text\">#image_title<\/figcaption><\/figure>\n<figure id=\"attachment_42409\" aria-describedby=\"caption-attachment-42409\" style=\"width: 2550px\" class=\"wp-caption alignnone\"><img loading=\"lazy\" decoding=\"async\" class=\"size-full wp-image-42409\" src=\"\/wp-content\/uploads\/replace\/ce9058efb00f3e5d86247dadbc59900f.png\" alt=\"Mibro C4 Smartwatch\" width=\"2550\" height=\"2300\" \/><figcaption id=\"caption-attachment-42409\" class=\"wp-caption-text\">#image_title<\/figcaption><\/figure>\n<figure id=\"attachment_42408\" aria-describedby=\"caption-attachment-42408\" style=\"width: 2547px\" class=\"wp-caption alignnone\"><img loading=\"lazy\" decoding=\"async\" class=\"size-full wp-image-42408\" src=\"\/wp-content\/uploads\/replace\/889fa2f49b084712b83f2551db7dd39e.png\" alt=\"Mibro C4 Smartwatch\" width=\"2547\" height=\"2223\" \/><figcaption id=\"caption-attachment-42408\" class=\"wp-caption-text\">#image_title<\/figcaption><\/figure>\n<figure id=\"attachment_42402\" aria-describedby=\"caption-attachment-42402\" style=\"width: 2550px\" class=\"wp-caption alignnone\"><img loading=\"lazy\" decoding=\"async\" class=\"size-full wp-image-42402\" src=\"\/wp-content\/uploads\/replace\/c74abaffa9ad920f6acea35303be95cb.png\" alt=\"Mibro C4 Smartwatch\" width=\"2550\" height=\"2240\" \/><figcaption id=\"caption-attachment-42402\" class=\"wp-caption-text\">#image_title<\/figcaption><\/figure>\n<figure id=\"attachment_42400\" aria-describedby=\"caption-attachment-42400\" style=\"width: 2550px\" class=\"wp-caption alignnone\"><img loading=\"lazy\" decoding=\"async\" class=\"size-full wp-image-42400\" src=\"\/wp-content\/uploads\/replace\/657bc7a26e04f56af506afee9cfcdde5.png\" alt=\"Mibro C4 Smartwatch\" width=\"2550\" height=\"2230\" \/><figcaption id=\"caption-attachment-42400\" class=\"wp-caption-text\">#image_title<\/figcaption><\/figure>","protected":false},"excerpt":{"rendered":"<ul>\n<li><strong>Su mejor compa\u00f1ero de salud<\/strong><br \/>\nRealice un seguimiento de su frecuencia card\u00edaca, SpO2, sue\u00f1o, salud de la mujer y reciba alertas de salud en tiempo real, sin importar d\u00f3nde se encuentre.<\/li>\n<li><strong>Explora m\u00e1s modos de entrenamiento<\/strong><br \/>\nResistente al agua hasta 2 ATM y dise\u00f1ado para todas tus necesidades de fitness con m\u00e1s de 100 modos deportivos especializados.<\/li>\n<li><strong>Asistente de vida inteligente<\/strong><br \/>\nMant\u00e9ngase conectado con llamadas BT, alertas de mensajes de texto, actualizaciones meteorol\u00f3gicas, alarmas y m\u00e1s recordatorios para su d\u00eda ocupado.<\/li>\n<li><strong>Dise\u00f1o ultradelgado y elegante<\/strong><br \/>\nCuenta con una gran pantalla HD de 2,01\u201d con una frecuencia de actualizaci\u00f3n de 60 Hz para disfrutar de im\u00e1genes n\u00edtidas. Tiene un grosor de tan solo 9,8 mm y un peso de 29 g, lo que ofrece la m\u00e1xima comodidad.<\/li>\n<li><strong>Impresionante duraci\u00f3n de la bater\u00eda<\/strong><br \/>\nUp to 10 days of daily use | 45 days in basic mode |<br \/>\n5 hours of music playback | 6 hours of Bluetooth calls.<\/li>\n<\/ul>","protected":false},"featured_media":42420,"template":"","meta":[],"product_brand":[1370],"product_cat":[1308,1305],"product_tag":[523],"class_list":{"0":"post-42399","1":"product","2":"type-product","3":"status-publish","4":"has-post-thumbnail","6":"product_brand-mibro","7":"product_cat-mibro-smartwatch","8":"product_cat-xiaomi-eco","9":"product_tag-smartwatch","11":"first","12":"instock","13":"shipping-taxable","14":"product-type-simple"},"aioseo_notices":[],"aioseo_head":"\n\t\t<!-- All in One SEO Pro 4.5.9.2 - aioseo.com -->\n\t\t<meta name=\"description\" content=\"Your Ultimate Health Companion Track your heart rate, SpO2, sleep, women\u2019s health, and receive real-time health alerts, no matter where you are. Explore More Workout Modes 2ATM waterproof and designed for all your fitness needs with 100+ specialized sport modes. Smart Life Assistant Stay connected with BT calling, text message alerts, weather updates, alarms, and more reminders for your busy day. Stylish Ultra-Slim Design Features a 2.01\u201d large HD screen with a smooth 60Hz refresh rate for vivid visuals. Just 9.8mm thin and 29g light, offering maximum comfort. Impressive Battery Life Up to 10 days of daily use | 45 days in basic mode | 5 hours of music playback | 6 hours of Bluetooth calls.\" \/>\n\t\t<meta name=\"robots\" content=\"max-image-preview:large\" \/>\n\t\t<link rel=\"canonical\" href=\"https:\/\/www.rucashk.com\/es\/producto\/mibro-c4-smartwatch\/\" \/>\n\t\t<meta name=\"generator\" content=\"All in One SEO Pro (AIOSEO) 4.5.9.2\" \/>\n\t\t<meta property=\"og:locale\" content=\"es_ES\" \/>\n\t\t<meta property=\"og:site_name\" content=\"Rucas - One-stop AIoT Distribution Worldwide\" \/>\n\t\t<meta property=\"og:type\" content=\"article\" \/>\n\t\t<meta property=\"og:title\" content=\"Mibro C4 Smartwatch - Rucas - Wholesale and Distribution\" \/>\n\t\t<meta property=\"og:description\" content=\"Your Ultimate Health Companion Track your heart rate, SpO2, sleep, women\u2019s health, and receive real-time health alerts, no matter where you are. Explore More Workout Modes 2ATM waterproof and designed for all your fitness needs with 100+ specialized sport modes. Smart Life Assistant Stay connected with BT calling, text message alerts, weather updates, alarms, and more reminders for your busy day. Stylish Ultra-Slim Design Features a 2.01\u201d large HD screen with a smooth 60Hz refresh rate for vivid visuals. Just 9.8mm thin and 29g light, offering maximum comfort. Impressive Battery Life Up to 10 days of daily use | 45 days in basic mode | 5 hours of music playback | 6 hours of Bluetooth calls.\" \/>\n\t\t<meta property=\"og:url\" content=\"https:\/\/www.rucashk.com\/es\/producto\/mibro-c4-smartwatch\/\" \/>\n\t\t<meta property=\"og:image\" content=\"https:\/\/www.rucashk.com\/wp-content\/uploads\/replace\/503b8e645f128a97ccde2b6290747646.jpeg\" \/>\n\t\t<meta property=\"og:image:secure_url\" content=\"https:\/\/www.rucashk.com\/wp-content\/uploads\/replace\/503b8e645f128a97ccde2b6290747646.jpeg\" \/>\n\t\t<meta property=\"og:image:width\" content=\"1456\" \/>\n\t\t<meta property=\"og:image:height\" content=\"816\" \/>\n\t\t<meta property=\"article:published_time\" content=\"2024-11-20T15:35:30+00:00\" \/>\n\t\t<meta property=\"article:modified_time\" content=\"2024-11-20T15:35:38+00:00\" \/>\n\t\t<meta name=\"twitter:card\" content=\"summary_large_image\" \/>\n\t\t<meta name=\"twitter:title\" content=\"Mibro C4 Smartwatch - Rucas - Wholesale and Distribution\" \/>\n\t\t<meta name=\"twitter:description\" content=\"Your Ultimate Health Companion Track your heart rate, SpO2, sleep, women\u2019s health, and receive real-time health alerts, no matter where you are. Explore More Workout Modes 2ATM waterproof and designed for all your fitness needs with 100+ specialized sport modes. Smart Life Assistant Stay connected with BT calling, text message alerts, weather updates, alarms, and more reminders for your busy day. Stylish Ultra-Slim Design Features a 2.01\u201d large HD screen with a smooth 60Hz refresh rate for vivid visuals. Just 9.8mm thin and 29g light, offering maximum comfort. Impressive Battery Life Up to 10 days of daily use | 45 days in basic mode | 5 hours of music playback | 6 hours of Bluetooth calls.\" \/>\n\t\t<meta name=\"twitter:image\" content=\"https:\/\/www.rucashk.com\/wp-content\/uploads\/replace\/503b8e645f128a97ccde2b6290747646.jpeg\" \/>\n\t\t<script type=\"application\/ld+json\" class=\"aioseo-schema\">\n\t\t\t{\"@context\":\"https:\\\/\\\/schema.org\",\"@graph\":[{\"@type\":\"BreadcrumbList\",\"@id\":\"https:\\\/\\\/www.rucashk.com\\\/es\\\/producto\\\/mibro-c4-smartwatch\\\/#breadcrumblist\",\"itemListElement\":[{\"@type\":\"ListItem\",\"@id\":\"https:\\\/\\\/www.rucashk.com\\\/es\\\/#listItem\",\"position\":1,\"name\":\"Home\",\"item\":\"https:\\\/\\\/www.rucashk.com\\\/es\\\/\",\"nextItem\":\"https:\\\/\\\/www.rucashk.com\\\/es\\\/producto\\\/mibro-c4-smartwatch\\\/#listItem\"},{\"@type\":\"ListItem\",\"@id\":\"https:\\\/\\\/www.rucashk.com\\\/es\\\/producto\\\/mibro-c4-smartwatch\\\/#listItem\",\"position\":2,\"name\":\"Mibro C4 Smartwatch\",\"previousItem\":\"https:\\\/\\\/www.rucashk.com\\\/es\\\/#listItem\"}]},{\"@type\":\"Organization\",\"@id\":\"https:\\\/\\\/www.rucashk.com\\\/es\\\/#organization\",\"name\":\"Rucas\",\"url\":\"https:\\\/\\\/www.rucashk.com\\\/es\\\/\",\"logo\":{\"@type\":\"ImageObject\",\"url\":\"https:\\\/\\\/www.rucashk.com\\\/wp-content\\\/uploads\\\/2023\\\/12\\\/Rucas_campany_logo.png\",\"@id\":\"https:\\\/\\\/www.rucashk.com\\\/es\\\/producto\\\/mibro-c4-smartwatch\\\/#organizationLogo\",\"width\":221,\"height\":65},\"image\":{\"@id\":\"https:\\\/\\\/www.rucashk.com\\\/es\\\/#organizationLogo\"}},{\"@type\":\"Person\",\"@id\":\"https:\\\/\\\/www.rucashk.com\\\/es\\\/author\\\/admin\\\/#author\",\"url\":\"https:\\\/\\\/www.rucashk.com\\\/es\\\/author\\\/admin\\\/\",\"name\":\"admin\",\"image\":{\"@type\":\"ImageObject\",\"@id\":\"https:\\\/\\\/www.rucashk.com\\\/es\\\/producto\\\/mibro-c4-smartwatch\\\/#authorImage\",\"url\":\"https:\\\/\\\/secure.gravatar.com\\\/avatar\\\/b7c8925b09a27e72b30232f8ecaadbd5af0f70a38c78096863fe51b64f031c24?s=96&d=mm&r=g\",\"width\":96,\"height\":96,\"caption\":\"admin\"}},{\"@type\":\"WebPage\",\"@id\":\"https:\\\/\\\/www.rucashk.com\\\/es\\\/producto\\\/mibro-c4-smartwatch\\\/#webpage\",\"url\":\"https:\\\/\\\/www.rucashk.com\\\/es\\\/producto\\\/mibro-c4-smartwatch\\\/\",\"name\":\"Mibro C4 Smartwatch - Rucas - Wholesale and Distribution\",\"description\":\"Your Ultimate Health Companion Track your heart rate, SpO2, sleep, women\\u2019s health, and receive real-time health alerts, no matter where you are. Explore More Workout Modes 2ATM waterproof and designed for all your fitness needs with 100+ specialized sport modes. Smart Life Assistant Stay connected with BT calling, text message alerts, weather updates, alarms, and more reminders for your busy day. Stylish Ultra-Slim Design Features a 2.01\\u201d large HD screen with a smooth 60Hz refresh rate for vivid visuals. Just 9.8mm thin and 29g light, offering maximum comfort. Impressive Battery Life Up to 10 days of daily use | 45 days in basic mode | 5 hours of music playback | 6 hours of Bluetooth calls.\",\"inLanguage\":\"es-ES\",\"isPartOf\":{\"@id\":\"https:\\\/\\\/www.rucashk.com\\\/es\\\/#website\"},\"breadcrumb\":{\"@id\":\"https:\\\/\\\/www.rucashk.com\\\/es\\\/producto\\\/mibro-c4-smartwatch\\\/#breadcrumblist\"},\"author\":{\"@id\":\"https:\\\/\\\/www.rucashk.com\\\/es\\\/author\\\/admin\\\/#author\"},\"creator\":{\"@id\":\"https:\\\/\\\/www.rucashk.com\\\/es\\\/author\\\/admin\\\/#author\"},\"image\":{\"@type\":\"ImageObject\",\"url\":\"https:\\\/\\\/www.rucashk.com\\\/wp-content\\\/uploads\\\/2024\\\/11\\\/Mibro-Smart-Watch-C4-1.png\",\"@id\":\"https:\\\/\\\/www.rucashk.com\\\/es\\\/producto\\\/mibro-c4-smartwatch\\\/#mainImage\",\"width\":700,\"height\":700},\"primaryImageOfPage\":{\"@id\":\"https:\\\/\\\/www.rucashk.com\\\/es\\\/producto\\\/mibro-c4-smartwatch\\\/#mainImage\"},\"datePublished\":\"2024-11-20T15:35:30+00:00\",\"dateModified\":\"2024-11-20T15:35:38+00:00\"},{\"@type\":\"WebSite\",\"@id\":\"https:\\\/\\\/www.rucashk.com\\\/es\\\/#website\",\"url\":\"https:\\\/\\\/www.rucashk.com\\\/es\\\/\",\"name\":\"Rucas - Wholesale and distribution worldwide\",\"alternateName\":\"Rucas - One-stop AIoT Distribution Worldwide\",\"description\":\"One-stop AIoT Distribution Worldwide\",\"inLanguage\":\"es-ES\",\"publisher\":{\"@id\":\"https:\\\/\\\/www.rucashk.com\\\/es\\\/#organization\"}}]}\n\t\t<\/script>\n\t\t<!-- All in One SEO Pro -->\r\n\t\t<title>Mibro C4 Smartwatch - Rucas - Wholesale and Distribution<\/title>\n\n","aioseo_head_json":{"title":"Mibro C4 Smartwatch - Rucas - Wholesale and Distribution","description":"Your Ultimate Health Companion Track your heart rate, SpO2, sleep, women\u2019s health, and receive real-time health alerts, no matter where you are. Explore More Workout Modes 2ATM waterproof and designed for all your fitness needs with 100+ specialized sport modes. Smart Life Assistant Stay connected with BT calling, text message alerts, weather updates, alarms, and more reminders for your busy day. Stylish Ultra-Slim Design Features a 2.01\u201d large HD screen with a smooth 60Hz refresh rate for vivid visuals. Just 9.8mm thin and 29g light, offering maximum comfort. Impressive Battery Life Up to 10 days of daily use | 45 days in basic mode | 5 hours of music playback | 6 hours of Bluetooth calls.","canonical_url":"https:\/\/www.rucashk.com\/es\/producto\/mibro-c4-smartwatch\/","robots":"max-image-preview:large","keywords":"","webmasterTools":{"miscellaneous":""},"og:locale":"es_ES","og:site_name":"Rucas - One-stop AIoT Distribution Worldwide","og:type":"article","og:title":"Mibro C4 Smartwatch - Rucas - Wholesale and Distribution","og:description":"Your Ultimate Health Companion Track your heart rate, SpO2, sleep, women\u2019s health, and receive real-time health alerts, no matter where you are. Explore More Workout Modes 2ATM waterproof and designed for all your fitness needs with 100+ specialized sport modes. Smart Life Assistant Stay connected with BT calling, text message alerts, weather updates, alarms, and more reminders for your busy day. Stylish Ultra-Slim Design Features a 2.01\u201d large HD screen with a smooth 60Hz refresh rate for vivid visuals. Just 9.8mm thin and 29g light, offering maximum comfort. Impressive Battery Life Up to 10 days of daily use | 45 days in basic mode | 5 hours of music playback | 6 hours of Bluetooth calls.","og:url":"https:\/\/www.rucashk.com\/es\/producto\/mibro-c4-smartwatch\/","og:image":"https:\/\/www.rucashk.com\/wp-content\/uploads\/replace\/503b8e645f128a97ccde2b6290747646.jpeg","og:image:secure_url":"https:\/\/www.rucashk.com\/wp-content\/uploads\/replace\/503b8e645f128a97ccde2b6290747646.jpeg","og:image:width":1456,"og:image:height":816,"article:published_time":"2024-11-20T15:35:30+00:00","article:modified_time":"2024-11-20T15:35:38+00:00","twitter:card":"summary_large_image","twitter:title":"Mibro C4 Smartwatch - Rucas - Wholesale and Distribution","twitter:description":"Your Ultimate Health Companion Track your heart rate, SpO2, sleep, women\u2019s health, and receive real-time health alerts, no matter where you are. Explore More Workout Modes 2ATM waterproof and designed for all your fitness needs with 100+ specialized sport modes. Smart Life Assistant Stay connected with BT calling, text message alerts, weather updates, alarms, and more reminders for your busy day. Stylish Ultra-Slim Design Features a 2.01\u201d large HD screen with a smooth 60Hz refresh rate for vivid visuals. Just 9.8mm thin and 29g light, offering maximum comfort. Impressive Battery Life Up to 10 days of daily use | 45 days in basic mode | 5 hours of music playback | 6 hours of Bluetooth calls.","twitter:image":"https:\/\/www.rucashk.com\/wp-content\/uploads\/replace\/503b8e645f128a97ccde2b6290747646.jpeg","schema":{"@context":"https:\/\/schema.org","@graph":[{"@type":"BreadcrumbList","@id":"https:\/\/www.rucashk.com\/es\/producto\/mibro-c4-smartwatch\/#breadcrumblist","itemListElement":[{"@type":"ListItem","@id":"https:\/\/www.rucashk.com\/es\/#listItem","position":1,"name":"Home","item":"https:\/\/www.rucashk.com\/es\/","nextItem":"https:\/\/www.rucashk.com\/es\/producto\/mibro-c4-smartwatch\/#listItem"},{"@type":"ListItem","@id":"https:\/\/www.rucashk.com\/es\/producto\/mibro-c4-smartwatch\/#listItem","position":2,"name":"Mibro C4 Smartwatch","previousItem":"https:\/\/www.rucashk.com\/es\/#listItem"}]},{"@type":"Organization","@id":"https:\/\/www.rucashk.com\/es\/#organization","name":"Rucas","url":"https:\/\/www.rucashk.com\/es\/","logo":{"@type":"ImageObject","url":"https:\/\/www.rucashk.com\/wp-content\/uploads\/2023\/12\/Rucas_campany_logo.png","@id":"https:\/\/www.rucashk.com\/es\/producto\/mibro-c4-smartwatch\/#organizationLogo","width":221,"height":65},"image":{"@id":"https:\/\/www.rucashk.com\/es\/#organizationLogo"}},{"@type":"Person","@id":"https:\/\/www.rucashk.com\/es\/author\/admin\/#author","url":"https:\/\/www.rucashk.com\/es\/author\/admin\/","name":"admin","image":{"@type":"ImageObject","@id":"https:\/\/www.rucashk.com\/es\/producto\/mibro-c4-smartwatch\/#authorImage","url":"https:\/\/secure.gravatar.com\/avatar\/b7c8925b09a27e72b30232f8ecaadbd5af0f70a38c78096863fe51b64f031c24?s=96&d=mm&r=g","width":96,"height":96,"caption":"admin"}},{"@type":"WebPage","@id":"https:\/\/www.rucashk.com\/es\/producto\/mibro-c4-smartwatch\/#webpage","url":"https:\/\/www.rucashk.com\/es\/producto\/mibro-c4-smartwatch\/","name":"Mibro C4 Smartwatch - Rucas - Wholesale and Distribution","description":"Your Ultimate Health Companion Track your heart rate, SpO2, sleep, women\u2019s health, and receive real-time health alerts, no matter where you are. Explore More Workout Modes 2ATM waterproof and designed for all your fitness needs with 100+ specialized sport modes. Smart Life Assistant Stay connected with BT calling, text message alerts, weather updates, alarms, and more reminders for your busy day. Stylish Ultra-Slim Design Features a 2.01\u201d large HD screen with a smooth 60Hz refresh rate for vivid visuals. Just 9.8mm thin and 29g light, offering maximum comfort. Impressive Battery Life Up to 10 days of daily use | 45 days in basic mode | 5 hours of music playback | 6 hours of Bluetooth calls.","inLanguage":"es-ES","isPartOf":{"@id":"https:\/\/www.rucashk.com\/es\/#website"},"breadcrumb":{"@id":"https:\/\/www.rucashk.com\/es\/producto\/mibro-c4-smartwatch\/#breadcrumblist"},"author":{"@id":"https:\/\/www.rucashk.com\/es\/author\/admin\/#author"},"creator":{"@id":"https:\/\/www.rucashk.com\/es\/author\/admin\/#author"},"image":{"@type":"ImageObject","url":"https:\/\/www.rucashk.com\/wp-content\/uploads\/2024\/11\/Mibro-Smart-Watch-C4-1.png","@id":"https:\/\/www.rucashk.com\/es\/producto\/mibro-c4-smartwatch\/#mainImage","width":700,"height":700},"primaryImageOfPage":{"@id":"https:\/\/www.rucashk.com\/es\/producto\/mibro-c4-smartwatch\/#mainImage"},"datePublished":"2024-11-20T15:35:30+00:00","dateModified":"2024-11-20T15:35:38+00:00"},{"@type":"WebSite","@id":"https:\/\/www.rucashk.com\/es\/#website","url":"https:\/\/www.rucashk.com\/es\/","name":"Rucas - Wholesale and distribution worldwide","alternateName":"Rucas - One-stop AIoT Distribution Worldwide","description":"One-stop AIoT Distribution Worldwide","inLanguage":"es-ES","publisher":{"@id":"https:\/\/www.rucashk.com\/es\/#organization"}}]}},"aioseo_meta_data":{"post_id":"42399","title":null,"description":null,"keywords":"[]","keyphrases":"{\"focus\":{\"keyphrase\":\"\",\"score\":0,\"analysis\":{\"keyphraseInTitle\":{\"score\":0,\"maxScore\":9,\"error\":1}}},\"additional\":[]}","primary_term":null,"canonical_url":null,"og_title":null,"og_description":null,"og_object_type":"default","og_image_type":"default","og_image_url":null,"og_image_width":null,"og_image_height":null,"og_image_custom_url":null,"og_image_custom_fields":null,"og_video":"","og_custom_url":null,"og_article_section":null,"og_article_tags":"[]","twitter_use_og":false,"twitter_card":"default","twitter_image_type":"default","twitter_image_url":null,"twitter_image_custom_url":null,"twitter_image_custom_fields":null,"twitter_title":null,"twitter_description":null,"schema":{"blockGraphs":[],"customGraphs":[],"default":{"data":{"Article":[],"Course":[],"Dataset":[],"FAQPage":[],"Movie":[],"Person":[],"Product":[],"Recipe":[],"Service":[],"SoftwareApplication":[],"WebPage":[]},"graphName":"Product","isEnabled":true},"graphs":[]},"schema_type":"default","schema_type_options":null,"pillar_content":false,"robots_default":true,"robots_noindex":false,"robots_noarchive":false,"robots_nosnippet":false,"robots_nofollow":false,"robots_noimageindex":false,"robots_noodp":false,"robots_notranslate":false,"robots_max_snippet":"-1","robots_max_videopreview":"-1","robots_max_imagepreview":"large","priority":null,"frequency":"default","local_seo":null,"breadcrumb_settings":null,"limit_modified_date":false,"created":"2024-11-20 15:30:02","updated":"2025-06-22 18:57:57"},"aioseo_breadcrumb":"<div class=\"aioseo-breadcrumbs\"><span class=\"aioseo-breadcrumb\">\n\t<a href=\"https:\/\/www.rucashk.com\/es\" title=\"Home\">Home<\/a>\n<\/span><span class=\"aioseo-breadcrumb-separator\">&raquo;<\/span><span class=\"aioseo-breadcrumb\">\n\t<a href=\"https:\/\/www.rucashk.com\/es\/products\/\" title=\"Productos\">Productos<\/a>\n<\/span><span class=\"aioseo-breadcrumb-separator\">&raquo;<\/span><span class=\"aioseo-breadcrumb\">\n\t<a href=\"https:\/\/www.rucashk.com\/es\/marca\/mibro\/\" title=\"Mibro\">Mibro<\/a>\n<\/span><span class=\"aioseo-breadcrumb-separator\">&raquo;<\/span><span class=\"aioseo-breadcrumb\">\n\tMibro C4 Smartwatch\n<\/span><\/div>","aioseo_breadcrumb_json":[{"label":"Home","link":"https:\/\/www.rucashk.com\/es"},{"label":"Productos","link":"https:\/\/www.rucashk.com\/es\/products\/"},{"label":"Mibro","link":"https:\/\/www.rucashk.com\/es\/marca\/mibro\/"},{"label":"Mibro C4 Smartwatch","link":"https:\/\/www.rucashk.com\/es\/producto\/mibro-c4-smartwatch\/"}],"_links":{"self":[{"href":"https:\/\/www.rucashk.com\/es\/wp-json\/wp\/v2\/product\/42399","targetHints":{"allow":["GET"]}}],"collection":[{"href":"https:\/\/www.rucashk.com\/es\/wp-json\/wp\/v2\/product"}],"about":[{"href":"https:\/\/www.rucashk.com\/es\/wp-json\/wp\/v2\/types\/product"}],"wp:featuredmedia":[{"embeddable":true,"href":"https:\/\/www.rucashk.com\/es\/wp-json\/wp\/v2\/media\/42420"}],"wp:attachment":[{"href":"https:\/\/www.rucashk.com\/es\/wp-json\/wp\/v2\/media?parent=42399"}],"wp:term":[{"taxonomy":"product_brand","embeddable":true,"href":"https:\/\/www.rucashk.com\/es\/wp-json\/wp\/v2\/product_brand?post=42399"},{"taxonomy":"product_cat","embeddable":true,"href":"https:\/\/www.rucashk.com\/es\/wp-json\/wp\/v2\/product_cat?post=42399"},{"taxonomy":"product_tag","embeddable":true,"href":"https:\/\/www.rucashk.com\/es\/wp-json\/wp\/v2\/product_tag?post=42399"}],"curies":[{"name":"wp","href":"https:\/\/api.w.org\/{rel}","templated":true}]}}