{"id":42328,"date":"2024-11-10T17:06:35","date_gmt":"2024-11-10T17:06:35","guid":{"rendered":"https:\/\/www.rucashk.com\/?post_type=product&#038;p=42328"},"modified":"2024-11-10T17:06:45","modified_gmt":"2024-11-10T17:06:45","slug":"xiaomi-redmi-buds-6-active-ai-wireless-earphones","status":"publish","type":"product","link":"https:\/\/www.rucashk.com\/es\/producto\/xiaomi-redmi-buds-6-active-ai-wireless-earphones\/","title":{"rendered":"Auriculares inal\u00e1mbricos Xiaomi Redmi Buds 6 Active AI"},"content":{"rendered":"<figure id=\"attachment_42332\" aria-describedby=\"caption-attachment-42332\" style=\"width: 2550px\" class=\"wp-caption alignnone\"><img fetchpriority=\"high\" decoding=\"async\" class=\"size-full wp-image-42332\" src=\"\/wp-content\/uploads\/replace\/b278e0f8748a85cf227026566cb7c4a4.png\" alt=\"Xiaomi Redmi Buds 6 Active AI Wireless Earphones\" width=\"2550\" height=\"1243\" \/><figcaption id=\"caption-attachment-42332\" class=\"wp-caption-text\">#image_title<\/figcaption><\/figure>\n<figure id=\"attachment_42333\" aria-describedby=\"caption-attachment-42333\" style=\"width: 2550px\" class=\"wp-caption alignnone\"><img decoding=\"async\" class=\"size-full wp-image-42333\" src=\"\/wp-content\/uploads\/replace\/ef546cd924f2e4fde50fe92fc6ba124f.png\" alt=\"Xiaomi Redmi Buds 6 Active AI Wireless Earphones\" width=\"2550\" height=\"2803\" \/><figcaption id=\"caption-attachment-42333\" class=\"wp-caption-text\">#image_title<\/figcaption><\/figure>\n<figure id=\"attachment_42334\" aria-describedby=\"caption-attachment-42334\" style=\"width: 2550px\" class=\"wp-caption alignnone\"><img decoding=\"async\" class=\"size-full wp-image-42334\" src=\"\/wp-content\/uploads\/replace\/073f34c0ce4871e7d4af5bf3b4e5a6c4.png\" alt=\"Xiaomi Redmi Buds 6 Active AI Wireless Earphones\" width=\"2550\" height=\"2080\" \/><figcaption id=\"caption-attachment-42334\" class=\"wp-caption-text\">#image_title<\/figcaption><\/figure>\n<figure id=\"attachment_42335\" aria-describedby=\"caption-attachment-42335\" style=\"width: 2550px\" class=\"wp-caption alignnone\"><img loading=\"lazy\" decoding=\"async\" class=\"size-full wp-image-42335\" src=\"\/wp-content\/uploads\/replace\/1525c4d9e30e6580fd9296b7569ce266.png\" alt=\"Xiaomi Redmi Buds 6 Active AI Wireless Earphones\" width=\"2550\" height=\"3035\" \/><figcaption id=\"caption-attachment-42335\" class=\"wp-caption-text\">#image_title<\/figcaption><\/figure>\n<figure id=\"attachment_42336\" aria-describedby=\"caption-attachment-42336\" style=\"width: 2547px\" class=\"wp-caption alignnone\"><img loading=\"lazy\" decoding=\"async\" class=\"size-full wp-image-42336\" src=\"\/wp-content\/uploads\/replace\/1e97dea25585cdecd0c26fc9b54f9ac8.png\" alt=\"Xiaomi Redmi Buds 6 Active AI Wireless Earphones\" width=\"2547\" height=\"2350\" \/><figcaption id=\"caption-attachment-42336\" class=\"wp-caption-text\">#image_title<\/figcaption><\/figure>\n<figure id=\"attachment_42337\" aria-describedby=\"caption-attachment-42337\" style=\"width: 2550px\" class=\"wp-caption alignnone\"><img loading=\"lazy\" decoding=\"async\" class=\"size-full wp-image-42337\" src=\"\/wp-content\/uploads\/replace\/8b794eca128e00cd8ee4f743079fa93d.png\" alt=\"Xiaomi Redmi Buds 6 Active AI Wireless Earphones\" width=\"2550\" height=\"2825\" \/><figcaption id=\"caption-attachment-42337\" class=\"wp-caption-text\">#image_title<\/figcaption><\/figure>\n<figure id=\"attachment_42338\" aria-describedby=\"caption-attachment-42338\" style=\"width: 2547px\" class=\"wp-caption alignnone\"><img loading=\"lazy\" decoding=\"async\" class=\"size-full wp-image-42338\" src=\"\/wp-content\/uploads\/replace\/e9b5695a43eaf63617d4cdd07bd53cf7.png\" alt=\"Xiaomi Redmi Buds 6 Active AI Wireless Earphones\" width=\"2547\" height=\"1550\" \/><figcaption id=\"caption-attachment-42338\" class=\"wp-caption-text\">#image_title<\/figcaption><\/figure>\n<figure id=\"attachment_42339\" aria-describedby=\"caption-attachment-42339\" style=\"width: 2550px\" class=\"wp-caption alignnone\"><img loading=\"lazy\" decoding=\"async\" class=\"size-full wp-image-42339\" src=\"\/wp-content\/uploads\/replace\/f7eadc4ff8cd8f9843684efb3ccfaf52.png\" alt=\"Xiaomi Redmi Buds 6 Active AI Wireless Earphones\" width=\"2550\" height=\"1950\" \/><figcaption id=\"caption-attachment-42339\" class=\"wp-caption-text\">#image_title<\/figcaption><\/figure>","protected":false},"excerpt":{"rendered":"<ul>\n<li>Hasta 6 horas de reproducci\u00f3n continua con una sola carga, y se puede utilizar con un estuche de carga para hasta 30 horas de reproducci\u00f3n de m\u00fasica. Adem\u00e1s, cuenta con una funci\u00f3n de carga r\u00e1pida que permite hasta 1 hora de tiempo de reproducci\u00f3n con solo 10 minutos de carga.<\/li>\n<li>Equipado con un controlador din\u00e1mico de 14,2 mm y un ajuste preciso con Xiaomi Acoustic Lab, puede disfrutar de una experiencia de sonido incre\u00edble con graves s\u00f3lidos.<\/li>\n<li>La reducci\u00f3n de ruido del micr\u00f3fono dual reduce el ruido del viento hasta 4 m\/s durante las llamadas telef\u00f3nicas. Tambi\u00e9n reduce eficazmente el ruido ambiental para que puedas hacer llamadas claras en interiores o exteriores.<\/li>\n<li>5 configuraciones de ecualizador incorporadas para admitir una variedad de escenas. Por ejemplo, puede experimentar un ritmo de bater\u00eda potente y din\u00e1mico en el modo de graves mejorados o incluso disfrutar de la voz del cantante con mayor claridad en el modo vocal<\/li>\n<\/ul>","protected":false},"featured_media":42350,"template":"","meta":[],"product_brand":[1363],"product_cat":[1306,1305],"product_tag":[1170],"class_list":{"0":"post-42328","1":"product","2":"type-product","3":"status-publish","4":"has-post-thumbnail","6":"product_brand-xiaomi","7":"product_cat-mi-redmi-earphone","8":"product_cat-xiaomi-eco","9":"product_tag-earphone","11":"first","12":"instock","13":"shipping-taxable","14":"product-type-simple"},"aioseo_notices":[],"aioseo_head":"\n\t\t<!-- All in One SEO Pro 4.5.9.2 - aioseo.com -->\n\t\t<meta name=\"description\" content=\"Up to 6 hours of continuous playback on a single charge, and can be used with a charging case for up to 30 hours of music playback. In addition, it has a fast charging feature that allows up to 1 hour of playback time on just 10 minutes of charge. Equipped with a 14.2mm dynamic driver and precise tuning with Xiaomi Acoustic Lab, you can enjoy an amazing sound experience with solid bass Dual microphone noise reduction reduces wind noise up to 4m\/s when phone calls. It also effectively reduces ambient noise so you can make clear calls indoors or outdoors Built-in 5 Equalizer settings to support a variety of scenes. For example, you can experience a powerful, dynamic drum beat in bass enhanced mode, or even enjoy the singer voice clearer in vocal mode\" \/>\n\t\t<meta name=\"robots\" content=\"max-image-preview:large\" \/>\n\t\t<link rel=\"canonical\" href=\"https:\/\/www.rucashk.com\/es\/producto\/xiaomi-redmi-buds-6-active-ai-wireless-earphones\/\" \/>\n\t\t<meta name=\"generator\" content=\"All in One SEO Pro (AIOSEO) 4.5.9.2\" \/>\n\t\t<meta property=\"og:locale\" content=\"es_ES\" \/>\n\t\t<meta property=\"og:site_name\" content=\"Rucas - One-stop AIoT Distribution Worldwide\" \/>\n\t\t<meta property=\"og:type\" content=\"article\" \/>\n\t\t<meta property=\"og:title\" content=\"Xiaomi Redmi Buds 6 Active AI Wireless Earphones - Rucas - Wholesale and Distribution\" \/>\n\t\t<meta property=\"og:description\" content=\"Up to 6 hours of continuous playback on a single charge, and can be used with a charging case for up to 30 hours of music playback. In addition, it has a fast charging feature that allows up to 1 hour of playback time on just 10 minutes of charge. Equipped with a 14.2mm dynamic driver and precise tuning with Xiaomi Acoustic Lab, you can enjoy an amazing sound experience with solid bass Dual microphone noise reduction reduces wind noise up to 4m\/s when phone calls. It also effectively reduces ambient noise so you can make clear calls indoors or outdoors Built-in 5 Equalizer settings to support a variety of scenes. For example, you can experience a powerful, dynamic drum beat in bass enhanced mode, or even enjoy the singer voice clearer in vocal mode\" \/>\n\t\t<meta property=\"og:url\" content=\"https:\/\/www.rucashk.com\/es\/producto\/xiaomi-redmi-buds-6-active-ai-wireless-earphones\/\" \/>\n\t\t<meta property=\"og:image\" content=\"https:\/\/www.rucashk.com\/wp-content\/uploads\/replace\/503b8e645f128a97ccde2b6290747646.jpeg\" \/>\n\t\t<meta property=\"og:image:secure_url\" content=\"https:\/\/www.rucashk.com\/wp-content\/uploads\/replace\/503b8e645f128a97ccde2b6290747646.jpeg\" \/>\n\t\t<meta property=\"og:image:width\" content=\"1456\" \/>\n\t\t<meta property=\"og:image:height\" content=\"816\" \/>\n\t\t<meta property=\"article:published_time\" content=\"2024-11-10T17:06:35+00:00\" \/>\n\t\t<meta property=\"article:modified_time\" content=\"2024-11-10T17:06:45+00:00\" \/>\n\t\t<meta name=\"twitter:card\" content=\"summary_large_image\" \/>\n\t\t<meta name=\"twitter:title\" content=\"Xiaomi Redmi Buds 6 Active AI Wireless Earphones - Rucas - Wholesale and Distribution\" \/>\n\t\t<meta name=\"twitter:description\" content=\"Up to 6 hours of continuous playback on a single charge, and can be used with a charging case for up to 30 hours of music playback. In addition, it has a fast charging feature that allows up to 1 hour of playback time on just 10 minutes of charge. Equipped with a 14.2mm dynamic driver and precise tuning with Xiaomi Acoustic Lab, you can enjoy an amazing sound experience with solid bass Dual microphone noise reduction reduces wind noise up to 4m\/s when phone calls. It also effectively reduces ambient noise so you can make clear calls indoors or outdoors Built-in 5 Equalizer settings to support a variety of scenes. For example, you can experience a powerful, dynamic drum beat in bass enhanced mode, or even enjoy the singer voice clearer in vocal mode\" \/>\n\t\t<meta name=\"twitter:image\" content=\"https:\/\/www.rucashk.com\/wp-content\/uploads\/replace\/503b8e645f128a97ccde2b6290747646.jpeg\" \/>\n\t\t<script type=\"application\/ld+json\" class=\"aioseo-schema\">\n\t\t\t{\"@context\":\"https:\\\/\\\/schema.org\",\"@graph\":[{\"@type\":\"BreadcrumbList\",\"@id\":\"https:\\\/\\\/www.rucashk.com\\\/es\\\/producto\\\/xiaomi-redmi-buds-6-active-ai-wireless-earphones\\\/#breadcrumblist\",\"itemListElement\":[{\"@type\":\"ListItem\",\"@id\":\"https:\\\/\\\/www.rucashk.com\\\/es\\\/#listItem\",\"position\":1,\"name\":\"Home\",\"item\":\"https:\\\/\\\/www.rucashk.com\\\/es\\\/\",\"nextItem\":\"https:\\\/\\\/www.rucashk.com\\\/es\\\/producto\\\/xiaomi-redmi-buds-6-active-ai-wireless-earphones\\\/#listItem\"},{\"@type\":\"ListItem\",\"@id\":\"https:\\\/\\\/www.rucashk.com\\\/es\\\/producto\\\/xiaomi-redmi-buds-6-active-ai-wireless-earphones\\\/#listItem\",\"position\":2,\"name\":\"Xiaomi Redmi Buds 6 Active AI Wireless Earphones\",\"previousItem\":\"https:\\\/\\\/www.rucashk.com\\\/es\\\/#listItem\"}]},{\"@type\":\"Organization\",\"@id\":\"https:\\\/\\\/www.rucashk.com\\\/es\\\/#organization\",\"name\":\"Rucas\",\"url\":\"https:\\\/\\\/www.rucashk.com\\\/es\\\/\",\"logo\":{\"@type\":\"ImageObject\",\"url\":\"https:\\\/\\\/www.rucashk.com\\\/wp-content\\\/uploads\\\/2023\\\/12\\\/Rucas_campany_logo.png\",\"@id\":\"https:\\\/\\\/www.rucashk.com\\\/es\\\/producto\\\/xiaomi-redmi-buds-6-active-ai-wireless-earphones\\\/#organizationLogo\",\"width\":221,\"height\":65},\"image\":{\"@id\":\"https:\\\/\\\/www.rucashk.com\\\/es\\\/#organizationLogo\"}},{\"@type\":\"Person\",\"@id\":\"https:\\\/\\\/www.rucashk.com\\\/es\\\/author\\\/admin\\\/#author\",\"url\":\"https:\\\/\\\/www.rucashk.com\\\/es\\\/author\\\/admin\\\/\",\"name\":\"admin\",\"image\":{\"@type\":\"ImageObject\",\"@id\":\"https:\\\/\\\/www.rucashk.com\\\/es\\\/producto\\\/xiaomi-redmi-buds-6-active-ai-wireless-earphones\\\/#authorImage\",\"url\":\"https:\\\/\\\/secure.gravatar.com\\\/avatar\\\/b7c8925b09a27e72b30232f8ecaadbd5af0f70a38c78096863fe51b64f031c24?s=96&d=mm&r=g\",\"width\":96,\"height\":96,\"caption\":\"admin\"}},{\"@type\":\"WebPage\",\"@id\":\"https:\\\/\\\/www.rucashk.com\\\/es\\\/producto\\\/xiaomi-redmi-buds-6-active-ai-wireless-earphones\\\/#webpage\",\"url\":\"https:\\\/\\\/www.rucashk.com\\\/es\\\/producto\\\/xiaomi-redmi-buds-6-active-ai-wireless-earphones\\\/\",\"name\":\"Xiaomi Redmi Buds 6 Active AI Wireless Earphones - Rucas - Wholesale and Distribution\",\"description\":\"Up to 6 hours of continuous playback on a single charge, and can be used with a charging case for up to 30 hours of music playback. In addition, it has a fast charging feature that allows up to 1 hour of playback time on just 10 minutes of charge. Equipped with a 14.2mm dynamic driver and precise tuning with Xiaomi Acoustic Lab, you can enjoy an amazing sound experience with solid bass Dual microphone noise reduction reduces wind noise up to 4m\\\/s when phone calls. It also effectively reduces ambient noise so you can make clear calls indoors or outdoors Built-in 5 Equalizer settings to support a variety of scenes. For example, you can experience a powerful, dynamic drum beat in bass enhanced mode, or even enjoy the singer voice clearer in vocal mode\",\"inLanguage\":\"es-ES\",\"isPartOf\":{\"@id\":\"https:\\\/\\\/www.rucashk.com\\\/es\\\/#website\"},\"breadcrumb\":{\"@id\":\"https:\\\/\\\/www.rucashk.com\\\/es\\\/producto\\\/xiaomi-redmi-buds-6-active-ai-wireless-earphones\\\/#breadcrumblist\"},\"author\":{\"@id\":\"https:\\\/\\\/www.rucashk.com\\\/es\\\/author\\\/admin\\\/#author\"},\"creator\":{\"@id\":\"https:\\\/\\\/www.rucashk.com\\\/es\\\/author\\\/admin\\\/#author\"},\"image\":{\"@type\":\"ImageObject\",\"url\":\"https:\\\/\\\/www.rucashk.com\\\/wp-content\\\/uploads\\\/2024\\\/11\\\/8000cc736ddb2173b2cd37856507f157400x40085.png\",\"@id\":\"https:\\\/\\\/www.rucashk.com\\\/es\\\/producto\\\/xiaomi-redmi-buds-6-active-ai-wireless-earphones\\\/#mainImage\",\"width\":400,\"height\":400},\"primaryImageOfPage\":{\"@id\":\"https:\\\/\\\/www.rucashk.com\\\/es\\\/producto\\\/xiaomi-redmi-buds-6-active-ai-wireless-earphones\\\/#mainImage\"},\"datePublished\":\"2024-11-10T17:06:35+00:00\",\"dateModified\":\"2024-11-10T17:06:45+00:00\"},{\"@type\":\"WebSite\",\"@id\":\"https:\\\/\\\/www.rucashk.com\\\/es\\\/#website\",\"url\":\"https:\\\/\\\/www.rucashk.com\\\/es\\\/\",\"name\":\"Rucas - Wholesale and distribution worldwide\",\"alternateName\":\"Rucas - One-stop AIoT Distribution Worldwide\",\"description\":\"One-stop AIoT Distribution Worldwide\",\"inLanguage\":\"es-ES\",\"publisher\":{\"@id\":\"https:\\\/\\\/www.rucashk.com\\\/es\\\/#organization\"}}]}\n\t\t<\/script>\n\t\t<!-- All in One SEO Pro -->\r\n\t\t<title>Xiaomi Redmi Buds 6 Active AI Wireless Earphones - Rucas - Wholesale and Distribution<\/title>\n\n","aioseo_head_json":{"title":"Xiaomi Redmi Buds 6 Active AI Wireless Earphones - Rucas - Wholesale and Distribution","description":"Up to 6 hours of continuous playback on a single charge, and can be used with a charging case for up to 30 hours of music playback. In addition, it has a fast charging feature that allows up to 1 hour of playback time on just 10 minutes of charge. Equipped with a 14.2mm dynamic driver and precise tuning with Xiaomi Acoustic Lab, you can enjoy an amazing sound experience with solid bass Dual microphone noise reduction reduces wind noise up to 4m\/s when phone calls. It also effectively reduces ambient noise so you can make clear calls indoors or outdoors Built-in 5 Equalizer settings to support a variety of scenes. For example, you can experience a powerful, dynamic drum beat in bass enhanced mode, or even enjoy the singer voice clearer in vocal mode","canonical_url":"https:\/\/www.rucashk.com\/es\/producto\/xiaomi-redmi-buds-6-active-ai-wireless-earphones\/","robots":"max-image-preview:large","keywords":"","webmasterTools":{"miscellaneous":""},"og:locale":"es_ES","og:site_name":"Rucas - One-stop AIoT Distribution Worldwide","og:type":"article","og:title":"Xiaomi Redmi Buds 6 Active AI Wireless Earphones - Rucas - Wholesale and Distribution","og:description":"Up to 6 hours of continuous playback on a single charge, and can be used with a charging case for up to 30 hours of music playback. In addition, it has a fast charging feature that allows up to 1 hour of playback time on just 10 minutes of charge. Equipped with a 14.2mm dynamic driver and precise tuning with Xiaomi Acoustic Lab, you can enjoy an amazing sound experience with solid bass Dual microphone noise reduction reduces wind noise up to 4m\/s when phone calls. It also effectively reduces ambient noise so you can make clear calls indoors or outdoors Built-in 5 Equalizer settings to support a variety of scenes. For example, you can experience a powerful, dynamic drum beat in bass enhanced mode, or even enjoy the singer voice clearer in vocal mode","og:url":"https:\/\/www.rucashk.com\/es\/producto\/xiaomi-redmi-buds-6-active-ai-wireless-earphones\/","og:image":"https:\/\/www.rucashk.com\/wp-content\/uploads\/replace\/503b8e645f128a97ccde2b6290747646.jpeg","og:image:secure_url":"https:\/\/www.rucashk.com\/wp-content\/uploads\/replace\/503b8e645f128a97ccde2b6290747646.jpeg","og:image:width":1456,"og:image:height":816,"article:published_time":"2024-11-10T17:06:35+00:00","article:modified_time":"2024-11-10T17:06:45+00:00","twitter:card":"summary_large_image","twitter:title":"Xiaomi Redmi Buds 6 Active AI Wireless Earphones - Rucas - Wholesale and Distribution","twitter:description":"Up to 6 hours of continuous playback on a single charge, and can be used with a charging case for up to 30 hours of music playback. In addition, it has a fast charging feature that allows up to 1 hour of playback time on just 10 minutes of charge. Equipped with a 14.2mm dynamic driver and precise tuning with Xiaomi Acoustic Lab, you can enjoy an amazing sound experience with solid bass Dual microphone noise reduction reduces wind noise up to 4m\/s when phone calls. It also effectively reduces ambient noise so you can make clear calls indoors or outdoors Built-in 5 Equalizer settings to support a variety of scenes. For example, you can experience a powerful, dynamic drum beat in bass enhanced mode, or even enjoy the singer voice clearer in vocal mode","twitter:image":"https:\/\/www.rucashk.com\/wp-content\/uploads\/replace\/503b8e645f128a97ccde2b6290747646.jpeg","schema":{"@context":"https:\/\/schema.org","@graph":[{"@type":"BreadcrumbList","@id":"https:\/\/www.rucashk.com\/es\/producto\/xiaomi-redmi-buds-6-active-ai-wireless-earphones\/#breadcrumblist","itemListElement":[{"@type":"ListItem","@id":"https:\/\/www.rucashk.com\/es\/#listItem","position":1,"name":"Home","item":"https:\/\/www.rucashk.com\/es\/","nextItem":"https:\/\/www.rucashk.com\/es\/producto\/xiaomi-redmi-buds-6-active-ai-wireless-earphones\/#listItem"},{"@type":"ListItem","@id":"https:\/\/www.rucashk.com\/es\/producto\/xiaomi-redmi-buds-6-active-ai-wireless-earphones\/#listItem","position":2,"name":"Xiaomi Redmi Buds 6 Active AI Wireless Earphones","previousItem":"https:\/\/www.rucashk.com\/es\/#listItem"}]},{"@type":"Organization","@id":"https:\/\/www.rucashk.com\/es\/#organization","name":"Rucas","url":"https:\/\/www.rucashk.com\/es\/","logo":{"@type":"ImageObject","url":"https:\/\/www.rucashk.com\/wp-content\/uploads\/2023\/12\/Rucas_campany_logo.png","@id":"https:\/\/www.rucashk.com\/es\/producto\/xiaomi-redmi-buds-6-active-ai-wireless-earphones\/#organizationLogo","width":221,"height":65},"image":{"@id":"https:\/\/www.rucashk.com\/es\/#organizationLogo"}},{"@type":"Person","@id":"https:\/\/www.rucashk.com\/es\/author\/admin\/#author","url":"https:\/\/www.rucashk.com\/es\/author\/admin\/","name":"admin","image":{"@type":"ImageObject","@id":"https:\/\/www.rucashk.com\/es\/producto\/xiaomi-redmi-buds-6-active-ai-wireless-earphones\/#authorImage","url":"https:\/\/secure.gravatar.com\/avatar\/b7c8925b09a27e72b30232f8ecaadbd5af0f70a38c78096863fe51b64f031c24?s=96&d=mm&r=g","width":96,"height":96,"caption":"admin"}},{"@type":"WebPage","@id":"https:\/\/www.rucashk.com\/es\/producto\/xiaomi-redmi-buds-6-active-ai-wireless-earphones\/#webpage","url":"https:\/\/www.rucashk.com\/es\/producto\/xiaomi-redmi-buds-6-active-ai-wireless-earphones\/","name":"Xiaomi Redmi Buds 6 Active AI Wireless Earphones - Rucas - Wholesale and Distribution","description":"Up to 6 hours of continuous playback on a single charge, and can be used with a charging case for up to 30 hours of music playback. In addition, it has a fast charging feature that allows up to 1 hour of playback time on just 10 minutes of charge. Equipped with a 14.2mm dynamic driver and precise tuning with Xiaomi Acoustic Lab, you can enjoy an amazing sound experience with solid bass Dual microphone noise reduction reduces wind noise up to 4m\/s when phone calls. It also effectively reduces ambient noise so you can make clear calls indoors or outdoors Built-in 5 Equalizer settings to support a variety of scenes. For example, you can experience a powerful, dynamic drum beat in bass enhanced mode, or even enjoy the singer voice clearer in vocal mode","inLanguage":"es-ES","isPartOf":{"@id":"https:\/\/www.rucashk.com\/es\/#website"},"breadcrumb":{"@id":"https:\/\/www.rucashk.com\/es\/producto\/xiaomi-redmi-buds-6-active-ai-wireless-earphones\/#breadcrumblist"},"author":{"@id":"https:\/\/www.rucashk.com\/es\/author\/admin\/#author"},"creator":{"@id":"https:\/\/www.rucashk.com\/es\/author\/admin\/#author"},"image":{"@type":"ImageObject","url":"https:\/\/www.rucashk.com\/wp-content\/uploads\/2024\/11\/8000cc736ddb2173b2cd37856507f157400x40085.png","@id":"https:\/\/www.rucashk.com\/es\/producto\/xiaomi-redmi-buds-6-active-ai-wireless-earphones\/#mainImage","width":400,"height":400},"primaryImageOfPage":{"@id":"https:\/\/www.rucashk.com\/es\/producto\/xiaomi-redmi-buds-6-active-ai-wireless-earphones\/#mainImage"},"datePublished":"2024-11-10T17:06:35+00:00","dateModified":"2024-11-10T17:06:45+00:00"},{"@type":"WebSite","@id":"https:\/\/www.rucashk.com\/es\/#website","url":"https:\/\/www.rucashk.com\/es\/","name":"Rucas - Wholesale and distribution worldwide","alternateName":"Rucas - One-stop AIoT Distribution Worldwide","description":"One-stop AIoT Distribution Worldwide","inLanguage":"es-ES","publisher":{"@id":"https:\/\/www.rucashk.com\/es\/#organization"}}]}},"aioseo_meta_data":{"post_id":"42328","title":null,"description":null,"keywords":"[]","keyphrases":"{\"focus\":{\"keyphrase\":\"\",\"score\":0,\"analysis\":{\"keyphraseInTitle\":{\"score\":0,\"maxScore\":9,\"error\":1}}},\"additional\":[]}","primary_term":null,"canonical_url":null,"og_title":null,"og_description":null,"og_object_type":"default","og_image_type":"default","og_image_url":null,"og_image_width":null,"og_image_height":null,"og_image_custom_url":null,"og_image_custom_fields":null,"og_video":"","og_custom_url":null,"og_article_section":null,"og_article_tags":"[]","twitter_use_og":false,"twitter_card":"default","twitter_image_type":"default","twitter_image_url":null,"twitter_image_custom_url":null,"twitter_image_custom_fields":null,"twitter_title":null,"twitter_description":null,"schema":{"blockGraphs":[],"customGraphs":[],"default":{"data":{"Article":[],"Course":[],"Dataset":[],"FAQPage":[],"Movie":[],"Person":[],"Product":[],"Recipe":[],"Service":[],"SoftwareApplication":[],"WebPage":[]},"graphName":"Product","isEnabled":true},"graphs":[]},"schema_type":"default","schema_type_options":null,"pillar_content":false,"robots_default":true,"robots_noindex":false,"robots_noarchive":false,"robots_nosnippet":false,"robots_nofollow":false,"robots_noimageindex":false,"robots_noodp":false,"robots_notranslate":false,"robots_max_snippet":"-1","robots_max_videopreview":"-1","robots_max_imagepreview":"large","priority":null,"frequency":"default","local_seo":null,"breadcrumb_settings":null,"limit_modified_date":false,"created":"2024-11-10 16:51:05","updated":"2025-06-22 18:57:56"},"aioseo_breadcrumb":"<div class=\"aioseo-breadcrumbs\"><span class=\"aioseo-breadcrumb\">\n\t<a href=\"https:\/\/www.rucashk.com\/es\" title=\"Home\">Home<\/a>\n<\/span><span class=\"aioseo-breadcrumb-separator\">&raquo;<\/span><span class=\"aioseo-breadcrumb\">\n\t<a href=\"https:\/\/www.rucashk.com\/es\/products\/\" title=\"Productos\">Productos<\/a>\n<\/span><span class=\"aioseo-breadcrumb-separator\">&raquo;<\/span><span class=\"aioseo-breadcrumb\">\n\t<a href=\"https:\/\/www.rucashk.com\/es\/marca\/xiaomi\/\" title=\"Xiaomi\">Xiaomi<\/a>\n<\/span><span class=\"aioseo-breadcrumb-separator\">&raquo;<\/span><span class=\"aioseo-breadcrumb\">\n\tXiaomi Redmi Buds 6 Active AI Wireless Earphones\n<\/span><\/div>","aioseo_breadcrumb_json":[{"label":"Home","link":"https:\/\/www.rucashk.com\/es"},{"label":"Productos","link":"https:\/\/www.rucashk.com\/es\/products\/"},{"label":"Xiaomi","link":"https:\/\/www.rucashk.com\/es\/marca\/xiaomi\/"},{"label":"Xiaomi Redmi Buds 6 Active AI Wireless Earphones","link":"https:\/\/www.rucashk.com\/es\/producto\/xiaomi-redmi-buds-6-active-ai-wireless-earphones\/"}],"_links":{"self":[{"href":"https:\/\/www.rucashk.com\/es\/wp-json\/wp\/v2\/product\/42328","targetHints":{"allow":["GET"]}}],"collection":[{"href":"https:\/\/www.rucashk.com\/es\/wp-json\/wp\/v2\/product"}],"about":[{"href":"https:\/\/www.rucashk.com\/es\/wp-json\/wp\/v2\/types\/product"}],"wp:featuredmedia":[{"embeddable":true,"href":"https:\/\/www.rucashk.com\/es\/wp-json\/wp\/v2\/media\/42350"}],"wp:attachment":[{"href":"https:\/\/www.rucashk.com\/es\/wp-json\/wp\/v2\/media?parent=42328"}],"wp:term":[{"taxonomy":"product_brand","embeddable":true,"href":"https:\/\/www.rucashk.com\/es\/wp-json\/wp\/v2\/product_brand?post=42328"},{"taxonomy":"product_cat","embeddable":true,"href":"https:\/\/www.rucashk.com\/es\/wp-json\/wp\/v2\/product_cat?post=42328"},{"taxonomy":"product_tag","embeddable":true,"href":"https:\/\/www.rucashk.com\/es\/wp-json\/wp\/v2\/product_tag?post=42328"}],"curies":[{"name":"wp","href":"https:\/\/api.w.org\/{rel}","templated":true}]}}