{"id":42314,"date":"2024-11-10T16:00:24","date_gmt":"2024-11-10T16:00:24","guid":{"rendered":"https:\/\/www.rucashk.com\/?post_type=product&#038;p=42314"},"modified":"2024-11-10T16:00:37","modified_gmt":"2024-11-10T16:00:37","slug":"sony-playstation5-pro-game-console","status":"publish","type":"product","link":"https:\/\/www.rucashk.com\/es\/producto\/sony-playstation5-pro-game-console\/","title":{"rendered":"Consola de juegos Sony PlayStation\u00ae5 Pro"},"content":{"rendered":"<figure id=\"attachment_42318\" aria-describedby=\"caption-attachment-42318\" style=\"width: 2550px\" class=\"wp-caption alignnone\"><img fetchpriority=\"high\" decoding=\"async\" class=\"size-full wp-image-42318\" src=\"\/wp-content\/uploads\/replace\/e025fa75a1f27278769ef0cc1f32059b.png\" alt=\"Sony PlayStation\u00ae5 Pro Game Console\" width=\"2550\" height=\"1753\" \/><figcaption id=\"caption-attachment-42318\" class=\"wp-caption-text\">#image_title<\/figcaption><\/figure>\n<figure id=\"attachment_42317\" aria-describedby=\"caption-attachment-42317\" style=\"width: 2550px\" class=\"wp-caption alignnone\"><img decoding=\"async\" class=\"size-full wp-image-42317\" src=\"\/wp-content\/uploads\/replace\/1ac90a79678e6c3d43c76135499ff8e6.png\" alt=\"Sony PlayStation\u00ae5 Pro Game Console\" width=\"2550\" height=\"1989\" \/><figcaption id=\"caption-attachment-42317\" class=\"wp-caption-text\">#image_title<\/figcaption><\/figure>\n<figure id=\"attachment_42320\" aria-describedby=\"caption-attachment-42320\" style=\"width: 2550px\" class=\"wp-caption alignnone\"><img decoding=\"async\" class=\"size-full wp-image-42320\" src=\"\/wp-content\/uploads\/replace\/d6551068520356342e74329128ed7fa5.png\" alt=\"Sony PlayStation\u00ae5 Pro Game Console\" width=\"2550\" height=\"2105\" \/><figcaption id=\"caption-attachment-42320\" class=\"wp-caption-text\">#image_title<\/figcaption><\/figure>\n<figure id=\"attachment_42319\" aria-describedby=\"caption-attachment-42319\" style=\"width: 2550px\" class=\"wp-caption alignnone\"><img loading=\"lazy\" decoding=\"async\" class=\"size-full wp-image-42319\" src=\"\/wp-content\/uploads\/replace\/da3ef1e84a0bdb36995a84d9402530cb.png\" alt=\"Sony PlayStation\u00ae5 Pro Game Console\" width=\"2550\" height=\"1793\" \/><figcaption id=\"caption-attachment-42319\" class=\"wp-caption-text\">#image_title<\/figcaption><\/figure>\n<p lang=\"en-US\">\n<p lang=\"en-US\" style=\"margin: 0in; font-family: Calibri; font-size: 11.0pt;\">Con la consola PlayStation\u00ae5 Pro, los mejores creadores de juegos del mundo pueden mejorar sus juegos con caracter\u00edsticas incre\u00edbles como trazado de rayos avanzado, claridad de imagen s\u00faper n\u00edtida para su televisor 4K y juego de alta velocidad de cuadros.* Eso significa que puede jugar juegos de PS5\u00ae con las im\u00e1genes m\u00e1s impresionantes jam\u00e1s posibles en una consola PlayStation\u00ae, y con 2 TB de almacenamiento SSD incluido, sus juegos favoritos estar\u00e1n listos y esperando que salte a su pr\u00f3xima aventura incre\u00edble^.<\/p>\n<p lang=\"en-US\" style=\"margin: 0in; font-family: Calibri; font-size: 11.0pt;\">\n<p lang=\"en-US\" style=\"margin: 0in; font-family: Calibri; font-size: 11.0pt;\">La PS5\u00ae Pro es una consola completamente digital sin unidad de disco. Inicia sesi\u00f3n en tu cuenta de PlayStation\u2122Network y ve a PlayStation\u2122Store para comprar y descargar juegos.6 Tambi\u00e9n puedes agregar una unidad de disco a tu consola PS5\u00ae Pro si quieres jugar juegos de PS5 o PS4 en discos Blu-ray\u2122, o si quieres ver pel\u00edculas y programas en discos Blu-ray\u2122 Ultra HD 4K, discos Blu-ray\u2122 y DVD. La unidad de disco compatible se vende por separado.<\/p>\n<p lang=\"en-US\">Contenido de la caja:<\/p>\n<ul style=\"direction: ltr; unicode-bidi: embed; margin-top: 0in; margin-bottom: 0in;\" type=\"disc\">\n<li lang=\"en-US\" style=\"margin-top: 0; margin-bottom: 0; vertical-align: middle;\"><span style=\"font-family: Calibri; font-size: 11.0pt;\">Consola PS5\u00ae Pro<\/span><\/li>\n<li lang=\"en-US\" style=\"margin-top: 0; margin-bottom: 0; vertical-align: middle;\"><span style=\"font-family: Calibri; font-size: 11.0pt;\">Mando inal\u00e1mbrico DualSense\u00ae<\/span><\/li>\n<li lang=\"en-US\" style=\"margin-top: 0; margin-bottom: 0; vertical-align: middle;\"><span style=\"font-family: Calibri; font-size: 11.0pt;\">Unidad de estado s\u00f3lido de 2 TB<\/span><\/li>\n<li lang=\"en-US\" style=\"margin-top: 0; margin-bottom: 0; vertical-align: middle;\"><span style=\"font-family: Calibri; font-size: 11.0pt;\">2 pies de soporte horizontales<\/span><\/li>\n<li lang=\"en-US\" style=\"margin-top: 0; margin-bottom: 0; vertical-align: middle;\"><span style=\"font-family: Calibri; font-size: 11.0pt;\">Cable HDMI\u00ae<\/span><\/li>\n<li lang=\"en-US\" style=\"margin-top: 0; margin-bottom: 0; vertical-align: middle;\"><span style=\"font-family: Calibri; font-size: 11.0pt;\">Cable de alimentaci\u00f3n de CA<\/span><\/li>\n<li lang=\"en-US\" style=\"margin-top: 0; margin-bottom: 0; vertical-align: middle;\"><span style=\"font-family: Calibri; font-size: 11.0pt;\">Materiales impresos<\/span><\/li>\n<li lang=\"en-US\" style=\"margin-top: 0; margin-bottom: 0; vertical-align: middle;\"><span style=\"font-family: Calibri; font-size: 11.0pt;\">SALA DE JUEGOS DE ASTRO (Juego preinstalado)<\/span><\/li>\n<\/ul>","protected":false},"excerpt":{"rendered":"<ul>\n<li><strong>Resoluci\u00f3n espectral s\u00faper alta de PlayStation\u00ae (PSSR)<\/strong><br \/>\nObt\u00e9n una claridad de imagen s\u00faper n\u00edtida en tu televisor 4K usando una resoluci\u00f3n mejorada con IA para jugar en ultra alta definici\u00f3n con detalles asombrosos.<\/li>\n<li><strong>Rendimiento optimizado de la consola<\/strong><br \/>\nAlcanza velocidades de cuadro m\u00e1s altas y consistentes para una experiencia de juego fluida gracias al soporte para pantallas de 60 Hz y 120 Hz.<\/li>\n<li><strong>Trazado de rayos avanzado<\/strong><br \/>\nExperimente un realismo de siguiente nivel con reflejos, sombras e iluminaci\u00f3n global de alta calidad mediante trazado de rayos mientras explora impresionantes mundos de juego.<\/li>\n<\/ul>","protected":false},"featured_media":42316,"template":"","meta":[],"product_brand":[1361],"product_cat":[1287],"product_tag":[1402],"class_list":{"0":"post-42314","1":"product","2":"type-product","3":"status-publish","4":"has-post-thumbnail","6":"product_brand-sony","7":"product_cat-sony-playstation","8":"product_tag-game-console","10":"first","11":"instock","12":"shipping-taxable","13":"product-type-simple"},"aioseo_notices":[],"aioseo_head":"\n\t\t<!-- All in One SEO Pro 4.5.9.2 - aioseo.com -->\n\t\t<meta name=\"description\" content=\"PlayStation\u00ae Spectral Super Resolution (PSSR) Get super sharp image clarity on your 4K TV using AI enhanced resolution for ultra-high definition play with astonishing detail. Optimized Console Performance Reach higher and more consistent frame rates for silky smooth gameplay with support for 60Hz and 120Hz displays. Advanced Ray Tracing Experience next level realism with ray traced reflections, shadows, and high-quality global illumination as you explore stunning game worlds.\" \/>\n\t\t<meta name=\"robots\" content=\"max-image-preview:large\" \/>\n\t\t<link rel=\"canonical\" href=\"https:\/\/www.rucashk.com\/es\/producto\/sony-playstation5-pro-game-console\/\" \/>\n\t\t<meta name=\"generator\" content=\"All in One SEO Pro (AIOSEO) 4.5.9.2\" \/>\n\t\t<meta property=\"og:locale\" content=\"es_ES\" \/>\n\t\t<meta property=\"og:site_name\" content=\"Rucas - One-stop AIoT Distribution Worldwide\" \/>\n\t\t<meta property=\"og:type\" content=\"article\" \/>\n\t\t<meta property=\"og:title\" content=\"Sony PlayStation\u00ae5 Pro Game Console - Rucas - Wholesale and Distribution\" \/>\n\t\t<meta property=\"og:description\" content=\"PlayStation\u00ae Spectral Super Resolution (PSSR) Get super sharp image clarity on your 4K TV using AI enhanced resolution for ultra-high definition play with astonishing detail. Optimized Console Performance Reach higher and more consistent frame rates for silky smooth gameplay with support for 60Hz and 120Hz displays. Advanced Ray Tracing Experience next level realism with ray traced reflections, shadows, and high-quality global illumination as you explore stunning game worlds.\" \/>\n\t\t<meta property=\"og:url\" content=\"https:\/\/www.rucashk.com\/es\/producto\/sony-playstation5-pro-game-console\/\" \/>\n\t\t<meta property=\"og:image\" content=\"https:\/\/www.rucashk.com\/wp-content\/uploads\/replace\/503b8e645f128a97ccde2b6290747646.jpeg\" \/>\n\t\t<meta property=\"og:image:secure_url\" content=\"https:\/\/www.rucashk.com\/wp-content\/uploads\/replace\/503b8e645f128a97ccde2b6290747646.jpeg\" \/>\n\t\t<meta property=\"og:image:width\" content=\"1456\" \/>\n\t\t<meta property=\"og:image:height\" content=\"816\" \/>\n\t\t<meta property=\"article:published_time\" content=\"2024-11-10T16:00:24+00:00\" \/>\n\t\t<meta property=\"article:modified_time\" content=\"2024-11-10T16:00:37+00:00\" \/>\n\t\t<meta name=\"twitter:card\" content=\"summary_large_image\" \/>\n\t\t<meta name=\"twitter:title\" content=\"Sony PlayStation\u00ae5 Pro Game Console - Rucas - Wholesale and Distribution\" \/>\n\t\t<meta name=\"twitter:description\" content=\"PlayStation\u00ae Spectral Super Resolution (PSSR) Get super sharp image clarity on your 4K TV using AI enhanced resolution for ultra-high definition play with astonishing detail. Optimized Console Performance Reach higher and more consistent frame rates for silky smooth gameplay with support for 60Hz and 120Hz displays. Advanced Ray Tracing Experience next level realism with ray traced reflections, shadows, and high-quality global illumination as you explore stunning game worlds.\" \/>\n\t\t<meta name=\"twitter:image\" content=\"https:\/\/www.rucashk.com\/wp-content\/uploads\/replace\/503b8e645f128a97ccde2b6290747646.jpeg\" \/>\n\t\t<script type=\"application\/ld+json\" class=\"aioseo-schema\">\n\t\t\t{\"@context\":\"https:\\\/\\\/schema.org\",\"@graph\":[{\"@type\":\"BreadcrumbList\",\"@id\":\"https:\\\/\\\/www.rucashk.com\\\/es\\\/producto\\\/sony-playstation5-pro-game-console\\\/#breadcrumblist\",\"itemListElement\":[{\"@type\":\"ListItem\",\"@id\":\"https:\\\/\\\/www.rucashk.com\\\/es\\\/#listItem\",\"position\":1,\"name\":\"Home\",\"item\":\"https:\\\/\\\/www.rucashk.com\\\/es\\\/\",\"nextItem\":\"https:\\\/\\\/www.rucashk.com\\\/es\\\/producto\\\/sony-playstation5-pro-game-console\\\/#listItem\"},{\"@type\":\"ListItem\",\"@id\":\"https:\\\/\\\/www.rucashk.com\\\/es\\\/producto\\\/sony-playstation5-pro-game-console\\\/#listItem\",\"position\":2,\"name\":\"Sony PlayStation\\u00ae5 Pro Game Console\",\"previousItem\":\"https:\\\/\\\/www.rucashk.com\\\/es\\\/#listItem\"}]},{\"@type\":\"Organization\",\"@id\":\"https:\\\/\\\/www.rucashk.com\\\/es\\\/#organization\",\"name\":\"Rucas\",\"url\":\"https:\\\/\\\/www.rucashk.com\\\/es\\\/\",\"logo\":{\"@type\":\"ImageObject\",\"url\":\"https:\\\/\\\/www.rucashk.com\\\/wp-content\\\/uploads\\\/2023\\\/12\\\/Rucas_campany_logo.png\",\"@id\":\"https:\\\/\\\/www.rucashk.com\\\/es\\\/producto\\\/sony-playstation5-pro-game-console\\\/#organizationLogo\",\"width\":221,\"height\":65},\"image\":{\"@id\":\"https:\\\/\\\/www.rucashk.com\\\/es\\\/#organizationLogo\"}},{\"@type\":\"Person\",\"@id\":\"https:\\\/\\\/www.rucashk.com\\\/es\\\/author\\\/admin\\\/#author\",\"url\":\"https:\\\/\\\/www.rucashk.com\\\/es\\\/author\\\/admin\\\/\",\"name\":\"admin\",\"image\":{\"@type\":\"ImageObject\",\"@id\":\"https:\\\/\\\/www.rucashk.com\\\/es\\\/producto\\\/sony-playstation5-pro-game-console\\\/#authorImage\",\"url\":\"https:\\\/\\\/secure.gravatar.com\\\/avatar\\\/b7c8925b09a27e72b30232f8ecaadbd5af0f70a38c78096863fe51b64f031c24?s=96&d=mm&r=g\",\"width\":96,\"height\":96,\"caption\":\"admin\"}},{\"@type\":\"WebPage\",\"@id\":\"https:\\\/\\\/www.rucashk.com\\\/es\\\/producto\\\/sony-playstation5-pro-game-console\\\/#webpage\",\"url\":\"https:\\\/\\\/www.rucashk.com\\\/es\\\/producto\\\/sony-playstation5-pro-game-console\\\/\",\"name\":\"Sony PlayStation\\u00ae5 Pro Game Console - Rucas - Wholesale and Distribution\",\"description\":\"PlayStation\\u00ae Spectral Super Resolution (PSSR) Get super sharp image clarity on your 4K TV using AI enhanced resolution for ultra-high definition play with astonishing detail. Optimized Console Performance Reach higher and more consistent frame rates for silky smooth gameplay with support for 60Hz and 120Hz displays. Advanced Ray Tracing Experience next level realism with ray traced reflections, shadows, and high-quality global illumination as you explore stunning game worlds.\",\"inLanguage\":\"es-ES\",\"isPartOf\":{\"@id\":\"https:\\\/\\\/www.rucashk.com\\\/es\\\/#website\"},\"breadcrumb\":{\"@id\":\"https:\\\/\\\/www.rucashk.com\\\/es\\\/producto\\\/sony-playstation5-pro-game-console\\\/#breadcrumblist\"},\"author\":{\"@id\":\"https:\\\/\\\/www.rucashk.com\\\/es\\\/author\\\/admin\\\/#author\"},\"creator\":{\"@id\":\"https:\\\/\\\/www.rucashk.com\\\/es\\\/author\\\/admin\\\/#author\"},\"image\":{\"@type\":\"ImageObject\",\"url\":\"https:\\\/\\\/www.rucashk.com\\\/wp-content\\\/uploads\\\/2024\\\/11\\\/PlayStation_5ProConsole_600x.webp\",\"@id\":\"https:\\\/\\\/www.rucashk.com\\\/es\\\/producto\\\/sony-playstation5-pro-game-console\\\/#mainImage\",\"width\":600,\"height\":600},\"primaryImageOfPage\":{\"@id\":\"https:\\\/\\\/www.rucashk.com\\\/es\\\/producto\\\/sony-playstation5-pro-game-console\\\/#mainImage\"},\"datePublished\":\"2024-11-10T16:00:24+00:00\",\"dateModified\":\"2024-11-10T16:00:37+00:00\"},{\"@type\":\"WebSite\",\"@id\":\"https:\\\/\\\/www.rucashk.com\\\/es\\\/#website\",\"url\":\"https:\\\/\\\/www.rucashk.com\\\/es\\\/\",\"name\":\"Rucas - Wholesale and distribution worldwide\",\"alternateName\":\"Rucas - One-stop AIoT Distribution Worldwide\",\"description\":\"One-stop AIoT Distribution Worldwide\",\"inLanguage\":\"es-ES\",\"publisher\":{\"@id\":\"https:\\\/\\\/www.rucashk.com\\\/es\\\/#organization\"}}]}\n\t\t<\/script>\n\t\t<!-- All in One SEO Pro -->\r\n\t\t<title>Sony PlayStation\u00ae5 Pro Game Console - Rucas - Wholesale and Distribution<\/title>\n\n","aioseo_head_json":{"title":"Sony PlayStation\u00ae5 Pro Game Console - Rucas - Wholesale and Distribution","description":"PlayStation\u00ae Spectral Super Resolution (PSSR) Get super sharp image clarity on your 4K TV using AI enhanced resolution for ultra-high definition play with astonishing detail. Optimized Console Performance Reach higher and more consistent frame rates for silky smooth gameplay with support for 60Hz and 120Hz displays. Advanced Ray Tracing Experience next level realism with ray traced reflections, shadows, and high-quality global illumination as you explore stunning game worlds.","canonical_url":"https:\/\/www.rucashk.com\/es\/producto\/sony-playstation5-pro-game-console\/","robots":"max-image-preview:large","keywords":"","webmasterTools":{"miscellaneous":""},"og:locale":"es_ES","og:site_name":"Rucas - One-stop AIoT Distribution Worldwide","og:type":"article","og:title":"Sony PlayStation\u00ae5 Pro Game Console - Rucas - Wholesale and Distribution","og:description":"PlayStation\u00ae Spectral Super Resolution (PSSR) Get super sharp image clarity on your 4K TV using AI enhanced resolution for ultra-high definition play with astonishing detail. Optimized Console Performance Reach higher and more consistent frame rates for silky smooth gameplay with support for 60Hz and 120Hz displays. Advanced Ray Tracing Experience next level realism with ray traced reflections, shadows, and high-quality global illumination as you explore stunning game worlds.","og:url":"https:\/\/www.rucashk.com\/es\/producto\/sony-playstation5-pro-game-console\/","og:image":"https:\/\/www.rucashk.com\/wp-content\/uploads\/replace\/503b8e645f128a97ccde2b6290747646.jpeg","og:image:secure_url":"https:\/\/www.rucashk.com\/wp-content\/uploads\/replace\/503b8e645f128a97ccde2b6290747646.jpeg","og:image:width":1456,"og:image:height":816,"article:published_time":"2024-11-10T16:00:24+00:00","article:modified_time":"2024-11-10T16:00:37+00:00","twitter:card":"summary_large_image","twitter:title":"Sony PlayStation\u00ae5 Pro Game Console - Rucas - Wholesale and Distribution","twitter:description":"PlayStation\u00ae Spectral Super Resolution (PSSR) Get super sharp image clarity on your 4K TV using AI enhanced resolution for ultra-high definition play with astonishing detail. Optimized Console Performance Reach higher and more consistent frame rates for silky smooth gameplay with support for 60Hz and 120Hz displays. Advanced Ray Tracing Experience next level realism with ray traced reflections, shadows, and high-quality global illumination as you explore stunning game worlds.","twitter:image":"https:\/\/www.rucashk.com\/wp-content\/uploads\/replace\/503b8e645f128a97ccde2b6290747646.jpeg","schema":{"@context":"https:\/\/schema.org","@graph":[{"@type":"BreadcrumbList","@id":"https:\/\/www.rucashk.com\/es\/producto\/sony-playstation5-pro-game-console\/#breadcrumblist","itemListElement":[{"@type":"ListItem","@id":"https:\/\/www.rucashk.com\/es\/#listItem","position":1,"name":"Home","item":"https:\/\/www.rucashk.com\/es\/","nextItem":"https:\/\/www.rucashk.com\/es\/producto\/sony-playstation5-pro-game-console\/#listItem"},{"@type":"ListItem","@id":"https:\/\/www.rucashk.com\/es\/producto\/sony-playstation5-pro-game-console\/#listItem","position":2,"name":"Sony PlayStation\u00ae5 Pro Game Console","previousItem":"https:\/\/www.rucashk.com\/es\/#listItem"}]},{"@type":"Organization","@id":"https:\/\/www.rucashk.com\/es\/#organization","name":"Rucas","url":"https:\/\/www.rucashk.com\/es\/","logo":{"@type":"ImageObject","url":"https:\/\/www.rucashk.com\/wp-content\/uploads\/2023\/12\/Rucas_campany_logo.png","@id":"https:\/\/www.rucashk.com\/es\/producto\/sony-playstation5-pro-game-console\/#organizationLogo","width":221,"height":65},"image":{"@id":"https:\/\/www.rucashk.com\/es\/#organizationLogo"}},{"@type":"Person","@id":"https:\/\/www.rucashk.com\/es\/author\/admin\/#author","url":"https:\/\/www.rucashk.com\/es\/author\/admin\/","name":"admin","image":{"@type":"ImageObject","@id":"https:\/\/www.rucashk.com\/es\/producto\/sony-playstation5-pro-game-console\/#authorImage","url":"https:\/\/secure.gravatar.com\/avatar\/b7c8925b09a27e72b30232f8ecaadbd5af0f70a38c78096863fe51b64f031c24?s=96&d=mm&r=g","width":96,"height":96,"caption":"admin"}},{"@type":"WebPage","@id":"https:\/\/www.rucashk.com\/es\/producto\/sony-playstation5-pro-game-console\/#webpage","url":"https:\/\/www.rucashk.com\/es\/producto\/sony-playstation5-pro-game-console\/","name":"Sony PlayStation\u00ae5 Pro Game Console - Rucas - Wholesale and Distribution","description":"PlayStation\u00ae Spectral Super Resolution (PSSR) Get super sharp image clarity on your 4K TV using AI enhanced resolution for ultra-high definition play with astonishing detail. Optimized Console Performance Reach higher and more consistent frame rates for silky smooth gameplay with support for 60Hz and 120Hz displays. Advanced Ray Tracing Experience next level realism with ray traced reflections, shadows, and high-quality global illumination as you explore stunning game worlds.","inLanguage":"es-ES","isPartOf":{"@id":"https:\/\/www.rucashk.com\/es\/#website"},"breadcrumb":{"@id":"https:\/\/www.rucashk.com\/es\/producto\/sony-playstation5-pro-game-console\/#breadcrumblist"},"author":{"@id":"https:\/\/www.rucashk.com\/es\/author\/admin\/#author"},"creator":{"@id":"https:\/\/www.rucashk.com\/es\/author\/admin\/#author"},"image":{"@type":"ImageObject","url":"https:\/\/www.rucashk.com\/wp-content\/uploads\/2024\/11\/PlayStation_5ProConsole_600x.webp","@id":"https:\/\/www.rucashk.com\/es\/producto\/sony-playstation5-pro-game-console\/#mainImage","width":600,"height":600},"primaryImageOfPage":{"@id":"https:\/\/www.rucashk.com\/es\/producto\/sony-playstation5-pro-game-console\/#mainImage"},"datePublished":"2024-11-10T16:00:24+00:00","dateModified":"2024-11-10T16:00:37+00:00"},{"@type":"WebSite","@id":"https:\/\/www.rucashk.com\/es\/#website","url":"https:\/\/www.rucashk.com\/es\/","name":"Rucas - Wholesale and distribution worldwide","alternateName":"Rucas - One-stop AIoT Distribution Worldwide","description":"One-stop AIoT Distribution Worldwide","inLanguage":"es-ES","publisher":{"@id":"https:\/\/www.rucashk.com\/es\/#organization"}}]}},"aioseo_meta_data":{"post_id":"42314","title":null,"description":null,"keywords":"[]","keyphrases":"{\"focus\":{\"keyphrase\":\"\",\"score\":0,\"analysis\":{\"keyphraseInTitle\":{\"score\":0,\"maxScore\":9,\"error\":1}}},\"additional\":[]}","primary_term":null,"canonical_url":null,"og_title":null,"og_description":null,"og_object_type":"default","og_image_type":"default","og_image_url":null,"og_image_width":null,"og_image_height":null,"og_image_custom_url":null,"og_image_custom_fields":null,"og_video":"","og_custom_url":null,"og_article_section":null,"og_article_tags":"[]","twitter_use_og":false,"twitter_card":"default","twitter_image_type":"default","twitter_image_url":null,"twitter_image_custom_url":null,"twitter_image_custom_fields":null,"twitter_title":null,"twitter_description":null,"schema":{"blockGraphs":[],"customGraphs":[],"default":{"data":{"Article":[],"Course":[],"Dataset":[],"FAQPage":[],"Movie":[],"Person":[],"Product":[],"Recipe":[],"Service":[],"SoftwareApplication":[],"WebPage":[]},"graphName":"Product","isEnabled":true},"graphs":[]},"schema_type":"default","schema_type_options":null,"pillar_content":false,"robots_default":true,"robots_noindex":false,"robots_noarchive":false,"robots_nosnippet":false,"robots_nofollow":false,"robots_noimageindex":false,"robots_noodp":false,"robots_notranslate":false,"robots_max_snippet":"-1","robots_max_videopreview":"-1","robots_max_imagepreview":"large","priority":null,"frequency":"default","local_seo":null,"breadcrumb_settings":null,"limit_modified_date":false,"created":"2024-11-10 16:00:11","updated":"2025-06-22 18:57:56"},"aioseo_breadcrumb":"<div class=\"aioseo-breadcrumbs\"><span class=\"aioseo-breadcrumb\">\n\t<a href=\"https:\/\/www.rucashk.com\/es\" title=\"Home\">Home<\/a>\n<\/span><span class=\"aioseo-breadcrumb-separator\">&raquo;<\/span><span class=\"aioseo-breadcrumb\">\n\t<a href=\"https:\/\/www.rucashk.com\/es\/products\/\" title=\"Productos\">Productos<\/a>\n<\/span><span class=\"aioseo-breadcrumb-separator\">&raquo;<\/span><span class=\"aioseo-breadcrumb\">\n\t<a href=\"https:\/\/www.rucashk.com\/es\/marca\/sony\/\" title=\"Sony\">Sony<\/a>\n<\/span><span class=\"aioseo-breadcrumb-separator\">&raquo;<\/span><span class=\"aioseo-breadcrumb\">\n\tSony PlayStation\u00ae5 Pro Game Console\n<\/span><\/div>","aioseo_breadcrumb_json":[{"label":"Home","link":"https:\/\/www.rucashk.com\/es"},{"label":"Productos","link":"https:\/\/www.rucashk.com\/es\/products\/"},{"label":"Sony","link":"https:\/\/www.rucashk.com\/es\/marca\/sony\/"},{"label":"Sony PlayStation\u00ae5 Pro Game Console","link":"https:\/\/www.rucashk.com\/es\/producto\/sony-playstation5-pro-game-console\/"}],"_links":{"self":[{"href":"https:\/\/www.rucashk.com\/es\/wp-json\/wp\/v2\/product\/42314","targetHints":{"allow":["GET"]}}],"collection":[{"href":"https:\/\/www.rucashk.com\/es\/wp-json\/wp\/v2\/product"}],"about":[{"href":"https:\/\/www.rucashk.com\/es\/wp-json\/wp\/v2\/types\/product"}],"wp:featuredmedia":[{"embeddable":true,"href":"https:\/\/www.rucashk.com\/es\/wp-json\/wp\/v2\/media\/42316"}],"wp:attachment":[{"href":"https:\/\/www.rucashk.com\/es\/wp-json\/wp\/v2\/media?parent=42314"}],"wp:term":[{"taxonomy":"product_brand","embeddable":true,"href":"https:\/\/www.rucashk.com\/es\/wp-json\/wp\/v2\/product_brand?post=42314"},{"taxonomy":"product_cat","embeddable":true,"href":"https:\/\/www.rucashk.com\/es\/wp-json\/wp\/v2\/product_cat?post=42314"},{"taxonomy":"product_tag","embeddable":true,"href":"https:\/\/www.rucashk.com\/es\/wp-json\/wp\/v2\/product_tag?post=42314"}],"curies":[{"name":"wp","href":"https:\/\/api.w.org\/{rel}","templated":true}]}}