{"id":41856,"date":"2024-08-11T13:38:50","date_gmt":"2024-08-11T13:38:50","guid":{"rendered":"https:\/\/www.rucashk.com\/?post_type=product&#038;p=41856"},"modified":"2024-08-11T13:40:26","modified_gmt":"2024-08-11T13:40:26","slug":"redmi-buds-6-play-wireles-earbuds-global","status":"publish","type":"product","link":"https:\/\/www.rucashk.com\/es\/producto\/redmi-buds-6-play-wireles-earbuds-global\/","title":{"rendered":"Auriculares inal\u00e1mbricos Redmi Buds 6 Play en todo el mundo"},"content":{"rendered":"<figure id=\"attachment_41857\" aria-describedby=\"caption-attachment-41857\" style=\"width: 900px\" class=\"wp-caption alignnone\"><img fetchpriority=\"high\" decoding=\"async\" class=\"size-full wp-image-41857\" src=\"\/wp-content\/uploads\/replace\/a21f54a4c835c1fdd1a783275d3d205a.png\" alt=\"Redmi Buds 6 Play Wireles Earbuds Global\" width=\"900\" height=\"1300\" \/><figcaption id=\"caption-attachment-41857\" class=\"wp-caption-text\">#image_title<\/figcaption><\/figure>\n<figure id=\"attachment_41858\" aria-describedby=\"caption-attachment-41858\" style=\"width: 900px\" class=\"wp-caption alignnone\"><img decoding=\"async\" class=\"size-full wp-image-41858\" src=\"\/wp-content\/uploads\/replace\/5eaf3f7fcd81d37fa7fbaf11d3201920.png\" alt=\"Redmi Buds 6 Play Wireles Earbuds Global\" width=\"900\" height=\"1300\" \/><figcaption id=\"caption-attachment-41858\" class=\"wp-caption-text\">#image_title<\/figcaption><\/figure>","protected":false},"excerpt":{"rendered":"<p>El primer distribuidor mayorista de Redmi Buds 6 Play. La serie Redmi Buds suele centrarse en la calidad del sonido, por lo que Redmi Buds 6 Play ofrece una calidad de sonido clara y equilibrada. Los usuarios pueden disfrutar de una experiencia musical con graves profundos y potentes, rango medio completo y agudos brillantes.<\/p>\n<p>\u2022 Ligero y peque\u00f1o, ofrece una experiencia de audio sin peso.<br \/>\n\u2022 Dise\u00f1o ergon\u00f3mico para un ajuste c\u00f3modo.<br \/>\n\u2022 Controlador din\u00e1mico de 10 mm para graves potentes.<br \/>\n\u2022 Cuatro configuraciones de ecualizaci\u00f3n de sonido.<br \/>\n\u2022 Cancelaci\u00f3n de ruido IA para llamadas.<br \/>\n\u2022 Calidad de sonido clara.<br \/>\n\u2022 conexiones m\u00e1s r\u00e1pidas y cobertura m\u00e1s amplia.<br \/>\n\u2022 Alta eficiencia de transferencia.<br \/>\n\u2022 Soporte para Google Fast Pair.<br \/>\n\u2022 Soporte para la aplicaci\u00f3n de auriculares Xiaomi.<br \/>\n\u2022 Reproducci\u00f3n de audio \u00fanica de 7,5 horas.<br \/>\n\u2022 Equipado con una caja de carga, la duraci\u00f3n de la bater\u00eda es de 36 horas para su uso.<br \/>\n\u2022 Equipado con carga s\u00faper r\u00e1pida, carga durante 10 minutos y escucha m\u00fasica durante 3 horas.<\/p>","protected":false},"featured_media":41865,"template":"","meta":[],"product_brand":[1363],"product_cat":[1306,1305],"product_tag":[463,1170],"class_list":{"0":"post-41856","1":"product","2":"type-product","3":"status-publish","4":"has-post-thumbnail","6":"product_brand-xiaomi","7":"product_cat-mi-redmi-earphone","8":"product_cat-xiaomi-eco","9":"product_tag-earbuds","10":"product_tag-earphone","12":"first","13":"instock","14":"shipping-taxable","15":"product-type-simple"},"aioseo_notices":[],"aioseo_head":"\n\t\t<!-- All in One SEO Pro 4.5.9.2 - aioseo.com -->\n\t\t<meta name=\"description\" content=\"The first wholesale distributor of Redmi Buds 6 Play. The Redmi Buds series usually focuses on sound quality, so Redmi Buds 6 Play provides clear and balanced sound quality. Users may enjoy a music experience with deep and powerful bass, full midrange, and bright treble. \u2022 Light and small, deliver a weightless audio experience. \u2022 Ergonomic design for comfort fit. \u2022 10mm Dynamic Driver for powerful bass. \u2022 Four sound EQ settings. \u2022 AI noise cancellation for calls. \u2022 Clear sound quality. \u2022 faster connections and wider coverage. \u2022 High transfer efficiency. \u2022 Support for Google Fast Pair. \u2022 Support for Xiaomi earphone app. \u2022 Single 7.5 hours of audio playback. \u2022 Equipped with a charging box, the 36 hours battery life for use. \u2022 Equipped with super fast charging, charging for 10 minutes and listening to music for 3h.\" \/>\n\t\t<meta name=\"robots\" content=\"max-image-preview:large\" \/>\n\t\t<link rel=\"canonical\" href=\"https:\/\/www.rucashk.com\/es\/producto\/redmi-buds-6-play-wireles-earbuds-global\/\" \/>\n\t\t<meta name=\"generator\" content=\"All in One SEO Pro (AIOSEO) 4.5.9.2\" \/>\n\t\t<meta property=\"og:locale\" content=\"es_ES\" \/>\n\t\t<meta property=\"og:site_name\" content=\"Rucas - One-stop AIoT Distribution Worldwide\" \/>\n\t\t<meta property=\"og:type\" content=\"article\" \/>\n\t\t<meta property=\"og:title\" content=\"Redmi Buds 6 Play Wireles Earbuds Global - Rucas - Wholesale and Distribution\" \/>\n\t\t<meta property=\"og:description\" content=\"The first wholesale distributor of Redmi Buds 6 Play. The Redmi Buds series usually focuses on sound quality, so Redmi Buds 6 Play provides clear and balanced sound quality. Users may enjoy a music experience with deep and powerful bass, full midrange, and bright treble. \u2022 Light and small, deliver a weightless audio experience. \u2022 Ergonomic design for comfort fit. \u2022 10mm Dynamic Driver for powerful bass. \u2022 Four sound EQ settings. \u2022 AI noise cancellation for calls. \u2022 Clear sound quality. \u2022 faster connections and wider coverage. \u2022 High transfer efficiency. \u2022 Support for Google Fast Pair. \u2022 Support for Xiaomi earphone app. \u2022 Single 7.5 hours of audio playback. \u2022 Equipped with a charging box, the 36 hours battery life for use. \u2022 Equipped with super fast charging, charging for 10 minutes and listening to music for 3h.\" \/>\n\t\t<meta property=\"og:url\" content=\"https:\/\/www.rucashk.com\/es\/producto\/redmi-buds-6-play-wireles-earbuds-global\/\" \/>\n\t\t<meta property=\"og:image\" content=\"https:\/\/www.rucashk.com\/wp-content\/uploads\/replace\/503b8e645f128a97ccde2b6290747646.jpeg\" \/>\n\t\t<meta property=\"og:image:secure_url\" content=\"https:\/\/www.rucashk.com\/wp-content\/uploads\/replace\/503b8e645f128a97ccde2b6290747646.jpeg\" \/>\n\t\t<meta property=\"og:image:width\" content=\"1456\" \/>\n\t\t<meta property=\"og:image:height\" content=\"816\" \/>\n\t\t<meta property=\"article:published_time\" content=\"2024-08-11T13:38:50+00:00\" \/>\n\t\t<meta property=\"article:modified_time\" content=\"2024-08-11T13:40:26+00:00\" \/>\n\t\t<meta name=\"twitter:card\" content=\"summary_large_image\" \/>\n\t\t<meta name=\"twitter:title\" content=\"Redmi Buds 6 Play Wireles Earbuds Global - Rucas - Wholesale and Distribution\" \/>\n\t\t<meta name=\"twitter:description\" content=\"The first wholesale distributor of Redmi Buds 6 Play. The Redmi Buds series usually focuses on sound quality, so Redmi Buds 6 Play provides clear and balanced sound quality. Users may enjoy a music experience with deep and powerful bass, full midrange, and bright treble. \u2022 Light and small, deliver a weightless audio experience. \u2022 Ergonomic design for comfort fit. \u2022 10mm Dynamic Driver for powerful bass. \u2022 Four sound EQ settings. \u2022 AI noise cancellation for calls. \u2022 Clear sound quality. \u2022 faster connections and wider coverage. \u2022 High transfer efficiency. \u2022 Support for Google Fast Pair. \u2022 Support for Xiaomi earphone app. \u2022 Single 7.5 hours of audio playback. \u2022 Equipped with a charging box, the 36 hours battery life for use. \u2022 Equipped with super fast charging, charging for 10 minutes and listening to music for 3h.\" \/>\n\t\t<meta name=\"twitter:image\" content=\"https:\/\/www.rucashk.com\/wp-content\/uploads\/replace\/503b8e645f128a97ccde2b6290747646.jpeg\" \/>\n\t\t<script type=\"application\/ld+json\" class=\"aioseo-schema\">\n\t\t\t{\"@context\":\"https:\\\/\\\/schema.org\",\"@graph\":[{\"@type\":\"BreadcrumbList\",\"@id\":\"https:\\\/\\\/www.rucashk.com\\\/es\\\/producto\\\/redmi-buds-6-play-wireles-earbuds-global\\\/#breadcrumblist\",\"itemListElement\":[{\"@type\":\"ListItem\",\"@id\":\"https:\\\/\\\/www.rucashk.com\\\/es\\\/#listItem\",\"position\":1,\"name\":\"Home\",\"item\":\"https:\\\/\\\/www.rucashk.com\\\/es\\\/\",\"nextItem\":\"https:\\\/\\\/www.rucashk.com\\\/es\\\/producto\\\/redmi-buds-6-play-wireles-earbuds-global\\\/#listItem\"},{\"@type\":\"ListItem\",\"@id\":\"https:\\\/\\\/www.rucashk.com\\\/es\\\/producto\\\/redmi-buds-6-play-wireles-earbuds-global\\\/#listItem\",\"position\":2,\"name\":\"Redmi Buds 6 Play Wireles Earbuds Global\",\"previousItem\":\"https:\\\/\\\/www.rucashk.com\\\/es\\\/#listItem\"}]},{\"@type\":\"Organization\",\"@id\":\"https:\\\/\\\/www.rucashk.com\\\/es\\\/#organization\",\"name\":\"Rucas\",\"url\":\"https:\\\/\\\/www.rucashk.com\\\/es\\\/\",\"logo\":{\"@type\":\"ImageObject\",\"url\":\"https:\\\/\\\/www.rucashk.com\\\/wp-content\\\/uploads\\\/2023\\\/12\\\/Rucas_campany_logo.png\",\"@id\":\"https:\\\/\\\/www.rucashk.com\\\/es\\\/producto\\\/redmi-buds-6-play-wireles-earbuds-global\\\/#organizationLogo\",\"width\":221,\"height\":65},\"image\":{\"@id\":\"https:\\\/\\\/www.rucashk.com\\\/es\\\/#organizationLogo\"}},{\"@type\":\"Person\",\"@id\":\"https:\\\/\\\/www.rucashk.com\\\/es\\\/author\\\/admin\\\/#author\",\"url\":\"https:\\\/\\\/www.rucashk.com\\\/es\\\/author\\\/admin\\\/\",\"name\":\"admin\",\"image\":{\"@type\":\"ImageObject\",\"@id\":\"https:\\\/\\\/www.rucashk.com\\\/es\\\/producto\\\/redmi-buds-6-play-wireles-earbuds-global\\\/#authorImage\",\"url\":\"https:\\\/\\\/secure.gravatar.com\\\/avatar\\\/b7c8925b09a27e72b30232f8ecaadbd5af0f70a38c78096863fe51b64f031c24?s=96&d=mm&r=g\",\"width\":96,\"height\":96,\"caption\":\"admin\"}},{\"@type\":\"WebPage\",\"@id\":\"https:\\\/\\\/www.rucashk.com\\\/es\\\/producto\\\/redmi-buds-6-play-wireles-earbuds-global\\\/#webpage\",\"url\":\"https:\\\/\\\/www.rucashk.com\\\/es\\\/producto\\\/redmi-buds-6-play-wireles-earbuds-global\\\/\",\"name\":\"Redmi Buds 6 Play Wireles Earbuds Global - Rucas - Wholesale and Distribution\",\"description\":\"The first wholesale distributor of Redmi Buds 6 Play. The Redmi Buds series usually focuses on sound quality, so Redmi Buds 6 Play provides clear and balanced sound quality. Users may enjoy a music experience with deep and powerful bass, full midrange, and bright treble. \\u2022 Light and small, deliver a weightless audio experience. \\u2022 Ergonomic design for comfort fit. \\u2022 10mm Dynamic Driver for powerful bass. \\u2022 Four sound EQ settings. \\u2022 AI noise cancellation for calls. \\u2022 Clear sound quality. \\u2022 faster connections and wider coverage. \\u2022 High transfer efficiency. \\u2022 Support for Google Fast Pair. \\u2022 Support for Xiaomi earphone app. \\u2022 Single 7.5 hours of audio playback. \\u2022 Equipped with a charging box, the 36 hours battery life for use. \\u2022 Equipped with super fast charging, charging for 10 minutes and listening to music for 3h.\",\"inLanguage\":\"es-ES\",\"isPartOf\":{\"@id\":\"https:\\\/\\\/www.rucashk.com\\\/es\\\/#website\"},\"breadcrumb\":{\"@id\":\"https:\\\/\\\/www.rucashk.com\\\/es\\\/producto\\\/redmi-buds-6-play-wireles-earbuds-global\\\/#breadcrumblist\"},\"author\":{\"@id\":\"https:\\\/\\\/www.rucashk.com\\\/es\\\/author\\\/admin\\\/#author\"},\"creator\":{\"@id\":\"https:\\\/\\\/www.rucashk.com\\\/es\\\/author\\\/admin\\\/#author\"},\"image\":{\"@type\":\"ImageObject\",\"url\":\"https:\\\/\\\/www.rucashk.com\\\/wp-content\\\/uploads\\\/2024\\\/08\\\/Redmi-Buds-6-Play-1.jpg\",\"@id\":\"https:\\\/\\\/www.rucashk.com\\\/es\\\/producto\\\/redmi-buds-6-play-wireles-earbuds-global\\\/#mainImage\",\"width\":800,\"height\":800},\"primaryImageOfPage\":{\"@id\":\"https:\\\/\\\/www.rucashk.com\\\/es\\\/producto\\\/redmi-buds-6-play-wireles-earbuds-global\\\/#mainImage\"},\"datePublished\":\"2024-08-11T13:38:50+00:00\",\"dateModified\":\"2024-08-11T13:40:26+00:00\"},{\"@type\":\"WebSite\",\"@id\":\"https:\\\/\\\/www.rucashk.com\\\/es\\\/#website\",\"url\":\"https:\\\/\\\/www.rucashk.com\\\/es\\\/\",\"name\":\"Rucas - Wholesale and distribution worldwide\",\"alternateName\":\"Rucas - One-stop AIoT Distribution Worldwide\",\"description\":\"One-stop AIoT Distribution Worldwide\",\"inLanguage\":\"es-ES\",\"publisher\":{\"@id\":\"https:\\\/\\\/www.rucashk.com\\\/es\\\/#organization\"}}]}\n\t\t<\/script>\n\t\t<!-- All in One SEO Pro -->\r\n\t\t<title>Redmi Buds 6 Play Wireles Earbuds Global - Rucas - Wholesale and Distribution<\/title>\n\n","aioseo_head_json":{"title":"Redmi Buds 6 Play Wireles Earbuds Global - Rucas - Wholesale and Distribution","description":"The first wholesale distributor of Redmi Buds 6 Play. The Redmi Buds series usually focuses on sound quality, so Redmi Buds 6 Play provides clear and balanced sound quality. Users may enjoy a music experience with deep and powerful bass, full midrange, and bright treble. \u2022 Light and small, deliver a weightless audio experience. \u2022 Ergonomic design for comfort fit. \u2022 10mm Dynamic Driver for powerful bass. \u2022 Four sound EQ settings. \u2022 AI noise cancellation for calls. \u2022 Clear sound quality. \u2022 faster connections and wider coverage. \u2022 High transfer efficiency. \u2022 Support for Google Fast Pair. \u2022 Support for Xiaomi earphone app. \u2022 Single 7.5 hours of audio playback. \u2022 Equipped with a charging box, the 36 hours battery life for use. \u2022 Equipped with super fast charging, charging for 10 minutes and listening to music for 3h.","canonical_url":"https:\/\/www.rucashk.com\/es\/producto\/redmi-buds-6-play-wireles-earbuds-global\/","robots":"max-image-preview:large","keywords":"","webmasterTools":{"miscellaneous":""},"og:locale":"es_ES","og:site_name":"Rucas - One-stop AIoT Distribution Worldwide","og:type":"article","og:title":"Redmi Buds 6 Play Wireles Earbuds Global - Rucas - Wholesale and Distribution","og:description":"The first wholesale distributor of Redmi Buds 6 Play. The Redmi Buds series usually focuses on sound quality, so Redmi Buds 6 Play provides clear and balanced sound quality. Users may enjoy a music experience with deep and powerful bass, full midrange, and bright treble. \u2022 Light and small, deliver a weightless audio experience. \u2022 Ergonomic design for comfort fit. \u2022 10mm Dynamic Driver for powerful bass. \u2022 Four sound EQ settings. \u2022 AI noise cancellation for calls. \u2022 Clear sound quality. \u2022 faster connections and wider coverage. \u2022 High transfer efficiency. \u2022 Support for Google Fast Pair. \u2022 Support for Xiaomi earphone app. \u2022 Single 7.5 hours of audio playback. \u2022 Equipped with a charging box, the 36 hours battery life for use. \u2022 Equipped with super fast charging, charging for 10 minutes and listening to music for 3h.","og:url":"https:\/\/www.rucashk.com\/es\/producto\/redmi-buds-6-play-wireles-earbuds-global\/","og:image":"https:\/\/www.rucashk.com\/wp-content\/uploads\/replace\/503b8e645f128a97ccde2b6290747646.jpeg","og:image:secure_url":"https:\/\/www.rucashk.com\/wp-content\/uploads\/replace\/503b8e645f128a97ccde2b6290747646.jpeg","og:image:width":1456,"og:image:height":816,"article:published_time":"2024-08-11T13:38:50+00:00","article:modified_time":"2024-08-11T13:40:26+00:00","twitter:card":"summary_large_image","twitter:title":"Redmi Buds 6 Play Wireles Earbuds Global - Rucas - Wholesale and Distribution","twitter:description":"The first wholesale distributor of Redmi Buds 6 Play. The Redmi Buds series usually focuses on sound quality, so Redmi Buds 6 Play provides clear and balanced sound quality. Users may enjoy a music experience with deep and powerful bass, full midrange, and bright treble. \u2022 Light and small, deliver a weightless audio experience. \u2022 Ergonomic design for comfort fit. \u2022 10mm Dynamic Driver for powerful bass. \u2022 Four sound EQ settings. \u2022 AI noise cancellation for calls. \u2022 Clear sound quality. \u2022 faster connections and wider coverage. \u2022 High transfer efficiency. \u2022 Support for Google Fast Pair. \u2022 Support for Xiaomi earphone app. \u2022 Single 7.5 hours of audio playback. \u2022 Equipped with a charging box, the 36 hours battery life for use. \u2022 Equipped with super fast charging, charging for 10 minutes and listening to music for 3h.","twitter:image":"https:\/\/www.rucashk.com\/wp-content\/uploads\/replace\/503b8e645f128a97ccde2b6290747646.jpeg","schema":{"@context":"https:\/\/schema.org","@graph":[{"@type":"BreadcrumbList","@id":"https:\/\/www.rucashk.com\/es\/producto\/redmi-buds-6-play-wireles-earbuds-global\/#breadcrumblist","itemListElement":[{"@type":"ListItem","@id":"https:\/\/www.rucashk.com\/es\/#listItem","position":1,"name":"Home","item":"https:\/\/www.rucashk.com\/es\/","nextItem":"https:\/\/www.rucashk.com\/es\/producto\/redmi-buds-6-play-wireles-earbuds-global\/#listItem"},{"@type":"ListItem","@id":"https:\/\/www.rucashk.com\/es\/producto\/redmi-buds-6-play-wireles-earbuds-global\/#listItem","position":2,"name":"Redmi Buds 6 Play Wireles Earbuds Global","previousItem":"https:\/\/www.rucashk.com\/es\/#listItem"}]},{"@type":"Organization","@id":"https:\/\/www.rucashk.com\/es\/#organization","name":"Rucas","url":"https:\/\/www.rucashk.com\/es\/","logo":{"@type":"ImageObject","url":"https:\/\/www.rucashk.com\/wp-content\/uploads\/2023\/12\/Rucas_campany_logo.png","@id":"https:\/\/www.rucashk.com\/es\/producto\/redmi-buds-6-play-wireles-earbuds-global\/#organizationLogo","width":221,"height":65},"image":{"@id":"https:\/\/www.rucashk.com\/es\/#organizationLogo"}},{"@type":"Person","@id":"https:\/\/www.rucashk.com\/es\/author\/admin\/#author","url":"https:\/\/www.rucashk.com\/es\/author\/admin\/","name":"admin","image":{"@type":"ImageObject","@id":"https:\/\/www.rucashk.com\/es\/producto\/redmi-buds-6-play-wireles-earbuds-global\/#authorImage","url":"https:\/\/secure.gravatar.com\/avatar\/b7c8925b09a27e72b30232f8ecaadbd5af0f70a38c78096863fe51b64f031c24?s=96&d=mm&r=g","width":96,"height":96,"caption":"admin"}},{"@type":"WebPage","@id":"https:\/\/www.rucashk.com\/es\/producto\/redmi-buds-6-play-wireles-earbuds-global\/#webpage","url":"https:\/\/www.rucashk.com\/es\/producto\/redmi-buds-6-play-wireles-earbuds-global\/","name":"Redmi Buds 6 Play Wireles Earbuds Global - Rucas - Wholesale and Distribution","description":"The first wholesale distributor of Redmi Buds 6 Play. The Redmi Buds series usually focuses on sound quality, so Redmi Buds 6 Play provides clear and balanced sound quality. Users may enjoy a music experience with deep and powerful bass, full midrange, and bright treble. \u2022 Light and small, deliver a weightless audio experience. \u2022 Ergonomic design for comfort fit. \u2022 10mm Dynamic Driver for powerful bass. \u2022 Four sound EQ settings. \u2022 AI noise cancellation for calls. \u2022 Clear sound quality. \u2022 faster connections and wider coverage. \u2022 High transfer efficiency. \u2022 Support for Google Fast Pair. \u2022 Support for Xiaomi earphone app. \u2022 Single 7.5 hours of audio playback. \u2022 Equipped with a charging box, the 36 hours battery life for use. \u2022 Equipped with super fast charging, charging for 10 minutes and listening to music for 3h.","inLanguage":"es-ES","isPartOf":{"@id":"https:\/\/www.rucashk.com\/es\/#website"},"breadcrumb":{"@id":"https:\/\/www.rucashk.com\/es\/producto\/redmi-buds-6-play-wireles-earbuds-global\/#breadcrumblist"},"author":{"@id":"https:\/\/www.rucashk.com\/es\/author\/admin\/#author"},"creator":{"@id":"https:\/\/www.rucashk.com\/es\/author\/admin\/#author"},"image":{"@type":"ImageObject","url":"https:\/\/www.rucashk.com\/wp-content\/uploads\/2024\/08\/Redmi-Buds-6-Play-1.jpg","@id":"https:\/\/www.rucashk.com\/es\/producto\/redmi-buds-6-play-wireles-earbuds-global\/#mainImage","width":800,"height":800},"primaryImageOfPage":{"@id":"https:\/\/www.rucashk.com\/es\/producto\/redmi-buds-6-play-wireles-earbuds-global\/#mainImage"},"datePublished":"2024-08-11T13:38:50+00:00","dateModified":"2024-08-11T13:40:26+00:00"},{"@type":"WebSite","@id":"https:\/\/www.rucashk.com\/es\/#website","url":"https:\/\/www.rucashk.com\/es\/","name":"Rucas - Wholesale and distribution worldwide","alternateName":"Rucas - One-stop AIoT Distribution Worldwide","description":"One-stop AIoT Distribution Worldwide","inLanguage":"es-ES","publisher":{"@id":"https:\/\/www.rucashk.com\/es\/#organization"}}]}},"aioseo_meta_data":{"post_id":"41856","title":null,"description":null,"keywords":"[]","keyphrases":"{\"focus\":{\"keyphrase\":\"\",\"score\":0,\"analysis\":{\"keyphraseInTitle\":{\"score\":0,\"maxScore\":9,\"error\":1}}},\"additional\":[]}","primary_term":null,"canonical_url":null,"og_title":null,"og_description":null,"og_object_type":"default","og_image_type":"default","og_image_url":null,"og_image_width":null,"og_image_height":null,"og_image_custom_url":null,"og_image_custom_fields":null,"og_video":"","og_custom_url":null,"og_article_section":null,"og_article_tags":"[]","twitter_use_og":false,"twitter_card":"default","twitter_image_type":"default","twitter_image_url":null,"twitter_image_custom_url":null,"twitter_image_custom_fields":null,"twitter_title":null,"twitter_description":null,"schema":{"blockGraphs":[],"customGraphs":[],"default":{"data":{"Article":[],"Course":[],"Dataset":[],"FAQPage":[],"Movie":[],"Person":[],"Product":[],"Recipe":[],"Service":[],"SoftwareApplication":[],"WebPage":[]},"graphName":"Product","isEnabled":true},"graphs":[]},"schema_type":"default","schema_type_options":null,"pillar_content":false,"robots_default":true,"robots_noindex":false,"robots_noarchive":false,"robots_nosnippet":false,"robots_nofollow":false,"robots_noimageindex":false,"robots_noodp":false,"robots_notranslate":false,"robots_max_snippet":"-1","robots_max_videopreview":"-1","robots_max_imagepreview":"large","priority":null,"frequency":"default","local_seo":null,"breadcrumb_settings":null,"limit_modified_date":false,"created":"2024-08-11 13:38:04","updated":"2025-06-22 18:56:59"},"aioseo_breadcrumb":"<div class=\"aioseo-breadcrumbs\"><span class=\"aioseo-breadcrumb\">\n\t<a href=\"https:\/\/www.rucashk.com\/es\" title=\"Home\">Home<\/a>\n<\/span><span class=\"aioseo-breadcrumb-separator\">&raquo;<\/span><span class=\"aioseo-breadcrumb\">\n\t<a href=\"https:\/\/www.rucashk.com\/es\/products\/\" title=\"Productos\">Productos<\/a>\n<\/span><span class=\"aioseo-breadcrumb-separator\">&raquo;<\/span><span class=\"aioseo-breadcrumb\">\n\t<a href=\"https:\/\/www.rucashk.com\/es\/marca\/xiaomi\/\" title=\"Xiaomi\">Xiaomi<\/a>\n<\/span><span class=\"aioseo-breadcrumb-separator\">&raquo;<\/span><span class=\"aioseo-breadcrumb\">\n\tRedmi Buds 6 Play Wireles Earbuds Global\n<\/span><\/div>","aioseo_breadcrumb_json":[{"label":"Home","link":"https:\/\/www.rucashk.com\/es"},{"label":"Productos","link":"https:\/\/www.rucashk.com\/es\/products\/"},{"label":"Xiaomi","link":"https:\/\/www.rucashk.com\/es\/marca\/xiaomi\/"},{"label":"Redmi Buds 6 Play Wireles Earbuds Global","link":"https:\/\/www.rucashk.com\/es\/producto\/redmi-buds-6-play-wireles-earbuds-global\/"}],"_links":{"self":[{"href":"https:\/\/www.rucashk.com\/es\/wp-json\/wp\/v2\/product\/41856","targetHints":{"allow":["GET"]}}],"collection":[{"href":"https:\/\/www.rucashk.com\/es\/wp-json\/wp\/v2\/product"}],"about":[{"href":"https:\/\/www.rucashk.com\/es\/wp-json\/wp\/v2\/types\/product"}],"wp:featuredmedia":[{"embeddable":true,"href":"https:\/\/www.rucashk.com\/es\/wp-json\/wp\/v2\/media\/41865"}],"wp:attachment":[{"href":"https:\/\/www.rucashk.com\/es\/wp-json\/wp\/v2\/media?parent=41856"}],"wp:term":[{"taxonomy":"product_brand","embeddable":true,"href":"https:\/\/www.rucashk.com\/es\/wp-json\/wp\/v2\/product_brand?post=41856"},{"taxonomy":"product_cat","embeddable":true,"href":"https:\/\/www.rucashk.com\/es\/wp-json\/wp\/v2\/product_cat?post=41856"},{"taxonomy":"product_tag","embeddable":true,"href":"https:\/\/www.rucashk.com\/es\/wp-json\/wp\/v2\/product_tag?post=41856"}],"curies":[{"name":"wp","href":"https:\/\/api.w.org\/{rel}","templated":true}]}}