{"id":41717,"date":"2024-07-25T14:33:44","date_gmt":"2024-07-25T14:33:44","guid":{"rendered":"https:\/\/www.rucashk.com\/?post_type=product&#038;p=41717"},"modified":"2024-07-25T14:33:51","modified_gmt":"2024-07-25T14:33:51","slug":"xiaomi-mix-flip-portable-camera-set","status":"publish","type":"product","link":"https:\/\/www.rucashk.com\/es\/producto\/xiaomi-mix-flip-portable-camera-set\/","title":{"rendered":"Conjunto de c\u00e1mara port\u00e1til Xiaomi MIX Flip"},"content":{"rendered":"<div class=\"section\" data-v-eb8da102=\"\">\n<div class=\"section-plain_view\" data-v-eb8da102=\"\">\n<div class=\"img-box\" data-v-eb8da102=\"\"><img decoding=\"async\" alt=\"Xiaomi MIX Flip Portable Camera Set\" class=\"aligncenter\" src=\"\/wp-content\/uploads\/replace\/83009a9acf737f79e34dfdb3a5940ab5.jpeg\" data-v-eb8da102=\"\" data-src=\"\/\/cdn.cnbj1.fds.api.mi-img.com\/mi-mall\/c7871c2cd30d9293846c7cd57f43f14e.jpg\" \/><\/div>\n<\/div>\n<\/div>\n<div class=\"section\" style=\"text-align: center;\" data-v-eb8da102=\"\">\n<div class=\"section-plain_view\" data-v-eb8da102=\"\">\n<div class=\"img-box\" data-v-eb8da102=\"\"><img decoding=\"async\" alt=\"Xiaomi MIX Flip Portable Camera Set\" src=\"\/wp-content\/uploads\/replace\/4aae297d918904d99ca4cbc7b2bc795f.jpeg\" data-v-eb8da102=\"\" data-src=\"\/\/cdn.cnbj1.fds.api.mi-img.com\/mi-mall\/7637d1d629b90bc1a17be30b0168c24d.jpg\" \/><\/div>\n<\/div>\n<\/div>\n<div class=\"section\" style=\"text-align: center;\" data-v-eb8da102=\"\">\n<div class=\"section-plain_view\" data-v-eb8da102=\"\">\n<div class=\"img-box\" data-v-eb8da102=\"\"><img decoding=\"async\" alt=\"Xiaomi MIX Flip Portable Camera Set\" src=\"\/wp-content\/uploads\/replace\/71aced1bd085ad1be3107d1ed3097291.jpeg\" data-v-eb8da102=\"\" data-src=\"\/\/cdn.cnbj1.fds.api.mi-img.com\/mi-mall\/18b11ad6560c89511dca2d9f7fbf6993.jpg\" \/><\/div>\n<\/div>\n<\/div>\n<div class=\"section\" style=\"text-align: center;\" data-v-eb8da102=\"\">\n<div class=\"section-plain_view\" data-v-eb8da102=\"\">\n<div class=\"img-box\" data-v-eb8da102=\"\"><img decoding=\"async\" alt=\"Xiaomi MIX Flip Portable Camera Set\" src=\"\/wp-content\/uploads\/replace\/b8c2117a365780870f29d366e99308e0.jpeg\" data-v-eb8da102=\"\" data-src=\"\/\/cdn.cnbj1.fds.api.mi-img.com\/mi-mall\/775ba2629ffad7757db903c74e6736fa.jpg\" \/><\/div>\n<\/div>\n<\/div>\n<div class=\"section\" style=\"text-align: center;\" data-v-eb8da102=\"\">\n<div class=\"section-plain_view\" data-v-eb8da102=\"\">\n<div class=\"img-box\" data-v-eb8da102=\"\"><img decoding=\"async\" alt=\"Xiaomi MIX Flip Portable Camera Set\" src=\"\/wp-content\/uploads\/replace\/577392059f82a4e5b739f7b239f5a80b.jpeg\" data-v-eb8da102=\"\" data-src=\"\/\/cdn.cnbj1.fds.api.mi-img.com\/mi-mall\/51462e24295588584434f8bb5ede8d61.jpg\" \/><\/div>\n<\/div>\n<\/div>\n<div class=\"section\" style=\"text-align: center;\" data-v-eb8da102=\"\">\n<div class=\"section-plain_view\" data-v-eb8da102=\"\">\n<div class=\"img-box\" data-v-eb8da102=\"\"><img decoding=\"async\" alt=\"Xiaomi MIX Flip Portable Camera Set\" src=\"\/wp-content\/uploads\/replace\/3b1aabc41a694f4bdfdccde351d568d2.jpeg\" data-v-eb8da102=\"\" data-src=\"\/\/cdn.cnbj1.fds.api.mi-img.com\/mi-mall\/baa38cbfa980474a51424eb636f60450.jpg\" \/><\/div>\n<\/div>\n<\/div>\n<div class=\"section\" style=\"text-align: center;\" data-v-eb8da102=\"\">\n<div class=\"section-plain_view\" data-v-eb8da102=\"\">\n<div class=\"img-box\" data-v-eb8da102=\"\"><img decoding=\"async\" alt=\"Xiaomi MIX Flip Portable Camera Set\" src=\"\/wp-content\/uploads\/replace\/ef2ea73287f27cc653463dfee939d44d.jpeg\" data-v-eb8da102=\"\" data-src=\"\/\/cdn.cnbj1.fds.api.mi-img.com\/mi-mall\/b6838648d18d7984093836f4c7ee7cd4.jpg\" \/><\/div>\n<\/div>\n<\/div>\n<div class=\"section\" style=\"text-align: center;\" data-v-eb8da102=\"\">\n<div class=\"section-plain_view\" data-v-eb8da102=\"\">\n<div class=\"img-box\" data-v-eb8da102=\"\"><img decoding=\"async\" alt=\"Xiaomi MIX Flip Portable Camera Set\" src=\"\/wp-content\/uploads\/replace\/db681bb06a78febf6a92117823d2a380.jpeg\" data-v-eb8da102=\"\" data-src=\"\/\/cdn.cnbj1.fds.api.mi-img.com\/mi-mall\/6945168269c3c9feca1c8bf2ef7d2374.jpg\" \/><\/div>\n<\/div>\n<\/div>\n<div class=\"section\" style=\"text-align: center;\" data-v-eb8da102=\"\">\n<div class=\"section-plain_view\" data-v-eb8da102=\"\">\n<div class=\"img-box\" data-v-eb8da102=\"\"><img decoding=\"async\" alt=\"Xiaomi MIX Flip Portable Camera Set\" src=\"\/wp-content\/uploads\/replace\/9489af792c6c64d5558feee203f688c3.jpeg\" data-v-eb8da102=\"\" data-src=\"\/\/cdn.cnbj1.fds.api.mi-img.com\/mi-mall\/288f0dacf3018b7016cbb5db1cdcb748.jpg\" \/><\/div>\n<\/div>\n<\/div>\n<div class=\"section\" style=\"text-align: center;\" data-v-eb8da102=\"\">\n<div class=\"section-plain_view\" data-v-eb8da102=\"\">\n<div class=\"img-box\" data-v-eb8da102=\"\"><img decoding=\"async\" alt=\"Xiaomi MIX Flip Portable Camera Set\" src=\"\/wp-content\/uploads\/replace\/a4d36561f3b600e9955f4e3826ac143b.jpeg\" data-v-eb8da102=\"\" data-src=\"\/\/cdn.cnbj1.fds.api.mi-img.com\/mi-mall\/20febee2141814d6cfeb2b15d7ff426d.jpg\" \/><\/div>\n<\/div>\n<\/div>\n<div class=\"section\" style=\"text-align: center;\" data-v-eb8da102=\"\">\n<div class=\"section-plain_view\" data-v-eb8da102=\"\">\n<div class=\"img-box\" data-v-eb8da102=\"\"><img decoding=\"async\" alt=\"Xiaomi MIX Flip Portable Camera Set\" src=\"\/wp-content\/uploads\/replace\/07ff2d68a4377c920895b06331ea6876.jpeg\" data-v-eb8da102=\"\" data-src=\"\/\/cdn.cnbj1.fds.api.mi-img.com\/mi-mall\/84e6eee9468d98cda01086968df3620f.jpg\" \/><\/div>\n<\/div>\n<\/div>\n<div class=\"section\" style=\"text-align: center;\" data-v-eb8da102=\"\">\n<div class=\"section-plain_view\" data-v-eb8da102=\"\">\n<div class=\"img-box\" data-v-eb8da102=\"\"><img decoding=\"async\" alt=\"Xiaomi MIX Flip Portable Camera Set\" src=\"\/wp-content\/uploads\/replace\/ca19cc33778e39242637a000fb342125.jpeg\" data-v-eb8da102=\"\" data-src=\"\/\/cdn.cnbj1.fds.api.mi-img.com\/mi-mall\/efed5bfeb09cd2d85d9b302b1c912186.jpg\" \/><\/div>\n<\/div>\n<\/div>\n<div class=\"section\" style=\"text-align: center;\" data-v-eb8da102=\"\">\n<div class=\"section-plain_view\" data-v-eb8da102=\"\">\n<div class=\"img-box\" data-v-eb8da102=\"\"><img decoding=\"async\" alt=\"Xiaomi MIX Flip Portable Camera Set\" src=\"\/wp-content\/uploads\/replace\/751f899832727e3816f480f182365039.jpeg\" data-v-eb8da102=\"\" data-src=\"\/\/cdn.cnbj1.fds.api.mi-img.com\/mi-mall\/a57c8aa67dcaea817ad95d2a1539226e.jpg\" \/><\/div>\n<\/div>\n<\/div>\n<div class=\"section\" data-v-eb8da102=\"\">\n<div class=\"section-plain_view\" data-v-eb8da102=\"\">\n<div class=\"img-box\" data-v-eb8da102=\"\"><img decoding=\"async\" alt=\"Xiaomi MIX Flip Portable Camera Set\" class=\"aligncenter\" src=\"\/wp-content\/uploads\/replace\/e13cffa05d17dc50d8ac92fba72cf959.jpeg\" data-v-eb8da102=\"\" data-src=\"\/\/cdn.cnbj1.fds.api.mi-img.com\/mi-mall\/70de7acc64c152798a5920d57001ca23.jpg\" \/><\/div>\n<div data-v-eb8da102=\"\"><\/div>\n<\/div>\n<\/div>","protected":false},"excerpt":{"rendered":"<p><strong data-immersive-translate-walked=\"f01a3e97-1d00-4529-a44a-9a01cf0fbadc\">Mezclar Voltear<\/strong>\u00a0Hay que comprarlo por separado para poder combinarlo y el kit viene en morado y verde. Cuando el tel\u00e9fono est\u00e1 emparejado con el kit de c\u00e1mara port\u00e1til, el\u00a0<strong data-immersive-translate-walked=\"f01a3e97-1d00-4529-a44a-9a01cf0fbadc\">Xiaomi MIX Flip<\/strong>\u00a0se hace inmediatamente\u00a0<strong data-immersive-translate-walked=\"f01a3e97-1d00-4529-a44a-9a01cf0fbadc\">Una c\u00e1mara retro pero al mismo tiempo moderna.<\/strong>. The leather texture perfectly matches the phone&#8217;s metal frame and large glass screen, and the leather strap makes it easy to carry.<\/p>\n<p>&nbsp;<\/p>","protected":false},"featured_media":41733,"template":"","meta":[],"product_brand":[1363],"product_cat":[1295,1296],"product_tag":[],"class_list":{"0":"post-41717","1":"product","2":"type-product","3":"status-publish","4":"has-post-thumbnail","6":"product_brand-xiaomi","7":"product_cat-mobile-phone","8":"product_cat-xiaomi-mobile-phone","10":"first","11":"instock","12":"shipping-taxable","13":"product-type-simple"},"aioseo_notices":[],"aioseo_head":"\n\t\t<!-- All in One SEO Pro 4.5.9.2 - aioseo.com -->\n\t\t<meta name=\"description\" content=\"Mix Flip must be purchased separately to be able to combine it and the kit comes in purple and green. When the phone is paired with the portable camera kit, the Xiaomi MIX Flip it is done immediately a retro but at the same time a modern camera. The leather texture perfectly matches the phone&#039;s metal frame and large glass screen, and the leather strap makes it easy to carry.\" \/>\n\t\t<meta name=\"robots\" content=\"max-image-preview:large\" \/>\n\t\t<link rel=\"canonical\" href=\"https:\/\/www.rucashk.com\/es\/producto\/xiaomi-mix-flip-portable-camera-set\/\" \/>\n\t\t<meta name=\"generator\" content=\"All in One SEO Pro (AIOSEO) 4.5.9.2\" \/>\n\t\t<meta property=\"og:locale\" content=\"es_ES\" \/>\n\t\t<meta property=\"og:site_name\" content=\"Rucas - One-stop AIoT Distribution Worldwide\" \/>\n\t\t<meta property=\"og:type\" content=\"article\" \/>\n\t\t<meta property=\"og:title\" content=\"Xiaomi MIX Flip Portable Camera Set - Rucas - Wholesale and Distribution\" \/>\n\t\t<meta property=\"og:description\" content=\"Mix Flip must be purchased separately to be able to combine it and the kit comes in purple and green. When the phone is paired with the portable camera kit, the Xiaomi MIX Flip it is done immediately a retro but at the same time a modern camera. The leather texture perfectly matches the phone&#039;s metal frame and large glass screen, and the leather strap makes it easy to carry.\" \/>\n\t\t<meta property=\"og:url\" content=\"https:\/\/www.rucashk.com\/es\/producto\/xiaomi-mix-flip-portable-camera-set\/\" \/>\n\t\t<meta property=\"og:image\" content=\"https:\/\/www.rucashk.com\/wp-content\/uploads\/replace\/503b8e645f128a97ccde2b6290747646.jpeg\" \/>\n\t\t<meta property=\"og:image:secure_url\" content=\"https:\/\/www.rucashk.com\/wp-content\/uploads\/replace\/503b8e645f128a97ccde2b6290747646.jpeg\" \/>\n\t\t<meta property=\"og:image:width\" content=\"1456\" \/>\n\t\t<meta property=\"og:image:height\" content=\"816\" \/>\n\t\t<meta property=\"article:published_time\" content=\"2024-07-25T14:33:44+00:00\" \/>\n\t\t<meta property=\"article:modified_time\" content=\"2024-07-25T14:33:51+00:00\" \/>\n\t\t<meta name=\"twitter:card\" content=\"summary_large_image\" \/>\n\t\t<meta name=\"twitter:title\" content=\"Xiaomi MIX Flip Portable Camera Set - Rucas - Wholesale and Distribution\" \/>\n\t\t<meta name=\"twitter:description\" content=\"Mix Flip must be purchased separately to be able to combine it and the kit comes in purple and green. When the phone is paired with the portable camera kit, the Xiaomi MIX Flip it is done immediately a retro but at the same time a modern camera. The leather texture perfectly matches the phone&#039;s metal frame and large glass screen, and the leather strap makes it easy to carry.\" \/>\n\t\t<meta name=\"twitter:image\" content=\"https:\/\/www.rucashk.com\/wp-content\/uploads\/replace\/503b8e645f128a97ccde2b6290747646.jpeg\" \/>\n\t\t<script type=\"application\/ld+json\" class=\"aioseo-schema\">\n\t\t\t{\"@context\":\"https:\\\/\\\/schema.org\",\"@graph\":[{\"@type\":\"BreadcrumbList\",\"@id\":\"https:\\\/\\\/www.rucashk.com\\\/es\\\/producto\\\/xiaomi-mix-flip-portable-camera-set\\\/#breadcrumblist\",\"itemListElement\":[{\"@type\":\"ListItem\",\"@id\":\"https:\\\/\\\/www.rucashk.com\\\/es\\\/#listItem\",\"position\":1,\"name\":\"Home\",\"item\":\"https:\\\/\\\/www.rucashk.com\\\/es\\\/\",\"nextItem\":\"https:\\\/\\\/www.rucashk.com\\\/es\\\/producto\\\/xiaomi-mix-flip-portable-camera-set\\\/#listItem\"},{\"@type\":\"ListItem\",\"@id\":\"https:\\\/\\\/www.rucashk.com\\\/es\\\/producto\\\/xiaomi-mix-flip-portable-camera-set\\\/#listItem\",\"position\":2,\"name\":\"Xiaomi MIX Flip Portable Camera Set\",\"previousItem\":\"https:\\\/\\\/www.rucashk.com\\\/es\\\/#listItem\"}]},{\"@type\":\"Organization\",\"@id\":\"https:\\\/\\\/www.rucashk.com\\\/es\\\/#organization\",\"name\":\"Rucas\",\"url\":\"https:\\\/\\\/www.rucashk.com\\\/es\\\/\",\"logo\":{\"@type\":\"ImageObject\",\"url\":\"https:\\\/\\\/www.rucashk.com\\\/wp-content\\\/uploads\\\/2023\\\/12\\\/Rucas_campany_logo.png\",\"@id\":\"https:\\\/\\\/www.rucashk.com\\\/es\\\/producto\\\/xiaomi-mix-flip-portable-camera-set\\\/#organizationLogo\",\"width\":221,\"height\":65},\"image\":{\"@id\":\"https:\\\/\\\/www.rucashk.com\\\/es\\\/#organizationLogo\"}},{\"@type\":\"Person\",\"@id\":\"https:\\\/\\\/www.rucashk.com\\\/es\\\/author\\\/admin\\\/#author\",\"url\":\"https:\\\/\\\/www.rucashk.com\\\/es\\\/author\\\/admin\\\/\",\"name\":\"admin\",\"image\":{\"@type\":\"ImageObject\",\"@id\":\"https:\\\/\\\/www.rucashk.com\\\/es\\\/producto\\\/xiaomi-mix-flip-portable-camera-set\\\/#authorImage\",\"url\":\"https:\\\/\\\/secure.gravatar.com\\\/avatar\\\/b7c8925b09a27e72b30232f8ecaadbd5af0f70a38c78096863fe51b64f031c24?s=96&d=mm&r=g\",\"width\":96,\"height\":96,\"caption\":\"admin\"}},{\"@type\":\"WebPage\",\"@id\":\"https:\\\/\\\/www.rucashk.com\\\/es\\\/producto\\\/xiaomi-mix-flip-portable-camera-set\\\/#webpage\",\"url\":\"https:\\\/\\\/www.rucashk.com\\\/es\\\/producto\\\/xiaomi-mix-flip-portable-camera-set\\\/\",\"name\":\"Xiaomi MIX Flip Portable Camera Set - Rucas - Wholesale and Distribution\",\"description\":\"Mix Flip must be purchased separately to be able to combine it and the kit comes in purple and green. When the phone is paired with the portable camera kit, the Xiaomi MIX Flip it is done immediately a retro but at the same time a modern camera. The leather texture perfectly matches the phone's metal frame and large glass screen, and the leather strap makes it easy to carry.\",\"inLanguage\":\"es-ES\",\"isPartOf\":{\"@id\":\"https:\\\/\\\/www.rucashk.com\\\/es\\\/#website\"},\"breadcrumb\":{\"@id\":\"https:\\\/\\\/www.rucashk.com\\\/es\\\/producto\\\/xiaomi-mix-flip-portable-camera-set\\\/#breadcrumblist\"},\"author\":{\"@id\":\"https:\\\/\\\/www.rucashk.com\\\/es\\\/author\\\/admin\\\/#author\"},\"creator\":{\"@id\":\"https:\\\/\\\/www.rucashk.com\\\/es\\\/author\\\/admin\\\/#author\"},\"image\":{\"@type\":\"ImageObject\",\"url\":\"https:\\\/\\\/www.rucashk.com\\\/wp-content\\\/uploads\\\/2024\\\/07\\\/pms_172128367156095226.png\",\"@id\":\"https:\\\/\\\/www.rucashk.com\\\/es\\\/producto\\\/xiaomi-mix-flip-portable-camera-set\\\/#mainImage\",\"width\":800,\"height\":800},\"primaryImageOfPage\":{\"@id\":\"https:\\\/\\\/www.rucashk.com\\\/es\\\/producto\\\/xiaomi-mix-flip-portable-camera-set\\\/#mainImage\"},\"datePublished\":\"2024-07-25T14:33:44+00:00\",\"dateModified\":\"2024-07-25T14:33:51+00:00\"},{\"@type\":\"WebSite\",\"@id\":\"https:\\\/\\\/www.rucashk.com\\\/es\\\/#website\",\"url\":\"https:\\\/\\\/www.rucashk.com\\\/es\\\/\",\"name\":\"Rucas - Wholesale and distribution worldwide\",\"alternateName\":\"Rucas - One-stop AIoT Distribution Worldwide\",\"description\":\"One-stop AIoT Distribution Worldwide\",\"inLanguage\":\"es-ES\",\"publisher\":{\"@id\":\"https:\\\/\\\/www.rucashk.com\\\/es\\\/#organization\"}}]}\n\t\t<\/script>\n\t\t<!-- All in One SEO Pro -->\r\n\t\t<title>Xiaomi MIX Flip Portable Camera Set - Rucas - Wholesale and Distribution<\/title>\n\n","aioseo_head_json":{"title":"Xiaomi MIX Flip Portable Camera Set - Rucas - Wholesale and Distribution","description":"Mix Flip must be purchased separately to be able to combine it and the kit comes in purple and green. When the phone is paired with the portable camera kit, the Xiaomi MIX Flip it is done immediately a retro but at the same time a modern camera. The leather texture perfectly matches the phone's metal frame and large glass screen, and the leather strap makes it easy to carry.","canonical_url":"https:\/\/www.rucashk.com\/es\/producto\/xiaomi-mix-flip-portable-camera-set\/","robots":"max-image-preview:large","keywords":"","webmasterTools":{"miscellaneous":""},"og:locale":"es_ES","og:site_name":"Rucas - One-stop AIoT Distribution Worldwide","og:type":"article","og:title":"Xiaomi MIX Flip Portable Camera Set - Rucas - Wholesale and Distribution","og:description":"Mix Flip must be purchased separately to be able to combine it and the kit comes in purple and green. When the phone is paired with the portable camera kit, the Xiaomi MIX Flip it is done immediately a retro but at the same time a modern camera. The leather texture perfectly matches the phone's metal frame and large glass screen, and the leather strap makes it easy to carry.","og:url":"https:\/\/www.rucashk.com\/es\/producto\/xiaomi-mix-flip-portable-camera-set\/","og:image":"https:\/\/www.rucashk.com\/wp-content\/uploads\/replace\/503b8e645f128a97ccde2b6290747646.jpeg","og:image:secure_url":"https:\/\/www.rucashk.com\/wp-content\/uploads\/replace\/503b8e645f128a97ccde2b6290747646.jpeg","og:image:width":1456,"og:image:height":816,"article:published_time":"2024-07-25T14:33:44+00:00","article:modified_time":"2024-07-25T14:33:51+00:00","twitter:card":"summary_large_image","twitter:title":"Xiaomi MIX Flip Portable Camera Set - Rucas - Wholesale and Distribution","twitter:description":"Mix Flip must be purchased separately to be able to combine it and the kit comes in purple and green. When the phone is paired with the portable camera kit, the Xiaomi MIX Flip it is done immediately a retro but at the same time a modern camera. The leather texture perfectly matches the phone's metal frame and large glass screen, and the leather strap makes it easy to carry.","twitter:image":"https:\/\/www.rucashk.com\/wp-content\/uploads\/replace\/503b8e645f128a97ccde2b6290747646.jpeg","schema":{"@context":"https:\/\/schema.org","@graph":[{"@type":"BreadcrumbList","@id":"https:\/\/www.rucashk.com\/es\/producto\/xiaomi-mix-flip-portable-camera-set\/#breadcrumblist","itemListElement":[{"@type":"ListItem","@id":"https:\/\/www.rucashk.com\/es\/#listItem","position":1,"name":"Home","item":"https:\/\/www.rucashk.com\/es\/","nextItem":"https:\/\/www.rucashk.com\/es\/producto\/xiaomi-mix-flip-portable-camera-set\/#listItem"},{"@type":"ListItem","@id":"https:\/\/www.rucashk.com\/es\/producto\/xiaomi-mix-flip-portable-camera-set\/#listItem","position":2,"name":"Xiaomi MIX Flip Portable Camera Set","previousItem":"https:\/\/www.rucashk.com\/es\/#listItem"}]},{"@type":"Organization","@id":"https:\/\/www.rucashk.com\/es\/#organization","name":"Rucas","url":"https:\/\/www.rucashk.com\/es\/","logo":{"@type":"ImageObject","url":"https:\/\/www.rucashk.com\/wp-content\/uploads\/2023\/12\/Rucas_campany_logo.png","@id":"https:\/\/www.rucashk.com\/es\/producto\/xiaomi-mix-flip-portable-camera-set\/#organizationLogo","width":221,"height":65},"image":{"@id":"https:\/\/www.rucashk.com\/es\/#organizationLogo"}},{"@type":"Person","@id":"https:\/\/www.rucashk.com\/es\/author\/admin\/#author","url":"https:\/\/www.rucashk.com\/es\/author\/admin\/","name":"admin","image":{"@type":"ImageObject","@id":"https:\/\/www.rucashk.com\/es\/producto\/xiaomi-mix-flip-portable-camera-set\/#authorImage","url":"https:\/\/secure.gravatar.com\/avatar\/b7c8925b09a27e72b30232f8ecaadbd5af0f70a38c78096863fe51b64f031c24?s=96&d=mm&r=g","width":96,"height":96,"caption":"admin"}},{"@type":"WebPage","@id":"https:\/\/www.rucashk.com\/es\/producto\/xiaomi-mix-flip-portable-camera-set\/#webpage","url":"https:\/\/www.rucashk.com\/es\/producto\/xiaomi-mix-flip-portable-camera-set\/","name":"Xiaomi MIX Flip Portable Camera Set - Rucas - Wholesale and Distribution","description":"Mix Flip must be purchased separately to be able to combine it and the kit comes in purple and green. When the phone is paired with the portable camera kit, the Xiaomi MIX Flip it is done immediately a retro but at the same time a modern camera. The leather texture perfectly matches the phone's metal frame and large glass screen, and the leather strap makes it easy to carry.","inLanguage":"es-ES","isPartOf":{"@id":"https:\/\/www.rucashk.com\/es\/#website"},"breadcrumb":{"@id":"https:\/\/www.rucashk.com\/es\/producto\/xiaomi-mix-flip-portable-camera-set\/#breadcrumblist"},"author":{"@id":"https:\/\/www.rucashk.com\/es\/author\/admin\/#author"},"creator":{"@id":"https:\/\/www.rucashk.com\/es\/author\/admin\/#author"},"image":{"@type":"ImageObject","url":"https:\/\/www.rucashk.com\/wp-content\/uploads\/2024\/07\/pms_172128367156095226.png","@id":"https:\/\/www.rucashk.com\/es\/producto\/xiaomi-mix-flip-portable-camera-set\/#mainImage","width":800,"height":800},"primaryImageOfPage":{"@id":"https:\/\/www.rucashk.com\/es\/producto\/xiaomi-mix-flip-portable-camera-set\/#mainImage"},"datePublished":"2024-07-25T14:33:44+00:00","dateModified":"2024-07-25T14:33:51+00:00"},{"@type":"WebSite","@id":"https:\/\/www.rucashk.com\/es\/#website","url":"https:\/\/www.rucashk.com\/es\/","name":"Rucas - Wholesale and distribution worldwide","alternateName":"Rucas - One-stop AIoT Distribution Worldwide","description":"One-stop AIoT Distribution Worldwide","inLanguage":"es-ES","publisher":{"@id":"https:\/\/www.rucashk.com\/es\/#organization"}}]}},"aioseo_meta_data":{"post_id":"41717","title":null,"description":null,"keywords":"[]","keyphrases":"{\"focus\":{\"keyphrase\":\"\",\"score\":0,\"analysis\":{\"keyphraseInTitle\":{\"score\":0,\"maxScore\":9,\"error\":1}}},\"additional\":[]}","primary_term":null,"canonical_url":null,"og_title":null,"og_description":null,"og_object_type":"default","og_image_type":"default","og_image_url":null,"og_image_width":null,"og_image_height":null,"og_image_custom_url":null,"og_image_custom_fields":null,"og_video":"","og_custom_url":null,"og_article_section":null,"og_article_tags":"[]","twitter_use_og":false,"twitter_card":"default","twitter_image_type":"default","twitter_image_url":null,"twitter_image_custom_url":null,"twitter_image_custom_fields":null,"twitter_title":null,"twitter_description":null,"schema":{"blockGraphs":[],"customGraphs":[],"default":{"data":{"Article":[],"Course":[],"Dataset":[],"FAQPage":[],"Movie":[],"Person":[],"Product":[],"Recipe":[],"Service":[],"SoftwareApplication":[],"WebPage":[]},"graphName":"Product","isEnabled":true},"graphs":[]},"schema_type":"default","schema_type_options":null,"pillar_content":false,"robots_default":true,"robots_noindex":false,"robots_noarchive":false,"robots_nosnippet":false,"robots_nofollow":false,"robots_noimageindex":false,"robots_noodp":false,"robots_notranslate":false,"robots_max_snippet":"-1","robots_max_videopreview":"-1","robots_max_imagepreview":"large","priority":null,"frequency":"default","local_seo":null,"breadcrumb_settings":null,"limit_modified_date":false,"created":"2024-07-25 14:16:52","updated":"2025-06-22 18:56:58"},"aioseo_breadcrumb":"<div class=\"aioseo-breadcrumbs\"><span class=\"aioseo-breadcrumb\">\n\t<a href=\"https:\/\/www.rucashk.com\/es\" title=\"Home\">Home<\/a>\n<\/span><span class=\"aioseo-breadcrumb-separator\">&raquo;<\/span><span class=\"aioseo-breadcrumb\">\n\t<a href=\"https:\/\/www.rucashk.com\/es\/products\/\" title=\"Productos\">Productos<\/a>\n<\/span><span class=\"aioseo-breadcrumb-separator\">&raquo;<\/span><span class=\"aioseo-breadcrumb\">\n\t<a href=\"https:\/\/www.rucashk.com\/es\/marca\/xiaomi\/\" title=\"Xiaomi\">Xiaomi<\/a>\n<\/span><span class=\"aioseo-breadcrumb-separator\">&raquo;<\/span><span class=\"aioseo-breadcrumb\">\n\tXiaomi MIX Flip Portable Camera Set\n<\/span><\/div>","aioseo_breadcrumb_json":[{"label":"Home","link":"https:\/\/www.rucashk.com\/es"},{"label":"Productos","link":"https:\/\/www.rucashk.com\/es\/products\/"},{"label":"Xiaomi","link":"https:\/\/www.rucashk.com\/es\/marca\/xiaomi\/"},{"label":"Xiaomi MIX Flip Portable Camera Set","link":"https:\/\/www.rucashk.com\/es\/producto\/xiaomi-mix-flip-portable-camera-set\/"}],"_links":{"self":[{"href":"https:\/\/www.rucashk.com\/es\/wp-json\/wp\/v2\/product\/41717","targetHints":{"allow":["GET"]}}],"collection":[{"href":"https:\/\/www.rucashk.com\/es\/wp-json\/wp\/v2\/product"}],"about":[{"href":"https:\/\/www.rucashk.com\/es\/wp-json\/wp\/v2\/types\/product"}],"wp:featuredmedia":[{"embeddable":true,"href":"https:\/\/www.rucashk.com\/es\/wp-json\/wp\/v2\/media\/41733"}],"wp:attachment":[{"href":"https:\/\/www.rucashk.com\/es\/wp-json\/wp\/v2\/media?parent=41717"}],"wp:term":[{"taxonomy":"product_brand","embeddable":true,"href":"https:\/\/www.rucashk.com\/es\/wp-json\/wp\/v2\/product_brand?post=41717"},{"taxonomy":"product_cat","embeddable":true,"href":"https:\/\/www.rucashk.com\/es\/wp-json\/wp\/v2\/product_cat?post=41717"},{"taxonomy":"product_tag","embeddable":true,"href":"https:\/\/www.rucashk.com\/es\/wp-json\/wp\/v2\/product_tag?post=41717"}],"curies":[{"name":"wp","href":"https:\/\/api.w.org\/{rel}","templated":true}]}}