{"id":41689,"date":"2024-07-25T13:51:50","date_gmt":"2024-07-25T13:51:50","guid":{"rendered":"https:\/\/www.rucashk.com\/?post_type=product&#038;p=41689"},"modified":"2024-07-25T13:51:55","modified_gmt":"2024-07-25T13:51:55","slug":"xiaomi-mix-flip-foldable-smartphone","status":"publish","type":"product","link":"https:\/\/www.rucashk.com\/es\/producto\/xiaomi-mix-flip-foldable-smartphone\/","title":{"rendered":"Xiaomi Mix Flip \u2013 Tel\u00e9fono inteligente plegable"},"content":{"rendered":"<figure id=\"attachment_41699\" aria-describedby=\"caption-attachment-41699\" style=\"width: 2550px\" class=\"wp-caption alignnone\"><img fetchpriority=\"high\" decoding=\"async\" class=\"size-full wp-image-41699\" src=\"\/wp-content\/uploads\/replace\/dabd0c9a4144240cd6e0c7883107193c.png\" alt=\"Xiaomi Mix Flip - Foldable Smartphone\" width=\"2550\" height=\"2692\" \/><figcaption id=\"caption-attachment-41699\" class=\"wp-caption-text\">#image_title<\/figcaption><\/figure>\n<figure id=\"attachment_41698\" aria-describedby=\"caption-attachment-41698\" style=\"width: 2550px\" class=\"wp-caption alignnone\"><img decoding=\"async\" class=\"size-full wp-image-41698\" src=\"\/wp-content\/uploads\/replace\/cefa4c2b0916028b36e6a20c21dbccdd.png\" alt=\"Xiaomi Mix Flip - Foldable Smartphone\" width=\"2550\" height=\"2520\" \/><figcaption id=\"caption-attachment-41698\" class=\"wp-caption-text\">#image_title<\/figcaption><\/figure>\n<figure id=\"attachment_41697\" aria-describedby=\"caption-attachment-41697\" style=\"width: 2550px\" class=\"wp-caption alignnone\"><img decoding=\"async\" class=\"size-full wp-image-41697\" src=\"\/wp-content\/uploads\/replace\/a327b755f57ff6a3469dc32fb47df8d5.png\" alt=\"Xiaomi Mix Flip - Foldable Smartphone\" width=\"2550\" height=\"2913\" \/><figcaption id=\"caption-attachment-41697\" class=\"wp-caption-text\">#image_title<\/figcaption><\/figure>\n<figure id=\"attachment_41696\" aria-describedby=\"caption-attachment-41696\" style=\"width: 2550px\" class=\"wp-caption alignnone\"><img loading=\"lazy\" decoding=\"async\" class=\"size-full wp-image-41696\" src=\"\/wp-content\/uploads\/replace\/51f66a0b1f46462019a1f717dd08792a.png\" alt=\"Xiaomi Mix Flip - Foldable Smartphone\" width=\"2550\" height=\"2616\" \/><figcaption id=\"caption-attachment-41696\" class=\"wp-caption-text\">#image_title<\/figcaption><\/figure>\n<figure id=\"attachment_41695\" aria-describedby=\"caption-attachment-41695\" style=\"width: 2550px\" class=\"wp-caption alignnone\"><img loading=\"lazy\" decoding=\"async\" class=\"size-full wp-image-41695\" src=\"\/wp-content\/uploads\/replace\/1204f9188211398c876f1eacc57ace25.png\" alt=\"Xiaomi Mix Flip - Foldable Smartphone\" width=\"2550\" height=\"2589\" \/><figcaption id=\"caption-attachment-41695\" class=\"wp-caption-text\">#image_title<\/figcaption><\/figure>\n<figure id=\"attachment_41694\" aria-describedby=\"caption-attachment-41694\" style=\"width: 2550px\" class=\"wp-caption alignnone\"><img loading=\"lazy\" decoding=\"async\" class=\"size-full wp-image-41694\" src=\"\/wp-content\/uploads\/replace\/154a5424bd3025010ab9a9299ff58da0.png\" alt=\"Xiaomi Mix Flip - Foldable Smartphone\" width=\"2550\" height=\"2460\" \/><figcaption id=\"caption-attachment-41694\" class=\"wp-caption-text\">#image_title<\/figcaption><\/figure>\n<figure id=\"attachment_41693\" aria-describedby=\"caption-attachment-41693\" style=\"width: 2550px\" class=\"wp-caption alignnone\"><img loading=\"lazy\" decoding=\"async\" class=\"size-full wp-image-41693\" src=\"\/wp-content\/uploads\/replace\/8a47e2a24fa427a438e52d2b67981b99.png\" alt=\"Xiaomi Mix Flip - Foldable Smartphone\" width=\"2550\" height=\"2821\" \/><figcaption id=\"caption-attachment-41693\" class=\"wp-caption-text\">#image_title<\/figcaption><\/figure>\n<figure id=\"attachment_41692\" aria-describedby=\"caption-attachment-41692\" style=\"width: 2550px\" class=\"wp-caption alignnone\"><img loading=\"lazy\" decoding=\"async\" class=\"size-full wp-image-41692\" src=\"\/wp-content\/uploads\/replace\/da4fd3d6998e9c55ae76e70ba6e407b4.png\" alt=\"Xiaomi Mix Flip - Foldable Smartphone\" width=\"2550\" height=\"1504\" \/><figcaption id=\"caption-attachment-41692\" class=\"wp-caption-text\">#image_title<\/figcaption><\/figure>\n<figure id=\"attachment_41691\" aria-describedby=\"caption-attachment-41691\" style=\"width: 2550px\" class=\"wp-caption alignnone\"><img loading=\"lazy\" decoding=\"async\" class=\"size-full wp-image-41691\" src=\"\/wp-content\/uploads\/replace\/705c48adc635eb160252b67819f521c0.png\" alt=\"Xiaomi Mix Flip - Foldable Smartphone\" width=\"2550\" height=\"2737\" \/><figcaption id=\"caption-attachment-41691\" class=\"wp-caption-text\">#image_title<\/figcaption><\/figure>\n<figure id=\"attachment_41690\" aria-describedby=\"caption-attachment-41690\" style=\"width: 2550px\" class=\"wp-caption alignnone\"><img loading=\"lazy\" decoding=\"async\" class=\"size-full wp-image-41690\" src=\"\/wp-content\/uploads\/replace\/5552519ae71096806936b086735d23e3.png\" alt=\"Xiaomi Mix Flip - Foldable Smartphone\" width=\"2550\" height=\"3036\" \/><figcaption id=\"caption-attachment-41690\" class=\"wp-caption-text\">#image_title<\/figcaption><\/figure>\n<p>Xiaomi MIX Fold 4 ha logrado varios avances tecnol\u00f3gicos en los procesos de fabricaci\u00f3n. El innovador dise\u00f1o de la placa base de tres capas y cinco superficies combinado con la tecnolog\u00eda de pulverizaci\u00f3n de esta\u00f1o de gran superficie logra una soldadura de alta precisi\u00f3n, lo que mejora significativamente la estabilidad y confiabilidad del circuito. Adem\u00e1s, por primera vez, la aplicaci\u00f3n de la tecnolog\u00eda de bater\u00eda con forma tridimensional y el proceso de apilamiento tridimensional utiliza un espacio irregular en el \u00e1rea de embalaje COP de la placa base, aumentando la capacidad de la bater\u00eda de 260 mAh a 5100 mAh. Estos procesos de fabricaci\u00f3n precisos hacen avanzar la tecnolog\u00eda de fabricaci\u00f3n y brindan a los usuarios una experiencia de mayor duraci\u00f3n de la bater\u00eda.<\/p>\n<p>Con la \u00faltima plataforma m\u00f3vil Snapdragon\u00ae 8 Gen 3 y un innovador sistema de enfriamiento 3D, el sistema de enfriamiento de gran \u00e1rea mide 11,912 mil\u00edmetros cuadrados.<\/p>\n<p>En t\u00e9rminos de bater\u00eda, la bater\u00eda de alta capacidad de 5100 mAh cuenta con tecnolog\u00eda de \u00e1nodo de silicio-carbono de nueva generaci\u00f3n, lo que mejora la densidad de energ\u00eda. El sistema de gesti\u00f3n de bater\u00eda Xiaomi Surge, de desarrollo propio, controla los procesos de carga y descarga, extendiendo de manera efectiva la vida \u00fatil de la bater\u00eda, mientras que la carga por cable de 67 W y la carga inal\u00e1mbrica de 50 W equilibran la carga r\u00e1pida con el estado de la bater\u00eda. El material luminoso E7 de nueva generaci\u00f3n y la tecnolog\u00eda Pol-less Plus ofrecen un bajo consumo de energ\u00eda por parte de la pantalla, lo que ayuda a los usuarios a aliviar la ansiedad por la bater\u00eda.<\/p>\n<p>Xiaomi MIX Fold 4 viene con dos pantallas insignia de primer nivel. La pantalla interna cuenta con un panel Samsung E7 LTPO de 7,98 pulgadas con una resoluci\u00f3n de 2488\u00d72244, compatible con una frecuencia de actualizaci\u00f3n adaptativa de 1-120 Hz y HDR10+ para efectos visuales incomparables. La pantalla exterior es un panel C8+ de 6,56 pulgadas con una resoluci\u00f3n de 2520\u00d71080, que tambi\u00e9n admite una alta frecuencia de actualizaci\u00f3n de 120 Hz y una pantalla con una gama de colores P3.<\/p>\n<p>Xiaomi MIX Fold 4 cuenta con un sistema \u00f3ptico de cuatro c\u00e1maras Leica que cubre todas las distancias focales. A pesar de que el dispositivo es m\u00e1s delgado y liviano, sus capacidades de generaci\u00f3n de im\u00e1genes se han mejorado significativamente. La c\u00e1mara principal utiliza un nuevo sensor de alto rango din\u00e1mico Light Fusion 800 de 50MP.<\/p>","protected":false},"excerpt":{"rendered":"<p>Xiaomi Mix Flip, un smartphone plegable que redefine los l\u00edmites de la tecnolog\u00eda y el dise\u00f1o. El Mix Flip no es solo un tel\u00e9fono, es una puerta de entrada a un mundo de posibilidades infinitas, que ofrece un rendimiento inigualable, funciones innovadoras y un formato que se adapta a tu estilo de vida.<\/p>","protected":false},"featured_media":41716,"template":"","meta":[],"product_brand":[1363],"product_cat":[1295,1296],"product_tag":[1137],"class_list":{"0":"post-41689","1":"product","2":"type-product","3":"status-publish","4":"has-post-thumbnail","6":"product_brand-xiaomi","7":"product_cat-mobile-phone","8":"product_cat-xiaomi-mobile-phone","9":"product_tag-smartphone","11":"first","12":"instock","13":"shipping-taxable","14":"product-type-simple"},"aioseo_notices":[],"aioseo_head":"\n\t\t<!-- All in One SEO Pro 4.5.9.2 - aioseo.com -->\n\t\t<meta name=\"description\" content=\"Xiaomi Mix Flip, a foldable smartphone that redefines the boundaries of technology and design. The Mix Flip is not just a phone; it&#039;s a gateway to a world of endless possibilities, offering unmatched performance, innovative features, and a form factor that adapts to your lifestyle.\" \/>\n\t\t<meta name=\"robots\" content=\"max-image-preview:large\" \/>\n\t\t<link rel=\"canonical\" href=\"https:\/\/www.rucashk.com\/es\/producto\/xiaomi-mix-flip-foldable-smartphone\/\" \/>\n\t\t<meta name=\"generator\" content=\"All in One SEO Pro (AIOSEO) 4.5.9.2\" \/>\n\t\t<meta property=\"og:locale\" content=\"es_ES\" \/>\n\t\t<meta property=\"og:site_name\" content=\"Rucas - One-stop AIoT Distribution Worldwide\" \/>\n\t\t<meta property=\"og:type\" content=\"article\" \/>\n\t\t<meta property=\"og:title\" content=\"Xiaomi Mix Flip \u2013 Foldable Smartphone - Rucas - Wholesale and Distribution\" \/>\n\t\t<meta property=\"og:description\" content=\"Xiaomi Mix Flip, a foldable smartphone that redefines the boundaries of technology and design. The Mix Flip is not just a phone; it&#039;s a gateway to a world of endless possibilities, offering unmatched performance, innovative features, and a form factor that adapts to your lifestyle.\" \/>\n\t\t<meta property=\"og:url\" content=\"https:\/\/www.rucashk.com\/es\/producto\/xiaomi-mix-flip-foldable-smartphone\/\" \/>\n\t\t<meta property=\"og:image\" content=\"https:\/\/www.rucashk.com\/wp-content\/uploads\/replace\/503b8e645f128a97ccde2b6290747646.jpeg\" \/>\n\t\t<meta property=\"og:image:secure_url\" content=\"https:\/\/www.rucashk.com\/wp-content\/uploads\/replace\/503b8e645f128a97ccde2b6290747646.jpeg\" \/>\n\t\t<meta property=\"og:image:width\" content=\"1456\" \/>\n\t\t<meta property=\"og:image:height\" content=\"816\" \/>\n\t\t<meta property=\"article:published_time\" content=\"2024-07-25T13:51:50+00:00\" \/>\n\t\t<meta property=\"article:modified_time\" content=\"2024-07-25T13:51:55+00:00\" \/>\n\t\t<meta name=\"twitter:card\" content=\"summary_large_image\" \/>\n\t\t<meta name=\"twitter:title\" content=\"Xiaomi Mix Flip \u2013 Foldable Smartphone - Rucas - Wholesale and Distribution\" \/>\n\t\t<meta name=\"twitter:description\" content=\"Xiaomi Mix Flip, a foldable smartphone that redefines the boundaries of technology and design. The Mix Flip is not just a phone; it&#039;s a gateway to a world of endless possibilities, offering unmatched performance, innovative features, and a form factor that adapts to your lifestyle.\" \/>\n\t\t<meta name=\"twitter:image\" content=\"https:\/\/www.rucashk.com\/wp-content\/uploads\/replace\/503b8e645f128a97ccde2b6290747646.jpeg\" \/>\n\t\t<script type=\"application\/ld+json\" class=\"aioseo-schema\">\n\t\t\t{\"@context\":\"https:\\\/\\\/schema.org\",\"@graph\":[{\"@type\":\"BreadcrumbList\",\"@id\":\"https:\\\/\\\/www.rucashk.com\\\/es\\\/producto\\\/xiaomi-mix-flip-foldable-smartphone\\\/#breadcrumblist\",\"itemListElement\":[{\"@type\":\"ListItem\",\"@id\":\"https:\\\/\\\/www.rucashk.com\\\/es\\\/#listItem\",\"position\":1,\"name\":\"Home\",\"item\":\"https:\\\/\\\/www.rucashk.com\\\/es\\\/\",\"nextItem\":\"https:\\\/\\\/www.rucashk.com\\\/es\\\/producto\\\/xiaomi-mix-flip-foldable-smartphone\\\/#listItem\"},{\"@type\":\"ListItem\",\"@id\":\"https:\\\/\\\/www.rucashk.com\\\/es\\\/producto\\\/xiaomi-mix-flip-foldable-smartphone\\\/#listItem\",\"position\":2,\"name\":\"Xiaomi Mix Flip - Foldable Smartphone\",\"previousItem\":\"https:\\\/\\\/www.rucashk.com\\\/es\\\/#listItem\"}]},{\"@type\":\"Organization\",\"@id\":\"https:\\\/\\\/www.rucashk.com\\\/es\\\/#organization\",\"name\":\"Rucas\",\"url\":\"https:\\\/\\\/www.rucashk.com\\\/es\\\/\",\"logo\":{\"@type\":\"ImageObject\",\"url\":\"https:\\\/\\\/www.rucashk.com\\\/wp-content\\\/uploads\\\/2023\\\/12\\\/Rucas_campany_logo.png\",\"@id\":\"https:\\\/\\\/www.rucashk.com\\\/es\\\/producto\\\/xiaomi-mix-flip-foldable-smartphone\\\/#organizationLogo\",\"width\":221,\"height\":65},\"image\":{\"@id\":\"https:\\\/\\\/www.rucashk.com\\\/es\\\/#organizationLogo\"}},{\"@type\":\"Person\",\"@id\":\"https:\\\/\\\/www.rucashk.com\\\/es\\\/author\\\/admin\\\/#author\",\"url\":\"https:\\\/\\\/www.rucashk.com\\\/es\\\/author\\\/admin\\\/\",\"name\":\"admin\",\"image\":{\"@type\":\"ImageObject\",\"@id\":\"https:\\\/\\\/www.rucashk.com\\\/es\\\/producto\\\/xiaomi-mix-flip-foldable-smartphone\\\/#authorImage\",\"url\":\"https:\\\/\\\/secure.gravatar.com\\\/avatar\\\/b7c8925b09a27e72b30232f8ecaadbd5af0f70a38c78096863fe51b64f031c24?s=96&d=mm&r=g\",\"width\":96,\"height\":96,\"caption\":\"admin\"}},{\"@type\":\"WebPage\",\"@id\":\"https:\\\/\\\/www.rucashk.com\\\/es\\\/producto\\\/xiaomi-mix-flip-foldable-smartphone\\\/#webpage\",\"url\":\"https:\\\/\\\/www.rucashk.com\\\/es\\\/producto\\\/xiaomi-mix-flip-foldable-smartphone\\\/\",\"name\":\"Xiaomi Mix Flip \\u2013 Foldable Smartphone - Rucas - Wholesale and Distribution\",\"description\":\"Xiaomi Mix Flip, a foldable smartphone that redefines the boundaries of technology and design. The Mix Flip is not just a phone; it's a gateway to a world of endless possibilities, offering unmatched performance, innovative features, and a form factor that adapts to your lifestyle.\",\"inLanguage\":\"es-ES\",\"isPartOf\":{\"@id\":\"https:\\\/\\\/www.rucashk.com\\\/es\\\/#website\"},\"breadcrumb\":{\"@id\":\"https:\\\/\\\/www.rucashk.com\\\/es\\\/producto\\\/xiaomi-mix-flip-foldable-smartphone\\\/#breadcrumblist\"},\"author\":{\"@id\":\"https:\\\/\\\/www.rucashk.com\\\/es\\\/author\\\/admin\\\/#author\"},\"creator\":{\"@id\":\"https:\\\/\\\/www.rucashk.com\\\/es\\\/author\\\/admin\\\/#author\"},\"image\":{\"@type\":\"ImageObject\",\"url\":\"https:\\\/\\\/www.rucashk.com\\\/wp-content\\\/uploads\\\/2024\\\/07\\\/xiaomi-mix-flip-12gb256gb.webp\",\"@id\":\"https:\\\/\\\/www.rucashk.com\\\/es\\\/producto\\\/xiaomi-mix-flip-foldable-smartphone\\\/#mainImage\",\"width\":600,\"height\":600},\"primaryImageOfPage\":{\"@id\":\"https:\\\/\\\/www.rucashk.com\\\/es\\\/producto\\\/xiaomi-mix-flip-foldable-smartphone\\\/#mainImage\"},\"datePublished\":\"2024-07-25T13:51:50+00:00\",\"dateModified\":\"2024-07-25T13:51:55+00:00\"},{\"@type\":\"WebSite\",\"@id\":\"https:\\\/\\\/www.rucashk.com\\\/es\\\/#website\",\"url\":\"https:\\\/\\\/www.rucashk.com\\\/es\\\/\",\"name\":\"Rucas - Wholesale and distribution worldwide\",\"alternateName\":\"Rucas - One-stop AIoT Distribution Worldwide\",\"description\":\"One-stop AIoT Distribution Worldwide\",\"inLanguage\":\"es-ES\",\"publisher\":{\"@id\":\"https:\\\/\\\/www.rucashk.com\\\/es\\\/#organization\"}}]}\n\t\t<\/script>\n\t\t<!-- All in One SEO Pro -->\r\n\t\t<title>Xiaomi Mix Flip \u2013 Foldable Smartphone - Rucas - Wholesale and Distribution<\/title>\n\n","aioseo_head_json":{"title":"Xiaomi Mix Flip \u2013 Foldable Smartphone - Rucas - Wholesale and Distribution","description":"Xiaomi Mix Flip, a foldable smartphone that redefines the boundaries of technology and design. The Mix Flip is not just a phone; it's a gateway to a world of endless possibilities, offering unmatched performance, innovative features, and a form factor that adapts to your lifestyle.","canonical_url":"https:\/\/www.rucashk.com\/es\/producto\/xiaomi-mix-flip-foldable-smartphone\/","robots":"max-image-preview:large","keywords":"","webmasterTools":{"miscellaneous":""},"og:locale":"es_ES","og:site_name":"Rucas - One-stop AIoT Distribution Worldwide","og:type":"article","og:title":"Xiaomi Mix Flip \u2013 Foldable Smartphone - Rucas - Wholesale and Distribution","og:description":"Xiaomi Mix Flip, a foldable smartphone that redefines the boundaries of technology and design. The Mix Flip is not just a phone; it's a gateway to a world of endless possibilities, offering unmatched performance, innovative features, and a form factor that adapts to your lifestyle.","og:url":"https:\/\/www.rucashk.com\/es\/producto\/xiaomi-mix-flip-foldable-smartphone\/","og:image":"https:\/\/www.rucashk.com\/wp-content\/uploads\/replace\/503b8e645f128a97ccde2b6290747646.jpeg","og:image:secure_url":"https:\/\/www.rucashk.com\/wp-content\/uploads\/replace\/503b8e645f128a97ccde2b6290747646.jpeg","og:image:width":1456,"og:image:height":816,"article:published_time":"2024-07-25T13:51:50+00:00","article:modified_time":"2024-07-25T13:51:55+00:00","twitter:card":"summary_large_image","twitter:title":"Xiaomi Mix Flip \u2013 Foldable Smartphone - Rucas - Wholesale and Distribution","twitter:description":"Xiaomi Mix Flip, a foldable smartphone that redefines the boundaries of technology and design. The Mix Flip is not just a phone; it's a gateway to a world of endless possibilities, offering unmatched performance, innovative features, and a form factor that adapts to your lifestyle.","twitter:image":"https:\/\/www.rucashk.com\/wp-content\/uploads\/replace\/503b8e645f128a97ccde2b6290747646.jpeg","schema":{"@context":"https:\/\/schema.org","@graph":[{"@type":"BreadcrumbList","@id":"https:\/\/www.rucashk.com\/es\/producto\/xiaomi-mix-flip-foldable-smartphone\/#breadcrumblist","itemListElement":[{"@type":"ListItem","@id":"https:\/\/www.rucashk.com\/es\/#listItem","position":1,"name":"Home","item":"https:\/\/www.rucashk.com\/es\/","nextItem":"https:\/\/www.rucashk.com\/es\/producto\/xiaomi-mix-flip-foldable-smartphone\/#listItem"},{"@type":"ListItem","@id":"https:\/\/www.rucashk.com\/es\/producto\/xiaomi-mix-flip-foldable-smartphone\/#listItem","position":2,"name":"Xiaomi Mix Flip - Foldable Smartphone","previousItem":"https:\/\/www.rucashk.com\/es\/#listItem"}]},{"@type":"Organization","@id":"https:\/\/www.rucashk.com\/es\/#organization","name":"Rucas","url":"https:\/\/www.rucashk.com\/es\/","logo":{"@type":"ImageObject","url":"https:\/\/www.rucashk.com\/wp-content\/uploads\/2023\/12\/Rucas_campany_logo.png","@id":"https:\/\/www.rucashk.com\/es\/producto\/xiaomi-mix-flip-foldable-smartphone\/#organizationLogo","width":221,"height":65},"image":{"@id":"https:\/\/www.rucashk.com\/es\/#organizationLogo"}},{"@type":"Person","@id":"https:\/\/www.rucashk.com\/es\/author\/admin\/#author","url":"https:\/\/www.rucashk.com\/es\/author\/admin\/","name":"admin","image":{"@type":"ImageObject","@id":"https:\/\/www.rucashk.com\/es\/producto\/xiaomi-mix-flip-foldable-smartphone\/#authorImage","url":"https:\/\/secure.gravatar.com\/avatar\/b7c8925b09a27e72b30232f8ecaadbd5af0f70a38c78096863fe51b64f031c24?s=96&d=mm&r=g","width":96,"height":96,"caption":"admin"}},{"@type":"WebPage","@id":"https:\/\/www.rucashk.com\/es\/producto\/xiaomi-mix-flip-foldable-smartphone\/#webpage","url":"https:\/\/www.rucashk.com\/es\/producto\/xiaomi-mix-flip-foldable-smartphone\/","name":"Xiaomi Mix Flip \u2013 Foldable Smartphone - Rucas - Wholesale and Distribution","description":"Xiaomi Mix Flip, a foldable smartphone that redefines the boundaries of technology and design. The Mix Flip is not just a phone; it's a gateway to a world of endless possibilities, offering unmatched performance, innovative features, and a form factor that adapts to your lifestyle.","inLanguage":"es-ES","isPartOf":{"@id":"https:\/\/www.rucashk.com\/es\/#website"},"breadcrumb":{"@id":"https:\/\/www.rucashk.com\/es\/producto\/xiaomi-mix-flip-foldable-smartphone\/#breadcrumblist"},"author":{"@id":"https:\/\/www.rucashk.com\/es\/author\/admin\/#author"},"creator":{"@id":"https:\/\/www.rucashk.com\/es\/author\/admin\/#author"},"image":{"@type":"ImageObject","url":"https:\/\/www.rucashk.com\/wp-content\/uploads\/2024\/07\/xiaomi-mix-flip-12gb256gb.webp","@id":"https:\/\/www.rucashk.com\/es\/producto\/xiaomi-mix-flip-foldable-smartphone\/#mainImage","width":600,"height":600},"primaryImageOfPage":{"@id":"https:\/\/www.rucashk.com\/es\/producto\/xiaomi-mix-flip-foldable-smartphone\/#mainImage"},"datePublished":"2024-07-25T13:51:50+00:00","dateModified":"2024-07-25T13:51:55+00:00"},{"@type":"WebSite","@id":"https:\/\/www.rucashk.com\/es\/#website","url":"https:\/\/www.rucashk.com\/es\/","name":"Rucas - Wholesale and distribution worldwide","alternateName":"Rucas - One-stop AIoT Distribution Worldwide","description":"One-stop AIoT Distribution Worldwide","inLanguage":"es-ES","publisher":{"@id":"https:\/\/www.rucashk.com\/es\/#organization"}}]}},"aioseo_meta_data":{"post_id":"41689","title":null,"description":null,"keywords":"[]","keyphrases":"{\"focus\":{\"keyphrase\":\"\",\"score\":0,\"analysis\":{\"keyphraseInTitle\":{\"score\":0,\"maxScore\":9,\"error\":1}}},\"additional\":[]}","primary_term":null,"canonical_url":null,"og_title":null,"og_description":null,"og_object_type":"default","og_image_type":"default","og_image_url":null,"og_image_width":null,"og_image_height":null,"og_image_custom_url":null,"og_image_custom_fields":null,"og_video":"","og_custom_url":null,"og_article_section":null,"og_article_tags":"[]","twitter_use_og":false,"twitter_card":"default","twitter_image_type":"default","twitter_image_url":null,"twitter_image_custom_url":null,"twitter_image_custom_fields":null,"twitter_title":null,"twitter_description":null,"schema":{"blockGraphs":[],"customGraphs":[],"default":{"data":{"Article":[],"Course":[],"Dataset":[],"FAQPage":[],"Movie":[],"Person":[],"Product":[],"Recipe":[],"Service":[],"SoftwareApplication":[],"WebPage":[]},"graphName":"Product","isEnabled":true},"graphs":[]},"schema_type":"default","schema_type_options":null,"pillar_content":false,"robots_default":true,"robots_noindex":false,"robots_noarchive":false,"robots_nosnippet":false,"robots_nofollow":false,"robots_noimageindex":false,"robots_noodp":false,"robots_notranslate":false,"robots_max_snippet":"-1","robots_max_videopreview":"-1","robots_max_imagepreview":"large","priority":null,"frequency":"default","local_seo":null,"breadcrumb_settings":null,"limit_modified_date":false,"created":"2024-07-25 13:45:27","updated":"2025-06-22 18:56:58"},"aioseo_breadcrumb":"<div class=\"aioseo-breadcrumbs\"><span class=\"aioseo-breadcrumb\">\n\t<a href=\"https:\/\/www.rucashk.com\/es\" title=\"Home\">Home<\/a>\n<\/span><span class=\"aioseo-breadcrumb-separator\">&raquo;<\/span><span class=\"aioseo-breadcrumb\">\n\t<a href=\"https:\/\/www.rucashk.com\/es\/products\/\" title=\"Productos\">Productos<\/a>\n<\/span><span class=\"aioseo-breadcrumb-separator\">&raquo;<\/span><span class=\"aioseo-breadcrumb\">\n\t<a href=\"https:\/\/www.rucashk.com\/es\/marca\/xiaomi\/\" title=\"Xiaomi\">Xiaomi<\/a>\n<\/span><span class=\"aioseo-breadcrumb-separator\">&raquo;<\/span><span class=\"aioseo-breadcrumb\">\n\tXiaomi Mix Flip \u2013 Foldable Smartphone\n<\/span><\/div>","aioseo_breadcrumb_json":[{"label":"Home","link":"https:\/\/www.rucashk.com\/es"},{"label":"Productos","link":"https:\/\/www.rucashk.com\/es\/products\/"},{"label":"Xiaomi","link":"https:\/\/www.rucashk.com\/es\/marca\/xiaomi\/"},{"label":"Xiaomi Mix Flip &#8211; Foldable Smartphone","link":"https:\/\/www.rucashk.com\/es\/producto\/xiaomi-mix-flip-foldable-smartphone\/"}],"_links":{"self":[{"href":"https:\/\/www.rucashk.com\/es\/wp-json\/wp\/v2\/product\/41689","targetHints":{"allow":["GET"]}}],"collection":[{"href":"https:\/\/www.rucashk.com\/es\/wp-json\/wp\/v2\/product"}],"about":[{"href":"https:\/\/www.rucashk.com\/es\/wp-json\/wp\/v2\/types\/product"}],"wp:featuredmedia":[{"embeddable":true,"href":"https:\/\/www.rucashk.com\/es\/wp-json\/wp\/v2\/media\/41716"}],"wp:attachment":[{"href":"https:\/\/www.rucashk.com\/es\/wp-json\/wp\/v2\/media?parent=41689"}],"wp:term":[{"taxonomy":"product_brand","embeddable":true,"href":"https:\/\/www.rucashk.com\/es\/wp-json\/wp\/v2\/product_brand?post=41689"},{"taxonomy":"product_cat","embeddable":true,"href":"https:\/\/www.rucashk.com\/es\/wp-json\/wp\/v2\/product_cat?post=41689"},{"taxonomy":"product_tag","embeddable":true,"href":"https:\/\/www.rucashk.com\/es\/wp-json\/wp\/v2\/product_tag?post=41689"}],"curies":[{"name":"wp","href":"https:\/\/api.w.org\/{rel}","templated":true}]}}