{"id":41679,"date":"2024-07-25T13:13:47","date_gmt":"2024-07-25T13:13:47","guid":{"rendered":"https:\/\/www.rucashk.com\/?post_type=product&#038;p=41679"},"modified":"2024-07-25T13:13:49","modified_gmt":"2024-07-25T13:13:49","slug":"redmi-buds-6-active-true-wireless-earbuds","status":"publish","type":"product","link":"https:\/\/www.rucashk.com\/es\/producto\/redmi-buds-6-active-true-wireless-earbuds\/","title":{"rendered":"Redmi Buds 6 Active: verdaderos auriculares inal\u00e1mbricos"},"content":{"rendered":"<figure id=\"attachment_41684\" aria-describedby=\"caption-attachment-41684\" style=\"width: 1902px\" class=\"wp-caption alignnone\"><img fetchpriority=\"high\" decoding=\"async\" class=\"size-full wp-image-41684\" src=\"\/wp-content\/uploads\/replace\/9d58301c00526a26310ed651b44a1ca1.png\" alt=\"Redmi Buds 6 Active - True Wireless Earbuds\" width=\"1902\" height=\"4388\" \/><figcaption id=\"caption-attachment-41684\" class=\"wp-caption-text\">#image_title<\/figcaption><\/figure>\n<p>&nbsp;<\/p>\n<figure id=\"attachment_41683\" aria-describedby=\"caption-attachment-41683\" style=\"width: 1902px\" class=\"wp-caption alignnone\"><img decoding=\"async\" class=\"size-full wp-image-41683\" src=\"\/wp-content\/uploads\/replace\/508d69e1a58d66ce41ecbe94e12aef11.png\" alt=\"Redmi Buds 6 Active - True Wireless Earbuds\" width=\"1902\" height=\"5576\" \/><figcaption id=\"caption-attachment-41683\" class=\"wp-caption-text\">Redmi Buds 6 Active, Xiaomi lanza unos auriculares intrauditivos especialmente asequibles y ligeros que encantar\u00e1n sobre todo a los cazadores de ofertas. Equipados con los \u00faltimos est\u00e1ndares, numerosas funciones de confort y una excelente mano de obra, estos peque\u00f1os auriculares son ideales para todos aquellos que tienen grandes exigencias pero un presupuesto reducido.\u00a0<\/figcaption><\/figure>\n<p>Teniendo en cuenta el bajo precio, los Redmi Buds 6 sorprenden con un sonido absolutamente logrado. Los controladores din\u00e1micos integrados de 14,2 mm prometen unos graves ricos y unos agudos claramente definidos. La certificaci\u00f3n NetEase Cloud Sound confirma la calidad de los auriculares internos. El sonido se puede ajustar mediante los cinco ecualizadores instalados de f\u00e1brica. Esto permite unos graves m\u00e1s fuertes, unos agudos m\u00e1s claros o simplemente un aumento de volumen.<\/p>\n<p>Los Redmi Buds 6 Active cuentan con un dise\u00f1o muy moderno y juvenil. Tanto el estuche como los propios auriculares est\u00e1n disponibles en blanco o azul. Gracias a su forma ergon\u00f3mica y a las puntas de silicona incluidas, los in-ear se adaptan perfectamente a cada o\u00eddo y no se caen durante el uso. Gracias a su forma compacta y su peso reducido, los auriculares son el compa\u00f1ero de viaje ideal. Los dispositivos se controlan mediante un control t\u00e1ctil directamente en los auriculares o mediante una aplicaci\u00f3n.<\/p>\n<p>Los auriculares se conectan mediante Bluetooth 5.4. Gracias a Quick Link, las peque\u00f1as maravillas sonoras se conectan en pocos segundos al dispositivo final deseado. Los micr\u00f3fonos incorporados permiten realizar llamadas telef\u00f3nicas. Gracias al dise\u00f1o de micr\u00f3fono dual y la cancelaci\u00f3n de ruido, tambi\u00e9n se pueden realizar llamadas en entornos ruidosos. Los auriculares ofrecen una duraci\u00f3n de bater\u00eda de unas 6 horas. El estuche incluido tambi\u00e9n sirve como banco de energ\u00eda y adaptador de carga. Estos asequibles auriculares internos se completan con la certificaci\u00f3n IPX4.<\/p>","protected":false},"excerpt":{"rendered":"<p>Redmi Buds 6 Activo con <strong>Controladores de 14,2 mm<\/strong>, certificaci\u00f3n NetEase Cloud Sound, ecualizadores preinstalados y\u00a0<strong>bluetooth 5.4<\/strong>, el\u00a0<strong>Redmi Buds 6 Activo<\/strong>\u00a0son el premio perfecto para los cazadores de gangas. Los verdaderos auriculares inal\u00e1mbricos prometen una duraci\u00f3n de bater\u00eda de aproximadamente<strong>\u00a06 horas<\/strong>. El estuche incluido sirve como estaci\u00f3n de carga y tiene un banco de energ\u00eda integrado. Los auriculares internos tienen\u00a0<strong>IPX4<\/strong>\u00a0certificaci\u00f3n y permiten llamadas telef\u00f3nicas sin interrupciones gracias al dise\u00f1o de micr\u00f3fono dual. Redmi Buds 6 Active, Xiaomi lanza unos auriculares intrauditivos especialmente asequibles y ligeros que har\u00e1n las delicias de los cazadores de gangas en particular. Equipados con los \u00faltimos est\u00e1ndares, numerosas funciones de confort y un excelente acabado, estos peque\u00f1os auriculares son ideales para todos aquellos que tienen grandes exigencias pero un presupuesto reducido. \u00a1Haga su pedido ahora en TradingShenzhen al mejor precio!<\/p>","protected":false},"featured_media":41688,"template":"","meta":[],"product_brand":[1363],"product_cat":[1306,1305],"product_tag":[463,1170],"class_list":{"0":"post-41679","1":"product","2":"type-product","3":"status-publish","4":"has-post-thumbnail","6":"product_brand-xiaomi","7":"product_cat-mi-redmi-earphone","8":"product_cat-xiaomi-eco","9":"product_tag-earbuds","10":"product_tag-earphone","12":"first","13":"instock","14":"shipping-taxable","15":"product-type-simple"},"aioseo_notices":[],"aioseo_head":"\n\t\t<!-- All in One SEO Pro 4.5.9.2 - aioseo.com -->\n\t\t<meta name=\"description\" content=\"Redmi Buds 6 Active with 14.2 mm drivers, NetEase Cloud Sound certification, pre-installed equalisers and Bluetooth 5.4, the Redmi Buds 6 Active are the perfect prize for bargain hunters. The true wireless headphones promise a battery life of around 6 hours. The included case serves as a charging station and has an integrated power bank. The in-ear headphones have IPX4 certification and allow undisturbed phone calls thanks to the dual microphone design.Redmi Buds 6 Active, Xiaomi is launching particularly affordable and lightweight in-ear headphones that will delight bargain hunters in particular. Equipped with the latest standards, numerous comfort features and outstanding workmanship, the small headphones are ideal for all those who have high demands but a small budget. Order now from TradingShenzhen at the best price!\" \/>\n\t\t<meta name=\"robots\" content=\"max-image-preview:large\" \/>\n\t\t<link rel=\"canonical\" href=\"https:\/\/www.rucashk.com\/es\/producto\/redmi-buds-6-active-true-wireless-earbuds\/\" \/>\n\t\t<meta name=\"generator\" content=\"All in One SEO Pro (AIOSEO) 4.5.9.2\" \/>\n\t\t<meta property=\"og:locale\" content=\"es_ES\" \/>\n\t\t<meta property=\"og:site_name\" content=\"Rucas - One-stop AIoT Distribution Worldwide\" \/>\n\t\t<meta property=\"og:type\" content=\"article\" \/>\n\t\t<meta property=\"og:title\" content=\"Redmi Buds 6 Active \u2013 True Wireless Earbuds - Rucas - Wholesale and Distribution\" \/>\n\t\t<meta property=\"og:description\" content=\"Redmi Buds 6 Active with 14.2 mm drivers, NetEase Cloud Sound certification, pre-installed equalisers and Bluetooth 5.4, the Redmi Buds 6 Active are the perfect prize for bargain hunters. The true wireless headphones promise a battery life of around 6 hours. The included case serves as a charging station and has an integrated power bank. The in-ear headphones have IPX4 certification and allow undisturbed phone calls thanks to the dual microphone design.Redmi Buds 6 Active, Xiaomi is launching particularly affordable and lightweight in-ear headphones that will delight bargain hunters in particular. Equipped with the latest standards, numerous comfort features and outstanding workmanship, the small headphones are ideal for all those who have high demands but a small budget. Order now from TradingShenzhen at the best price!\" \/>\n\t\t<meta property=\"og:url\" content=\"https:\/\/www.rucashk.com\/es\/producto\/redmi-buds-6-active-true-wireless-earbuds\/\" \/>\n\t\t<meta property=\"og:image\" content=\"https:\/\/www.rucashk.com\/wp-content\/uploads\/replace\/503b8e645f128a97ccde2b6290747646.jpeg\" \/>\n\t\t<meta property=\"og:image:secure_url\" content=\"https:\/\/www.rucashk.com\/wp-content\/uploads\/replace\/503b8e645f128a97ccde2b6290747646.jpeg\" \/>\n\t\t<meta property=\"og:image:width\" content=\"1456\" \/>\n\t\t<meta property=\"og:image:height\" content=\"816\" \/>\n\t\t<meta property=\"article:published_time\" content=\"2024-07-25T13:13:47+00:00\" \/>\n\t\t<meta property=\"article:modified_time\" content=\"2024-07-25T13:13:49+00:00\" \/>\n\t\t<meta name=\"twitter:card\" content=\"summary_large_image\" \/>\n\t\t<meta name=\"twitter:title\" content=\"Redmi Buds 6 Active \u2013 True Wireless Earbuds - Rucas - Wholesale and Distribution\" \/>\n\t\t<meta name=\"twitter:description\" content=\"Redmi Buds 6 Active with 14.2 mm drivers, NetEase Cloud Sound certification, pre-installed equalisers and Bluetooth 5.4, the Redmi Buds 6 Active are the perfect prize for bargain hunters. The true wireless headphones promise a battery life of around 6 hours. The included case serves as a charging station and has an integrated power bank. The in-ear headphones have IPX4 certification and allow undisturbed phone calls thanks to the dual microphone design.Redmi Buds 6 Active, Xiaomi is launching particularly affordable and lightweight in-ear headphones that will delight bargain hunters in particular. Equipped with the latest standards, numerous comfort features and outstanding workmanship, the small headphones are ideal for all those who have high demands but a small budget. Order now from TradingShenzhen at the best price!\" \/>\n\t\t<meta name=\"twitter:image\" content=\"https:\/\/www.rucashk.com\/wp-content\/uploads\/replace\/503b8e645f128a97ccde2b6290747646.jpeg\" \/>\n\t\t<script type=\"application\/ld+json\" class=\"aioseo-schema\">\n\t\t\t{\"@context\":\"https:\\\/\\\/schema.org\",\"@graph\":[{\"@type\":\"BreadcrumbList\",\"@id\":\"https:\\\/\\\/www.rucashk.com\\\/es\\\/producto\\\/redmi-buds-6-active-true-wireless-earbuds\\\/#breadcrumblist\",\"itemListElement\":[{\"@type\":\"ListItem\",\"@id\":\"https:\\\/\\\/www.rucashk.com\\\/es\\\/#listItem\",\"position\":1,\"name\":\"Home\",\"item\":\"https:\\\/\\\/www.rucashk.com\\\/es\\\/\",\"nextItem\":\"https:\\\/\\\/www.rucashk.com\\\/es\\\/producto\\\/redmi-buds-6-active-true-wireless-earbuds\\\/#listItem\"},{\"@type\":\"ListItem\",\"@id\":\"https:\\\/\\\/www.rucashk.com\\\/es\\\/producto\\\/redmi-buds-6-active-true-wireless-earbuds\\\/#listItem\",\"position\":2,\"name\":\"Redmi Buds 6 Active - True Wireless Earbuds\",\"previousItem\":\"https:\\\/\\\/www.rucashk.com\\\/es\\\/#listItem\"}]},{\"@type\":\"Organization\",\"@id\":\"https:\\\/\\\/www.rucashk.com\\\/es\\\/#organization\",\"name\":\"Rucas\",\"url\":\"https:\\\/\\\/www.rucashk.com\\\/es\\\/\",\"logo\":{\"@type\":\"ImageObject\",\"url\":\"https:\\\/\\\/www.rucashk.com\\\/wp-content\\\/uploads\\\/2023\\\/12\\\/Rucas_campany_logo.png\",\"@id\":\"https:\\\/\\\/www.rucashk.com\\\/es\\\/producto\\\/redmi-buds-6-active-true-wireless-earbuds\\\/#organizationLogo\",\"width\":221,\"height\":65},\"image\":{\"@id\":\"https:\\\/\\\/www.rucashk.com\\\/es\\\/#organizationLogo\"}},{\"@type\":\"Person\",\"@id\":\"https:\\\/\\\/www.rucashk.com\\\/es\\\/author\\\/admin\\\/#author\",\"url\":\"https:\\\/\\\/www.rucashk.com\\\/es\\\/author\\\/admin\\\/\",\"name\":\"admin\",\"image\":{\"@type\":\"ImageObject\",\"@id\":\"https:\\\/\\\/www.rucashk.com\\\/es\\\/producto\\\/redmi-buds-6-active-true-wireless-earbuds\\\/#authorImage\",\"url\":\"https:\\\/\\\/secure.gravatar.com\\\/avatar\\\/b7c8925b09a27e72b30232f8ecaadbd5af0f70a38c78096863fe51b64f031c24?s=96&d=mm&r=g\",\"width\":96,\"height\":96,\"caption\":\"admin\"}},{\"@type\":\"WebPage\",\"@id\":\"https:\\\/\\\/www.rucashk.com\\\/es\\\/producto\\\/redmi-buds-6-active-true-wireless-earbuds\\\/#webpage\",\"url\":\"https:\\\/\\\/www.rucashk.com\\\/es\\\/producto\\\/redmi-buds-6-active-true-wireless-earbuds\\\/\",\"name\":\"Redmi Buds 6 Active \\u2013 True Wireless Earbuds - Rucas - Wholesale and Distribution\",\"description\":\"Redmi Buds 6 Active with 14.2 mm drivers, NetEase Cloud Sound certification, pre-installed equalisers and Bluetooth 5.4, the Redmi Buds 6 Active are the perfect prize for bargain hunters. The true wireless headphones promise a battery life of around 6 hours. The included case serves as a charging station and has an integrated power bank. The in-ear headphones have IPX4 certification and allow undisturbed phone calls thanks to the dual microphone design.Redmi Buds 6 Active, Xiaomi is launching particularly affordable and lightweight in-ear headphones that will delight bargain hunters in particular. Equipped with the latest standards, numerous comfort features and outstanding workmanship, the small headphones are ideal for all those who have high demands but a small budget. Order now from TradingShenzhen at the best price!\",\"inLanguage\":\"es-ES\",\"isPartOf\":{\"@id\":\"https:\\\/\\\/www.rucashk.com\\\/es\\\/#website\"},\"breadcrumb\":{\"@id\":\"https:\\\/\\\/www.rucashk.com\\\/es\\\/producto\\\/redmi-buds-6-active-true-wireless-earbuds\\\/#breadcrumblist\"},\"author\":{\"@id\":\"https:\\\/\\\/www.rucashk.com\\\/es\\\/author\\\/admin\\\/#author\"},\"creator\":{\"@id\":\"https:\\\/\\\/www.rucashk.com\\\/es\\\/author\\\/admin\\\/#author\"},\"image\":{\"@type\":\"ImageObject\",\"url\":\"https:\\\/\\\/www.rucashk.com\\\/wp-content\\\/uploads\\\/2024\\\/07\\\/redmi-buds-6-active.webp\",\"@id\":\"https:\\\/\\\/www.rucashk.com\\\/es\\\/producto\\\/redmi-buds-6-active-true-wireless-earbuds\\\/#mainImage\",\"width\":600,\"height\":600},\"primaryImageOfPage\":{\"@id\":\"https:\\\/\\\/www.rucashk.com\\\/es\\\/producto\\\/redmi-buds-6-active-true-wireless-earbuds\\\/#mainImage\"},\"datePublished\":\"2024-07-25T13:13:47+00:00\",\"dateModified\":\"2024-07-25T13:13:49+00:00\"},{\"@type\":\"WebSite\",\"@id\":\"https:\\\/\\\/www.rucashk.com\\\/es\\\/#website\",\"url\":\"https:\\\/\\\/www.rucashk.com\\\/es\\\/\",\"name\":\"Rucas - Wholesale and distribution worldwide\",\"alternateName\":\"Rucas - One-stop AIoT Distribution Worldwide\",\"description\":\"One-stop AIoT Distribution Worldwide\",\"inLanguage\":\"es-ES\",\"publisher\":{\"@id\":\"https:\\\/\\\/www.rucashk.com\\\/es\\\/#organization\"}}]}\n\t\t<\/script>\n\t\t<!-- All in One SEO Pro -->\r\n\t\t<title>Redmi Buds 6 Active \u2013 True Wireless Earbuds - Rucas - Wholesale and Distribution<\/title>\n\n","aioseo_head_json":{"title":"Redmi Buds 6 Active \u2013 True Wireless Earbuds - Rucas - Wholesale and Distribution","description":"Redmi Buds 6 Active with 14.2 mm drivers, NetEase Cloud Sound certification, pre-installed equalisers and Bluetooth 5.4, the Redmi Buds 6 Active are the perfect prize for bargain hunters. The true wireless headphones promise a battery life of around 6 hours. The included case serves as a charging station and has an integrated power bank. The in-ear headphones have IPX4 certification and allow undisturbed phone calls thanks to the dual microphone design.Redmi Buds 6 Active, Xiaomi is launching particularly affordable and lightweight in-ear headphones that will delight bargain hunters in particular. Equipped with the latest standards, numerous comfort features and outstanding workmanship, the small headphones are ideal for all those who have high demands but a small budget. Order now from TradingShenzhen at the best price!","canonical_url":"https:\/\/www.rucashk.com\/es\/producto\/redmi-buds-6-active-true-wireless-earbuds\/","robots":"max-image-preview:large","keywords":"","webmasterTools":{"miscellaneous":""},"og:locale":"es_ES","og:site_name":"Rucas - One-stop AIoT Distribution Worldwide","og:type":"article","og:title":"Redmi Buds 6 Active \u2013 True Wireless Earbuds - Rucas - Wholesale and Distribution","og:description":"Redmi Buds 6 Active with 14.2 mm drivers, NetEase Cloud Sound certification, pre-installed equalisers and Bluetooth 5.4, the Redmi Buds 6 Active are the perfect prize for bargain hunters. The true wireless headphones promise a battery life of around 6 hours. The included case serves as a charging station and has an integrated power bank. The in-ear headphones have IPX4 certification and allow undisturbed phone calls thanks to the dual microphone design.Redmi Buds 6 Active, Xiaomi is launching particularly affordable and lightweight in-ear headphones that will delight bargain hunters in particular. Equipped with the latest standards, numerous comfort features and outstanding workmanship, the small headphones are ideal for all those who have high demands but a small budget. Order now from TradingShenzhen at the best price!","og:url":"https:\/\/www.rucashk.com\/es\/producto\/redmi-buds-6-active-true-wireless-earbuds\/","og:image":"https:\/\/www.rucashk.com\/wp-content\/uploads\/replace\/503b8e645f128a97ccde2b6290747646.jpeg","og:image:secure_url":"https:\/\/www.rucashk.com\/wp-content\/uploads\/replace\/503b8e645f128a97ccde2b6290747646.jpeg","og:image:width":1456,"og:image:height":816,"article:published_time":"2024-07-25T13:13:47+00:00","article:modified_time":"2024-07-25T13:13:49+00:00","twitter:card":"summary_large_image","twitter:title":"Redmi Buds 6 Active \u2013 True Wireless Earbuds - Rucas - Wholesale and Distribution","twitter:description":"Redmi Buds 6 Active with 14.2 mm drivers, NetEase Cloud Sound certification, pre-installed equalisers and Bluetooth 5.4, the Redmi Buds 6 Active are the perfect prize for bargain hunters. The true wireless headphones promise a battery life of around 6 hours. The included case serves as a charging station and has an integrated power bank. The in-ear headphones have IPX4 certification and allow undisturbed phone calls thanks to the dual microphone design.Redmi Buds 6 Active, Xiaomi is launching particularly affordable and lightweight in-ear headphones that will delight bargain hunters in particular. Equipped with the latest standards, numerous comfort features and outstanding workmanship, the small headphones are ideal for all those who have high demands but a small budget. Order now from TradingShenzhen at the best price!","twitter:image":"https:\/\/www.rucashk.com\/wp-content\/uploads\/replace\/503b8e645f128a97ccde2b6290747646.jpeg","schema":{"@context":"https:\/\/schema.org","@graph":[{"@type":"BreadcrumbList","@id":"https:\/\/www.rucashk.com\/es\/producto\/redmi-buds-6-active-true-wireless-earbuds\/#breadcrumblist","itemListElement":[{"@type":"ListItem","@id":"https:\/\/www.rucashk.com\/es\/#listItem","position":1,"name":"Home","item":"https:\/\/www.rucashk.com\/es\/","nextItem":"https:\/\/www.rucashk.com\/es\/producto\/redmi-buds-6-active-true-wireless-earbuds\/#listItem"},{"@type":"ListItem","@id":"https:\/\/www.rucashk.com\/es\/producto\/redmi-buds-6-active-true-wireless-earbuds\/#listItem","position":2,"name":"Redmi Buds 6 Active - True Wireless Earbuds","previousItem":"https:\/\/www.rucashk.com\/es\/#listItem"}]},{"@type":"Organization","@id":"https:\/\/www.rucashk.com\/es\/#organization","name":"Rucas","url":"https:\/\/www.rucashk.com\/es\/","logo":{"@type":"ImageObject","url":"https:\/\/www.rucashk.com\/wp-content\/uploads\/2023\/12\/Rucas_campany_logo.png","@id":"https:\/\/www.rucashk.com\/es\/producto\/redmi-buds-6-active-true-wireless-earbuds\/#organizationLogo","width":221,"height":65},"image":{"@id":"https:\/\/www.rucashk.com\/es\/#organizationLogo"}},{"@type":"Person","@id":"https:\/\/www.rucashk.com\/es\/author\/admin\/#author","url":"https:\/\/www.rucashk.com\/es\/author\/admin\/","name":"admin","image":{"@type":"ImageObject","@id":"https:\/\/www.rucashk.com\/es\/producto\/redmi-buds-6-active-true-wireless-earbuds\/#authorImage","url":"https:\/\/secure.gravatar.com\/avatar\/b7c8925b09a27e72b30232f8ecaadbd5af0f70a38c78096863fe51b64f031c24?s=96&d=mm&r=g","width":96,"height":96,"caption":"admin"}},{"@type":"WebPage","@id":"https:\/\/www.rucashk.com\/es\/producto\/redmi-buds-6-active-true-wireless-earbuds\/#webpage","url":"https:\/\/www.rucashk.com\/es\/producto\/redmi-buds-6-active-true-wireless-earbuds\/","name":"Redmi Buds 6 Active \u2013 True Wireless Earbuds - Rucas - Wholesale and Distribution","description":"Redmi Buds 6 Active with 14.2 mm drivers, NetEase Cloud Sound certification, pre-installed equalisers and Bluetooth 5.4, the Redmi Buds 6 Active are the perfect prize for bargain hunters. The true wireless headphones promise a battery life of around 6 hours. The included case serves as a charging station and has an integrated power bank. The in-ear headphones have IPX4 certification and allow undisturbed phone calls thanks to the dual microphone design.Redmi Buds 6 Active, Xiaomi is launching particularly affordable and lightweight in-ear headphones that will delight bargain hunters in particular. Equipped with the latest standards, numerous comfort features and outstanding workmanship, the small headphones are ideal for all those who have high demands but a small budget. Order now from TradingShenzhen at the best price!","inLanguage":"es-ES","isPartOf":{"@id":"https:\/\/www.rucashk.com\/es\/#website"},"breadcrumb":{"@id":"https:\/\/www.rucashk.com\/es\/producto\/redmi-buds-6-active-true-wireless-earbuds\/#breadcrumblist"},"author":{"@id":"https:\/\/www.rucashk.com\/es\/author\/admin\/#author"},"creator":{"@id":"https:\/\/www.rucashk.com\/es\/author\/admin\/#author"},"image":{"@type":"ImageObject","url":"https:\/\/www.rucashk.com\/wp-content\/uploads\/2024\/07\/redmi-buds-6-active.webp","@id":"https:\/\/www.rucashk.com\/es\/producto\/redmi-buds-6-active-true-wireless-earbuds\/#mainImage","width":600,"height":600},"primaryImageOfPage":{"@id":"https:\/\/www.rucashk.com\/es\/producto\/redmi-buds-6-active-true-wireless-earbuds\/#mainImage"},"datePublished":"2024-07-25T13:13:47+00:00","dateModified":"2024-07-25T13:13:49+00:00"},{"@type":"WebSite","@id":"https:\/\/www.rucashk.com\/es\/#website","url":"https:\/\/www.rucashk.com\/es\/","name":"Rucas - Wholesale and distribution worldwide","alternateName":"Rucas - One-stop AIoT Distribution Worldwide","description":"One-stop AIoT Distribution Worldwide","inLanguage":"es-ES","publisher":{"@id":"https:\/\/www.rucashk.com\/es\/#organization"}}]}},"aioseo_meta_data":{"post_id":"41679","title":null,"description":null,"keywords":"[]","keyphrases":"{\"focus\":{\"keyphrase\":\"\",\"score\":0,\"analysis\":{\"keyphraseInTitle\":{\"score\":0,\"maxScore\":9,\"error\":1}}},\"additional\":[]}","primary_term":null,"canonical_url":null,"og_title":null,"og_description":null,"og_object_type":"default","og_image_type":"default","og_image_url":null,"og_image_width":null,"og_image_height":null,"og_image_custom_url":null,"og_image_custom_fields":null,"og_video":"","og_custom_url":null,"og_article_section":null,"og_article_tags":"[]","twitter_use_og":false,"twitter_card":"default","twitter_image_type":"default","twitter_image_url":null,"twitter_image_custom_url":null,"twitter_image_custom_fields":null,"twitter_title":null,"twitter_description":null,"schema":{"blockGraphs":[],"customGraphs":[],"default":{"data":{"Article":[],"Course":[],"Dataset":[],"FAQPage":[],"Movie":[],"Person":[],"Product":[],"Recipe":[],"Service":[],"SoftwareApplication":[],"WebPage":[]},"graphName":"Product","isEnabled":true},"graphs":[]},"schema_type":"default","schema_type_options":null,"pillar_content":false,"robots_default":true,"robots_noindex":false,"robots_noarchive":false,"robots_nosnippet":false,"robots_nofollow":false,"robots_noimageindex":false,"robots_noodp":false,"robots_notranslate":false,"robots_max_snippet":"-1","robots_max_videopreview":"-1","robots_max_imagepreview":"large","priority":null,"frequency":"default","local_seo":null,"breadcrumb_settings":null,"limit_modified_date":false,"created":"2024-07-25 12:59:07","updated":"2025-06-22 18:56:57"},"aioseo_breadcrumb":"<div class=\"aioseo-breadcrumbs\"><span class=\"aioseo-breadcrumb\">\n\t<a href=\"https:\/\/www.rucashk.com\/es\" title=\"Home\">Home<\/a>\n<\/span><span class=\"aioseo-breadcrumb-separator\">&raquo;<\/span><span class=\"aioseo-breadcrumb\">\n\t<a href=\"https:\/\/www.rucashk.com\/es\/products\/\" title=\"Productos\">Productos<\/a>\n<\/span><span class=\"aioseo-breadcrumb-separator\">&raquo;<\/span><span class=\"aioseo-breadcrumb\">\n\t<a href=\"https:\/\/www.rucashk.com\/es\/marca\/xiaomi\/\" title=\"Xiaomi\">Xiaomi<\/a>\n<\/span><span class=\"aioseo-breadcrumb-separator\">&raquo;<\/span><span class=\"aioseo-breadcrumb\">\n\tRedmi Buds 6 Active \u2013 True Wireless Earbuds\n<\/span><\/div>","aioseo_breadcrumb_json":[{"label":"Home","link":"https:\/\/www.rucashk.com\/es"},{"label":"Productos","link":"https:\/\/www.rucashk.com\/es\/products\/"},{"label":"Xiaomi","link":"https:\/\/www.rucashk.com\/es\/marca\/xiaomi\/"},{"label":"Redmi Buds 6 Active &#8211; True Wireless Earbuds","link":"https:\/\/www.rucashk.com\/es\/producto\/redmi-buds-6-active-true-wireless-earbuds\/"}],"_links":{"self":[{"href":"https:\/\/www.rucashk.com\/es\/wp-json\/wp\/v2\/product\/41679","targetHints":{"allow":["GET"]}}],"collection":[{"href":"https:\/\/www.rucashk.com\/es\/wp-json\/wp\/v2\/product"}],"about":[{"href":"https:\/\/www.rucashk.com\/es\/wp-json\/wp\/v2\/types\/product"}],"wp:featuredmedia":[{"embeddable":true,"href":"https:\/\/www.rucashk.com\/es\/wp-json\/wp\/v2\/media\/41688"}],"wp:attachment":[{"href":"https:\/\/www.rucashk.com\/es\/wp-json\/wp\/v2\/media?parent=41679"}],"wp:term":[{"taxonomy":"product_brand","embeddable":true,"href":"https:\/\/www.rucashk.com\/es\/wp-json\/wp\/v2\/product_brand?post=41679"},{"taxonomy":"product_cat","embeddable":true,"href":"https:\/\/www.rucashk.com\/es\/wp-json\/wp\/v2\/product_cat?post=41679"},{"taxonomy":"product_tag","embeddable":true,"href":"https:\/\/www.rucashk.com\/es\/wp-json\/wp\/v2\/product_tag?post=41679"}],"curies":[{"name":"wp","href":"https:\/\/api.w.org\/{rel}","templated":true}]}}