{"id":41226,"date":"2024-05-26T16:16:41","date_gmt":"2024-05-26T16:16:41","guid":{"rendered":"https:\/\/www.rucashk.com\/?post_type=product&#038;p=41226"},"modified":"2024-05-26T16:16:44","modified_gmt":"2024-05-26T16:16:44","slug":"bose-quietcomfort-ultra-headphones","status":"publish","type":"product","link":"https:\/\/www.rucashk.com\/es\/producto\/bose-quietcomfort-ultra-headphones\/","title":{"rendered":"Auriculares Bose QuietComfort Ultra"},"content":{"rendered":"<section id=\"shopify-section-template--18850966077748__main\" class=\"shopify-section t4s-section t4s-section-main t4s-section-main-product t4s_tp_flickity\">\n<div class=\"t4s-product-tabs-wrapper t4s-product-tabs-wrapper-template--18850966077748__main is--tab-design__tab is--tab-design-mb__accordion is--tab-layout__full is--tab-position__external\">\n<div class=\"t4s-container\">\n<div class=\"t4s-tabs t4s-type-tabs t4s-accordion-mb-true t4s-tabs-enabled t4s-tabs-accordion-enabled\" data-t4s-tabs=\"\" data-t4s-accordion-pr=\"\">\n<div class=\"t4s-tab-wrapper\" data-t4s-tab-wrapper=\"\">\n<div id=\"t4s_tab_f0ad5249-b06a-4bfa-9fa2-37ad6945b1a0\" class=\"t4s-tab-content\" data-t4s-tab-content=\"\">\n<div><img decoding=\"async\" alt=\"Bose QuietComfort Ultra Headphones\" class=\"aligncenter\" src=\"\/wp-content\/uploads\/replace\/5008f5fb2a37c6a205f9ce0cbc35f884.jpeg\" \/><\/div>\n<\/div>\n<\/div>\n<div class=\"t4s-tab-wrapper\" style=\"text-align: center;\" data-t4s-tab-wrapper=\"\"><\/div>\n<div class=\"t4s-tab-wrapper\" style=\"text-align: left;\" data-t4s-tab-wrapper=\"\">Cancelaci\u00f3n de ruido de clase mundial, m\u00e1s silenciosa que nunca. Audio espacializado innovador para una escucha inmersiva, sin importar el contenido o la fuente. Dise\u00f1o elevado y materiales de lujo para una comodidad inigualable. Es todo lo que la m\u00fasica te hace sentir llevado a nuevos niveles. Bose Immersive Audio traspasa los l\u00edmites de lo que significa escuchar sacando lo que est\u00e1s escuchando de tu cabeza y coloc\u00e1ndolo frente a ti. Suena tan real que es casi como si pudieras extender la mano y tocarlo.<\/div>\n<div data-t4s-tab-wrapper=\"\">\n<h4>Caracter\u00edsticas clave<\/h4>\n<ul>\n<li>Audio inmersivo innovador de Bose<\/li>\n<li>Cancelaci\u00f3n de ruido de clase mundial<\/li>\n<li>Sonido hecho a tu medida<\/li>\n<li>Comodidad inigualable<\/li>\n<li>Reproduce hasta 24 horas**<\/li>\n<li>Modos para cualquier estado de \u00e1nimo musical<\/li>\n<li>Llamadas incre\u00edblemente claras<\/li>\n<li>Personaliza con la aplicaci\u00f3n Bose Music<\/li>\n<\/ul>\n<\/div>\n<\/div>\n<\/div>\n<\/div>\n<\/section>","protected":false},"excerpt":{"rendered":"<div class=\"t4s-tab-wrapper\" style=\"text-align: left;\" data-t4s-tab-wrapper=\"\">Cancelaci\u00f3n de ruido de clase mundial, m\u00e1s silenciosa que nunca. Audio espacializado innovador para una escucha inmersiva, sin importar el contenido o la fuente. Dise\u00f1o elevado y materiales de lujo para una comodidad inigualable. Es todo lo que la m\u00fasica te hace sentir llevado a nuevos niveles. Bose Immersive Audio traspasa los l\u00edmites de lo que significa escuchar sacando lo que est\u00e1s escuchando de tu cabeza y coloc\u00e1ndolo frente a ti. Suena tan real que es casi como si pudieras extender la mano y tocarlo.<\/div>\n<div data-t4s-tab-wrapper=\"\">\n<h4>Caracter\u00edsticas clave<\/h4>\n<ul>\n<li>Audio inmersivo innovador de Bose<\/li>\n<li>Cancelaci\u00f3n de ruido de clase mundial<\/li>\n<li>Sonido hecho a tu medida<\/li>\n<li>Comodidad inigualable<\/li>\n<li>Reproduce hasta 24 horas**<\/li>\n<li>Modos para cualquier estado de \u00e1nimo musical<\/li>\n<li>Llamadas incre\u00edblemente claras<\/li>\n<li>Personaliza con la aplicaci\u00f3n Bose Music<\/li>\n<\/ul>\n<\/div>","protected":false},"featured_media":41229,"template":"","meta":[],"product_brand":[69],"product_cat":[1326],"product_tag":[508],"class_list":{"0":"post-41226","1":"product","2":"type-product","3":"status-publish","4":"has-post-thumbnail","6":"product_brand-bose","7":"product_cat-bose-other-a-brands","8":"product_tag-headphones","10":"first","11":"instock","12":"shipping-taxable","13":"product-type-simple"},"aioseo_notices":[],"aioseo_head":"\n\t\t<!-- All in One SEO Pro 4.5.9.2 - aioseo.com -->\n\t\t<meta name=\"description\" content=\"World-class noise cancellation, quieter than ever before. Breakthrough spatialized audio for immersive listening, no matter the content or source. Elevated design and luxe materials for unrivaled comfort. It\u2019s everything music makes you feel taken to new highs. Bose Immersive Audio pushes the boundary of what it means to listen by taking what you\u2019re hearing out of your head and placing it in front of you. It sounds so real it\u2019s almost like you could reach out and touch it. Key Features Breakthrough Bose Immersive Audio World-class noise cancellation Sound tailored to you Unrivaled comfort Plays up to 24 hours** Modes for any musical mood Amazingly clear calls Customize with Bose Music app\" \/>\n\t\t<meta name=\"robots\" content=\"max-image-preview:large\" \/>\n\t\t<link rel=\"canonical\" href=\"https:\/\/www.rucashk.com\/es\/producto\/bose-quietcomfort-ultra-headphones\/\" \/>\n\t\t<meta name=\"generator\" content=\"All in One SEO Pro (AIOSEO) 4.5.9.2\" \/>\n\t\t<meta property=\"og:locale\" content=\"es_ES\" \/>\n\t\t<meta property=\"og:site_name\" content=\"Rucas - One-stop AIoT Distribution Worldwide\" \/>\n\t\t<meta property=\"og:type\" content=\"article\" \/>\n\t\t<meta property=\"og:title\" content=\"Bose QuietComfort Ultra Headphones - Rucas - Wholesale and Distribution\" \/>\n\t\t<meta property=\"og:description\" content=\"World-class noise cancellation, quieter than ever before. Breakthrough spatialized audio for immersive listening, no matter the content or source. Elevated design and luxe materials for unrivaled comfort. It\u2019s everything music makes you feel taken to new highs. Bose Immersive Audio pushes the boundary of what it means to listen by taking what you\u2019re hearing out of your head and placing it in front of you. It sounds so real it\u2019s almost like you could reach out and touch it. Key Features Breakthrough Bose Immersive Audio World-class noise cancellation Sound tailored to you Unrivaled comfort Plays up to 24 hours** Modes for any musical mood Amazingly clear calls Customize with Bose Music app\" \/>\n\t\t<meta property=\"og:url\" content=\"https:\/\/www.rucashk.com\/es\/producto\/bose-quietcomfort-ultra-headphones\/\" \/>\n\t\t<meta property=\"og:image\" content=\"https:\/\/www.rucashk.com\/wp-content\/uploads\/replace\/503b8e645f128a97ccde2b6290747646.jpeg\" \/>\n\t\t<meta property=\"og:image:secure_url\" content=\"https:\/\/www.rucashk.com\/wp-content\/uploads\/replace\/503b8e645f128a97ccde2b6290747646.jpeg\" \/>\n\t\t<meta property=\"og:image:width\" content=\"1456\" \/>\n\t\t<meta property=\"og:image:height\" content=\"816\" \/>\n\t\t<meta property=\"article:published_time\" content=\"2024-05-26T16:16:41+00:00\" \/>\n\t\t<meta property=\"article:modified_time\" content=\"2024-05-26T16:16:44+00:00\" \/>\n\t\t<meta name=\"twitter:card\" content=\"summary_large_image\" \/>\n\t\t<meta name=\"twitter:title\" content=\"Bose QuietComfort Ultra Headphones - Rucas - Wholesale and Distribution\" \/>\n\t\t<meta name=\"twitter:description\" content=\"World-class noise cancellation, quieter than ever before. Breakthrough spatialized audio for immersive listening, no matter the content or source. Elevated design and luxe materials for unrivaled comfort. It\u2019s everything music makes you feel taken to new highs. Bose Immersive Audio pushes the boundary of what it means to listen by taking what you\u2019re hearing out of your head and placing it in front of you. It sounds so real it\u2019s almost like you could reach out and touch it. Key Features Breakthrough Bose Immersive Audio World-class noise cancellation Sound tailored to you Unrivaled comfort Plays up to 24 hours** Modes for any musical mood Amazingly clear calls Customize with Bose Music app\" \/>\n\t\t<meta name=\"twitter:image\" content=\"https:\/\/www.rucashk.com\/wp-content\/uploads\/replace\/503b8e645f128a97ccde2b6290747646.jpeg\" \/>\n\t\t<script type=\"application\/ld+json\" class=\"aioseo-schema\">\n\t\t\t{\"@context\":\"https:\\\/\\\/schema.org\",\"@graph\":[{\"@type\":\"BreadcrumbList\",\"@id\":\"https:\\\/\\\/www.rucashk.com\\\/es\\\/producto\\\/bose-quietcomfort-ultra-headphones\\\/#breadcrumblist\",\"itemListElement\":[{\"@type\":\"ListItem\",\"@id\":\"https:\\\/\\\/www.rucashk.com\\\/es\\\/#listItem\",\"position\":1,\"name\":\"Home\",\"item\":\"https:\\\/\\\/www.rucashk.com\\\/es\\\/\",\"nextItem\":\"https:\\\/\\\/www.rucashk.com\\\/es\\\/producto\\\/bose-quietcomfort-ultra-headphones\\\/#listItem\"},{\"@type\":\"ListItem\",\"@id\":\"https:\\\/\\\/www.rucashk.com\\\/es\\\/producto\\\/bose-quietcomfort-ultra-headphones\\\/#listItem\",\"position\":2,\"name\":\"Bose QuietComfort Ultra Headphones\",\"previousItem\":\"https:\\\/\\\/www.rucashk.com\\\/es\\\/#listItem\"}]},{\"@type\":\"Organization\",\"@id\":\"https:\\\/\\\/www.rucashk.com\\\/es\\\/#organization\",\"name\":\"Rucas\",\"url\":\"https:\\\/\\\/www.rucashk.com\\\/es\\\/\",\"logo\":{\"@type\":\"ImageObject\",\"url\":\"https:\\\/\\\/www.rucashk.com\\\/wp-content\\\/uploads\\\/2023\\\/12\\\/Rucas_campany_logo.png\",\"@id\":\"https:\\\/\\\/www.rucashk.com\\\/es\\\/producto\\\/bose-quietcomfort-ultra-headphones\\\/#organizationLogo\",\"width\":221,\"height\":65},\"image\":{\"@id\":\"https:\\\/\\\/www.rucashk.com\\\/es\\\/#organizationLogo\"}},{\"@type\":\"Person\",\"@id\":\"https:\\\/\\\/www.rucashk.com\\\/es\\\/author\\\/admin\\\/#author\",\"url\":\"https:\\\/\\\/www.rucashk.com\\\/es\\\/author\\\/admin\\\/\",\"name\":\"admin\",\"image\":{\"@type\":\"ImageObject\",\"@id\":\"https:\\\/\\\/www.rucashk.com\\\/es\\\/producto\\\/bose-quietcomfort-ultra-headphones\\\/#authorImage\",\"url\":\"https:\\\/\\\/secure.gravatar.com\\\/avatar\\\/b7c8925b09a27e72b30232f8ecaadbd5af0f70a38c78096863fe51b64f031c24?s=96&d=mm&r=g\",\"width\":96,\"height\":96,\"caption\":\"admin\"}},{\"@type\":\"WebPage\",\"@id\":\"https:\\\/\\\/www.rucashk.com\\\/es\\\/producto\\\/bose-quietcomfort-ultra-headphones\\\/#webpage\",\"url\":\"https:\\\/\\\/www.rucashk.com\\\/es\\\/producto\\\/bose-quietcomfort-ultra-headphones\\\/\",\"name\":\"Bose QuietComfort Ultra Headphones - Rucas - Wholesale and Distribution\",\"description\":\"World-class noise cancellation, quieter than ever before. Breakthrough spatialized audio for immersive listening, no matter the content or source. Elevated design and luxe materials for unrivaled comfort. It\\u2019s everything music makes you feel taken to new highs. Bose Immersive Audio pushes the boundary of what it means to listen by taking what you\\u2019re hearing out of your head and placing it in front of you. It sounds so real it\\u2019s almost like you could reach out and touch it. Key Features Breakthrough Bose Immersive Audio World-class noise cancellation Sound tailored to you Unrivaled comfort Plays up to 24 hours** Modes for any musical mood Amazingly clear calls Customize with Bose Music app\",\"inLanguage\":\"es-ES\",\"isPartOf\":{\"@id\":\"https:\\\/\\\/www.rucashk.com\\\/es\\\/#website\"},\"breadcrumb\":{\"@id\":\"https:\\\/\\\/www.rucashk.com\\\/es\\\/producto\\\/bose-quietcomfort-ultra-headphones\\\/#breadcrumblist\"},\"author\":{\"@id\":\"https:\\\/\\\/www.rucashk.com\\\/es\\\/author\\\/admin\\\/#author\"},\"creator\":{\"@id\":\"https:\\\/\\\/www.rucashk.com\\\/es\\\/author\\\/admin\\\/#author\"},\"image\":{\"@type\":\"ImageObject\",\"url\":\"https:\\\/\\\/www.rucashk.com\\\/wp-content\\\/uploads\\\/2024\\\/05\\\/SF_PDP_GALLERY_BLACK-1.webp\",\"@id\":\"https:\\\/\\\/www.rucashk.com\\\/es\\\/producto\\\/bose-quietcomfort-ultra-headphones\\\/#mainImage\",\"width\":816,\"height\":613},\"primaryImageOfPage\":{\"@id\":\"https:\\\/\\\/www.rucashk.com\\\/es\\\/producto\\\/bose-quietcomfort-ultra-headphones\\\/#mainImage\"},\"datePublished\":\"2024-05-26T16:16:41+00:00\",\"dateModified\":\"2024-05-26T16:16:44+00:00\"},{\"@type\":\"WebSite\",\"@id\":\"https:\\\/\\\/www.rucashk.com\\\/es\\\/#website\",\"url\":\"https:\\\/\\\/www.rucashk.com\\\/es\\\/\",\"name\":\"Rucas - Wholesale and distribution worldwide\",\"alternateName\":\"Rucas - One-stop AIoT Distribution Worldwide\",\"description\":\"One-stop AIoT Distribution Worldwide\",\"inLanguage\":\"es-ES\",\"publisher\":{\"@id\":\"https:\\\/\\\/www.rucashk.com\\\/es\\\/#organization\"}}]}\n\t\t<\/script>\n\t\t<!-- All in One SEO Pro -->\r\n\t\t<title>Bose QuietComfort Ultra Headphones - Rucas - Wholesale and Distribution<\/title>\n\n","aioseo_head_json":{"title":"Bose QuietComfort Ultra Headphones - Rucas - Wholesale and Distribution","description":"World-class noise cancellation, quieter than ever before. Breakthrough spatialized audio for immersive listening, no matter the content or source. Elevated design and luxe materials for unrivaled comfort. It\u2019s everything music makes you feel taken to new highs. Bose Immersive Audio pushes the boundary of what it means to listen by taking what you\u2019re hearing out of your head and placing it in front of you. It sounds so real it\u2019s almost like you could reach out and touch it. Key Features Breakthrough Bose Immersive Audio World-class noise cancellation Sound tailored to you Unrivaled comfort Plays up to 24 hours** Modes for any musical mood Amazingly clear calls Customize with Bose Music app","canonical_url":"https:\/\/www.rucashk.com\/es\/producto\/bose-quietcomfort-ultra-headphones\/","robots":"max-image-preview:large","keywords":"","webmasterTools":{"miscellaneous":""},"og:locale":"es_ES","og:site_name":"Rucas - One-stop AIoT Distribution Worldwide","og:type":"article","og:title":"Bose QuietComfort Ultra Headphones - Rucas - Wholesale and Distribution","og:description":"World-class noise cancellation, quieter than ever before. Breakthrough spatialized audio for immersive listening, no matter the content or source. Elevated design and luxe materials for unrivaled comfort. It\u2019s everything music makes you feel taken to new highs. Bose Immersive Audio pushes the boundary of what it means to listen by taking what you\u2019re hearing out of your head and placing it in front of you. It sounds so real it\u2019s almost like you could reach out and touch it. Key Features Breakthrough Bose Immersive Audio World-class noise cancellation Sound tailored to you Unrivaled comfort Plays up to 24 hours** Modes for any musical mood Amazingly clear calls Customize with Bose Music app","og:url":"https:\/\/www.rucashk.com\/es\/producto\/bose-quietcomfort-ultra-headphones\/","og:image":"https:\/\/www.rucashk.com\/wp-content\/uploads\/replace\/503b8e645f128a97ccde2b6290747646.jpeg","og:image:secure_url":"https:\/\/www.rucashk.com\/wp-content\/uploads\/replace\/503b8e645f128a97ccde2b6290747646.jpeg","og:image:width":1456,"og:image:height":816,"article:published_time":"2024-05-26T16:16:41+00:00","article:modified_time":"2024-05-26T16:16:44+00:00","twitter:card":"summary_large_image","twitter:title":"Bose QuietComfort Ultra Headphones - Rucas - Wholesale and Distribution","twitter:description":"World-class noise cancellation, quieter than ever before. Breakthrough spatialized audio for immersive listening, no matter the content or source. Elevated design and luxe materials for unrivaled comfort. It\u2019s everything music makes you feel taken to new highs. Bose Immersive Audio pushes the boundary of what it means to listen by taking what you\u2019re hearing out of your head and placing it in front of you. It sounds so real it\u2019s almost like you could reach out and touch it. Key Features Breakthrough Bose Immersive Audio World-class noise cancellation Sound tailored to you Unrivaled comfort Plays up to 24 hours** Modes for any musical mood Amazingly clear calls Customize with Bose Music app","twitter:image":"https:\/\/www.rucashk.com\/wp-content\/uploads\/replace\/503b8e645f128a97ccde2b6290747646.jpeg","schema":{"@context":"https:\/\/schema.org","@graph":[{"@type":"BreadcrumbList","@id":"https:\/\/www.rucashk.com\/es\/producto\/bose-quietcomfort-ultra-headphones\/#breadcrumblist","itemListElement":[{"@type":"ListItem","@id":"https:\/\/www.rucashk.com\/es\/#listItem","position":1,"name":"Home","item":"https:\/\/www.rucashk.com\/es\/","nextItem":"https:\/\/www.rucashk.com\/es\/producto\/bose-quietcomfort-ultra-headphones\/#listItem"},{"@type":"ListItem","@id":"https:\/\/www.rucashk.com\/es\/producto\/bose-quietcomfort-ultra-headphones\/#listItem","position":2,"name":"Bose QuietComfort Ultra Headphones","previousItem":"https:\/\/www.rucashk.com\/es\/#listItem"}]},{"@type":"Organization","@id":"https:\/\/www.rucashk.com\/es\/#organization","name":"Rucas","url":"https:\/\/www.rucashk.com\/es\/","logo":{"@type":"ImageObject","url":"https:\/\/www.rucashk.com\/wp-content\/uploads\/2023\/12\/Rucas_campany_logo.png","@id":"https:\/\/www.rucashk.com\/es\/producto\/bose-quietcomfort-ultra-headphones\/#organizationLogo","width":221,"height":65},"image":{"@id":"https:\/\/www.rucashk.com\/es\/#organizationLogo"}},{"@type":"Person","@id":"https:\/\/www.rucashk.com\/es\/author\/admin\/#author","url":"https:\/\/www.rucashk.com\/es\/author\/admin\/","name":"admin","image":{"@type":"ImageObject","@id":"https:\/\/www.rucashk.com\/es\/producto\/bose-quietcomfort-ultra-headphones\/#authorImage","url":"https:\/\/secure.gravatar.com\/avatar\/b7c8925b09a27e72b30232f8ecaadbd5af0f70a38c78096863fe51b64f031c24?s=96&d=mm&r=g","width":96,"height":96,"caption":"admin"}},{"@type":"WebPage","@id":"https:\/\/www.rucashk.com\/es\/producto\/bose-quietcomfort-ultra-headphones\/#webpage","url":"https:\/\/www.rucashk.com\/es\/producto\/bose-quietcomfort-ultra-headphones\/","name":"Bose QuietComfort Ultra Headphones - Rucas - Wholesale and Distribution","description":"World-class noise cancellation, quieter than ever before. Breakthrough spatialized audio for immersive listening, no matter the content or source. Elevated design and luxe materials for unrivaled comfort. It\u2019s everything music makes you feel taken to new highs. Bose Immersive Audio pushes the boundary of what it means to listen by taking what you\u2019re hearing out of your head and placing it in front of you. It sounds so real it\u2019s almost like you could reach out and touch it. Key Features Breakthrough Bose Immersive Audio World-class noise cancellation Sound tailored to you Unrivaled comfort Plays up to 24 hours** Modes for any musical mood Amazingly clear calls Customize with Bose Music app","inLanguage":"es-ES","isPartOf":{"@id":"https:\/\/www.rucashk.com\/es\/#website"},"breadcrumb":{"@id":"https:\/\/www.rucashk.com\/es\/producto\/bose-quietcomfort-ultra-headphones\/#breadcrumblist"},"author":{"@id":"https:\/\/www.rucashk.com\/es\/author\/admin\/#author"},"creator":{"@id":"https:\/\/www.rucashk.com\/es\/author\/admin\/#author"},"image":{"@type":"ImageObject","url":"https:\/\/www.rucashk.com\/wp-content\/uploads\/2024\/05\/SF_PDP_GALLERY_BLACK-1.webp","@id":"https:\/\/www.rucashk.com\/es\/producto\/bose-quietcomfort-ultra-headphones\/#mainImage","width":816,"height":613},"primaryImageOfPage":{"@id":"https:\/\/www.rucashk.com\/es\/producto\/bose-quietcomfort-ultra-headphones\/#mainImage"},"datePublished":"2024-05-26T16:16:41+00:00","dateModified":"2024-05-26T16:16:44+00:00"},{"@type":"WebSite","@id":"https:\/\/www.rucashk.com\/es\/#website","url":"https:\/\/www.rucashk.com\/es\/","name":"Rucas - Wholesale and distribution worldwide","alternateName":"Rucas - One-stop AIoT Distribution Worldwide","description":"One-stop AIoT Distribution Worldwide","inLanguage":"es-ES","publisher":{"@id":"https:\/\/www.rucashk.com\/es\/#organization"}}]}},"aioseo_meta_data":{"post_id":"41226","title":null,"description":null,"keywords":"[]","keyphrases":"{\"focus\":{\"keyphrase\":\"\",\"score\":0,\"analysis\":{\"keyphraseInTitle\":{\"score\":0,\"maxScore\":9,\"error\":1}}},\"additional\":[]}","primary_term":null,"canonical_url":null,"og_title":null,"og_description":null,"og_object_type":"default","og_image_type":"default","og_image_url":null,"og_image_width":null,"og_image_height":null,"og_image_custom_url":null,"og_image_custom_fields":null,"og_video":"","og_custom_url":null,"og_article_section":null,"og_article_tags":"[]","twitter_use_og":false,"twitter_card":"default","twitter_image_type":"default","twitter_image_url":null,"twitter_image_custom_url":null,"twitter_image_custom_fields":null,"twitter_title":null,"twitter_description":null,"schema":{"blockGraphs":[],"customGraphs":[],"default":{"data":{"Article":[],"Course":[],"Dataset":[],"FAQPage":[],"Movie":[],"Person":[],"Product":[],"Recipe":[],"Service":[],"SoftwareApplication":[],"WebPage":[]},"graphName":"Product","isEnabled":true},"graphs":[]},"schema_type":"default","schema_type_options":null,"pillar_content":false,"robots_default":true,"robots_noindex":false,"robots_noarchive":false,"robots_nosnippet":false,"robots_nofollow":false,"robots_noimageindex":false,"robots_noodp":false,"robots_notranslate":false,"robots_max_snippet":"-1","robots_max_videopreview":"-1","robots_max_imagepreview":"large","priority":null,"frequency":"default","local_seo":null,"breadcrumb_settings":null,"limit_modified_date":false,"created":"2024-05-26 16:16:44","updated":"2025-06-22 18:55:56"},"aioseo_breadcrumb":"<div class=\"aioseo-breadcrumbs\"><span class=\"aioseo-breadcrumb\">\n\t<a href=\"https:\/\/www.rucashk.com\/es\" title=\"Home\">Home<\/a>\n<\/span><span class=\"aioseo-breadcrumb-separator\">&raquo;<\/span><span class=\"aioseo-breadcrumb\">\n\t<a href=\"https:\/\/www.rucashk.com\/es\/products\/\" title=\"Productos\">Productos<\/a>\n<\/span><span class=\"aioseo-breadcrumb-separator\">&raquo;<\/span><span class=\"aioseo-breadcrumb\">\n\t<a href=\"https:\/\/www.rucashk.com\/es\/marca\/bose\/\" title=\"Bose\">Bose<\/a>\n<\/span><span class=\"aioseo-breadcrumb-separator\">&raquo;<\/span><span class=\"aioseo-breadcrumb\">\n\tBose QuietComfort Ultra Headphones\n<\/span><\/div>","aioseo_breadcrumb_json":[{"label":"Home","link":"https:\/\/www.rucashk.com\/es"},{"label":"Productos","link":"https:\/\/www.rucashk.com\/es\/products\/"},{"label":"Bose","link":"https:\/\/www.rucashk.com\/es\/marca\/bose\/"},{"label":"Bose QuietComfort Ultra Headphones","link":"https:\/\/www.rucashk.com\/es\/producto\/bose-quietcomfort-ultra-headphones\/"}],"_links":{"self":[{"href":"https:\/\/www.rucashk.com\/es\/wp-json\/wp\/v2\/product\/41226","targetHints":{"allow":["GET"]}}],"collection":[{"href":"https:\/\/www.rucashk.com\/es\/wp-json\/wp\/v2\/product"}],"about":[{"href":"https:\/\/www.rucashk.com\/es\/wp-json\/wp\/v2\/types\/product"}],"wp:featuredmedia":[{"embeddable":true,"href":"https:\/\/www.rucashk.com\/es\/wp-json\/wp\/v2\/media\/41229"}],"wp:attachment":[{"href":"https:\/\/www.rucashk.com\/es\/wp-json\/wp\/v2\/media?parent=41226"}],"wp:term":[{"taxonomy":"product_brand","embeddable":true,"href":"https:\/\/www.rucashk.com\/es\/wp-json\/wp\/v2\/product_brand?post=41226"},{"taxonomy":"product_cat","embeddable":true,"href":"https:\/\/www.rucashk.com\/es\/wp-json\/wp\/v2\/product_cat?post=41226"},{"taxonomy":"product_tag","embeddable":true,"href":"https:\/\/www.rucashk.com\/es\/wp-json\/wp\/v2\/product_tag?post=41226"}],"curies":[{"name":"wp","href":"https:\/\/api.w.org\/{rel}","templated":true}]}}