{"id":41221,"date":"2024-05-26T16:10:27","date_gmt":"2024-05-26T16:10:27","guid":{"rendered":"https:\/\/www.rucashk.com\/?post_type=product&#038;p=41221"},"modified":"2024-05-26T16:10:28","modified_gmt":"2024-05-26T16:10:28","slug":"shokz-openfit-open-ear-true-wireless-bluetooth-headphones","status":"publish","type":"product","link":"https:\/\/www.rucashk.com\/es\/producto\/shokz-openfit-open-ear-true-wireless-bluetooth-headphones\/","title":{"rendered":"SHOKZ OpenFit: verdaderos auriculares inal\u00e1mbricos Bluetooth de o\u00eddo abierto"},"content":{"rendered":"<p style=\"text-align: center;\"><img decoding=\"async\" alt=\"SHOKZ OpenFit - Open-Ear True Wireless Bluetooth Headphones\" src=\"\/wp-content\/uploads\/replace\/e8be1feee074b7ee7efdfa5e6360adef.jpeg\" \/><\/p>\n<p class=\"subtitle\">Para una verdadera experiencia de audio, Shokz OpenBassTM es un algoritmo patentado de mejora de baja frecuencia para llevar las vibraciones de baja frecuencia directamente hacia el o\u00eddo sin cubrirlo. El control de rango din\u00e1mico ajusta din\u00e1micamente el ecualizador en tiempo real, brindando una experiencia auditiva rica y natural bajo cualquier volumen. La aplicaci\u00f3n Shokz ofrece modos de ecualizaci\u00f3n preestablecidos y personalizaci\u00f3n, lo que te permite disfrutar de un concierto privado mientras viajas.<\/p>\n<p class=\"subtitle\"><strong>Acoustic Excellence Controladores din\u00e1micos personalizados<\/strong><\/p>\n<p class=\"subtitle\">OpenFit cuenta con una potente unidad de controlador din\u00e1mico personalizado de 18 11 mm construida con un diafragma compuesto ultraligero elaborado a partir de fibra de carbono y un marco de pol\u00edmero. La tapa interior en forma de c\u00fapula est\u00e1 hecha de una fibra de carbono ultraligera y de alta resistencia que es 20 veces m\u00e1s resistente que el acero y dirige cada vibraci\u00f3n ac\u00fastica con una precisi\u00f3n incre\u00edble. El marco de pol\u00edmero amplifica la intensidad de las vibraciones del diafragma, brindando una experiencia de audio envolvente con notas graves profundas.<\/p>\n<p class=\"subtitle\"><strong>Ajuste y seguridad<\/strong><\/p>\n<p class=\"subtitle\">Para lograr una forma que proporcione un ajuste seguro para diferentes formas de oreja,8 el Shokz Lab escane\u00f3 una amplia gama de datos del o\u00eddo humano de todo el mundo. El gancho para la oreja ergon\u00f3mico y flexible se adapta perfectamente a las diferentes curvas de las orejas, proporcionando un agarre suave y seguro. El dise\u00f1o dividido entre el auricular y la bater\u00eda equilibra el peso de todo el sistema, brindando comodidad y estabilidad. Si\u00e9ntete libre de caminar, correr e incluso saltar, y OpenFit permanece en su lugar.<\/p>\n<p class=\"subtitle\"><strong>Como si estuvieras aqu\u00ed Cancelaci\u00f3n de ruido de llamadas AI<\/strong><\/p>\n<p class=\"subtitle\">OpenFit utiliza la tecnolog\u00eda de cancelaci\u00f3n de ruido de llamadas AI para garantizar la calidad de las llamadas. Esta tecnolog\u00eda se ha probado y demostrado en entornos de llamadas ruidosos comunes, como estaciones e intersecciones, filtrando hasta 99,71 TP3T de ruido ambiental.4 Durante una llamada, OpenFit captura las sutilezas de la voz humana incluso en entornos ruidosos, colocando los micr\u00f3fonos duales en una posici\u00f3n privilegiada para formar el efecto Adaptive Beamforming m\u00e1s efectivo, mejorando la cancelaci\u00f3n de ruido. Escuche y sea escuchado alto y claro. Seg\u00fan los resultados de los experimentos de simulaci\u00f3n realizados por Shokz Lab para la escena de la intersecci\u00f3n, la cancelaci\u00f3n de ruido por IA puede proporcionar una mejora m\u00e1xima de la relaci\u00f3n se\u00f1al-ruido de 50 dB, lo que equivale a una reducci\u00f3n de 99,71 TP3T del ruido ambiental, cuando el nivel de presi\u00f3n sonora en la cabeza artificial es de 65-72 dB(A).<\/p>","protected":false},"excerpt":{"rendered":"<p>OpenFit contin\u00faa el concepto de o\u00eddo abierto de Shokz para permitir a los usuarios disfrutar de comodidad durante todo el d\u00eda y escuchar su propia banda sonora mientras permanecen abiertos al mundo que los rodea. OpenFit ofrece una construcci\u00f3n ultraligera y de o\u00eddo abierto para escuchar tanto su propio audio como todos los sonidos a su alrededor con una claridad cristalina. La tecnolog\u00eda DirectPitch\u2122 produce una experiencia de audio completa para sumergirse en sus canciones, podcasts y audiolibros favoritos. Un dise\u00f1o de gancho para la oreja flexible combina estabilidad y comodidad. Los momentos son preciosos y OpenFit te brinda la libertad de escuchar cada uno de ellos.<\/p>","protected":false},"featured_media":41223,"template":"","meta":[],"product_brand":[1397],"product_cat":[1398],"product_tag":[508],"class_list":{"0":"post-41221","1":"product","2":"type-product","3":"status-publish","4":"has-post-thumbnail","6":"product_brand-shokz","7":"product_cat-shokz","8":"product_tag-headphones","10":"first","11":"instock","12":"shipping-taxable","13":"product-type-simple"},"aioseo_notices":[],"aioseo_head":"\n\t\t<!-- All in One SEO Pro 4.5.9.2 - aioseo.com -->\n\t\t<meta name=\"description\" content=\"OpenFit continues the Shokz open-ear concept to let users enjoy all-day comfort and hear their own soundtrack while staying open to the world around them. OpenFit offers an ultra-lightweight, open-ear construction to hear both your own audio and every sound around you with crystal clarity. DirectPitch\u2122 technology produces a full audio experience to immerse yourself in your favorite songs, podcasts, and audiobooks. A flexible ear hook design combines stability and comfort. Moments are precious, and OpenFit gives you the freedom to hear every one of them.\" \/>\n\t\t<meta name=\"robots\" content=\"max-image-preview:large\" \/>\n\t\t<link rel=\"canonical\" href=\"https:\/\/www.rucashk.com\/es\/producto\/shokz-openfit-open-ear-true-wireless-bluetooth-headphones\/\" \/>\n\t\t<meta name=\"generator\" content=\"All in One SEO Pro (AIOSEO) 4.5.9.2\" \/>\n\t\t<meta property=\"og:locale\" content=\"es_ES\" \/>\n\t\t<meta property=\"og:site_name\" content=\"Rucas - One-stop AIoT Distribution Worldwide\" \/>\n\t\t<meta property=\"og:type\" content=\"article\" \/>\n\t\t<meta property=\"og:title\" content=\"SHOKZ OpenFit \u2013 Open-Ear True Wireless Bluetooth Headphones - Rucas - Wholesale and Distribution\" \/>\n\t\t<meta property=\"og:description\" content=\"OpenFit continues the Shokz open-ear concept to let users enjoy all-day comfort and hear their own soundtrack while staying open to the world around them. OpenFit offers an ultra-lightweight, open-ear construction to hear both your own audio and every sound around you with crystal clarity. DirectPitch\u2122 technology produces a full audio experience to immerse yourself in your favorite songs, podcasts, and audiobooks. A flexible ear hook design combines stability and comfort. Moments are precious, and OpenFit gives you the freedom to hear every one of them.\" \/>\n\t\t<meta property=\"og:url\" content=\"https:\/\/www.rucashk.com\/es\/producto\/shokz-openfit-open-ear-true-wireless-bluetooth-headphones\/\" \/>\n\t\t<meta property=\"og:image\" content=\"https:\/\/www.rucashk.com\/wp-content\/uploads\/replace\/503b8e645f128a97ccde2b6290747646.jpeg\" \/>\n\t\t<meta property=\"og:image:secure_url\" content=\"https:\/\/www.rucashk.com\/wp-content\/uploads\/replace\/503b8e645f128a97ccde2b6290747646.jpeg\" \/>\n\t\t<meta property=\"og:image:width\" content=\"1456\" \/>\n\t\t<meta property=\"og:image:height\" content=\"816\" \/>\n\t\t<meta property=\"article:published_time\" content=\"2024-05-26T16:10:27+00:00\" \/>\n\t\t<meta property=\"article:modified_time\" content=\"2024-05-26T16:10:28+00:00\" \/>\n\t\t<meta name=\"twitter:card\" content=\"summary_large_image\" \/>\n\t\t<meta name=\"twitter:title\" content=\"SHOKZ OpenFit \u2013 Open-Ear True Wireless Bluetooth Headphones - Rucas - Wholesale and Distribution\" \/>\n\t\t<meta name=\"twitter:description\" content=\"OpenFit continues the Shokz open-ear concept to let users enjoy all-day comfort and hear their own soundtrack while staying open to the world around them. OpenFit offers an ultra-lightweight, open-ear construction to hear both your own audio and every sound around you with crystal clarity. DirectPitch\u2122 technology produces a full audio experience to immerse yourself in your favorite songs, podcasts, and audiobooks. A flexible ear hook design combines stability and comfort. Moments are precious, and OpenFit gives you the freedom to hear every one of them.\" \/>\n\t\t<meta name=\"twitter:image\" content=\"https:\/\/www.rucashk.com\/wp-content\/uploads\/replace\/503b8e645f128a97ccde2b6290747646.jpeg\" \/>\n\t\t<script type=\"application\/ld+json\" class=\"aioseo-schema\">\n\t\t\t{\"@context\":\"https:\\\/\\\/schema.org\",\"@graph\":[{\"@type\":\"BreadcrumbList\",\"@id\":\"https:\\\/\\\/www.rucashk.com\\\/es\\\/producto\\\/shokz-openfit-open-ear-true-wireless-bluetooth-headphones\\\/#breadcrumblist\",\"itemListElement\":[{\"@type\":\"ListItem\",\"@id\":\"https:\\\/\\\/www.rucashk.com\\\/es\\\/#listItem\",\"position\":1,\"name\":\"Home\",\"item\":\"https:\\\/\\\/www.rucashk.com\\\/es\\\/\",\"nextItem\":\"https:\\\/\\\/www.rucashk.com\\\/es\\\/producto\\\/shokz-openfit-open-ear-true-wireless-bluetooth-headphones\\\/#listItem\"},{\"@type\":\"ListItem\",\"@id\":\"https:\\\/\\\/www.rucashk.com\\\/es\\\/producto\\\/shokz-openfit-open-ear-true-wireless-bluetooth-headphones\\\/#listItem\",\"position\":2,\"name\":\"SHOKZ OpenFit - Open-Ear True Wireless Bluetooth Headphones\",\"previousItem\":\"https:\\\/\\\/www.rucashk.com\\\/es\\\/#listItem\"}]},{\"@type\":\"Organization\",\"@id\":\"https:\\\/\\\/www.rucashk.com\\\/es\\\/#organization\",\"name\":\"Rucas\",\"url\":\"https:\\\/\\\/www.rucashk.com\\\/es\\\/\",\"logo\":{\"@type\":\"ImageObject\",\"url\":\"https:\\\/\\\/www.rucashk.com\\\/wp-content\\\/uploads\\\/2023\\\/12\\\/Rucas_campany_logo.png\",\"@id\":\"https:\\\/\\\/www.rucashk.com\\\/es\\\/producto\\\/shokz-openfit-open-ear-true-wireless-bluetooth-headphones\\\/#organizationLogo\",\"width\":221,\"height\":65},\"image\":{\"@id\":\"https:\\\/\\\/www.rucashk.com\\\/es\\\/#organizationLogo\"}},{\"@type\":\"Person\",\"@id\":\"https:\\\/\\\/www.rucashk.com\\\/es\\\/author\\\/admin\\\/#author\",\"url\":\"https:\\\/\\\/www.rucashk.com\\\/es\\\/author\\\/admin\\\/\",\"name\":\"admin\",\"image\":{\"@type\":\"ImageObject\",\"@id\":\"https:\\\/\\\/www.rucashk.com\\\/es\\\/producto\\\/shokz-openfit-open-ear-true-wireless-bluetooth-headphones\\\/#authorImage\",\"url\":\"https:\\\/\\\/secure.gravatar.com\\\/avatar\\\/b7c8925b09a27e72b30232f8ecaadbd5af0f70a38c78096863fe51b64f031c24?s=96&d=mm&r=g\",\"width\":96,\"height\":96,\"caption\":\"admin\"}},{\"@type\":\"WebPage\",\"@id\":\"https:\\\/\\\/www.rucashk.com\\\/es\\\/producto\\\/shokz-openfit-open-ear-true-wireless-bluetooth-headphones\\\/#webpage\",\"url\":\"https:\\\/\\\/www.rucashk.com\\\/es\\\/producto\\\/shokz-openfit-open-ear-true-wireless-bluetooth-headphones\\\/\",\"name\":\"SHOKZ OpenFit \\u2013 Open-Ear True Wireless Bluetooth Headphones - Rucas - Wholesale and Distribution\",\"description\":\"OpenFit continues the Shokz open-ear concept to let users enjoy all-day comfort and hear their own soundtrack while staying open to the world around them. OpenFit offers an ultra-lightweight, open-ear construction to hear both your own audio and every sound around you with crystal clarity. DirectPitch\\u2122 technology produces a full audio experience to immerse yourself in your favorite songs, podcasts, and audiobooks. A flexible ear hook design combines stability and comfort. Moments are precious, and OpenFit gives you the freedom to hear every one of them.\",\"inLanguage\":\"es-ES\",\"isPartOf\":{\"@id\":\"https:\\\/\\\/www.rucashk.com\\\/es\\\/#website\"},\"breadcrumb\":{\"@id\":\"https:\\\/\\\/www.rucashk.com\\\/es\\\/producto\\\/shokz-openfit-open-ear-true-wireless-bluetooth-headphones\\\/#breadcrumblist\"},\"author\":{\"@id\":\"https:\\\/\\\/www.rucashk.com\\\/es\\\/author\\\/admin\\\/#author\"},\"creator\":{\"@id\":\"https:\\\/\\\/www.rucashk.com\\\/es\\\/author\\\/admin\\\/#author\"},\"image\":{\"@type\":\"ImageObject\",\"url\":\"https:\\\/\\\/www.rucashk.com\\\/wp-content\\\/uploads\\\/2024\\\/05\\\/Shokz_OpenFit_Beige-1__72026.jpg\",\"@id\":\"https:\\\/\\\/www.rucashk.com\\\/es\\\/producto\\\/shokz-openfit-open-ear-true-wireless-bluetooth-headphones\\\/#mainImage\",\"width\":2000,\"height\":2000},\"primaryImageOfPage\":{\"@id\":\"https:\\\/\\\/www.rucashk.com\\\/es\\\/producto\\\/shokz-openfit-open-ear-true-wireless-bluetooth-headphones\\\/#mainImage\"},\"datePublished\":\"2024-05-26T16:10:27+00:00\",\"dateModified\":\"2024-05-26T16:10:28+00:00\"},{\"@type\":\"WebSite\",\"@id\":\"https:\\\/\\\/www.rucashk.com\\\/es\\\/#website\",\"url\":\"https:\\\/\\\/www.rucashk.com\\\/es\\\/\",\"name\":\"Rucas - Wholesale and distribution worldwide\",\"alternateName\":\"Rucas - One-stop AIoT Distribution Worldwide\",\"description\":\"One-stop AIoT Distribution Worldwide\",\"inLanguage\":\"es-ES\",\"publisher\":{\"@id\":\"https:\\\/\\\/www.rucashk.com\\\/es\\\/#organization\"}}]}\n\t\t<\/script>\n\t\t<!-- All in One SEO Pro -->\r\n\t\t<title>SHOKZ OpenFit \u2013 Open-Ear True Wireless Bluetooth Headphones - Rucas - Wholesale and Distribution<\/title>\n\n","aioseo_head_json":{"title":"SHOKZ OpenFit \u2013 Open-Ear True Wireless Bluetooth Headphones - Rucas - Wholesale and Distribution","description":"OpenFit continues the Shokz open-ear concept to let users enjoy all-day comfort and hear their own soundtrack while staying open to the world around them. OpenFit offers an ultra-lightweight, open-ear construction to hear both your own audio and every sound around you with crystal clarity. DirectPitch\u2122 technology produces a full audio experience to immerse yourself in your favorite songs, podcasts, and audiobooks. A flexible ear hook design combines stability and comfort. Moments are precious, and OpenFit gives you the freedom to hear every one of them.","canonical_url":"https:\/\/www.rucashk.com\/es\/producto\/shokz-openfit-open-ear-true-wireless-bluetooth-headphones\/","robots":"max-image-preview:large","keywords":"","webmasterTools":{"miscellaneous":""},"og:locale":"es_ES","og:site_name":"Rucas - One-stop AIoT Distribution Worldwide","og:type":"article","og:title":"SHOKZ OpenFit \u2013 Open-Ear True Wireless Bluetooth Headphones - Rucas - Wholesale and Distribution","og:description":"OpenFit continues the Shokz open-ear concept to let users enjoy all-day comfort and hear their own soundtrack while staying open to the world around them. OpenFit offers an ultra-lightweight, open-ear construction to hear both your own audio and every sound around you with crystal clarity. DirectPitch\u2122 technology produces a full audio experience to immerse yourself in your favorite songs, podcasts, and audiobooks. A flexible ear hook design combines stability and comfort. Moments are precious, and OpenFit gives you the freedom to hear every one of them.","og:url":"https:\/\/www.rucashk.com\/es\/producto\/shokz-openfit-open-ear-true-wireless-bluetooth-headphones\/","og:image":"https:\/\/www.rucashk.com\/wp-content\/uploads\/replace\/503b8e645f128a97ccde2b6290747646.jpeg","og:image:secure_url":"https:\/\/www.rucashk.com\/wp-content\/uploads\/replace\/503b8e645f128a97ccde2b6290747646.jpeg","og:image:width":1456,"og:image:height":816,"article:published_time":"2024-05-26T16:10:27+00:00","article:modified_time":"2024-05-26T16:10:28+00:00","twitter:card":"summary_large_image","twitter:title":"SHOKZ OpenFit \u2013 Open-Ear True Wireless Bluetooth Headphones - Rucas - Wholesale and Distribution","twitter:description":"OpenFit continues the Shokz open-ear concept to let users enjoy all-day comfort and hear their own soundtrack while staying open to the world around them. OpenFit offers an ultra-lightweight, open-ear construction to hear both your own audio and every sound around you with crystal clarity. DirectPitch\u2122 technology produces a full audio experience to immerse yourself in your favorite songs, podcasts, and audiobooks. A flexible ear hook design combines stability and comfort. Moments are precious, and OpenFit gives you the freedom to hear every one of them.","twitter:image":"https:\/\/www.rucashk.com\/wp-content\/uploads\/replace\/503b8e645f128a97ccde2b6290747646.jpeg","schema":{"@context":"https:\/\/schema.org","@graph":[{"@type":"BreadcrumbList","@id":"https:\/\/www.rucashk.com\/es\/producto\/shokz-openfit-open-ear-true-wireless-bluetooth-headphones\/#breadcrumblist","itemListElement":[{"@type":"ListItem","@id":"https:\/\/www.rucashk.com\/es\/#listItem","position":1,"name":"Home","item":"https:\/\/www.rucashk.com\/es\/","nextItem":"https:\/\/www.rucashk.com\/es\/producto\/shokz-openfit-open-ear-true-wireless-bluetooth-headphones\/#listItem"},{"@type":"ListItem","@id":"https:\/\/www.rucashk.com\/es\/producto\/shokz-openfit-open-ear-true-wireless-bluetooth-headphones\/#listItem","position":2,"name":"SHOKZ OpenFit - Open-Ear True Wireless Bluetooth Headphones","previousItem":"https:\/\/www.rucashk.com\/es\/#listItem"}]},{"@type":"Organization","@id":"https:\/\/www.rucashk.com\/es\/#organization","name":"Rucas","url":"https:\/\/www.rucashk.com\/es\/","logo":{"@type":"ImageObject","url":"https:\/\/www.rucashk.com\/wp-content\/uploads\/2023\/12\/Rucas_campany_logo.png","@id":"https:\/\/www.rucashk.com\/es\/producto\/shokz-openfit-open-ear-true-wireless-bluetooth-headphones\/#organizationLogo","width":221,"height":65},"image":{"@id":"https:\/\/www.rucashk.com\/es\/#organizationLogo"}},{"@type":"Person","@id":"https:\/\/www.rucashk.com\/es\/author\/admin\/#author","url":"https:\/\/www.rucashk.com\/es\/author\/admin\/","name":"admin","image":{"@type":"ImageObject","@id":"https:\/\/www.rucashk.com\/es\/producto\/shokz-openfit-open-ear-true-wireless-bluetooth-headphones\/#authorImage","url":"https:\/\/secure.gravatar.com\/avatar\/b7c8925b09a27e72b30232f8ecaadbd5af0f70a38c78096863fe51b64f031c24?s=96&d=mm&r=g","width":96,"height":96,"caption":"admin"}},{"@type":"WebPage","@id":"https:\/\/www.rucashk.com\/es\/producto\/shokz-openfit-open-ear-true-wireless-bluetooth-headphones\/#webpage","url":"https:\/\/www.rucashk.com\/es\/producto\/shokz-openfit-open-ear-true-wireless-bluetooth-headphones\/","name":"SHOKZ OpenFit \u2013 Open-Ear True Wireless Bluetooth Headphones - Rucas - Wholesale and Distribution","description":"OpenFit continues the Shokz open-ear concept to let users enjoy all-day comfort and hear their own soundtrack while staying open to the world around them. OpenFit offers an ultra-lightweight, open-ear construction to hear both your own audio and every sound around you with crystal clarity. DirectPitch\u2122 technology produces a full audio experience to immerse yourself in your favorite songs, podcasts, and audiobooks. A flexible ear hook design combines stability and comfort. Moments are precious, and OpenFit gives you the freedom to hear every one of them.","inLanguage":"es-ES","isPartOf":{"@id":"https:\/\/www.rucashk.com\/es\/#website"},"breadcrumb":{"@id":"https:\/\/www.rucashk.com\/es\/producto\/shokz-openfit-open-ear-true-wireless-bluetooth-headphones\/#breadcrumblist"},"author":{"@id":"https:\/\/www.rucashk.com\/es\/author\/admin\/#author"},"creator":{"@id":"https:\/\/www.rucashk.com\/es\/author\/admin\/#author"},"image":{"@type":"ImageObject","url":"https:\/\/www.rucashk.com\/wp-content\/uploads\/2024\/05\/Shokz_OpenFit_Beige-1__72026.jpg","@id":"https:\/\/www.rucashk.com\/es\/producto\/shokz-openfit-open-ear-true-wireless-bluetooth-headphones\/#mainImage","width":2000,"height":2000},"primaryImageOfPage":{"@id":"https:\/\/www.rucashk.com\/es\/producto\/shokz-openfit-open-ear-true-wireless-bluetooth-headphones\/#mainImage"},"datePublished":"2024-05-26T16:10:27+00:00","dateModified":"2024-05-26T16:10:28+00:00"},{"@type":"WebSite","@id":"https:\/\/www.rucashk.com\/es\/#website","url":"https:\/\/www.rucashk.com\/es\/","name":"Rucas - Wholesale and distribution worldwide","alternateName":"Rucas - One-stop AIoT Distribution Worldwide","description":"One-stop AIoT Distribution Worldwide","inLanguage":"es-ES","publisher":{"@id":"https:\/\/www.rucashk.com\/es\/#organization"}}]}},"aioseo_meta_data":{"post_id":"41221","title":null,"description":null,"keywords":"[]","keyphrases":"{\"focus\":{\"keyphrase\":\"\",\"score\":0,\"analysis\":{\"keyphraseInTitle\":{\"score\":0,\"maxScore\":9,\"error\":1}}},\"additional\":[]}","primary_term":null,"canonical_url":null,"og_title":null,"og_description":null,"og_object_type":"default","og_image_type":"default","og_image_url":null,"og_image_width":null,"og_image_height":null,"og_image_custom_url":null,"og_image_custom_fields":null,"og_video":"","og_custom_url":null,"og_article_section":null,"og_article_tags":"[]","twitter_use_og":false,"twitter_card":"default","twitter_image_type":"default","twitter_image_url":null,"twitter_image_custom_url":null,"twitter_image_custom_fields":null,"twitter_title":null,"twitter_description":null,"schema":{"blockGraphs":[],"customGraphs":[],"default":{"data":{"Article":[],"Course":[],"Dataset":[],"FAQPage":[],"Movie":[],"Person":[],"Product":[],"Recipe":[],"Service":[],"SoftwareApplication":[],"WebPage":[]},"graphName":"Product","isEnabled":true},"graphs":[]},"schema_type":"default","schema_type_options":null,"pillar_content":false,"robots_default":true,"robots_noindex":false,"robots_noarchive":false,"robots_nosnippet":false,"robots_nofollow":false,"robots_noimageindex":false,"robots_noodp":false,"robots_notranslate":false,"robots_max_snippet":"-1","robots_max_videopreview":"-1","robots_max_imagepreview":"large","priority":null,"frequency":"default","local_seo":null,"breadcrumb_settings":null,"limit_modified_date":false,"created":"2024-05-26 16:10:28","updated":"2025-06-22 18:55:55"},"aioseo_breadcrumb":"<div class=\"aioseo-breadcrumbs\"><span class=\"aioseo-breadcrumb\">\n\t<a href=\"https:\/\/www.rucashk.com\/es\" title=\"Home\">Home<\/a>\n<\/span><span class=\"aioseo-breadcrumb-separator\">&raquo;<\/span><span class=\"aioseo-breadcrumb\">\n\t<a href=\"https:\/\/www.rucashk.com\/es\/products\/\" title=\"Productos\">Productos<\/a>\n<\/span><span class=\"aioseo-breadcrumb-separator\">&raquo;<\/span><span class=\"aioseo-breadcrumb\">\n\t<a href=\"https:\/\/www.rucashk.com\/es\/marca\/shokz\/\" title=\"Shokz\">Shokz<\/a>\n<\/span><span class=\"aioseo-breadcrumb-separator\">&raquo;<\/span><span class=\"aioseo-breadcrumb\">\n\tSHOKZ OpenFit \u2013 Open-Ear True Wireless Bluetooth Headphones\n<\/span><\/div>","aioseo_breadcrumb_json":[{"label":"Home","link":"https:\/\/www.rucashk.com\/es"},{"label":"Productos","link":"https:\/\/www.rucashk.com\/es\/products\/"},{"label":"Shokz","link":"https:\/\/www.rucashk.com\/es\/marca\/shokz\/"},{"label":"SHOKZ OpenFit &#8211; Open-Ear True Wireless Bluetooth Headphones","link":"https:\/\/www.rucashk.com\/es\/producto\/shokz-openfit-open-ear-true-wireless-bluetooth-headphones\/"}],"_links":{"self":[{"href":"https:\/\/www.rucashk.com\/es\/wp-json\/wp\/v2\/product\/41221","targetHints":{"allow":["GET"]}}],"collection":[{"href":"https:\/\/www.rucashk.com\/es\/wp-json\/wp\/v2\/product"}],"about":[{"href":"https:\/\/www.rucashk.com\/es\/wp-json\/wp\/v2\/types\/product"}],"wp:featuredmedia":[{"embeddable":true,"href":"https:\/\/www.rucashk.com\/es\/wp-json\/wp\/v2\/media\/41223"}],"wp:attachment":[{"href":"https:\/\/www.rucashk.com\/es\/wp-json\/wp\/v2\/media?parent=41221"}],"wp:term":[{"taxonomy":"product_brand","embeddable":true,"href":"https:\/\/www.rucashk.com\/es\/wp-json\/wp\/v2\/product_brand?post=41221"},{"taxonomy":"product_cat","embeddable":true,"href":"https:\/\/www.rucashk.com\/es\/wp-json\/wp\/v2\/product_cat?post=41221"},{"taxonomy":"product_tag","embeddable":true,"href":"https:\/\/www.rucashk.com\/es\/wp-json\/wp\/v2\/product_tag?post=41221"}],"curies":[{"name":"wp","href":"https:\/\/api.w.org\/{rel}","templated":true}]}}