{"id":41062,"date":"2024-04-18T15:20:51","date_gmt":"2024-04-18T15:20:51","guid":{"rendered":"https:\/\/www.rucashk.com\/?post_type=product&#038;p=41062"},"modified":"2024-04-18T15:22:02","modified_gmt":"2024-04-18T15:22:02","slug":"jbl-flip-5-portable-waterproof-bluetooth-speaker","status":"publish","type":"product","link":"https:\/\/www.rucashk.com\/es\/producto\/jbl-flip-5-portable-waterproof-bluetooth-speaker\/","title":{"rendered":"Altavoz Bluetooth port\u00e1til impermeable JBL Flip 5"},"content":{"rendered":"<div class=\"expanded-feature -lifestyle not-in-view\">\n<div class=\"imagery\"><img decoding=\"async\" class=\"aligncenter\" src=\"\/wp-content\/uploads\/replace\/eec8d84ed6219166015e06f982d334af.png\" alt=\"Sounds better than ever\" data-src=\"\/on\/demandware.static\/-\/Sites-masterCatalog_Harman\/default\/dwda7c8ca2\/pdp\/lifestyle_1.png\" \/><\/div>\n<\/div>\n<div class=\"expanded-feature -lifestyle in-view\" style=\"text-align: center;\">\n<div class=\"imagery\"><img decoding=\"async\" src=\"\/wp-content\/uploads\/replace\/26b251374cd1b9010a95ddf2757d3ce4.jpeg\" alt=\"Up to 12 Hours of Playtime\" data-src=\"\/on\/demandware.static\/-\/Sites-masterCatalog_Harman\/default\/dw5f520ba1\/pdp\/lifestyle_2.png\" \/><\/div>\n<\/div>\n<div class=\"expanded-feature -lifestyle in-view\">\n<div class=\"imagery\"><img decoding=\"async\" class=\"aligncenter\" src=\"\/wp-content\/uploads\/replace\/98d34640b0db975352ccb81bfc293672.png\" alt=\"Make a splash with IPX7 waterproof design\" data-src=\"\/on\/demandware.static\/-\/Sites-masterCatalog_Harman\/default\/dw2d4d030a\/pdp\/lifestyle_3.png\" \/><\/div>\n<div><\/div>\n<\/div>\n<p>Lleve su m\u00fasica a donde quiera que vaya con el potente JBL Flip 5. Nuestro ligero altavoz Bluetooth va a cualquier parte. \u00bfMal tiempo? No es para preocuparse. Con su dise\u00f1o resistente al agua, puedes disfrutar de nuestro sonido caracter\u00edstico, llueva o haga sol. Mu\u00e9vete m\u00e1s. Empareje dos altavoces compatibles con JBL PartyBoost para obtener sonido est\u00e9reo o conecte varios altavoces compatibles con JBL PartyBoost para crear una fiesta m\u00e1s grande. Disfruta de hasta 12 horas de reproducci\u00f3n de tu m\u00fasica favorita. Col\u00f3quelo vertical u horizontal y sea atrevido con su elecci\u00f3n de 11 colores vibrantes.<\/p>\n<ul>\n<li>Versi\u00f3n de Bluetooth\u00ae: 4.2<\/li>\n<li>Soporte: A2DP V1.3, AVRCP V1.6<\/li>\n<li>Transductor: 44 mm x 80 mm<\/li>\n<li>Potencia nominal: 20W RMS<\/li>\n<li>Respuesta de frecuencia: 65 Hz\u201320 kHz<\/li>\n<li>Relaci\u00f3n se\u00f1al-ruido: &gt;80dB<\/li>\n<li>Tipo de bater\u00eda: Pol\u00edmero de iones de litio 17,28 Wh (equivalente a 3,6 V 4800 mAh)<\/li>\n<li>Tiempo de carga de la bater\u00eda: 2,5 horas (5V\/3A)<\/li>\n<li>Tiempo de reproducci\u00f3n de m\u00fasica: hasta 12 horas (var\u00eda seg\u00fan el nivel de volumen y el contenido de audio)<\/li>\n<li>Potencia del transmisor Bluetooth\u00ae: 0-11dBm<\/li>\n<li>Rango de frecuencia del transmisor Bluetooth\u00ae: 2.402 \u2013 2.480GHz<\/li>\n<li>Modulaci\u00f3n del transmisor Bluetooth\u00ae: GFSK, \u03c0\/4 DQPSK, 8DPSK<\/li>\n<li>Dimensiones (ancho x profundidad x alto): 181 x 69 x 74 mm<\/li>\n<li>Peso: 540g<\/li>\n<\/ul>","protected":false},"excerpt":{"rendered":"<ul>\n<li>Siente tu m\u00fasica. El nuevo controlador con forma de pista de carreras del Flip 5 ofrece un alto rendimiento. Disfrute de unos graves potentes en un paquete compacto.<\/li>\n<li>Don&#8217;t sweat the small stuff like charging your battery. Flip 5 gives you more than 12 hours of playtime. Keep the music going longer and louder with JBL&#8217;s signature sound.<\/li>\n<li>Lleva tus parlantes a cualquier lugar. \u00bfFiesta de piscina? Perfecto. \u00bfUn chaparr\u00f3n repentino? Cubierto. \u00bfGolpe en la playa? No te preocupes, el Flip 5 es resistente al agua IPX7 hasta una profundidad de 3 pies, lo que garantiza un entretenimiento al aire libre sin miedo.<\/li>\n<li>PartyBoost le permite emparejar dos altavoces compatibles con JBL PartyBoost para obtener sonido est\u00e9reo o vincular varios altavoces compatibles con JBL PartyBoost para animar su fiesta.<\/li>\n<li>With 11 distinct colour options, the Flip 5 is anything but boring. Broaden your spectrum with JBL&#8217;s signature sound.<\/li>\n<\/ul>","protected":false},"featured_media":41068,"template":"","meta":[],"product_brand":[1354],"product_cat":[1285],"product_tag":[],"class_list":{"0":"post-41062","1":"product","2":"type-product","3":"status-publish","4":"has-post-thumbnail","6":"product_brand-jbl","7":"product_cat-jbl-speaker","9":"first","10":"instock","11":"shipping-taxable","12":"product-type-simple"},"aioseo_notices":[],"aioseo_head":"\n\t\t<!-- All in One SEO Pro 4.5.9.2 - aioseo.com -->\n\t\t<meta name=\"description\" content=\"Feel your music. Flip 5&#039;s all new racetrack-shaped driver delivers high output. Enjoy booming bass in a compact package. Don&#039;t sweat the small stuff like charging your battery. Flip 5 gives you more than 12 hours of playtime. Keep the music going longer and louder with JBL&#039;s signature sound. Bring your speakers anywhere. Pool party? Perfect. Sudden cloudburst? Covered. Bash on the beach? No worries, the Flip 5 is IPX7 waterproof up to 3-feet deep, ensuring fearless outdoor entertainment. PartyBoost allows you to pair two JBL PartyBoost-compatible speakers together for stereo sound or link multiple JBL PartyBoost-compatible speakers to pump up your party. With 11 distinct colour options, the Flip 5 is anything but boring. Broaden your spectrum with JBL&#039;s signature sound.\" \/>\n\t\t<meta name=\"robots\" content=\"max-image-preview:large\" \/>\n\t\t<link rel=\"canonical\" href=\"https:\/\/www.rucashk.com\/es\/producto\/jbl-flip-5-portable-waterproof-bluetooth-speaker\/\" \/>\n\t\t<meta name=\"generator\" content=\"All in One SEO Pro (AIOSEO) 4.5.9.2\" \/>\n\t\t<meta property=\"og:locale\" content=\"es_ES\" \/>\n\t\t<meta property=\"og:site_name\" content=\"Rucas - One-stop AIoT Distribution Worldwide\" \/>\n\t\t<meta property=\"og:type\" content=\"article\" \/>\n\t\t<meta property=\"og:title\" content=\"JBL Flip 5 Portable Waterproof Bluetooth Speaker - Rucas - Wholesale and Distribution\" \/>\n\t\t<meta property=\"og:description\" content=\"Feel your music. Flip 5&#039;s all new racetrack-shaped driver delivers high output. Enjoy booming bass in a compact package. Don&#039;t sweat the small stuff like charging your battery. Flip 5 gives you more than 12 hours of playtime. Keep the music going longer and louder with JBL&#039;s signature sound. Bring your speakers anywhere. Pool party? Perfect. Sudden cloudburst? Covered. Bash on the beach? No worries, the Flip 5 is IPX7 waterproof up to 3-feet deep, ensuring fearless outdoor entertainment. PartyBoost allows you to pair two JBL PartyBoost-compatible speakers together for stereo sound or link multiple JBL PartyBoost-compatible speakers to pump up your party. With 11 distinct colour options, the Flip 5 is anything but boring. Broaden your spectrum with JBL&#039;s signature sound.\" \/>\n\t\t<meta property=\"og:url\" content=\"https:\/\/www.rucashk.com\/es\/producto\/jbl-flip-5-portable-waterproof-bluetooth-speaker\/\" \/>\n\t\t<meta property=\"og:image\" content=\"https:\/\/www.rucashk.com\/wp-content\/uploads\/replace\/503b8e645f128a97ccde2b6290747646.jpeg\" \/>\n\t\t<meta property=\"og:image:secure_url\" content=\"https:\/\/www.rucashk.com\/wp-content\/uploads\/replace\/503b8e645f128a97ccde2b6290747646.jpeg\" \/>\n\t\t<meta property=\"og:image:width\" content=\"1456\" \/>\n\t\t<meta property=\"og:image:height\" content=\"816\" \/>\n\t\t<meta property=\"article:published_time\" content=\"2024-04-18T15:20:51+00:00\" \/>\n\t\t<meta property=\"article:modified_time\" content=\"2024-04-18T15:22:02+00:00\" \/>\n\t\t<meta name=\"twitter:card\" content=\"summary_large_image\" \/>\n\t\t<meta name=\"twitter:title\" content=\"JBL Flip 5 Portable Waterproof Bluetooth Speaker - Rucas - Wholesale and Distribution\" \/>\n\t\t<meta name=\"twitter:description\" content=\"Feel your music. Flip 5&#039;s all new racetrack-shaped driver delivers high output. Enjoy booming bass in a compact package. Don&#039;t sweat the small stuff like charging your battery. Flip 5 gives you more than 12 hours of playtime. Keep the music going longer and louder with JBL&#039;s signature sound. Bring your speakers anywhere. Pool party? Perfect. Sudden cloudburst? Covered. Bash on the beach? No worries, the Flip 5 is IPX7 waterproof up to 3-feet deep, ensuring fearless outdoor entertainment. PartyBoost allows you to pair two JBL PartyBoost-compatible speakers together for stereo sound or link multiple JBL PartyBoost-compatible speakers to pump up your party. With 11 distinct colour options, the Flip 5 is anything but boring. Broaden your spectrum with JBL&#039;s signature sound.\" \/>\n\t\t<meta name=\"twitter:image\" content=\"https:\/\/www.rucashk.com\/wp-content\/uploads\/replace\/503b8e645f128a97ccde2b6290747646.jpeg\" \/>\n\t\t<script type=\"application\/ld+json\" class=\"aioseo-schema\">\n\t\t\t{\"@context\":\"https:\\\/\\\/schema.org\",\"@graph\":[{\"@type\":\"BreadcrumbList\",\"@id\":\"https:\\\/\\\/www.rucashk.com\\\/es\\\/producto\\\/jbl-flip-5-portable-waterproof-bluetooth-speaker\\\/#breadcrumblist\",\"itemListElement\":[{\"@type\":\"ListItem\",\"@id\":\"https:\\\/\\\/www.rucashk.com\\\/es\\\/#listItem\",\"position\":1,\"name\":\"Home\",\"item\":\"https:\\\/\\\/www.rucashk.com\\\/es\\\/\",\"nextItem\":\"https:\\\/\\\/www.rucashk.com\\\/es\\\/producto\\\/jbl-flip-5-portable-waterproof-bluetooth-speaker\\\/#listItem\"},{\"@type\":\"ListItem\",\"@id\":\"https:\\\/\\\/www.rucashk.com\\\/es\\\/producto\\\/jbl-flip-5-portable-waterproof-bluetooth-speaker\\\/#listItem\",\"position\":2,\"name\":\"JBL Flip 5 Portable Waterproof Bluetooth Speaker\",\"previousItem\":\"https:\\\/\\\/www.rucashk.com\\\/es\\\/#listItem\"}]},{\"@type\":\"Organization\",\"@id\":\"https:\\\/\\\/www.rucashk.com\\\/es\\\/#organization\",\"name\":\"Rucas\",\"url\":\"https:\\\/\\\/www.rucashk.com\\\/es\\\/\",\"logo\":{\"@type\":\"ImageObject\",\"url\":\"https:\\\/\\\/www.rucashk.com\\\/wp-content\\\/uploads\\\/2023\\\/12\\\/Rucas_campany_logo.png\",\"@id\":\"https:\\\/\\\/www.rucashk.com\\\/es\\\/producto\\\/jbl-flip-5-portable-waterproof-bluetooth-speaker\\\/#organizationLogo\",\"width\":221,\"height\":65},\"image\":{\"@id\":\"https:\\\/\\\/www.rucashk.com\\\/es\\\/#organizationLogo\"}},{\"@type\":\"Person\",\"@id\":\"https:\\\/\\\/www.rucashk.com\\\/es\\\/author\\\/admin\\\/#author\",\"url\":\"https:\\\/\\\/www.rucashk.com\\\/es\\\/author\\\/admin\\\/\",\"name\":\"admin\",\"image\":{\"@type\":\"ImageObject\",\"@id\":\"https:\\\/\\\/www.rucashk.com\\\/es\\\/producto\\\/jbl-flip-5-portable-waterproof-bluetooth-speaker\\\/#authorImage\",\"url\":\"https:\\\/\\\/secure.gravatar.com\\\/avatar\\\/b7c8925b09a27e72b30232f8ecaadbd5af0f70a38c78096863fe51b64f031c24?s=96&d=mm&r=g\",\"width\":96,\"height\":96,\"caption\":\"admin\"}},{\"@type\":\"WebPage\",\"@id\":\"https:\\\/\\\/www.rucashk.com\\\/es\\\/producto\\\/jbl-flip-5-portable-waterproof-bluetooth-speaker\\\/#webpage\",\"url\":\"https:\\\/\\\/www.rucashk.com\\\/es\\\/producto\\\/jbl-flip-5-portable-waterproof-bluetooth-speaker\\\/\",\"name\":\"JBL Flip 5 Portable Waterproof Bluetooth Speaker - Rucas - Wholesale and Distribution\",\"description\":\"Feel your music. Flip 5's all new racetrack-shaped driver delivers high output. Enjoy booming bass in a compact package. Don't sweat the small stuff like charging your battery. Flip 5 gives you more than 12 hours of playtime. Keep the music going longer and louder with JBL's signature sound. Bring your speakers anywhere. Pool party? Perfect. Sudden cloudburst? Covered. Bash on the beach? No worries, the Flip 5 is IPX7 waterproof up to 3-feet deep, ensuring fearless outdoor entertainment. PartyBoost allows you to pair two JBL PartyBoost-compatible speakers together for stereo sound or link multiple JBL PartyBoost-compatible speakers to pump up your party. With 11 distinct colour options, the Flip 5 is anything but boring. Broaden your spectrum with JBL's signature sound.\",\"inLanguage\":\"es-ES\",\"isPartOf\":{\"@id\":\"https:\\\/\\\/www.rucashk.com\\\/es\\\/#website\"},\"breadcrumb\":{\"@id\":\"https:\\\/\\\/www.rucashk.com\\\/es\\\/producto\\\/jbl-flip-5-portable-waterproof-bluetooth-speaker\\\/#breadcrumblist\"},\"author\":{\"@id\":\"https:\\\/\\\/www.rucashk.com\\\/es\\\/author\\\/admin\\\/#author\"},\"creator\":{\"@id\":\"https:\\\/\\\/www.rucashk.com\\\/es\\\/author\\\/admin\\\/#author\"},\"image\":{\"@type\":\"ImageObject\",\"url\":\"https:\\\/\\\/www.rucashk.com\\\/wp-content\\\/uploads\\\/2024\\\/04\\\/baa5130e-9b0e-4afd-bf29-53b0b14044ae.png\",\"@id\":\"https:\\\/\\\/www.rucashk.com\\\/es\\\/producto\\\/jbl-flip-5-portable-waterproof-bluetooth-speaker\\\/#mainImage\",\"width\":537,\"height\":537},\"primaryImageOfPage\":{\"@id\":\"https:\\\/\\\/www.rucashk.com\\\/es\\\/producto\\\/jbl-flip-5-portable-waterproof-bluetooth-speaker\\\/#mainImage\"},\"datePublished\":\"2024-04-18T15:20:51+00:00\",\"dateModified\":\"2024-04-18T15:22:02+00:00\"},{\"@type\":\"WebSite\",\"@id\":\"https:\\\/\\\/www.rucashk.com\\\/es\\\/#website\",\"url\":\"https:\\\/\\\/www.rucashk.com\\\/es\\\/\",\"name\":\"Rucas - Wholesale and distribution worldwide\",\"alternateName\":\"Rucas - One-stop AIoT Distribution Worldwide\",\"description\":\"One-stop AIoT Distribution Worldwide\",\"inLanguage\":\"es-ES\",\"publisher\":{\"@id\":\"https:\\\/\\\/www.rucashk.com\\\/es\\\/#organization\"}}]}\n\t\t<\/script>\n\t\t<!-- All in One SEO Pro -->\r\n\t\t<title>JBL Flip 5 Portable Waterproof Bluetooth Speaker - Rucas - Wholesale and Distribution<\/title>\n\n","aioseo_head_json":{"title":"JBL Flip 5 Portable Waterproof Bluetooth Speaker - Rucas - Wholesale and Distribution","description":"Feel your music. Flip 5's all new racetrack-shaped driver delivers high output. Enjoy booming bass in a compact package. Don't sweat the small stuff like charging your battery. Flip 5 gives you more than 12 hours of playtime. Keep the music going longer and louder with JBL's signature sound. Bring your speakers anywhere. Pool party? Perfect. Sudden cloudburst? Covered. Bash on the beach? No worries, the Flip 5 is IPX7 waterproof up to 3-feet deep, ensuring fearless outdoor entertainment. PartyBoost allows you to pair two JBL PartyBoost-compatible speakers together for stereo sound or link multiple JBL PartyBoost-compatible speakers to pump up your party. With 11 distinct colour options, the Flip 5 is anything but boring. Broaden your spectrum with JBL's signature sound.","canonical_url":"https:\/\/www.rucashk.com\/es\/producto\/jbl-flip-5-portable-waterproof-bluetooth-speaker\/","robots":"max-image-preview:large","keywords":"","webmasterTools":{"miscellaneous":""},"og:locale":"es_ES","og:site_name":"Rucas - One-stop AIoT Distribution Worldwide","og:type":"article","og:title":"JBL Flip 5 Portable Waterproof Bluetooth Speaker - Rucas - Wholesale and Distribution","og:description":"Feel your music. Flip 5's all new racetrack-shaped driver delivers high output. Enjoy booming bass in a compact package. Don't sweat the small stuff like charging your battery. Flip 5 gives you more than 12 hours of playtime. Keep the music going longer and louder with JBL's signature sound. Bring your speakers anywhere. Pool party? Perfect. Sudden cloudburst? Covered. Bash on the beach? No worries, the Flip 5 is IPX7 waterproof up to 3-feet deep, ensuring fearless outdoor entertainment. PartyBoost allows you to pair two JBL PartyBoost-compatible speakers together for stereo sound or link multiple JBL PartyBoost-compatible speakers to pump up your party. With 11 distinct colour options, the Flip 5 is anything but boring. Broaden your spectrum with JBL's signature sound.","og:url":"https:\/\/www.rucashk.com\/es\/producto\/jbl-flip-5-portable-waterproof-bluetooth-speaker\/","og:image":"https:\/\/www.rucashk.com\/wp-content\/uploads\/replace\/503b8e645f128a97ccde2b6290747646.jpeg","og:image:secure_url":"https:\/\/www.rucashk.com\/wp-content\/uploads\/replace\/503b8e645f128a97ccde2b6290747646.jpeg","og:image:width":1456,"og:image:height":816,"article:published_time":"2024-04-18T15:20:51+00:00","article:modified_time":"2024-04-18T15:22:02+00:00","twitter:card":"summary_large_image","twitter:title":"JBL Flip 5 Portable Waterproof Bluetooth Speaker - Rucas - Wholesale and Distribution","twitter:description":"Feel your music. Flip 5's all new racetrack-shaped driver delivers high output. Enjoy booming bass in a compact package. Don't sweat the small stuff like charging your battery. Flip 5 gives you more than 12 hours of playtime. Keep the music going longer and louder with JBL's signature sound. Bring your speakers anywhere. Pool party? Perfect. Sudden cloudburst? Covered. Bash on the beach? No worries, the Flip 5 is IPX7 waterproof up to 3-feet deep, ensuring fearless outdoor entertainment. PartyBoost allows you to pair two JBL PartyBoost-compatible speakers together for stereo sound or link multiple JBL PartyBoost-compatible speakers to pump up your party. With 11 distinct colour options, the Flip 5 is anything but boring. Broaden your spectrum with JBL's signature sound.","twitter:image":"https:\/\/www.rucashk.com\/wp-content\/uploads\/replace\/503b8e645f128a97ccde2b6290747646.jpeg","schema":{"@context":"https:\/\/schema.org","@graph":[{"@type":"BreadcrumbList","@id":"https:\/\/www.rucashk.com\/es\/producto\/jbl-flip-5-portable-waterproof-bluetooth-speaker\/#breadcrumblist","itemListElement":[{"@type":"ListItem","@id":"https:\/\/www.rucashk.com\/es\/#listItem","position":1,"name":"Home","item":"https:\/\/www.rucashk.com\/es\/","nextItem":"https:\/\/www.rucashk.com\/es\/producto\/jbl-flip-5-portable-waterproof-bluetooth-speaker\/#listItem"},{"@type":"ListItem","@id":"https:\/\/www.rucashk.com\/es\/producto\/jbl-flip-5-portable-waterproof-bluetooth-speaker\/#listItem","position":2,"name":"JBL Flip 5 Portable Waterproof Bluetooth Speaker","previousItem":"https:\/\/www.rucashk.com\/es\/#listItem"}]},{"@type":"Organization","@id":"https:\/\/www.rucashk.com\/es\/#organization","name":"Rucas","url":"https:\/\/www.rucashk.com\/es\/","logo":{"@type":"ImageObject","url":"https:\/\/www.rucashk.com\/wp-content\/uploads\/2023\/12\/Rucas_campany_logo.png","@id":"https:\/\/www.rucashk.com\/es\/producto\/jbl-flip-5-portable-waterproof-bluetooth-speaker\/#organizationLogo","width":221,"height":65},"image":{"@id":"https:\/\/www.rucashk.com\/es\/#organizationLogo"}},{"@type":"Person","@id":"https:\/\/www.rucashk.com\/es\/author\/admin\/#author","url":"https:\/\/www.rucashk.com\/es\/author\/admin\/","name":"admin","image":{"@type":"ImageObject","@id":"https:\/\/www.rucashk.com\/es\/producto\/jbl-flip-5-portable-waterproof-bluetooth-speaker\/#authorImage","url":"https:\/\/secure.gravatar.com\/avatar\/b7c8925b09a27e72b30232f8ecaadbd5af0f70a38c78096863fe51b64f031c24?s=96&d=mm&r=g","width":96,"height":96,"caption":"admin"}},{"@type":"WebPage","@id":"https:\/\/www.rucashk.com\/es\/producto\/jbl-flip-5-portable-waterproof-bluetooth-speaker\/#webpage","url":"https:\/\/www.rucashk.com\/es\/producto\/jbl-flip-5-portable-waterproof-bluetooth-speaker\/","name":"JBL Flip 5 Portable Waterproof Bluetooth Speaker - Rucas - Wholesale and Distribution","description":"Feel your music. Flip 5's all new racetrack-shaped driver delivers high output. Enjoy booming bass in a compact package. Don't sweat the small stuff like charging your battery. Flip 5 gives you more than 12 hours of playtime. Keep the music going longer and louder with JBL's signature sound. Bring your speakers anywhere. Pool party? Perfect. Sudden cloudburst? Covered. Bash on the beach? No worries, the Flip 5 is IPX7 waterproof up to 3-feet deep, ensuring fearless outdoor entertainment. PartyBoost allows you to pair two JBL PartyBoost-compatible speakers together for stereo sound or link multiple JBL PartyBoost-compatible speakers to pump up your party. With 11 distinct colour options, the Flip 5 is anything but boring. Broaden your spectrum with JBL's signature sound.","inLanguage":"es-ES","isPartOf":{"@id":"https:\/\/www.rucashk.com\/es\/#website"},"breadcrumb":{"@id":"https:\/\/www.rucashk.com\/es\/producto\/jbl-flip-5-portable-waterproof-bluetooth-speaker\/#breadcrumblist"},"author":{"@id":"https:\/\/www.rucashk.com\/es\/author\/admin\/#author"},"creator":{"@id":"https:\/\/www.rucashk.com\/es\/author\/admin\/#author"},"image":{"@type":"ImageObject","url":"https:\/\/www.rucashk.com\/wp-content\/uploads\/2024\/04\/baa5130e-9b0e-4afd-bf29-53b0b14044ae.png","@id":"https:\/\/www.rucashk.com\/es\/producto\/jbl-flip-5-portable-waterproof-bluetooth-speaker\/#mainImage","width":537,"height":537},"primaryImageOfPage":{"@id":"https:\/\/www.rucashk.com\/es\/producto\/jbl-flip-5-portable-waterproof-bluetooth-speaker\/#mainImage"},"datePublished":"2024-04-18T15:20:51+00:00","dateModified":"2024-04-18T15:22:02+00:00"},{"@type":"WebSite","@id":"https:\/\/www.rucashk.com\/es\/#website","url":"https:\/\/www.rucashk.com\/es\/","name":"Rucas - Wholesale and distribution worldwide","alternateName":"Rucas - One-stop AIoT Distribution Worldwide","description":"One-stop AIoT Distribution Worldwide","inLanguage":"es-ES","publisher":{"@id":"https:\/\/www.rucashk.com\/es\/#organization"}}]}},"aioseo_meta_data":{"post_id":"41062","title":null,"description":null,"keywords":"[]","keyphrases":"{\"focus\":{\"keyphrase\":\"\",\"score\":0,\"analysis\":{\"keyphraseInTitle\":{\"score\":0,\"maxScore\":9,\"error\":1}}},\"additional\":[]}","primary_term":null,"canonical_url":null,"og_title":null,"og_description":null,"og_object_type":"default","og_image_type":"default","og_image_url":null,"og_image_width":null,"og_image_height":null,"og_image_custom_url":null,"og_image_custom_fields":null,"og_video":"","og_custom_url":null,"og_article_section":null,"og_article_tags":"[]","twitter_use_og":false,"twitter_card":"default","twitter_image_type":"default","twitter_image_url":null,"twitter_image_custom_url":null,"twitter_image_custom_fields":null,"twitter_title":null,"twitter_description":null,"schema":{"blockGraphs":[],"customGraphs":[],"default":{"data":{"Article":[],"Course":[],"Dataset":[],"FAQPage":[],"Movie":[],"Person":[],"Product":[],"Recipe":[],"Service":[],"SoftwareApplication":[],"WebPage":[]},"graphName":"Product","isEnabled":true},"graphs":[]},"schema_type":"default","schema_type_options":null,"pillar_content":false,"robots_default":true,"robots_noindex":false,"robots_noarchive":false,"robots_nosnippet":false,"robots_nofollow":false,"robots_noimageindex":false,"robots_noodp":false,"robots_notranslate":false,"robots_max_snippet":"-1","robots_max_videopreview":"-1","robots_max_imagepreview":"large","priority":null,"frequency":"default","local_seo":null,"breadcrumb_settings":null,"limit_modified_date":false,"created":"2024-04-18 15:20:52","updated":"2025-06-22 18:55:55"},"aioseo_breadcrumb":"<div class=\"aioseo-breadcrumbs\"><span class=\"aioseo-breadcrumb\">\n\t<a href=\"https:\/\/www.rucashk.com\/es\" title=\"Home\">Home<\/a>\n<\/span><span class=\"aioseo-breadcrumb-separator\">&raquo;<\/span><span class=\"aioseo-breadcrumb\">\n\t<a href=\"https:\/\/www.rucashk.com\/es\/products\/\" title=\"Productos\">Productos<\/a>\n<\/span><span class=\"aioseo-breadcrumb-separator\">&raquo;<\/span><span class=\"aioseo-breadcrumb\">\n\t<a href=\"https:\/\/www.rucashk.com\/es\/marca\/jbl\/\" title=\"JBL\">JBL<\/a>\n<\/span><span class=\"aioseo-breadcrumb-separator\">&raquo;<\/span><span class=\"aioseo-breadcrumb\">\n\tJBL Flip 5 Portable Waterproof Bluetooth Speaker\n<\/span><\/div>","aioseo_breadcrumb_json":[{"label":"Home","link":"https:\/\/www.rucashk.com\/es"},{"label":"Productos","link":"https:\/\/www.rucashk.com\/es\/products\/"},{"label":"JBL","link":"https:\/\/www.rucashk.com\/es\/marca\/jbl\/"},{"label":"JBL Flip 5 Portable Waterproof Bluetooth Speaker","link":"https:\/\/www.rucashk.com\/es\/producto\/jbl-flip-5-portable-waterproof-bluetooth-speaker\/"}],"_links":{"self":[{"href":"https:\/\/www.rucashk.com\/es\/wp-json\/wp\/v2\/product\/41062","targetHints":{"allow":["GET"]}}],"collection":[{"href":"https:\/\/www.rucashk.com\/es\/wp-json\/wp\/v2\/product"}],"about":[{"href":"https:\/\/www.rucashk.com\/es\/wp-json\/wp\/v2\/types\/product"}],"wp:featuredmedia":[{"embeddable":true,"href":"https:\/\/www.rucashk.com\/es\/wp-json\/wp\/v2\/media\/41068"}],"wp:attachment":[{"href":"https:\/\/www.rucashk.com\/es\/wp-json\/wp\/v2\/media?parent=41062"}],"wp:term":[{"taxonomy":"product_brand","embeddable":true,"href":"https:\/\/www.rucashk.com\/es\/wp-json\/wp\/v2\/product_brand?post=41062"},{"taxonomy":"product_cat","embeddable":true,"href":"https:\/\/www.rucashk.com\/es\/wp-json\/wp\/v2\/product_cat?post=41062"},{"taxonomy":"product_tag","embeddable":true,"href":"https:\/\/www.rucashk.com\/es\/wp-json\/wp\/v2\/product_tag?post=41062"}],"curies":[{"name":"wp","href":"https:\/\/api.w.org\/{rel}","templated":true}]}}