{"id":40892,"date":"2024-04-08T03:49:51","date_gmt":"2024-04-08T03:49:51","guid":{"rendered":"https:\/\/www.rucashk.com\/?post_type=product&#038;p=40892"},"modified":"2025-06-21T05:22:46","modified_gmt":"2025-06-21T05:22:46","slug":"oculus-meta-quest-3-new-mixed-reality-vr-headset","status":"publish","type":"product","link":"https:\/\/www.rucashk.com\/es\/producto\/oculus-meta-quest-3-new-mixed-reality-vr-headset\/","title":{"rendered":"Oculus Meta Quest 3: nuevos auriculares VR de realidad mixta"},"content":{"rendered":"<p><img fetchpriority=\"high\" decoding=\"async\" class=\"alignnone size-full wp-image-40893\" src=\"\/wp-content\/uploads\/replace\/0bdfb6338e5af66660170e67f24a795e.jpeg\" alt=\"Oculus Meta Quest 3: New Mixed Reality VR Headset\" width=\"1464\" height=\"600\" \/> <img decoding=\"async\" class=\"alignnone size-full wp-image-40894\" src=\"\/wp-content\/uploads\/replace\/6cc16742144c13496738fedb89ee00e9.jpeg\" alt=\"Oculus Meta Quest 3: New Mixed Reality VR Headset\" width=\"1464\" height=\"600\" \/> <img decoding=\"async\" class=\"alignnone size-full wp-image-40895\" src=\"\/wp-content\/uploads\/replace\/e498b99360bb215bb18994605575f05f.jpeg\" alt=\"Oculus Meta Quest 3: New Mixed Reality VR Headset\" width=\"1464\" height=\"600\" \/> <img loading=\"lazy\" decoding=\"async\" class=\"alignnone size-full wp-image-40896\" src=\"\/wp-content\/uploads\/replace\/da2b9f0d04d59181aac8d0dc72642f3d.jpeg\" alt=\"Oculus Meta Quest 3: New Mixed Reality VR Headset\" width=\"1464\" height=\"600\" \/> <img loading=\"lazy\" decoding=\"async\" class=\"alignnone size-full wp-image-40897\" src=\"\/wp-content\/uploads\/replace\/25bc1cbe7d6baa82a0509b5ab79eedbb.jpeg\" alt=\"Oculus Meta Quest 3: New Mixed Reality VR Headset\" width=\"1464\" height=\"600\" \/> <img loading=\"lazy\" decoding=\"async\" class=\"alignnone size-full wp-image-40898\" src=\"\/wp-content\/uploads\/replace\/b414998d22f60e006da0372957b3c964.jpeg\" alt=\"Oculus Meta Quest 3: New Mixed Reality VR Headset\" width=\"1464\" height=\"600\" \/> <img loading=\"lazy\" decoding=\"async\" class=\"alignnone size-full wp-image-40899\" src=\"\/wp-content\/uploads\/replace\/04bcbef0d6edb0db5d01990f32142732.jpeg\" alt=\"Oculus Meta Quest 3: New Mixed Reality VR Headset\" width=\"1464\" height=\"600\" \/><\/p>\n<p><strong>Meta misi\u00f3n 3<\/strong><\/p>\n<p>Explora nuevas experiencias extraordinarias en realidad mixta con nuestra Meta Quest m\u00e1s poderosa hasta el momento.*<\/p>\n<p>Ad\u00e9ntrate en la realidad mixta con la versi\u00f3n de 512 GB del\u00a0<strong>Auriculares VR avanzados todo en uno Meta Quest 3<\/strong>. Los auriculares sin PC de tercera generaci\u00f3n combinan VR con AR, utilizando c\u00e1maras RGB duales para brindar acceso a todo color a su entorno real. Esto se puede utilizar para insertar juegos, pantallas y otros objetos virtuales en su entorno. Cuando se trata de realidad virtual, Quest 3 ha sido redise\u00f1ado por dentro y por fuera para ofrecer la mejor experiencia Quest hasta el momento. La potencia gr\u00e1fica se duplica con un nuevo procesador Snapdragon XR2 Gen 2. Las im\u00e1genes son m\u00e1s n\u00edtidas y fluidas con una resoluci\u00f3n m\u00e1s alta por ojo de 2064 x 2208 a una frecuencia de actualizaci\u00f3n de 90 Hz. La inmersi\u00f3n se extiende a los controladores Touch Plus con tecnolog\u00eda h\u00e1ptica TruTouch, y todo es m\u00e1s c\u00f3modo con unos auriculares 40% m\u00e1s livianos y delgados en comparaci\u00f3n con el Quest 2.<\/p>","protected":false},"excerpt":{"rendered":"<ul class=\"list_OMS5rN7R1Z\">\n<li class=\"listItem_OMS5rN7R1Z\" data-selenium=\"sellingPointsListItem\">512 GB de almacenamiento interno<\/li>\n<li class=\"listItem_OMS5rN7R1Z\" data-selenium=\"sellingPointsListItem\">Paso a todo color<\/li>\n<li class=\"listItem_OMS5rN7R1Z\" data-selenium=\"sellingPointsListItem\">Resoluci\u00f3n de 2064 x 2208 por ojo<\/li>\n<li class=\"listItem_OMS5rN7R1Z\" data-selenium=\"sellingPointsListItem\">Procesador Snapdragon XR2 Gen 2<\/li>\n<li class=\"listItem_OMS5rN7R1Z\" data-selenium=\"sellingPointsListItem\">Controladores Touch Plus sin anillo<\/li>\n<li class=\"listItem_OMS5rN7R1Z\" data-selenium=\"sellingPointsListItem\">Retroalimentaci\u00f3n h\u00e1ptica TruTouch<\/li>\n<li class=\"listItem_OMS5rN7R1Z\" data-selenium=\"sellingPointsListItem\">40% M\u00e1s delgado que Quest 2<\/li>\n<li class=\"listItem_OMS5rN7R1Z\" data-selenium=\"sellingPointsListItem\">Audio espacial 3D incorporado<\/li>\n<li class=\"listItem_OMS5rN7R1Z\" data-selenium=\"sellingPointsListItem\">Funciona con todas las aplicaciones y juegos de Quest<\/li>\n<li class=\"listItem_OMS5rN7R1Z\" data-selenium=\"sellingPointsListItem\">Correa ajustable, profundidad de lente e IPD<\/li>\n<\/ul>","protected":false},"featured_media":40910,"template":"","meta":[],"product_brand":[1377],"product_cat":[1329,1322],"product_tag":[],"class_list":{"0":"post-40892","1":"product","2":"type-product","3":"status-publish","4":"has-post-thumbnail","6":"product_brand-oculus","7":"product_cat-oculus","8":"product_cat-other-a-brands","10":"first","11":"instock","12":"shipping-taxable","13":"product-type-simple"},"aioseo_notices":[],"aioseo_head":"\n\t\t<!-- All in One SEO Pro 4.5.9.2 - aioseo.com -->\n\t\t<meta name=\"description\" content=\"512GB of Internal Storage Full-Color Passthrough 2064 x 2208 Resolution per Eye XR2 Gen 2 Snapdragon Processor Ring-Free Touch Plus Controllers TruTouch Haptic Feedback 40% Slimmer Than Quest 2 Built-In 3D Spatial Audio Works with All Quest Apps &amp; Games Adjustable Strap, Lens Depth &amp; IPD\" \/>\n\t\t<meta name=\"robots\" content=\"max-image-preview:large\" \/>\n\t\t<link rel=\"canonical\" href=\"https:\/\/www.rucashk.com\/es\/producto\/oculus-meta-quest-3-new-mixed-reality-vr-headset\/\" \/>\n\t\t<meta name=\"generator\" content=\"All in One SEO Pro (AIOSEO) 4.5.9.2\" \/>\n\t\t<meta property=\"og:locale\" content=\"es_ES\" \/>\n\t\t<meta property=\"og:site_name\" content=\"Rucas - One-stop AIoT Distribution Worldwide\" \/>\n\t\t<meta property=\"og:type\" content=\"article\" \/>\n\t\t<meta property=\"og:title\" content=\"Oculus Meta Quest 3: New Mixed Reality VR Headset - Rucas - Wholesale and Distribution\" \/>\n\t\t<meta property=\"og:description\" content=\"512GB of Internal Storage Full-Color Passthrough 2064 x 2208 Resolution per Eye XR2 Gen 2 Snapdragon Processor Ring-Free Touch Plus Controllers TruTouch Haptic Feedback 40% Slimmer Than Quest 2 Built-In 3D Spatial Audio Works with All Quest Apps &amp; Games Adjustable Strap, Lens Depth &amp; IPD\" \/>\n\t\t<meta property=\"og:url\" content=\"https:\/\/www.rucashk.com\/es\/producto\/oculus-meta-quest-3-new-mixed-reality-vr-headset\/\" \/>\n\t\t<meta property=\"og:image\" content=\"https:\/\/www.rucashk.com\/wp-content\/uploads\/replace\/503b8e645f128a97ccde2b6290747646.jpeg\" \/>\n\t\t<meta property=\"og:image:secure_url\" content=\"https:\/\/www.rucashk.com\/wp-content\/uploads\/replace\/503b8e645f128a97ccde2b6290747646.jpeg\" \/>\n\t\t<meta property=\"og:image:width\" content=\"1456\" \/>\n\t\t<meta property=\"og:image:height\" content=\"816\" \/>\n\t\t<meta property=\"article:published_time\" content=\"2024-04-08T03:49:51+00:00\" \/>\n\t\t<meta property=\"article:modified_time\" content=\"2025-06-21T05:22:46+00:00\" \/>\n\t\t<meta name=\"twitter:card\" content=\"summary_large_image\" \/>\n\t\t<meta name=\"twitter:title\" content=\"Oculus Meta Quest 3: New Mixed Reality VR Headset - Rucas - Wholesale and Distribution\" \/>\n\t\t<meta name=\"twitter:description\" content=\"512GB of Internal Storage Full-Color Passthrough 2064 x 2208 Resolution per Eye XR2 Gen 2 Snapdragon Processor Ring-Free Touch Plus Controllers TruTouch Haptic Feedback 40% Slimmer Than Quest 2 Built-In 3D Spatial Audio Works with All Quest Apps &amp; Games Adjustable Strap, Lens Depth &amp; IPD\" \/>\n\t\t<meta name=\"twitter:image\" content=\"https:\/\/www.rucashk.com\/wp-content\/uploads\/replace\/503b8e645f128a97ccde2b6290747646.jpeg\" \/>\n\t\t<script type=\"application\/ld+json\" class=\"aioseo-schema\">\n\t\t\t{\"@context\":\"https:\\\/\\\/schema.org\",\"@graph\":[{\"@type\":\"BreadcrumbList\",\"@id\":\"https:\\\/\\\/www.rucashk.com\\\/es\\\/producto\\\/oculus-meta-quest-3-new-mixed-reality-vr-headset\\\/#breadcrumblist\",\"itemListElement\":[{\"@type\":\"ListItem\",\"@id\":\"https:\\\/\\\/www.rucashk.com\\\/es\\\/#listItem\",\"position\":1,\"name\":\"Home\",\"item\":\"https:\\\/\\\/www.rucashk.com\\\/es\\\/\",\"nextItem\":\"https:\\\/\\\/www.rucashk.com\\\/es\\\/producto\\\/oculus-meta-quest-3-new-mixed-reality-vr-headset\\\/#listItem\"},{\"@type\":\"ListItem\",\"@id\":\"https:\\\/\\\/www.rucashk.com\\\/es\\\/producto\\\/oculus-meta-quest-3-new-mixed-reality-vr-headset\\\/#listItem\",\"position\":2,\"name\":\"Oculus Meta Quest 3: New Mixed Reality VR Headset\",\"previousItem\":\"https:\\\/\\\/www.rucashk.com\\\/es\\\/#listItem\"}]},{\"@type\":\"Organization\",\"@id\":\"https:\\\/\\\/www.rucashk.com\\\/es\\\/#organization\",\"name\":\"Rucas\",\"url\":\"https:\\\/\\\/www.rucashk.com\\\/es\\\/\",\"logo\":{\"@type\":\"ImageObject\",\"url\":\"https:\\\/\\\/www.rucashk.com\\\/wp-content\\\/uploads\\\/2023\\\/12\\\/Rucas_campany_logo.png\",\"@id\":\"https:\\\/\\\/www.rucashk.com\\\/es\\\/producto\\\/oculus-meta-quest-3-new-mixed-reality-vr-headset\\\/#organizationLogo\",\"width\":221,\"height\":65},\"image\":{\"@id\":\"https:\\\/\\\/www.rucashk.com\\\/es\\\/#organizationLogo\"}},{\"@type\":\"Person\",\"@id\":\"https:\\\/\\\/www.rucashk.com\\\/es\\\/author\\\/admin\\\/#author\",\"url\":\"https:\\\/\\\/www.rucashk.com\\\/es\\\/author\\\/admin\\\/\",\"name\":\"admin\",\"image\":{\"@type\":\"ImageObject\",\"@id\":\"https:\\\/\\\/www.rucashk.com\\\/es\\\/producto\\\/oculus-meta-quest-3-new-mixed-reality-vr-headset\\\/#authorImage\",\"url\":\"https:\\\/\\\/secure.gravatar.com\\\/avatar\\\/b7c8925b09a27e72b30232f8ecaadbd5af0f70a38c78096863fe51b64f031c24?s=96&d=mm&r=g\",\"width\":96,\"height\":96,\"caption\":\"admin\"}},{\"@type\":\"WebPage\",\"@id\":\"https:\\\/\\\/www.rucashk.com\\\/es\\\/producto\\\/oculus-meta-quest-3-new-mixed-reality-vr-headset\\\/#webpage\",\"url\":\"https:\\\/\\\/www.rucashk.com\\\/es\\\/producto\\\/oculus-meta-quest-3-new-mixed-reality-vr-headset\\\/\",\"name\":\"Oculus Meta Quest 3: New Mixed Reality VR Headset - Rucas - Wholesale and Distribution\",\"description\":\"512GB of Internal Storage Full-Color Passthrough 2064 x 2208 Resolution per Eye XR2 Gen 2 Snapdragon Processor Ring-Free Touch Plus Controllers TruTouch Haptic Feedback 40% Slimmer Than Quest 2 Built-In 3D Spatial Audio Works with All Quest Apps & Games Adjustable Strap, Lens Depth & IPD\",\"inLanguage\":\"es-ES\",\"isPartOf\":{\"@id\":\"https:\\\/\\\/www.rucashk.com\\\/es\\\/#website\"},\"breadcrumb\":{\"@id\":\"https:\\\/\\\/www.rucashk.com\\\/es\\\/producto\\\/oculus-meta-quest-3-new-mixed-reality-vr-headset\\\/#breadcrumblist\"},\"author\":{\"@id\":\"https:\\\/\\\/www.rucashk.com\\\/es\\\/author\\\/admin\\\/#author\"},\"creator\":{\"@id\":\"https:\\\/\\\/www.rucashk.com\\\/es\\\/author\\\/admin\\\/#author\"},\"image\":{\"@type\":\"ImageObject\",\"url\":\"https:\\\/\\\/www.rucashk.com\\\/wp-content\\\/uploads\\\/2024\\\/04\\\/Oculus-Meta-Quest-3-VR-Headset-128GB-512GB-Humpty-Dumpty-Empire-Pte-Ltd-2961.webp\",\"@id\":\"https:\\\/\\\/www.rucashk.com\\\/es\\\/producto\\\/oculus-meta-quest-3-new-mixed-reality-vr-headset\\\/#mainImage\",\"width\":1400,\"height\":1400},\"primaryImageOfPage\":{\"@id\":\"https:\\\/\\\/www.rucashk.com\\\/es\\\/producto\\\/oculus-meta-quest-3-new-mixed-reality-vr-headset\\\/#mainImage\"},\"datePublished\":\"2024-04-08T03:49:51+00:00\",\"dateModified\":\"2025-06-21T05:22:46+00:00\"},{\"@type\":\"WebSite\",\"@id\":\"https:\\\/\\\/www.rucashk.com\\\/es\\\/#website\",\"url\":\"https:\\\/\\\/www.rucashk.com\\\/es\\\/\",\"name\":\"Rucas - Wholesale and distribution worldwide\",\"alternateName\":\"Rucas - One-stop AIoT Distribution Worldwide\",\"description\":\"One-stop AIoT Distribution Worldwide\",\"inLanguage\":\"es-ES\",\"publisher\":{\"@id\":\"https:\\\/\\\/www.rucashk.com\\\/es\\\/#organization\"}}]}\n\t\t<\/script>\n\t\t<!-- All in One SEO Pro -->\r\n\t\t<title>Oculus Meta Quest 3: New Mixed Reality VR Headset - Rucas - Wholesale and Distribution<\/title>\n\n","aioseo_head_json":{"title":"Oculus Meta Quest 3: New Mixed Reality VR Headset - Rucas - Wholesale and Distribution","description":"512GB of Internal Storage Full-Color Passthrough 2064 x 2208 Resolution per Eye XR2 Gen 2 Snapdragon Processor Ring-Free Touch Plus Controllers TruTouch Haptic Feedback 40% Slimmer Than Quest 2 Built-In 3D Spatial Audio Works with All Quest Apps & Games Adjustable Strap, Lens Depth & IPD","canonical_url":"https:\/\/www.rucashk.com\/es\/producto\/oculus-meta-quest-3-new-mixed-reality-vr-headset\/","robots":"max-image-preview:large","keywords":"","webmasterTools":{"miscellaneous":""},"og:locale":"es_ES","og:site_name":"Rucas - One-stop AIoT Distribution Worldwide","og:type":"article","og:title":"Oculus Meta Quest 3: New Mixed Reality VR Headset - Rucas - Wholesale and Distribution","og:description":"512GB of Internal Storage Full-Color Passthrough 2064 x 2208 Resolution per Eye XR2 Gen 2 Snapdragon Processor Ring-Free Touch Plus Controllers TruTouch Haptic Feedback 40% Slimmer Than Quest 2 Built-In 3D Spatial Audio Works with All Quest Apps &amp; Games Adjustable Strap, Lens Depth &amp; IPD","og:url":"https:\/\/www.rucashk.com\/es\/producto\/oculus-meta-quest-3-new-mixed-reality-vr-headset\/","og:image":"https:\/\/www.rucashk.com\/wp-content\/uploads\/replace\/503b8e645f128a97ccde2b6290747646.jpeg","og:image:secure_url":"https:\/\/www.rucashk.com\/wp-content\/uploads\/replace\/503b8e645f128a97ccde2b6290747646.jpeg","og:image:width":1456,"og:image:height":816,"article:published_time":"2024-04-08T03:49:51+00:00","article:modified_time":"2025-06-21T05:22:46+00:00","twitter:card":"summary_large_image","twitter:title":"Oculus Meta Quest 3: New Mixed Reality VR Headset - Rucas - Wholesale and Distribution","twitter:description":"512GB of Internal Storage Full-Color Passthrough 2064 x 2208 Resolution per Eye XR2 Gen 2 Snapdragon Processor Ring-Free Touch Plus Controllers TruTouch Haptic Feedback 40% Slimmer Than Quest 2 Built-In 3D Spatial Audio Works with All Quest Apps &amp; Games Adjustable Strap, Lens Depth &amp; IPD","twitter:image":"https:\/\/www.rucashk.com\/wp-content\/uploads\/replace\/503b8e645f128a97ccde2b6290747646.jpeg","schema":{"@context":"https:\/\/schema.org","@graph":[{"@type":"BreadcrumbList","@id":"https:\/\/www.rucashk.com\/es\/producto\/oculus-meta-quest-3-new-mixed-reality-vr-headset\/#breadcrumblist","itemListElement":[{"@type":"ListItem","@id":"https:\/\/www.rucashk.com\/es\/#listItem","position":1,"name":"Home","item":"https:\/\/www.rucashk.com\/es\/","nextItem":"https:\/\/www.rucashk.com\/es\/producto\/oculus-meta-quest-3-new-mixed-reality-vr-headset\/#listItem"},{"@type":"ListItem","@id":"https:\/\/www.rucashk.com\/es\/producto\/oculus-meta-quest-3-new-mixed-reality-vr-headset\/#listItem","position":2,"name":"Oculus Meta Quest 3: New Mixed Reality VR Headset","previousItem":"https:\/\/www.rucashk.com\/es\/#listItem"}]},{"@type":"Organization","@id":"https:\/\/www.rucashk.com\/es\/#organization","name":"Rucas","url":"https:\/\/www.rucashk.com\/es\/","logo":{"@type":"ImageObject","url":"https:\/\/www.rucashk.com\/wp-content\/uploads\/2023\/12\/Rucas_campany_logo.png","@id":"https:\/\/www.rucashk.com\/es\/producto\/oculus-meta-quest-3-new-mixed-reality-vr-headset\/#organizationLogo","width":221,"height":65},"image":{"@id":"https:\/\/www.rucashk.com\/es\/#organizationLogo"}},{"@type":"Person","@id":"https:\/\/www.rucashk.com\/es\/author\/admin\/#author","url":"https:\/\/www.rucashk.com\/es\/author\/admin\/","name":"admin","image":{"@type":"ImageObject","@id":"https:\/\/www.rucashk.com\/es\/producto\/oculus-meta-quest-3-new-mixed-reality-vr-headset\/#authorImage","url":"https:\/\/secure.gravatar.com\/avatar\/b7c8925b09a27e72b30232f8ecaadbd5af0f70a38c78096863fe51b64f031c24?s=96&d=mm&r=g","width":96,"height":96,"caption":"admin"}},{"@type":"WebPage","@id":"https:\/\/www.rucashk.com\/es\/producto\/oculus-meta-quest-3-new-mixed-reality-vr-headset\/#webpage","url":"https:\/\/www.rucashk.com\/es\/producto\/oculus-meta-quest-3-new-mixed-reality-vr-headset\/","name":"Oculus Meta Quest 3: New Mixed Reality VR Headset - Rucas - Wholesale and Distribution","description":"512GB of Internal Storage Full-Color Passthrough 2064 x 2208 Resolution per Eye XR2 Gen 2 Snapdragon Processor Ring-Free Touch Plus Controllers TruTouch Haptic Feedback 40% Slimmer Than Quest 2 Built-In 3D Spatial Audio Works with All Quest Apps & Games Adjustable Strap, Lens Depth & IPD","inLanguage":"es-ES","isPartOf":{"@id":"https:\/\/www.rucashk.com\/es\/#website"},"breadcrumb":{"@id":"https:\/\/www.rucashk.com\/es\/producto\/oculus-meta-quest-3-new-mixed-reality-vr-headset\/#breadcrumblist"},"author":{"@id":"https:\/\/www.rucashk.com\/es\/author\/admin\/#author"},"creator":{"@id":"https:\/\/www.rucashk.com\/es\/author\/admin\/#author"},"image":{"@type":"ImageObject","url":"https:\/\/www.rucashk.com\/wp-content\/uploads\/2024\/04\/Oculus-Meta-Quest-3-VR-Headset-128GB-512GB-Humpty-Dumpty-Empire-Pte-Ltd-2961.webp","@id":"https:\/\/www.rucashk.com\/es\/producto\/oculus-meta-quest-3-new-mixed-reality-vr-headset\/#mainImage","width":1400,"height":1400},"primaryImageOfPage":{"@id":"https:\/\/www.rucashk.com\/es\/producto\/oculus-meta-quest-3-new-mixed-reality-vr-headset\/#mainImage"},"datePublished":"2024-04-08T03:49:51+00:00","dateModified":"2025-06-21T05:22:46+00:00"},{"@type":"WebSite","@id":"https:\/\/www.rucashk.com\/es\/#website","url":"https:\/\/www.rucashk.com\/es\/","name":"Rucas - Wholesale and distribution worldwide","alternateName":"Rucas - One-stop AIoT Distribution Worldwide","description":"One-stop AIoT Distribution Worldwide","inLanguage":"es-ES","publisher":{"@id":"https:\/\/www.rucashk.com\/es\/#organization"}}]}},"aioseo_meta_data":{"post_id":"40892","title":null,"description":null,"keywords":null,"keyphrases":null,"primary_term":null,"canonical_url":null,"og_title":null,"og_description":null,"og_object_type":"default","og_image_type":"default","og_image_url":null,"og_image_width":null,"og_image_height":null,"og_image_custom_url":null,"og_image_custom_fields":null,"og_video":"","og_custom_url":null,"og_article_section":null,"og_article_tags":null,"twitter_use_og":false,"twitter_card":"default","twitter_image_type":"default","twitter_image_url":null,"twitter_image_custom_url":null,"twitter_image_custom_fields":null,"twitter_title":null,"twitter_description":null,"schema":{"blockGraphs":[],"customGraphs":[],"default":{"data":{"Article":[],"Course":[],"Dataset":[],"FAQPage":[],"Movie":[],"Person":[],"Product":[],"Recipe":[],"Service":[],"SoftwareApplication":[],"WebPage":[]},"graphName":"","isEnabled":true},"graphs":[]},"schema_type":"default","schema_type_options":null,"pillar_content":false,"robots_default":true,"robots_noindex":false,"robots_noarchive":false,"robots_nosnippet":false,"robots_nofollow":false,"robots_noimageindex":false,"robots_noodp":false,"robots_notranslate":false,"robots_max_snippet":"-1","robots_max_videopreview":"-1","robots_max_imagepreview":"large","priority":null,"frequency":"default","local_seo":null,"breadcrumb_settings":null,"limit_modified_date":false,"created":"2024-04-11 01:57:23","updated":"2025-06-22 18:54:59"},"aioseo_breadcrumb":"<div class=\"aioseo-breadcrumbs\"><span class=\"aioseo-breadcrumb\">\n\t<a href=\"https:\/\/www.rucashk.com\/es\" title=\"Home\">Home<\/a>\n<\/span><span class=\"aioseo-breadcrumb-separator\">&raquo;<\/span><span class=\"aioseo-breadcrumb\">\n\t<a href=\"https:\/\/www.rucashk.com\/es\/products\/\" title=\"Productos\">Productos<\/a>\n<\/span><span class=\"aioseo-breadcrumb-separator\">&raquo;<\/span><span class=\"aioseo-breadcrumb\">\n\t<a href=\"https:\/\/www.rucashk.com\/es\/marca\/oculus\/\" title=\"Oculus\">Oculus<\/a>\n<\/span><span class=\"aioseo-breadcrumb-separator\">&raquo;<\/span><span class=\"aioseo-breadcrumb\">\n\tOculus Meta Quest 3: New Mixed Reality VR Headset\n<\/span><\/div>","aioseo_breadcrumb_json":[{"label":"Home","link":"https:\/\/www.rucashk.com\/es"},{"label":"Productos","link":"https:\/\/www.rucashk.com\/es\/products\/"},{"label":"Oculus","link":"https:\/\/www.rucashk.com\/es\/marca\/oculus\/"},{"label":"Oculus Meta Quest 3: New Mixed Reality VR Headset","link":"https:\/\/www.rucashk.com\/es\/producto\/oculus-meta-quest-3-new-mixed-reality-vr-headset\/"}],"_links":{"self":[{"href":"https:\/\/www.rucashk.com\/es\/wp-json\/wp\/v2\/product\/40892","targetHints":{"allow":["GET"]}}],"collection":[{"href":"https:\/\/www.rucashk.com\/es\/wp-json\/wp\/v2\/product"}],"about":[{"href":"https:\/\/www.rucashk.com\/es\/wp-json\/wp\/v2\/types\/product"}],"wp:featuredmedia":[{"embeddable":true,"href":"https:\/\/www.rucashk.com\/es\/wp-json\/wp\/v2\/media\/40910"}],"wp:attachment":[{"href":"https:\/\/www.rucashk.com\/es\/wp-json\/wp\/v2\/media?parent=40892"}],"wp:term":[{"taxonomy":"product_brand","embeddable":true,"href":"https:\/\/www.rucashk.com\/es\/wp-json\/wp\/v2\/product_brand?post=40892"},{"taxonomy":"product_cat","embeddable":true,"href":"https:\/\/www.rucashk.com\/es\/wp-json\/wp\/v2\/product_cat?post=40892"},{"taxonomy":"product_tag","embeddable":true,"href":"https:\/\/www.rucashk.com\/es\/wp-json\/wp\/v2\/product_tag?post=40892"}],"curies":[{"name":"wp","href":"https:\/\/api.w.org\/{rel}","templated":true}]}}