{"id":40849,"date":"2024-04-08T03:24:13","date_gmt":"2024-04-08T03:24:13","guid":{"rendered":"https:\/\/www.rucashk.com\/?post_type=product&#038;p=40849"},"modified":"2024-04-08T03:24:16","modified_gmt":"2024-04-08T03:24:16","slug":"looi-robot-turn-your-smartphone-into-a-desktop-robot","status":"publish","type":"product","link":"https:\/\/www.rucashk.com\/es\/producto\/looi-robot-turn-your-smartphone-into-a-desktop-robot\/","title":{"rendered":"Robot LOOI: convierta su tel\u00e9fono inteligente en un robot de escritorio"},"content":{"rendered":"<p><img fetchpriority=\"high\" decoding=\"async\" class=\"alignnone size-full wp-image-40853\" src=\"\/wp-content\/uploads\/replace\/3a2463277395ed61c99ea0f64f0423d1.png\" alt=\"LOOI Robot-Turn Your Smartphone into a Desktop Robot\" width=\"2397\" height=\"1123\" \/> <img decoding=\"async\" class=\"alignnone size-full wp-image-40852\" src=\"\/wp-content\/uploads\/replace\/3357456578e2ae88331231589e039d0b.png\" alt=\"LOOI Robot-Turn Your Smartphone into a Desktop Robot\" width=\"2500\" height=\"1485\" \/> <img decoding=\"async\" class=\"alignnone size-full wp-image-40851\" src=\"\/wp-content\/uploads\/replace\/f39aabd6ba78eee4daa71d28a06e9e1b.png\" alt=\"LOOI Robot-Turn Your Smartphone into a Desktop Robot\" width=\"2500\" height=\"1315\" \/> <img loading=\"lazy\" decoding=\"async\" class=\"alignnone size-full wp-image-40850\" src=\"\/wp-content\/uploads\/replace\/51a47ab2c91a3aaf0e9d8b2d0a6505ed.png\" alt=\"LOOI Robot-Turn Your Smartphone into a Desktop Robot\" width=\"2500\" height=\"1338\" \/><img loading=\"lazy\" decoding=\"async\" class=\"alignnone size-full wp-image-40857\" src=\"\/wp-content\/uploads\/replace\/9acb10e6d5486444246a90e408c45788.png\" alt=\"LOOI Robot-Turn Your Smartphone into a Desktop Robot\" width=\"2500\" height=\"1553\" \/> <img loading=\"lazy\" decoding=\"async\" class=\"alignnone size-full wp-image-40856\" src=\"\/wp-content\/uploads\/replace\/6a124a949f7a518047a27b4a71d60140.png\" alt=\"LOOI Robot-Turn Your Smartphone into a Desktop Robot\" width=\"2500\" height=\"1419\" \/> <img loading=\"lazy\" decoding=\"async\" class=\"alignnone size-full wp-image-40855\" src=\"\/wp-content\/uploads\/replace\/71fdbe6c8519c90962caebd763051909.png\" alt=\"LOOI Robot-Turn Your Smartphone into a Desktop Robot\" width=\"2500\" height=\"1315\" \/> <img loading=\"lazy\" decoding=\"async\" class=\"alignnone size-full wp-image-40854\" src=\"\/wp-content\/uploads\/replace\/b9885671ff390a47756b741937ebb9f3.png\" alt=\"LOOI Robot-Turn Your Smartphone into a Desktop Robot\" width=\"2500\" height=\"1235\" \/><\/p>\n<p>LOOI transforma tu tel\u00e9fono en una peculiar cibercriatura a trav\u00e9s de una conexi\u00f3n magn\u00e9tica, lo que le permite cobrar vida como un peque\u00f1o ser de otra galaxia.<\/p>\n<p>Con gestos simples, LOOI inyecta emoci\u00f3n en cada momento, revolucionando su presencia en el escritorio en un paquete encantador. Es tu compa\u00f1ero m\u00e1s entretenido e \u00edntimo.<\/p>\n<p>A diferencia de los t\u00edpicos &#039;bots mascota&#039; que simplemente siguen \u00f3rdenes, LOOI se destaca por su personalidad \u00fanica y sus pensamientos originales al integrar ChatGPT para el procesamiento del lenguaje natural y los sistemas de comportamiento biomim\u00e9ticos.<\/p>\n<p>Con LOOI, tu tel\u00e9fono se convierte en algo m\u00e1s que un simple dispositivo: es un lindo e inteligente robot y un \u00fatil compa\u00f1ero de trabajo. Se reemplazaron los elementos esenciales del escritorio, se mejoraron la productividad y el flujo de trabajo.<\/p>\n<p>&nbsp;<\/p>","protected":false},"excerpt":{"rendered":"<p>LOOI transforma tu tel\u00e9fono en una peculiar cibercriatura a trav\u00e9s de una conexi\u00f3n magn\u00e9tica, lo que le permite cobrar vida como un peque\u00f1o ser de otra galaxia.<\/p>\n<p>Con gestos simples, LOOI inyecta emoci\u00f3n en cada momento, revolucionando su presencia en el escritorio en un paquete encantador. Es tu compa\u00f1ero m\u00e1s entretenido e \u00edntimo.<\/p>\n<p>A diferencia de los t\u00edpicos &#039;bots mascota&#039; que simplemente siguen \u00f3rdenes, LOOI se destaca por su personalidad \u00fanica y sus pensamientos originales al integrar ChatGPT para el procesamiento del lenguaje natural y los sistemas de comportamiento biomim\u00e9ticos.<\/p>\n<p>Con LOOI, tu tel\u00e9fono se convierte en algo m\u00e1s que un simple dispositivo: es un lindo e inteligente robot y un \u00fatil compa\u00f1ero de trabajo. Se reemplazaron los elementos esenciales del escritorio, se mejoraron la productividad y el flujo de trabajo.<\/p>\n<p>&nbsp;<\/p>","protected":false},"featured_media":40866,"template":"","meta":[],"product_brand":[],"product_cat":[15],"product_tag":[],"class_list":{"0":"post-40849","1":"product","2":"type-product","3":"status-publish","4":"has-post-thumbnail","6":"product_cat-ai","8":"first","9":"instock","10":"shipping-taxable","11":"product-type-simple"},"aioseo_notices":[],"aioseo_head":"\n\t\t<!-- All in One SEO Pro 4.5.9.2 - aioseo.com -->\n\t\t<meta name=\"description\" content=\"LOOI transforms your phone into a quirky cyber-creature through a magnetic connection, allowing him to come to life like a little being from another galaxy. With simple gestures, LOOI injects excitement into every moment, revolutionizing your desk presence in one delightful package. He\u2019s your most entertaining and intimate companion. Unlike typical &#039;pet bots&#039; that merely follow commands, LOOI stands out for its unique personality and original thoughts by integrating ChatGPT for natural language processing and biomimetic behavior systems. With LOOI, your phone becomes more than just a device\u2014it&#039;s a cute, clever robot and a helpful workmate. Desktop essentials replaced, productivity and workflow improved!\" \/>\n\t\t<meta name=\"robots\" content=\"max-image-preview:large\" \/>\n\t\t<link rel=\"canonical\" href=\"https:\/\/www.rucashk.com\/es\/producto\/looi-robot-turn-your-smartphone-into-a-desktop-robot\/\" \/>\n\t\t<meta name=\"generator\" content=\"All in One SEO Pro (AIOSEO) 4.5.9.2\" \/>\n\t\t<meta property=\"og:locale\" content=\"es_ES\" \/>\n\t\t<meta property=\"og:site_name\" content=\"Rucas - One-stop AIoT Distribution Worldwide\" \/>\n\t\t<meta property=\"og:type\" content=\"article\" \/>\n\t\t<meta property=\"og:title\" content=\"LOOI Robot-Turn Your Smartphone into a Desktop Robot - Rucas - Wholesale and Distribution\" \/>\n\t\t<meta property=\"og:description\" content=\"LOOI transforms your phone into a quirky cyber-creature through a magnetic connection, allowing him to come to life like a little being from another galaxy. With simple gestures, LOOI injects excitement into every moment, revolutionizing your desk presence in one delightful package. He\u2019s your most entertaining and intimate companion. Unlike typical &#039;pet bots&#039; that merely follow commands, LOOI stands out for its unique personality and original thoughts by integrating ChatGPT for natural language processing and biomimetic behavior systems. With LOOI, your phone becomes more than just a device\u2014it&#039;s a cute, clever robot and a helpful workmate. Desktop essentials replaced, productivity and workflow improved!\" \/>\n\t\t<meta property=\"og:url\" content=\"https:\/\/www.rucashk.com\/es\/producto\/looi-robot-turn-your-smartphone-into-a-desktop-robot\/\" \/>\n\t\t<meta property=\"og:image\" content=\"https:\/\/www.rucashk.com\/wp-content\/uploads\/replace\/503b8e645f128a97ccde2b6290747646.jpeg\" \/>\n\t\t<meta property=\"og:image:secure_url\" content=\"https:\/\/www.rucashk.com\/wp-content\/uploads\/replace\/503b8e645f128a97ccde2b6290747646.jpeg\" \/>\n\t\t<meta property=\"og:image:width\" content=\"1456\" \/>\n\t\t<meta property=\"og:image:height\" content=\"816\" \/>\n\t\t<meta property=\"article:published_time\" content=\"2024-04-08T03:24:13+00:00\" \/>\n\t\t<meta property=\"article:modified_time\" content=\"2024-04-08T03:24:16+00:00\" \/>\n\t\t<meta name=\"twitter:card\" content=\"summary_large_image\" \/>\n\t\t<meta name=\"twitter:title\" content=\"LOOI Robot-Turn Your Smartphone into a Desktop Robot - Rucas - Wholesale and Distribution\" \/>\n\t\t<meta name=\"twitter:description\" content=\"LOOI transforms your phone into a quirky cyber-creature through a magnetic connection, allowing him to come to life like a little being from another galaxy. With simple gestures, LOOI injects excitement into every moment, revolutionizing your desk presence in one delightful package. He\u2019s your most entertaining and intimate companion. Unlike typical &#039;pet bots&#039; that merely follow commands, LOOI stands out for its unique personality and original thoughts by integrating ChatGPT for natural language processing and biomimetic behavior systems. With LOOI, your phone becomes more than just a device\u2014it&#039;s a cute, clever robot and a helpful workmate. Desktop essentials replaced, productivity and workflow improved!\" \/>\n\t\t<meta name=\"twitter:image\" content=\"https:\/\/www.rucashk.com\/wp-content\/uploads\/replace\/503b8e645f128a97ccde2b6290747646.jpeg\" \/>\n\t\t<script type=\"application\/ld+json\" class=\"aioseo-schema\">\n\t\t\t{\"@context\":\"https:\\\/\\\/schema.org\",\"@graph\":[{\"@type\":\"BreadcrumbList\",\"@id\":\"https:\\\/\\\/www.rucashk.com\\\/es\\\/producto\\\/looi-robot-turn-your-smartphone-into-a-desktop-robot\\\/#breadcrumblist\",\"itemListElement\":[{\"@type\":\"ListItem\",\"@id\":\"https:\\\/\\\/www.rucashk.com\\\/es\\\/#listItem\",\"position\":1,\"name\":\"Home\",\"item\":\"https:\\\/\\\/www.rucashk.com\\\/es\\\/\",\"nextItem\":\"https:\\\/\\\/www.rucashk.com\\\/es\\\/producto\\\/looi-robot-turn-your-smartphone-into-a-desktop-robot\\\/#listItem\"},{\"@type\":\"ListItem\",\"@id\":\"https:\\\/\\\/www.rucashk.com\\\/es\\\/producto\\\/looi-robot-turn-your-smartphone-into-a-desktop-robot\\\/#listItem\",\"position\":2,\"name\":\"LOOI Robot-Turn Your Smartphone into a Desktop Robot\",\"previousItem\":\"https:\\\/\\\/www.rucashk.com\\\/es\\\/#listItem\"}]},{\"@type\":\"Organization\",\"@id\":\"https:\\\/\\\/www.rucashk.com\\\/es\\\/#organization\",\"name\":\"Rucas\",\"url\":\"https:\\\/\\\/www.rucashk.com\\\/es\\\/\",\"logo\":{\"@type\":\"ImageObject\",\"url\":\"https:\\\/\\\/www.rucashk.com\\\/wp-content\\\/uploads\\\/2023\\\/12\\\/Rucas_campany_logo.png\",\"@id\":\"https:\\\/\\\/www.rucashk.com\\\/es\\\/producto\\\/looi-robot-turn-your-smartphone-into-a-desktop-robot\\\/#organizationLogo\",\"width\":221,\"height\":65},\"image\":{\"@id\":\"https:\\\/\\\/www.rucashk.com\\\/es\\\/#organizationLogo\"}},{\"@type\":\"Person\",\"@id\":\"https:\\\/\\\/www.rucashk.com\\\/es\\\/author\\\/admin\\\/#author\",\"url\":\"https:\\\/\\\/www.rucashk.com\\\/es\\\/author\\\/admin\\\/\",\"name\":\"admin\",\"image\":{\"@type\":\"ImageObject\",\"@id\":\"https:\\\/\\\/www.rucashk.com\\\/es\\\/producto\\\/looi-robot-turn-your-smartphone-into-a-desktop-robot\\\/#authorImage\",\"url\":\"https:\\\/\\\/secure.gravatar.com\\\/avatar\\\/b7c8925b09a27e72b30232f8ecaadbd5af0f70a38c78096863fe51b64f031c24?s=96&d=mm&r=g\",\"width\":96,\"height\":96,\"caption\":\"admin\"}},{\"@type\":\"WebPage\",\"@id\":\"https:\\\/\\\/www.rucashk.com\\\/es\\\/producto\\\/looi-robot-turn-your-smartphone-into-a-desktop-robot\\\/#webpage\",\"url\":\"https:\\\/\\\/www.rucashk.com\\\/es\\\/producto\\\/looi-robot-turn-your-smartphone-into-a-desktop-robot\\\/\",\"name\":\"LOOI Robot-Turn Your Smartphone into a Desktop Robot - Rucas - Wholesale and Distribution\",\"description\":\"LOOI transforms your phone into a quirky cyber-creature through a magnetic connection, allowing him to come to life like a little being from another galaxy. With simple gestures, LOOI injects excitement into every moment, revolutionizing your desk presence in one delightful package. He\\u2019s your most entertaining and intimate companion. Unlike typical 'pet bots' that merely follow commands, LOOI stands out for its unique personality and original thoughts by integrating ChatGPT for natural language processing and biomimetic behavior systems. With LOOI, your phone becomes more than just a device\\u2014it's a cute, clever robot and a helpful workmate. Desktop essentials replaced, productivity and workflow improved!\",\"inLanguage\":\"es-ES\",\"isPartOf\":{\"@id\":\"https:\\\/\\\/www.rucashk.com\\\/es\\\/#website\"},\"breadcrumb\":{\"@id\":\"https:\\\/\\\/www.rucashk.com\\\/es\\\/producto\\\/looi-robot-turn-your-smartphone-into-a-desktop-robot\\\/#breadcrumblist\"},\"author\":{\"@id\":\"https:\\\/\\\/www.rucashk.com\\\/es\\\/author\\\/admin\\\/#author\"},\"creator\":{\"@id\":\"https:\\\/\\\/www.rucashk.com\\\/es\\\/author\\\/admin\\\/#author\"},\"image\":{\"@type\":\"ImageObject\",\"url\":\"https:\\\/\\\/www.rucashk.com\\\/wp-content\\\/uploads\\\/2024\\\/04\\\/images.jpg\",\"@id\":\"https:\\\/\\\/www.rucashk.com\\\/es\\\/producto\\\/looi-robot-turn-your-smartphone-into-a-desktop-robot\\\/#mainImage\",\"width\":275,\"height\":183},\"primaryImageOfPage\":{\"@id\":\"https:\\\/\\\/www.rucashk.com\\\/es\\\/producto\\\/looi-robot-turn-your-smartphone-into-a-desktop-robot\\\/#mainImage\"},\"datePublished\":\"2024-04-08T03:24:13+00:00\",\"dateModified\":\"2024-04-08T03:24:16+00:00\"},{\"@type\":\"WebSite\",\"@id\":\"https:\\\/\\\/www.rucashk.com\\\/es\\\/#website\",\"url\":\"https:\\\/\\\/www.rucashk.com\\\/es\\\/\",\"name\":\"Rucas - Wholesale and distribution worldwide\",\"alternateName\":\"Rucas - One-stop AIoT Distribution Worldwide\",\"description\":\"One-stop AIoT Distribution Worldwide\",\"inLanguage\":\"es-ES\",\"publisher\":{\"@id\":\"https:\\\/\\\/www.rucashk.com\\\/es\\\/#organization\"}}]}\n\t\t<\/script>\n\t\t<!-- All in One SEO Pro -->\r\n\t\t<title>LOOI Robot-Turn Your Smartphone into a Desktop Robot - Rucas - Wholesale and Distribution<\/title>\n\n","aioseo_head_json":{"title":"LOOI Robot-Turn Your Smartphone into a Desktop Robot - Rucas - Wholesale and Distribution","description":"LOOI transforms your phone into a quirky cyber-creature through a magnetic connection, allowing him to come to life like a little being from another galaxy. With simple gestures, LOOI injects excitement into every moment, revolutionizing your desk presence in one delightful package. He\u2019s your most entertaining and intimate companion. Unlike typical 'pet bots' that merely follow commands, LOOI stands out for its unique personality and original thoughts by integrating ChatGPT for natural language processing and biomimetic behavior systems. With LOOI, your phone becomes more than just a device\u2014it's a cute, clever robot and a helpful workmate. Desktop essentials replaced, productivity and workflow improved!","canonical_url":"https:\/\/www.rucashk.com\/es\/producto\/looi-robot-turn-your-smartphone-into-a-desktop-robot\/","robots":"max-image-preview:large","keywords":"","webmasterTools":{"miscellaneous":""},"og:locale":"es_ES","og:site_name":"Rucas - One-stop AIoT Distribution Worldwide","og:type":"article","og:title":"LOOI Robot-Turn Your Smartphone into a Desktop Robot - Rucas - Wholesale and Distribution","og:description":"LOOI transforms your phone into a quirky cyber-creature through a magnetic connection, allowing him to come to life like a little being from another galaxy. With simple gestures, LOOI injects excitement into every moment, revolutionizing your desk presence in one delightful package. He\u2019s your most entertaining and intimate companion. Unlike typical 'pet bots' that merely follow commands, LOOI stands out for its unique personality and original thoughts by integrating ChatGPT for natural language processing and biomimetic behavior systems. With LOOI, your phone becomes more than just a device\u2014it's a cute, clever robot and a helpful workmate. Desktop essentials replaced, productivity and workflow improved!","og:url":"https:\/\/www.rucashk.com\/es\/producto\/looi-robot-turn-your-smartphone-into-a-desktop-robot\/","og:image":"https:\/\/www.rucashk.com\/wp-content\/uploads\/replace\/503b8e645f128a97ccde2b6290747646.jpeg","og:image:secure_url":"https:\/\/www.rucashk.com\/wp-content\/uploads\/replace\/503b8e645f128a97ccde2b6290747646.jpeg","og:image:width":1456,"og:image:height":816,"article:published_time":"2024-04-08T03:24:13+00:00","article:modified_time":"2024-04-08T03:24:16+00:00","twitter:card":"summary_large_image","twitter:title":"LOOI Robot-Turn Your Smartphone into a Desktop Robot - Rucas - Wholesale and Distribution","twitter:description":"LOOI transforms your phone into a quirky cyber-creature through a magnetic connection, allowing him to come to life like a little being from another galaxy. With simple gestures, LOOI injects excitement into every moment, revolutionizing your desk presence in one delightful package. He\u2019s your most entertaining and intimate companion. Unlike typical 'pet bots' that merely follow commands, LOOI stands out for its unique personality and original thoughts by integrating ChatGPT for natural language processing and biomimetic behavior systems. With LOOI, your phone becomes more than just a device\u2014it's a cute, clever robot and a helpful workmate. Desktop essentials replaced, productivity and workflow improved!","twitter:image":"https:\/\/www.rucashk.com\/wp-content\/uploads\/replace\/503b8e645f128a97ccde2b6290747646.jpeg","schema":{"@context":"https:\/\/schema.org","@graph":[{"@type":"BreadcrumbList","@id":"https:\/\/www.rucashk.com\/es\/producto\/looi-robot-turn-your-smartphone-into-a-desktop-robot\/#breadcrumblist","itemListElement":[{"@type":"ListItem","@id":"https:\/\/www.rucashk.com\/es\/#listItem","position":1,"name":"Home","item":"https:\/\/www.rucashk.com\/es\/","nextItem":"https:\/\/www.rucashk.com\/es\/producto\/looi-robot-turn-your-smartphone-into-a-desktop-robot\/#listItem"},{"@type":"ListItem","@id":"https:\/\/www.rucashk.com\/es\/producto\/looi-robot-turn-your-smartphone-into-a-desktop-robot\/#listItem","position":2,"name":"LOOI Robot-Turn Your Smartphone into a Desktop Robot","previousItem":"https:\/\/www.rucashk.com\/es\/#listItem"}]},{"@type":"Organization","@id":"https:\/\/www.rucashk.com\/es\/#organization","name":"Rucas","url":"https:\/\/www.rucashk.com\/es\/","logo":{"@type":"ImageObject","url":"https:\/\/www.rucashk.com\/wp-content\/uploads\/2023\/12\/Rucas_campany_logo.png","@id":"https:\/\/www.rucashk.com\/es\/producto\/looi-robot-turn-your-smartphone-into-a-desktop-robot\/#organizationLogo","width":221,"height":65},"image":{"@id":"https:\/\/www.rucashk.com\/es\/#organizationLogo"}},{"@type":"Person","@id":"https:\/\/www.rucashk.com\/es\/author\/admin\/#author","url":"https:\/\/www.rucashk.com\/es\/author\/admin\/","name":"admin","image":{"@type":"ImageObject","@id":"https:\/\/www.rucashk.com\/es\/producto\/looi-robot-turn-your-smartphone-into-a-desktop-robot\/#authorImage","url":"https:\/\/secure.gravatar.com\/avatar\/b7c8925b09a27e72b30232f8ecaadbd5af0f70a38c78096863fe51b64f031c24?s=96&d=mm&r=g","width":96,"height":96,"caption":"admin"}},{"@type":"WebPage","@id":"https:\/\/www.rucashk.com\/es\/producto\/looi-robot-turn-your-smartphone-into-a-desktop-robot\/#webpage","url":"https:\/\/www.rucashk.com\/es\/producto\/looi-robot-turn-your-smartphone-into-a-desktop-robot\/","name":"LOOI Robot-Turn Your Smartphone into a Desktop Robot - Rucas - Wholesale and Distribution","description":"LOOI transforms your phone into a quirky cyber-creature through a magnetic connection, allowing him to come to life like a little being from another galaxy. With simple gestures, LOOI injects excitement into every moment, revolutionizing your desk presence in one delightful package. He\u2019s your most entertaining and intimate companion. Unlike typical 'pet bots' that merely follow commands, LOOI stands out for its unique personality and original thoughts by integrating ChatGPT for natural language processing and biomimetic behavior systems. With LOOI, your phone becomes more than just a device\u2014it's a cute, clever robot and a helpful workmate. Desktop essentials replaced, productivity and workflow improved!","inLanguage":"es-ES","isPartOf":{"@id":"https:\/\/www.rucashk.com\/es\/#website"},"breadcrumb":{"@id":"https:\/\/www.rucashk.com\/es\/producto\/looi-robot-turn-your-smartphone-into-a-desktop-robot\/#breadcrumblist"},"author":{"@id":"https:\/\/www.rucashk.com\/es\/author\/admin\/#author"},"creator":{"@id":"https:\/\/www.rucashk.com\/es\/author\/admin\/#author"},"image":{"@type":"ImageObject","url":"https:\/\/www.rucashk.com\/wp-content\/uploads\/2024\/04\/images.jpg","@id":"https:\/\/www.rucashk.com\/es\/producto\/looi-robot-turn-your-smartphone-into-a-desktop-robot\/#mainImage","width":275,"height":183},"primaryImageOfPage":{"@id":"https:\/\/www.rucashk.com\/es\/producto\/looi-robot-turn-your-smartphone-into-a-desktop-robot\/#mainImage"},"datePublished":"2024-04-08T03:24:13+00:00","dateModified":"2024-04-08T03:24:16+00:00"},{"@type":"WebSite","@id":"https:\/\/www.rucashk.com\/es\/#website","url":"https:\/\/www.rucashk.com\/es\/","name":"Rucas - Wholesale and distribution worldwide","alternateName":"Rucas - One-stop AIoT Distribution Worldwide","description":"One-stop AIoT Distribution Worldwide","inLanguage":"es-ES","publisher":{"@id":"https:\/\/www.rucashk.com\/es\/#organization"}}]}},"aioseo_meta_data":{"post_id":"40849","title":null,"description":null,"keywords":null,"keyphrases":null,"primary_term":null,"canonical_url":null,"og_title":null,"og_description":null,"og_object_type":"default","og_image_type":"default","og_image_url":null,"og_image_width":null,"og_image_height":null,"og_image_custom_url":null,"og_image_custom_fields":null,"og_video":null,"og_custom_url":null,"og_article_section":null,"og_article_tags":null,"twitter_use_og":false,"twitter_card":"default","twitter_image_type":"default","twitter_image_url":null,"twitter_image_custom_url":null,"twitter_image_custom_fields":null,"twitter_title":null,"twitter_description":null,"schema":{"blockGraphs":[],"customGraphs":[],"default":{"data":{"Article":[],"Course":[],"Dataset":[],"FAQPage":[],"Movie":[],"Person":[],"Product":[],"Recipe":[],"Service":[],"SoftwareApplication":[],"WebPage":[]},"graphName":"","isEnabled":true},"graphs":[]},"schema_type":"default","schema_type_options":null,"pillar_content":false,"robots_default":true,"robots_noindex":false,"robots_noarchive":false,"robots_nosnippet":false,"robots_nofollow":false,"robots_noimageindex":false,"robots_noodp":false,"robots_notranslate":false,"robots_max_snippet":null,"robots_max_videopreview":null,"robots_max_imagepreview":"large","priority":null,"frequency":null,"local_seo":null,"breadcrumb_settings":null,"limit_modified_date":false,"created":"2024-04-11 01:57:23","updated":"2025-06-22 18:54:58"},"aioseo_breadcrumb":"<div class=\"aioseo-breadcrumbs\"><span class=\"aioseo-breadcrumb\">\n\t<a href=\"https:\/\/www.rucashk.com\/es\" title=\"Home\">Home<\/a>\n<\/span><span class=\"aioseo-breadcrumb-separator\">&raquo;<\/span><span class=\"aioseo-breadcrumb\">\n\t<a href=\"https:\/\/www.rucashk.com\/es\/products\/\" title=\"Productos\">Productos<\/a>\n<\/span><span class=\"aioseo-breadcrumb-separator\">&raquo;<\/span><span class=\"aioseo-breadcrumb\">\n\t<a href=\"https:\/\/www.rucashk.com\/es\/categoria-producto\/ai\/\" title=\"AI\">AI<\/a>\n<\/span><span class=\"aioseo-breadcrumb-separator\">&raquo;<\/span><span class=\"aioseo-breadcrumb\">\n\tLOOI Robot-Turn Your Smartphone into a Desktop Robot\n<\/span><\/div>","aioseo_breadcrumb_json":[{"label":"Home","link":"https:\/\/www.rucashk.com\/es"},{"label":"Productos","link":"https:\/\/www.rucashk.com\/es\/products\/"},{"label":"AI","link":"https:\/\/www.rucashk.com\/es\/categoria-producto\/ai\/"},{"label":"LOOI Robot-Turn Your Smartphone into a Desktop Robot","link":"https:\/\/www.rucashk.com\/es\/producto\/looi-robot-turn-your-smartphone-into-a-desktop-robot\/"}],"_links":{"self":[{"href":"https:\/\/www.rucashk.com\/es\/wp-json\/wp\/v2\/product\/40849","targetHints":{"allow":["GET"]}}],"collection":[{"href":"https:\/\/www.rucashk.com\/es\/wp-json\/wp\/v2\/product"}],"about":[{"href":"https:\/\/www.rucashk.com\/es\/wp-json\/wp\/v2\/types\/product"}],"wp:featuredmedia":[{"embeddable":true,"href":"https:\/\/www.rucashk.com\/es\/wp-json\/wp\/v2\/media\/40866"}],"wp:attachment":[{"href":"https:\/\/www.rucashk.com\/es\/wp-json\/wp\/v2\/media?parent=40849"}],"wp:term":[{"taxonomy":"product_brand","embeddable":true,"href":"https:\/\/www.rucashk.com\/es\/wp-json\/wp\/v2\/product_brand?post=40849"},{"taxonomy":"product_cat","embeddable":true,"href":"https:\/\/www.rucashk.com\/es\/wp-json\/wp\/v2\/product_cat?post=40849"},{"taxonomy":"product_tag","embeddable":true,"href":"https:\/\/www.rucashk.com\/es\/wp-json\/wp\/v2\/product_tag?post=40849"}],"curies":[{"name":"wp","href":"https:\/\/api.w.org\/{rel}","templated":true}]}}