{"id":40734,"date":"2024-04-06T14:13:29","date_gmt":"2024-04-06T14:13:29","guid":{"rendered":"https:\/\/www.rucashk.com\/?post_type=product&#038;p=40734"},"modified":"2025-06-21T05:23:12","modified_gmt":"2025-06-21T05:23:12","slug":"xiaomi-mijia-body-fat-scale-s400","status":"publish","type":"product","link":"https:\/\/www.rucashk.com\/es\/producto\/xiaomi-mijia-body-fat-scale-s400\/","title":{"rendered":"B\u00e1scula de grasa corporal Xiaomi Mijia S400"},"content":{"rendered":"<p><img decoding=\"async\" alt=\"Xiaomi Mijia Body Fat Scale S400\" src=\"\/wp-content\/uploads\/replace\/a8eeaced774562f1c17154d89638b9db.png\" \/><img decoding=\"async\" alt=\"Xiaomi Mijia Body Fat Scale S400\" src=\"\/wp-content\/uploads\/replace\/4a2f9acb357f01a0bffdf35cb30eca7b.png\" \/><img decoding=\"async\" alt=\"Xiaomi Mijia Body Fat Scale S400\" src=\"\/wp-content\/uploads\/replace\/c1167c09f70100355f36570d67385283.png\" \/><img decoding=\"async\" alt=\"Xiaomi Mijia Body Fat Scale S400\" src=\"\/wp-content\/uploads\/replace\/56ea326419a5483936ae834366038490.png\" \/><img decoding=\"async\" alt=\"Xiaomi Mijia Body Fat Scale S400\" src=\"\/wp-content\/uploads\/replace\/273230d370a76542434c7248252e6e9d.png\" \/><img decoding=\"async\" alt=\"Xiaomi Mijia Body Fat Scale S400\" src=\"\/wp-content\/uploads\/replace\/412cb919be9e16ccff68d23d7e65a82d.png\" \/><img decoding=\"async\" alt=\"Xiaomi Mijia Body Fat Scale S400\" src=\"\/wp-content\/uploads\/replace\/5634d1ffeb7ca93c7ea02046500fe16a.png\" \/><img decoding=\"async\" alt=\"Xiaomi Mijia Body Fat Scale S400\" src=\"\/wp-content\/uploads\/replace\/1de50c2fd7708d555988de3e7a822c3b.png\" \/><img decoding=\"async\" alt=\"Xiaomi Mijia Body Fat Scale S400\" src=\"\/wp-content\/uploads\/replace\/76519b40d675e50fdf2dbe75f748e5b8.png\" \/><img decoding=\"async\" alt=\"Xiaomi Mijia Body Fat Scale S400\" src=\"\/wp-content\/uploads\/replace\/8949672bf012768baa7866ac31824005.png\" \/><img decoding=\"async\" alt=\"Xiaomi Mijia Body Fat Scale S400\" src=\"\/wp-content\/uploads\/replace\/55baa3be8d587e2fe372b75cdd064571.png\" \/><img decoding=\"async\" alt=\"Xiaomi Mijia Body Fat Scale S400\" src=\"\/wp-content\/uploads\/replace\/75ba35558550cd13c9e96a428f86be35.png\" \/><\/p>\n<p>Xiaomi Mijia Body Fat Scale S400 presenta un dise\u00f1o elegante que encaja perfectamente en el hogar. Cuenta con una pantalla LED oculta incrustada en la superficie de la escala de vidrio templado. La superficie tambi\u00e9n tiene una pel\u00edcula conductora (electrodo) de ITO transparente, mientras que el cuerpo est\u00e1 hecho de pl\u00e1stico de ingenier\u00eda ABS.<\/p>\n<p>Xiaomi Mijia Body Fat Scale S400 est\u00e1 equipada con ocho electrodos que son capaces de medir la grasa corporal con un alto grado de precisi\u00f3n comparable a la que se obtiene con productos profesionales como el escaneo DEXA.<\/p>\n<p>Los datos son muy precisos ya que se miden las extremidades superiores, las extremidades inferiores y el torso, a diferencia de la b\u00e1scula de 4 electrodos que mide solo las extremidades inferiores. La b\u00e1scula puede ser utilizada por personas de distintos tipos de cuerpo, desde 6 hasta 80 a\u00f1os. El dispositivo analiza m\u00e1s a fondo la grasa del h\u00edgado para ayudar a detectar cualquier anomal\u00eda.<\/p>\n<p>Xiaomi Mijia Body Fat Scale S400 est\u00e1 equipada con conectividad WiFi y Bluetooth que se puede usar para conectar y sincronizar los datos con la aplicaci\u00f3n complementaria y tambi\u00e9n para almacenar los datos del usuario en la nube. Funciona con tres pilas AA que pueden durar unos 360 d\u00edas suponiendo que la b\u00e1scula se utilice una vez al d\u00eda.<\/p>\n<p>Algoritmo de detecci\u00f3n de composici\u00f3n corporal Xiaomi Mijia Body Fat Scale S400 para una medici\u00f3n m\u00e1s precisa. La correlaci\u00f3n con el est\u00e1ndar de oro DEXA puede alcanzar m\u00e1s de 0,932.<\/p>","protected":false},"excerpt":{"rendered":"<ul>\n<li>Nombre del producto: B\u00e1scula de grasa corporal Mijia S400<\/li>\n<li>Modelo de producto: Mjtzc01ym<\/li>\n<li>Tama\u00f1o del producto: 300 \u00d7 300 \u00d7 24,55 mm.<\/li>\n<li>Tama\u00f1o del producto: 300 \u00d7 300 \u00d7 24,55 mm.<\/li>\n<li>Unidades de pesaje: kg., g.<\/li>\n<li>Rango de pesaje: 0,1 ~ 150 kg<\/li>\n<li>Rango de pesaje: 0,1 ~ 150 kg<\/li>\n<li>Graduaci\u00f3n m\u00ednima: 0,1 kg<\/li>\n<li>Material de la carcasa: vidrio templado + pl\u00e1stico de ingenier\u00eda<\/li>\n<li>Temperatura de trabajo: 0 \u2103 ~ 40 \u2103<\/li>\n<li>Peso neto del producto: 1,45 kg<\/li>\n<li>Conexi\u00f3n inal\u00e1mbrica\u2022Conexi\u00f3n inal\u00e1mbrica: Bluetooth 5.0 de bajo consumo<\/li>\n<li>Voltaje: 4,5 v (3 pilas AAA) (no incluidas)<\/li>\n<li>Sistemas compatibles: Android 8.0 o iOS 12.0 y superior<\/li>\n<\/ul>","protected":false},"featured_media":40737,"template":"","meta":[],"product_brand":[1363],"product_cat":[1318,1305],"product_tag":[],"class_list":{"0":"post-40734","1":"product","2":"type-product","3":"status-publish","4":"has-post-thumbnail","6":"product_brand-xiaomi","7":"product_cat-gadgets","8":"product_cat-xiaomi-eco","10":"first","11":"instock","12":"shipping-taxable","13":"product-type-simple"},"aioseo_notices":[],"aioseo_head":"\n\t\t<!-- All in One SEO Pro 4.5.9.2 - aioseo.com -->\n\t\t<meta name=\"description\" content=\"Product name: Mijia Body Fat Scale S400 Product model: Mjtzc01ym Product size: 300 \u00d7 300 \u00d7 24.55 mm. Product size: 300 \u00d7 300 \u00d7 24.55 mm. Weighing units: kg., g. Weighing range: 0.1~150kg Weighing range: 0.1~150kg Minimum graduation: 0.1 kg Shell material: Tempered glass + engineering plastic Working temperature : 0\u2103~40\u2103 Net weight of product: 1.45 kg Wireless connection\u2022Wireless connection: Bluetooth 5.0 low energy Voltage: 4.5v (3 \u00d7 AAA batteries) (not included) Supported systems: Android 8.0 or iOS 12.0 and above\" \/>\n\t\t<meta name=\"robots\" content=\"max-image-preview:large\" \/>\n\t\t<link rel=\"canonical\" href=\"https:\/\/www.rucashk.com\/es\/producto\/xiaomi-mijia-body-fat-scale-s400\/\" \/>\n\t\t<meta name=\"generator\" content=\"All in One SEO Pro (AIOSEO) 4.5.9.2\" \/>\n\t\t<meta property=\"og:locale\" content=\"es_ES\" \/>\n\t\t<meta property=\"og:site_name\" content=\"Rucas - One-stop AIoT Distribution Worldwide\" \/>\n\t\t<meta property=\"og:type\" content=\"article\" \/>\n\t\t<meta property=\"og:title\" content=\"Xiaomi Mijia Body Fat Scale S400 - Rucas - Wholesale and Distribution\" \/>\n\t\t<meta property=\"og:description\" content=\"Product name: Mijia Body Fat Scale S400 Product model: Mjtzc01ym Product size: 300 \u00d7 300 \u00d7 24.55 mm. Product size: 300 \u00d7 300 \u00d7 24.55 mm. Weighing units: kg., g. Weighing range: 0.1~150kg Weighing range: 0.1~150kg Minimum graduation: 0.1 kg Shell material: Tempered glass + engineering plastic Working temperature : 0\u2103~40\u2103 Net weight of product: 1.45 kg Wireless connection\u2022Wireless connection: Bluetooth 5.0 low energy Voltage: 4.5v (3 \u00d7 AAA batteries) (not included) Supported systems: Android 8.0 or iOS 12.0 and above\" \/>\n\t\t<meta property=\"og:url\" content=\"https:\/\/www.rucashk.com\/es\/producto\/xiaomi-mijia-body-fat-scale-s400\/\" \/>\n\t\t<meta property=\"og:image\" content=\"https:\/\/www.rucashk.com\/wp-content\/uploads\/replace\/503b8e645f128a97ccde2b6290747646.jpeg\" \/>\n\t\t<meta property=\"og:image:secure_url\" content=\"https:\/\/www.rucashk.com\/wp-content\/uploads\/replace\/503b8e645f128a97ccde2b6290747646.jpeg\" \/>\n\t\t<meta property=\"og:image:width\" content=\"1456\" \/>\n\t\t<meta property=\"og:image:height\" content=\"816\" \/>\n\t\t<meta property=\"article:published_time\" content=\"2024-04-06T14:13:29+00:00\" \/>\n\t\t<meta property=\"article:modified_time\" content=\"2025-06-21T05:23:12+00:00\" \/>\n\t\t<meta name=\"twitter:card\" content=\"summary_large_image\" \/>\n\t\t<meta name=\"twitter:title\" content=\"Xiaomi Mijia Body Fat Scale S400 - Rucas - Wholesale and Distribution\" \/>\n\t\t<meta name=\"twitter:description\" content=\"Product name: Mijia Body Fat Scale S400 Product model: Mjtzc01ym Product size: 300 \u00d7 300 \u00d7 24.55 mm. Product size: 300 \u00d7 300 \u00d7 24.55 mm. Weighing units: kg., g. Weighing range: 0.1~150kg Weighing range: 0.1~150kg Minimum graduation: 0.1 kg Shell material: Tempered glass + engineering plastic Working temperature : 0\u2103~40\u2103 Net weight of product: 1.45 kg Wireless connection\u2022Wireless connection: Bluetooth 5.0 low energy Voltage: 4.5v (3 \u00d7 AAA batteries) (not included) Supported systems: Android 8.0 or iOS 12.0 and above\" \/>\n\t\t<meta name=\"twitter:image\" content=\"https:\/\/www.rucashk.com\/wp-content\/uploads\/replace\/503b8e645f128a97ccde2b6290747646.jpeg\" \/>\n\t\t<script type=\"application\/ld+json\" class=\"aioseo-schema\">\n\t\t\t{\"@context\":\"https:\\\/\\\/schema.org\",\"@graph\":[{\"@type\":\"BreadcrumbList\",\"@id\":\"https:\\\/\\\/www.rucashk.com\\\/es\\\/producto\\\/xiaomi-mijia-body-fat-scale-s400\\\/#breadcrumblist\",\"itemListElement\":[{\"@type\":\"ListItem\",\"@id\":\"https:\\\/\\\/www.rucashk.com\\\/es\\\/#listItem\",\"position\":1,\"name\":\"Home\",\"item\":\"https:\\\/\\\/www.rucashk.com\\\/es\\\/\",\"nextItem\":\"https:\\\/\\\/www.rucashk.com\\\/es\\\/producto\\\/xiaomi-mijia-body-fat-scale-s400\\\/#listItem\"},{\"@type\":\"ListItem\",\"@id\":\"https:\\\/\\\/www.rucashk.com\\\/es\\\/producto\\\/xiaomi-mijia-body-fat-scale-s400\\\/#listItem\",\"position\":2,\"name\":\"Xiaomi Mijia Body Fat Scale S400\",\"previousItem\":\"https:\\\/\\\/www.rucashk.com\\\/es\\\/#listItem\"}]},{\"@type\":\"Organization\",\"@id\":\"https:\\\/\\\/www.rucashk.com\\\/es\\\/#organization\",\"name\":\"Rucas\",\"url\":\"https:\\\/\\\/www.rucashk.com\\\/es\\\/\",\"logo\":{\"@type\":\"ImageObject\",\"url\":\"https:\\\/\\\/www.rucashk.com\\\/wp-content\\\/uploads\\\/2023\\\/12\\\/Rucas_campany_logo.png\",\"@id\":\"https:\\\/\\\/www.rucashk.com\\\/es\\\/producto\\\/xiaomi-mijia-body-fat-scale-s400\\\/#organizationLogo\",\"width\":221,\"height\":65},\"image\":{\"@id\":\"https:\\\/\\\/www.rucashk.com\\\/es\\\/#organizationLogo\"}},{\"@type\":\"Person\",\"@id\":\"https:\\\/\\\/www.rucashk.com\\\/es\\\/author\\\/admin\\\/#author\",\"url\":\"https:\\\/\\\/www.rucashk.com\\\/es\\\/author\\\/admin\\\/\",\"name\":\"admin\",\"image\":{\"@type\":\"ImageObject\",\"@id\":\"https:\\\/\\\/www.rucashk.com\\\/es\\\/producto\\\/xiaomi-mijia-body-fat-scale-s400\\\/#authorImage\",\"url\":\"https:\\\/\\\/secure.gravatar.com\\\/avatar\\\/b7c8925b09a27e72b30232f8ecaadbd5af0f70a38c78096863fe51b64f031c24?s=96&d=mm&r=g\",\"width\":96,\"height\":96,\"caption\":\"admin\"}},{\"@type\":\"WebPage\",\"@id\":\"https:\\\/\\\/www.rucashk.com\\\/es\\\/producto\\\/xiaomi-mijia-body-fat-scale-s400\\\/#webpage\",\"url\":\"https:\\\/\\\/www.rucashk.com\\\/es\\\/producto\\\/xiaomi-mijia-body-fat-scale-s400\\\/\",\"name\":\"Xiaomi Mijia Body Fat Scale S400 - Rucas - Wholesale and Distribution\",\"description\":\"Product name: Mijia Body Fat Scale S400 Product model: Mjtzc01ym Product size: 300 \\u00d7 300 \\u00d7 24.55 mm. Product size: 300 \\u00d7 300 \\u00d7 24.55 mm. Weighing units: kg., g. Weighing range: 0.1~150kg Weighing range: 0.1~150kg Minimum graduation: 0.1 kg Shell material: Tempered glass + engineering plastic Working temperature : 0\\u2103~40\\u2103 Net weight of product: 1.45 kg Wireless connection\\u2022Wireless connection: Bluetooth 5.0 low energy Voltage: 4.5v (3 \\u00d7 AAA batteries) (not included) Supported systems: Android 8.0 or iOS 12.0 and above\",\"inLanguage\":\"es-ES\",\"isPartOf\":{\"@id\":\"https:\\\/\\\/www.rucashk.com\\\/es\\\/#website\"},\"breadcrumb\":{\"@id\":\"https:\\\/\\\/www.rucashk.com\\\/es\\\/producto\\\/xiaomi-mijia-body-fat-scale-s400\\\/#breadcrumblist\"},\"author\":{\"@id\":\"https:\\\/\\\/www.rucashk.com\\\/es\\\/author\\\/admin\\\/#author\"},\"creator\":{\"@id\":\"https:\\\/\\\/www.rucashk.com\\\/es\\\/author\\\/admin\\\/#author\"},\"image\":{\"@type\":\"ImageObject\",\"url\":\"https:\\\/\\\/www.rucashk.com\\\/wp-content\\\/uploads\\\/2024\\\/04\\\/6adc17e59719409b258fbe7e88fb4dbb400x40085.png\",\"@id\":\"https:\\\/\\\/www.rucashk.com\\\/es\\\/producto\\\/xiaomi-mijia-body-fat-scale-s400\\\/#mainImage\",\"width\":400,\"height\":400},\"primaryImageOfPage\":{\"@id\":\"https:\\\/\\\/www.rucashk.com\\\/es\\\/producto\\\/xiaomi-mijia-body-fat-scale-s400\\\/#mainImage\"},\"datePublished\":\"2024-04-06T14:13:29+00:00\",\"dateModified\":\"2025-06-21T05:23:12+00:00\"},{\"@type\":\"WebSite\",\"@id\":\"https:\\\/\\\/www.rucashk.com\\\/es\\\/#website\",\"url\":\"https:\\\/\\\/www.rucashk.com\\\/es\\\/\",\"name\":\"Rucas - Wholesale and distribution worldwide\",\"alternateName\":\"Rucas - One-stop AIoT Distribution Worldwide\",\"description\":\"One-stop AIoT Distribution Worldwide\",\"inLanguage\":\"es-ES\",\"publisher\":{\"@id\":\"https:\\\/\\\/www.rucashk.com\\\/es\\\/#organization\"}}]}\n\t\t<\/script>\n\t\t<!-- All in One SEO Pro -->\r\n\t\t<title>Xiaomi Mijia Body Fat Scale S400 - Rucas - Wholesale and Distribution<\/title>\n\n","aioseo_head_json":{"title":"Xiaomi Mijia Body Fat Scale S400 - Rucas - Wholesale and Distribution","description":"Product name: Mijia Body Fat Scale S400 Product model: Mjtzc01ym Product size: 300 \u00d7 300 \u00d7 24.55 mm. Product size: 300 \u00d7 300 \u00d7 24.55 mm. Weighing units: kg., g. Weighing range: 0.1~150kg Weighing range: 0.1~150kg Minimum graduation: 0.1 kg Shell material: Tempered glass + engineering plastic Working temperature : 0\u2103~40\u2103 Net weight of product: 1.45 kg Wireless connection\u2022Wireless connection: Bluetooth 5.0 low energy Voltage: 4.5v (3 \u00d7 AAA batteries) (not included) Supported systems: Android 8.0 or iOS 12.0 and above","canonical_url":"https:\/\/www.rucashk.com\/es\/producto\/xiaomi-mijia-body-fat-scale-s400\/","robots":"max-image-preview:large","keywords":"","webmasterTools":{"miscellaneous":""},"og:locale":"es_ES","og:site_name":"Rucas - One-stop AIoT Distribution Worldwide","og:type":"article","og:title":"Xiaomi Mijia Body Fat Scale S400 - Rucas - Wholesale and Distribution","og:description":"Product name: Mijia Body Fat Scale S400 Product model: Mjtzc01ym Product size: 300 \u00d7 300 \u00d7 24.55 mm. Product size: 300 \u00d7 300 \u00d7 24.55 mm. Weighing units: kg., g. Weighing range: 0.1~150kg Weighing range: 0.1~150kg Minimum graduation: 0.1 kg Shell material: Tempered glass + engineering plastic Working temperature : 0\u2103~40\u2103 Net weight of product: 1.45 kg Wireless connection\u2022Wireless connection: Bluetooth 5.0 low energy Voltage: 4.5v (3 \u00d7 AAA batteries) (not included) Supported systems: Android 8.0 or iOS 12.0 and above","og:url":"https:\/\/www.rucashk.com\/es\/producto\/xiaomi-mijia-body-fat-scale-s400\/","og:image":"https:\/\/www.rucashk.com\/wp-content\/uploads\/replace\/503b8e645f128a97ccde2b6290747646.jpeg","og:image:secure_url":"https:\/\/www.rucashk.com\/wp-content\/uploads\/replace\/503b8e645f128a97ccde2b6290747646.jpeg","og:image:width":1456,"og:image:height":816,"article:published_time":"2024-04-06T14:13:29+00:00","article:modified_time":"2025-06-21T05:23:12+00:00","twitter:card":"summary_large_image","twitter:title":"Xiaomi Mijia Body Fat Scale S400 - Rucas - Wholesale and Distribution","twitter:description":"Product name: Mijia Body Fat Scale S400 Product model: Mjtzc01ym Product size: 300 \u00d7 300 \u00d7 24.55 mm. Product size: 300 \u00d7 300 \u00d7 24.55 mm. Weighing units: kg., g. Weighing range: 0.1~150kg Weighing range: 0.1~150kg Minimum graduation: 0.1 kg Shell material: Tempered glass + engineering plastic Working temperature : 0\u2103~40\u2103 Net weight of product: 1.45 kg Wireless connection\u2022Wireless connection: Bluetooth 5.0 low energy Voltage: 4.5v (3 \u00d7 AAA batteries) (not included) Supported systems: Android 8.0 or iOS 12.0 and above","twitter:image":"https:\/\/www.rucashk.com\/wp-content\/uploads\/replace\/503b8e645f128a97ccde2b6290747646.jpeg","schema":{"@context":"https:\/\/schema.org","@graph":[{"@type":"BreadcrumbList","@id":"https:\/\/www.rucashk.com\/es\/producto\/xiaomi-mijia-body-fat-scale-s400\/#breadcrumblist","itemListElement":[{"@type":"ListItem","@id":"https:\/\/www.rucashk.com\/es\/#listItem","position":1,"name":"Home","item":"https:\/\/www.rucashk.com\/es\/","nextItem":"https:\/\/www.rucashk.com\/es\/producto\/xiaomi-mijia-body-fat-scale-s400\/#listItem"},{"@type":"ListItem","@id":"https:\/\/www.rucashk.com\/es\/producto\/xiaomi-mijia-body-fat-scale-s400\/#listItem","position":2,"name":"Xiaomi Mijia Body Fat Scale S400","previousItem":"https:\/\/www.rucashk.com\/es\/#listItem"}]},{"@type":"Organization","@id":"https:\/\/www.rucashk.com\/es\/#organization","name":"Rucas","url":"https:\/\/www.rucashk.com\/es\/","logo":{"@type":"ImageObject","url":"https:\/\/www.rucashk.com\/wp-content\/uploads\/2023\/12\/Rucas_campany_logo.png","@id":"https:\/\/www.rucashk.com\/es\/producto\/xiaomi-mijia-body-fat-scale-s400\/#organizationLogo","width":221,"height":65},"image":{"@id":"https:\/\/www.rucashk.com\/es\/#organizationLogo"}},{"@type":"Person","@id":"https:\/\/www.rucashk.com\/es\/author\/admin\/#author","url":"https:\/\/www.rucashk.com\/es\/author\/admin\/","name":"admin","image":{"@type":"ImageObject","@id":"https:\/\/www.rucashk.com\/es\/producto\/xiaomi-mijia-body-fat-scale-s400\/#authorImage","url":"https:\/\/secure.gravatar.com\/avatar\/b7c8925b09a27e72b30232f8ecaadbd5af0f70a38c78096863fe51b64f031c24?s=96&d=mm&r=g","width":96,"height":96,"caption":"admin"}},{"@type":"WebPage","@id":"https:\/\/www.rucashk.com\/es\/producto\/xiaomi-mijia-body-fat-scale-s400\/#webpage","url":"https:\/\/www.rucashk.com\/es\/producto\/xiaomi-mijia-body-fat-scale-s400\/","name":"Xiaomi Mijia Body Fat Scale S400 - Rucas - Wholesale and Distribution","description":"Product name: Mijia Body Fat Scale S400 Product model: Mjtzc01ym Product size: 300 \u00d7 300 \u00d7 24.55 mm. Product size: 300 \u00d7 300 \u00d7 24.55 mm. Weighing units: kg., g. Weighing range: 0.1~150kg Weighing range: 0.1~150kg Minimum graduation: 0.1 kg Shell material: Tempered glass + engineering plastic Working temperature : 0\u2103~40\u2103 Net weight of product: 1.45 kg Wireless connection\u2022Wireless connection: Bluetooth 5.0 low energy Voltage: 4.5v (3 \u00d7 AAA batteries) (not included) Supported systems: Android 8.0 or iOS 12.0 and above","inLanguage":"es-ES","isPartOf":{"@id":"https:\/\/www.rucashk.com\/es\/#website"},"breadcrumb":{"@id":"https:\/\/www.rucashk.com\/es\/producto\/xiaomi-mijia-body-fat-scale-s400\/#breadcrumblist"},"author":{"@id":"https:\/\/www.rucashk.com\/es\/author\/admin\/#author"},"creator":{"@id":"https:\/\/www.rucashk.com\/es\/author\/admin\/#author"},"image":{"@type":"ImageObject","url":"https:\/\/www.rucashk.com\/wp-content\/uploads\/2024\/04\/6adc17e59719409b258fbe7e88fb4dbb400x40085.png","@id":"https:\/\/www.rucashk.com\/es\/producto\/xiaomi-mijia-body-fat-scale-s400\/#mainImage","width":400,"height":400},"primaryImageOfPage":{"@id":"https:\/\/www.rucashk.com\/es\/producto\/xiaomi-mijia-body-fat-scale-s400\/#mainImage"},"datePublished":"2024-04-06T14:13:29+00:00","dateModified":"2025-06-21T05:23:12+00:00"},{"@type":"WebSite","@id":"https:\/\/www.rucashk.com\/es\/#website","url":"https:\/\/www.rucashk.com\/es\/","name":"Rucas - Wholesale and distribution worldwide","alternateName":"Rucas - One-stop AIoT Distribution Worldwide","description":"One-stop AIoT Distribution Worldwide","inLanguage":"es-ES","publisher":{"@id":"https:\/\/www.rucashk.com\/es\/#organization"}}]}},"aioseo_meta_data":{"post_id":"40734","title":null,"description":null,"keywords":null,"keyphrases":null,"primary_term":null,"canonical_url":null,"og_title":null,"og_description":null,"og_object_type":"default","og_image_type":"default","og_image_url":null,"og_image_width":null,"og_image_height":null,"og_image_custom_url":null,"og_image_custom_fields":null,"og_video":"","og_custom_url":null,"og_article_section":null,"og_article_tags":null,"twitter_use_og":false,"twitter_card":"default","twitter_image_type":"default","twitter_image_url":null,"twitter_image_custom_url":null,"twitter_image_custom_fields":null,"twitter_title":null,"twitter_description":null,"schema":{"blockGraphs":[],"customGraphs":[],"default":{"data":{"Article":[],"Course":[],"Dataset":[],"FAQPage":[],"Movie":[],"Person":[],"Product":[],"Recipe":[],"Service":[],"SoftwareApplication":[],"WebPage":[]},"graphName":"","isEnabled":true},"graphs":[]},"schema_type":"default","schema_type_options":null,"pillar_content":false,"robots_default":true,"robots_noindex":false,"robots_noarchive":false,"robots_nosnippet":false,"robots_nofollow":false,"robots_noimageindex":false,"robots_noodp":false,"robots_notranslate":false,"robots_max_snippet":"-1","robots_max_videopreview":"-1","robots_max_imagepreview":"large","priority":null,"frequency":"default","local_seo":null,"breadcrumb_settings":null,"limit_modified_date":false,"created":"2024-04-11 01:57:23","updated":"2025-06-22 18:54:58"},"aioseo_breadcrumb":"<div class=\"aioseo-breadcrumbs\"><span class=\"aioseo-breadcrumb\">\n\t<a href=\"https:\/\/www.rucashk.com\/es\" title=\"Home\">Home<\/a>\n<\/span><span class=\"aioseo-breadcrumb-separator\">&raquo;<\/span><span class=\"aioseo-breadcrumb\">\n\t<a href=\"https:\/\/www.rucashk.com\/es\/products\/\" title=\"Productos\">Productos<\/a>\n<\/span><span class=\"aioseo-breadcrumb-separator\">&raquo;<\/span><span class=\"aioseo-breadcrumb\">\n\t<a href=\"https:\/\/www.rucashk.com\/es\/marca\/xiaomi\/\" title=\"Xiaomi\">Xiaomi<\/a>\n<\/span><span class=\"aioseo-breadcrumb-separator\">&raquo;<\/span><span class=\"aioseo-breadcrumb\">\n\tXiaomi Mijia Body Fat Scale S400\n<\/span><\/div>","aioseo_breadcrumb_json":[{"label":"Home","link":"https:\/\/www.rucashk.com\/es"},{"label":"Productos","link":"https:\/\/www.rucashk.com\/es\/products\/"},{"label":"Xiaomi","link":"https:\/\/www.rucashk.com\/es\/marca\/xiaomi\/"},{"label":"Xiaomi Mijia Body Fat Scale S400","link":"https:\/\/www.rucashk.com\/es\/producto\/xiaomi-mijia-body-fat-scale-s400\/"}],"_links":{"self":[{"href":"https:\/\/www.rucashk.com\/es\/wp-json\/wp\/v2\/product\/40734","targetHints":{"allow":["GET"]}}],"collection":[{"href":"https:\/\/www.rucashk.com\/es\/wp-json\/wp\/v2\/product"}],"about":[{"href":"https:\/\/www.rucashk.com\/es\/wp-json\/wp\/v2\/types\/product"}],"wp:featuredmedia":[{"embeddable":true,"href":"https:\/\/www.rucashk.com\/es\/wp-json\/wp\/v2\/media\/40737"}],"wp:attachment":[{"href":"https:\/\/www.rucashk.com\/es\/wp-json\/wp\/v2\/media?parent=40734"}],"wp:term":[{"taxonomy":"product_brand","embeddable":true,"href":"https:\/\/www.rucashk.com\/es\/wp-json\/wp\/v2\/product_brand?post=40734"},{"taxonomy":"product_cat","embeddable":true,"href":"https:\/\/www.rucashk.com\/es\/wp-json\/wp\/v2\/product_cat?post=40734"},{"taxonomy":"product_tag","embeddable":true,"href":"https:\/\/www.rucashk.com\/es\/wp-json\/wp\/v2\/product_tag?post=40734"}],"curies":[{"name":"wp","href":"https:\/\/api.w.org\/{rel}","templated":true}]}}