{"id":40240,"date":"2024-03-31T12:45:44","date_gmt":"2024-03-31T12:45:44","guid":{"rendered":"http:\/\/rucashk.com\/?post_type=product&#038;p=40240"},"modified":"2024-04-16T13:28:16","modified_gmt":"2024-04-16T13:28:16","slug":"chromecast-with-google-tv-hd","status":"publish","type":"product","link":"https:\/\/www.rucashk.com\/es\/producto\/chromecast-with-google-tv-hd\/","title":{"rendered":"Chromecast con Google TV HD"},"content":{"rendered":"<p><img fetchpriority=\"high\" decoding=\"async\" class=\"alignnone size-full wp-image-40241 aligncenter\" src=\"http:\/\/rucashk.com\/wp-content\/uploads\/replace\/4283db30b8fe4e30aae1888d5812134b.jpeg\" alt=\"Chromecast with Google TV HD\" width=\"970\" height=\"600\" \/> <img decoding=\"async\" class=\"alignnone size-full wp-image-40242 aligncenter\" src=\"http:\/\/rucashk.com\/wp-content\/uploads\/replace\/9f14bc011a1c0d2571974d82523a7077.jpeg\" alt=\"Chromecast with Google TV HD\" width=\"970\" height=\"600\" \/> <img decoding=\"async\" class=\"alignnone size-full wp-image-40243 aligncenter\" src=\"http:\/\/rucashk.com\/wp-content\/uploads\/replace\/8ff4a13996a482ca3c6f368aa5039e5b.jpeg\" alt=\"Chromecast with Google TV HD\" width=\"970\" height=\"600\" \/><\/p>\n<p>Disfruta de contenido Full HD 1080p HDR desde tus aplicaciones y dispositivos m\u00f3viles favoritos con Google Chromecast con Google TV (HD). Se conecta al puerto HDMI de su pantalla y se conecta a su red Wi-Fi para brindar acceso a una variedad de aplicaciones a trav\u00e9s del sistema operativo Android TV integrado. Admite resoluci\u00f3n Full HD 1080p (1920 x 1080) y los formatos HDR10, HDR10+ y Dolby Vision HDR para proporcionar una imagen vibrante y detallada en pantallas compatibles. El Asistente de Google est\u00e1 integrado para proporcionar b\u00fasquedas por voz sencillas con el control remoto por voz incluido.<\/p>\n<p>Transmita y refleje contenido de forma inal\u00e1mbrica<br \/>\nSalida Full HD 1080p<br \/>\nHDR10, HDR10+, compatibilidad con Dolby Vision<br \/>\nConectividad Wi-Fi 5 de doble banda<br \/>\nConector HDMI integrado<br \/>\nAsistente de Google integrado<br \/>\nSistema operativo AndroidTV<br \/>\nControl remoto por voz<br \/>\nDise\u00f1o compacto<\/p>","protected":false},"excerpt":{"rendered":"<ul class=\"a-unordered-list a-vertical a-spacing-mini\">\n<li><span class=\"a-list-item\">Mira el entretenimiento que te encanta, incluida la televisi\u00f3n en vivo, en hasta 1080p HDR; Descubra m\u00e1s de 700.000 pel\u00edculas y episodios de televisi\u00f3n, adem\u00e1s de millones de canciones.<\/span><\/li>\n<li><span class=\"a-list-item\">Obtenga transmisi\u00f3n r\u00e1pida y disfrute de una imagen n\u00edtida y colores m\u00e1s brillantes con HDR.<\/span><\/li>\n<li><span class=\"a-list-item\">Su pantalla de inicio muestra pel\u00edculas y programas de TV de todos sus servicios en un solo lugar; obtenga recomendaciones personales basadas en sus suscripciones, h\u00e1bitos de visualizaci\u00f3n y contenido de su propiedad.<\/span><\/li>\n<li><span class=\"a-list-item\">Presione el bot\u00f3n Asistente de Google en el control remoto y use la b\u00fasqueda por voz para encontrar programas espec\u00edficos o buscar por estado de \u00e1nimo, g\u00e9nero, actriz y m\u00e1s; controle el volumen, cambie las entradas, reproduzca m\u00fasica y obtenga respuestas en pantalla.<\/span><\/li>\n<li><span class=\"a-list-item\">Chromecast es f\u00e1cil de instalar y compatible con casi cualquier televisor que tenga un puerto HDMI; Para comenzar, simplemente con\u00e9ctelo al puerto HDMI de su televisor, con\u00e9ctese a Wi-Fi y comience a transmitir.<\/span><\/li>\n<li><span class=\"a-list-item\">Administre los dispositivos conectados desde el sof\u00e1; P\u00eddele a Google que aten\u00fae las luces, ajuste la temperatura o vea qui\u00e9n est\u00e1 en la puerta de entrada, sin levantarte.<\/span><\/li>\n<li><span class=\"a-list-item\">Cree un perfil infantil para acceder a pel\u00edculas y programas para la familia; elija un avatar y un tema divertidos, configure controles parentales para restringir los servicios de transmisi\u00f3n que se muestran, limite el tiempo de visualizaci\u00f3n y establezca una hora de dormir.<\/span><\/li>\n<\/ul>","protected":false},"featured_media":40245,"template":"","meta":[],"product_brand":[1365],"product_cat":[1315,1305],"product_tag":[],"class_list":{"0":"post-40240","1":"product","2":"type-product","3":"status-publish","4":"has-post-thumbnail","6":"product_brand-google","7":"product_cat-tv-accessories","8":"product_cat-xiaomi-eco","10":"first","11":"instock","12":"shipping-taxable","13":"product-type-simple"},"aioseo_notices":[],"aioseo_head":"\n\t\t<!-- All in One SEO Pro 4.5.9.2 - aioseo.com -->\n\t\t<meta name=\"description\" content=\"Watch the entertainment you love, including live TV, in up to 1080p HDR; discover over 700,000 movies and TV episodes, plus millions of songs. Get fast streaming, and enjoy a crystal clear picture and brighter colors with HDR. Your home screen displays movies and TV shows from all your services in one place; get personal recommendations based on your subscriptions, viewing habits, and content you own. Press the Google Assistant button on the remote and use voice search to find specific shows, or search by mood, genre, actress, and more; control the volume, switch inputs, play music, and get answers on-screen. Chromecast is easy to install and compatible with almost any TV that has an HDMI port; to get started, just plug it into your TV\u2019s HDMI port, connect to Wi-Fi, and start streaming. Manage connected devices from the couch; ask Google to dim the lights, adjust the temperature, or see who\u2019s at the front door, without getting up. Create a kids profile to access movies and shows for the family; pick a playful avatar and theme, set parental controls to restrict what streaming services are shown, limit watching time, and set a bedtime.\" \/>\n\t\t<meta name=\"robots\" content=\"max-image-preview:large\" \/>\n\t\t<link rel=\"canonical\" href=\"https:\/\/www.rucashk.com\/es\/producto\/chromecast-with-google-tv-hd\/\" \/>\n\t\t<meta name=\"generator\" content=\"All in One SEO Pro (AIOSEO) 4.5.9.2\" \/>\n\t\t<meta property=\"og:locale\" content=\"es_ES\" \/>\n\t\t<meta property=\"og:site_name\" content=\"Rucas - One-stop AIoT Distribution Worldwide\" \/>\n\t\t<meta property=\"og:type\" content=\"article\" \/>\n\t\t<meta property=\"og:title\" content=\"Chromecast with Google TV HD - Rucas - Wholesale and Distribution\" \/>\n\t\t<meta property=\"og:description\" content=\"Watch the entertainment you love, including live TV, in up to 1080p HDR; discover over 700,000 movies and TV episodes, plus millions of songs. Get fast streaming, and enjoy a crystal clear picture and brighter colors with HDR. Your home screen displays movies and TV shows from all your services in one place; get personal recommendations based on your subscriptions, viewing habits, and content you own. Press the Google Assistant button on the remote and use voice search to find specific shows, or search by mood, genre, actress, and more; control the volume, switch inputs, play music, and get answers on-screen. Chromecast is easy to install and compatible with almost any TV that has an HDMI port; to get started, just plug it into your TV\u2019s HDMI port, connect to Wi-Fi, and start streaming. Manage connected devices from the couch; ask Google to dim the lights, adjust the temperature, or see who\u2019s at the front door, without getting up. Create a kids profile to access movies and shows for the family; pick a playful avatar and theme, set parental controls to restrict what streaming services are shown, limit watching time, and set a bedtime.\" \/>\n\t\t<meta property=\"og:url\" content=\"https:\/\/www.rucashk.com\/es\/producto\/chromecast-with-google-tv-hd\/\" \/>\n\t\t<meta property=\"og:image\" content=\"https:\/\/www.rucashk.com\/wp-content\/uploads\/replace\/503b8e645f128a97ccde2b6290747646.jpeg\" \/>\n\t\t<meta property=\"og:image:secure_url\" content=\"https:\/\/www.rucashk.com\/wp-content\/uploads\/replace\/503b8e645f128a97ccde2b6290747646.jpeg\" \/>\n\t\t<meta property=\"og:image:width\" content=\"1456\" \/>\n\t\t<meta property=\"og:image:height\" content=\"816\" \/>\n\t\t<meta property=\"article:published_time\" content=\"2024-03-31T12:45:44+00:00\" \/>\n\t\t<meta property=\"article:modified_time\" content=\"2024-04-16T13:28:16+00:00\" \/>\n\t\t<meta name=\"twitter:card\" content=\"summary_large_image\" \/>\n\t\t<meta name=\"twitter:title\" content=\"Chromecast with Google TV HD - Rucas - Wholesale and Distribution\" \/>\n\t\t<meta name=\"twitter:description\" content=\"Watch the entertainment you love, including live TV, in up to 1080p HDR; discover over 700,000 movies and TV episodes, plus millions of songs. Get fast streaming, and enjoy a crystal clear picture and brighter colors with HDR. Your home screen displays movies and TV shows from all your services in one place; get personal recommendations based on your subscriptions, viewing habits, and content you own. Press the Google Assistant button on the remote and use voice search to find specific shows, or search by mood, genre, actress, and more; control the volume, switch inputs, play music, and get answers on-screen. Chromecast is easy to install and compatible with almost any TV that has an HDMI port; to get started, just plug it into your TV\u2019s HDMI port, connect to Wi-Fi, and start streaming. Manage connected devices from the couch; ask Google to dim the lights, adjust the temperature, or see who\u2019s at the front door, without getting up. Create a kids profile to access movies and shows for the family; pick a playful avatar and theme, set parental controls to restrict what streaming services are shown, limit watching time, and set a bedtime.\" \/>\n\t\t<meta name=\"twitter:image\" content=\"https:\/\/www.rucashk.com\/wp-content\/uploads\/replace\/503b8e645f128a97ccde2b6290747646.jpeg\" \/>\n\t\t<script type=\"application\/ld+json\" class=\"aioseo-schema\">\n\t\t\t{\"@context\":\"https:\\\/\\\/schema.org\",\"@graph\":[{\"@type\":\"BreadcrumbList\",\"@id\":\"https:\\\/\\\/www.rucashk.com\\\/es\\\/producto\\\/chromecast-with-google-tv-hd\\\/#breadcrumblist\",\"itemListElement\":[{\"@type\":\"ListItem\",\"@id\":\"https:\\\/\\\/www.rucashk.com\\\/es\\\/#listItem\",\"position\":1,\"name\":\"Home\",\"item\":\"https:\\\/\\\/www.rucashk.com\\\/es\\\/\",\"nextItem\":\"https:\\\/\\\/www.rucashk.com\\\/es\\\/producto\\\/chromecast-with-google-tv-hd\\\/#listItem\"},{\"@type\":\"ListItem\",\"@id\":\"https:\\\/\\\/www.rucashk.com\\\/es\\\/producto\\\/chromecast-with-google-tv-hd\\\/#listItem\",\"position\":2,\"name\":\"Chromecast with Google TV HD\",\"previousItem\":\"https:\\\/\\\/www.rucashk.com\\\/es\\\/#listItem\"}]},{\"@type\":\"Organization\",\"@id\":\"https:\\\/\\\/www.rucashk.com\\\/es\\\/#organization\",\"name\":\"Rucas\",\"url\":\"https:\\\/\\\/www.rucashk.com\\\/es\\\/\",\"logo\":{\"@type\":\"ImageObject\",\"url\":\"https:\\\/\\\/www.rucashk.com\\\/wp-content\\\/uploads\\\/2023\\\/12\\\/Rucas_campany_logo.png\",\"@id\":\"https:\\\/\\\/www.rucashk.com\\\/es\\\/producto\\\/chromecast-with-google-tv-hd\\\/#organizationLogo\",\"width\":221,\"height\":65},\"image\":{\"@id\":\"https:\\\/\\\/www.rucashk.com\\\/es\\\/#organizationLogo\"}},{\"@type\":\"Person\",\"@id\":\"https:\\\/\\\/www.rucashk.com\\\/es\\\/author\\\/admin\\\/#author\",\"url\":\"https:\\\/\\\/www.rucashk.com\\\/es\\\/author\\\/admin\\\/\",\"name\":\"admin\",\"image\":{\"@type\":\"ImageObject\",\"@id\":\"https:\\\/\\\/www.rucashk.com\\\/es\\\/producto\\\/chromecast-with-google-tv-hd\\\/#authorImage\",\"url\":\"https:\\\/\\\/secure.gravatar.com\\\/avatar\\\/b7c8925b09a27e72b30232f8ecaadbd5af0f70a38c78096863fe51b64f031c24?s=96&d=mm&r=g\",\"width\":96,\"height\":96,\"caption\":\"admin\"}},{\"@type\":\"WebPage\",\"@id\":\"https:\\\/\\\/www.rucashk.com\\\/es\\\/producto\\\/chromecast-with-google-tv-hd\\\/#webpage\",\"url\":\"https:\\\/\\\/www.rucashk.com\\\/es\\\/producto\\\/chromecast-with-google-tv-hd\\\/\",\"name\":\"Chromecast with Google TV HD - Rucas - Wholesale and Distribution\",\"description\":\"Watch the entertainment you love, including live TV, in up to 1080p HDR; discover over 700,000 movies and TV episodes, plus millions of songs. Get fast streaming, and enjoy a crystal clear picture and brighter colors with HDR. Your home screen displays movies and TV shows from all your services in one place; get personal recommendations based on your subscriptions, viewing habits, and content you own. Press the Google Assistant button on the remote and use voice search to find specific shows, or search by mood, genre, actress, and more; control the volume, switch inputs, play music, and get answers on-screen. Chromecast is easy to install and compatible with almost any TV that has an HDMI port; to get started, just plug it into your TV\\u2019s HDMI port, connect to Wi-Fi, and start streaming. Manage connected devices from the couch; ask Google to dim the lights, adjust the temperature, or see who\\u2019s at the front door, without getting up. Create a kids profile to access movies and shows for the family; pick a playful avatar and theme, set parental controls to restrict what streaming services are shown, limit watching time, and set a bedtime.\",\"inLanguage\":\"es-ES\",\"isPartOf\":{\"@id\":\"https:\\\/\\\/www.rucashk.com\\\/es\\\/#website\"},\"breadcrumb\":{\"@id\":\"https:\\\/\\\/www.rucashk.com\\\/es\\\/producto\\\/chromecast-with-google-tv-hd\\\/#breadcrumblist\"},\"author\":{\"@id\":\"https:\\\/\\\/www.rucashk.com\\\/es\\\/author\\\/admin\\\/#author\"},\"creator\":{\"@id\":\"https:\\\/\\\/www.rucashk.com\\\/es\\\/author\\\/admin\\\/#author\"},\"image\":{\"@type\":\"ImageObject\",\"url\":\"https:\\\/\\\/www.rucashk.com\\\/wp-content\\\/uploads\\\/2024\\\/03\\\/000001_1672813523.webp\",\"@id\":\"https:\\\/\\\/www.rucashk.com\\\/es\\\/producto\\\/chromecast-with-google-tv-hd\\\/#mainImage\",\"width\":480,\"height\":480},\"primaryImageOfPage\":{\"@id\":\"https:\\\/\\\/www.rucashk.com\\\/es\\\/producto\\\/chromecast-with-google-tv-hd\\\/#mainImage\"},\"datePublished\":\"2024-03-31T12:45:44+00:00\",\"dateModified\":\"2024-04-16T13:28:16+00:00\"},{\"@type\":\"WebSite\",\"@id\":\"https:\\\/\\\/www.rucashk.com\\\/es\\\/#website\",\"url\":\"https:\\\/\\\/www.rucashk.com\\\/es\\\/\",\"name\":\"Rucas - Wholesale and distribution worldwide\",\"alternateName\":\"Rucas - One-stop AIoT Distribution Worldwide\",\"description\":\"One-stop AIoT Distribution Worldwide\",\"inLanguage\":\"es-ES\",\"publisher\":{\"@id\":\"https:\\\/\\\/www.rucashk.com\\\/es\\\/#organization\"}}]}\n\t\t<\/script>\n\t\t<!-- All in One SEO Pro -->\r\n\t\t<title>Chromecast with Google TV HD - Rucas - Wholesale and Distribution<\/title>\n\n","aioseo_head_json":{"title":"Chromecast with Google TV HD - Rucas - Wholesale and Distribution","description":"Watch the entertainment you love, including live TV, in up to 1080p HDR; discover over 700,000 movies and TV episodes, plus millions of songs. Get fast streaming, and enjoy a crystal clear picture and brighter colors with HDR. Your home screen displays movies and TV shows from all your services in one place; get personal recommendations based on your subscriptions, viewing habits, and content you own. Press the Google Assistant button on the remote and use voice search to find specific shows, or search by mood, genre, actress, and more; control the volume, switch inputs, play music, and get answers on-screen. Chromecast is easy to install and compatible with almost any TV that has an HDMI port; to get started, just plug it into your TV\u2019s HDMI port, connect to Wi-Fi, and start streaming. Manage connected devices from the couch; ask Google to dim the lights, adjust the temperature, or see who\u2019s at the front door, without getting up. Create a kids profile to access movies and shows for the family; pick a playful avatar and theme, set parental controls to restrict what streaming services are shown, limit watching time, and set a bedtime.","canonical_url":"https:\/\/www.rucashk.com\/es\/producto\/chromecast-with-google-tv-hd\/","robots":"max-image-preview:large","keywords":"","webmasterTools":{"miscellaneous":""},"og:locale":"es_ES","og:site_name":"Rucas - One-stop AIoT Distribution Worldwide","og:type":"article","og:title":"Chromecast with Google TV HD - Rucas - Wholesale and Distribution","og:description":"Watch the entertainment you love, including live TV, in up to 1080p HDR; discover over 700,000 movies and TV episodes, plus millions of songs. Get fast streaming, and enjoy a crystal clear picture and brighter colors with HDR. Your home screen displays movies and TV shows from all your services in one place; get personal recommendations based on your subscriptions, viewing habits, and content you own. Press the Google Assistant button on the remote and use voice search to find specific shows, or search by mood, genre, actress, and more; control the volume, switch inputs, play music, and get answers on-screen. Chromecast is easy to install and compatible with almost any TV that has an HDMI port; to get started, just plug it into your TV\u2019s HDMI port, connect to Wi-Fi, and start streaming. Manage connected devices from the couch; ask Google to dim the lights, adjust the temperature, or see who\u2019s at the front door, without getting up. Create a kids profile to access movies and shows for the family; pick a playful avatar and theme, set parental controls to restrict what streaming services are shown, limit watching time, and set a bedtime.","og:url":"https:\/\/www.rucashk.com\/es\/producto\/chromecast-with-google-tv-hd\/","og:image":"https:\/\/www.rucashk.com\/wp-content\/uploads\/replace\/503b8e645f128a97ccde2b6290747646.jpeg","og:image:secure_url":"https:\/\/www.rucashk.com\/wp-content\/uploads\/replace\/503b8e645f128a97ccde2b6290747646.jpeg","og:image:width":1456,"og:image:height":816,"article:published_time":"2024-03-31T12:45:44+00:00","article:modified_time":"2024-04-16T13:28:16+00:00","twitter:card":"summary_large_image","twitter:title":"Chromecast with Google TV HD - Rucas - Wholesale and Distribution","twitter:description":"Watch the entertainment you love, including live TV, in up to 1080p HDR; discover over 700,000 movies and TV episodes, plus millions of songs. Get fast streaming, and enjoy a crystal clear picture and brighter colors with HDR. Your home screen displays movies and TV shows from all your services in one place; get personal recommendations based on your subscriptions, viewing habits, and content you own. Press the Google Assistant button on the remote and use voice search to find specific shows, or search by mood, genre, actress, and more; control the volume, switch inputs, play music, and get answers on-screen. Chromecast is easy to install and compatible with almost any TV that has an HDMI port; to get started, just plug it into your TV\u2019s HDMI port, connect to Wi-Fi, and start streaming. Manage connected devices from the couch; ask Google to dim the lights, adjust the temperature, or see who\u2019s at the front door, without getting up. Create a kids profile to access movies and shows for the family; pick a playful avatar and theme, set parental controls to restrict what streaming services are shown, limit watching time, and set a bedtime.","twitter:image":"https:\/\/www.rucashk.com\/wp-content\/uploads\/replace\/503b8e645f128a97ccde2b6290747646.jpeg","schema":{"@context":"https:\/\/schema.org","@graph":[{"@type":"BreadcrumbList","@id":"https:\/\/www.rucashk.com\/es\/producto\/chromecast-with-google-tv-hd\/#breadcrumblist","itemListElement":[{"@type":"ListItem","@id":"https:\/\/www.rucashk.com\/es\/#listItem","position":1,"name":"Home","item":"https:\/\/www.rucashk.com\/es\/","nextItem":"https:\/\/www.rucashk.com\/es\/producto\/chromecast-with-google-tv-hd\/#listItem"},{"@type":"ListItem","@id":"https:\/\/www.rucashk.com\/es\/producto\/chromecast-with-google-tv-hd\/#listItem","position":2,"name":"Chromecast with Google TV HD","previousItem":"https:\/\/www.rucashk.com\/es\/#listItem"}]},{"@type":"Organization","@id":"https:\/\/www.rucashk.com\/es\/#organization","name":"Rucas","url":"https:\/\/www.rucashk.com\/es\/","logo":{"@type":"ImageObject","url":"https:\/\/www.rucashk.com\/wp-content\/uploads\/2023\/12\/Rucas_campany_logo.png","@id":"https:\/\/www.rucashk.com\/es\/producto\/chromecast-with-google-tv-hd\/#organizationLogo","width":221,"height":65},"image":{"@id":"https:\/\/www.rucashk.com\/es\/#organizationLogo"}},{"@type":"Person","@id":"https:\/\/www.rucashk.com\/es\/author\/admin\/#author","url":"https:\/\/www.rucashk.com\/es\/author\/admin\/","name":"admin","image":{"@type":"ImageObject","@id":"https:\/\/www.rucashk.com\/es\/producto\/chromecast-with-google-tv-hd\/#authorImage","url":"https:\/\/secure.gravatar.com\/avatar\/b7c8925b09a27e72b30232f8ecaadbd5af0f70a38c78096863fe51b64f031c24?s=96&d=mm&r=g","width":96,"height":96,"caption":"admin"}},{"@type":"WebPage","@id":"https:\/\/www.rucashk.com\/es\/producto\/chromecast-with-google-tv-hd\/#webpage","url":"https:\/\/www.rucashk.com\/es\/producto\/chromecast-with-google-tv-hd\/","name":"Chromecast with Google TV HD - Rucas - Wholesale and Distribution","description":"Watch the entertainment you love, including live TV, in up to 1080p HDR; discover over 700,000 movies and TV episodes, plus millions of songs. Get fast streaming, and enjoy a crystal clear picture and brighter colors with HDR. Your home screen displays movies and TV shows from all your services in one place; get personal recommendations based on your subscriptions, viewing habits, and content you own. Press the Google Assistant button on the remote and use voice search to find specific shows, or search by mood, genre, actress, and more; control the volume, switch inputs, play music, and get answers on-screen. Chromecast is easy to install and compatible with almost any TV that has an HDMI port; to get started, just plug it into your TV\u2019s HDMI port, connect to Wi-Fi, and start streaming. Manage connected devices from the couch; ask Google to dim the lights, adjust the temperature, or see who\u2019s at the front door, without getting up. Create a kids profile to access movies and shows for the family; pick a playful avatar and theme, set parental controls to restrict what streaming services are shown, limit watching time, and set a bedtime.","inLanguage":"es-ES","isPartOf":{"@id":"https:\/\/www.rucashk.com\/es\/#website"},"breadcrumb":{"@id":"https:\/\/www.rucashk.com\/es\/producto\/chromecast-with-google-tv-hd\/#breadcrumblist"},"author":{"@id":"https:\/\/www.rucashk.com\/es\/author\/admin\/#author"},"creator":{"@id":"https:\/\/www.rucashk.com\/es\/author\/admin\/#author"},"image":{"@type":"ImageObject","url":"https:\/\/www.rucashk.com\/wp-content\/uploads\/2024\/03\/000001_1672813523.webp","@id":"https:\/\/www.rucashk.com\/es\/producto\/chromecast-with-google-tv-hd\/#mainImage","width":480,"height":480},"primaryImageOfPage":{"@id":"https:\/\/www.rucashk.com\/es\/producto\/chromecast-with-google-tv-hd\/#mainImage"},"datePublished":"2024-03-31T12:45:44+00:00","dateModified":"2024-04-16T13:28:16+00:00"},{"@type":"WebSite","@id":"https:\/\/www.rucashk.com\/es\/#website","url":"https:\/\/www.rucashk.com\/es\/","name":"Rucas - Wholesale and distribution worldwide","alternateName":"Rucas - One-stop AIoT Distribution Worldwide","description":"One-stop AIoT Distribution Worldwide","inLanguage":"es-ES","publisher":{"@id":"https:\/\/www.rucashk.com\/es\/#organization"}}]}},"aioseo_meta_data":{"post_id":"40240","title":null,"description":null,"keywords":null,"keyphrases":null,"primary_term":null,"canonical_url":null,"og_title":null,"og_description":null,"og_object_type":"default","og_image_type":"default","og_image_url":null,"og_image_width":null,"og_image_height":null,"og_image_custom_url":null,"og_image_custom_fields":null,"og_video":null,"og_custom_url":null,"og_article_section":null,"og_article_tags":null,"twitter_use_og":false,"twitter_card":"default","twitter_image_type":"default","twitter_image_url":null,"twitter_image_custom_url":null,"twitter_image_custom_fields":null,"twitter_title":null,"twitter_description":null,"schema":{"blockGraphs":[],"customGraphs":[],"default":{"data":{"Article":[],"Course":[],"Dataset":[],"FAQPage":[],"Movie":[],"Person":[],"Product":[],"Recipe":[],"Service":[],"SoftwareApplication":[],"WebPage":[]},"graphName":"","isEnabled":true},"graphs":[]},"schema_type":"default","schema_type_options":null,"pillar_content":false,"robots_default":true,"robots_noindex":false,"robots_noarchive":false,"robots_nosnippet":false,"robots_nofollow":false,"robots_noimageindex":false,"robots_noodp":false,"robots_notranslate":false,"robots_max_snippet":null,"robots_max_videopreview":null,"robots_max_imagepreview":"large","priority":null,"frequency":null,"local_seo":null,"breadcrumb_settings":null,"limit_modified_date":false,"created":"2024-04-11 01:57:23","updated":"2025-06-22 18:54:57"},"aioseo_breadcrumb":"<div class=\"aioseo-breadcrumbs\"><span class=\"aioseo-breadcrumb\">\n\t<a href=\"https:\/\/www.rucashk.com\/es\" title=\"Home\">Home<\/a>\n<\/span><span class=\"aioseo-breadcrumb-separator\">&raquo;<\/span><span class=\"aioseo-breadcrumb\">\n\t<a href=\"https:\/\/www.rucashk.com\/es\/products\/\" title=\"Productos\">Productos<\/a>\n<\/span><span class=\"aioseo-breadcrumb-separator\">&raquo;<\/span><span class=\"aioseo-breadcrumb\">\n\t<a href=\"https:\/\/www.rucashk.com\/es\/marca\/google\/\" title=\"Google\">Google<\/a>\n<\/span><span class=\"aioseo-breadcrumb-separator\">&raquo;<\/span><span class=\"aioseo-breadcrumb\">\n\tChromecast with Google TV HD\n<\/span><\/div>","aioseo_breadcrumb_json":[{"label":"Home","link":"https:\/\/www.rucashk.com\/es"},{"label":"Productos","link":"https:\/\/www.rucashk.com\/es\/products\/"},{"label":"Google","link":"https:\/\/www.rucashk.com\/es\/marca\/google\/"},{"label":"Chromecast with Google TV HD","link":"https:\/\/www.rucashk.com\/es\/producto\/chromecast-with-google-tv-hd\/"}],"_links":{"self":[{"href":"https:\/\/www.rucashk.com\/es\/wp-json\/wp\/v2\/product\/40240","targetHints":{"allow":["GET"]}}],"collection":[{"href":"https:\/\/www.rucashk.com\/es\/wp-json\/wp\/v2\/product"}],"about":[{"href":"https:\/\/www.rucashk.com\/es\/wp-json\/wp\/v2\/types\/product"}],"wp:featuredmedia":[{"embeddable":true,"href":"https:\/\/www.rucashk.com\/es\/wp-json\/wp\/v2\/media\/40245"}],"wp:attachment":[{"href":"https:\/\/www.rucashk.com\/es\/wp-json\/wp\/v2\/media?parent=40240"}],"wp:term":[{"taxonomy":"product_brand","embeddable":true,"href":"https:\/\/www.rucashk.com\/es\/wp-json\/wp\/v2\/product_brand?post=40240"},{"taxonomy":"product_cat","embeddable":true,"href":"https:\/\/www.rucashk.com\/es\/wp-json\/wp\/v2\/product_cat?post=40240"},{"taxonomy":"product_tag","embeddable":true,"href":"https:\/\/www.rucashk.com\/es\/wp-json\/wp\/v2\/product_tag?post=40240"}],"curies":[{"name":"wp","href":"https:\/\/api.w.org\/{rel}","templated":true}]}}