{"id":39938,"date":"2024-03-26T15:27:20","date_gmt":"2024-03-26T15:27:20","guid":{"rendered":"http:\/\/rucashk.com\/?post_type=product&#038;p=39938"},"modified":"2024-04-16T13:28:06","modified_gmt":"2024-04-16T13:28:06","slug":"imilab-c20-pro-home-security-camera","status":"publish","type":"product","link":"https:\/\/www.rucashk.com\/es\/producto\/imilab-c20-pro-home-security-camera\/","title":{"rendered":"C\u00e1mara de seguridad para el hogar IMILAB C20 Pro"},"content":{"rendered":"<h2><img decoding=\"async\" alt=\"IMILAB C20 Pro Home Security Camera\" src=\"\/wp-content\/uploads\/replace\/e3860bcf8b45b71bf09de96382128878.png\" \/><img decoding=\"async\" alt=\"IMILAB C20 Pro Home Security Camera\" src=\"\/wp-content\/uploads\/replace\/ec11045ebb3b66a1cc452c3e43a120b4.png\" \/><img decoding=\"async\" alt=\"IMILAB C20 Pro Home Security Camera\" src=\"\/wp-content\/uploads\/replace\/c1f397bf569877c22ba89da5399daec0.png\" \/><img decoding=\"async\" alt=\"IMILAB C20 Pro Home Security Camera\" src=\"\/wp-content\/uploads\/replace\/a4d6e436840fa845041b2e8d736c902e.png\" \/><img decoding=\"async\" alt=\"IMILAB C20 Pro Home Security Camera\" src=\"\/wp-content\/uploads\/replace\/b35a4dd49efefcd7731058b22a3a3139.png\" \/><img decoding=\"async\" alt=\"IMILAB C20 Pro Home Security Camera\" src=\"\/wp-content\/uploads\/replace\/65c91390fb290c74032240beacfe56a2.png\" \/><img decoding=\"async\" alt=\"IMILAB C20 Pro Home Security Camera\" src=\"\/wp-content\/uploads\/replace\/3abca05214e9305be683c4d5c0cf64a1.png\" \/><img decoding=\"async\" alt=\"IMILAB C20 Pro Home Security Camera\" src=\"\/wp-content\/uploads\/replace\/ab449993665d64b6ae345404dc9d2cad.png\" \/><img decoding=\"async\" alt=\"IMILAB C20 Pro Home Security Camera\" src=\"\/wp-content\/uploads\/replace\/c8ab6d52ac25b0fa47bb8ff1ddcbd59b.png\" \/><img decoding=\"async\" alt=\"IMILAB C20 Pro Home Security Camera\" src=\"\/wp-content\/uploads\/replace\/39d926d3b1f9e44b1f151d4ae0214382.png\" \/><img decoding=\"async\" alt=\"IMILAB C20 Pro Home Security Camera\" src=\"\/wp-content\/uploads\/replace\/1cfee16d4fadb194797d223110c5e6a1.png\" \/><img decoding=\"async\" alt=\"IMILAB C20 Pro Home Security Camera\" src=\"\/wp-content\/uploads\/replace\/6c5ca825581bd850c8be40de99ad8698.png\" \/><img decoding=\"async\" alt=\"IMILAB C20 Pro Home Security Camera\" src=\"\/wp-content\/uploads\/replace\/4548e0a0b5f4b484792d01e47004fc7e.png\" \/><\/h2>\n<p>&nbsp;<\/p>\n<ul class=\"a-unordered-list a-vertical a-spacing-mini\">\n<li class=\"a-spacing-mini\"><span class=\"a-list-item\">C20 Pro Home Security es una c\u00e1mara IP moderna y multifuncional con resoluci\u00f3n de imagen de hasta 2K y control mediante aplicaci\u00f3n.<\/span><\/li>\n<li class=\"a-spacing-mini\"><span class=\"a-list-item\">Le permite monitorear su hogar las 24 horas del d\u00eda, es capaz de reconocer movimientos y sonidos,<\/span><\/li>\n<li class=\"a-spacing-mini\"><span class=\"a-list-item\">informa autom\u00e1ticamente actividad sospechosa a su tel\u00e9fono.<\/span><\/li>\n<\/ul>","protected":false},"excerpt":{"rendered":"<ul>\n<li>Im\u00e1genes n\u00edtidas de 3MP (2K)<\/li>\n<li>Rotaci\u00f3n libre 360<\/li>\n<li>Trabaja las 24 horas<\/li>\n<li>Visi\u00f3n nocturna por infrarrojos<\/li>\n<li>Detecci\u00f3n y seguimiento humanos<\/li>\n<li>Alertas humanas y de movimiento<\/li>\n<li>Llamada bidireccional en tiempo real<\/li>\n<li>Detecci\u00f3n de sonidos<\/li>\n<li>Almacenamiento en la nube o almacenamiento en tarjeta Micro SD<\/li>\n<li>Compresi\u00f3n de v\u00eddeo H.265\/H.264<\/li>\n<li>Instalaci\u00f3n invertida<\/li>\n<li>Funciona con Imilab Inicio<\/li>\n<\/ul>","protected":false},"featured_media":39960,"template":"","meta":[],"product_brand":[1372],"product_cat":[1317,1305],"product_tag":[],"class_list":{"0":"post-39938","1":"product","2":"type-product","3":"status-publish","4":"has-post-thumbnail","6":"product_brand-imilab","7":"product_cat-imilab-camera","8":"product_cat-xiaomi-eco","10":"first","11":"instock","12":"shipping-taxable","13":"product-type-simple"},"aioseo_notices":[],"aioseo_head":"\n\t\t<!-- All in One SEO Pro 4.5.9.2 - aioseo.com -->\n\t\t<meta name=\"description\" content=\"3MP(2K) Crystal Clear Images 360 Free Rotation Works 24hours Infrared Night Vision Human Detection and Tracking Motion and Human Alerts Real-Time Two-Way Call Sounds Detection Cloud Storage or Micro SD Card Storage Video Compression H.265\/H.264 Inverted Installation Works with Imilab Home\" \/>\n\t\t<meta name=\"robots\" content=\"max-image-preview:large\" \/>\n\t\t<link rel=\"canonical\" href=\"https:\/\/www.rucashk.com\/es\/producto\/imilab-c20-pro-home-security-camera\/\" \/>\n\t\t<meta name=\"generator\" content=\"All in One SEO Pro (AIOSEO) 4.5.9.2\" \/>\n\t\t<meta property=\"og:locale\" content=\"es_ES\" \/>\n\t\t<meta property=\"og:site_name\" content=\"Rucas - One-stop AIoT Distribution Worldwide\" \/>\n\t\t<meta property=\"og:type\" content=\"article\" \/>\n\t\t<meta property=\"og:title\" content=\"IMILAB C20 Pro Home Security Camera - Rucas - Wholesale and Distribution\" \/>\n\t\t<meta property=\"og:description\" content=\"3MP(2K) Crystal Clear Images 360 Free Rotation Works 24hours Infrared Night Vision Human Detection and Tracking Motion and Human Alerts Real-Time Two-Way Call Sounds Detection Cloud Storage or Micro SD Card Storage Video Compression H.265\/H.264 Inverted Installation Works with Imilab Home\" \/>\n\t\t<meta property=\"og:url\" content=\"https:\/\/www.rucashk.com\/es\/producto\/imilab-c20-pro-home-security-camera\/\" \/>\n\t\t<meta property=\"og:image\" content=\"https:\/\/www.rucashk.com\/wp-content\/uploads\/replace\/503b8e645f128a97ccde2b6290747646.jpeg\" \/>\n\t\t<meta property=\"og:image:secure_url\" content=\"https:\/\/www.rucashk.com\/wp-content\/uploads\/replace\/503b8e645f128a97ccde2b6290747646.jpeg\" \/>\n\t\t<meta property=\"og:image:width\" content=\"1456\" \/>\n\t\t<meta property=\"og:image:height\" content=\"816\" \/>\n\t\t<meta property=\"article:published_time\" content=\"2024-03-26T15:27:20+00:00\" \/>\n\t\t<meta property=\"article:modified_time\" content=\"2024-04-16T13:28:06+00:00\" \/>\n\t\t<meta name=\"twitter:card\" content=\"summary_large_image\" \/>\n\t\t<meta name=\"twitter:title\" content=\"IMILAB C20 Pro Home Security Camera - Rucas - Wholesale and Distribution\" \/>\n\t\t<meta name=\"twitter:description\" content=\"3MP(2K) Crystal Clear Images 360 Free Rotation Works 24hours Infrared Night Vision Human Detection and Tracking Motion and Human Alerts Real-Time Two-Way Call Sounds Detection Cloud Storage or Micro SD Card Storage Video Compression H.265\/H.264 Inverted Installation Works with Imilab Home\" \/>\n\t\t<meta name=\"twitter:image\" content=\"https:\/\/www.rucashk.com\/wp-content\/uploads\/replace\/503b8e645f128a97ccde2b6290747646.jpeg\" \/>\n\t\t<script type=\"application\/ld+json\" class=\"aioseo-schema\">\n\t\t\t{\"@context\":\"https:\\\/\\\/schema.org\",\"@graph\":[{\"@type\":\"BreadcrumbList\",\"@id\":\"https:\\\/\\\/www.rucashk.com\\\/es\\\/producto\\\/imilab-c20-pro-home-security-camera\\\/#breadcrumblist\",\"itemListElement\":[{\"@type\":\"ListItem\",\"@id\":\"https:\\\/\\\/www.rucashk.com\\\/es\\\/#listItem\",\"position\":1,\"name\":\"Home\",\"item\":\"https:\\\/\\\/www.rucashk.com\\\/es\\\/\",\"nextItem\":\"https:\\\/\\\/www.rucashk.com\\\/es\\\/producto\\\/imilab-c20-pro-home-security-camera\\\/#listItem\"},{\"@type\":\"ListItem\",\"@id\":\"https:\\\/\\\/www.rucashk.com\\\/es\\\/producto\\\/imilab-c20-pro-home-security-camera\\\/#listItem\",\"position\":2,\"name\":\"IMILAB C20 Pro Home Security Camera\",\"previousItem\":\"https:\\\/\\\/www.rucashk.com\\\/es\\\/#listItem\"}]},{\"@type\":\"Organization\",\"@id\":\"https:\\\/\\\/www.rucashk.com\\\/es\\\/#organization\",\"name\":\"Rucas\",\"url\":\"https:\\\/\\\/www.rucashk.com\\\/es\\\/\",\"logo\":{\"@type\":\"ImageObject\",\"url\":\"https:\\\/\\\/www.rucashk.com\\\/wp-content\\\/uploads\\\/2023\\\/12\\\/Rucas_campany_logo.png\",\"@id\":\"https:\\\/\\\/www.rucashk.com\\\/es\\\/producto\\\/imilab-c20-pro-home-security-camera\\\/#organizationLogo\",\"width\":221,\"height\":65},\"image\":{\"@id\":\"https:\\\/\\\/www.rucashk.com\\\/es\\\/#organizationLogo\"}},{\"@type\":\"Person\",\"@id\":\"https:\\\/\\\/www.rucashk.com\\\/es\\\/author\\\/admin\\\/#author\",\"url\":\"https:\\\/\\\/www.rucashk.com\\\/es\\\/author\\\/admin\\\/\",\"name\":\"admin\",\"image\":{\"@type\":\"ImageObject\",\"@id\":\"https:\\\/\\\/www.rucashk.com\\\/es\\\/producto\\\/imilab-c20-pro-home-security-camera\\\/#authorImage\",\"url\":\"https:\\\/\\\/secure.gravatar.com\\\/avatar\\\/b7c8925b09a27e72b30232f8ecaadbd5af0f70a38c78096863fe51b64f031c24?s=96&d=mm&r=g\",\"width\":96,\"height\":96,\"caption\":\"admin\"}},{\"@type\":\"WebPage\",\"@id\":\"https:\\\/\\\/www.rucashk.com\\\/es\\\/producto\\\/imilab-c20-pro-home-security-camera\\\/#webpage\",\"url\":\"https:\\\/\\\/www.rucashk.com\\\/es\\\/producto\\\/imilab-c20-pro-home-security-camera\\\/\",\"name\":\"IMILAB C20 Pro Home Security Camera - Rucas - Wholesale and Distribution\",\"description\":\"3MP(2K) Crystal Clear Images 360 Free Rotation Works 24hours Infrared Night Vision Human Detection and Tracking Motion and Human Alerts Real-Time Two-Way Call Sounds Detection Cloud Storage or Micro SD Card Storage Video Compression H.265\\\/H.264 Inverted Installation Works with Imilab Home\",\"inLanguage\":\"es-ES\",\"isPartOf\":{\"@id\":\"https:\\\/\\\/www.rucashk.com\\\/es\\\/#website\"},\"breadcrumb\":{\"@id\":\"https:\\\/\\\/www.rucashk.com\\\/es\\\/producto\\\/imilab-c20-pro-home-security-camera\\\/#breadcrumblist\"},\"author\":{\"@id\":\"https:\\\/\\\/www.rucashk.com\\\/es\\\/author\\\/admin\\\/#author\"},\"creator\":{\"@id\":\"https:\\\/\\\/www.rucashk.com\\\/es\\\/author\\\/admin\\\/#author\"},\"image\":{\"@type\":\"ImageObject\",\"url\":\"https:\\\/\\\/www.rucashk.com\\\/wp-content\\\/uploads\\\/2024\\\/03\\\/51AN5mmduL.jpg\",\"@id\":\"https:\\\/\\\/www.rucashk.com\\\/es\\\/producto\\\/imilab-c20-pro-home-security-camera\\\/#mainImage\",\"width\":1000,\"height\":1000},\"primaryImageOfPage\":{\"@id\":\"https:\\\/\\\/www.rucashk.com\\\/es\\\/producto\\\/imilab-c20-pro-home-security-camera\\\/#mainImage\"},\"datePublished\":\"2024-03-26T15:27:20+00:00\",\"dateModified\":\"2024-04-16T13:28:06+00:00\"},{\"@type\":\"WebSite\",\"@id\":\"https:\\\/\\\/www.rucashk.com\\\/es\\\/#website\",\"url\":\"https:\\\/\\\/www.rucashk.com\\\/es\\\/\",\"name\":\"Rucas - Wholesale and distribution worldwide\",\"alternateName\":\"Rucas - One-stop AIoT Distribution Worldwide\",\"description\":\"One-stop AIoT Distribution Worldwide\",\"inLanguage\":\"es-ES\",\"publisher\":{\"@id\":\"https:\\\/\\\/www.rucashk.com\\\/es\\\/#organization\"}}]}\n\t\t<\/script>\n\t\t<!-- All in One SEO Pro -->\r\n\t\t<title>IMILAB C20 Pro Home Security Camera - Rucas - Wholesale and Distribution<\/title>\n\n","aioseo_head_json":{"title":"IMILAB C20 Pro Home Security Camera - Rucas - Wholesale and Distribution","description":"3MP(2K) Crystal Clear Images 360 Free Rotation Works 24hours Infrared Night Vision Human Detection and Tracking Motion and Human Alerts Real-Time Two-Way Call Sounds Detection Cloud Storage or Micro SD Card Storage Video Compression H.265\/H.264 Inverted Installation Works with Imilab Home","canonical_url":"https:\/\/www.rucashk.com\/es\/producto\/imilab-c20-pro-home-security-camera\/","robots":"max-image-preview:large","keywords":"","webmasterTools":{"miscellaneous":""},"og:locale":"es_ES","og:site_name":"Rucas - One-stop AIoT Distribution Worldwide","og:type":"article","og:title":"IMILAB C20 Pro Home Security Camera - Rucas - Wholesale and Distribution","og:description":"3MP(2K) Crystal Clear Images 360 Free Rotation Works 24hours Infrared Night Vision Human Detection and Tracking Motion and Human Alerts Real-Time Two-Way Call Sounds Detection Cloud Storage or Micro SD Card Storage Video Compression H.265\/H.264 Inverted Installation Works with Imilab Home","og:url":"https:\/\/www.rucashk.com\/es\/producto\/imilab-c20-pro-home-security-camera\/","og:image":"https:\/\/www.rucashk.com\/wp-content\/uploads\/replace\/503b8e645f128a97ccde2b6290747646.jpeg","og:image:secure_url":"https:\/\/www.rucashk.com\/wp-content\/uploads\/replace\/503b8e645f128a97ccde2b6290747646.jpeg","og:image:width":1456,"og:image:height":816,"article:published_time":"2024-03-26T15:27:20+00:00","article:modified_time":"2024-04-16T13:28:06+00:00","twitter:card":"summary_large_image","twitter:title":"IMILAB C20 Pro Home Security Camera - Rucas - Wholesale and Distribution","twitter:description":"3MP(2K) Crystal Clear Images 360 Free Rotation Works 24hours Infrared Night Vision Human Detection and Tracking Motion and Human Alerts Real-Time Two-Way Call Sounds Detection Cloud Storage or Micro SD Card Storage Video Compression H.265\/H.264 Inverted Installation Works with Imilab Home","twitter:image":"https:\/\/www.rucashk.com\/wp-content\/uploads\/replace\/503b8e645f128a97ccde2b6290747646.jpeg","schema":{"@context":"https:\/\/schema.org","@graph":[{"@type":"BreadcrumbList","@id":"https:\/\/www.rucashk.com\/es\/producto\/imilab-c20-pro-home-security-camera\/#breadcrumblist","itemListElement":[{"@type":"ListItem","@id":"https:\/\/www.rucashk.com\/es\/#listItem","position":1,"name":"Home","item":"https:\/\/www.rucashk.com\/es\/","nextItem":"https:\/\/www.rucashk.com\/es\/producto\/imilab-c20-pro-home-security-camera\/#listItem"},{"@type":"ListItem","@id":"https:\/\/www.rucashk.com\/es\/producto\/imilab-c20-pro-home-security-camera\/#listItem","position":2,"name":"IMILAB C20 Pro Home Security Camera","previousItem":"https:\/\/www.rucashk.com\/es\/#listItem"}]},{"@type":"Organization","@id":"https:\/\/www.rucashk.com\/es\/#organization","name":"Rucas","url":"https:\/\/www.rucashk.com\/es\/","logo":{"@type":"ImageObject","url":"https:\/\/www.rucashk.com\/wp-content\/uploads\/2023\/12\/Rucas_campany_logo.png","@id":"https:\/\/www.rucashk.com\/es\/producto\/imilab-c20-pro-home-security-camera\/#organizationLogo","width":221,"height":65},"image":{"@id":"https:\/\/www.rucashk.com\/es\/#organizationLogo"}},{"@type":"Person","@id":"https:\/\/www.rucashk.com\/es\/author\/admin\/#author","url":"https:\/\/www.rucashk.com\/es\/author\/admin\/","name":"admin","image":{"@type":"ImageObject","@id":"https:\/\/www.rucashk.com\/es\/producto\/imilab-c20-pro-home-security-camera\/#authorImage","url":"https:\/\/secure.gravatar.com\/avatar\/b7c8925b09a27e72b30232f8ecaadbd5af0f70a38c78096863fe51b64f031c24?s=96&d=mm&r=g","width":96,"height":96,"caption":"admin"}},{"@type":"WebPage","@id":"https:\/\/www.rucashk.com\/es\/producto\/imilab-c20-pro-home-security-camera\/#webpage","url":"https:\/\/www.rucashk.com\/es\/producto\/imilab-c20-pro-home-security-camera\/","name":"IMILAB C20 Pro Home Security Camera - Rucas - Wholesale and Distribution","description":"3MP(2K) Crystal Clear Images 360 Free Rotation Works 24hours Infrared Night Vision Human Detection and Tracking Motion and Human Alerts Real-Time Two-Way Call Sounds Detection Cloud Storage or Micro SD Card Storage Video Compression H.265\/H.264 Inverted Installation Works with Imilab Home","inLanguage":"es-ES","isPartOf":{"@id":"https:\/\/www.rucashk.com\/es\/#website"},"breadcrumb":{"@id":"https:\/\/www.rucashk.com\/es\/producto\/imilab-c20-pro-home-security-camera\/#breadcrumblist"},"author":{"@id":"https:\/\/www.rucashk.com\/es\/author\/admin\/#author"},"creator":{"@id":"https:\/\/www.rucashk.com\/es\/author\/admin\/#author"},"image":{"@type":"ImageObject","url":"https:\/\/www.rucashk.com\/wp-content\/uploads\/2024\/03\/51AN5mmduL.jpg","@id":"https:\/\/www.rucashk.com\/es\/producto\/imilab-c20-pro-home-security-camera\/#mainImage","width":1000,"height":1000},"primaryImageOfPage":{"@id":"https:\/\/www.rucashk.com\/es\/producto\/imilab-c20-pro-home-security-camera\/#mainImage"},"datePublished":"2024-03-26T15:27:20+00:00","dateModified":"2024-04-16T13:28:06+00:00"},{"@type":"WebSite","@id":"https:\/\/www.rucashk.com\/es\/#website","url":"https:\/\/www.rucashk.com\/es\/","name":"Rucas - Wholesale and distribution worldwide","alternateName":"Rucas - One-stop AIoT Distribution Worldwide","description":"One-stop AIoT Distribution Worldwide","inLanguage":"es-ES","publisher":{"@id":"https:\/\/www.rucashk.com\/es\/#organization"}}]}},"aioseo_meta_data":{"post_id":"39938","title":null,"description":null,"keywords":null,"keyphrases":null,"primary_term":null,"canonical_url":null,"og_title":null,"og_description":null,"og_object_type":"default","og_image_type":"default","og_image_url":null,"og_image_width":null,"og_image_height":null,"og_image_custom_url":null,"og_image_custom_fields":null,"og_video":null,"og_custom_url":null,"og_article_section":null,"og_article_tags":null,"twitter_use_og":false,"twitter_card":"default","twitter_image_type":"default","twitter_image_url":null,"twitter_image_custom_url":null,"twitter_image_custom_fields":null,"twitter_title":null,"twitter_description":null,"schema":{"blockGraphs":[],"customGraphs":[],"default":{"data":{"Article":[],"Course":[],"Dataset":[],"FAQPage":[],"Movie":[],"Person":[],"Product":[],"Recipe":[],"Service":[],"SoftwareApplication":[],"WebPage":[]},"graphName":"","isEnabled":true},"graphs":[]},"schema_type":"default","schema_type_options":null,"pillar_content":false,"robots_default":true,"robots_noindex":false,"robots_noarchive":false,"robots_nosnippet":false,"robots_nofollow":false,"robots_noimageindex":false,"robots_noodp":false,"robots_notranslate":false,"robots_max_snippet":null,"robots_max_videopreview":null,"robots_max_imagepreview":"large","priority":null,"frequency":null,"local_seo":null,"breadcrumb_settings":null,"limit_modified_date":false,"created":"2024-04-11 01:57:23","updated":"2025-06-22 18:53:55"},"aioseo_breadcrumb":"<div class=\"aioseo-breadcrumbs\"><span class=\"aioseo-breadcrumb\">\n\t<a href=\"https:\/\/www.rucashk.com\/es\" title=\"Home\">Home<\/a>\n<\/span><span class=\"aioseo-breadcrumb-separator\">&raquo;<\/span><span class=\"aioseo-breadcrumb\">\n\t<a href=\"https:\/\/www.rucashk.com\/es\/products\/\" title=\"Productos\">Productos<\/a>\n<\/span><span class=\"aioseo-breadcrumb-separator\">&raquo;<\/span><span class=\"aioseo-breadcrumb\">\n\t<a href=\"https:\/\/www.rucashk.com\/es\/marca\/imilab\/\" title=\"IMILAB\">IMILAB<\/a>\n<\/span><span class=\"aioseo-breadcrumb-separator\">&raquo;<\/span><span class=\"aioseo-breadcrumb\">\n\tIMILAB C20 Pro Home Security Camera\n<\/span><\/div>","aioseo_breadcrumb_json":[{"label":"Home","link":"https:\/\/www.rucashk.com\/es"},{"label":"Productos","link":"https:\/\/www.rucashk.com\/es\/products\/"},{"label":"IMILAB","link":"https:\/\/www.rucashk.com\/es\/marca\/imilab\/"},{"label":"IMILAB C20 Pro Home Security Camera","link":"https:\/\/www.rucashk.com\/es\/producto\/imilab-c20-pro-home-security-camera\/"}],"_links":{"self":[{"href":"https:\/\/www.rucashk.com\/es\/wp-json\/wp\/v2\/product\/39938","targetHints":{"allow":["GET"]}}],"collection":[{"href":"https:\/\/www.rucashk.com\/es\/wp-json\/wp\/v2\/product"}],"about":[{"href":"https:\/\/www.rucashk.com\/es\/wp-json\/wp\/v2\/types\/product"}],"wp:featuredmedia":[{"embeddable":true,"href":"https:\/\/www.rucashk.com\/es\/wp-json\/wp\/v2\/media\/39960"}],"wp:attachment":[{"href":"https:\/\/www.rucashk.com\/es\/wp-json\/wp\/v2\/media?parent=39938"}],"wp:term":[{"taxonomy":"product_brand","embeddable":true,"href":"https:\/\/www.rucashk.com\/es\/wp-json\/wp\/v2\/product_brand?post=39938"},{"taxonomy":"product_cat","embeddable":true,"href":"https:\/\/www.rucashk.com\/es\/wp-json\/wp\/v2\/product_cat?post=39938"},{"taxonomy":"product_tag","embeddable":true,"href":"https:\/\/www.rucashk.com\/es\/wp-json\/wp\/v2\/product_tag?post=39938"}],"curies":[{"name":"wp","href":"https:\/\/api.w.org\/{rel}","templated":true}]}}