{"id":39923,"date":"2024-03-26T15:14:19","date_gmt":"2024-03-26T15:14:19","guid":{"rendered":"http:\/\/rucashk.com\/?post_type=product&#038;p=39923"},"modified":"2024-04-16T13:27:58","modified_gmt":"2024-04-16T13:27:58","slug":"imilab-ec5-2k-wifi-spotlight-camera","status":"publish","type":"product","link":"https:\/\/www.rucashk.com\/es\/producto\/imilab-ec5-2k-wifi-spotlight-camera\/","title":{"rendered":"C\u00e1mara con foco WiFi IMILAB EC5 2K"},"content":{"rendered":"<div><img fetchpriority=\"high\" decoding=\"async\" class=\"alignnone size-full wp-image-39924\" src=\"http:\/\/rucashk.com\/wp-content\/uploads\/replace\/fd750f40917a03f2f34aae173bff5fc4-scaled.jpeg\" alt=\"IMILAB EC5 2K WiFi Spotlight Camera\" width=\"2560\" height=\"858\" \/> <img decoding=\"async\" class=\"alignnone size-full wp-image-39925\" src=\"http:\/\/rucashk.com\/wp-content\/uploads\/replace\/8e10f50e614a6e686cdf0bff442d6626-scaled.jpeg\" alt=\"IMILAB EC5 2K WiFi Spotlight Camera\" width=\"2560\" height=\"1049\" \/> <img decoding=\"async\" class=\"alignnone size-full wp-image-39926\" src=\"http:\/\/rucashk.com\/wp-content\/uploads\/replace\/7d38b5d27da5d57edd65b920b0d3b517-scaled.jpeg\" alt=\"IMILAB EC5 2K WiFi Spotlight Camera\" width=\"2560\" height=\"1049\" \/> <img loading=\"lazy\" decoding=\"async\" class=\"alignnone size-full wp-image-39927\" src=\"http:\/\/rucashk.com\/wp-content\/uploads\/replace\/1a1d0c9a5221e4ea88827338fec90a83-scaled.jpeg\" alt=\"IMILAB EC5 2K WiFi Spotlight Camera\" width=\"2560\" height=\"1049\" \/> <img loading=\"lazy\" decoding=\"async\" class=\"alignnone size-full wp-image-39928\" src=\"http:\/\/rucashk.com\/wp-content\/uploads\/replace\/27462ad0034ae747aefc9032bbf72789-scaled.jpeg\" alt=\"IMILAB EC5 2K WiFi Spotlight Camera\" width=\"2560\" height=\"1049\" \/> <img loading=\"lazy\" decoding=\"async\" class=\"alignnone size-full wp-image-39929\" src=\"http:\/\/rucashk.com\/wp-content\/uploads\/replace\/3272c2cceaf04eac012829990b8ce13d-scaled.jpeg\" alt=\"IMILAB EC5 2K WiFi Spotlight Camera\" width=\"2560\" height=\"1049\" \/> <img loading=\"lazy\" decoding=\"async\" class=\"alignnone size-full wp-image-39930\" src=\"http:\/\/rucashk.com\/wp-content\/uploads\/replace\/625d3752f72c39659c8e287915199f6f-scaled.jpeg\" alt=\"IMILAB EC5 2K WiFi Spotlight Camera\" width=\"2560\" height=\"1049\" \/> <img loading=\"lazy\" decoding=\"async\" class=\"alignnone size-full wp-image-39931\" src=\"http:\/\/rucashk.com\/wp-content\/uploads\/replace\/fb015b1929e0e0a0d870b69c5dd974c9-scaled.jpeg\" alt=\"IMILAB EC5 2K WiFi Spotlight Camera\" width=\"2560\" height=\"1049\" \/> <img loading=\"lazy\" decoding=\"async\" class=\"alignnone size-full wp-image-39932\" src=\"http:\/\/rucashk.com\/wp-content\/uploads\/replace\/3e5b7833e9f82f1b8ba30e2a28de89b2-scaled.jpeg\" alt=\"IMILAB EC5 2K WiFi Spotlight Camera\" width=\"2560\" height=\"1049\" \/> <img loading=\"lazy\" decoding=\"async\" class=\"alignnone size-full wp-image-39933\" src=\"http:\/\/rucashk.com\/wp-content\/uploads\/replace\/e94098bc39f86763f3c60a625f7119b0-scaled.jpeg\" alt=\"IMILAB EC5 2K WiFi Spotlight Camera\" width=\"2560\" height=\"1049\" \/><\/div>\n<div>El m\u00e1s nuevo\u00a0<strong>C\u00e1mara exterior IMILAB EC5<\/strong>\u00a0es unico\u00a0<strong>c\u00e1mara reflectora<\/strong>\u00a0con\u00a0<strong>Rotaci\u00f3n de 360\u00b0<\/strong>\u00a0y\u00a0<strong>configuraci\u00f3n de iluminaci\u00f3n inteligente<\/strong>\u00a0que puede ajustar la luz seg\u00fan el horario o la detecci\u00f3n de movimiento para brindarle una visi\u00f3n nocturna en color inteligente. M\u00e1s el\u00a0<strong>Resoluci\u00f3n de 2K\/3MP y seguimiento de 360\u00b0<\/strong>, la c\u00e1mara EC5 ayudar\u00e1 a proteger cada rinc\u00f3n de su hogar. Nunca te perder\u00e1s lo que te importa. Adem\u00e1s, presentando el\u00a0<strong>detecci\u00f3n de \u00e1rea clave<\/strong>, puede configurar la zona que se adapte a su hogar para poder recibir solo las alertas que le interesan. No lo dudes, consigue uno y disfruta de una vida m\u00e1s inteligente.<\/div>\n<p><strong>Caracter\u00edsticas de la c\u00e1mara para exteriores con reflector IMILAB EC5:<\/strong><\/p>\n<ul>\n<li>2K\/3MP cristalino<\/li>\n<li>Seguimiento humano de 360\u00b0<\/li>\n<li>Iluminaci\u00f3n inteligente<\/li>\n<li>Visi\u00f3n nocturna en color<\/li>\n<li>\u00c1rea clave de detecci\u00f3n\/zona de actividad<\/li>\n<li>Notificaci\u00f3n instant\u00e1nea<\/li>\n<li>Sirena inteligente<\/li>\n<li>Conexi\u00f3n Wi-Fi y LAN<\/li>\n<li>Opciones de almacenamiento m\u00faltiple: almacenamiento en la nube y almacenamiento en tarjeta microSD local (hasta 256 GB)<\/li>\n<li>Compresi\u00f3n de v\u00eddeo H.265\/H.264<\/li>\n<li>IP66 resistente al agua<\/li>\n<li>Adaptarse a cualquier lugar<\/li>\n<\/ul>","protected":false},"excerpt":{"rendered":"<p>El IMILAB EC5 ofrece vigilancia de 360\u00b0 con seguimiento autom\u00e1tico de personas. 2K Live View &amp; Chat permite realizar registros en tiempo real sin esfuerzo. Se puede montar f\u00e1cilmente en techos, paredes o columnas de cualquier hogar.<\/p>\n<ul>\n<li>Vigilancia 360\u00b0<\/li>\n<li>Visualizaci\u00f3n en vivo y chat 2K<\/li>\n<li>Disuasi\u00f3n autom\u00e1tica<\/li>\n<li>Conexi\u00f3n de la aplicaci\u00f3n<\/li>\n<li>Instalaci\u00f3n vers\u00e1til<\/li>\n<li>Almacenamiento de material flexible<\/li>\n<li>Asistentes de voz<\/li>\n<li>Dise\u00f1o IF 2022 premiado<\/li>\n<\/ul>","protected":false},"featured_media":39936,"template":"","meta":[],"product_brand":[1372],"product_cat":[1317,1305],"product_tag":[],"class_list":{"0":"post-39923","1":"product","2":"type-product","3":"status-publish","4":"has-post-thumbnail","6":"product_brand-imilab","7":"product_cat-imilab-camera","8":"product_cat-xiaomi-eco","10":"first","11":"instock","12":"shipping-taxable","13":"product-type-simple"},"aioseo_notices":[],"aioseo_head":"\n\t\t<!-- All in One SEO Pro 4.5.9.2 - aioseo.com -->\n\t\t<meta name=\"description\" content=\"The IMILAB EC5 offers 360\u00b0 surveillance with automatic tracking of people. The 2K Live View &amp; Chat allows for effortless real-time check-ins. It can be easily mounted on ceilings, walls, or columns in any home. 360\u00b0 Surveillance 2K Live View &amp; Chat Auto Deterrence App Connection Versatile Installation Flexible Footage Storage Voice Assistants 2022 IF Design Awarded\" \/>\n\t\t<meta name=\"robots\" content=\"max-image-preview:large\" \/>\n\t\t<link rel=\"canonical\" href=\"https:\/\/www.rucashk.com\/es\/producto\/imilab-ec5-2k-wifi-spotlight-camera\/\" \/>\n\t\t<meta name=\"generator\" content=\"All in One SEO Pro (AIOSEO) 4.5.9.2\" \/>\n\t\t<meta property=\"og:locale\" content=\"es_ES\" \/>\n\t\t<meta property=\"og:site_name\" content=\"Rucas - One-stop AIoT Distribution Worldwide\" \/>\n\t\t<meta property=\"og:type\" content=\"article\" \/>\n\t\t<meta property=\"og:title\" content=\"IMILAB EC5 2K WiFi Spotlight Camera - Rucas - Wholesale and Distribution\" \/>\n\t\t<meta property=\"og:description\" content=\"The IMILAB EC5 offers 360\u00b0 surveillance with automatic tracking of people. The 2K Live View &amp; Chat allows for effortless real-time check-ins. It can be easily mounted on ceilings, walls, or columns in any home. 360\u00b0 Surveillance 2K Live View &amp; Chat Auto Deterrence App Connection Versatile Installation Flexible Footage Storage Voice Assistants 2022 IF Design Awarded\" \/>\n\t\t<meta property=\"og:url\" content=\"https:\/\/www.rucashk.com\/es\/producto\/imilab-ec5-2k-wifi-spotlight-camera\/\" \/>\n\t\t<meta property=\"og:image\" content=\"https:\/\/www.rucashk.com\/wp-content\/uploads\/replace\/503b8e645f128a97ccde2b6290747646.jpeg\" \/>\n\t\t<meta property=\"og:image:secure_url\" content=\"https:\/\/www.rucashk.com\/wp-content\/uploads\/replace\/503b8e645f128a97ccde2b6290747646.jpeg\" \/>\n\t\t<meta property=\"og:image:width\" content=\"1456\" \/>\n\t\t<meta property=\"og:image:height\" content=\"816\" \/>\n\t\t<meta property=\"article:published_time\" content=\"2024-03-26T15:14:19+00:00\" \/>\n\t\t<meta property=\"article:modified_time\" content=\"2024-04-16T13:27:58+00:00\" \/>\n\t\t<meta name=\"twitter:card\" content=\"summary_large_image\" \/>\n\t\t<meta name=\"twitter:title\" content=\"IMILAB EC5 2K WiFi Spotlight Camera - Rucas - Wholesale and Distribution\" \/>\n\t\t<meta name=\"twitter:description\" content=\"The IMILAB EC5 offers 360\u00b0 surveillance with automatic tracking of people. The 2K Live View &amp; Chat allows for effortless real-time check-ins. It can be easily mounted on ceilings, walls, or columns in any home. 360\u00b0 Surveillance 2K Live View &amp; Chat Auto Deterrence App Connection Versatile Installation Flexible Footage Storage Voice Assistants 2022 IF Design Awarded\" \/>\n\t\t<meta name=\"twitter:image\" content=\"https:\/\/www.rucashk.com\/wp-content\/uploads\/replace\/503b8e645f128a97ccde2b6290747646.jpeg\" \/>\n\t\t<script type=\"application\/ld+json\" class=\"aioseo-schema\">\n\t\t\t{\"@context\":\"https:\\\/\\\/schema.org\",\"@graph\":[{\"@type\":\"BreadcrumbList\",\"@id\":\"https:\\\/\\\/www.rucashk.com\\\/es\\\/producto\\\/imilab-ec5-2k-wifi-spotlight-camera\\\/#breadcrumblist\",\"itemListElement\":[{\"@type\":\"ListItem\",\"@id\":\"https:\\\/\\\/www.rucashk.com\\\/es\\\/#listItem\",\"position\":1,\"name\":\"Home\",\"item\":\"https:\\\/\\\/www.rucashk.com\\\/es\\\/\",\"nextItem\":\"https:\\\/\\\/www.rucashk.com\\\/es\\\/producto\\\/imilab-ec5-2k-wifi-spotlight-camera\\\/#listItem\"},{\"@type\":\"ListItem\",\"@id\":\"https:\\\/\\\/www.rucashk.com\\\/es\\\/producto\\\/imilab-ec5-2k-wifi-spotlight-camera\\\/#listItem\",\"position\":2,\"name\":\"IMILAB EC5 2K WiFi Spotlight Camera\",\"previousItem\":\"https:\\\/\\\/www.rucashk.com\\\/es\\\/#listItem\"}]},{\"@type\":\"Organization\",\"@id\":\"https:\\\/\\\/www.rucashk.com\\\/es\\\/#organization\",\"name\":\"Rucas\",\"url\":\"https:\\\/\\\/www.rucashk.com\\\/es\\\/\",\"logo\":{\"@type\":\"ImageObject\",\"url\":\"https:\\\/\\\/www.rucashk.com\\\/wp-content\\\/uploads\\\/2023\\\/12\\\/Rucas_campany_logo.png\",\"@id\":\"https:\\\/\\\/www.rucashk.com\\\/es\\\/producto\\\/imilab-ec5-2k-wifi-spotlight-camera\\\/#organizationLogo\",\"width\":221,\"height\":65},\"image\":{\"@id\":\"https:\\\/\\\/www.rucashk.com\\\/es\\\/#organizationLogo\"}},{\"@type\":\"Person\",\"@id\":\"https:\\\/\\\/www.rucashk.com\\\/es\\\/author\\\/admin\\\/#author\",\"url\":\"https:\\\/\\\/www.rucashk.com\\\/es\\\/author\\\/admin\\\/\",\"name\":\"admin\",\"image\":{\"@type\":\"ImageObject\",\"@id\":\"https:\\\/\\\/www.rucashk.com\\\/es\\\/producto\\\/imilab-ec5-2k-wifi-spotlight-camera\\\/#authorImage\",\"url\":\"https:\\\/\\\/secure.gravatar.com\\\/avatar\\\/b7c8925b09a27e72b30232f8ecaadbd5af0f70a38c78096863fe51b64f031c24?s=96&d=mm&r=g\",\"width\":96,\"height\":96,\"caption\":\"admin\"}},{\"@type\":\"WebPage\",\"@id\":\"https:\\\/\\\/www.rucashk.com\\\/es\\\/producto\\\/imilab-ec5-2k-wifi-spotlight-camera\\\/#webpage\",\"url\":\"https:\\\/\\\/www.rucashk.com\\\/es\\\/producto\\\/imilab-ec5-2k-wifi-spotlight-camera\\\/\",\"name\":\"IMILAB EC5 2K WiFi Spotlight Camera - Rucas - Wholesale and Distribution\",\"description\":\"The IMILAB EC5 offers 360\\u00b0 surveillance with automatic tracking of people. The 2K Live View & Chat allows for effortless real-time check-ins. It can be easily mounted on ceilings, walls, or columns in any home. 360\\u00b0 Surveillance 2K Live View & Chat Auto Deterrence App Connection Versatile Installation Flexible Footage Storage Voice Assistants 2022 IF Design Awarded\",\"inLanguage\":\"es-ES\",\"isPartOf\":{\"@id\":\"https:\\\/\\\/www.rucashk.com\\\/es\\\/#website\"},\"breadcrumb\":{\"@id\":\"https:\\\/\\\/www.rucashk.com\\\/es\\\/producto\\\/imilab-ec5-2k-wifi-spotlight-camera\\\/#breadcrumblist\"},\"author\":{\"@id\":\"https:\\\/\\\/www.rucashk.com\\\/es\\\/author\\\/admin\\\/#author\"},\"creator\":{\"@id\":\"https:\\\/\\\/www.rucashk.com\\\/es\\\/author\\\/admin\\\/#author\"},\"image\":{\"@type\":\"ImageObject\",\"url\":\"https:\\\/\\\/www.rucashk.com\\\/wp-content\\\/uploads\\\/2024\\\/03\\\/IMILAB-EC5.png\",\"@id\":\"https:\\\/\\\/www.rucashk.com\\\/es\\\/producto\\\/imilab-ec5-2k-wifi-spotlight-camera\\\/#mainImage\",\"width\":822,\"height\":764},\"primaryImageOfPage\":{\"@id\":\"https:\\\/\\\/www.rucashk.com\\\/es\\\/producto\\\/imilab-ec5-2k-wifi-spotlight-camera\\\/#mainImage\"},\"datePublished\":\"2024-03-26T15:14:19+00:00\",\"dateModified\":\"2024-04-16T13:27:58+00:00\"},{\"@type\":\"WebSite\",\"@id\":\"https:\\\/\\\/www.rucashk.com\\\/es\\\/#website\",\"url\":\"https:\\\/\\\/www.rucashk.com\\\/es\\\/\",\"name\":\"Rucas - Wholesale and distribution worldwide\",\"alternateName\":\"Rucas - One-stop AIoT Distribution Worldwide\",\"description\":\"One-stop AIoT Distribution Worldwide\",\"inLanguage\":\"es-ES\",\"publisher\":{\"@id\":\"https:\\\/\\\/www.rucashk.com\\\/es\\\/#organization\"}}]}\n\t\t<\/script>\n\t\t<!-- All in One SEO Pro -->\r\n\t\t<title>IMILAB EC5 2K WiFi Spotlight Camera - Rucas - Wholesale and Distribution<\/title>\n\n","aioseo_head_json":{"title":"IMILAB EC5 2K WiFi Spotlight Camera - Rucas - Wholesale and Distribution","description":"The IMILAB EC5 offers 360\u00b0 surveillance with automatic tracking of people. The 2K Live View & Chat allows for effortless real-time check-ins. It can be easily mounted on ceilings, walls, or columns in any home. 360\u00b0 Surveillance 2K Live View & Chat Auto Deterrence App Connection Versatile Installation Flexible Footage Storage Voice Assistants 2022 IF Design Awarded","canonical_url":"https:\/\/www.rucashk.com\/es\/producto\/imilab-ec5-2k-wifi-spotlight-camera\/","robots":"max-image-preview:large","keywords":"","webmasterTools":{"miscellaneous":""},"og:locale":"es_ES","og:site_name":"Rucas - One-stop AIoT Distribution Worldwide","og:type":"article","og:title":"IMILAB EC5 2K WiFi Spotlight Camera - Rucas - Wholesale and Distribution","og:description":"The IMILAB EC5 offers 360\u00b0 surveillance with automatic tracking of people. The 2K Live View &amp; Chat allows for effortless real-time check-ins. It can be easily mounted on ceilings, walls, or columns in any home. 360\u00b0 Surveillance 2K Live View &amp; Chat Auto Deterrence App Connection Versatile Installation Flexible Footage Storage Voice Assistants 2022 IF Design Awarded","og:url":"https:\/\/www.rucashk.com\/es\/producto\/imilab-ec5-2k-wifi-spotlight-camera\/","og:image":"https:\/\/www.rucashk.com\/wp-content\/uploads\/replace\/503b8e645f128a97ccde2b6290747646.jpeg","og:image:secure_url":"https:\/\/www.rucashk.com\/wp-content\/uploads\/replace\/503b8e645f128a97ccde2b6290747646.jpeg","og:image:width":1456,"og:image:height":816,"article:published_time":"2024-03-26T15:14:19+00:00","article:modified_time":"2024-04-16T13:27:58+00:00","twitter:card":"summary_large_image","twitter:title":"IMILAB EC5 2K WiFi Spotlight Camera - Rucas - Wholesale and Distribution","twitter:description":"The IMILAB EC5 offers 360\u00b0 surveillance with automatic tracking of people. The 2K Live View &amp; Chat allows for effortless real-time check-ins. It can be easily mounted on ceilings, walls, or columns in any home. 360\u00b0 Surveillance 2K Live View &amp; Chat Auto Deterrence App Connection Versatile Installation Flexible Footage Storage Voice Assistants 2022 IF Design Awarded","twitter:image":"https:\/\/www.rucashk.com\/wp-content\/uploads\/replace\/503b8e645f128a97ccde2b6290747646.jpeg","schema":{"@context":"https:\/\/schema.org","@graph":[{"@type":"BreadcrumbList","@id":"https:\/\/www.rucashk.com\/es\/producto\/imilab-ec5-2k-wifi-spotlight-camera\/#breadcrumblist","itemListElement":[{"@type":"ListItem","@id":"https:\/\/www.rucashk.com\/es\/#listItem","position":1,"name":"Home","item":"https:\/\/www.rucashk.com\/es\/","nextItem":"https:\/\/www.rucashk.com\/es\/producto\/imilab-ec5-2k-wifi-spotlight-camera\/#listItem"},{"@type":"ListItem","@id":"https:\/\/www.rucashk.com\/es\/producto\/imilab-ec5-2k-wifi-spotlight-camera\/#listItem","position":2,"name":"IMILAB EC5 2K WiFi Spotlight Camera","previousItem":"https:\/\/www.rucashk.com\/es\/#listItem"}]},{"@type":"Organization","@id":"https:\/\/www.rucashk.com\/es\/#organization","name":"Rucas","url":"https:\/\/www.rucashk.com\/es\/","logo":{"@type":"ImageObject","url":"https:\/\/www.rucashk.com\/wp-content\/uploads\/2023\/12\/Rucas_campany_logo.png","@id":"https:\/\/www.rucashk.com\/es\/producto\/imilab-ec5-2k-wifi-spotlight-camera\/#organizationLogo","width":221,"height":65},"image":{"@id":"https:\/\/www.rucashk.com\/es\/#organizationLogo"}},{"@type":"Person","@id":"https:\/\/www.rucashk.com\/es\/author\/admin\/#author","url":"https:\/\/www.rucashk.com\/es\/author\/admin\/","name":"admin","image":{"@type":"ImageObject","@id":"https:\/\/www.rucashk.com\/es\/producto\/imilab-ec5-2k-wifi-spotlight-camera\/#authorImage","url":"https:\/\/secure.gravatar.com\/avatar\/b7c8925b09a27e72b30232f8ecaadbd5af0f70a38c78096863fe51b64f031c24?s=96&d=mm&r=g","width":96,"height":96,"caption":"admin"}},{"@type":"WebPage","@id":"https:\/\/www.rucashk.com\/es\/producto\/imilab-ec5-2k-wifi-spotlight-camera\/#webpage","url":"https:\/\/www.rucashk.com\/es\/producto\/imilab-ec5-2k-wifi-spotlight-camera\/","name":"IMILAB EC5 2K WiFi Spotlight Camera - Rucas - Wholesale and Distribution","description":"The IMILAB EC5 offers 360\u00b0 surveillance with automatic tracking of people. The 2K Live View & Chat allows for effortless real-time check-ins. It can be easily mounted on ceilings, walls, or columns in any home. 360\u00b0 Surveillance 2K Live View & Chat Auto Deterrence App Connection Versatile Installation Flexible Footage Storage Voice Assistants 2022 IF Design Awarded","inLanguage":"es-ES","isPartOf":{"@id":"https:\/\/www.rucashk.com\/es\/#website"},"breadcrumb":{"@id":"https:\/\/www.rucashk.com\/es\/producto\/imilab-ec5-2k-wifi-spotlight-camera\/#breadcrumblist"},"author":{"@id":"https:\/\/www.rucashk.com\/es\/author\/admin\/#author"},"creator":{"@id":"https:\/\/www.rucashk.com\/es\/author\/admin\/#author"},"image":{"@type":"ImageObject","url":"https:\/\/www.rucashk.com\/wp-content\/uploads\/2024\/03\/IMILAB-EC5.png","@id":"https:\/\/www.rucashk.com\/es\/producto\/imilab-ec5-2k-wifi-spotlight-camera\/#mainImage","width":822,"height":764},"primaryImageOfPage":{"@id":"https:\/\/www.rucashk.com\/es\/producto\/imilab-ec5-2k-wifi-spotlight-camera\/#mainImage"},"datePublished":"2024-03-26T15:14:19+00:00","dateModified":"2024-04-16T13:27:58+00:00"},{"@type":"WebSite","@id":"https:\/\/www.rucashk.com\/es\/#website","url":"https:\/\/www.rucashk.com\/es\/","name":"Rucas - Wholesale and distribution worldwide","alternateName":"Rucas - One-stop AIoT Distribution Worldwide","description":"One-stop AIoT Distribution Worldwide","inLanguage":"es-ES","publisher":{"@id":"https:\/\/www.rucashk.com\/es\/#organization"}}]}},"aioseo_meta_data":{"post_id":"39923","title":null,"description":null,"keywords":null,"keyphrases":null,"primary_term":null,"canonical_url":null,"og_title":null,"og_description":null,"og_object_type":"default","og_image_type":"default","og_image_url":null,"og_image_width":null,"og_image_height":null,"og_image_custom_url":null,"og_image_custom_fields":null,"og_video":null,"og_custom_url":null,"og_article_section":null,"og_article_tags":null,"twitter_use_og":false,"twitter_card":"default","twitter_image_type":"default","twitter_image_url":null,"twitter_image_custom_url":null,"twitter_image_custom_fields":null,"twitter_title":null,"twitter_description":null,"schema":{"blockGraphs":[],"customGraphs":[],"default":{"data":{"Article":[],"Course":[],"Dataset":[],"FAQPage":[],"Movie":[],"Person":[],"Product":[],"Recipe":[],"Service":[],"SoftwareApplication":[],"WebPage":[]},"graphName":"","isEnabled":true},"graphs":[]},"schema_type":"default","schema_type_options":null,"pillar_content":false,"robots_default":true,"robots_noindex":false,"robots_noarchive":false,"robots_nosnippet":false,"robots_nofollow":false,"robots_noimageindex":false,"robots_noodp":false,"robots_notranslate":false,"robots_max_snippet":null,"robots_max_videopreview":null,"robots_max_imagepreview":"large","priority":null,"frequency":null,"local_seo":null,"breadcrumb_settings":null,"limit_modified_date":false,"created":"2024-04-11 01:57:23","updated":"2025-06-22 18:53:55"},"aioseo_breadcrumb":"<div class=\"aioseo-breadcrumbs\"><span class=\"aioseo-breadcrumb\">\n\t<a href=\"https:\/\/www.rucashk.com\/es\" title=\"Home\">Home<\/a>\n<\/span><span class=\"aioseo-breadcrumb-separator\">&raquo;<\/span><span class=\"aioseo-breadcrumb\">\n\t<a href=\"https:\/\/www.rucashk.com\/es\/products\/\" title=\"Productos\">Productos<\/a>\n<\/span><span class=\"aioseo-breadcrumb-separator\">&raquo;<\/span><span class=\"aioseo-breadcrumb\">\n\t<a href=\"https:\/\/www.rucashk.com\/es\/marca\/imilab\/\" title=\"IMILAB\">IMILAB<\/a>\n<\/span><span class=\"aioseo-breadcrumb-separator\">&raquo;<\/span><span class=\"aioseo-breadcrumb\">\n\tIMILAB EC5 2K WiFi Spotlight Camera\n<\/span><\/div>","aioseo_breadcrumb_json":[{"label":"Home","link":"https:\/\/www.rucashk.com\/es"},{"label":"Productos","link":"https:\/\/www.rucashk.com\/es\/products\/"},{"label":"IMILAB","link":"https:\/\/www.rucashk.com\/es\/marca\/imilab\/"},{"label":"IMILAB EC5 2K WiFi Spotlight Camera","link":"https:\/\/www.rucashk.com\/es\/producto\/imilab-ec5-2k-wifi-spotlight-camera\/"}],"_links":{"self":[{"href":"https:\/\/www.rucashk.com\/es\/wp-json\/wp\/v2\/product\/39923","targetHints":{"allow":["GET"]}}],"collection":[{"href":"https:\/\/www.rucashk.com\/es\/wp-json\/wp\/v2\/product"}],"about":[{"href":"https:\/\/www.rucashk.com\/es\/wp-json\/wp\/v2\/types\/product"}],"wp:featuredmedia":[{"embeddable":true,"href":"https:\/\/www.rucashk.com\/es\/wp-json\/wp\/v2\/media\/39936"}],"wp:attachment":[{"href":"https:\/\/www.rucashk.com\/es\/wp-json\/wp\/v2\/media?parent=39923"}],"wp:term":[{"taxonomy":"product_brand","embeddable":true,"href":"https:\/\/www.rucashk.com\/es\/wp-json\/wp\/v2\/product_brand?post=39923"},{"taxonomy":"product_cat","embeddable":true,"href":"https:\/\/www.rucashk.com\/es\/wp-json\/wp\/v2\/product_cat?post=39923"},{"taxonomy":"product_tag","embeddable":true,"href":"https:\/\/www.rucashk.com\/es\/wp-json\/wp\/v2\/product_tag?post=39923"}],"curies":[{"name":"wp","href":"https:\/\/api.w.org\/{rel}","templated":true}]}}