{"id":39917,"date":"2024-03-26T15:07:13","date_gmt":"2024-03-26T15:07:13","guid":{"rendered":"http:\/\/rucashk.com\/?post_type=product&#038;p=39917"},"modified":"2024-03-26T15:07:14","modified_gmt":"2024-03-26T15:07:14","slug":"imilab-ec4-2-5k-wifi-battery-spotlight-camera","status":"publish","type":"product","link":"https:\/\/www.rucashk.com\/es\/producto\/imilab-ec4-2-5k-wifi-battery-spotlight-camera\/","title":{"rendered":"C\u00e1mara con foco de bater\u00eda WiFi IMILAB EC4 2.5K"},"content":{"rendered":"<p><b><img fetchpriority=\"high\" decoding=\"async\" class=\"alignnone wp-image-2213 size-full\" src=\"\/wp-content\/uploads\/replace\/f67d3f09fc0dbf8cd6880d5597b0e8ca.jpeg\" sizes=\"(max-width: 2560px) 100vw, 2560px\" srcset=\"https:\/\/imilab.com.sg\/wp-content\/uploads\/2021\/09\/\u591c\u95f4\u7167\u660e-scaled.jpg 2560w, https:\/\/imilab.com.sg\/wp-content\/uploads\/2021\/09\/\u591c\u95f4\u7167\u660e-300x212.jpg 300w, https:\/\/imilab.com.sg\/wp-content\/uploads\/2021\/09\/\u591c\u95f4\u7167\u660e-1024x724.jpg 1024w, https:\/\/imilab.com.sg\/wp-content\/uploads\/2021\/09\/\u591c\u95f4\u7167\u660e-768x543.jpg 768w, https:\/\/imilab.com.sg\/wp-content\/uploads\/2021\/09\/\u591c\u95f4\u7167\u660e-1536x1086.jpg 1536w, https:\/\/imilab.com.sg\/wp-content\/uploads\/2021\/09\/\u591c\u95f4\u7167\u660e-2048x1448.jpg 2048w, https:\/\/imilab.com.sg\/wp-content\/uploads\/2021\/09\/\u591c\u95f4\u7167\u660e-600x424.jpg 600w, https:\/\/imilab.com.sg\/wp-content\/uploads\/2021\/09\/\u591c\u95f4\u7167\u660e-64x45.jpg 64w\" alt=\"IMILAB EC4 2.5K WiFi Battery Spotlight Camera\" width=\"2560\" height=\"1810\" \/><\/b><\/p>\n<p>IMILAB-c\u00e1mara de seguridad Solar EC4, conjunto de c\u00e1mara Wifi de 4MP, bater\u00eda de 5200mAh, c\u00e1mara de vigilancia CCTV inal\u00e1mbrica para exteriores<br \/>\nD\u00edgale adi\u00f3s a la carga constante y hola a la tecnolog\u00eda de ahorro de bater\u00eda con la c\u00e1mara con bater\u00eda EC4 Spotlight. Imilab EC4, una innovadora c\u00e1mara de seguridad para el hogar, se puede cargar completamente a trav\u00e9s de la bater\u00eda recargable incorporada de 5200 mAh o mediante el panel solar opcional. Una sola carga podr\u00eda durar meses con la bater\u00eda, \u00a1o es posible que nunca necesites recargarla con el panel solar!<\/p>\n<p>Caracter\u00edsticas :<br \/>\n\u2013 La transmisi\u00f3n en vivo de 4 megap\u00edxeles extremadamente fluida en alta definici\u00f3n y la claridad superior de las im\u00e1genes le brindan una sensaci\u00f3n de disfrute visual.<br \/>\n\u2013 Visi\u00f3n nocturna a todo color, una experiencia visual diferente<br \/>\n\u2013 Bater\u00eda recargable incorporada de 5200 mAh, dura aproximadamente 100 d\u00edas<br \/>\n\u2013 Zona de Detecci\u00f3n Personalizada. Seleccione \u00e1reas dentro de la vista de la c\u00e1mara que no desea que se graben.<br \/>\n\u2013 Deshacerse de las Falsas Alarmas. Con un chipset de inteligencia artificial integrado, el EC4 est\u00e1 dise\u00f1ado para detectar personas con precisi\u00f3n.<br \/>\n\u2013 Toque la aplicaci\u00f3n Imilab Home para sumergirse en videos de alta resoluci\u00f3n y en tiempo real.<br \/>\n\u2013 Grabar despu\u00e9s de un tiempo determinado. En comparaci\u00f3n con otras c\u00e1maras, comience a grabar despu\u00e9s de capturar una forma humana inmediatamente; puede configurar EC4 para que grabe cuando personas sospechosas permanezcan cerca por alg\u00fan tiempo.<br \/>\n\u2013 IP66 a prueba de agua, trabaje bajo la lluvia o el sol.<br \/>\n\u2013 Almacenamiento en la nube IMILAB. Basado en el servicio en la nube de AWS que cubre 190 pa\u00edses en todo el mundo con una confiabilidad extremadamente alta<\/p>","protected":false},"excerpt":{"rendered":"<p>El IMILAB EC4 ofrece resoluci\u00f3n de 2,5K y chat en vivo para una conexi\u00f3n sencilla con los visitantes en todo momento. Con la detecci\u00f3n avanzada de personas, disuade eficazmente actividades sospechosas. Al ser inal\u00e1mbrico, es perfecto para zonas sin acceso a electricidad. Adem\u00e1s, ofrece la opci\u00f3n de alimentaci\u00f3n por paneles solares.<\/p>","protected":false},"featured_media":39920,"template":"","meta":[],"product_brand":[1372],"product_cat":[1317,1305],"product_tag":[],"class_list":{"0":"post-39917","1":"product","2":"type-product","3":"status-publish","4":"has-post-thumbnail","6":"product_brand-imilab","7":"product_cat-imilab-camera","8":"product_cat-xiaomi-eco","10":"first","11":"instock","12":"shipping-taxable","13":"product-type-simple"},"aioseo_notices":[],"aioseo_head":"\n\t\t<!-- All in One SEO Pro 4.5.9.2 - aioseo.com -->\n\t\t<meta name=\"description\" content=\"The IMILAB EC4 offers 2.5K resolution and live chat for effortless connection with visitors at all times. With advanced person detection, it effectively deters suspicious activity. Being cordless makes it perfect for areas without electricity access. Additionally, it provides the option for solar panel power.\" \/>\n\t\t<meta name=\"robots\" content=\"max-image-preview:large\" \/>\n\t\t<link rel=\"canonical\" href=\"https:\/\/www.rucashk.com\/es\/producto\/imilab-ec4-2-5k-wifi-battery-spotlight-camera\/\" \/>\n\t\t<meta name=\"generator\" content=\"All in One SEO Pro (AIOSEO) 4.5.9.2\" \/>\n\t\t<meta property=\"og:locale\" content=\"es_ES\" \/>\n\t\t<meta property=\"og:site_name\" content=\"Rucas - One-stop AIoT Distribution Worldwide\" \/>\n\t\t<meta property=\"og:type\" content=\"article\" \/>\n\t\t<meta property=\"og:title\" content=\"IMILAB EC4 2.5K WiFi Battery Spotlight Camera - Rucas - Wholesale and Distribution\" \/>\n\t\t<meta property=\"og:description\" content=\"The IMILAB EC4 offers 2.5K resolution and live chat for effortless connection with visitors at all times. With advanced person detection, it effectively deters suspicious activity. Being cordless makes it perfect for areas without electricity access. Additionally, it provides the option for solar panel power.\" \/>\n\t\t<meta property=\"og:url\" content=\"https:\/\/www.rucashk.com\/es\/producto\/imilab-ec4-2-5k-wifi-battery-spotlight-camera\/\" \/>\n\t\t<meta property=\"og:image\" content=\"https:\/\/www.rucashk.com\/wp-content\/uploads\/replace\/503b8e645f128a97ccde2b6290747646.jpeg\" \/>\n\t\t<meta property=\"og:image:secure_url\" content=\"https:\/\/www.rucashk.com\/wp-content\/uploads\/replace\/503b8e645f128a97ccde2b6290747646.jpeg\" \/>\n\t\t<meta property=\"og:image:width\" content=\"1456\" \/>\n\t\t<meta property=\"og:image:height\" content=\"816\" \/>\n\t\t<meta property=\"article:published_time\" content=\"2024-03-26T15:07:13+00:00\" \/>\n\t\t<meta property=\"article:modified_time\" content=\"2024-03-26T15:07:14+00:00\" \/>\n\t\t<meta name=\"twitter:card\" content=\"summary_large_image\" \/>\n\t\t<meta name=\"twitter:title\" content=\"IMILAB EC4 2.5K WiFi Battery Spotlight Camera - Rucas - Wholesale and Distribution\" \/>\n\t\t<meta name=\"twitter:description\" content=\"The IMILAB EC4 offers 2.5K resolution and live chat for effortless connection with visitors at all times. With advanced person detection, it effectively deters suspicious activity. Being cordless makes it perfect for areas without electricity access. Additionally, it provides the option for solar panel power.\" \/>\n\t\t<meta name=\"twitter:image\" content=\"https:\/\/www.rucashk.com\/wp-content\/uploads\/replace\/503b8e645f128a97ccde2b6290747646.jpeg\" \/>\n\t\t<script type=\"application\/ld+json\" class=\"aioseo-schema\">\n\t\t\t{\"@context\":\"https:\\\/\\\/schema.org\",\"@graph\":[{\"@type\":\"BreadcrumbList\",\"@id\":\"https:\\\/\\\/www.rucashk.com\\\/es\\\/producto\\\/imilab-ec4-2-5k-wifi-battery-spotlight-camera\\\/#breadcrumblist\",\"itemListElement\":[{\"@type\":\"ListItem\",\"@id\":\"https:\\\/\\\/www.rucashk.com\\\/es\\\/#listItem\",\"position\":1,\"name\":\"Home\",\"item\":\"https:\\\/\\\/www.rucashk.com\\\/es\\\/\",\"nextItem\":\"https:\\\/\\\/www.rucashk.com\\\/es\\\/producto\\\/imilab-ec4-2-5k-wifi-battery-spotlight-camera\\\/#listItem\"},{\"@type\":\"ListItem\",\"@id\":\"https:\\\/\\\/www.rucashk.com\\\/es\\\/producto\\\/imilab-ec4-2-5k-wifi-battery-spotlight-camera\\\/#listItem\",\"position\":2,\"name\":\"IMILAB EC4 2.5K WiFi Battery Spotlight Camera\",\"previousItem\":\"https:\\\/\\\/www.rucashk.com\\\/es\\\/#listItem\"}]},{\"@type\":\"Organization\",\"@id\":\"https:\\\/\\\/www.rucashk.com\\\/es\\\/#organization\",\"name\":\"Rucas\",\"url\":\"https:\\\/\\\/www.rucashk.com\\\/es\\\/\",\"logo\":{\"@type\":\"ImageObject\",\"url\":\"https:\\\/\\\/www.rucashk.com\\\/wp-content\\\/uploads\\\/2023\\\/12\\\/Rucas_campany_logo.png\",\"@id\":\"https:\\\/\\\/www.rucashk.com\\\/es\\\/producto\\\/imilab-ec4-2-5k-wifi-battery-spotlight-camera\\\/#organizationLogo\",\"width\":221,\"height\":65},\"image\":{\"@id\":\"https:\\\/\\\/www.rucashk.com\\\/es\\\/#organizationLogo\"}},{\"@type\":\"Person\",\"@id\":\"https:\\\/\\\/www.rucashk.com\\\/es\\\/author\\\/admin\\\/#author\",\"url\":\"https:\\\/\\\/www.rucashk.com\\\/es\\\/author\\\/admin\\\/\",\"name\":\"admin\",\"image\":{\"@type\":\"ImageObject\",\"@id\":\"https:\\\/\\\/www.rucashk.com\\\/es\\\/producto\\\/imilab-ec4-2-5k-wifi-battery-spotlight-camera\\\/#authorImage\",\"url\":\"https:\\\/\\\/secure.gravatar.com\\\/avatar\\\/b7c8925b09a27e72b30232f8ecaadbd5af0f70a38c78096863fe51b64f031c24?s=96&d=mm&r=g\",\"width\":96,\"height\":96,\"caption\":\"admin\"}},{\"@type\":\"WebPage\",\"@id\":\"https:\\\/\\\/www.rucashk.com\\\/es\\\/producto\\\/imilab-ec4-2-5k-wifi-battery-spotlight-camera\\\/#webpage\",\"url\":\"https:\\\/\\\/www.rucashk.com\\\/es\\\/producto\\\/imilab-ec4-2-5k-wifi-battery-spotlight-camera\\\/\",\"name\":\"IMILAB EC4 2.5K WiFi Battery Spotlight Camera - Rucas - Wholesale and Distribution\",\"description\":\"The IMILAB EC4 offers 2.5K resolution and live chat for effortless connection with visitors at all times. With advanced person detection, it effectively deters suspicious activity. Being cordless makes it perfect for areas without electricity access. Additionally, it provides the option for solar panel power.\",\"inLanguage\":\"es-ES\",\"isPartOf\":{\"@id\":\"https:\\\/\\\/www.rucashk.com\\\/es\\\/#website\"},\"breadcrumb\":{\"@id\":\"https:\\\/\\\/www.rucashk.com\\\/es\\\/producto\\\/imilab-ec4-2-5k-wifi-battery-spotlight-camera\\\/#breadcrumblist\"},\"author\":{\"@id\":\"https:\\\/\\\/www.rucashk.com\\\/es\\\/author\\\/admin\\\/#author\"},\"creator\":{\"@id\":\"https:\\\/\\\/www.rucashk.com\\\/es\\\/author\\\/admin\\\/#author\"},\"image\":{\"@type\":\"ImageObject\",\"url\":\"https:\\\/\\\/www.rucashk.com\\\/wp-content\\\/uploads\\\/2024\\\/03\\\/031_\\u7f51\\u5173-2-e1632119321216.png\",\"@id\":\"https:\\\/\\\/www.rucashk.com\\\/es\\\/producto\\\/imilab-ec4-2-5k-wifi-battery-spotlight-camera\\\/#mainImage\",\"width\":2240,\"height\":2240},\"primaryImageOfPage\":{\"@id\":\"https:\\\/\\\/www.rucashk.com\\\/es\\\/producto\\\/imilab-ec4-2-5k-wifi-battery-spotlight-camera\\\/#mainImage\"},\"datePublished\":\"2024-03-26T15:07:13+00:00\",\"dateModified\":\"2024-03-26T15:07:14+00:00\"},{\"@type\":\"WebSite\",\"@id\":\"https:\\\/\\\/www.rucashk.com\\\/es\\\/#website\",\"url\":\"https:\\\/\\\/www.rucashk.com\\\/es\\\/\",\"name\":\"Rucas - Wholesale and distribution worldwide\",\"alternateName\":\"Rucas - One-stop AIoT Distribution Worldwide\",\"description\":\"One-stop AIoT Distribution Worldwide\",\"inLanguage\":\"es-ES\",\"publisher\":{\"@id\":\"https:\\\/\\\/www.rucashk.com\\\/es\\\/#organization\"}}]}\n\t\t<\/script>\n\t\t<!-- All in One SEO Pro -->\r\n\t\t<title>IMILAB EC4 2.5K WiFi Battery Spotlight Camera - Rucas - Wholesale and Distribution<\/title>\n\n","aioseo_head_json":{"title":"IMILAB EC4 2.5K WiFi Battery Spotlight Camera - Rucas - Wholesale and Distribution","description":"The IMILAB EC4 offers 2.5K resolution and live chat for effortless connection with visitors at all times. With advanced person detection, it effectively deters suspicious activity. Being cordless makes it perfect for areas without electricity access. Additionally, it provides the option for solar panel power.","canonical_url":"https:\/\/www.rucashk.com\/es\/producto\/imilab-ec4-2-5k-wifi-battery-spotlight-camera\/","robots":"max-image-preview:large","keywords":"","webmasterTools":{"miscellaneous":""},"og:locale":"es_ES","og:site_name":"Rucas - One-stop AIoT Distribution Worldwide","og:type":"article","og:title":"IMILAB EC4 2.5K WiFi Battery Spotlight Camera - Rucas - Wholesale and Distribution","og:description":"The IMILAB EC4 offers 2.5K resolution and live chat for effortless connection with visitors at all times. With advanced person detection, it effectively deters suspicious activity. Being cordless makes it perfect for areas without electricity access. Additionally, it provides the option for solar panel power.","og:url":"https:\/\/www.rucashk.com\/es\/producto\/imilab-ec4-2-5k-wifi-battery-spotlight-camera\/","og:image":"https:\/\/www.rucashk.com\/wp-content\/uploads\/replace\/503b8e645f128a97ccde2b6290747646.jpeg","og:image:secure_url":"https:\/\/www.rucashk.com\/wp-content\/uploads\/replace\/503b8e645f128a97ccde2b6290747646.jpeg","og:image:width":1456,"og:image:height":816,"article:published_time":"2024-03-26T15:07:13+00:00","article:modified_time":"2024-03-26T15:07:14+00:00","twitter:card":"summary_large_image","twitter:title":"IMILAB EC4 2.5K WiFi Battery Spotlight Camera - Rucas - Wholesale and Distribution","twitter:description":"The IMILAB EC4 offers 2.5K resolution and live chat for effortless connection with visitors at all times. With advanced person detection, it effectively deters suspicious activity. Being cordless makes it perfect for areas without electricity access. Additionally, it provides the option for solar panel power.","twitter:image":"https:\/\/www.rucashk.com\/wp-content\/uploads\/replace\/503b8e645f128a97ccde2b6290747646.jpeg","schema":{"@context":"https:\/\/schema.org","@graph":[{"@type":"BreadcrumbList","@id":"https:\/\/www.rucashk.com\/es\/producto\/imilab-ec4-2-5k-wifi-battery-spotlight-camera\/#breadcrumblist","itemListElement":[{"@type":"ListItem","@id":"https:\/\/www.rucashk.com\/es\/#listItem","position":1,"name":"Home","item":"https:\/\/www.rucashk.com\/es\/","nextItem":"https:\/\/www.rucashk.com\/es\/producto\/imilab-ec4-2-5k-wifi-battery-spotlight-camera\/#listItem"},{"@type":"ListItem","@id":"https:\/\/www.rucashk.com\/es\/producto\/imilab-ec4-2-5k-wifi-battery-spotlight-camera\/#listItem","position":2,"name":"IMILAB EC4 2.5K WiFi Battery Spotlight Camera","previousItem":"https:\/\/www.rucashk.com\/es\/#listItem"}]},{"@type":"Organization","@id":"https:\/\/www.rucashk.com\/es\/#organization","name":"Rucas","url":"https:\/\/www.rucashk.com\/es\/","logo":{"@type":"ImageObject","url":"https:\/\/www.rucashk.com\/wp-content\/uploads\/2023\/12\/Rucas_campany_logo.png","@id":"https:\/\/www.rucashk.com\/es\/producto\/imilab-ec4-2-5k-wifi-battery-spotlight-camera\/#organizationLogo","width":221,"height":65},"image":{"@id":"https:\/\/www.rucashk.com\/es\/#organizationLogo"}},{"@type":"Person","@id":"https:\/\/www.rucashk.com\/es\/author\/admin\/#author","url":"https:\/\/www.rucashk.com\/es\/author\/admin\/","name":"admin","image":{"@type":"ImageObject","@id":"https:\/\/www.rucashk.com\/es\/producto\/imilab-ec4-2-5k-wifi-battery-spotlight-camera\/#authorImage","url":"https:\/\/secure.gravatar.com\/avatar\/b7c8925b09a27e72b30232f8ecaadbd5af0f70a38c78096863fe51b64f031c24?s=96&d=mm&r=g","width":96,"height":96,"caption":"admin"}},{"@type":"WebPage","@id":"https:\/\/www.rucashk.com\/es\/producto\/imilab-ec4-2-5k-wifi-battery-spotlight-camera\/#webpage","url":"https:\/\/www.rucashk.com\/es\/producto\/imilab-ec4-2-5k-wifi-battery-spotlight-camera\/","name":"IMILAB EC4 2.5K WiFi Battery Spotlight Camera - Rucas - Wholesale and Distribution","description":"The IMILAB EC4 offers 2.5K resolution and live chat for effortless connection with visitors at all times. With advanced person detection, it effectively deters suspicious activity. Being cordless makes it perfect for areas without electricity access. Additionally, it provides the option for solar panel power.","inLanguage":"es-ES","isPartOf":{"@id":"https:\/\/www.rucashk.com\/es\/#website"},"breadcrumb":{"@id":"https:\/\/www.rucashk.com\/es\/producto\/imilab-ec4-2-5k-wifi-battery-spotlight-camera\/#breadcrumblist"},"author":{"@id":"https:\/\/www.rucashk.com\/es\/author\/admin\/#author"},"creator":{"@id":"https:\/\/www.rucashk.com\/es\/author\/admin\/#author"},"image":{"@type":"ImageObject","url":"https:\/\/www.rucashk.com\/wp-content\/uploads\/2024\/03\/031_\u7f51\u5173-2-e1632119321216.png","@id":"https:\/\/www.rucashk.com\/es\/producto\/imilab-ec4-2-5k-wifi-battery-spotlight-camera\/#mainImage","width":2240,"height":2240},"primaryImageOfPage":{"@id":"https:\/\/www.rucashk.com\/es\/producto\/imilab-ec4-2-5k-wifi-battery-spotlight-camera\/#mainImage"},"datePublished":"2024-03-26T15:07:13+00:00","dateModified":"2024-03-26T15:07:14+00:00"},{"@type":"WebSite","@id":"https:\/\/www.rucashk.com\/es\/#website","url":"https:\/\/www.rucashk.com\/es\/","name":"Rucas - Wholesale and distribution worldwide","alternateName":"Rucas - One-stop AIoT Distribution Worldwide","description":"One-stop AIoT Distribution Worldwide","inLanguage":"es-ES","publisher":{"@id":"https:\/\/www.rucashk.com\/es\/#organization"}}]}},"aioseo_meta_data":{"post_id":"39917","title":null,"description":null,"keywords":null,"keyphrases":null,"primary_term":null,"canonical_url":null,"og_title":null,"og_description":null,"og_object_type":"default","og_image_type":"default","og_image_url":null,"og_image_width":null,"og_image_height":null,"og_image_custom_url":null,"og_image_custom_fields":null,"og_video":null,"og_custom_url":null,"og_article_section":null,"og_article_tags":null,"twitter_use_og":false,"twitter_card":"default","twitter_image_type":"default","twitter_image_url":null,"twitter_image_custom_url":null,"twitter_image_custom_fields":null,"twitter_title":null,"twitter_description":null,"schema":{"blockGraphs":[],"customGraphs":[],"default":{"data":{"Article":[],"Course":[],"Dataset":[],"FAQPage":[],"Movie":[],"Person":[],"Product":[],"Recipe":[],"Service":[],"SoftwareApplication":[],"WebPage":[]},"graphName":"","isEnabled":true},"graphs":[]},"schema_type":"default","schema_type_options":null,"pillar_content":false,"robots_default":true,"robots_noindex":false,"robots_noarchive":false,"robots_nosnippet":false,"robots_nofollow":false,"robots_noimageindex":false,"robots_noodp":false,"robots_notranslate":false,"robots_max_snippet":null,"robots_max_videopreview":null,"robots_max_imagepreview":"large","priority":null,"frequency":null,"local_seo":null,"breadcrumb_settings":null,"limit_modified_date":false,"created":"2024-04-11 01:57:23","updated":"2025-06-22 18:53:55"},"aioseo_breadcrumb":"<div class=\"aioseo-breadcrumbs\"><span class=\"aioseo-breadcrumb\">\n\t<a href=\"https:\/\/www.rucashk.com\/es\" title=\"Home\">Home<\/a>\n<\/span><span class=\"aioseo-breadcrumb-separator\">&raquo;<\/span><span class=\"aioseo-breadcrumb\">\n\t<a href=\"https:\/\/www.rucashk.com\/es\/products\/\" title=\"Productos\">Productos<\/a>\n<\/span><span class=\"aioseo-breadcrumb-separator\">&raquo;<\/span><span class=\"aioseo-breadcrumb\">\n\t<a href=\"https:\/\/www.rucashk.com\/es\/marca\/imilab\/\" title=\"IMILAB\">IMILAB<\/a>\n<\/span><span class=\"aioseo-breadcrumb-separator\">&raquo;<\/span><span class=\"aioseo-breadcrumb\">\n\tIMILAB EC4 2.5K WiFi Battery Spotlight Camera\n<\/span><\/div>","aioseo_breadcrumb_json":[{"label":"Home","link":"https:\/\/www.rucashk.com\/es"},{"label":"Productos","link":"https:\/\/www.rucashk.com\/es\/products\/"},{"label":"IMILAB","link":"https:\/\/www.rucashk.com\/es\/marca\/imilab\/"},{"label":"IMILAB EC4 2.5K WiFi Battery Spotlight Camera","link":"https:\/\/www.rucashk.com\/es\/producto\/imilab-ec4-2-5k-wifi-battery-spotlight-camera\/"}],"_links":{"self":[{"href":"https:\/\/www.rucashk.com\/es\/wp-json\/wp\/v2\/product\/39917","targetHints":{"allow":["GET"]}}],"collection":[{"href":"https:\/\/www.rucashk.com\/es\/wp-json\/wp\/v2\/product"}],"about":[{"href":"https:\/\/www.rucashk.com\/es\/wp-json\/wp\/v2\/types\/product"}],"wp:featuredmedia":[{"embeddable":true,"href":"https:\/\/www.rucashk.com\/es\/wp-json\/wp\/v2\/media\/39920"}],"wp:attachment":[{"href":"https:\/\/www.rucashk.com\/es\/wp-json\/wp\/v2\/media?parent=39917"}],"wp:term":[{"taxonomy":"product_brand","embeddable":true,"href":"https:\/\/www.rucashk.com\/es\/wp-json\/wp\/v2\/product_brand?post=39917"},{"taxonomy":"product_cat","embeddable":true,"href":"https:\/\/www.rucashk.com\/es\/wp-json\/wp\/v2\/product_cat?post=39917"},{"taxonomy":"product_tag","embeddable":true,"href":"https:\/\/www.rucashk.com\/es\/wp-json\/wp\/v2\/product_tag?post=39917"}],"curies":[{"name":"wp","href":"https:\/\/api.w.org\/{rel}","templated":true}]}}