{"id":39878,"date":"2024-03-26T14:23:54","date_gmt":"2024-03-26T14:23:54","guid":{"rendered":"http:\/\/rucashk.com\/?post_type=product&#038;p=39878"},"modified":"2024-03-26T14:23:56","modified_gmt":"2024-03-26T14:23:56","slug":"xiaomi-c200-ip-surveillance-smart-camera","status":"publish","type":"product","link":"https:\/\/www.rucashk.com\/es\/producto\/xiaomi-c200-ip-surveillance-smart-camera\/","title":{"rendered":"C\u00e1mara inteligente de vigilancia IP Xiaomi C200"},"content":{"rendered":"<p><img decoding=\"async\" alt=\"Xiaomi C200 IP Surveillance Smart Camera\" src=\"\/wp-content\/uploads\/replace\/e99e2407d4135c582648ab9ce6767ee2.jpeg\" \/><img decoding=\"async\" alt=\"Xiaomi C200 IP Surveillance Smart Camera\" src=\"\/wp-content\/uploads\/replace\/faa03d9db6f43c13cb64153d160b818c.jpeg\" \/><img decoding=\"async\" alt=\"Xiaomi C200 IP Surveillance Smart Camera\" src=\"\/wp-content\/uploads\/replace\/c314121bf864b1e6306dd9a2671b0499.jpeg\" \/><img decoding=\"async\" alt=\"Xiaomi C200 IP Surveillance Smart Camera\" src=\"\/wp-content\/uploads\/replace\/b1f3a38e12d249ac4a3216b943f78432.jpeg\" \/><img decoding=\"async\" alt=\"Xiaomi C200 IP Surveillance Smart Camera\" src=\"\/wp-content\/uploads\/replace\/bb8ff8a84e1e79b881ac693fccb5cc2c.jpeg\" \/><\/p>\n<p>La c\u00e1mara Wi-Fi inteligente de seguridad para el hogar Xiaomi Mi C200 360\u00b0 1080P viene con caracter\u00edsticas excelentes. La c\u00e1mara inteligente tiene una vista panor\u00e1mica de 360 grados. Tiene una versi\u00f3n nocturna por infrarrojos. En esta c\u00e1mara se utiliza toda la tecnolog\u00eda de detecci\u00f3n humana. La resoluci\u00f3n de la c\u00e1mara es 1920 x 1080p. Eso le brinda al usuario un video Full HD n\u00edtido y fluido. Esta c\u00e1mara inteligente es compatible con la tecnolog\u00eda WDR y le permite funcionar perfectamente en condiciones de poca luz. Protecci\u00f3n de la privacidad La c\u00e1mara Wifi Xiaomi Mi C200 tiene almacenamiento en la nube. Utiliza AES, que es un est\u00e1ndar de cifrado avanzado de 128 bits para almacenamiento seguro en la nube. Aqu\u00ed toda la transmisi\u00f3n de datos est\u00e1 encriptada, por lo que proporciona una protecci\u00f3n de privacidad segura. Tecnolog\u00eda AI La c\u00e1mara inteligente Xiaomi C200 utiliza tecnolog\u00eda AI que la hace excelente. En esta c\u00e1mara se utiliza control de voz inteligente. Hay una funci\u00f3n de control de voz inteligente disponible en el altavoz inteligente que funciona con Amazon Alexa o Google Assistant. Otra caracter\u00edstica sorprendente es la detecci\u00f3n humana. Aqu\u00ed se utiliza tecnolog\u00eda de aprendizaje profundo que puede filtrar perfectamente las alarmas no v\u00e1lidas. Y hace que la alarma sea m\u00e1s precisa. Vida segura con monitoreo panor\u00e1mico de giro, inclinaci\u00f3n y zoom de 360\u00b0 La c\u00e1mara inteligente Xiaomi Mi C200 Cuenta con un motor de giro, inclinaci\u00f3n y zoom de doble eje, con un \u00e1ngulo de visi\u00f3n horizontal de 360\u00b0 y un \u00e1ngulo de visi\u00f3n vertical de 106\u00b0. Esta c\u00e1mara admite una velocidad de 16x para buscar videos desde el almacenamiento. La c\u00e1mara se puede montar en una mesa, ventana, techo o pared y viene preinstalada con una base giratoria.<\/p>\n<p>&nbsp;<\/p>","protected":false},"excerpt":{"rendered":"<p>&#8211; 2K ultra-clear HD*, fully upgraded image quality.<br \/>\n&#8211; F1.4 large aperture for clear picture even under low-light conditions.<br \/>\n&#8211; Upgraded 6P lens for a higher-quality display.<br \/>\n&#8211; Clear images even in low-light.<br \/>\n&#8211; Display camera video output on your device<\/p>","protected":false},"featured_media":39883,"template":"","meta":[],"product_brand":[1363],"product_cat":[1316,1305],"product_tag":[],"class_list":{"0":"post-39878","1":"product","2":"type-product","3":"status-publish","4":"has-post-thumbnail","6":"product_brand-xiaomi","7":"product_cat-mi-camera","8":"product_cat-xiaomi-eco","10":"first","11":"instock","12":"shipping-taxable","13":"product-type-simple"},"aioseo_notices":[],"aioseo_head":"\n\t\t<!-- All in One SEO Pro 4.5.9.2 - aioseo.com -->\n\t\t<meta name=\"description\" content=\"- 2K ultra-clear HD*, fully upgraded image quality. - F1.4 large aperture for clear picture even under low-light conditions. - Upgraded 6P lens for a higher-quality display. - Clear images even in low-light. - Display camera video output on your device\" \/>\n\t\t<meta name=\"robots\" content=\"max-image-preview:large\" \/>\n\t\t<link rel=\"canonical\" href=\"https:\/\/www.rucashk.com\/es\/producto\/xiaomi-c200-ip-surveillance-smart-camera\/\" \/>\n\t\t<meta name=\"generator\" content=\"All in One SEO Pro (AIOSEO) 4.5.9.2\" \/>\n\t\t<meta property=\"og:locale\" content=\"es_ES\" \/>\n\t\t<meta property=\"og:site_name\" content=\"Rucas - One-stop AIoT Distribution Worldwide\" \/>\n\t\t<meta property=\"og:type\" content=\"article\" \/>\n\t\t<meta property=\"og:title\" content=\"Xiaomi C200 IP Surveillance Smart Camera - Rucas - Wholesale and Distribution\" \/>\n\t\t<meta property=\"og:description\" content=\"- 2K ultra-clear HD*, fully upgraded image quality. - F1.4 large aperture for clear picture even under low-light conditions. - Upgraded 6P lens for a higher-quality display. - Clear images even in low-light. - Display camera video output on your device\" \/>\n\t\t<meta property=\"og:url\" content=\"https:\/\/www.rucashk.com\/es\/producto\/xiaomi-c200-ip-surveillance-smart-camera\/\" \/>\n\t\t<meta property=\"og:image\" content=\"https:\/\/www.rucashk.com\/wp-content\/uploads\/replace\/503b8e645f128a97ccde2b6290747646.jpeg\" \/>\n\t\t<meta property=\"og:image:secure_url\" content=\"https:\/\/www.rucashk.com\/wp-content\/uploads\/replace\/503b8e645f128a97ccde2b6290747646.jpeg\" \/>\n\t\t<meta property=\"og:image:width\" content=\"1456\" \/>\n\t\t<meta property=\"og:image:height\" content=\"816\" \/>\n\t\t<meta property=\"article:published_time\" content=\"2024-03-26T14:23:54+00:00\" \/>\n\t\t<meta property=\"article:modified_time\" content=\"2024-03-26T14:23:56+00:00\" \/>\n\t\t<meta name=\"twitter:card\" content=\"summary_large_image\" \/>\n\t\t<meta name=\"twitter:title\" content=\"Xiaomi C200 IP Surveillance Smart Camera - Rucas - Wholesale and Distribution\" \/>\n\t\t<meta name=\"twitter:description\" content=\"- 2K ultra-clear HD*, fully upgraded image quality. - F1.4 large aperture for clear picture even under low-light conditions. - Upgraded 6P lens for a higher-quality display. - Clear images even in low-light. - Display camera video output on your device\" \/>\n\t\t<meta name=\"twitter:image\" content=\"https:\/\/www.rucashk.com\/wp-content\/uploads\/replace\/503b8e645f128a97ccde2b6290747646.jpeg\" \/>\n\t\t<script type=\"application\/ld+json\" class=\"aioseo-schema\">\n\t\t\t{\"@context\":\"https:\\\/\\\/schema.org\",\"@graph\":[{\"@type\":\"BreadcrumbList\",\"@id\":\"https:\\\/\\\/www.rucashk.com\\\/es\\\/producto\\\/xiaomi-c200-ip-surveillance-smart-camera\\\/#breadcrumblist\",\"itemListElement\":[{\"@type\":\"ListItem\",\"@id\":\"https:\\\/\\\/www.rucashk.com\\\/es\\\/#listItem\",\"position\":1,\"name\":\"Home\",\"item\":\"https:\\\/\\\/www.rucashk.com\\\/es\\\/\",\"nextItem\":\"https:\\\/\\\/www.rucashk.com\\\/es\\\/producto\\\/xiaomi-c200-ip-surveillance-smart-camera\\\/#listItem\"},{\"@type\":\"ListItem\",\"@id\":\"https:\\\/\\\/www.rucashk.com\\\/es\\\/producto\\\/xiaomi-c200-ip-surveillance-smart-camera\\\/#listItem\",\"position\":2,\"name\":\"Xiaomi C200 IP Surveillance Smart Camera\",\"previousItem\":\"https:\\\/\\\/www.rucashk.com\\\/es\\\/#listItem\"}]},{\"@type\":\"Organization\",\"@id\":\"https:\\\/\\\/www.rucashk.com\\\/es\\\/#organization\",\"name\":\"Rucas\",\"url\":\"https:\\\/\\\/www.rucashk.com\\\/es\\\/\",\"logo\":{\"@type\":\"ImageObject\",\"url\":\"https:\\\/\\\/www.rucashk.com\\\/wp-content\\\/uploads\\\/2023\\\/12\\\/Rucas_campany_logo.png\",\"@id\":\"https:\\\/\\\/www.rucashk.com\\\/es\\\/producto\\\/xiaomi-c200-ip-surveillance-smart-camera\\\/#organizationLogo\",\"width\":221,\"height\":65},\"image\":{\"@id\":\"https:\\\/\\\/www.rucashk.com\\\/es\\\/#organizationLogo\"}},{\"@type\":\"Person\",\"@id\":\"https:\\\/\\\/www.rucashk.com\\\/es\\\/author\\\/admin\\\/#author\",\"url\":\"https:\\\/\\\/www.rucashk.com\\\/es\\\/author\\\/admin\\\/\",\"name\":\"admin\",\"image\":{\"@type\":\"ImageObject\",\"@id\":\"https:\\\/\\\/www.rucashk.com\\\/es\\\/producto\\\/xiaomi-c200-ip-surveillance-smart-camera\\\/#authorImage\",\"url\":\"https:\\\/\\\/secure.gravatar.com\\\/avatar\\\/b7c8925b09a27e72b30232f8ecaadbd5af0f70a38c78096863fe51b64f031c24?s=96&d=mm&r=g\",\"width\":96,\"height\":96,\"caption\":\"admin\"}},{\"@type\":\"WebPage\",\"@id\":\"https:\\\/\\\/www.rucashk.com\\\/es\\\/producto\\\/xiaomi-c200-ip-surveillance-smart-camera\\\/#webpage\",\"url\":\"https:\\\/\\\/www.rucashk.com\\\/es\\\/producto\\\/xiaomi-c200-ip-surveillance-smart-camera\\\/\",\"name\":\"Xiaomi C200 IP Surveillance Smart Camera - Rucas - Wholesale and Distribution\",\"description\":\"- 2K ultra-clear HD*, fully upgraded image quality. - F1.4 large aperture for clear picture even under low-light conditions. - Upgraded 6P lens for a higher-quality display. - Clear images even in low-light. - Display camera video output on your device\",\"inLanguage\":\"es-ES\",\"isPartOf\":{\"@id\":\"https:\\\/\\\/www.rucashk.com\\\/es\\\/#website\"},\"breadcrumb\":{\"@id\":\"https:\\\/\\\/www.rucashk.com\\\/es\\\/producto\\\/xiaomi-c200-ip-surveillance-smart-camera\\\/#breadcrumblist\"},\"author\":{\"@id\":\"https:\\\/\\\/www.rucashk.com\\\/es\\\/author\\\/admin\\\/#author\"},\"creator\":{\"@id\":\"https:\\\/\\\/www.rucashk.com\\\/es\\\/author\\\/admin\\\/#author\"},\"image\":{\"@type\":\"ImageObject\",\"url\":\"https:\\\/\\\/www.rucashk.com\\\/wp-content\\\/uploads\\\/2024\\\/03\\\/ed15eeec6baa752b5a98327c4d004dff.png\",\"@id\":\"https:\\\/\\\/www.rucashk.com\\\/es\\\/producto\\\/xiaomi-c200-ip-surveillance-smart-camera\\\/#mainImage\",\"width\":860,\"height\":900},\"primaryImageOfPage\":{\"@id\":\"https:\\\/\\\/www.rucashk.com\\\/es\\\/producto\\\/xiaomi-c200-ip-surveillance-smart-camera\\\/#mainImage\"},\"datePublished\":\"2024-03-26T14:23:54+00:00\",\"dateModified\":\"2024-03-26T14:23:56+00:00\"},{\"@type\":\"WebSite\",\"@id\":\"https:\\\/\\\/www.rucashk.com\\\/es\\\/#website\",\"url\":\"https:\\\/\\\/www.rucashk.com\\\/es\\\/\",\"name\":\"Rucas - Wholesale and distribution worldwide\",\"alternateName\":\"Rucas - One-stop AIoT Distribution Worldwide\",\"description\":\"One-stop AIoT Distribution Worldwide\",\"inLanguage\":\"es-ES\",\"publisher\":{\"@id\":\"https:\\\/\\\/www.rucashk.com\\\/es\\\/#organization\"}}]}\n\t\t<\/script>\n\t\t<!-- All in One SEO Pro -->\r\n\t\t<title>Xiaomi C200 IP Surveillance Smart Camera - Rucas - Wholesale and Distribution<\/title>\n\n","aioseo_head_json":{"title":"Xiaomi C200 IP Surveillance Smart Camera - Rucas - Wholesale and Distribution","description":"- 2K ultra-clear HD*, fully upgraded image quality. - F1.4 large aperture for clear picture even under low-light conditions. - Upgraded 6P lens for a higher-quality display. - Clear images even in low-light. - Display camera video output on your device","canonical_url":"https:\/\/www.rucashk.com\/es\/producto\/xiaomi-c200-ip-surveillance-smart-camera\/","robots":"max-image-preview:large","keywords":"","webmasterTools":{"miscellaneous":""},"og:locale":"es_ES","og:site_name":"Rucas - One-stop AIoT Distribution Worldwide","og:type":"article","og:title":"Xiaomi C200 IP Surveillance Smart Camera - Rucas - Wholesale and Distribution","og:description":"- 2K ultra-clear HD*, fully upgraded image quality. - F1.4 large aperture for clear picture even under low-light conditions. - Upgraded 6P lens for a higher-quality display. - Clear images even in low-light. - Display camera video output on your device","og:url":"https:\/\/www.rucashk.com\/es\/producto\/xiaomi-c200-ip-surveillance-smart-camera\/","og:image":"https:\/\/www.rucashk.com\/wp-content\/uploads\/replace\/503b8e645f128a97ccde2b6290747646.jpeg","og:image:secure_url":"https:\/\/www.rucashk.com\/wp-content\/uploads\/replace\/503b8e645f128a97ccde2b6290747646.jpeg","og:image:width":1456,"og:image:height":816,"article:published_time":"2024-03-26T14:23:54+00:00","article:modified_time":"2024-03-26T14:23:56+00:00","twitter:card":"summary_large_image","twitter:title":"Xiaomi C200 IP Surveillance Smart Camera - Rucas - Wholesale and Distribution","twitter:description":"- 2K ultra-clear HD*, fully upgraded image quality. - F1.4 large aperture for clear picture even under low-light conditions. - Upgraded 6P lens for a higher-quality display. - Clear images even in low-light. - Display camera video output on your device","twitter:image":"https:\/\/www.rucashk.com\/wp-content\/uploads\/replace\/503b8e645f128a97ccde2b6290747646.jpeg","schema":{"@context":"https:\/\/schema.org","@graph":[{"@type":"BreadcrumbList","@id":"https:\/\/www.rucashk.com\/es\/producto\/xiaomi-c200-ip-surveillance-smart-camera\/#breadcrumblist","itemListElement":[{"@type":"ListItem","@id":"https:\/\/www.rucashk.com\/es\/#listItem","position":1,"name":"Home","item":"https:\/\/www.rucashk.com\/es\/","nextItem":"https:\/\/www.rucashk.com\/es\/producto\/xiaomi-c200-ip-surveillance-smart-camera\/#listItem"},{"@type":"ListItem","@id":"https:\/\/www.rucashk.com\/es\/producto\/xiaomi-c200-ip-surveillance-smart-camera\/#listItem","position":2,"name":"Xiaomi C200 IP Surveillance Smart Camera","previousItem":"https:\/\/www.rucashk.com\/es\/#listItem"}]},{"@type":"Organization","@id":"https:\/\/www.rucashk.com\/es\/#organization","name":"Rucas","url":"https:\/\/www.rucashk.com\/es\/","logo":{"@type":"ImageObject","url":"https:\/\/www.rucashk.com\/wp-content\/uploads\/2023\/12\/Rucas_campany_logo.png","@id":"https:\/\/www.rucashk.com\/es\/producto\/xiaomi-c200-ip-surveillance-smart-camera\/#organizationLogo","width":221,"height":65},"image":{"@id":"https:\/\/www.rucashk.com\/es\/#organizationLogo"}},{"@type":"Person","@id":"https:\/\/www.rucashk.com\/es\/author\/admin\/#author","url":"https:\/\/www.rucashk.com\/es\/author\/admin\/","name":"admin","image":{"@type":"ImageObject","@id":"https:\/\/www.rucashk.com\/es\/producto\/xiaomi-c200-ip-surveillance-smart-camera\/#authorImage","url":"https:\/\/secure.gravatar.com\/avatar\/b7c8925b09a27e72b30232f8ecaadbd5af0f70a38c78096863fe51b64f031c24?s=96&d=mm&r=g","width":96,"height":96,"caption":"admin"}},{"@type":"WebPage","@id":"https:\/\/www.rucashk.com\/es\/producto\/xiaomi-c200-ip-surveillance-smart-camera\/#webpage","url":"https:\/\/www.rucashk.com\/es\/producto\/xiaomi-c200-ip-surveillance-smart-camera\/","name":"Xiaomi C200 IP Surveillance Smart Camera - Rucas - Wholesale and Distribution","description":"- 2K ultra-clear HD*, fully upgraded image quality. - F1.4 large aperture for clear picture even under low-light conditions. - Upgraded 6P lens for a higher-quality display. - Clear images even in low-light. - Display camera video output on your device","inLanguage":"es-ES","isPartOf":{"@id":"https:\/\/www.rucashk.com\/es\/#website"},"breadcrumb":{"@id":"https:\/\/www.rucashk.com\/es\/producto\/xiaomi-c200-ip-surveillance-smart-camera\/#breadcrumblist"},"author":{"@id":"https:\/\/www.rucashk.com\/es\/author\/admin\/#author"},"creator":{"@id":"https:\/\/www.rucashk.com\/es\/author\/admin\/#author"},"image":{"@type":"ImageObject","url":"https:\/\/www.rucashk.com\/wp-content\/uploads\/2024\/03\/ed15eeec6baa752b5a98327c4d004dff.png","@id":"https:\/\/www.rucashk.com\/es\/producto\/xiaomi-c200-ip-surveillance-smart-camera\/#mainImage","width":860,"height":900},"primaryImageOfPage":{"@id":"https:\/\/www.rucashk.com\/es\/producto\/xiaomi-c200-ip-surveillance-smart-camera\/#mainImage"},"datePublished":"2024-03-26T14:23:54+00:00","dateModified":"2024-03-26T14:23:56+00:00"},{"@type":"WebSite","@id":"https:\/\/www.rucashk.com\/es\/#website","url":"https:\/\/www.rucashk.com\/es\/","name":"Rucas - Wholesale and distribution worldwide","alternateName":"Rucas - One-stop AIoT Distribution Worldwide","description":"One-stop AIoT Distribution Worldwide","inLanguage":"es-ES","publisher":{"@id":"https:\/\/www.rucashk.com\/es\/#organization"}}]}},"aioseo_meta_data":{"post_id":"39878","title":null,"description":null,"keywords":null,"keyphrases":null,"primary_term":null,"canonical_url":null,"og_title":null,"og_description":null,"og_object_type":"default","og_image_type":"default","og_image_url":null,"og_image_width":null,"og_image_height":null,"og_image_custom_url":null,"og_image_custom_fields":null,"og_video":null,"og_custom_url":null,"og_article_section":null,"og_article_tags":null,"twitter_use_og":false,"twitter_card":"default","twitter_image_type":"default","twitter_image_url":null,"twitter_image_custom_url":null,"twitter_image_custom_fields":null,"twitter_title":null,"twitter_description":null,"schema":{"blockGraphs":[],"customGraphs":[],"default":{"data":{"Article":[],"Course":[],"Dataset":[],"FAQPage":[],"Movie":[],"Person":[],"Product":[],"Recipe":[],"Service":[],"SoftwareApplication":[],"WebPage":[]},"graphName":"","isEnabled":true},"graphs":[]},"schema_type":"default","schema_type_options":null,"pillar_content":false,"robots_default":true,"robots_noindex":false,"robots_noarchive":false,"robots_nosnippet":false,"robots_nofollow":false,"robots_noimageindex":false,"robots_noodp":false,"robots_notranslate":false,"robots_max_snippet":null,"robots_max_videopreview":null,"robots_max_imagepreview":"large","priority":null,"frequency":null,"local_seo":null,"breadcrumb_settings":null,"limit_modified_date":false,"created":"2024-04-11 01:57:23","updated":"2025-06-22 18:52:58"},"aioseo_breadcrumb":"<div class=\"aioseo-breadcrumbs\"><span class=\"aioseo-breadcrumb\">\n\t<a href=\"https:\/\/www.rucashk.com\/es\" title=\"Home\">Home<\/a>\n<\/span><span class=\"aioseo-breadcrumb-separator\">&raquo;<\/span><span class=\"aioseo-breadcrumb\">\n\t<a href=\"https:\/\/www.rucashk.com\/es\/products\/\" title=\"Productos\">Productos<\/a>\n<\/span><span class=\"aioseo-breadcrumb-separator\">&raquo;<\/span><span class=\"aioseo-breadcrumb\">\n\t<a href=\"https:\/\/www.rucashk.com\/es\/marca\/xiaomi\/\" title=\"Xiaomi\">Xiaomi<\/a>\n<\/span><span class=\"aioseo-breadcrumb-separator\">&raquo;<\/span><span class=\"aioseo-breadcrumb\">\n\tXiaomi C200 IP Surveillance Smart Camera\n<\/span><\/div>","aioseo_breadcrumb_json":[{"label":"Home","link":"https:\/\/www.rucashk.com\/es"},{"label":"Productos","link":"https:\/\/www.rucashk.com\/es\/products\/"},{"label":"Xiaomi","link":"https:\/\/www.rucashk.com\/es\/marca\/xiaomi\/"},{"label":"Xiaomi C200 IP Surveillance Smart Camera","link":"https:\/\/www.rucashk.com\/es\/producto\/xiaomi-c200-ip-surveillance-smart-camera\/"}],"_links":{"self":[{"href":"https:\/\/www.rucashk.com\/es\/wp-json\/wp\/v2\/product\/39878","targetHints":{"allow":["GET"]}}],"collection":[{"href":"https:\/\/www.rucashk.com\/es\/wp-json\/wp\/v2\/product"}],"about":[{"href":"https:\/\/www.rucashk.com\/es\/wp-json\/wp\/v2\/types\/product"}],"wp:featuredmedia":[{"embeddable":true,"href":"https:\/\/www.rucashk.com\/es\/wp-json\/wp\/v2\/media\/39883"}],"wp:attachment":[{"href":"https:\/\/www.rucashk.com\/es\/wp-json\/wp\/v2\/media?parent=39878"}],"wp:term":[{"taxonomy":"product_brand","embeddable":true,"href":"https:\/\/www.rucashk.com\/es\/wp-json\/wp\/v2\/product_brand?post=39878"},{"taxonomy":"product_cat","embeddable":true,"href":"https:\/\/www.rucashk.com\/es\/wp-json\/wp\/v2\/product_cat?post=39878"},{"taxonomy":"product_tag","embeddable":true,"href":"https:\/\/www.rucashk.com\/es\/wp-json\/wp\/v2\/product_tag?post=39878"}],"curies":[{"name":"wp","href":"https:\/\/api.w.org\/{rel}","templated":true}]}}