{"id":39863,"date":"2024-03-26T14:00:43","date_gmt":"2024-03-26T14:00:43","guid":{"rendered":"http:\/\/rucashk.com\/?post_type=product&#038;p=39863"},"modified":"2024-03-26T14:00:43","modified_gmt":"2024-03-26T14:00:43","slug":"roborock-q8-max-robot-vacuum-cleaner-2","status":"publish","type":"product","link":"https:\/\/www.rucashk.com\/es\/producto\/roborock-q8-max-robot-vacuum-cleaner-2\/","title":{"rendered":"Robot aspirador Roborock Q8 Max+"},"content":{"rendered":"<p><iframe title=\"Roborock Q8 Max+: limpieza mejorada, vida simplificada.\" src=\"https:\/\/www.youtube.com\/embed\/l2U8EwhvtKc\" width=\"1280\" height=\"720\" frameborder=\"0\" allowfullscreen=\"allowfullscreen\"><\/iframe><\/p>\n<p>Roborock Q8 Max+ Robot aspirador con base de vaciado autom\u00e1tico, succi\u00f3n de 5500 Pa, cepillo DuoRoller, navegaci\u00f3n LDS<\/p>\n<p>\u00danase a la revoluci\u00f3n de la limpieza y experimente limpiezas sin esfuerzo con el nuevo cepillo DuoRoller. Logre una eliminaci\u00f3n total de la suciedad y el polvo con la impresionante succi\u00f3n de 5500 Pa y la navegaci\u00f3n inteligente impulsada por el sistema para evitar obst\u00e1culos Reactive Tech. La limpieza nunca ha sido tan f\u00e1cil.<\/p>\n<p>Los cepillos de goma dobles mejoran significativamente la capacidad de recoger el pelo y eliminar la suciedad de alfombras y diferentes tipos de suelos.<\/p>\n<p>El robot aspirador Roborock Q8 Max+ configura una succi\u00f3n extrema de 5500 Pa, que puede eliminar la suciedad y el polvo f\u00e1cilmente de diferentes tipos de suelos.<\/p>\n<p>Roborock Q8 Max+ tiene un contenedor de basura de 470 ml y un tanque de agua de 350 ml. El combo con dise\u00f1o tipo caj\u00f3n facilita vaciar el contenedor y rellenar el tanque de agua.<\/p>\n<p>Aspire y trapee simult\u00e1neamente para capturar la suciedad fina que la aspiradora sola podr\u00eda pasar por alto. Y su rango m\u00e1ximo de aspiraci\u00f3n puede alcanzar los 300 metros cuadrados.<\/p>\n<p>La funci\u00f3n para evitar obst\u00e1culos puede ayudar al robot a evitar peligros potenciales f\u00e1cilmente, lo que facilita la limpieza. La navegaci\u00f3n LiDAR escanea y crea mapas detallados para encontrar una ruta \u00f3ptima para limpiar su hogar, sin dejar la suciedad donde esconderse.<\/p>\n<p>Detecta autom\u00e1ticamente escaleras y lugares en los que es f\u00e1cil quedar atascado y los sugiere como \u201cZonas prohibidas\u201d.<\/p>\n<p>El sistema de mapeo 3D construir\u00e1 su casa virtualmente para crear el mapa m\u00e1s detallado de su hogar para una limpieza \u00f3ptima. Reconocer\u00e1 autom\u00e1ticamente distintos niveles de su hogar para que todo lo que tenga que hacer sea bajar el robot.<\/p>\n<p>Decida cu\u00e1ndo limpia el robot aspirador con programas de limpieza personalizados y establezca rutinas para \u00e1reas particulares.<\/p>\n<p>Recargue electricidad de manera eficiente y respetuosa con el medio ambiente y, al mismo tiempo, reduzca los gastos asociados con el uso de electricidad en las horas pico.<\/p>","protected":false},"excerpt":{"rendered":"<p>Cepillos dobles de goma para duplicar la potencia.<br \/>\nImpresionante potencia de succi\u00f3n de 5500 Pa.<br \/>\nPotente bater\u00eda de 5200 mAh que dura hasta 4 horas.<br \/>\nLa bolsa para el polvo de 2,5 L dura hasta 7 semanas sin vaciarse.<br \/>\nMapeo preciso y limpieza de pisos sin costuras.<br \/>\nLimpie sin complicaciones con el obst\u00e1culo A<\/p>","protected":false},"featured_media":39865,"template":"","meta":[],"product_brand":[1371],"product_cat":[1312,1305],"product_tag":[],"class_list":{"0":"post-39863","1":"product","2":"type-product","3":"status-publish","4":"has-post-thumbnail","6":"product_brand-roborock","7":"product_cat-roborock-vacuum-cleaner","8":"product_cat-xiaomi-eco","10":"first","11":"instock","12":"shipping-taxable","13":"product-type-simple"},"aioseo_notices":[],"aioseo_head":"\n\t\t<!-- All in One SEO Pro 4.5.9.2 - aioseo.com -->\n\t\t<meta name=\"description\" content=\"Double All-Rubber Brushes for Double the Power. Impressive 5500Pa Suction Power. Powerful 5200mAh Battery for Up to 4 Hours. The 2.5L dust bag for up to 7 weeks without emptying. Precise Mapping &amp; Seamless Floor Cleaning. Clean Hassle-Free with Obstacle A\" \/>\n\t\t<meta name=\"robots\" content=\"max-image-preview:large\" \/>\n\t\t<link rel=\"canonical\" href=\"https:\/\/www.rucashk.com\/es\/producto\/roborock-q8-max-robot-vacuum-cleaner-2\/\" \/>\n\t\t<meta name=\"generator\" content=\"All in One SEO Pro (AIOSEO) 4.5.9.2\" \/>\n\t\t<meta property=\"og:locale\" content=\"es_ES\" \/>\n\t\t<meta property=\"og:site_name\" content=\"Rucas - One-stop AIoT Distribution Worldwide\" \/>\n\t\t<meta property=\"og:type\" content=\"article\" \/>\n\t\t<meta property=\"og:title\" content=\"Roborock Q8 Max+ Robot Vacuum Cleaner - Rucas - Wholesale and Distribution\" \/>\n\t\t<meta property=\"og:description\" content=\"Double All-Rubber Brushes for Double the Power. Impressive 5500Pa Suction Power. Powerful 5200mAh Battery for Up to 4 Hours. The 2.5L dust bag for up to 7 weeks without emptying. Precise Mapping &amp; Seamless Floor Cleaning. Clean Hassle-Free with Obstacle A\" \/>\n\t\t<meta property=\"og:url\" content=\"https:\/\/www.rucashk.com\/es\/producto\/roborock-q8-max-robot-vacuum-cleaner-2\/\" \/>\n\t\t<meta property=\"og:image\" content=\"https:\/\/www.rucashk.com\/wp-content\/uploads\/replace\/503b8e645f128a97ccde2b6290747646.jpeg\" \/>\n\t\t<meta property=\"og:image:secure_url\" content=\"https:\/\/www.rucashk.com\/wp-content\/uploads\/replace\/503b8e645f128a97ccde2b6290747646.jpeg\" \/>\n\t\t<meta property=\"og:image:width\" content=\"1456\" \/>\n\t\t<meta property=\"og:image:height\" content=\"816\" \/>\n\t\t<meta property=\"article:published_time\" content=\"2024-03-26T14:00:43+00:00\" \/>\n\t\t<meta property=\"article:modified_time\" content=\"2024-03-26T14:00:43+00:00\" \/>\n\t\t<meta name=\"twitter:card\" content=\"summary_large_image\" \/>\n\t\t<meta name=\"twitter:title\" content=\"Roborock Q8 Max+ Robot Vacuum Cleaner - Rucas - Wholesale and Distribution\" \/>\n\t\t<meta name=\"twitter:description\" content=\"Double All-Rubber Brushes for Double the Power. Impressive 5500Pa Suction Power. Powerful 5200mAh Battery for Up to 4 Hours. The 2.5L dust bag for up to 7 weeks without emptying. Precise Mapping &amp; Seamless Floor Cleaning. Clean Hassle-Free with Obstacle A\" \/>\n\t\t<meta name=\"twitter:image\" content=\"https:\/\/www.rucashk.com\/wp-content\/uploads\/replace\/503b8e645f128a97ccde2b6290747646.jpeg\" \/>\n\t\t<script type=\"application\/ld+json\" class=\"aioseo-schema\">\n\t\t\t{\"@context\":\"https:\\\/\\\/schema.org\",\"@graph\":[{\"@type\":\"BreadcrumbList\",\"@id\":\"https:\\\/\\\/www.rucashk.com\\\/es\\\/producto\\\/roborock-q8-max-robot-vacuum-cleaner-2\\\/#breadcrumblist\",\"itemListElement\":[{\"@type\":\"ListItem\",\"@id\":\"https:\\\/\\\/www.rucashk.com\\\/es\\\/#listItem\",\"position\":1,\"name\":\"Home\",\"item\":\"https:\\\/\\\/www.rucashk.com\\\/es\\\/\",\"nextItem\":\"https:\\\/\\\/www.rucashk.com\\\/es\\\/producto\\\/roborock-q8-max-robot-vacuum-cleaner-2\\\/#listItem\"},{\"@type\":\"ListItem\",\"@id\":\"https:\\\/\\\/www.rucashk.com\\\/es\\\/producto\\\/roborock-q8-max-robot-vacuum-cleaner-2\\\/#listItem\",\"position\":2,\"name\":\"Roborock Q8 Max+ Robot Vacuum Cleaner\",\"previousItem\":\"https:\\\/\\\/www.rucashk.com\\\/es\\\/#listItem\"}]},{\"@type\":\"Organization\",\"@id\":\"https:\\\/\\\/www.rucashk.com\\\/es\\\/#organization\",\"name\":\"Rucas\",\"url\":\"https:\\\/\\\/www.rucashk.com\\\/es\\\/\",\"logo\":{\"@type\":\"ImageObject\",\"url\":\"https:\\\/\\\/www.rucashk.com\\\/wp-content\\\/uploads\\\/2023\\\/12\\\/Rucas_campany_logo.png\",\"@id\":\"https:\\\/\\\/www.rucashk.com\\\/es\\\/producto\\\/roborock-q8-max-robot-vacuum-cleaner-2\\\/#organizationLogo\",\"width\":221,\"height\":65},\"image\":{\"@id\":\"https:\\\/\\\/www.rucashk.com\\\/es\\\/#organizationLogo\"}},{\"@type\":\"Person\",\"@id\":\"https:\\\/\\\/www.rucashk.com\\\/es\\\/author\\\/admin\\\/#author\",\"url\":\"https:\\\/\\\/www.rucashk.com\\\/es\\\/author\\\/admin\\\/\",\"name\":\"admin\",\"image\":{\"@type\":\"ImageObject\",\"@id\":\"https:\\\/\\\/www.rucashk.com\\\/es\\\/producto\\\/roborock-q8-max-robot-vacuum-cleaner-2\\\/#authorImage\",\"url\":\"https:\\\/\\\/secure.gravatar.com\\\/avatar\\\/b7c8925b09a27e72b30232f8ecaadbd5af0f70a38c78096863fe51b64f031c24?s=96&d=mm&r=g\",\"width\":96,\"height\":96,\"caption\":\"admin\"}},{\"@type\":\"WebPage\",\"@id\":\"https:\\\/\\\/www.rucashk.com\\\/es\\\/producto\\\/roborock-q8-max-robot-vacuum-cleaner-2\\\/#webpage\",\"url\":\"https:\\\/\\\/www.rucashk.com\\\/es\\\/producto\\\/roborock-q8-max-robot-vacuum-cleaner-2\\\/\",\"name\":\"Roborock Q8 Max+ Robot Vacuum Cleaner - Rucas - Wholesale and Distribution\",\"description\":\"Double All-Rubber Brushes for Double the Power. Impressive 5500Pa Suction Power. Powerful 5200mAh Battery for Up to 4 Hours. The 2.5L dust bag for up to 7 weeks without emptying. Precise Mapping & Seamless Floor Cleaning. Clean Hassle-Free with Obstacle A\",\"inLanguage\":\"es-ES\",\"isPartOf\":{\"@id\":\"https:\\\/\\\/www.rucashk.com\\\/es\\\/#website\"},\"breadcrumb\":{\"@id\":\"https:\\\/\\\/www.rucashk.com\\\/es\\\/producto\\\/roborock-q8-max-robot-vacuum-cleaner-2\\\/#breadcrumblist\"},\"author\":{\"@id\":\"https:\\\/\\\/www.rucashk.com\\\/es\\\/author\\\/admin\\\/#author\"},\"creator\":{\"@id\":\"https:\\\/\\\/www.rucashk.com\\\/es\\\/author\\\/admin\\\/#author\"},\"image\":{\"@type\":\"ImageObject\",\"url\":\"https:\\\/\\\/www.rucashk.com\\\/wp-content\\\/uploads\\\/2024\\\/03\\\/1_fec7c182-b9c8-4277-aba6-fa7bda86b5c1_600x600.webp\",\"@id\":\"https:\\\/\\\/www.rucashk.com\\\/es\\\/producto\\\/roborock-q8-max-robot-vacuum-cleaner-2\\\/#mainImage\",\"width\":600,\"height\":600},\"primaryImageOfPage\":{\"@id\":\"https:\\\/\\\/www.rucashk.com\\\/es\\\/producto\\\/roborock-q8-max-robot-vacuum-cleaner-2\\\/#mainImage\"},\"datePublished\":\"2024-03-26T14:00:43+00:00\",\"dateModified\":\"2024-03-26T14:00:43+00:00\"},{\"@type\":\"WebSite\",\"@id\":\"https:\\\/\\\/www.rucashk.com\\\/es\\\/#website\",\"url\":\"https:\\\/\\\/www.rucashk.com\\\/es\\\/\",\"name\":\"Rucas - Wholesale and distribution worldwide\",\"alternateName\":\"Rucas - One-stop AIoT Distribution Worldwide\",\"description\":\"One-stop AIoT Distribution Worldwide\",\"inLanguage\":\"es-ES\",\"publisher\":{\"@id\":\"https:\\\/\\\/www.rucashk.com\\\/es\\\/#organization\"}}]}\n\t\t<\/script>\n\t\t<!-- All in One SEO Pro -->\r\n\t\t<title>Roborock Q8 Max+ Robot Vacuum Cleaner - Rucas - Wholesale and Distribution<\/title>\n\n","aioseo_head_json":{"title":"Roborock Q8 Max+ Robot Vacuum Cleaner - Rucas - Wholesale and Distribution","description":"Double All-Rubber Brushes for Double the Power. Impressive 5500Pa Suction Power. Powerful 5200mAh Battery for Up to 4 Hours. The 2.5L dust bag for up to 7 weeks without emptying. Precise Mapping & Seamless Floor Cleaning. Clean Hassle-Free with Obstacle A","canonical_url":"https:\/\/www.rucashk.com\/es\/producto\/roborock-q8-max-robot-vacuum-cleaner-2\/","robots":"max-image-preview:large","keywords":"","webmasterTools":{"miscellaneous":""},"og:locale":"es_ES","og:site_name":"Rucas - One-stop AIoT Distribution Worldwide","og:type":"article","og:title":"Roborock Q8 Max+ Robot Vacuum Cleaner - Rucas - Wholesale and Distribution","og:description":"Double All-Rubber Brushes for Double the Power. Impressive 5500Pa Suction Power. Powerful 5200mAh Battery for Up to 4 Hours. The 2.5L dust bag for up to 7 weeks without emptying. Precise Mapping &amp; Seamless Floor Cleaning. Clean Hassle-Free with Obstacle A","og:url":"https:\/\/www.rucashk.com\/es\/producto\/roborock-q8-max-robot-vacuum-cleaner-2\/","og:image":"https:\/\/www.rucashk.com\/wp-content\/uploads\/replace\/503b8e645f128a97ccde2b6290747646.jpeg","og:image:secure_url":"https:\/\/www.rucashk.com\/wp-content\/uploads\/replace\/503b8e645f128a97ccde2b6290747646.jpeg","og:image:width":1456,"og:image:height":816,"article:published_time":"2024-03-26T14:00:43+00:00","article:modified_time":"2024-03-26T14:00:43+00:00","twitter:card":"summary_large_image","twitter:title":"Roborock Q8 Max+ Robot Vacuum Cleaner - Rucas - Wholesale and Distribution","twitter:description":"Double All-Rubber Brushes for Double the Power. Impressive 5500Pa Suction Power. Powerful 5200mAh Battery for Up to 4 Hours. The 2.5L dust bag for up to 7 weeks without emptying. Precise Mapping &amp; Seamless Floor Cleaning. Clean Hassle-Free with Obstacle A","twitter:image":"https:\/\/www.rucashk.com\/wp-content\/uploads\/replace\/503b8e645f128a97ccde2b6290747646.jpeg","schema":{"@context":"https:\/\/schema.org","@graph":[{"@type":"BreadcrumbList","@id":"https:\/\/www.rucashk.com\/es\/producto\/roborock-q8-max-robot-vacuum-cleaner-2\/#breadcrumblist","itemListElement":[{"@type":"ListItem","@id":"https:\/\/www.rucashk.com\/es\/#listItem","position":1,"name":"Home","item":"https:\/\/www.rucashk.com\/es\/","nextItem":"https:\/\/www.rucashk.com\/es\/producto\/roborock-q8-max-robot-vacuum-cleaner-2\/#listItem"},{"@type":"ListItem","@id":"https:\/\/www.rucashk.com\/es\/producto\/roborock-q8-max-robot-vacuum-cleaner-2\/#listItem","position":2,"name":"Roborock Q8 Max+ Robot Vacuum Cleaner","previousItem":"https:\/\/www.rucashk.com\/es\/#listItem"}]},{"@type":"Organization","@id":"https:\/\/www.rucashk.com\/es\/#organization","name":"Rucas","url":"https:\/\/www.rucashk.com\/es\/","logo":{"@type":"ImageObject","url":"https:\/\/www.rucashk.com\/wp-content\/uploads\/2023\/12\/Rucas_campany_logo.png","@id":"https:\/\/www.rucashk.com\/es\/producto\/roborock-q8-max-robot-vacuum-cleaner-2\/#organizationLogo","width":221,"height":65},"image":{"@id":"https:\/\/www.rucashk.com\/es\/#organizationLogo"}},{"@type":"Person","@id":"https:\/\/www.rucashk.com\/es\/author\/admin\/#author","url":"https:\/\/www.rucashk.com\/es\/author\/admin\/","name":"admin","image":{"@type":"ImageObject","@id":"https:\/\/www.rucashk.com\/es\/producto\/roborock-q8-max-robot-vacuum-cleaner-2\/#authorImage","url":"https:\/\/secure.gravatar.com\/avatar\/b7c8925b09a27e72b30232f8ecaadbd5af0f70a38c78096863fe51b64f031c24?s=96&d=mm&r=g","width":96,"height":96,"caption":"admin"}},{"@type":"WebPage","@id":"https:\/\/www.rucashk.com\/es\/producto\/roborock-q8-max-robot-vacuum-cleaner-2\/#webpage","url":"https:\/\/www.rucashk.com\/es\/producto\/roborock-q8-max-robot-vacuum-cleaner-2\/","name":"Roborock Q8 Max+ Robot Vacuum Cleaner - Rucas - Wholesale and Distribution","description":"Double All-Rubber Brushes for Double the Power. Impressive 5500Pa Suction Power. Powerful 5200mAh Battery for Up to 4 Hours. The 2.5L dust bag for up to 7 weeks without emptying. Precise Mapping & Seamless Floor Cleaning. Clean Hassle-Free with Obstacle A","inLanguage":"es-ES","isPartOf":{"@id":"https:\/\/www.rucashk.com\/es\/#website"},"breadcrumb":{"@id":"https:\/\/www.rucashk.com\/es\/producto\/roborock-q8-max-robot-vacuum-cleaner-2\/#breadcrumblist"},"author":{"@id":"https:\/\/www.rucashk.com\/es\/author\/admin\/#author"},"creator":{"@id":"https:\/\/www.rucashk.com\/es\/author\/admin\/#author"},"image":{"@type":"ImageObject","url":"https:\/\/www.rucashk.com\/wp-content\/uploads\/2024\/03\/1_fec7c182-b9c8-4277-aba6-fa7bda86b5c1_600x600.webp","@id":"https:\/\/www.rucashk.com\/es\/producto\/roborock-q8-max-robot-vacuum-cleaner-2\/#mainImage","width":600,"height":600},"primaryImageOfPage":{"@id":"https:\/\/www.rucashk.com\/es\/producto\/roborock-q8-max-robot-vacuum-cleaner-2\/#mainImage"},"datePublished":"2024-03-26T14:00:43+00:00","dateModified":"2024-03-26T14:00:43+00:00"},{"@type":"WebSite","@id":"https:\/\/www.rucashk.com\/es\/#website","url":"https:\/\/www.rucashk.com\/es\/","name":"Rucas - Wholesale and distribution worldwide","alternateName":"Rucas - One-stop AIoT Distribution Worldwide","description":"One-stop AIoT Distribution Worldwide","inLanguage":"es-ES","publisher":{"@id":"https:\/\/www.rucashk.com\/es\/#organization"}}]}},"aioseo_meta_data":{"post_id":"39863","title":null,"description":null,"keywords":null,"keyphrases":null,"primary_term":null,"canonical_url":null,"og_title":null,"og_description":null,"og_object_type":"default","og_image_type":"default","og_image_url":null,"og_image_width":null,"og_image_height":null,"og_image_custom_url":null,"og_image_custom_fields":null,"og_video":null,"og_custom_url":null,"og_article_section":null,"og_article_tags":null,"twitter_use_og":false,"twitter_card":"default","twitter_image_type":"default","twitter_image_url":null,"twitter_image_custom_url":null,"twitter_image_custom_fields":null,"twitter_title":null,"twitter_description":null,"schema":{"blockGraphs":[],"customGraphs":[],"default":{"data":{"Article":[],"Course":[],"Dataset":[],"FAQPage":[],"Movie":[],"Person":[],"Product":[],"Recipe":[],"Service":[],"SoftwareApplication":[],"WebPage":[]},"graphName":"","isEnabled":true},"graphs":[]},"schema_type":"default","schema_type_options":null,"pillar_content":false,"robots_default":true,"robots_noindex":false,"robots_noarchive":false,"robots_nosnippet":false,"robots_nofollow":false,"robots_noimageindex":false,"robots_noodp":false,"robots_notranslate":false,"robots_max_snippet":null,"robots_max_videopreview":null,"robots_max_imagepreview":"large","priority":null,"frequency":null,"local_seo":null,"breadcrumb_settings":null,"limit_modified_date":false,"created":"2024-04-11 01:57:23","updated":"2025-06-22 18:52:57"},"aioseo_breadcrumb":"<div class=\"aioseo-breadcrumbs\"><span class=\"aioseo-breadcrumb\">\n\t<a href=\"https:\/\/www.rucashk.com\/es\" title=\"Home\">Home<\/a>\n<\/span><span class=\"aioseo-breadcrumb-separator\">&raquo;<\/span><span class=\"aioseo-breadcrumb\">\n\t<a href=\"https:\/\/www.rucashk.com\/es\/products\/\" title=\"Productos\">Productos<\/a>\n<\/span><span class=\"aioseo-breadcrumb-separator\">&raquo;<\/span><span class=\"aioseo-breadcrumb\">\n\t<a href=\"https:\/\/www.rucashk.com\/es\/marca\/roborock\/\" title=\"Roborock\">Roborock<\/a>\n<\/span><span class=\"aioseo-breadcrumb-separator\">&raquo;<\/span><span class=\"aioseo-breadcrumb\">\n\tRoborock Q8 Max+ Robot Vacuum Cleaner\n<\/span><\/div>","aioseo_breadcrumb_json":[{"label":"Home","link":"https:\/\/www.rucashk.com\/es"},{"label":"Productos","link":"https:\/\/www.rucashk.com\/es\/products\/"},{"label":"Roborock","link":"https:\/\/www.rucashk.com\/es\/marca\/roborock\/"},{"label":"Roborock Q8 Max+ Robot Vacuum Cleaner","link":"https:\/\/www.rucashk.com\/es\/producto\/roborock-q8-max-robot-vacuum-cleaner-2\/"}],"_links":{"self":[{"href":"https:\/\/www.rucashk.com\/es\/wp-json\/wp\/v2\/product\/39863","targetHints":{"allow":["GET"]}}],"collection":[{"href":"https:\/\/www.rucashk.com\/es\/wp-json\/wp\/v2\/product"}],"about":[{"href":"https:\/\/www.rucashk.com\/es\/wp-json\/wp\/v2\/types\/product"}],"wp:featuredmedia":[{"embeddable":true,"href":"https:\/\/www.rucashk.com\/es\/wp-json\/wp\/v2\/media\/39865"}],"wp:attachment":[{"href":"https:\/\/www.rucashk.com\/es\/wp-json\/wp\/v2\/media?parent=39863"}],"wp:term":[{"taxonomy":"product_brand","embeddable":true,"href":"https:\/\/www.rucashk.com\/es\/wp-json\/wp\/v2\/product_brand?post=39863"},{"taxonomy":"product_cat","embeddable":true,"href":"https:\/\/www.rucashk.com\/es\/wp-json\/wp\/v2\/product_cat?post=39863"},{"taxonomy":"product_tag","embeddable":true,"href":"https:\/\/www.rucashk.com\/es\/wp-json\/wp\/v2\/product_tag?post=39863"}],"curies":[{"name":"wp","href":"https:\/\/api.w.org\/{rel}","templated":true}]}}