{"id":39845,"date":"2024-03-26T13:54:23","date_gmt":"2024-03-26T13:54:23","guid":{"rendered":"http:\/\/rucashk.com\/?post_type=product&#038;p=39845"},"modified":"2024-04-16T13:24:10","modified_gmt":"2024-04-16T13:24:10","slug":"roborock-q8-max-robot-vacuum-cleaner","status":"publish","type":"product","link":"https:\/\/www.rucashk.com\/es\/producto\/roborock-q8-max-robot-vacuum-cleaner\/","title":{"rendered":"Robot aspirador Roborock Q8 Max"},"content":{"rendered":"<div class=\"detailItem row col-md-12 d-flex justify-content-center mt-4 p-md-0\"><img decoding=\"async\" class=\"col-md-5 mb-4 mb-md-0 productimg\" src=\"\/wp-content\/uploads\/replace\/c3909ec8490378762e3e2d2d96a44a0f.jpeg\" alt=\"This is a image\" \/><\/div>\n<div class=\"detailItem row col-md-12 d-flex mt-4 flex-md-row flex-column-reverse p-md-0\"><img decoding=\"async\" class=\"col-md-5 mb-4 mb-md-0 productimg\" src=\"\/wp-content\/uploads\/replace\/08d46a5fb43302bdb644c4ac2f088bc9.jpeg\" alt=\"This is a image\" \/><\/div>\n<div class=\"detailItem row col-md-12 d-flex justify-content-center mt-4 p-md-0\"><img decoding=\"async\" class=\"col-md-5 mb-4 mb-md-0 productimg\" src=\"\/wp-content\/uploads\/replace\/26ec155c07e0dc63a978a36bd2d0e1a3.jpeg\" alt=\"This is a image\" \/><\/div>\n<div class=\"detailItem row col-md-12 d-flex mt-4 flex-md-row flex-column-reverse p-md-0\"><img decoding=\"async\" class=\"col-md-5 mb-4 mb-md-0 productimg\" src=\"\/wp-content\/uploads\/replace\/eaada436562635c25affda06af901e0b.jpeg\" alt=\"This is a image\" \/><\/div>\n<div class=\"detailItem row col-md-12 d-flex justify-content-center mt-4 p-md-0\"><img decoding=\"async\" class=\"col-md-5 mb-4 mb-md-0 productimg\" src=\"\/wp-content\/uploads\/replace\/a8b4ad792439a72329f17f37db597d9d.jpeg\" alt=\"This is a image\" \/><\/div>\n<div class=\"detailItem row col-md-12 d-flex mt-4 flex-md-row flex-column-reverse p-md-0\"><img decoding=\"async\" class=\"col-md-5 mb-4 mb-md-0 productimg\" src=\"\/wp-content\/uploads\/replace\/8f6249402cecf1e372682f2e81ada51d.jpeg\" alt=\"This is a image\" \/><\/div>\n<div class=\"detailItem row col-md-12 d-flex justify-content-center mt-4 p-md-0\"><img decoding=\"async\" class=\"col-md-5 mb-4 mb-md-0 productimg\" src=\"\/wp-content\/uploads\/replace\/01142183598b3d1598162dcad63ce369.png\" alt=\"This is a image\" \/><\/div>\n<div class=\"detailItem row col-md-12 d-flex mt-4 flex-md-row flex-column-reverse p-md-0\"><img decoding=\"async\" class=\"col-md-5 mb-4 mb-md-0 productimg\" src=\"\/wp-content\/uploads\/replace\/a52a3cb4b47577aa6cfa6913146fbb78.jpeg\" alt=\"This is a image\" \/><\/div>\n<div class=\"detailItem row col-md-12 d-flex justify-content-center mt-4 p-md-0\"><img decoding=\"async\" class=\"col-md-5 mb-4 mb-md-0 productimg\" src=\"\/wp-content\/uploads\/replace\/b6509a87e0c638ac4202ea3a3a207f7b.jpeg\" alt=\"This is a image\" \/><\/div>\n<div class=\"detailItem row col-md-12 d-flex mt-4 flex-md-row flex-column-reverse p-md-0\"><img decoding=\"async\" class=\"col-md-5 mb-4 mb-md-0 productimg\" src=\"\/wp-content\/uploads\/replace\/cfcb851560ca6e5831290656e023d461.jpeg\" alt=\"This is a image\" \/><\/div>\n<div class=\"detailItem row col-md-12 d-flex justify-content-center mt-4 p-md-0\"><img decoding=\"async\" class=\"col-md-5 mb-4 mb-md-0 productimg\" src=\"\/wp-content\/uploads\/replace\/b121a4572afdc128d490fb08e7231c6c.jpeg\" alt=\"This is a image\" \/><\/div>\n<div class=\"detailItem row col-md-12 d-flex mt-4 flex-md-row flex-column-reverse p-md-0\"><img decoding=\"async\" class=\"col-md-5 mb-4 mb-md-0 productimg\" src=\"\/wp-content\/uploads\/replace\/e67d00feeae0c84d8476d26138f1fe34.jpeg\" alt=\"This is a image\" \/><\/div>\n<div class=\"detailItem row col-md-12 d-flex justify-content-center mt-4 p-md-0\"><img decoding=\"async\" class=\"col-md-5 mb-4 mb-md-0 productimg\" src=\"\/wp-content\/uploads\/replace\/5c11b87e7d55bc656f3ad3a3261afed1.jpeg\" alt=\"This is a image\" \/><\/div>\n<div class=\"detailItem row col-md-12 d-flex mt-4 flex-md-row flex-column-reverse p-md-0\"><img decoding=\"async\" class=\"col-md-5 mb-4 mb-md-0 productimg\" src=\"\/wp-content\/uploads\/replace\/2819e39e415f836f93f5f3c2aef3b4a1.jpeg\" alt=\"This is a image\" \/><\/div>\n<div class=\"detailItem row col-md-12 d-flex justify-content-center mt-4 p-md-0\"><img decoding=\"async\" class=\"col-md-5 mb-4 mb-md-0 productimg\" src=\"\/wp-content\/uploads\/replace\/46de846d1d9df6a8ea226891572d78fa.jpeg\" alt=\"This is a image\" \/><\/p>\n<div class=\"col-md-7 pl-md-5 pt-md-6 pr-md-5\">\n<p>Robot aspirador y trapeador Roborock Q8 Max.<br \/>\n\u00danase a la revoluci\u00f3n de la limpieza y experimente limpiezas sin esfuerzo con el nuevo cepillo DuoRoller\u2122. Logre una eliminaci\u00f3n total de la suciedad y el polvo con la impresionante succi\u00f3n de 5500 Pa y la navegaci\u00f3n inteligente impulsada por el sistema para evitar obst\u00e1culos Reactive Tech. La limpieza nunca ha sido tan f\u00e1cil.<\/p>\n<p>Q8 Max puede aspirar y trapear simult\u00e1neamente para capturar el polvo fino que la aspiradora sola podr\u00eda pasar por alto. Con 30 niveles de flujo de agua, puede ajustar el flujo para satisfacer sus necesidades de limpieza espec\u00edficas.<\/p>\n<p>La potencia de succi\u00f3n de HyperForce\u00ae se ha actualizado a 5500 Pa, lo que permite que Q8 Max elimine f\u00e1cilmente la suciedad y el pelo de mascotas de diferentes tipos de pisos, dej\u00e1ndote un espacio habitable impecable en todo momento.<\/p>\n<p>Detecta y evita objetos en el suelo f\u00e1cilmente, para que no tengas que recogerlos antes de comenzar una limpieza. Al sugerir zonas prohibidas para escaleras y lugares donde es f\u00e1cil quedar atascado, el Q8 Max puede evitar contratiempos, permiti\u00e9ndole tranquilidad mientras navega por su casa.<\/p>\n<p>PreciSense\u00ae LiDAR Navigation y el algoritmo m\u00e1s avanzado de Roborock crean mapas detallados y precisos, lo que permite al Q8 Max identificar la ruta m\u00e1s eficiente para navegar y limpiar de manera \u00f3ptima su hogar.<\/p>\n<p>Toma el control ordenando a tu robot que comience a limpiar toda la casa o aborde habitaciones espec\u00edficas con solo el poder de tu voz. Se puede conectar a Amazon Alexa, Google Home y Apple Siri para facilitar el acceso.<\/p>\n<\/div>\n<\/div>","protected":false},"excerpt":{"rendered":"<p>&#8211; Vacuum and Mop in One Pass.<br \/>\n&#8211; 5500Pa High Power Suction.<br \/>\n&#8211; DuoRoller\u2122 Brush.<br \/>\n&#8211; Reactive Tech Obstacle Avoidance.<br \/>\n&#8211; PreciSense\u00ae LiDAR Navigation.<br \/>\n&#8211; Adaptive Route Algorithms.<br \/>\n&#8211; Seamless Floor Cleaning.<br \/>\n&#8211; Customizable App Features.<br \/>\n&#8211; ScratchSafe\u00ae Wheels and Brushes.<br \/>\n&#8211; Work with Alexa&amp;Google Home&amp;Apple Siri.<br \/>\n&#8211; Off-Peak Charging Supported.<br \/>\n&#8211; 770ml Large Dustbin.<br \/>\n&#8211; Only support 2.4GHz Wi-Fi. 5GHz is not supported.<\/p>","protected":false},"featured_media":39862,"template":"","meta":[],"product_brand":[1371],"product_cat":[1312,1305],"product_tag":[],"class_list":{"0":"post-39845","1":"product","2":"type-product","3":"status-publish","4":"has-post-thumbnail","6":"product_brand-roborock","7":"product_cat-roborock-vacuum-cleaner","8":"product_cat-xiaomi-eco","10":"first","11":"instock","12":"shipping-taxable","13":"product-type-simple"},"aioseo_notices":[],"aioseo_head":"\n\t\t<!-- All in One SEO Pro 4.5.9.2 - aioseo.com -->\n\t\t<meta name=\"description\" content=\"- Vacuum and Mop in One Pass. - 5500Pa High Power Suction. - DuoRoller\u2122 Brush. - Reactive Tech Obstacle Avoidance. - PreciSense\u00ae LiDAR Navigation. - Adaptive Route Algorithms. - Seamless Floor Cleaning. - Customizable App Features. - ScratchSafe\u00ae Wheels and Brushes. - Work with Alexa&amp;Google Home&amp;Apple Siri. - Off-Peak Charging Supported. - 770ml Large Dustbin. - Only support 2.4GHz Wi-Fi. 5GHz is not supported.\" \/>\n\t\t<meta name=\"robots\" content=\"max-image-preview:large\" \/>\n\t\t<link rel=\"canonical\" href=\"https:\/\/www.rucashk.com\/es\/producto\/roborock-q8-max-robot-vacuum-cleaner\/\" \/>\n\t\t<meta name=\"generator\" content=\"All in One SEO Pro (AIOSEO) 4.5.9.2\" \/>\n\t\t<meta property=\"og:locale\" content=\"es_ES\" \/>\n\t\t<meta property=\"og:site_name\" content=\"Rucas - One-stop AIoT Distribution Worldwide\" \/>\n\t\t<meta property=\"og:type\" content=\"article\" \/>\n\t\t<meta property=\"og:title\" content=\"Roborock Q8 Max Robot Vacuum Cleaner - Rucas - Wholesale and Distribution\" \/>\n\t\t<meta property=\"og:description\" content=\"- Vacuum and Mop in One Pass. - 5500Pa High Power Suction. - DuoRoller\u2122 Brush. - Reactive Tech Obstacle Avoidance. - PreciSense\u00ae LiDAR Navigation. - Adaptive Route Algorithms. - Seamless Floor Cleaning. - Customizable App Features. - ScratchSafe\u00ae Wheels and Brushes. - Work with Alexa&amp;Google Home&amp;Apple Siri. - Off-Peak Charging Supported. - 770ml Large Dustbin. - Only support 2.4GHz Wi-Fi. 5GHz is not supported.\" \/>\n\t\t<meta property=\"og:url\" content=\"https:\/\/www.rucashk.com\/es\/producto\/roborock-q8-max-robot-vacuum-cleaner\/\" \/>\n\t\t<meta property=\"og:image\" content=\"https:\/\/www.rucashk.com\/wp-content\/uploads\/replace\/503b8e645f128a97ccde2b6290747646.jpeg\" \/>\n\t\t<meta property=\"og:image:secure_url\" content=\"https:\/\/www.rucashk.com\/wp-content\/uploads\/replace\/503b8e645f128a97ccde2b6290747646.jpeg\" \/>\n\t\t<meta property=\"og:image:width\" content=\"1456\" \/>\n\t\t<meta property=\"og:image:height\" content=\"816\" \/>\n\t\t<meta property=\"article:published_time\" content=\"2024-03-26T13:54:23+00:00\" \/>\n\t\t<meta property=\"article:modified_time\" content=\"2024-04-16T13:24:10+00:00\" \/>\n\t\t<meta name=\"twitter:card\" content=\"summary_large_image\" \/>\n\t\t<meta name=\"twitter:title\" content=\"Roborock Q8 Max Robot Vacuum Cleaner - Rucas - Wholesale and Distribution\" \/>\n\t\t<meta name=\"twitter:description\" content=\"- Vacuum and Mop in One Pass. - 5500Pa High Power Suction. - DuoRoller\u2122 Brush. - Reactive Tech Obstacle Avoidance. - PreciSense\u00ae LiDAR Navigation. - Adaptive Route Algorithms. - Seamless Floor Cleaning. - Customizable App Features. - ScratchSafe\u00ae Wheels and Brushes. - Work with Alexa&amp;Google Home&amp;Apple Siri. - Off-Peak Charging Supported. - 770ml Large Dustbin. - Only support 2.4GHz Wi-Fi. 5GHz is not supported.\" \/>\n\t\t<meta name=\"twitter:image\" content=\"https:\/\/www.rucashk.com\/wp-content\/uploads\/replace\/503b8e645f128a97ccde2b6290747646.jpeg\" \/>\n\t\t<script type=\"application\/ld+json\" class=\"aioseo-schema\">\n\t\t\t{\"@context\":\"https:\\\/\\\/schema.org\",\"@graph\":[{\"@type\":\"BreadcrumbList\",\"@id\":\"https:\\\/\\\/www.rucashk.com\\\/es\\\/producto\\\/roborock-q8-max-robot-vacuum-cleaner\\\/#breadcrumblist\",\"itemListElement\":[{\"@type\":\"ListItem\",\"@id\":\"https:\\\/\\\/www.rucashk.com\\\/es\\\/#listItem\",\"position\":1,\"name\":\"Home\",\"item\":\"https:\\\/\\\/www.rucashk.com\\\/es\\\/\",\"nextItem\":\"https:\\\/\\\/www.rucashk.com\\\/es\\\/producto\\\/roborock-q8-max-robot-vacuum-cleaner\\\/#listItem\"},{\"@type\":\"ListItem\",\"@id\":\"https:\\\/\\\/www.rucashk.com\\\/es\\\/producto\\\/roborock-q8-max-robot-vacuum-cleaner\\\/#listItem\",\"position\":2,\"name\":\"Roborock Q8 Max Robot Vacuum Cleaner\",\"previousItem\":\"https:\\\/\\\/www.rucashk.com\\\/es\\\/#listItem\"}]},{\"@type\":\"Organization\",\"@id\":\"https:\\\/\\\/www.rucashk.com\\\/es\\\/#organization\",\"name\":\"Rucas\",\"url\":\"https:\\\/\\\/www.rucashk.com\\\/es\\\/\",\"logo\":{\"@type\":\"ImageObject\",\"url\":\"https:\\\/\\\/www.rucashk.com\\\/wp-content\\\/uploads\\\/2023\\\/12\\\/Rucas_campany_logo.png\",\"@id\":\"https:\\\/\\\/www.rucashk.com\\\/es\\\/producto\\\/roborock-q8-max-robot-vacuum-cleaner\\\/#organizationLogo\",\"width\":221,\"height\":65},\"image\":{\"@id\":\"https:\\\/\\\/www.rucashk.com\\\/es\\\/#organizationLogo\"}},{\"@type\":\"Person\",\"@id\":\"https:\\\/\\\/www.rucashk.com\\\/es\\\/author\\\/admin\\\/#author\",\"url\":\"https:\\\/\\\/www.rucashk.com\\\/es\\\/author\\\/admin\\\/\",\"name\":\"admin\",\"image\":{\"@type\":\"ImageObject\",\"@id\":\"https:\\\/\\\/www.rucashk.com\\\/es\\\/producto\\\/roborock-q8-max-robot-vacuum-cleaner\\\/#authorImage\",\"url\":\"https:\\\/\\\/secure.gravatar.com\\\/avatar\\\/b7c8925b09a27e72b30232f8ecaadbd5af0f70a38c78096863fe51b64f031c24?s=96&d=mm&r=g\",\"width\":96,\"height\":96,\"caption\":\"admin\"}},{\"@type\":\"WebPage\",\"@id\":\"https:\\\/\\\/www.rucashk.com\\\/es\\\/producto\\\/roborock-q8-max-robot-vacuum-cleaner\\\/#webpage\",\"url\":\"https:\\\/\\\/www.rucashk.com\\\/es\\\/producto\\\/roborock-q8-max-robot-vacuum-cleaner\\\/\",\"name\":\"Roborock Q8 Max Robot Vacuum Cleaner - Rucas - Wholesale and Distribution\",\"description\":\"- Vacuum and Mop in One Pass. - 5500Pa High Power Suction. - DuoRoller\\u2122 Brush. - Reactive Tech Obstacle Avoidance. - PreciSense\\u00ae LiDAR Navigation. - Adaptive Route Algorithms. - Seamless Floor Cleaning. - Customizable App Features. - ScratchSafe\\u00ae Wheels and Brushes. - Work with Alexa&Google Home&Apple Siri. - Off-Peak Charging Supported. - 770ml Large Dustbin. - Only support 2.4GHz Wi-Fi. 5GHz is not supported.\",\"inLanguage\":\"es-ES\",\"isPartOf\":{\"@id\":\"https:\\\/\\\/www.rucashk.com\\\/es\\\/#website\"},\"breadcrumb\":{\"@id\":\"https:\\\/\\\/www.rucashk.com\\\/es\\\/producto\\\/roborock-q8-max-robot-vacuum-cleaner\\\/#breadcrumblist\"},\"author\":{\"@id\":\"https:\\\/\\\/www.rucashk.com\\\/es\\\/author\\\/admin\\\/#author\"},\"creator\":{\"@id\":\"https:\\\/\\\/www.rucashk.com\\\/es\\\/author\\\/admin\\\/#author\"},\"image\":{\"@type\":\"ImageObject\",\"url\":\"https:\\\/\\\/www.rucashk.com\\\/wp-content\\\/uploads\\\/2024\\\/03\\\/img_v2_3d35772e-2f7a-460d-bb7c-2fbc35fec13g_1500x1500.webp\",\"@id\":\"https:\\\/\\\/www.rucashk.com\\\/es\\\/producto\\\/roborock-q8-max-robot-vacuum-cleaner\\\/#mainImage\",\"width\":1500,\"height\":1500},\"primaryImageOfPage\":{\"@id\":\"https:\\\/\\\/www.rucashk.com\\\/es\\\/producto\\\/roborock-q8-max-robot-vacuum-cleaner\\\/#mainImage\"},\"datePublished\":\"2024-03-26T13:54:23+00:00\",\"dateModified\":\"2024-04-16T13:24:10+00:00\"},{\"@type\":\"WebSite\",\"@id\":\"https:\\\/\\\/www.rucashk.com\\\/es\\\/#website\",\"url\":\"https:\\\/\\\/www.rucashk.com\\\/es\\\/\",\"name\":\"Rucas - Wholesale and distribution worldwide\",\"alternateName\":\"Rucas - One-stop AIoT Distribution Worldwide\",\"description\":\"One-stop AIoT Distribution Worldwide\",\"inLanguage\":\"es-ES\",\"publisher\":{\"@id\":\"https:\\\/\\\/www.rucashk.com\\\/es\\\/#organization\"}}]}\n\t\t<\/script>\n\t\t<!-- All in One SEO Pro -->\r\n\t\t<title>Roborock Q8 Max Robot Vacuum Cleaner - Rucas - Wholesale and Distribution<\/title>\n\n","aioseo_head_json":{"title":"Roborock Q8 Max Robot Vacuum Cleaner - Rucas - Wholesale and Distribution","description":"- Vacuum and Mop in One Pass. - 5500Pa High Power Suction. - DuoRoller\u2122 Brush. - Reactive Tech Obstacle Avoidance. - PreciSense\u00ae LiDAR Navigation. - Adaptive Route Algorithms. - Seamless Floor Cleaning. - Customizable App Features. - ScratchSafe\u00ae Wheels and Brushes. - Work with Alexa&Google Home&Apple Siri. - Off-Peak Charging Supported. - 770ml Large Dustbin. - Only support 2.4GHz Wi-Fi. 5GHz is not supported.","canonical_url":"https:\/\/www.rucashk.com\/es\/producto\/roborock-q8-max-robot-vacuum-cleaner\/","robots":"max-image-preview:large","keywords":"","webmasterTools":{"miscellaneous":""},"og:locale":"es_ES","og:site_name":"Rucas - One-stop AIoT Distribution Worldwide","og:type":"article","og:title":"Roborock Q8 Max Robot Vacuum Cleaner - Rucas - Wholesale and Distribution","og:description":"- Vacuum and Mop in One Pass. - 5500Pa High Power Suction. - DuoRoller\u2122 Brush. - Reactive Tech Obstacle Avoidance. - PreciSense\u00ae LiDAR Navigation. - Adaptive Route Algorithms. - Seamless Floor Cleaning. - Customizable App Features. - ScratchSafe\u00ae Wheels and Brushes. - Work with Alexa&amp;Google Home&amp;Apple Siri. - Off-Peak Charging Supported. - 770ml Large Dustbin. - Only support 2.4GHz Wi-Fi. 5GHz is not supported.","og:url":"https:\/\/www.rucashk.com\/es\/producto\/roborock-q8-max-robot-vacuum-cleaner\/","og:image":"https:\/\/www.rucashk.com\/wp-content\/uploads\/replace\/503b8e645f128a97ccde2b6290747646.jpeg","og:image:secure_url":"https:\/\/www.rucashk.com\/wp-content\/uploads\/replace\/503b8e645f128a97ccde2b6290747646.jpeg","og:image:width":1456,"og:image:height":816,"article:published_time":"2024-03-26T13:54:23+00:00","article:modified_time":"2024-04-16T13:24:10+00:00","twitter:card":"summary_large_image","twitter:title":"Roborock Q8 Max Robot Vacuum Cleaner - Rucas - Wholesale and Distribution","twitter:description":"- Vacuum and Mop in One Pass. - 5500Pa High Power Suction. - DuoRoller\u2122 Brush. - Reactive Tech Obstacle Avoidance. - PreciSense\u00ae LiDAR Navigation. - Adaptive Route Algorithms. - Seamless Floor Cleaning. - Customizable App Features. - ScratchSafe\u00ae Wheels and Brushes. - Work with Alexa&amp;Google Home&amp;Apple Siri. - Off-Peak Charging Supported. - 770ml Large Dustbin. - Only support 2.4GHz Wi-Fi. 5GHz is not supported.","twitter:image":"https:\/\/www.rucashk.com\/wp-content\/uploads\/replace\/503b8e645f128a97ccde2b6290747646.jpeg","schema":{"@context":"https:\/\/schema.org","@graph":[{"@type":"BreadcrumbList","@id":"https:\/\/www.rucashk.com\/es\/producto\/roborock-q8-max-robot-vacuum-cleaner\/#breadcrumblist","itemListElement":[{"@type":"ListItem","@id":"https:\/\/www.rucashk.com\/es\/#listItem","position":1,"name":"Home","item":"https:\/\/www.rucashk.com\/es\/","nextItem":"https:\/\/www.rucashk.com\/es\/producto\/roborock-q8-max-robot-vacuum-cleaner\/#listItem"},{"@type":"ListItem","@id":"https:\/\/www.rucashk.com\/es\/producto\/roborock-q8-max-robot-vacuum-cleaner\/#listItem","position":2,"name":"Roborock Q8 Max Robot Vacuum Cleaner","previousItem":"https:\/\/www.rucashk.com\/es\/#listItem"}]},{"@type":"Organization","@id":"https:\/\/www.rucashk.com\/es\/#organization","name":"Rucas","url":"https:\/\/www.rucashk.com\/es\/","logo":{"@type":"ImageObject","url":"https:\/\/www.rucashk.com\/wp-content\/uploads\/2023\/12\/Rucas_campany_logo.png","@id":"https:\/\/www.rucashk.com\/es\/producto\/roborock-q8-max-robot-vacuum-cleaner\/#organizationLogo","width":221,"height":65},"image":{"@id":"https:\/\/www.rucashk.com\/es\/#organizationLogo"}},{"@type":"Person","@id":"https:\/\/www.rucashk.com\/es\/author\/admin\/#author","url":"https:\/\/www.rucashk.com\/es\/author\/admin\/","name":"admin","image":{"@type":"ImageObject","@id":"https:\/\/www.rucashk.com\/es\/producto\/roborock-q8-max-robot-vacuum-cleaner\/#authorImage","url":"https:\/\/secure.gravatar.com\/avatar\/b7c8925b09a27e72b30232f8ecaadbd5af0f70a38c78096863fe51b64f031c24?s=96&d=mm&r=g","width":96,"height":96,"caption":"admin"}},{"@type":"WebPage","@id":"https:\/\/www.rucashk.com\/es\/producto\/roborock-q8-max-robot-vacuum-cleaner\/#webpage","url":"https:\/\/www.rucashk.com\/es\/producto\/roborock-q8-max-robot-vacuum-cleaner\/","name":"Roborock Q8 Max Robot Vacuum Cleaner - Rucas - Wholesale and Distribution","description":"- Vacuum and Mop in One Pass. - 5500Pa High Power Suction. - DuoRoller\u2122 Brush. - Reactive Tech Obstacle Avoidance. - PreciSense\u00ae LiDAR Navigation. - Adaptive Route Algorithms. - Seamless Floor Cleaning. - Customizable App Features. - ScratchSafe\u00ae Wheels and Brushes. - Work with Alexa&Google Home&Apple Siri. - Off-Peak Charging Supported. - 770ml Large Dustbin. - Only support 2.4GHz Wi-Fi. 5GHz is not supported.","inLanguage":"es-ES","isPartOf":{"@id":"https:\/\/www.rucashk.com\/es\/#website"},"breadcrumb":{"@id":"https:\/\/www.rucashk.com\/es\/producto\/roborock-q8-max-robot-vacuum-cleaner\/#breadcrumblist"},"author":{"@id":"https:\/\/www.rucashk.com\/es\/author\/admin\/#author"},"creator":{"@id":"https:\/\/www.rucashk.com\/es\/author\/admin\/#author"},"image":{"@type":"ImageObject","url":"https:\/\/www.rucashk.com\/wp-content\/uploads\/2024\/03\/img_v2_3d35772e-2f7a-460d-bb7c-2fbc35fec13g_1500x1500.webp","@id":"https:\/\/www.rucashk.com\/es\/producto\/roborock-q8-max-robot-vacuum-cleaner\/#mainImage","width":1500,"height":1500},"primaryImageOfPage":{"@id":"https:\/\/www.rucashk.com\/es\/producto\/roborock-q8-max-robot-vacuum-cleaner\/#mainImage"},"datePublished":"2024-03-26T13:54:23+00:00","dateModified":"2024-04-16T13:24:10+00:00"},{"@type":"WebSite","@id":"https:\/\/www.rucashk.com\/es\/#website","url":"https:\/\/www.rucashk.com\/es\/","name":"Rucas - Wholesale and distribution worldwide","alternateName":"Rucas - One-stop AIoT Distribution Worldwide","description":"One-stop AIoT Distribution Worldwide","inLanguage":"es-ES","publisher":{"@id":"https:\/\/www.rucashk.com\/es\/#organization"}}]}},"aioseo_meta_data":{"post_id":"39845","title":null,"description":null,"keywords":null,"keyphrases":null,"primary_term":null,"canonical_url":null,"og_title":null,"og_description":null,"og_object_type":"default","og_image_type":"default","og_image_url":null,"og_image_width":null,"og_image_height":null,"og_image_custom_url":null,"og_image_custom_fields":null,"og_video":null,"og_custom_url":null,"og_article_section":null,"og_article_tags":null,"twitter_use_og":false,"twitter_card":"default","twitter_image_type":"default","twitter_image_url":null,"twitter_image_custom_url":null,"twitter_image_custom_fields":null,"twitter_title":null,"twitter_description":null,"schema":{"blockGraphs":[],"customGraphs":[],"default":{"data":{"Article":[],"Course":[],"Dataset":[],"FAQPage":[],"Movie":[],"Person":[],"Product":[],"Recipe":[],"Service":[],"SoftwareApplication":[],"WebPage":[]},"graphName":"","isEnabled":true},"graphs":[]},"schema_type":"default","schema_type_options":null,"pillar_content":false,"robots_default":true,"robots_noindex":false,"robots_noarchive":false,"robots_nosnippet":false,"robots_nofollow":false,"robots_noimageindex":false,"robots_noodp":false,"robots_notranslate":false,"robots_max_snippet":null,"robots_max_videopreview":null,"robots_max_imagepreview":"large","priority":null,"frequency":null,"local_seo":null,"breadcrumb_settings":null,"limit_modified_date":false,"created":"2024-04-11 01:57:23","updated":"2025-06-22 18:52:57"},"aioseo_breadcrumb":"<div class=\"aioseo-breadcrumbs\"><span class=\"aioseo-breadcrumb\">\n\t<a href=\"https:\/\/www.rucashk.com\/es\" title=\"Home\">Home<\/a>\n<\/span><span class=\"aioseo-breadcrumb-separator\">&raquo;<\/span><span class=\"aioseo-breadcrumb\">\n\t<a href=\"https:\/\/www.rucashk.com\/es\/products\/\" title=\"Productos\">Productos<\/a>\n<\/span><span class=\"aioseo-breadcrumb-separator\">&raquo;<\/span><span class=\"aioseo-breadcrumb\">\n\t<a href=\"https:\/\/www.rucashk.com\/es\/marca\/roborock\/\" title=\"Roborock\">Roborock<\/a>\n<\/span><span class=\"aioseo-breadcrumb-separator\">&raquo;<\/span><span class=\"aioseo-breadcrumb\">\n\tRoborock Q8 Max Robot Vacuum Cleaner\n<\/span><\/div>","aioseo_breadcrumb_json":[{"label":"Home","link":"https:\/\/www.rucashk.com\/es"},{"label":"Productos","link":"https:\/\/www.rucashk.com\/es\/products\/"},{"label":"Roborock","link":"https:\/\/www.rucashk.com\/es\/marca\/roborock\/"},{"label":"Roborock Q8 Max Robot Vacuum Cleaner","link":"https:\/\/www.rucashk.com\/es\/producto\/roborock-q8-max-robot-vacuum-cleaner\/"}],"_links":{"self":[{"href":"https:\/\/www.rucashk.com\/es\/wp-json\/wp\/v2\/product\/39845","targetHints":{"allow":["GET"]}}],"collection":[{"href":"https:\/\/www.rucashk.com\/es\/wp-json\/wp\/v2\/product"}],"about":[{"href":"https:\/\/www.rucashk.com\/es\/wp-json\/wp\/v2\/types\/product"}],"wp:featuredmedia":[{"embeddable":true,"href":"https:\/\/www.rucashk.com\/es\/wp-json\/wp\/v2\/media\/39862"}],"wp:attachment":[{"href":"https:\/\/www.rucashk.com\/es\/wp-json\/wp\/v2\/media?parent=39845"}],"wp:term":[{"taxonomy":"product_brand","embeddable":true,"href":"https:\/\/www.rucashk.com\/es\/wp-json\/wp\/v2\/product_brand?post=39845"},{"taxonomy":"product_cat","embeddable":true,"href":"https:\/\/www.rucashk.com\/es\/wp-json\/wp\/v2\/product_cat?post=39845"},{"taxonomy":"product_tag","embeddable":true,"href":"https:\/\/www.rucashk.com\/es\/wp-json\/wp\/v2\/product_tag?post=39845"}],"curies":[{"name":"wp","href":"https:\/\/api.w.org\/{rel}","templated":true}]}}