{"id":39805,"date":"2024-03-26T13:40:56","date_gmt":"2024-03-26T13:40:56","guid":{"rendered":"http:\/\/rucashk.com\/?post_type=product&#038;p=39805"},"modified":"2024-04-16T13:24:12","modified_gmt":"2024-04-16T13:24:12","slug":"roborock-q7-max-vacuum-cleaner-robot","status":"publish","type":"product","link":"https:\/\/www.rucashk.com\/es\/producto\/roborock-q7-max-vacuum-cleaner-robot\/","title":{"rendered":"Robot aspirador Roborock Q7 Max+"},"content":{"rendered":"<div class=\"detailItem row col-md-12 d-flex mt-4 flex-md-row flex-column-reverse p-md-0\">\n<div class=\"col-md-7 pr-md-5 pt-md-6 pl-md-5\">\n<p class=\"\">\n<\/div>\n<p><img decoding=\"async\" class=\"col-md-5 mb-4 mb-md-0 productimg\" src=\"\/wp-content\/uploads\/replace\/6b00815a57fe79f9105cca903d540332.jpeg\" alt=\"This is a image\" \/><\/p>\n<\/div>\n<div class=\"detailItem row col-md-12 d-flex justify-content-center mt-4 p-md-0\"><img decoding=\"async\" class=\"col-md-5 mb-4 mb-md-0 productimg\" src=\"\/wp-content\/uploads\/replace\/0e23b80a0230315feb0a417c027840a6.jpeg\" alt=\"This is a image\" \/><\/div>\n<div class=\"detailItem row col-md-12 d-flex mt-4 flex-md-row flex-column-reverse p-md-0\"><img decoding=\"async\" class=\"col-md-5 mb-4 mb-md-0 productimg\" src=\"\/wp-content\/uploads\/replace\/f49fc3ec0f76e318c7744a3e65edcd3d.jpeg\" alt=\"This is a image\" \/><\/div>\n<div class=\"detailItem row col-md-12 d-flex justify-content-center mt-4 p-md-0\">\n<p><img decoding=\"async\" class=\"col-md-5 mb-4 mb-md-0 productimg\" src=\"\/wp-content\/uploads\/replace\/a1e36780595c3e0dd9e9dd951d88b5cd.jpeg\" alt=\"This is a image\" \/><\/p>\n<div class=\"col-md-7 pl-md-5 pt-md-6 pr-md-5\"><\/div>\n<\/div>\n<div class=\"detailItem row col-md-12 d-flex mt-4 flex-md-row flex-column-reverse p-md-0\"><img decoding=\"async\" class=\"col-md-5 mb-4 mb-md-0 productimg\" src=\"\/wp-content\/uploads\/replace\/3c932eaf899df2e1a7ef1dc15fd5a435.jpeg\" alt=\"This is a image\" \/><\/div>\n<div class=\"detailItem row col-md-12 d-flex justify-content-center mt-4 p-md-0\"><img decoding=\"async\" class=\"col-md-5 mb-4 mb-md-0 productimg\" src=\"\/wp-content\/uploads\/replace\/043c231ec6ea7b7af40c49087d33236b.jpeg\" alt=\"This is a image\" \/><\/div>\n<div class=\"detailItem row col-md-12 d-flex mt-4 flex-md-row flex-column-reverse p-md-0\"><img decoding=\"async\" class=\"col-md-5 mb-4 mb-md-0 productimg\" src=\"\/wp-content\/uploads\/replace\/702741ea992093fd9af1d5375a5f22f9.jpeg\" alt=\"This is a image\" \/><\/div>\n<div class=\"detailItem row col-md-12 d-flex justify-content-center mt-4 p-md-0\"><img decoding=\"async\" class=\"col-md-5 mb-4 mb-md-0 productimg\" src=\"\/wp-content\/uploads\/replace\/79f76537790bce5846b0537d4f70508a.jpeg\" alt=\"This is a image\" \/><\/div>\n<div class=\"detailItem row col-md-12 d-flex mt-4 flex-md-row flex-column-reverse p-md-0\"><img decoding=\"async\" class=\"col-md-5 mb-4 mb-md-0 productimg\" src=\"\/wp-content\/uploads\/replace\/b4f78b0e20afabd637c6d2bd7c4e71aa.jpeg\" alt=\"This is a image\" \/><\/div>\n<div class=\"detailItem row col-md-12 d-flex justify-content-center mt-4 p-md-0\"><img decoding=\"async\" class=\"col-md-5 mb-4 mb-md-0 productimg\" src=\"\/wp-content\/uploads\/replace\/9703ae1a1685ec9630e907057e97269e.jpeg\" alt=\"This is a image\" \/><\/div>\n<div class=\"detailItem row col-md-12 d-flex mt-4 flex-md-row flex-column-reverse p-md-0\"><img decoding=\"async\" class=\"col-md-5 mb-4 mb-md-0 productimg\" src=\"\/wp-content\/uploads\/replace\/62016aecf29893a6ad3d67d707a46bab.jpeg\" alt=\"This is a image\" \/><\/div>\n<div class=\"detailItem row col-md-12 d-flex justify-content-center mt-4 p-md-0\"><img decoding=\"async\" class=\"col-md-5 mb-4 mb-md-0 productimg\" src=\"\/wp-content\/uploads\/replace\/5203ec06dd79c352adbecd5fb2da3c15.jpeg\" alt=\"This is a image\" \/><\/div>\n<div class=\"detailItem row col-md-12 d-flex mt-4 flex-md-row flex-column-reverse p-md-0\"><img decoding=\"async\" class=\"col-md-5 mb-4 mb-md-0 productimg\" src=\"\/wp-content\/uploads\/replace\/f72333140b2249dea8dafc6f29128bc6.jpeg\" alt=\"This is a image\" \/><\/div>\n<div class=\"detailItem row col-md-12 d-flex justify-content-center mt-4 p-md-0\"><img decoding=\"async\" class=\"col-md-5 mb-4 mb-md-0 productimg\" src=\"\/wp-content\/uploads\/replace\/def7503f2f807e1058caf387e0f0c4c3.jpeg\" alt=\"This is a image\" \/><\/div>\n<div class=\"detailItem row col-md-12 d-flex mt-4 flex-md-row flex-column-reverse p-md-0\"><img decoding=\"async\" class=\"col-md-5 mb-4 mb-md-0 productimg\" src=\"\/wp-content\/uploads\/replace\/abf5c9c18c959985ceeef5fbeae5f20b.jpeg\" alt=\"This is a image\" \/><\/div>\n<div class=\"detailItem row col-md-12 d-flex justify-content-center mt-4 p-md-0\"><img decoding=\"async\" class=\"col-md-5 mb-4 mb-md-0 productimg\" src=\"\/wp-content\/uploads\/replace\/20d1734b065f26381544770cc539a113.jpeg\" alt=\"This is a image\" \/><\/div>\n<div class=\"detailItem row col-md-12 d-flex mt-4 flex-md-row flex-column-reverse p-md-0\"><img decoding=\"async\" class=\"col-md-5 mb-4 mb-md-0 productimg\" src=\"\/wp-content\/uploads\/replace\/815545545f8185ddb72bc0cb6a420637.jpeg\" alt=\"This is a image\" \/><\/div>\n<div>\n<p>Roborock Q7 Max+ combina una amplia gama de tecnolog\u00edas efectivas de aspiraci\u00f3n rob\u00f3tica probadas generaci\u00f3n tras generaci\u00f3n de aspiradoras Roborock. Ofrece una eficacia de aspiraci\u00f3n sin concesiones, una facilidad de uso incre\u00edble y la comodidad absoluta del Auto-Empty Dock Pure.<\/p>\n<p>Limpie con frecuencia y vac\u00ede rara vez con Auto-Empty Dock Pure. Vacia tu robot autom\u00e1ticamente en su bolsa para polvo de 2,5 L, cada limpieza, durante hasta 7 semanas. Cuando la bolsa est\u00e1 llena, se puede cambiar en segundos. La bolsa para el polvo tambi\u00e9n es un filtro de aire eficaz, probado para filtrar 99. 7% de polen tan peque\u00f1o como 0,3 micrones*, lo que ayuda a limpiar el aire.<\/p>\n<p>Aspire y trapee simult\u00e1neamente para capturar la suciedad fina que podr\u00eda pasar desapercibida con la aspiradora. Equipado con una bomba electr\u00f3nica, el Q7 Max ofrece 30 niveles de flujo de agua para que pueda ajustar la limpieza seg\u00fan sus tipos y preferencias de piso.<\/p>\n<p>El sistema PreciSense LiDAR de Roborock es el cerebro detr\u00e1s de la extraordinaria capacidad de su robot para encontrar la forma m\u00e1s eficiente de limpiar toda su casa. Los mapas que crea impulsan un conjunto de funciones controladas en la aplicaci\u00f3n Roborock.<\/p>\n<p>Impulsado por una gran potencia de iones de litio de 5200 mAh, el Q7 Max puede limpiar sin parar durante hasta 3 horas con una sola carga. Alcance suficiente para abordar la mayor\u00eda de los hogares.<\/p>\n<\/div>","protected":false},"excerpt":{"rendered":"<p>&#8211; Automatic Dust Collection.<br \/>\n&#8211; Seven Weeks without Emptying.<br \/>\n&#8211; 4200Pa High Power Suction.<br \/>\n&#8211; Simultaneous Vacuum and Mop.<br \/>\n&#8211; App Controlled Mopping.<br \/>\n&#8211; PreciSense\u00ae LiDAR Navigation.<br \/>\n&#8211; 3D Mapping Support.<br \/>\n&#8211; Custom Cleaning Routines.<br \/>\n&#8211; Washable E11 Rated Air Filter.<br \/>\n&#8211; ScratchSafe\u00ae Wheels and Brushes.<br \/>\n&#8211; Work with Alexa &amp; Google Home.<br \/>\n&#8211; Child Lock.<br \/>\n-Voltaje: 100V-120V.<br \/>\n-Solo admite Wi-Fi de 2,4 GHz. 5GHz no es compatible.<\/p>","protected":false},"featured_media":39824,"template":"","meta":[],"product_brand":[1371],"product_cat":[1312,1305],"product_tag":[],"class_list":{"0":"post-39805","1":"product","2":"type-product","3":"status-publish","4":"has-post-thumbnail","6":"product_brand-roborock","7":"product_cat-roborock-vacuum-cleaner","8":"product_cat-xiaomi-eco","10":"first","11":"instock","12":"shipping-taxable","13":"product-type-simple"},"aioseo_notices":[],"aioseo_head":"\n\t\t<!-- All in One SEO Pro 4.5.9.2 - aioseo.com -->\n\t\t<meta name=\"description\" content=\"- Automatic Dust Collection. - Seven Weeks without Emptying. - 4200Pa High Power Suction. - Simultaneous Vacuum and Mop. - App Controlled Mopping. - PreciSense\u00ae LiDAR Navigation. - 3D Mapping Support. - Custom Cleaning Routines. - Washable E11 Rated Air Filter. - ScratchSafe\u00ae Wheels and Brushes. - Work with Alexa &amp; Google Home. - Child Lock. -Voltage: 100V-120V. -Only support 2.4GHz Wi-Fi. 5GHz is not supported.\" \/>\n\t\t<meta name=\"robots\" content=\"max-image-preview:large\" \/>\n\t\t<link rel=\"canonical\" href=\"https:\/\/www.rucashk.com\/es\/producto\/roborock-q7-max-vacuum-cleaner-robot\/\" \/>\n\t\t<meta name=\"generator\" content=\"All in One SEO Pro (AIOSEO) 4.5.9.2\" \/>\n\t\t<meta property=\"og:locale\" content=\"es_ES\" \/>\n\t\t<meta property=\"og:site_name\" content=\"Rucas - One-stop AIoT Distribution Worldwide\" \/>\n\t\t<meta property=\"og:type\" content=\"article\" \/>\n\t\t<meta property=\"og:title\" content=\"Roborock Q7 Max+ Vacuum Cleaner Robot - Rucas - Wholesale and Distribution\" \/>\n\t\t<meta property=\"og:description\" content=\"- Automatic Dust Collection. - Seven Weeks without Emptying. - 4200Pa High Power Suction. - Simultaneous Vacuum and Mop. - App Controlled Mopping. - PreciSense\u00ae LiDAR Navigation. - 3D Mapping Support. - Custom Cleaning Routines. - Washable E11 Rated Air Filter. - ScratchSafe\u00ae Wheels and Brushes. - Work with Alexa &amp; Google Home. - Child Lock. -Voltage: 100V-120V. -Only support 2.4GHz Wi-Fi. 5GHz is not supported.\" \/>\n\t\t<meta property=\"og:url\" content=\"https:\/\/www.rucashk.com\/es\/producto\/roborock-q7-max-vacuum-cleaner-robot\/\" \/>\n\t\t<meta property=\"og:image\" content=\"https:\/\/www.rucashk.com\/wp-content\/uploads\/replace\/503b8e645f128a97ccde2b6290747646.jpeg\" \/>\n\t\t<meta property=\"og:image:secure_url\" content=\"https:\/\/www.rucashk.com\/wp-content\/uploads\/replace\/503b8e645f128a97ccde2b6290747646.jpeg\" \/>\n\t\t<meta property=\"og:image:width\" content=\"1456\" \/>\n\t\t<meta property=\"og:image:height\" content=\"816\" \/>\n\t\t<meta property=\"article:published_time\" content=\"2024-03-26T13:40:56+00:00\" \/>\n\t\t<meta property=\"article:modified_time\" content=\"2024-04-16T13:24:12+00:00\" \/>\n\t\t<meta name=\"twitter:card\" content=\"summary_large_image\" \/>\n\t\t<meta name=\"twitter:title\" content=\"Roborock Q7 Max+ Vacuum Cleaner Robot - Rucas - Wholesale and Distribution\" \/>\n\t\t<meta name=\"twitter:description\" content=\"- Automatic Dust Collection. - Seven Weeks without Emptying. - 4200Pa High Power Suction. - Simultaneous Vacuum and Mop. - App Controlled Mopping. - PreciSense\u00ae LiDAR Navigation. - 3D Mapping Support. - Custom Cleaning Routines. - Washable E11 Rated Air Filter. - ScratchSafe\u00ae Wheels and Brushes. - Work with Alexa &amp; Google Home. - Child Lock. -Voltage: 100V-120V. -Only support 2.4GHz Wi-Fi. 5GHz is not supported.\" \/>\n\t\t<meta name=\"twitter:image\" content=\"https:\/\/www.rucashk.com\/wp-content\/uploads\/replace\/503b8e645f128a97ccde2b6290747646.jpeg\" \/>\n\t\t<script type=\"application\/ld+json\" class=\"aioseo-schema\">\n\t\t\t{\"@context\":\"https:\\\/\\\/schema.org\",\"@graph\":[{\"@type\":\"BreadcrumbList\",\"@id\":\"https:\\\/\\\/www.rucashk.com\\\/es\\\/producto\\\/roborock-q7-max-vacuum-cleaner-robot\\\/#breadcrumblist\",\"itemListElement\":[{\"@type\":\"ListItem\",\"@id\":\"https:\\\/\\\/www.rucashk.com\\\/es\\\/#listItem\",\"position\":1,\"name\":\"Home\",\"item\":\"https:\\\/\\\/www.rucashk.com\\\/es\\\/\",\"nextItem\":\"https:\\\/\\\/www.rucashk.com\\\/es\\\/producto\\\/roborock-q7-max-vacuum-cleaner-robot\\\/#listItem\"},{\"@type\":\"ListItem\",\"@id\":\"https:\\\/\\\/www.rucashk.com\\\/es\\\/producto\\\/roborock-q7-max-vacuum-cleaner-robot\\\/#listItem\",\"position\":2,\"name\":\"Roborock Q7 Max+ Vacuum Cleaner Robot\",\"previousItem\":\"https:\\\/\\\/www.rucashk.com\\\/es\\\/#listItem\"}]},{\"@type\":\"Organization\",\"@id\":\"https:\\\/\\\/www.rucashk.com\\\/es\\\/#organization\",\"name\":\"Rucas\",\"url\":\"https:\\\/\\\/www.rucashk.com\\\/es\\\/\",\"logo\":{\"@type\":\"ImageObject\",\"url\":\"https:\\\/\\\/www.rucashk.com\\\/wp-content\\\/uploads\\\/2023\\\/12\\\/Rucas_campany_logo.png\",\"@id\":\"https:\\\/\\\/www.rucashk.com\\\/es\\\/producto\\\/roborock-q7-max-vacuum-cleaner-robot\\\/#organizationLogo\",\"width\":221,\"height\":65},\"image\":{\"@id\":\"https:\\\/\\\/www.rucashk.com\\\/es\\\/#organizationLogo\"}},{\"@type\":\"Person\",\"@id\":\"https:\\\/\\\/www.rucashk.com\\\/es\\\/author\\\/admin\\\/#author\",\"url\":\"https:\\\/\\\/www.rucashk.com\\\/es\\\/author\\\/admin\\\/\",\"name\":\"admin\",\"image\":{\"@type\":\"ImageObject\",\"@id\":\"https:\\\/\\\/www.rucashk.com\\\/es\\\/producto\\\/roborock-q7-max-vacuum-cleaner-robot\\\/#authorImage\",\"url\":\"https:\\\/\\\/secure.gravatar.com\\\/avatar\\\/b7c8925b09a27e72b30232f8ecaadbd5af0f70a38c78096863fe51b64f031c24?s=96&d=mm&r=g\",\"width\":96,\"height\":96,\"caption\":\"admin\"}},{\"@type\":\"WebPage\",\"@id\":\"https:\\\/\\\/www.rucashk.com\\\/es\\\/producto\\\/roborock-q7-max-vacuum-cleaner-robot\\\/#webpage\",\"url\":\"https:\\\/\\\/www.rucashk.com\\\/es\\\/producto\\\/roborock-q7-max-vacuum-cleaner-robot\\\/\",\"name\":\"Roborock Q7 Max+ Vacuum Cleaner Robot - Rucas - Wholesale and Distribution\",\"description\":\"- Automatic Dust Collection. - Seven Weeks without Emptying. - 4200Pa High Power Suction. - Simultaneous Vacuum and Mop. - App Controlled Mopping. - PreciSense\\u00ae LiDAR Navigation. - 3D Mapping Support. - Custom Cleaning Routines. - Washable E11 Rated Air Filter. - ScratchSafe\\u00ae Wheels and Brushes. - Work with Alexa & Google Home. - Child Lock. -Voltage: 100V-120V. -Only support 2.4GHz Wi-Fi. 5GHz is not supported.\",\"inLanguage\":\"es-ES\",\"isPartOf\":{\"@id\":\"https:\\\/\\\/www.rucashk.com\\\/es\\\/#website\"},\"breadcrumb\":{\"@id\":\"https:\\\/\\\/www.rucashk.com\\\/es\\\/producto\\\/roborock-q7-max-vacuum-cleaner-robot\\\/#breadcrumblist\"},\"author\":{\"@id\":\"https:\\\/\\\/www.rucashk.com\\\/es\\\/author\\\/admin\\\/#author\"},\"creator\":{\"@id\":\"https:\\\/\\\/www.rucashk.com\\\/es\\\/author\\\/admin\\\/#author\"},\"image\":{\"@type\":\"ImageObject\",\"url\":\"https:\\\/\\\/www.rucashk.com\\\/wp-content\\\/uploads\\\/2024\\\/03\\\/robo_q7_q7.webp\",\"@id\":\"https:\\\/\\\/www.rucashk.com\\\/es\\\/producto\\\/roborock-q7-max-vacuum-cleaner-robot\\\/#mainImage\",\"width\":1000,\"height\":1000},\"primaryImageOfPage\":{\"@id\":\"https:\\\/\\\/www.rucashk.com\\\/es\\\/producto\\\/roborock-q7-max-vacuum-cleaner-robot\\\/#mainImage\"},\"datePublished\":\"2024-03-26T13:40:56+00:00\",\"dateModified\":\"2024-04-16T13:24:12+00:00\"},{\"@type\":\"WebSite\",\"@id\":\"https:\\\/\\\/www.rucashk.com\\\/es\\\/#website\",\"url\":\"https:\\\/\\\/www.rucashk.com\\\/es\\\/\",\"name\":\"Rucas - Wholesale and distribution worldwide\",\"alternateName\":\"Rucas - One-stop AIoT Distribution Worldwide\",\"description\":\"One-stop AIoT Distribution Worldwide\",\"inLanguage\":\"es-ES\",\"publisher\":{\"@id\":\"https:\\\/\\\/www.rucashk.com\\\/es\\\/#organization\"}}]}\n\t\t<\/script>\n\t\t<!-- All in One SEO Pro -->\r\n\t\t<title>Roborock Q7 Max+ Vacuum Cleaner Robot - Rucas - Wholesale and Distribution<\/title>\n\n","aioseo_head_json":{"title":"Roborock Q7 Max+ Vacuum Cleaner Robot - Rucas - Wholesale and Distribution","description":"- Automatic Dust Collection. - Seven Weeks without Emptying. - 4200Pa High Power Suction. - Simultaneous Vacuum and Mop. - App Controlled Mopping. - PreciSense\u00ae LiDAR Navigation. - 3D Mapping Support. - Custom Cleaning Routines. - Washable E11 Rated Air Filter. - ScratchSafe\u00ae Wheels and Brushes. - Work with Alexa & Google Home. - Child Lock. -Voltage: 100V-120V. -Only support 2.4GHz Wi-Fi. 5GHz is not supported.","canonical_url":"https:\/\/www.rucashk.com\/es\/producto\/roborock-q7-max-vacuum-cleaner-robot\/","robots":"max-image-preview:large","keywords":"","webmasterTools":{"miscellaneous":""},"og:locale":"es_ES","og:site_name":"Rucas - One-stop AIoT Distribution Worldwide","og:type":"article","og:title":"Roborock Q7 Max+ Vacuum Cleaner Robot - Rucas - Wholesale and Distribution","og:description":"- Automatic Dust Collection. - Seven Weeks without Emptying. - 4200Pa High Power Suction. - Simultaneous Vacuum and Mop. - App Controlled Mopping. - PreciSense\u00ae LiDAR Navigation. - 3D Mapping Support. - Custom Cleaning Routines. - Washable E11 Rated Air Filter. - ScratchSafe\u00ae Wheels and Brushes. - Work with Alexa &amp; Google Home. - Child Lock. -Voltage: 100V-120V. -Only support 2.4GHz Wi-Fi. 5GHz is not supported.","og:url":"https:\/\/www.rucashk.com\/es\/producto\/roborock-q7-max-vacuum-cleaner-robot\/","og:image":"https:\/\/www.rucashk.com\/wp-content\/uploads\/replace\/503b8e645f128a97ccde2b6290747646.jpeg","og:image:secure_url":"https:\/\/www.rucashk.com\/wp-content\/uploads\/replace\/503b8e645f128a97ccde2b6290747646.jpeg","og:image:width":1456,"og:image:height":816,"article:published_time":"2024-03-26T13:40:56+00:00","article:modified_time":"2024-04-16T13:24:12+00:00","twitter:card":"summary_large_image","twitter:title":"Roborock Q7 Max+ Vacuum Cleaner Robot - Rucas - Wholesale and Distribution","twitter:description":"- Automatic Dust Collection. - Seven Weeks without Emptying. - 4200Pa High Power Suction. - Simultaneous Vacuum and Mop. - App Controlled Mopping. - PreciSense\u00ae LiDAR Navigation. - 3D Mapping Support. - Custom Cleaning Routines. - Washable E11 Rated Air Filter. - ScratchSafe\u00ae Wheels and Brushes. - Work with Alexa &amp; Google Home. - Child Lock. -Voltage: 100V-120V. -Only support 2.4GHz Wi-Fi. 5GHz is not supported.","twitter:image":"https:\/\/www.rucashk.com\/wp-content\/uploads\/replace\/503b8e645f128a97ccde2b6290747646.jpeg","schema":{"@context":"https:\/\/schema.org","@graph":[{"@type":"BreadcrumbList","@id":"https:\/\/www.rucashk.com\/es\/producto\/roborock-q7-max-vacuum-cleaner-robot\/#breadcrumblist","itemListElement":[{"@type":"ListItem","@id":"https:\/\/www.rucashk.com\/es\/#listItem","position":1,"name":"Home","item":"https:\/\/www.rucashk.com\/es\/","nextItem":"https:\/\/www.rucashk.com\/es\/producto\/roborock-q7-max-vacuum-cleaner-robot\/#listItem"},{"@type":"ListItem","@id":"https:\/\/www.rucashk.com\/es\/producto\/roborock-q7-max-vacuum-cleaner-robot\/#listItem","position":2,"name":"Roborock Q7 Max+ Vacuum Cleaner Robot","previousItem":"https:\/\/www.rucashk.com\/es\/#listItem"}]},{"@type":"Organization","@id":"https:\/\/www.rucashk.com\/es\/#organization","name":"Rucas","url":"https:\/\/www.rucashk.com\/es\/","logo":{"@type":"ImageObject","url":"https:\/\/www.rucashk.com\/wp-content\/uploads\/2023\/12\/Rucas_campany_logo.png","@id":"https:\/\/www.rucashk.com\/es\/producto\/roborock-q7-max-vacuum-cleaner-robot\/#organizationLogo","width":221,"height":65},"image":{"@id":"https:\/\/www.rucashk.com\/es\/#organizationLogo"}},{"@type":"Person","@id":"https:\/\/www.rucashk.com\/es\/author\/admin\/#author","url":"https:\/\/www.rucashk.com\/es\/author\/admin\/","name":"admin","image":{"@type":"ImageObject","@id":"https:\/\/www.rucashk.com\/es\/producto\/roborock-q7-max-vacuum-cleaner-robot\/#authorImage","url":"https:\/\/secure.gravatar.com\/avatar\/b7c8925b09a27e72b30232f8ecaadbd5af0f70a38c78096863fe51b64f031c24?s=96&d=mm&r=g","width":96,"height":96,"caption":"admin"}},{"@type":"WebPage","@id":"https:\/\/www.rucashk.com\/es\/producto\/roborock-q7-max-vacuum-cleaner-robot\/#webpage","url":"https:\/\/www.rucashk.com\/es\/producto\/roborock-q7-max-vacuum-cleaner-robot\/","name":"Roborock Q7 Max+ Vacuum Cleaner Robot - Rucas - Wholesale and Distribution","description":"- Automatic Dust Collection. - Seven Weeks without Emptying. - 4200Pa High Power Suction. - Simultaneous Vacuum and Mop. - App Controlled Mopping. - PreciSense\u00ae LiDAR Navigation. - 3D Mapping Support. - Custom Cleaning Routines. - Washable E11 Rated Air Filter. - ScratchSafe\u00ae Wheels and Brushes. - Work with Alexa & Google Home. - Child Lock. -Voltage: 100V-120V. -Only support 2.4GHz Wi-Fi. 5GHz is not supported.","inLanguage":"es-ES","isPartOf":{"@id":"https:\/\/www.rucashk.com\/es\/#website"},"breadcrumb":{"@id":"https:\/\/www.rucashk.com\/es\/producto\/roborock-q7-max-vacuum-cleaner-robot\/#breadcrumblist"},"author":{"@id":"https:\/\/www.rucashk.com\/es\/author\/admin\/#author"},"creator":{"@id":"https:\/\/www.rucashk.com\/es\/author\/admin\/#author"},"image":{"@type":"ImageObject","url":"https:\/\/www.rucashk.com\/wp-content\/uploads\/2024\/03\/robo_q7_q7.webp","@id":"https:\/\/www.rucashk.com\/es\/producto\/roborock-q7-max-vacuum-cleaner-robot\/#mainImage","width":1000,"height":1000},"primaryImageOfPage":{"@id":"https:\/\/www.rucashk.com\/es\/producto\/roborock-q7-max-vacuum-cleaner-robot\/#mainImage"},"datePublished":"2024-03-26T13:40:56+00:00","dateModified":"2024-04-16T13:24:12+00:00"},{"@type":"WebSite","@id":"https:\/\/www.rucashk.com\/es\/#website","url":"https:\/\/www.rucashk.com\/es\/","name":"Rucas - Wholesale and distribution worldwide","alternateName":"Rucas - One-stop AIoT Distribution Worldwide","description":"One-stop AIoT Distribution Worldwide","inLanguage":"es-ES","publisher":{"@id":"https:\/\/www.rucashk.com\/es\/#organization"}}]}},"aioseo_meta_data":{"post_id":"39805","title":null,"description":null,"keywords":null,"keyphrases":null,"primary_term":null,"canonical_url":null,"og_title":null,"og_description":null,"og_object_type":"default","og_image_type":"default","og_image_url":null,"og_image_width":null,"og_image_height":null,"og_image_custom_url":null,"og_image_custom_fields":null,"og_video":null,"og_custom_url":null,"og_article_section":null,"og_article_tags":null,"twitter_use_og":false,"twitter_card":"default","twitter_image_type":"default","twitter_image_url":null,"twitter_image_custom_url":null,"twitter_image_custom_fields":null,"twitter_title":null,"twitter_description":null,"schema":{"blockGraphs":[],"customGraphs":[],"default":{"data":{"Article":[],"Course":[],"Dataset":[],"FAQPage":[],"Movie":[],"Person":[],"Product":[],"Recipe":[],"Service":[],"SoftwareApplication":[],"WebPage":[]},"graphName":"","isEnabled":true},"graphs":[]},"schema_type":"default","schema_type_options":null,"pillar_content":false,"robots_default":true,"robots_noindex":false,"robots_noarchive":false,"robots_nosnippet":false,"robots_nofollow":false,"robots_noimageindex":false,"robots_noodp":false,"robots_notranslate":false,"robots_max_snippet":null,"robots_max_videopreview":null,"robots_max_imagepreview":"large","priority":null,"frequency":null,"local_seo":null,"breadcrumb_settings":null,"limit_modified_date":false,"created":"2024-04-11 01:57:23","updated":"2025-06-22 18:52:56"},"aioseo_breadcrumb":"<div class=\"aioseo-breadcrumbs\"><span class=\"aioseo-breadcrumb\">\n\t<a href=\"https:\/\/www.rucashk.com\/es\" title=\"Home\">Home<\/a>\n<\/span><span class=\"aioseo-breadcrumb-separator\">&raquo;<\/span><span class=\"aioseo-breadcrumb\">\n\t<a href=\"https:\/\/www.rucashk.com\/es\/products\/\" title=\"Productos\">Productos<\/a>\n<\/span><span class=\"aioseo-breadcrumb-separator\">&raquo;<\/span><span class=\"aioseo-breadcrumb\">\n\t<a href=\"https:\/\/www.rucashk.com\/es\/marca\/roborock\/\" title=\"Roborock\">Roborock<\/a>\n<\/span><span class=\"aioseo-breadcrumb-separator\">&raquo;<\/span><span class=\"aioseo-breadcrumb\">\n\tRoborock Q7 Max+ Vacuum Cleaner Robot\n<\/span><\/div>","aioseo_breadcrumb_json":[{"label":"Home","link":"https:\/\/www.rucashk.com\/es"},{"label":"Productos","link":"https:\/\/www.rucashk.com\/es\/products\/"},{"label":"Roborock","link":"https:\/\/www.rucashk.com\/es\/marca\/roborock\/"},{"label":"Roborock Q7 Max+ Vacuum Cleaner Robot","link":"https:\/\/www.rucashk.com\/es\/producto\/roborock-q7-max-vacuum-cleaner-robot\/"}],"_links":{"self":[{"href":"https:\/\/www.rucashk.com\/es\/wp-json\/wp\/v2\/product\/39805","targetHints":{"allow":["GET"]}}],"collection":[{"href":"https:\/\/www.rucashk.com\/es\/wp-json\/wp\/v2\/product"}],"about":[{"href":"https:\/\/www.rucashk.com\/es\/wp-json\/wp\/v2\/types\/product"}],"wp:featuredmedia":[{"embeddable":true,"href":"https:\/\/www.rucashk.com\/es\/wp-json\/wp\/v2\/media\/39824"}],"wp:attachment":[{"href":"https:\/\/www.rucashk.com\/es\/wp-json\/wp\/v2\/media?parent=39805"}],"wp:term":[{"taxonomy":"product_brand","embeddable":true,"href":"https:\/\/www.rucashk.com\/es\/wp-json\/wp\/v2\/product_brand?post=39805"},{"taxonomy":"product_cat","embeddable":true,"href":"https:\/\/www.rucashk.com\/es\/wp-json\/wp\/v2\/product_cat?post=39805"},{"taxonomy":"product_tag","embeddable":true,"href":"https:\/\/www.rucashk.com\/es\/wp-json\/wp\/v2\/product_tag?post=39805"}],"curies":[{"name":"wp","href":"https:\/\/api.w.org\/{rel}","templated":true}]}}