{"id":39744,"date":"2024-03-25T14:36:38","date_gmt":"2024-03-25T14:36:38","guid":{"rendered":"http:\/\/rucashk.com\/?post_type=product&#038;p=39744"},"modified":"2024-04-16T13:28:08","modified_gmt":"2024-04-16T13:28:08","slug":"haylou-watch-r8-sport-smart-watch","status":"publish","type":"product","link":"https:\/\/www.rucashk.com\/es\/producto\/haylou-watch-r8-sport-smart-watch\/","title":{"rendered":"Reloj inteligente deportivo HAYLOU Watch R8"},"content":{"rendered":"<p><img decoding=\"async\" alt=\"HAYLOU Watch R8 Sport Smart Watch\" class=\"aligncenter\" src=\"\/wp-content\/uploads\/replace\/ede3183cd1ba7460c81208abdc9ed16b.png\" \/><img decoding=\"async\" alt=\"HAYLOU Watch R8 Sport Smart Watch\" class=\"aligncenter\" src=\"\/wp-content\/uploads\/replace\/2e6404b6fb0d3271b386aafd3195c042.png\" \/><img decoding=\"async\" alt=\"HAYLOU Watch R8 Sport Smart Watch\" class=\"aligncenter\" src=\"\/wp-content\/uploads\/replace\/b1863c55a27074811c3d95a0c5a90f19.png\" \/><img decoding=\"async\" alt=\"HAYLOU Watch R8 Sport Smart Watch\" class=\"aligncenter\" src=\"\/wp-content\/uploads\/replace\/6f8f93f93e2ac6d216450a4999cc90b0.png\" \/><img decoding=\"async\" alt=\"HAYLOU Watch R8 Sport Smart Watch\" class=\"aligncenter\" src=\"\/wp-content\/uploads\/replace\/6559fc5aeff4d0af65a2d100b1e6c7b6.png\" \/><img decoding=\"async\" alt=\"HAYLOU Watch R8 Sport Smart Watch\" class=\"aligncenter\" src=\"\/wp-content\/uploads\/replace\/08eb13053683614b0de7eaab627a357b.png\" \/><img decoding=\"async\" alt=\"HAYLOU Watch R8 Sport Smart Watch\" class=\"aligncenter\" src=\"\/wp-content\/uploads\/replace\/89aa71230f56323d645afe9622dc3ebb.png\" \/><img decoding=\"async\" alt=\"HAYLOU Watch R8 Sport Smart Watch\" class=\"aligncenter\" src=\"\/wp-content\/uploads\/replace\/5b35c2e4e14592cb627ecaa674ad7b9b.png\" \/><img decoding=\"async\" alt=\"HAYLOU Watch R8 Sport Smart Watch\" class=\"aligncenter\" src=\"\/wp-content\/uploads\/replace\/fd91787fa5a1764df2980c0708d37b09.png\" \/><img decoding=\"async\" alt=\"HAYLOU Watch R8 Sport Smart Watch\" class=\"aligncenter\" src=\"\/wp-content\/uploads\/replace\/4becc90081a3628573e39944f50159c4.png\" \/><img decoding=\"async\" alt=\"HAYLOU Watch R8 Sport Smart Watch\" class=\"aligncenter\" src=\"\/wp-content\/uploads\/replace\/b1a15d39baebf16c3bf64cc54ad204b5.png\" \/><img decoding=\"async\" alt=\"HAYLOU Watch R8 Sport Smart Watch\" class=\"aligncenter\" src=\"\/wp-content\/uploads\/replace\/5b5ec34909a3c6f736830f5b50d7a021.png\" \/><img decoding=\"async\" alt=\"HAYLOU Watch R8 Sport Smart Watch\" class=\"aligncenter\" src=\"\/wp-content\/uploads\/replace\/b3a1744e0ebabf1aca945ba2fc06d09e.png\" \/><img decoding=\"async\" alt=\"HAYLOU Watch R8 Sport Smart Watch\" class=\"aligncenter\" src=\"\/wp-content\/uploads\/replace\/f1b2dafd6215ee88b6e1bcb5651598aa.png\" \/><img decoding=\"async\" alt=\"HAYLOU Watch R8 Sport Smart Watch\" class=\"aligncenter\" src=\"\/wp-content\/uploads\/replace\/e11726052bca2d21722fed729327044d.png\" \/><\/p>\n<p>El reloj inteligente Haylou Watch R8 se adapta perfectamente a cada faceta de tu estilo de vida, ya sea navegando por la jungla urbana en tu viaje diario, realizando un seguimiento de tus objetivos de acondicionamiento f\u00edsico en la ciudad o recorriendo senderos escarpados durante una acampada al aire libre o una expedici\u00f3n de senderismo. Su dise\u00f1o elegante y caracter\u00edsticas vers\u00e1tiles lo convierten en el compa\u00f1ero perfecto para quienes prosperan en el ajetreo de la ciudad y la serenidad del aire libre.<\/p>\n<p>Experimente un mundo de colores vibrantes y detalles n\u00edtidos en la pantalla AMOLED HD de 1,43 \u2033 del Haylou Watch R8, con una resoluci\u00f3n de 466*466 DPI. La alta frecuencia de actualizaci\u00f3n de 60 Hz garantiza transiciones suaves y una interfaz receptiva, mientras que el dise\u00f1o antisedimentos agrega una capa de durabilidad, lo que lo hace resistente para el uso diario.<\/p>\n<p>Ingrese a una nueva era de conectividad con el chip Bluetooth 5.3 actualizado en el reloj inteligente Haylou Watch R8. La innovadora tecnolog\u00eda de doble chip 2 en 1 garantiza una conexi\u00f3n m\u00e1s estable durante las llamadas y mejora el rendimiento general para una interacci\u00f3n perfecta entre su reloj inteligente y otros dispositivos.<\/p>\n<p>El reloj inteligente Haylou Watch R8 es tu compa\u00f1ero resistente para aventuras en condiciones dif\u00edciles, con una notable resistencia al calor hasta 55\u00b0C y al fr\u00edo hasta -40\u00b0C. Su clasificaci\u00f3n de impermeabilidad 3ATM, resistencia a la humedad 95%, resistencia a los golpes y resistencia al hielo y la congelaci\u00f3n garantizan un rendimiento confiable ya sea buceando en actividades acu\u00e1ticas o atravesando terrenos helados.<\/p>\n<p>Adopte un estilo de vida din\u00e1mico con m\u00e1s de 100 modos deportivos incluidos en el reloj inteligente Haylou Watch R8, meticulosamente dise\u00f1ado para rastrear y analizar cada movimiento que realiza. Ya sea que est\u00e9 realizando actividades en el interior, aventuras al aire libre o ejercicios en el gimnasio, este reloj inteligente captura sus m\u00e9tricas de rendimiento para ayudarlo a ajustar su r\u00e9gimen y lograr sus aspiraciones de acondicionamiento f\u00edsico.<\/p>\n<p>Con el reloj inteligente Haylou Watch R8, adopte un enfoque proactivo para su bienestar utilizando su algoritmo patentado, que monitorea con precisi\u00f3n su frecuencia card\u00edaca, niveles de SpO2 y presi\u00f3n. La meticulosa funci\u00f3n de seguimiento del sue\u00f1o enriquece a\u00fan m\u00e1s sus conocimientos de salud, ayud\u00e1ndole a optimizar su rutina de ejercicios y lograr un estilo de vida equilibrado.<\/p>","protected":false},"excerpt":{"rendered":"<ul class=\"r8-s1-list\" role=\"list\">\n<li class=\"list-item\">\n<div>1.43&#8243; AMOLED HD Display<\/div>\n<\/li>\n<li class=\"list-item\">\n<div>Dureza de grado militar<\/div>\n<\/li>\n<li class=\"list-item\">\n<div>Chip Bluetooth 5.3 actualizado<\/div>\n<\/li>\n<li class=\"list-item\">\n<div>M\u00e1s de 100 modos deportivos<\/div>\n<\/li>\n<li class=\"list-item\">\n<div>M\u00e1s de 150 esferas de reloj<\/div>\n<\/li>\n<li class=\"list-item\">\n<div>Gesti\u00f3n de salud 24 horas al d\u00eda, 7 d\u00edas a la semana<\/div>\n<\/li>\n<li class=\"list-item\">\n<div>20 d\u00edas de duraci\u00f3n de la bater\u00eda<\/div>\n<\/li>\n<li class=\"list-item\">\n<div>Carga inalambrica<\/div>\n<\/li>\n<li class=\"list-item\">\n<div>Asistente de voz<\/div>\n<\/li>\n<li class=\"list-item\">\n<div>Llamada Bluetooth<\/div>\n<\/li>\n<\/ul>","protected":false},"featured_media":39760,"template":"","meta":[],"product_brand":[1369],"product_cat":[1310,1305],"product_tag":[],"class_list":{"0":"post-39744","1":"product","2":"type-product","3":"status-publish","4":"has-post-thumbnail","6":"product_brand-haylou","7":"product_cat-haylou-smartwatch","8":"product_cat-xiaomi-eco","10":"first","11":"instock","12":"shipping-taxable","13":"product-type-simple"},"aioseo_notices":[],"aioseo_head":"\n\t\t<!-- All in One SEO Pro 4.5.9.2 - aioseo.com -->\n\t\t<meta name=\"description\" content=\"1.43&quot; AMOLED HD Display Military-Grade Toughness Upgraded Bluetooth 5.3 Chip 100+ Sports Modes 150+ Watch Faces 24\/7 Health Management 20 Days of Battery Life Wireless Charging Voice Assistant Bluetooth Call\" \/>\n\t\t<meta name=\"robots\" content=\"max-image-preview:large\" \/>\n\t\t<link rel=\"canonical\" href=\"https:\/\/www.rucashk.com\/es\/producto\/haylou-watch-r8-sport-smart-watch\/\" \/>\n\t\t<meta name=\"generator\" content=\"All in One SEO Pro (AIOSEO) 4.5.9.2\" \/>\n\t\t<meta property=\"og:locale\" content=\"es_ES\" \/>\n\t\t<meta property=\"og:site_name\" content=\"Rucas - One-stop AIoT Distribution Worldwide\" \/>\n\t\t<meta property=\"og:type\" content=\"article\" \/>\n\t\t<meta property=\"og:title\" content=\"HAYLOU Watch R8 Sport Smart Watch - Rucas - Wholesale and Distribution\" \/>\n\t\t<meta property=\"og:description\" content=\"1.43&quot; AMOLED HD Display Military-Grade Toughness Upgraded Bluetooth 5.3 Chip 100+ Sports Modes 150+ Watch Faces 24\/7 Health Management 20 Days of Battery Life Wireless Charging Voice Assistant Bluetooth Call\" \/>\n\t\t<meta property=\"og:url\" content=\"https:\/\/www.rucashk.com\/es\/producto\/haylou-watch-r8-sport-smart-watch\/\" \/>\n\t\t<meta property=\"og:image\" content=\"https:\/\/www.rucashk.com\/wp-content\/uploads\/replace\/503b8e645f128a97ccde2b6290747646.jpeg\" \/>\n\t\t<meta property=\"og:image:secure_url\" content=\"https:\/\/www.rucashk.com\/wp-content\/uploads\/replace\/503b8e645f128a97ccde2b6290747646.jpeg\" \/>\n\t\t<meta property=\"og:image:width\" content=\"1456\" \/>\n\t\t<meta property=\"og:image:height\" content=\"816\" \/>\n\t\t<meta property=\"article:published_time\" content=\"2024-03-25T14:36:38+00:00\" \/>\n\t\t<meta property=\"article:modified_time\" content=\"2024-04-16T13:28:08+00:00\" \/>\n\t\t<meta name=\"twitter:card\" content=\"summary_large_image\" \/>\n\t\t<meta name=\"twitter:title\" content=\"HAYLOU Watch R8 Sport Smart Watch - Rucas - Wholesale and Distribution\" \/>\n\t\t<meta name=\"twitter:description\" content=\"1.43&quot; AMOLED HD Display Military-Grade Toughness Upgraded Bluetooth 5.3 Chip 100+ Sports Modes 150+ Watch Faces 24\/7 Health Management 20 Days of Battery Life Wireless Charging Voice Assistant Bluetooth Call\" \/>\n\t\t<meta name=\"twitter:image\" content=\"https:\/\/www.rucashk.com\/wp-content\/uploads\/replace\/503b8e645f128a97ccde2b6290747646.jpeg\" \/>\n\t\t<script type=\"application\/ld+json\" class=\"aioseo-schema\">\n\t\t\t{\"@context\":\"https:\\\/\\\/schema.org\",\"@graph\":[{\"@type\":\"BreadcrumbList\",\"@id\":\"https:\\\/\\\/www.rucashk.com\\\/es\\\/producto\\\/haylou-watch-r8-sport-smart-watch\\\/#breadcrumblist\",\"itemListElement\":[{\"@type\":\"ListItem\",\"@id\":\"https:\\\/\\\/www.rucashk.com\\\/es\\\/#listItem\",\"position\":1,\"name\":\"Home\",\"item\":\"https:\\\/\\\/www.rucashk.com\\\/es\\\/\",\"nextItem\":\"https:\\\/\\\/www.rucashk.com\\\/es\\\/producto\\\/haylou-watch-r8-sport-smart-watch\\\/#listItem\"},{\"@type\":\"ListItem\",\"@id\":\"https:\\\/\\\/www.rucashk.com\\\/es\\\/producto\\\/haylou-watch-r8-sport-smart-watch\\\/#listItem\",\"position\":2,\"name\":\"HAYLOU Watch R8 Sport Smart Watch\",\"previousItem\":\"https:\\\/\\\/www.rucashk.com\\\/es\\\/#listItem\"}]},{\"@type\":\"Organization\",\"@id\":\"https:\\\/\\\/www.rucashk.com\\\/es\\\/#organization\",\"name\":\"Rucas\",\"url\":\"https:\\\/\\\/www.rucashk.com\\\/es\\\/\",\"logo\":{\"@type\":\"ImageObject\",\"url\":\"https:\\\/\\\/www.rucashk.com\\\/wp-content\\\/uploads\\\/2023\\\/12\\\/Rucas_campany_logo.png\",\"@id\":\"https:\\\/\\\/www.rucashk.com\\\/es\\\/producto\\\/haylou-watch-r8-sport-smart-watch\\\/#organizationLogo\",\"width\":221,\"height\":65},\"image\":{\"@id\":\"https:\\\/\\\/www.rucashk.com\\\/es\\\/#organizationLogo\"}},{\"@type\":\"Person\",\"@id\":\"https:\\\/\\\/www.rucashk.com\\\/es\\\/author\\\/admin\\\/#author\",\"url\":\"https:\\\/\\\/www.rucashk.com\\\/es\\\/author\\\/admin\\\/\",\"name\":\"admin\",\"image\":{\"@type\":\"ImageObject\",\"@id\":\"https:\\\/\\\/www.rucashk.com\\\/es\\\/producto\\\/haylou-watch-r8-sport-smart-watch\\\/#authorImage\",\"url\":\"https:\\\/\\\/secure.gravatar.com\\\/avatar\\\/b7c8925b09a27e72b30232f8ecaadbd5af0f70a38c78096863fe51b64f031c24?s=96&d=mm&r=g\",\"width\":96,\"height\":96,\"caption\":\"admin\"}},{\"@type\":\"WebPage\",\"@id\":\"https:\\\/\\\/www.rucashk.com\\\/es\\\/producto\\\/haylou-watch-r8-sport-smart-watch\\\/#webpage\",\"url\":\"https:\\\/\\\/www.rucashk.com\\\/es\\\/producto\\\/haylou-watch-r8-sport-smart-watch\\\/\",\"name\":\"HAYLOU Watch R8 Sport Smart Watch - Rucas - Wholesale and Distribution\",\"description\":\"1.43\\\" AMOLED HD Display Military-Grade Toughness Upgraded Bluetooth 5.3 Chip 100+ Sports Modes 150+ Watch Faces 24\\\/7 Health Management 20 Days of Battery Life Wireless Charging Voice Assistant Bluetooth Call\",\"inLanguage\":\"es-ES\",\"isPartOf\":{\"@id\":\"https:\\\/\\\/www.rucashk.com\\\/es\\\/#website\"},\"breadcrumb\":{\"@id\":\"https:\\\/\\\/www.rucashk.com\\\/es\\\/producto\\\/haylou-watch-r8-sport-smart-watch\\\/#breadcrumblist\"},\"author\":{\"@id\":\"https:\\\/\\\/www.rucashk.com\\\/es\\\/author\\\/admin\\\/#author\"},\"creator\":{\"@id\":\"https:\\\/\\\/www.rucashk.com\\\/es\\\/author\\\/admin\\\/#author\"},\"image\":{\"@type\":\"ImageObject\",\"url\":\"https:\\\/\\\/www.rucashk.com\\\/wp-content\\\/uploads\\\/2024\\\/03\\\/haylou-watch-r8-12-01.webp\",\"@id\":\"https:\\\/\\\/www.rucashk.com\\\/es\\\/producto\\\/haylou-watch-r8-sport-smart-watch\\\/#mainImage\",\"width\":640,\"height\":640},\"primaryImageOfPage\":{\"@id\":\"https:\\\/\\\/www.rucashk.com\\\/es\\\/producto\\\/haylou-watch-r8-sport-smart-watch\\\/#mainImage\"},\"datePublished\":\"2024-03-25T14:36:38+00:00\",\"dateModified\":\"2024-04-16T13:28:08+00:00\"},{\"@type\":\"WebSite\",\"@id\":\"https:\\\/\\\/www.rucashk.com\\\/es\\\/#website\",\"url\":\"https:\\\/\\\/www.rucashk.com\\\/es\\\/\",\"name\":\"Rucas - Wholesale and distribution worldwide\",\"alternateName\":\"Rucas - One-stop AIoT Distribution Worldwide\",\"description\":\"One-stop AIoT Distribution Worldwide\",\"inLanguage\":\"es-ES\",\"publisher\":{\"@id\":\"https:\\\/\\\/www.rucashk.com\\\/es\\\/#organization\"}}]}\n\t\t<\/script>\n\t\t<!-- All in One SEO Pro -->\r\n\t\t<title>HAYLOU Watch R8 Sport Smart Watch - Rucas - Wholesale and Distribution<\/title>\n\n","aioseo_head_json":{"title":"HAYLOU Watch R8 Sport Smart Watch - Rucas - Wholesale and Distribution","description":"1.43\" AMOLED HD Display Military-Grade Toughness Upgraded Bluetooth 5.3 Chip 100+ Sports Modes 150+ Watch Faces 24\/7 Health Management 20 Days of Battery Life Wireless Charging Voice Assistant Bluetooth Call","canonical_url":"https:\/\/www.rucashk.com\/es\/producto\/haylou-watch-r8-sport-smart-watch\/","robots":"max-image-preview:large","keywords":"","webmasterTools":{"miscellaneous":""},"og:locale":"es_ES","og:site_name":"Rucas - One-stop AIoT Distribution Worldwide","og:type":"article","og:title":"HAYLOU Watch R8 Sport Smart Watch - Rucas - Wholesale and Distribution","og:description":"1.43&quot; AMOLED HD Display Military-Grade Toughness Upgraded Bluetooth 5.3 Chip 100+ Sports Modes 150+ Watch Faces 24\/7 Health Management 20 Days of Battery Life Wireless Charging Voice Assistant Bluetooth Call","og:url":"https:\/\/www.rucashk.com\/es\/producto\/haylou-watch-r8-sport-smart-watch\/","og:image":"https:\/\/www.rucashk.com\/wp-content\/uploads\/replace\/503b8e645f128a97ccde2b6290747646.jpeg","og:image:secure_url":"https:\/\/www.rucashk.com\/wp-content\/uploads\/replace\/503b8e645f128a97ccde2b6290747646.jpeg","og:image:width":1456,"og:image:height":816,"article:published_time":"2024-03-25T14:36:38+00:00","article:modified_time":"2024-04-16T13:28:08+00:00","twitter:card":"summary_large_image","twitter:title":"HAYLOU Watch R8 Sport Smart Watch - Rucas - Wholesale and Distribution","twitter:description":"1.43&quot; AMOLED HD Display Military-Grade Toughness Upgraded Bluetooth 5.3 Chip 100+ Sports Modes 150+ Watch Faces 24\/7 Health Management 20 Days of Battery Life Wireless Charging Voice Assistant Bluetooth Call","twitter:image":"https:\/\/www.rucashk.com\/wp-content\/uploads\/replace\/503b8e645f128a97ccde2b6290747646.jpeg","schema":{"@context":"https:\/\/schema.org","@graph":[{"@type":"BreadcrumbList","@id":"https:\/\/www.rucashk.com\/es\/producto\/haylou-watch-r8-sport-smart-watch\/#breadcrumblist","itemListElement":[{"@type":"ListItem","@id":"https:\/\/www.rucashk.com\/es\/#listItem","position":1,"name":"Home","item":"https:\/\/www.rucashk.com\/es\/","nextItem":"https:\/\/www.rucashk.com\/es\/producto\/haylou-watch-r8-sport-smart-watch\/#listItem"},{"@type":"ListItem","@id":"https:\/\/www.rucashk.com\/es\/producto\/haylou-watch-r8-sport-smart-watch\/#listItem","position":2,"name":"HAYLOU Watch R8 Sport Smart Watch","previousItem":"https:\/\/www.rucashk.com\/es\/#listItem"}]},{"@type":"Organization","@id":"https:\/\/www.rucashk.com\/es\/#organization","name":"Rucas","url":"https:\/\/www.rucashk.com\/es\/","logo":{"@type":"ImageObject","url":"https:\/\/www.rucashk.com\/wp-content\/uploads\/2023\/12\/Rucas_campany_logo.png","@id":"https:\/\/www.rucashk.com\/es\/producto\/haylou-watch-r8-sport-smart-watch\/#organizationLogo","width":221,"height":65},"image":{"@id":"https:\/\/www.rucashk.com\/es\/#organizationLogo"}},{"@type":"Person","@id":"https:\/\/www.rucashk.com\/es\/author\/admin\/#author","url":"https:\/\/www.rucashk.com\/es\/author\/admin\/","name":"admin","image":{"@type":"ImageObject","@id":"https:\/\/www.rucashk.com\/es\/producto\/haylou-watch-r8-sport-smart-watch\/#authorImage","url":"https:\/\/secure.gravatar.com\/avatar\/b7c8925b09a27e72b30232f8ecaadbd5af0f70a38c78096863fe51b64f031c24?s=96&d=mm&r=g","width":96,"height":96,"caption":"admin"}},{"@type":"WebPage","@id":"https:\/\/www.rucashk.com\/es\/producto\/haylou-watch-r8-sport-smart-watch\/#webpage","url":"https:\/\/www.rucashk.com\/es\/producto\/haylou-watch-r8-sport-smart-watch\/","name":"HAYLOU Watch R8 Sport Smart Watch - Rucas - Wholesale and Distribution","description":"1.43\" AMOLED HD Display Military-Grade Toughness Upgraded Bluetooth 5.3 Chip 100+ Sports Modes 150+ Watch Faces 24\/7 Health Management 20 Days of Battery Life Wireless Charging Voice Assistant Bluetooth Call","inLanguage":"es-ES","isPartOf":{"@id":"https:\/\/www.rucashk.com\/es\/#website"},"breadcrumb":{"@id":"https:\/\/www.rucashk.com\/es\/producto\/haylou-watch-r8-sport-smart-watch\/#breadcrumblist"},"author":{"@id":"https:\/\/www.rucashk.com\/es\/author\/admin\/#author"},"creator":{"@id":"https:\/\/www.rucashk.com\/es\/author\/admin\/#author"},"image":{"@type":"ImageObject","url":"https:\/\/www.rucashk.com\/wp-content\/uploads\/2024\/03\/haylou-watch-r8-12-01.webp","@id":"https:\/\/www.rucashk.com\/es\/producto\/haylou-watch-r8-sport-smart-watch\/#mainImage","width":640,"height":640},"primaryImageOfPage":{"@id":"https:\/\/www.rucashk.com\/es\/producto\/haylou-watch-r8-sport-smart-watch\/#mainImage"},"datePublished":"2024-03-25T14:36:38+00:00","dateModified":"2024-04-16T13:28:08+00:00"},{"@type":"WebSite","@id":"https:\/\/www.rucashk.com\/es\/#website","url":"https:\/\/www.rucashk.com\/es\/","name":"Rucas - Wholesale and distribution worldwide","alternateName":"Rucas - One-stop AIoT Distribution Worldwide","description":"One-stop AIoT Distribution Worldwide","inLanguage":"es-ES","publisher":{"@id":"https:\/\/www.rucashk.com\/es\/#organization"}}]}},"aioseo_meta_data":{"post_id":"39744","title":null,"description":null,"keywords":null,"keyphrases":null,"primary_term":null,"canonical_url":null,"og_title":null,"og_description":null,"og_object_type":"default","og_image_type":"default","og_image_url":null,"og_image_width":null,"og_image_height":null,"og_image_custom_url":null,"og_image_custom_fields":null,"og_video":null,"og_custom_url":null,"og_article_section":null,"og_article_tags":null,"twitter_use_og":false,"twitter_card":"default","twitter_image_type":"default","twitter_image_url":null,"twitter_image_custom_url":null,"twitter_image_custom_fields":null,"twitter_title":null,"twitter_description":null,"schema":{"blockGraphs":[],"customGraphs":[],"default":{"data":{"Article":[],"Course":[],"Dataset":[],"FAQPage":[],"Movie":[],"Person":[],"Product":[],"Recipe":[],"Service":[],"SoftwareApplication":[],"WebPage":[]},"graphName":"","isEnabled":true},"graphs":[]},"schema_type":"default","schema_type_options":null,"pillar_content":false,"robots_default":true,"robots_noindex":false,"robots_noarchive":false,"robots_nosnippet":false,"robots_nofollow":false,"robots_noimageindex":false,"robots_noodp":false,"robots_notranslate":false,"robots_max_snippet":null,"robots_max_videopreview":null,"robots_max_imagepreview":"large","priority":null,"frequency":null,"local_seo":null,"breadcrumb_settings":null,"limit_modified_date":false,"created":"2024-04-11 01:57:23","updated":"2025-06-22 18:51:57"},"aioseo_breadcrumb":"<div class=\"aioseo-breadcrumbs\"><span class=\"aioseo-breadcrumb\">\n\t<a href=\"https:\/\/www.rucashk.com\/es\" title=\"Home\">Home<\/a>\n<\/span><span class=\"aioseo-breadcrumb-separator\">&raquo;<\/span><span class=\"aioseo-breadcrumb\">\n\t<a href=\"https:\/\/www.rucashk.com\/es\/products\/\" title=\"Productos\">Productos<\/a>\n<\/span><span class=\"aioseo-breadcrumb-separator\">&raquo;<\/span><span class=\"aioseo-breadcrumb\">\n\t<a href=\"https:\/\/www.rucashk.com\/es\/marca\/haylou\/\" title=\"Haylou\">Haylou<\/a>\n<\/span><span class=\"aioseo-breadcrumb-separator\">&raquo;<\/span><span class=\"aioseo-breadcrumb\">\n\tHAYLOU Watch R8 Sport Smart Watch\n<\/span><\/div>","aioseo_breadcrumb_json":[{"label":"Home","link":"https:\/\/www.rucashk.com\/es"},{"label":"Productos","link":"https:\/\/www.rucashk.com\/es\/products\/"},{"label":"Haylou","link":"https:\/\/www.rucashk.com\/es\/marca\/haylou\/"},{"label":"HAYLOU Watch R8 Sport Smart Watch","link":"https:\/\/www.rucashk.com\/es\/producto\/haylou-watch-r8-sport-smart-watch\/"}],"_links":{"self":[{"href":"https:\/\/www.rucashk.com\/es\/wp-json\/wp\/v2\/product\/39744","targetHints":{"allow":["GET"]}}],"collection":[{"href":"https:\/\/www.rucashk.com\/es\/wp-json\/wp\/v2\/product"}],"about":[{"href":"https:\/\/www.rucashk.com\/es\/wp-json\/wp\/v2\/types\/product"}],"wp:featuredmedia":[{"embeddable":true,"href":"https:\/\/www.rucashk.com\/es\/wp-json\/wp\/v2\/media\/39760"}],"wp:attachment":[{"href":"https:\/\/www.rucashk.com\/es\/wp-json\/wp\/v2\/media?parent=39744"}],"wp:term":[{"taxonomy":"product_brand","embeddable":true,"href":"https:\/\/www.rucashk.com\/es\/wp-json\/wp\/v2\/product_brand?post=39744"},{"taxonomy":"product_cat","embeddable":true,"href":"https:\/\/www.rucashk.com\/es\/wp-json\/wp\/v2\/product_cat?post=39744"},{"taxonomy":"product_tag","embeddable":true,"href":"https:\/\/www.rucashk.com\/es\/wp-json\/wp\/v2\/product_tag?post=39744"}],"curies":[{"name":"wp","href":"https:\/\/api.w.org\/{rel}","templated":true}]}}