{"id":39696,"date":"2024-03-25T14:30:22","date_gmt":"2024-03-25T14:30:22","guid":{"rendered":"http:\/\/rucashk.com\/?post_type=product&#038;p=39696"},"modified":"2024-04-16T13:28:10","modified_gmt":"2024-04-16T13:28:10","slug":"haylou-s8-smartwatch","status":"publish","type":"product","link":"https:\/\/www.rucashk.com\/es\/producto\/haylou-s8-smartwatch\/","title":{"rendered":"Reloj inteligente Haylou S8"},"content":{"rendered":"<p><img fetchpriority=\"high\" decoding=\"async\" class=\"alignnone size-full wp-image-39740\" src=\"http:\/\/rucashk.com\/wp-content\/uploads\/2024\/03\/haylo-S8-1.jpg\" alt=\"Haylou S8 Smartwatch\" width=\"2550\" height=\"1170\" srcset=\"https:\/\/www.rucashk.com\/wp-content\/uploads\/2024\/03\/haylo-S8-1.jpg 2550w, https:\/\/www.rucashk.com\/wp-content\/uploads\/2024\/03\/haylo-S8-1-300x138.jpg 300w, https:\/\/www.rucashk.com\/wp-content\/uploads\/2024\/03\/haylo-S8-1-1024x470.jpg 1024w, https:\/\/www.rucashk.com\/wp-content\/uploads\/2024\/03\/haylo-S8-1-768x352.jpg 768w, https:\/\/www.rucashk.com\/wp-content\/uploads\/2024\/03\/haylo-S8-1-1536x705.jpg 1536w, https:\/\/www.rucashk.com\/wp-content\/uploads\/2024\/03\/haylo-S8-1-2048x940.jpg 2048w, https:\/\/www.rucashk.com\/wp-content\/uploads\/2024\/03\/haylo-S8-1-1320x606.jpg 1320w, https:\/\/www.rucashk.com\/wp-content\/uploads\/2024\/03\/haylo-S8-1-600x275.jpg 600w\" sizes=\"(max-width: 2550px) 100vw, 2550px\" \/><img decoding=\"async\" class=\"alignnone size-full wp-image-39739\" src=\"http:\/\/rucashk.com\/wp-content\/uploads\/2024\/03\/haylo-S8-2.jpg\" alt=\"Haylou S8 Smartwatch\" width=\"2550\" height=\"1375\" srcset=\"https:\/\/www.rucashk.com\/wp-content\/uploads\/2024\/03\/haylo-S8-2.jpg 2550w, https:\/\/www.rucashk.com\/wp-content\/uploads\/2024\/03\/haylo-S8-2-300x162.jpg 300w, https:\/\/www.rucashk.com\/wp-content\/uploads\/2024\/03\/haylo-S8-2-1024x552.jpg 1024w, https:\/\/www.rucashk.com\/wp-content\/uploads\/2024\/03\/haylo-S8-2-768x414.jpg 768w, https:\/\/www.rucashk.com\/wp-content\/uploads\/2024\/03\/haylo-S8-2-1536x828.jpg 1536w, https:\/\/www.rucashk.com\/wp-content\/uploads\/2024\/03\/haylo-S8-2-2048x1104.jpg 2048w, https:\/\/www.rucashk.com\/wp-content\/uploads\/2024\/03\/haylo-S8-2-1320x712.jpg 1320w, https:\/\/www.rucashk.com\/wp-content\/uploads\/2024\/03\/haylo-S8-2-600x324.jpg 600w\" sizes=\"(max-width: 2550px) 100vw, 2550px\" \/> <img decoding=\"async\" class=\"alignnone size-full wp-image-39736\" src=\"http:\/\/rucashk.com\/wp-content\/uploads\/2024\/03\/haylo-S8-3.jpg\" alt=\"Haylou S8 Smartwatch\" width=\"2550\" height=\"2193\" srcset=\"https:\/\/www.rucashk.com\/wp-content\/uploads\/2024\/03\/haylo-S8-3.jpg 2550w, https:\/\/www.rucashk.com\/wp-content\/uploads\/2024\/03\/haylo-S8-3-300x258.jpg 300w, https:\/\/www.rucashk.com\/wp-content\/uploads\/2024\/03\/haylo-S8-3-1024x881.jpg 1024w, https:\/\/www.rucashk.com\/wp-content\/uploads\/2024\/03\/haylo-S8-3-768x660.jpg 768w, https:\/\/www.rucashk.com\/wp-content\/uploads\/2024\/03\/haylo-S8-3-1536x1321.jpg 1536w, https:\/\/www.rucashk.com\/wp-content\/uploads\/2024\/03\/haylo-S8-3-2048x1761.jpg 2048w, https:\/\/www.rucashk.com\/wp-content\/uploads\/2024\/03\/haylo-S8-3-1320x1135.jpg 1320w, https:\/\/www.rucashk.com\/wp-content\/uploads\/2024\/03\/haylo-S8-3-600x516.jpg 600w\" sizes=\"(max-width: 2550px) 100vw, 2550px\" \/> <img loading=\"lazy\" decoding=\"async\" class=\"alignnone size-full wp-image-39735\" src=\"http:\/\/rucashk.com\/wp-content\/uploads\/2024\/03\/haylo-S8-4.jpg\" alt=\"Haylou S8 Smartwatch\" width=\"2550\" height=\"2063\" srcset=\"https:\/\/www.rucashk.com\/wp-content\/uploads\/2024\/03\/haylo-S8-4.jpg 2550w, https:\/\/www.rucashk.com\/wp-content\/uploads\/2024\/03\/haylo-S8-4-300x243.jpg 300w, https:\/\/www.rucashk.com\/wp-content\/uploads\/2024\/03\/haylo-S8-4-1024x828.jpg 1024w, https:\/\/www.rucashk.com\/wp-content\/uploads\/2024\/03\/haylo-S8-4-768x621.jpg 768w, https:\/\/www.rucashk.com\/wp-content\/uploads\/2024\/03\/haylo-S8-4-1536x1243.jpg 1536w, https:\/\/www.rucashk.com\/wp-content\/uploads\/2024\/03\/haylo-S8-4-2048x1657.jpg 2048w, https:\/\/www.rucashk.com\/wp-content\/uploads\/2024\/03\/haylo-S8-4-1320x1068.jpg 1320w, https:\/\/www.rucashk.com\/wp-content\/uploads\/2024\/03\/haylo-S8-4-600x485.jpg 600w\" sizes=\"(max-width: 2550px) 100vw, 2550px\" \/><img loading=\"lazy\" decoding=\"async\" class=\"alignnone size-full wp-image-39738\" src=\"http:\/\/rucashk.com\/wp-content\/uploads\/2024\/03\/haylo-S8-5.jpg\" alt=\"Haylou S8 Smartwatch\" width=\"2550\" height=\"1190\" srcset=\"https:\/\/www.rucashk.com\/wp-content\/uploads\/2024\/03\/haylo-S8-5.jpg 2550w, https:\/\/www.rucashk.com\/wp-content\/uploads\/2024\/03\/haylo-S8-5-300x140.jpg 300w, https:\/\/www.rucashk.com\/wp-content\/uploads\/2024\/03\/haylo-S8-5-1024x478.jpg 1024w, https:\/\/www.rucashk.com\/wp-content\/uploads\/2024\/03\/haylo-S8-5-768x358.jpg 768w, https:\/\/www.rucashk.com\/wp-content\/uploads\/2024\/03\/haylo-S8-5-1536x717.jpg 1536w, https:\/\/www.rucashk.com\/wp-content\/uploads\/2024\/03\/haylo-S8-5-2048x956.jpg 2048w, https:\/\/www.rucashk.com\/wp-content\/uploads\/2024\/03\/haylo-S8-5-1320x616.jpg 1320w, https:\/\/www.rucashk.com\/wp-content\/uploads\/2024\/03\/haylo-S8-5-600x280.jpg 600w\" sizes=\"(max-width: 2550px) 100vw, 2550px\" \/> <img loading=\"lazy\" decoding=\"async\" class=\"alignnone size-full wp-image-39737\" src=\"http:\/\/rucashk.com\/wp-content\/uploads\/2024\/03\/haylo-S8-6.jpg\" alt=\"Haylou S8 Smartwatch\" width=\"2550\" height=\"1193\" srcset=\"https:\/\/www.rucashk.com\/wp-content\/uploads\/2024\/03\/haylo-S8-6.jpg 2550w, https:\/\/www.rucashk.com\/wp-content\/uploads\/2024\/03\/haylo-S8-6-300x140.jpg 300w, https:\/\/www.rucashk.com\/wp-content\/uploads\/2024\/03\/haylo-S8-6-1024x479.jpg 1024w, https:\/\/www.rucashk.com\/wp-content\/uploads\/2024\/03\/haylo-S8-6-768x359.jpg 768w, https:\/\/www.rucashk.com\/wp-content\/uploads\/2024\/03\/haylo-S8-6-1536x719.jpg 1536w, https:\/\/www.rucashk.com\/wp-content\/uploads\/2024\/03\/haylo-S8-6-2048x958.jpg 2048w, https:\/\/www.rucashk.com\/wp-content\/uploads\/2024\/03\/haylo-S8-6-1320x618.jpg 1320w, https:\/\/www.rucashk.com\/wp-content\/uploads\/2024\/03\/haylo-S8-6-600x281.jpg 600w\" sizes=\"(max-width: 2550px) 100vw, 2550px\" \/> <img loading=\"lazy\" decoding=\"async\" class=\"alignnone size-full wp-image-39734\" src=\"http:\/\/rucashk.com\/wp-content\/uploads\/2024\/03\/haylo-S8-7-scaled.jpg\" alt=\"Haylou S8 Smartwatch\" width=\"2411\" height=\"2560\" srcset=\"https:\/\/www.rucashk.com\/wp-content\/uploads\/2024\/03\/haylo-S8-7-scaled.jpg 2411w, https:\/\/www.rucashk.com\/wp-content\/uploads\/2024\/03\/haylo-S8-7-282x300.jpg 282w, https:\/\/www.rucashk.com\/wp-content\/uploads\/2024\/03\/haylo-S8-7-964x1024.jpg 964w, https:\/\/www.rucashk.com\/wp-content\/uploads\/2024\/03\/haylo-S8-7-768x816.jpg 768w, https:\/\/www.rucashk.com\/wp-content\/uploads\/2024\/03\/haylo-S8-7-1446x1536.jpg 1446w, https:\/\/www.rucashk.com\/wp-content\/uploads\/2024\/03\/haylo-S8-7-1929x2048.jpg 1929w, https:\/\/www.rucashk.com\/wp-content\/uploads\/2024\/03\/haylo-S8-7-1320x1402.jpg 1320w, https:\/\/www.rucashk.com\/wp-content\/uploads\/2024\/03\/haylo-S8-7-600x637.jpg 600w\" sizes=\"(max-width: 2411px) 100vw, 2411px\" \/> <img loading=\"lazy\" decoding=\"async\" class=\"alignnone size-full wp-image-39733\" src=\"http:\/\/rucashk.com\/wp-content\/uploads\/2024\/03\/haylo-S8-8.jpg\" alt=\"Haylou S8 Smartwatch\" width=\"2550\" height=\"2310\" srcset=\"https:\/\/www.rucashk.com\/wp-content\/uploads\/2024\/03\/haylo-S8-8.jpg 2550w, https:\/\/www.rucashk.com\/wp-content\/uploads\/2024\/03\/haylo-S8-8-300x272.jpg 300w, https:\/\/www.rucashk.com\/wp-content\/uploads\/2024\/03\/haylo-S8-8-1024x928.jpg 1024w, https:\/\/www.rucashk.com\/wp-content\/uploads\/2024\/03\/haylo-S8-8-768x696.jpg 768w, https:\/\/www.rucashk.com\/wp-content\/uploads\/2024\/03\/haylo-S8-8-1536x1391.jpg 1536w, https:\/\/www.rucashk.com\/wp-content\/uploads\/2024\/03\/haylo-S8-8-2048x1855.jpg 2048w, https:\/\/www.rucashk.com\/wp-content\/uploads\/2024\/03\/haylo-S8-8-1320x1196.jpg 1320w, https:\/\/www.rucashk.com\/wp-content\/uploads\/2024\/03\/haylo-S8-8-600x544.jpg 600w\" sizes=\"(max-width: 2550px) 100vw, 2550px\" \/> <img loading=\"lazy\" decoding=\"async\" class=\"alignnone size-full wp-image-39732\" src=\"http:\/\/rucashk.com\/wp-content\/uploads\/2024\/03\/haylo-S8-10.jpg\" alt=\"Haylou S8 Smartwatch\" width=\"2550\" height=\"1530\" srcset=\"https:\/\/www.rucashk.com\/wp-content\/uploads\/2024\/03\/haylo-S8-10.jpg 2550w, https:\/\/www.rucashk.com\/wp-content\/uploads\/2024\/03\/haylo-S8-10-300x180.jpg 300w, https:\/\/www.rucashk.com\/wp-content\/uploads\/2024\/03\/haylo-S8-10-1024x614.jpg 1024w, https:\/\/www.rucashk.com\/wp-content\/uploads\/2024\/03\/haylo-S8-10-768x461.jpg 768w, https:\/\/www.rucashk.com\/wp-content\/uploads\/2024\/03\/haylo-S8-10-1536x922.jpg 1536w, https:\/\/www.rucashk.com\/wp-content\/uploads\/2024\/03\/haylo-S8-10-2048x1229.jpg 2048w, https:\/\/www.rucashk.com\/wp-content\/uploads\/2024\/03\/haylo-S8-10-1320x792.jpg 1320w, https:\/\/www.rucashk.com\/wp-content\/uploads\/2024\/03\/haylo-S8-10-600x360.jpg 600w\" sizes=\"(max-width: 2550px) 100vw, 2550px\" \/><\/p>\n<p>El Haylou Watch S8 cuenta con una pantalla curva AMOLED de 1,96 pulgadas que brinda una experiencia de visualizaci\u00f3n v\u00edvida y amplia con su alta resoluci\u00f3n de 410 por 502 p\u00edxeles. La pantalla no s\u00f3lo es colorida y clara, sino que tambi\u00e9n est\u00e1 dise\u00f1ada para ofrecer una visi\u00f3n m\u00e1s amplia que mejora la interacci\u00f3n del usuario.<\/p>\n<p>Haylou Watch S8 equipado con un chip Bluetooth 5.3 actualizado, el Haylou Watch S8 garantiza una conectividad m\u00e1s estable, especialmente durante las llamadas, gracias a su avanzado dise\u00f1o de doble chip 2 en 1.<\/p>\n<p>El Haylou Watch S8 mejora la navegaci\u00f3n a trav\u00e9s de su innovadora funci\u00f3n de bot\u00f3n giratorio, lo que permite a los usuarios desplazarse por varios men\u00fas con facilidad y cambiar entre funciones con un simple giro.<\/p>\n<p>La funci\u00f3n de llamada telef\u00f3nica Bluetooth del Haylou Watch S8 garantiza que nunca perder\u00e1s una llamada, permiti\u00e9ndote responder directamente desde tu mu\u00f1eca con un toque de comodidad.<\/p>\n<p>El Haylou Watch S8 integra un asistente de voz AI listo para recibir \u00f3rdenes, lo que le permite despertar a su compa\u00f1ero inteligente en cualquier momento para recibir asistencia manos libres.<\/p>","protected":false},"excerpt":{"rendered":"<ul class=\"s8-s1-list\" role=\"list\">\n<li>\n<div>1.96&#8243; AMOLED Curved Screen<\/div>\n<\/li>\n<li>Gesti\u00f3n integral de la salud<\/li>\n<li>Bot\u00f3n de giro<\/li>\n<li>llamada telef\u00f3nica bluetooth<\/li>\n<li>M\u00e1s de 100 modos de entrenamiento<\/li>\n<li>M\u00e1s de 100 esferas de reloj<\/li>\n<\/ul>","protected":false},"featured_media":39741,"template":"","meta":[],"product_brand":[1369],"product_cat":[1310,1305],"product_tag":[],"class_list":{"0":"post-39696","1":"product","2":"type-product","3":"status-publish","4":"has-post-thumbnail","6":"product_brand-haylou","7":"product_cat-haylou-smartwatch","8":"product_cat-xiaomi-eco","10":"first","11":"instock","12":"shipping-taxable","13":"product-type-simple"},"aioseo_notices":[],"aioseo_head":"\n\t\t<!-- All in One SEO Pro 4.5.9.2 - aioseo.com -->\n\t\t<meta name=\"description\" content=\"1.96&quot; AMOLED Curved Screen Comprehensive health management Spin Button Bluetooth phone call 100+ Workout Modes 100+ Watch Faces\" \/>\n\t\t<meta name=\"robots\" content=\"max-image-preview:large\" \/>\n\t\t<link rel=\"canonical\" href=\"https:\/\/www.rucashk.com\/es\/producto\/haylou-s8-smartwatch\/\" \/>\n\t\t<meta name=\"generator\" content=\"All in One SEO Pro (AIOSEO) 4.5.9.2\" \/>\n\t\t<meta property=\"og:locale\" content=\"es_ES\" \/>\n\t\t<meta property=\"og:site_name\" content=\"Rucas - One-stop AIoT Distribution Worldwide\" \/>\n\t\t<meta property=\"og:type\" content=\"article\" \/>\n\t\t<meta property=\"og:title\" content=\"Haylou S8 Smartwatch - Rucas - Wholesale and Distribution\" \/>\n\t\t<meta property=\"og:description\" content=\"1.96&quot; AMOLED Curved Screen Comprehensive health management Spin Button Bluetooth phone call 100+ Workout Modes 100+ Watch Faces\" \/>\n\t\t<meta property=\"og:url\" content=\"https:\/\/www.rucashk.com\/es\/producto\/haylou-s8-smartwatch\/\" \/>\n\t\t<meta property=\"og:image\" content=\"https:\/\/www.rucashk.com\/wp-content\/uploads\/replace\/503b8e645f128a97ccde2b6290747646.jpeg\" \/>\n\t\t<meta property=\"og:image:secure_url\" content=\"https:\/\/www.rucashk.com\/wp-content\/uploads\/replace\/503b8e645f128a97ccde2b6290747646.jpeg\" \/>\n\t\t<meta property=\"og:image:width\" content=\"1456\" \/>\n\t\t<meta property=\"og:image:height\" content=\"816\" \/>\n\t\t<meta property=\"article:published_time\" content=\"2024-03-25T14:30:22+00:00\" \/>\n\t\t<meta property=\"article:modified_time\" content=\"2024-04-16T13:28:10+00:00\" \/>\n\t\t<meta name=\"twitter:card\" content=\"summary_large_image\" \/>\n\t\t<meta name=\"twitter:title\" content=\"Haylou S8 Smartwatch - Rucas - Wholesale and Distribution\" \/>\n\t\t<meta name=\"twitter:description\" content=\"1.96&quot; AMOLED Curved Screen Comprehensive health management Spin Button Bluetooth phone call 100+ Workout Modes 100+ Watch Faces\" \/>\n\t\t<meta name=\"twitter:image\" content=\"https:\/\/www.rucashk.com\/wp-content\/uploads\/replace\/503b8e645f128a97ccde2b6290747646.jpeg\" \/>\n\t\t<script type=\"application\/ld+json\" class=\"aioseo-schema\">\n\t\t\t{\"@context\":\"https:\\\/\\\/schema.org\",\"@graph\":[{\"@type\":\"BreadcrumbList\",\"@id\":\"https:\\\/\\\/www.rucashk.com\\\/es\\\/producto\\\/haylou-s8-smartwatch\\\/#breadcrumblist\",\"itemListElement\":[{\"@type\":\"ListItem\",\"@id\":\"https:\\\/\\\/www.rucashk.com\\\/es\\\/#listItem\",\"position\":1,\"name\":\"Home\",\"item\":\"https:\\\/\\\/www.rucashk.com\\\/es\\\/\",\"nextItem\":\"https:\\\/\\\/www.rucashk.com\\\/es\\\/producto\\\/haylou-s8-smartwatch\\\/#listItem\"},{\"@type\":\"ListItem\",\"@id\":\"https:\\\/\\\/www.rucashk.com\\\/es\\\/producto\\\/haylou-s8-smartwatch\\\/#listItem\",\"position\":2,\"name\":\"Haylou S8 Smartwatch\",\"previousItem\":\"https:\\\/\\\/www.rucashk.com\\\/es\\\/#listItem\"}]},{\"@type\":\"Organization\",\"@id\":\"https:\\\/\\\/www.rucashk.com\\\/es\\\/#organization\",\"name\":\"Rucas\",\"url\":\"https:\\\/\\\/www.rucashk.com\\\/es\\\/\",\"logo\":{\"@type\":\"ImageObject\",\"url\":\"https:\\\/\\\/www.rucashk.com\\\/wp-content\\\/uploads\\\/2023\\\/12\\\/Rucas_campany_logo.png\",\"@id\":\"https:\\\/\\\/www.rucashk.com\\\/es\\\/producto\\\/haylou-s8-smartwatch\\\/#organizationLogo\",\"width\":221,\"height\":65},\"image\":{\"@id\":\"https:\\\/\\\/www.rucashk.com\\\/es\\\/#organizationLogo\"}},{\"@type\":\"Person\",\"@id\":\"https:\\\/\\\/www.rucashk.com\\\/es\\\/author\\\/admin\\\/#author\",\"url\":\"https:\\\/\\\/www.rucashk.com\\\/es\\\/author\\\/admin\\\/\",\"name\":\"admin\",\"image\":{\"@type\":\"ImageObject\",\"@id\":\"https:\\\/\\\/www.rucashk.com\\\/es\\\/producto\\\/haylou-s8-smartwatch\\\/#authorImage\",\"url\":\"https:\\\/\\\/secure.gravatar.com\\\/avatar\\\/b7c8925b09a27e72b30232f8ecaadbd5af0f70a38c78096863fe51b64f031c24?s=96&d=mm&r=g\",\"width\":96,\"height\":96,\"caption\":\"admin\"}},{\"@type\":\"WebPage\",\"@id\":\"https:\\\/\\\/www.rucashk.com\\\/es\\\/producto\\\/haylou-s8-smartwatch\\\/#webpage\",\"url\":\"https:\\\/\\\/www.rucashk.com\\\/es\\\/producto\\\/haylou-s8-smartwatch\\\/\",\"name\":\"Haylou S8 Smartwatch - Rucas - Wholesale and Distribution\",\"description\":\"1.96\\\" AMOLED Curved Screen Comprehensive health management Spin Button Bluetooth phone call 100+ Workout Modes 100+ Watch Faces\",\"inLanguage\":\"es-ES\",\"isPartOf\":{\"@id\":\"https:\\\/\\\/www.rucashk.com\\\/es\\\/#website\"},\"breadcrumb\":{\"@id\":\"https:\\\/\\\/www.rucashk.com\\\/es\\\/producto\\\/haylou-s8-smartwatch\\\/#breadcrumblist\"},\"author\":{\"@id\":\"https:\\\/\\\/www.rucashk.com\\\/es\\\/author\\\/admin\\\/#author\"},\"creator\":{\"@id\":\"https:\\\/\\\/www.rucashk.com\\\/es\\\/author\\\/admin\\\/#author\"},\"image\":{\"@type\":\"ImageObject\",\"url\":\"https:\\\/\\\/www.rucashk.com\\\/wp-content\\\/uploads\\\/2024\\\/03\\\/haylou-watch-s8-photo1.webp\",\"@id\":\"https:\\\/\\\/www.rucashk.com\\\/es\\\/producto\\\/haylou-s8-smartwatch\\\/#mainImage\",\"width\":640,\"height\":640},\"primaryImageOfPage\":{\"@id\":\"https:\\\/\\\/www.rucashk.com\\\/es\\\/producto\\\/haylou-s8-smartwatch\\\/#mainImage\"},\"datePublished\":\"2024-03-25T14:30:22+00:00\",\"dateModified\":\"2024-04-16T13:28:10+00:00\"},{\"@type\":\"WebSite\",\"@id\":\"https:\\\/\\\/www.rucashk.com\\\/es\\\/#website\",\"url\":\"https:\\\/\\\/www.rucashk.com\\\/es\\\/\",\"name\":\"Rucas - Wholesale and distribution worldwide\",\"alternateName\":\"Rucas - One-stop AIoT Distribution Worldwide\",\"description\":\"One-stop AIoT Distribution Worldwide\",\"inLanguage\":\"es-ES\",\"publisher\":{\"@id\":\"https:\\\/\\\/www.rucashk.com\\\/es\\\/#organization\"}}]}\n\t\t<\/script>\n\t\t<!-- All in One SEO Pro -->\r\n\t\t<title>Haylou S8 Smartwatch - Rucas - Wholesale and Distribution<\/title>\n\n","aioseo_head_json":{"title":"Haylou S8 Smartwatch - Rucas - Wholesale and Distribution","description":"1.96\" AMOLED Curved Screen Comprehensive health management Spin Button Bluetooth phone call 100+ Workout Modes 100+ Watch Faces","canonical_url":"https:\/\/www.rucashk.com\/es\/producto\/haylou-s8-smartwatch\/","robots":"max-image-preview:large","keywords":"","webmasterTools":{"miscellaneous":""},"og:locale":"es_ES","og:site_name":"Rucas - One-stop AIoT Distribution Worldwide","og:type":"article","og:title":"Haylou S8 Smartwatch - Rucas - Wholesale and Distribution","og:description":"1.96&quot; AMOLED Curved Screen Comprehensive health management Spin Button Bluetooth phone call 100+ Workout Modes 100+ Watch Faces","og:url":"https:\/\/www.rucashk.com\/es\/producto\/haylou-s8-smartwatch\/","og:image":"https:\/\/www.rucashk.com\/wp-content\/uploads\/replace\/503b8e645f128a97ccde2b6290747646.jpeg","og:image:secure_url":"https:\/\/www.rucashk.com\/wp-content\/uploads\/replace\/503b8e645f128a97ccde2b6290747646.jpeg","og:image:width":1456,"og:image:height":816,"article:published_time":"2024-03-25T14:30:22+00:00","article:modified_time":"2024-04-16T13:28:10+00:00","twitter:card":"summary_large_image","twitter:title":"Haylou S8 Smartwatch - Rucas - Wholesale and Distribution","twitter:description":"1.96&quot; AMOLED Curved Screen Comprehensive health management Spin Button Bluetooth phone call 100+ Workout Modes 100+ Watch Faces","twitter:image":"https:\/\/www.rucashk.com\/wp-content\/uploads\/replace\/503b8e645f128a97ccde2b6290747646.jpeg","schema":{"@context":"https:\/\/schema.org","@graph":[{"@type":"BreadcrumbList","@id":"https:\/\/www.rucashk.com\/es\/producto\/haylou-s8-smartwatch\/#breadcrumblist","itemListElement":[{"@type":"ListItem","@id":"https:\/\/www.rucashk.com\/es\/#listItem","position":1,"name":"Home","item":"https:\/\/www.rucashk.com\/es\/","nextItem":"https:\/\/www.rucashk.com\/es\/producto\/haylou-s8-smartwatch\/#listItem"},{"@type":"ListItem","@id":"https:\/\/www.rucashk.com\/es\/producto\/haylou-s8-smartwatch\/#listItem","position":2,"name":"Haylou S8 Smartwatch","previousItem":"https:\/\/www.rucashk.com\/es\/#listItem"}]},{"@type":"Organization","@id":"https:\/\/www.rucashk.com\/es\/#organization","name":"Rucas","url":"https:\/\/www.rucashk.com\/es\/","logo":{"@type":"ImageObject","url":"https:\/\/www.rucashk.com\/wp-content\/uploads\/2023\/12\/Rucas_campany_logo.png","@id":"https:\/\/www.rucashk.com\/es\/producto\/haylou-s8-smartwatch\/#organizationLogo","width":221,"height":65},"image":{"@id":"https:\/\/www.rucashk.com\/es\/#organizationLogo"}},{"@type":"Person","@id":"https:\/\/www.rucashk.com\/es\/author\/admin\/#author","url":"https:\/\/www.rucashk.com\/es\/author\/admin\/","name":"admin","image":{"@type":"ImageObject","@id":"https:\/\/www.rucashk.com\/es\/producto\/haylou-s8-smartwatch\/#authorImage","url":"https:\/\/secure.gravatar.com\/avatar\/b7c8925b09a27e72b30232f8ecaadbd5af0f70a38c78096863fe51b64f031c24?s=96&d=mm&r=g","width":96,"height":96,"caption":"admin"}},{"@type":"WebPage","@id":"https:\/\/www.rucashk.com\/es\/producto\/haylou-s8-smartwatch\/#webpage","url":"https:\/\/www.rucashk.com\/es\/producto\/haylou-s8-smartwatch\/","name":"Haylou S8 Smartwatch - Rucas - Wholesale and Distribution","description":"1.96\" AMOLED Curved Screen Comprehensive health management Spin Button Bluetooth phone call 100+ Workout Modes 100+ Watch Faces","inLanguage":"es-ES","isPartOf":{"@id":"https:\/\/www.rucashk.com\/es\/#website"},"breadcrumb":{"@id":"https:\/\/www.rucashk.com\/es\/producto\/haylou-s8-smartwatch\/#breadcrumblist"},"author":{"@id":"https:\/\/www.rucashk.com\/es\/author\/admin\/#author"},"creator":{"@id":"https:\/\/www.rucashk.com\/es\/author\/admin\/#author"},"image":{"@type":"ImageObject","url":"https:\/\/www.rucashk.com\/wp-content\/uploads\/2024\/03\/haylou-watch-s8-photo1.webp","@id":"https:\/\/www.rucashk.com\/es\/producto\/haylou-s8-smartwatch\/#mainImage","width":640,"height":640},"primaryImageOfPage":{"@id":"https:\/\/www.rucashk.com\/es\/producto\/haylou-s8-smartwatch\/#mainImage"},"datePublished":"2024-03-25T14:30:22+00:00","dateModified":"2024-04-16T13:28:10+00:00"},{"@type":"WebSite","@id":"https:\/\/www.rucashk.com\/es\/#website","url":"https:\/\/www.rucashk.com\/es\/","name":"Rucas - Wholesale and distribution worldwide","alternateName":"Rucas - One-stop AIoT Distribution Worldwide","description":"One-stop AIoT Distribution Worldwide","inLanguage":"es-ES","publisher":{"@id":"https:\/\/www.rucashk.com\/es\/#organization"}}]}},"aioseo_meta_data":{"post_id":"39696","title":null,"description":null,"keywords":null,"keyphrases":null,"primary_term":null,"canonical_url":null,"og_title":null,"og_description":null,"og_object_type":"default","og_image_type":"default","og_image_url":null,"og_image_width":null,"og_image_height":null,"og_image_custom_url":null,"og_image_custom_fields":null,"og_video":null,"og_custom_url":null,"og_article_section":null,"og_article_tags":null,"twitter_use_og":false,"twitter_card":"default","twitter_image_type":"default","twitter_image_url":null,"twitter_image_custom_url":null,"twitter_image_custom_fields":null,"twitter_title":null,"twitter_description":null,"schema":{"blockGraphs":[],"customGraphs":[],"default":{"data":{"Article":[],"Course":[],"Dataset":[],"FAQPage":[],"Movie":[],"Person":[],"Product":[],"Recipe":[],"Service":[],"SoftwareApplication":[],"WebPage":[]},"graphName":"","isEnabled":true},"graphs":[]},"schema_type":"default","schema_type_options":null,"pillar_content":false,"robots_default":true,"robots_noindex":false,"robots_noarchive":false,"robots_nosnippet":false,"robots_nofollow":false,"robots_noimageindex":false,"robots_noodp":false,"robots_notranslate":false,"robots_max_snippet":null,"robots_max_videopreview":null,"robots_max_imagepreview":"large","priority":null,"frequency":null,"local_seo":null,"breadcrumb_settings":null,"limit_modified_date":false,"created":"2024-04-11 01:57:23","updated":"2025-06-22 18:51:56"},"aioseo_breadcrumb":"<div class=\"aioseo-breadcrumbs\"><span class=\"aioseo-breadcrumb\">\n\t<a href=\"https:\/\/www.rucashk.com\/es\" title=\"Home\">Home<\/a>\n<\/span><span class=\"aioseo-breadcrumb-separator\">&raquo;<\/span><span class=\"aioseo-breadcrumb\">\n\t<a href=\"https:\/\/www.rucashk.com\/es\/products\/\" title=\"Productos\">Productos<\/a>\n<\/span><span class=\"aioseo-breadcrumb-separator\">&raquo;<\/span><span class=\"aioseo-breadcrumb\">\n\t<a href=\"https:\/\/www.rucashk.com\/es\/marca\/haylou\/\" title=\"Haylou\">Haylou<\/a>\n<\/span><span class=\"aioseo-breadcrumb-separator\">&raquo;<\/span><span class=\"aioseo-breadcrumb\">\n\tHaylou S8 Smartwatch\n<\/span><\/div>","aioseo_breadcrumb_json":[{"label":"Home","link":"https:\/\/www.rucashk.com\/es"},{"label":"Productos","link":"https:\/\/www.rucashk.com\/es\/products\/"},{"label":"Haylou","link":"https:\/\/www.rucashk.com\/es\/marca\/haylou\/"},{"label":"Haylou S8 Smartwatch","link":"https:\/\/www.rucashk.com\/es\/producto\/haylou-s8-smartwatch\/"}],"_links":{"self":[{"href":"https:\/\/www.rucashk.com\/es\/wp-json\/wp\/v2\/product\/39696","targetHints":{"allow":["GET"]}}],"collection":[{"href":"https:\/\/www.rucashk.com\/es\/wp-json\/wp\/v2\/product"}],"about":[{"href":"https:\/\/www.rucashk.com\/es\/wp-json\/wp\/v2\/types\/product"}],"wp:featuredmedia":[{"embeddable":true,"href":"https:\/\/www.rucashk.com\/es\/wp-json\/wp\/v2\/media\/39741"}],"wp:attachment":[{"href":"https:\/\/www.rucashk.com\/es\/wp-json\/wp\/v2\/media?parent=39696"}],"wp:term":[{"taxonomy":"product_brand","embeddable":true,"href":"https:\/\/www.rucashk.com\/es\/wp-json\/wp\/v2\/product_brand?post=39696"},{"taxonomy":"product_cat","embeddable":true,"href":"https:\/\/www.rucashk.com\/es\/wp-json\/wp\/v2\/product_cat?post=39696"},{"taxonomy":"product_tag","embeddable":true,"href":"https:\/\/www.rucashk.com\/es\/wp-json\/wp\/v2\/product_tag?post=39696"}],"curies":[{"name":"wp","href":"https:\/\/api.w.org\/{rel}","templated":true}]}}