{"id":39412,"date":"2024-03-24T15:27:46","date_gmt":"2024-03-24T15:27:46","guid":{"rendered":"http:\/\/rucashk.com\/?post_type=product&#038;p=39412"},"modified":"2024-03-24T15:28:43","modified_gmt":"2024-03-24T15:28:43","slug":"xiaomi-electric-scooter-4-ultra","status":"publish","type":"product","link":"https:\/\/www.rucashk.com\/es\/producto\/xiaomi-electric-scooter-4-ultra\/","title":{"rendered":"Patinete El\u00e9ctrico Xiaomi 4 Ultra"},"content":{"rendered":"<p><img fetchpriority=\"high\" decoding=\"async\" class=\"alignnone size-full wp-image-39415\" src=\"http:\/\/rucashk.com\/wp-content\/uploads\/replace\/d941b2fdde9ff6b53de01f8ff84dc529.jpeg\" alt=\"Xiaomi Electric Scooter 4 Ultra\" width=\"970\" height=\"600\" \/> <img decoding=\"async\" class=\"alignnone size-full wp-image-39414\" src=\"http:\/\/rucashk.com\/wp-content\/uploads\/replace\/2edb4366bc2b4df048c041c5333e0885.jpeg\" alt=\"Xiaomi Electric Scooter 4 Ultra\" width=\"970\" height=\"600\" \/> <img decoding=\"async\" class=\"alignnone size-full wp-image-39413\" src=\"http:\/\/rucashk.com\/wp-content\/uploads\/replace\/828ff22c659718e4c1334846122153c5.jpeg\" alt=\"Xiaomi Electric Scooter 4 Ultra\" width=\"970\" height=\"600\" \/><\/p>\n<p>El nuevo patinete el\u00e9ctrico Xiaomi Electric Scooter 4 Ultra tiene una marcha muy suave gracias a su sistema de doble suspensi\u00f3n. Esto reducir\u00e1 las vibraciones y golpes durante la conducci\u00f3n para que el usuario est\u00e9 m\u00e1s seguro. Adem\u00e1s, sus neum\u00e1ticos Xiaomi DuraGel 10 son autorreparables. Si un objeto de menos de 3,5 mm queda atrapado en el neum\u00e1tico y se retira, su capa gelatinosa se reparar\u00e1 r\u00e1pidamente, reduciendo el riesgo de pinchazo.<\/p>\n<p>Sube pendientes de hasta 25% de inclinaci\u00f3n.<br \/>\nEste scooter Xiaomi tiene un motor sin escobillas con una potencia m\u00e1xima de 940W y una eficiencia de transmisi\u00f3n sobresaliente. As\u00ed, permite una aceleraci\u00f3n bastante elevada, alcanzando hasta los 25 km por hora y subiendo pendientes de hasta 25%.<\/p>\n<p>Varios modos de uso.<br \/>\nEl Electric Scooter 4 Ultra integra cuatro modos diferentes: un modo peatonal, que alcanza de 5 a 6 km\/h; un modo est\u00e1ndar, de 5 a 20 km\/h; su modo deportivo, que alcanza hasta los 25 km\/h; y su exclusivo modo S+, que alcanzar\u00e1 los 25 km\/h en s\u00f3lo 4 segundos.<\/p>\n<p>Duraci\u00f3n de la bater\u00eda muy alta<br \/>\nEl Xiaomi Electric Scooter 4 Ultra cuenta con una bater\u00eda de litio de 12000 mAh de capacidad que le otorga una autonom\u00eda ultralarga de hasta 70 km. Adem\u00e1s, solo tarda 6 horas y media en cargarse por completo con su cargador de potencia de 124W.<\/p>","protected":false},"excerpt":{"rendered":"<ul>\n<li>Motor el\u00e9ctrico con una potencia m\u00e1xima de 940 W, que permite superar colinas con una inclinaci\u00f3n de 25 grados.<\/li>\n<li>Sistema de doble suspensi\u00f3n que garantiza una conducci\u00f3n c\u00f3moda sobre adoquines y otras superficies irregulares de la carretera.<\/li>\n<li>Una bater\u00eda energ\u00e9ticamente eficiente que proporciona hasta 70 km de recorrido con una sola carga completa.<\/li>\n<li>Proprietary 10&#8243; DuraGel pneumatic tires are puncture and damage resistant.<\/li>\n<li>Resistente al agua IP55, gracias a lo cual el scooter se puede utilizar en tiempo de lluvia.<\/li>\n<li>Velocidad m\u00e1xima 25 km\/h. Acelera de 0 a 25 km\/h en s\u00f3lo 4 segundos.<\/li>\n<li>4 modos de conducci\u00f3n, incluido caminar (5-6 km\/h).<\/li>\n<li>C\u00f3moda plataforma de 17 cm de ancho.<\/li>\n<li>Construcci\u00f3n robusta de aleaci\u00f3n de aluminio capaz de soportar a un ciclista de hasta 120 kg.<\/li>\n<li>Compatible con las Apps Xiaomi Home \/ Mi Home, que pueden obtener informaci\u00f3n sobre la carga restante, datos sobre el estado t\u00e9cnico del veh\u00edculo, etc.<\/li>\n<li>Luz delantera y luz de freno trasera para una conducci\u00f3n segura de noche.<\/li>\n<li>Pantalla a color que muestra informaci\u00f3n sobre el viaje actual.<\/li>\n<\/ul>","protected":false},"featured_media":39416,"template":"","meta":[],"product_brand":[1363],"product_cat":[1314,1305],"product_tag":[],"class_list":{"0":"post-39412","1":"product","2":"type-product","3":"status-publish","4":"has-post-thumbnail","6":"product_brand-xiaomi","7":"product_cat-mi-scooter","8":"product_cat-xiaomi-eco","10":"first","11":"instock","12":"shipping-taxable","13":"product-type-simple"},"aioseo_notices":[],"aioseo_head":"\n\t\t<!-- All in One SEO Pro 4.5.9.2 - aioseo.com -->\n\t\t<meta name=\"description\" content=\"Electric motor with a maximum power of 940 W, allowing you to overcome hills with an inclination of 25 degrees. Dual suspension system that guarantees a comfortable ride on pavers and other uneven road surfaces. An energy efficient battery providing up to 70 km of travel on a single full charge. Proprietary 10&quot; DuraGel pneumatic tires are puncture and damage resistant. IP55 water resistant, thanks to which the scooter can be used in rainy weather. Maximum speed 25 km\/h. Acceleration from 0 to 25 km\/h in just 4 seconds. 4 driving modes, including walking (5-6 km\/h). Convenient platform 17 cm wide. Robust aluminum alloy construction capable of supporting a rider up to 120kg. Compatible with Xiaomi Home \/ Mi Home Apps, which can get information about the remaining charge, data on the technical condition of the vehicle, etc. Front light and rear brake light for safe driving at night. Color display showing information about the current trip.\" \/>\n\t\t<meta name=\"robots\" content=\"max-image-preview:large\" \/>\n\t\t<link rel=\"canonical\" href=\"https:\/\/www.rucashk.com\/es\/producto\/xiaomi-electric-scooter-4-ultra\/\" \/>\n\t\t<meta name=\"generator\" content=\"All in One SEO Pro (AIOSEO) 4.5.9.2\" \/>\n\t\t<meta property=\"og:locale\" content=\"es_ES\" \/>\n\t\t<meta property=\"og:site_name\" content=\"Rucas - One-stop AIoT Distribution Worldwide\" \/>\n\t\t<meta property=\"og:type\" content=\"article\" \/>\n\t\t<meta property=\"og:title\" content=\"Xiaomi Electric Scooter 4 Ultra - Rucas - Wholesale and Distribution\" \/>\n\t\t<meta property=\"og:description\" content=\"Electric motor with a maximum power of 940 W, allowing you to overcome hills with an inclination of 25 degrees. Dual suspension system that guarantees a comfortable ride on pavers and other uneven road surfaces. An energy efficient battery providing up to 70 km of travel on a single full charge. Proprietary 10&quot; DuraGel pneumatic tires are puncture and damage resistant. IP55 water resistant, thanks to which the scooter can be used in rainy weather. Maximum speed 25 km\/h. Acceleration from 0 to 25 km\/h in just 4 seconds. 4 driving modes, including walking (5-6 km\/h). Convenient platform 17 cm wide. Robust aluminum alloy construction capable of supporting a rider up to 120kg. Compatible with Xiaomi Home \/ Mi Home Apps, which can get information about the remaining charge, data on the technical condition of the vehicle, etc. Front light and rear brake light for safe driving at night. Color display showing information about the current trip.\" \/>\n\t\t<meta property=\"og:url\" content=\"https:\/\/www.rucashk.com\/es\/producto\/xiaomi-electric-scooter-4-ultra\/\" \/>\n\t\t<meta property=\"og:image\" content=\"https:\/\/www.rucashk.com\/wp-content\/uploads\/replace\/503b8e645f128a97ccde2b6290747646.jpeg\" \/>\n\t\t<meta property=\"og:image:secure_url\" content=\"https:\/\/www.rucashk.com\/wp-content\/uploads\/replace\/503b8e645f128a97ccde2b6290747646.jpeg\" \/>\n\t\t<meta property=\"og:image:width\" content=\"1456\" \/>\n\t\t<meta property=\"og:image:height\" content=\"816\" \/>\n\t\t<meta property=\"article:published_time\" content=\"2024-03-24T15:27:46+00:00\" \/>\n\t\t<meta property=\"article:modified_time\" content=\"2024-03-24T15:28:43+00:00\" \/>\n\t\t<meta name=\"twitter:card\" content=\"summary_large_image\" \/>\n\t\t<meta name=\"twitter:title\" content=\"Xiaomi Electric Scooter 4 Ultra - Rucas - Wholesale and Distribution\" \/>\n\t\t<meta name=\"twitter:description\" content=\"Electric motor with a maximum power of 940 W, allowing you to overcome hills with an inclination of 25 degrees. Dual suspension system that guarantees a comfortable ride on pavers and other uneven road surfaces. An energy efficient battery providing up to 70 km of travel on a single full charge. Proprietary 10&quot; DuraGel pneumatic tires are puncture and damage resistant. IP55 water resistant, thanks to which the scooter can be used in rainy weather. Maximum speed 25 km\/h. Acceleration from 0 to 25 km\/h in just 4 seconds. 4 driving modes, including walking (5-6 km\/h). Convenient platform 17 cm wide. Robust aluminum alloy construction capable of supporting a rider up to 120kg. Compatible with Xiaomi Home \/ Mi Home Apps, which can get information about the remaining charge, data on the technical condition of the vehicle, etc. Front light and rear brake light for safe driving at night. Color display showing information about the current trip.\" \/>\n\t\t<meta name=\"twitter:image\" content=\"https:\/\/www.rucashk.com\/wp-content\/uploads\/replace\/503b8e645f128a97ccde2b6290747646.jpeg\" \/>\n\t\t<script type=\"application\/ld+json\" class=\"aioseo-schema\">\n\t\t\t{\"@context\":\"https:\\\/\\\/schema.org\",\"@graph\":[{\"@type\":\"BreadcrumbList\",\"@id\":\"https:\\\/\\\/www.rucashk.com\\\/es\\\/producto\\\/xiaomi-electric-scooter-4-ultra\\\/#breadcrumblist\",\"itemListElement\":[{\"@type\":\"ListItem\",\"@id\":\"https:\\\/\\\/www.rucashk.com\\\/es\\\/#listItem\",\"position\":1,\"name\":\"Home\",\"item\":\"https:\\\/\\\/www.rucashk.com\\\/es\\\/\",\"nextItem\":\"https:\\\/\\\/www.rucashk.com\\\/es\\\/producto\\\/xiaomi-electric-scooter-4-ultra\\\/#listItem\"},{\"@type\":\"ListItem\",\"@id\":\"https:\\\/\\\/www.rucashk.com\\\/es\\\/producto\\\/xiaomi-electric-scooter-4-ultra\\\/#listItem\",\"position\":2,\"name\":\"Xiaomi Electric Scooter 4 Ultra\",\"previousItem\":\"https:\\\/\\\/www.rucashk.com\\\/es\\\/#listItem\"}]},{\"@type\":\"Organization\",\"@id\":\"https:\\\/\\\/www.rucashk.com\\\/es\\\/#organization\",\"name\":\"Rucas\",\"url\":\"https:\\\/\\\/www.rucashk.com\\\/es\\\/\",\"logo\":{\"@type\":\"ImageObject\",\"url\":\"https:\\\/\\\/www.rucashk.com\\\/wp-content\\\/uploads\\\/2023\\\/12\\\/Rucas_campany_logo.png\",\"@id\":\"https:\\\/\\\/www.rucashk.com\\\/es\\\/producto\\\/xiaomi-electric-scooter-4-ultra\\\/#organizationLogo\",\"width\":221,\"height\":65},\"image\":{\"@id\":\"https:\\\/\\\/www.rucashk.com\\\/es\\\/#organizationLogo\"}},{\"@type\":\"Person\",\"@id\":\"https:\\\/\\\/www.rucashk.com\\\/es\\\/author\\\/admin\\\/#author\",\"url\":\"https:\\\/\\\/www.rucashk.com\\\/es\\\/author\\\/admin\\\/\",\"name\":\"admin\",\"image\":{\"@type\":\"ImageObject\",\"@id\":\"https:\\\/\\\/www.rucashk.com\\\/es\\\/producto\\\/xiaomi-electric-scooter-4-ultra\\\/#authorImage\",\"url\":\"https:\\\/\\\/secure.gravatar.com\\\/avatar\\\/b7c8925b09a27e72b30232f8ecaadbd5af0f70a38c78096863fe51b64f031c24?s=96&d=mm&r=g\",\"width\":96,\"height\":96,\"caption\":\"admin\"}},{\"@type\":\"WebPage\",\"@id\":\"https:\\\/\\\/www.rucashk.com\\\/es\\\/producto\\\/xiaomi-electric-scooter-4-ultra\\\/#webpage\",\"url\":\"https:\\\/\\\/www.rucashk.com\\\/es\\\/producto\\\/xiaomi-electric-scooter-4-ultra\\\/\",\"name\":\"Xiaomi Electric Scooter 4 Ultra - Rucas - Wholesale and Distribution\",\"description\":\"Electric motor with a maximum power of 940 W, allowing you to overcome hills with an inclination of 25 degrees. Dual suspension system that guarantees a comfortable ride on pavers and other uneven road surfaces. An energy efficient battery providing up to 70 km of travel on a single full charge. Proprietary 10\\\" DuraGel pneumatic tires are puncture and damage resistant. IP55 water resistant, thanks to which the scooter can be used in rainy weather. Maximum speed 25 km\\\/h. Acceleration from 0 to 25 km\\\/h in just 4 seconds. 4 driving modes, including walking (5-6 km\\\/h). Convenient platform 17 cm wide. Robust aluminum alloy construction capable of supporting a rider up to 120kg. Compatible with Xiaomi Home \\\/ Mi Home Apps, which can get information about the remaining charge, data on the technical condition of the vehicle, etc. Front light and rear brake light for safe driving at night. Color display showing information about the current trip.\",\"inLanguage\":\"es-ES\",\"isPartOf\":{\"@id\":\"https:\\\/\\\/www.rucashk.com\\\/es\\\/#website\"},\"breadcrumb\":{\"@id\":\"https:\\\/\\\/www.rucashk.com\\\/es\\\/producto\\\/xiaomi-electric-scooter-4-ultra\\\/#breadcrumblist\"},\"author\":{\"@id\":\"https:\\\/\\\/www.rucashk.com\\\/es\\\/author\\\/admin\\\/#author\"},\"creator\":{\"@id\":\"https:\\\/\\\/www.rucashk.com\\\/es\\\/author\\\/admin\\\/#author\"},\"image\":{\"@type\":\"ImageObject\",\"url\":\"https:\\\/\\\/www.rucashk.com\\\/wp-content\\\/uploads\\\/2024\\\/03\\\/7ea26f368ca3c6b2204dbed2b510a94f400x40085.png\",\"@id\":\"https:\\\/\\\/www.rucashk.com\\\/es\\\/producto\\\/xiaomi-electric-scooter-4-ultra\\\/#mainImage\",\"width\":400,\"height\":400},\"primaryImageOfPage\":{\"@id\":\"https:\\\/\\\/www.rucashk.com\\\/es\\\/producto\\\/xiaomi-electric-scooter-4-ultra\\\/#mainImage\"},\"datePublished\":\"2024-03-24T15:27:46+00:00\",\"dateModified\":\"2024-03-24T15:28:43+00:00\"},{\"@type\":\"WebSite\",\"@id\":\"https:\\\/\\\/www.rucashk.com\\\/es\\\/#website\",\"url\":\"https:\\\/\\\/www.rucashk.com\\\/es\\\/\",\"name\":\"Rucas - Wholesale and distribution worldwide\",\"alternateName\":\"Rucas - One-stop AIoT Distribution Worldwide\",\"description\":\"One-stop AIoT Distribution Worldwide\",\"inLanguage\":\"es-ES\",\"publisher\":{\"@id\":\"https:\\\/\\\/www.rucashk.com\\\/es\\\/#organization\"}}]}\n\t\t<\/script>\n\t\t<!-- All in One SEO Pro -->\r\n\t\t<title>Xiaomi Electric Scooter 4 Ultra - Rucas - Wholesale and Distribution<\/title>\n\n","aioseo_head_json":{"title":"Xiaomi Electric Scooter 4 Ultra - Rucas - Wholesale and Distribution","description":"Electric motor with a maximum power of 940 W, allowing you to overcome hills with an inclination of 25 degrees. Dual suspension system that guarantees a comfortable ride on pavers and other uneven road surfaces. An energy efficient battery providing up to 70 km of travel on a single full charge. Proprietary 10\" DuraGel pneumatic tires are puncture and damage resistant. IP55 water resistant, thanks to which the scooter can be used in rainy weather. Maximum speed 25 km\/h. Acceleration from 0 to 25 km\/h in just 4 seconds. 4 driving modes, including walking (5-6 km\/h). Convenient platform 17 cm wide. Robust aluminum alloy construction capable of supporting a rider up to 120kg. Compatible with Xiaomi Home \/ Mi Home Apps, which can get information about the remaining charge, data on the technical condition of the vehicle, etc. Front light and rear brake light for safe driving at night. Color display showing information about the current trip.","canonical_url":"https:\/\/www.rucashk.com\/es\/producto\/xiaomi-electric-scooter-4-ultra\/","robots":"max-image-preview:large","keywords":"","webmasterTools":{"miscellaneous":""},"og:locale":"es_ES","og:site_name":"Rucas - One-stop AIoT Distribution Worldwide","og:type":"article","og:title":"Xiaomi Electric Scooter 4 Ultra - Rucas - Wholesale and Distribution","og:description":"Electric motor with a maximum power of 940 W, allowing you to overcome hills with an inclination of 25 degrees. Dual suspension system that guarantees a comfortable ride on pavers and other uneven road surfaces. An energy efficient battery providing up to 70 km of travel on a single full charge. Proprietary 10&quot; DuraGel pneumatic tires are puncture and damage resistant. IP55 water resistant, thanks to which the scooter can be used in rainy weather. Maximum speed 25 km\/h. Acceleration from 0 to 25 km\/h in just 4 seconds. 4 driving modes, including walking (5-6 km\/h). Convenient platform 17 cm wide. Robust aluminum alloy construction capable of supporting a rider up to 120kg. Compatible with Xiaomi Home \/ Mi Home Apps, which can get information about the remaining charge, data on the technical condition of the vehicle, etc. Front light and rear brake light for safe driving at night. Color display showing information about the current trip.","og:url":"https:\/\/www.rucashk.com\/es\/producto\/xiaomi-electric-scooter-4-ultra\/","og:image":"https:\/\/www.rucashk.com\/wp-content\/uploads\/replace\/503b8e645f128a97ccde2b6290747646.jpeg","og:image:secure_url":"https:\/\/www.rucashk.com\/wp-content\/uploads\/replace\/503b8e645f128a97ccde2b6290747646.jpeg","og:image:width":1456,"og:image:height":816,"article:published_time":"2024-03-24T15:27:46+00:00","article:modified_time":"2024-03-24T15:28:43+00:00","twitter:card":"summary_large_image","twitter:title":"Xiaomi Electric Scooter 4 Ultra - Rucas - Wholesale and Distribution","twitter:description":"Electric motor with a maximum power of 940 W, allowing you to overcome hills with an inclination of 25 degrees. Dual suspension system that guarantees a comfortable ride on pavers and other uneven road surfaces. An energy efficient battery providing up to 70 km of travel on a single full charge. Proprietary 10&quot; DuraGel pneumatic tires are puncture and damage resistant. IP55 water resistant, thanks to which the scooter can be used in rainy weather. Maximum speed 25 km\/h. Acceleration from 0 to 25 km\/h in just 4 seconds. 4 driving modes, including walking (5-6 km\/h). Convenient platform 17 cm wide. Robust aluminum alloy construction capable of supporting a rider up to 120kg. Compatible with Xiaomi Home \/ Mi Home Apps, which can get information about the remaining charge, data on the technical condition of the vehicle, etc. Front light and rear brake light for safe driving at night. Color display showing information about the current trip.","twitter:image":"https:\/\/www.rucashk.com\/wp-content\/uploads\/replace\/503b8e645f128a97ccde2b6290747646.jpeg","schema":{"@context":"https:\/\/schema.org","@graph":[{"@type":"BreadcrumbList","@id":"https:\/\/www.rucashk.com\/es\/producto\/xiaomi-electric-scooter-4-ultra\/#breadcrumblist","itemListElement":[{"@type":"ListItem","@id":"https:\/\/www.rucashk.com\/es\/#listItem","position":1,"name":"Home","item":"https:\/\/www.rucashk.com\/es\/","nextItem":"https:\/\/www.rucashk.com\/es\/producto\/xiaomi-electric-scooter-4-ultra\/#listItem"},{"@type":"ListItem","@id":"https:\/\/www.rucashk.com\/es\/producto\/xiaomi-electric-scooter-4-ultra\/#listItem","position":2,"name":"Xiaomi Electric Scooter 4 Ultra","previousItem":"https:\/\/www.rucashk.com\/es\/#listItem"}]},{"@type":"Organization","@id":"https:\/\/www.rucashk.com\/es\/#organization","name":"Rucas","url":"https:\/\/www.rucashk.com\/es\/","logo":{"@type":"ImageObject","url":"https:\/\/www.rucashk.com\/wp-content\/uploads\/2023\/12\/Rucas_campany_logo.png","@id":"https:\/\/www.rucashk.com\/es\/producto\/xiaomi-electric-scooter-4-ultra\/#organizationLogo","width":221,"height":65},"image":{"@id":"https:\/\/www.rucashk.com\/es\/#organizationLogo"}},{"@type":"Person","@id":"https:\/\/www.rucashk.com\/es\/author\/admin\/#author","url":"https:\/\/www.rucashk.com\/es\/author\/admin\/","name":"admin","image":{"@type":"ImageObject","@id":"https:\/\/www.rucashk.com\/es\/producto\/xiaomi-electric-scooter-4-ultra\/#authorImage","url":"https:\/\/secure.gravatar.com\/avatar\/b7c8925b09a27e72b30232f8ecaadbd5af0f70a38c78096863fe51b64f031c24?s=96&d=mm&r=g","width":96,"height":96,"caption":"admin"}},{"@type":"WebPage","@id":"https:\/\/www.rucashk.com\/es\/producto\/xiaomi-electric-scooter-4-ultra\/#webpage","url":"https:\/\/www.rucashk.com\/es\/producto\/xiaomi-electric-scooter-4-ultra\/","name":"Xiaomi Electric Scooter 4 Ultra - Rucas - Wholesale and Distribution","description":"Electric motor with a maximum power of 940 W, allowing you to overcome hills with an inclination of 25 degrees. Dual suspension system that guarantees a comfortable ride on pavers and other uneven road surfaces. An energy efficient battery providing up to 70 km of travel on a single full charge. Proprietary 10\" DuraGel pneumatic tires are puncture and damage resistant. IP55 water resistant, thanks to which the scooter can be used in rainy weather. Maximum speed 25 km\/h. Acceleration from 0 to 25 km\/h in just 4 seconds. 4 driving modes, including walking (5-6 km\/h). Convenient platform 17 cm wide. Robust aluminum alloy construction capable of supporting a rider up to 120kg. Compatible with Xiaomi Home \/ Mi Home Apps, which can get information about the remaining charge, data on the technical condition of the vehicle, etc. Front light and rear brake light for safe driving at night. Color display showing information about the current trip.","inLanguage":"es-ES","isPartOf":{"@id":"https:\/\/www.rucashk.com\/es\/#website"},"breadcrumb":{"@id":"https:\/\/www.rucashk.com\/es\/producto\/xiaomi-electric-scooter-4-ultra\/#breadcrumblist"},"author":{"@id":"https:\/\/www.rucashk.com\/es\/author\/admin\/#author"},"creator":{"@id":"https:\/\/www.rucashk.com\/es\/author\/admin\/#author"},"image":{"@type":"ImageObject","url":"https:\/\/www.rucashk.com\/wp-content\/uploads\/2024\/03\/7ea26f368ca3c6b2204dbed2b510a94f400x40085.png","@id":"https:\/\/www.rucashk.com\/es\/producto\/xiaomi-electric-scooter-4-ultra\/#mainImage","width":400,"height":400},"primaryImageOfPage":{"@id":"https:\/\/www.rucashk.com\/es\/producto\/xiaomi-electric-scooter-4-ultra\/#mainImage"},"datePublished":"2024-03-24T15:27:46+00:00","dateModified":"2024-03-24T15:28:43+00:00"},{"@type":"WebSite","@id":"https:\/\/www.rucashk.com\/es\/#website","url":"https:\/\/www.rucashk.com\/es\/","name":"Rucas - Wholesale and distribution worldwide","alternateName":"Rucas - One-stop AIoT Distribution Worldwide","description":"One-stop AIoT Distribution Worldwide","inLanguage":"es-ES","publisher":{"@id":"https:\/\/www.rucashk.com\/es\/#organization"}}]}},"aioseo_meta_data":{"post_id":"39412","title":null,"description":null,"keywords":null,"keyphrases":null,"primary_term":null,"canonical_url":null,"og_title":null,"og_description":null,"og_object_type":"default","og_image_type":"default","og_image_url":null,"og_image_width":null,"og_image_height":null,"og_image_custom_url":null,"og_image_custom_fields":null,"og_video":null,"og_custom_url":null,"og_article_section":null,"og_article_tags":null,"twitter_use_og":false,"twitter_card":"default","twitter_image_type":"default","twitter_image_url":null,"twitter_image_custom_url":null,"twitter_image_custom_fields":null,"twitter_title":null,"twitter_description":null,"schema":{"blockGraphs":[],"customGraphs":[],"default":{"data":{"Article":[],"Course":[],"Dataset":[],"FAQPage":[],"Movie":[],"Person":[],"Product":[],"Recipe":[],"Service":[],"SoftwareApplication":[],"WebPage":[]},"graphName":"","isEnabled":true},"graphs":[]},"schema_type":"default","schema_type_options":null,"pillar_content":false,"robots_default":true,"robots_noindex":false,"robots_noarchive":false,"robots_nosnippet":false,"robots_nofollow":false,"robots_noimageindex":false,"robots_noodp":false,"robots_notranslate":false,"robots_max_snippet":null,"robots_max_videopreview":null,"robots_max_imagepreview":"large","priority":null,"frequency":null,"local_seo":null,"breadcrumb_settings":null,"limit_modified_date":false,"created":"2024-04-11 01:57:23","updated":"2025-06-22 18:50:54"},"aioseo_breadcrumb":"<div class=\"aioseo-breadcrumbs\"><span class=\"aioseo-breadcrumb\">\n\t<a href=\"https:\/\/www.rucashk.com\/es\" title=\"Home\">Home<\/a>\n<\/span><span class=\"aioseo-breadcrumb-separator\">&raquo;<\/span><span class=\"aioseo-breadcrumb\">\n\t<a href=\"https:\/\/www.rucashk.com\/es\/products\/\" title=\"Productos\">Productos<\/a>\n<\/span><span class=\"aioseo-breadcrumb-separator\">&raquo;<\/span><span class=\"aioseo-breadcrumb\">\n\t<a href=\"https:\/\/www.rucashk.com\/es\/marca\/xiaomi\/\" title=\"Xiaomi\">Xiaomi<\/a>\n<\/span><span class=\"aioseo-breadcrumb-separator\">&raquo;<\/span><span class=\"aioseo-breadcrumb\">\n\tXiaomi Electric Scooter 4 Ultra\n<\/span><\/div>","aioseo_breadcrumb_json":[{"label":"Home","link":"https:\/\/www.rucashk.com\/es"},{"label":"Productos","link":"https:\/\/www.rucashk.com\/es\/products\/"},{"label":"Xiaomi","link":"https:\/\/www.rucashk.com\/es\/marca\/xiaomi\/"},{"label":"Xiaomi Electric Scooter 4 Ultra","link":"https:\/\/www.rucashk.com\/es\/producto\/xiaomi-electric-scooter-4-ultra\/"}],"_links":{"self":[{"href":"https:\/\/www.rucashk.com\/es\/wp-json\/wp\/v2\/product\/39412","targetHints":{"allow":["GET"]}}],"collection":[{"href":"https:\/\/www.rucashk.com\/es\/wp-json\/wp\/v2\/product"}],"about":[{"href":"https:\/\/www.rucashk.com\/es\/wp-json\/wp\/v2\/types\/product"}],"wp:featuredmedia":[{"embeddable":true,"href":"https:\/\/www.rucashk.com\/es\/wp-json\/wp\/v2\/media\/39416"}],"wp:attachment":[{"href":"https:\/\/www.rucashk.com\/es\/wp-json\/wp\/v2\/media?parent=39412"}],"wp:term":[{"taxonomy":"product_brand","embeddable":true,"href":"https:\/\/www.rucashk.com\/es\/wp-json\/wp\/v2\/product_brand?post=39412"},{"taxonomy":"product_cat","embeddable":true,"href":"https:\/\/www.rucashk.com\/es\/wp-json\/wp\/v2\/product_cat?post=39412"},{"taxonomy":"product_tag","embeddable":true,"href":"https:\/\/www.rucashk.com\/es\/wp-json\/wp\/v2\/product_tag?post=39412"}],"curies":[{"name":"wp","href":"https:\/\/api.w.org\/{rel}","templated":true}]}}