{"id":39403,"date":"2024-03-24T15:14:50","date_gmt":"2024-03-24T15:14:50","guid":{"rendered":"http:\/\/rucashk.com\/?post_type=product&#038;p=39403"},"modified":"2024-04-16T13:22:03","modified_gmt":"2024-04-16T13:22:03","slug":"xiaomi-mi-electric-scooter-4-go","status":"publish","type":"product","link":"https:\/\/www.rucashk.com\/es\/producto\/xiaomi-mi-electric-scooter-4-go\/","title":{"rendered":"Patinete el\u00e9ctrico Xiaomi Mi 4 Go"},"content":{"rendered":"<p><img decoding=\"async\" src=\"\/wp-content\/uploads\/replace\/b8f09dacc6283da801432d771b0e46ff.png\" alt=\"Xiaomi Mi Electric Scooter 4 Go\" \/><\/p>\n<p>El Xiaomi Electric Scooter 4 Go cuenta con un dise\u00f1o \u00fanico, a\u00f1adiendo un toque de vivacidad a tus viajes y un toque de estilo a tu vida cotidiana. Tiene tres modos de conducci\u00f3n que te permiten adaptarte a diferentes escenarios de viaje.<\/p>\n<p>Contraste de colores brillantes para estilo mientras viajas<br \/>\nXiaomi Electric Scooter 4 Go presenta una plataforma redonda \u00fanica y un llamativo cubo de rueda con un dise\u00f1o de contraste de color, que le da un toque de vitalidad y a tus viajes un toque de estilo.<\/p>\n<p>Gesti\u00f3n de viajes con conexi\u00f3n de aplicaci\u00f3n inteligente<br \/>\nAl conectar el Xiaomi Electric Scooter 4 Go con la aplicaci\u00f3n Xiaomi Home\/Mi Home, tendr\u00e1s acceso a una variedad de funciones \u00fatiles. Estos incluyen la capacidad de ver los kil\u00f3metros restantes y la electricidad restante, bloquear su scooter de forma remota y actualizar su firmware. Es el centro de gesti\u00f3n de tu scooter, ayud\u00e1ndote a sacar el m\u00e1ximo partido a tus viajes.<\/p>\n<p>Tres modos de conducci\u00f3n te permiten adaptarte a diferentes escenarios.<br \/>\nEl Xiaomi Electric Scooter 4 Go ofrece a los usuarios tres modos de conducci\u00f3n para elegir, lo que permite una salida de potencia personalizada y optimizada, lo que resulta en una conducci\u00f3n m\u00e1s c\u00f3moda y agradable en diferentes escenarios de conducci\u00f3n.<\/p>\n<p>Autonom\u00eda de viaje de hasta 18 km*, lo que lo hace ideal para desplazamientos diarios y actividades de ocio<br \/>\nLa bater\u00eda de litio de 18650 mAh tiene todas las caracter\u00edsticas de seguridad necesarias y, al mismo tiempo, ofrece una impresionante potencia de 165 Wh. Sin duda, la elecci\u00f3n \u00f3ptima para tu vida diaria en un radio de 5 km.<\/p>","protected":false},"excerpt":{"rendered":"<ul>\n<li>Velocidad m\u00e1xima: 20 km\/h (Velocidad m\u00e1xima para cada modo: Modo peatonal: 5 km\/h; D: 15 km\/h; S: 20 km\/h)<\/li>\n<li>Alcance total: 20 km<\/li>\n<li>\u00c1ngulo m\u00e1ximo de ascenso: 10\u00b0<\/li>\n<li>Frenado: E-ABS y freno de disco<\/li>\n<li>Potencia nominal: 250W<\/li>\n<li>Potencia m\u00e1xima: 500W<\/li>\n<\/ul>","protected":false},"featured_media":39411,"template":"","meta":[],"product_brand":[1363],"product_cat":[1314,1305],"product_tag":[],"class_list":{"0":"post-39403","1":"product","2":"type-product","3":"status-publish","4":"has-post-thumbnail","6":"product_brand-xiaomi","7":"product_cat-mi-scooter","8":"product_cat-xiaomi-eco","10":"first","11":"instock","12":"shipping-taxable","13":"product-type-simple"},"aioseo_notices":[],"aioseo_head":"\n\t\t<!-- All in One SEO Pro 4.5.9.2 - aioseo.com -->\n\t\t<meta name=\"description\" content=\"Maximum speed: 20 km\/h (Max speed for each mode: Pedestrian mode: 5 km\/h; D: 15 km\/h; S: 20 km\/h) Overall Range: 20km Maximum climb angle: 10\u00b0 Braking: E-ABS and disc brake Rated Power: 250W Maximum Power: 500W\" \/>\n\t\t<meta name=\"robots\" content=\"max-image-preview:large\" \/>\n\t\t<link rel=\"canonical\" href=\"https:\/\/www.rucashk.com\/es\/producto\/xiaomi-mi-electric-scooter-4-go\/\" \/>\n\t\t<meta name=\"generator\" content=\"All in One SEO Pro (AIOSEO) 4.5.9.2\" \/>\n\t\t<meta property=\"og:locale\" content=\"es_ES\" \/>\n\t\t<meta property=\"og:site_name\" content=\"Rucas - One-stop AIoT Distribution Worldwide\" \/>\n\t\t<meta property=\"og:type\" content=\"article\" \/>\n\t\t<meta property=\"og:title\" content=\"Xiaomi Mi Electric Scooter 4 Go - Rucas - Wholesale and Distribution\" \/>\n\t\t<meta property=\"og:description\" content=\"Maximum speed: 20 km\/h (Max speed for each mode: Pedestrian mode: 5 km\/h; D: 15 km\/h; S: 20 km\/h) Overall Range: 20km Maximum climb angle: 10\u00b0 Braking: E-ABS and disc brake Rated Power: 250W Maximum Power: 500W\" \/>\n\t\t<meta property=\"og:url\" content=\"https:\/\/www.rucashk.com\/es\/producto\/xiaomi-mi-electric-scooter-4-go\/\" \/>\n\t\t<meta property=\"og:image\" content=\"https:\/\/www.rucashk.com\/wp-content\/uploads\/replace\/503b8e645f128a97ccde2b6290747646.jpeg\" \/>\n\t\t<meta property=\"og:image:secure_url\" content=\"https:\/\/www.rucashk.com\/wp-content\/uploads\/replace\/503b8e645f128a97ccde2b6290747646.jpeg\" \/>\n\t\t<meta property=\"og:image:width\" content=\"1456\" \/>\n\t\t<meta property=\"og:image:height\" content=\"816\" \/>\n\t\t<meta property=\"article:published_time\" content=\"2024-03-24T15:14:50+00:00\" \/>\n\t\t<meta property=\"article:modified_time\" content=\"2024-04-16T13:22:03+00:00\" \/>\n\t\t<meta name=\"twitter:card\" content=\"summary_large_image\" \/>\n\t\t<meta name=\"twitter:title\" content=\"Xiaomi Mi Electric Scooter 4 Go - Rucas - Wholesale and Distribution\" \/>\n\t\t<meta name=\"twitter:description\" content=\"Maximum speed: 20 km\/h (Max speed for each mode: Pedestrian mode: 5 km\/h; D: 15 km\/h; S: 20 km\/h) Overall Range: 20km Maximum climb angle: 10\u00b0 Braking: E-ABS and disc brake Rated Power: 250W Maximum Power: 500W\" \/>\n\t\t<meta name=\"twitter:image\" content=\"https:\/\/www.rucashk.com\/wp-content\/uploads\/replace\/503b8e645f128a97ccde2b6290747646.jpeg\" \/>\n\t\t<script type=\"application\/ld+json\" class=\"aioseo-schema\">\n\t\t\t{\"@context\":\"https:\\\/\\\/schema.org\",\"@graph\":[{\"@type\":\"BreadcrumbList\",\"@id\":\"https:\\\/\\\/www.rucashk.com\\\/es\\\/producto\\\/xiaomi-mi-electric-scooter-4-go\\\/#breadcrumblist\",\"itemListElement\":[{\"@type\":\"ListItem\",\"@id\":\"https:\\\/\\\/www.rucashk.com\\\/es\\\/#listItem\",\"position\":1,\"name\":\"Home\",\"item\":\"https:\\\/\\\/www.rucashk.com\\\/es\\\/\",\"nextItem\":\"https:\\\/\\\/www.rucashk.com\\\/es\\\/producto\\\/xiaomi-mi-electric-scooter-4-go\\\/#listItem\"},{\"@type\":\"ListItem\",\"@id\":\"https:\\\/\\\/www.rucashk.com\\\/es\\\/producto\\\/xiaomi-mi-electric-scooter-4-go\\\/#listItem\",\"position\":2,\"name\":\"Xiaomi Mi Electric Scooter 4 Go\",\"previousItem\":\"https:\\\/\\\/www.rucashk.com\\\/es\\\/#listItem\"}]},{\"@type\":\"Organization\",\"@id\":\"https:\\\/\\\/www.rucashk.com\\\/es\\\/#organization\",\"name\":\"Rucas\",\"url\":\"https:\\\/\\\/www.rucashk.com\\\/es\\\/\",\"logo\":{\"@type\":\"ImageObject\",\"url\":\"https:\\\/\\\/www.rucashk.com\\\/wp-content\\\/uploads\\\/2023\\\/12\\\/Rucas_campany_logo.png\",\"@id\":\"https:\\\/\\\/www.rucashk.com\\\/es\\\/producto\\\/xiaomi-mi-electric-scooter-4-go\\\/#organizationLogo\",\"width\":221,\"height\":65},\"image\":{\"@id\":\"https:\\\/\\\/www.rucashk.com\\\/es\\\/#organizationLogo\"}},{\"@type\":\"Person\",\"@id\":\"https:\\\/\\\/www.rucashk.com\\\/es\\\/author\\\/admin\\\/#author\",\"url\":\"https:\\\/\\\/www.rucashk.com\\\/es\\\/author\\\/admin\\\/\",\"name\":\"admin\",\"image\":{\"@type\":\"ImageObject\",\"@id\":\"https:\\\/\\\/www.rucashk.com\\\/es\\\/producto\\\/xiaomi-mi-electric-scooter-4-go\\\/#authorImage\",\"url\":\"https:\\\/\\\/secure.gravatar.com\\\/avatar\\\/b7c8925b09a27e72b30232f8ecaadbd5af0f70a38c78096863fe51b64f031c24?s=96&d=mm&r=g\",\"width\":96,\"height\":96,\"caption\":\"admin\"}},{\"@type\":\"WebPage\",\"@id\":\"https:\\\/\\\/www.rucashk.com\\\/es\\\/producto\\\/xiaomi-mi-electric-scooter-4-go\\\/#webpage\",\"url\":\"https:\\\/\\\/www.rucashk.com\\\/es\\\/producto\\\/xiaomi-mi-electric-scooter-4-go\\\/\",\"name\":\"Xiaomi Mi Electric Scooter 4 Go - Rucas - Wholesale and Distribution\",\"description\":\"Maximum speed: 20 km\\\/h (Max speed for each mode: Pedestrian mode: 5 km\\\/h; D: 15 km\\\/h; S: 20 km\\\/h) Overall Range: 20km Maximum climb angle: 10\\u00b0 Braking: E-ABS and disc brake Rated Power: 250W Maximum Power: 500W\",\"inLanguage\":\"es-ES\",\"isPartOf\":{\"@id\":\"https:\\\/\\\/www.rucashk.com\\\/es\\\/#website\"},\"breadcrumb\":{\"@id\":\"https:\\\/\\\/www.rucashk.com\\\/es\\\/producto\\\/xiaomi-mi-electric-scooter-4-go\\\/#breadcrumblist\"},\"author\":{\"@id\":\"https:\\\/\\\/www.rucashk.com\\\/es\\\/author\\\/admin\\\/#author\"},\"creator\":{\"@id\":\"https:\\\/\\\/www.rucashk.com\\\/es\\\/author\\\/admin\\\/#author\"},\"image\":{\"@type\":\"ImageObject\",\"url\":\"https:\\\/\\\/www.rucashk.com\\\/wp-content\\\/uploads\\\/2024\\\/03\\\/2e8226d808131c5bbb7f82e51bc69493400x40085.png\",\"@id\":\"https:\\\/\\\/www.rucashk.com\\\/es\\\/producto\\\/xiaomi-mi-electric-scooter-4-go\\\/#mainImage\",\"width\":400,\"height\":400},\"primaryImageOfPage\":{\"@id\":\"https:\\\/\\\/www.rucashk.com\\\/es\\\/producto\\\/xiaomi-mi-electric-scooter-4-go\\\/#mainImage\"},\"datePublished\":\"2024-03-24T15:14:50+00:00\",\"dateModified\":\"2024-04-16T13:22:03+00:00\"},{\"@type\":\"WebSite\",\"@id\":\"https:\\\/\\\/www.rucashk.com\\\/es\\\/#website\",\"url\":\"https:\\\/\\\/www.rucashk.com\\\/es\\\/\",\"name\":\"Rucas - Wholesale and distribution worldwide\",\"alternateName\":\"Rucas - One-stop AIoT Distribution Worldwide\",\"description\":\"One-stop AIoT Distribution Worldwide\",\"inLanguage\":\"es-ES\",\"publisher\":{\"@id\":\"https:\\\/\\\/www.rucashk.com\\\/es\\\/#organization\"}}]}\n\t\t<\/script>\n\t\t<!-- All in One SEO Pro -->\r\n\t\t<title>Xiaomi Mi Electric Scooter 4 Go - Rucas - Wholesale and Distribution<\/title>\n\n","aioseo_head_json":{"title":"Xiaomi Mi Electric Scooter 4 Go - Rucas - Wholesale and Distribution","description":"Maximum speed: 20 km\/h (Max speed for each mode: Pedestrian mode: 5 km\/h; D: 15 km\/h; S: 20 km\/h) Overall Range: 20km Maximum climb angle: 10\u00b0 Braking: E-ABS and disc brake Rated Power: 250W Maximum Power: 500W","canonical_url":"https:\/\/www.rucashk.com\/es\/producto\/xiaomi-mi-electric-scooter-4-go\/","robots":"max-image-preview:large","keywords":"","webmasterTools":{"miscellaneous":""},"og:locale":"es_ES","og:site_name":"Rucas - One-stop AIoT Distribution Worldwide","og:type":"article","og:title":"Xiaomi Mi Electric Scooter 4 Go - Rucas - Wholesale and Distribution","og:description":"Maximum speed: 20 km\/h (Max speed for each mode: Pedestrian mode: 5 km\/h; D: 15 km\/h; S: 20 km\/h) Overall Range: 20km Maximum climb angle: 10\u00b0 Braking: E-ABS and disc brake Rated Power: 250W Maximum Power: 500W","og:url":"https:\/\/www.rucashk.com\/es\/producto\/xiaomi-mi-electric-scooter-4-go\/","og:image":"https:\/\/www.rucashk.com\/wp-content\/uploads\/replace\/503b8e645f128a97ccde2b6290747646.jpeg","og:image:secure_url":"https:\/\/www.rucashk.com\/wp-content\/uploads\/replace\/503b8e645f128a97ccde2b6290747646.jpeg","og:image:width":1456,"og:image:height":816,"article:published_time":"2024-03-24T15:14:50+00:00","article:modified_time":"2024-04-16T13:22:03+00:00","twitter:card":"summary_large_image","twitter:title":"Xiaomi Mi Electric Scooter 4 Go - Rucas - Wholesale and Distribution","twitter:description":"Maximum speed: 20 km\/h (Max speed for each mode: Pedestrian mode: 5 km\/h; D: 15 km\/h; S: 20 km\/h) Overall Range: 20km Maximum climb angle: 10\u00b0 Braking: E-ABS and disc brake Rated Power: 250W Maximum Power: 500W","twitter:image":"https:\/\/www.rucashk.com\/wp-content\/uploads\/replace\/503b8e645f128a97ccde2b6290747646.jpeg","schema":{"@context":"https:\/\/schema.org","@graph":[{"@type":"BreadcrumbList","@id":"https:\/\/www.rucashk.com\/es\/producto\/xiaomi-mi-electric-scooter-4-go\/#breadcrumblist","itemListElement":[{"@type":"ListItem","@id":"https:\/\/www.rucashk.com\/es\/#listItem","position":1,"name":"Home","item":"https:\/\/www.rucashk.com\/es\/","nextItem":"https:\/\/www.rucashk.com\/es\/producto\/xiaomi-mi-electric-scooter-4-go\/#listItem"},{"@type":"ListItem","@id":"https:\/\/www.rucashk.com\/es\/producto\/xiaomi-mi-electric-scooter-4-go\/#listItem","position":2,"name":"Xiaomi Mi Electric Scooter 4 Go","previousItem":"https:\/\/www.rucashk.com\/es\/#listItem"}]},{"@type":"Organization","@id":"https:\/\/www.rucashk.com\/es\/#organization","name":"Rucas","url":"https:\/\/www.rucashk.com\/es\/","logo":{"@type":"ImageObject","url":"https:\/\/www.rucashk.com\/wp-content\/uploads\/2023\/12\/Rucas_campany_logo.png","@id":"https:\/\/www.rucashk.com\/es\/producto\/xiaomi-mi-electric-scooter-4-go\/#organizationLogo","width":221,"height":65},"image":{"@id":"https:\/\/www.rucashk.com\/es\/#organizationLogo"}},{"@type":"Person","@id":"https:\/\/www.rucashk.com\/es\/author\/admin\/#author","url":"https:\/\/www.rucashk.com\/es\/author\/admin\/","name":"admin","image":{"@type":"ImageObject","@id":"https:\/\/www.rucashk.com\/es\/producto\/xiaomi-mi-electric-scooter-4-go\/#authorImage","url":"https:\/\/secure.gravatar.com\/avatar\/b7c8925b09a27e72b30232f8ecaadbd5af0f70a38c78096863fe51b64f031c24?s=96&d=mm&r=g","width":96,"height":96,"caption":"admin"}},{"@type":"WebPage","@id":"https:\/\/www.rucashk.com\/es\/producto\/xiaomi-mi-electric-scooter-4-go\/#webpage","url":"https:\/\/www.rucashk.com\/es\/producto\/xiaomi-mi-electric-scooter-4-go\/","name":"Xiaomi Mi Electric Scooter 4 Go - Rucas - Wholesale and Distribution","description":"Maximum speed: 20 km\/h (Max speed for each mode: Pedestrian mode: 5 km\/h; D: 15 km\/h; S: 20 km\/h) Overall Range: 20km Maximum climb angle: 10\u00b0 Braking: E-ABS and disc brake Rated Power: 250W Maximum Power: 500W","inLanguage":"es-ES","isPartOf":{"@id":"https:\/\/www.rucashk.com\/es\/#website"},"breadcrumb":{"@id":"https:\/\/www.rucashk.com\/es\/producto\/xiaomi-mi-electric-scooter-4-go\/#breadcrumblist"},"author":{"@id":"https:\/\/www.rucashk.com\/es\/author\/admin\/#author"},"creator":{"@id":"https:\/\/www.rucashk.com\/es\/author\/admin\/#author"},"image":{"@type":"ImageObject","url":"https:\/\/www.rucashk.com\/wp-content\/uploads\/2024\/03\/2e8226d808131c5bbb7f82e51bc69493400x40085.png","@id":"https:\/\/www.rucashk.com\/es\/producto\/xiaomi-mi-electric-scooter-4-go\/#mainImage","width":400,"height":400},"primaryImageOfPage":{"@id":"https:\/\/www.rucashk.com\/es\/producto\/xiaomi-mi-electric-scooter-4-go\/#mainImage"},"datePublished":"2024-03-24T15:14:50+00:00","dateModified":"2024-04-16T13:22:03+00:00"},{"@type":"WebSite","@id":"https:\/\/www.rucashk.com\/es\/#website","url":"https:\/\/www.rucashk.com\/es\/","name":"Rucas - Wholesale and distribution worldwide","alternateName":"Rucas - One-stop AIoT Distribution Worldwide","description":"One-stop AIoT Distribution Worldwide","inLanguage":"es-ES","publisher":{"@id":"https:\/\/www.rucashk.com\/es\/#organization"}}]}},"aioseo_meta_data":{"post_id":"39403","title":null,"description":null,"keywords":null,"keyphrases":null,"primary_term":null,"canonical_url":null,"og_title":null,"og_description":null,"og_object_type":"default","og_image_type":"default","og_image_url":null,"og_image_width":null,"og_image_height":null,"og_image_custom_url":null,"og_image_custom_fields":null,"og_video":null,"og_custom_url":null,"og_article_section":null,"og_article_tags":null,"twitter_use_og":false,"twitter_card":"default","twitter_image_type":"default","twitter_image_url":null,"twitter_image_custom_url":null,"twitter_image_custom_fields":null,"twitter_title":null,"twitter_description":null,"schema":{"blockGraphs":[],"customGraphs":[],"default":{"data":{"Article":[],"Course":[],"Dataset":[],"FAQPage":[],"Movie":[],"Person":[],"Product":[],"Recipe":[],"Service":[],"SoftwareApplication":[],"WebPage":[]},"graphName":"","isEnabled":true},"graphs":[]},"schema_type":"default","schema_type_options":null,"pillar_content":false,"robots_default":true,"robots_noindex":false,"robots_noarchive":false,"robots_nosnippet":false,"robots_nofollow":false,"robots_noimageindex":false,"robots_noodp":false,"robots_notranslate":false,"robots_max_snippet":null,"robots_max_videopreview":null,"robots_max_imagepreview":"large","priority":null,"frequency":null,"local_seo":null,"breadcrumb_settings":null,"limit_modified_date":false,"created":"2024-04-11 01:57:23","updated":"2025-06-22 18:50:54"},"aioseo_breadcrumb":"<div class=\"aioseo-breadcrumbs\"><span class=\"aioseo-breadcrumb\">\n\t<a href=\"https:\/\/www.rucashk.com\/es\" title=\"Home\">Home<\/a>\n<\/span><span class=\"aioseo-breadcrumb-separator\">&raquo;<\/span><span class=\"aioseo-breadcrumb\">\n\t<a href=\"https:\/\/www.rucashk.com\/es\/products\/\" title=\"Productos\">Productos<\/a>\n<\/span><span class=\"aioseo-breadcrumb-separator\">&raquo;<\/span><span class=\"aioseo-breadcrumb\">\n\t<a href=\"https:\/\/www.rucashk.com\/es\/marca\/xiaomi\/\" title=\"Xiaomi\">Xiaomi<\/a>\n<\/span><span class=\"aioseo-breadcrumb-separator\">&raquo;<\/span><span class=\"aioseo-breadcrumb\">\n\tXiaomi Mi Electric Scooter 4 Go\n<\/span><\/div>","aioseo_breadcrumb_json":[{"label":"Home","link":"https:\/\/www.rucashk.com\/es"},{"label":"Productos","link":"https:\/\/www.rucashk.com\/es\/products\/"},{"label":"Xiaomi","link":"https:\/\/www.rucashk.com\/es\/marca\/xiaomi\/"},{"label":"Xiaomi Mi Electric Scooter 4 Go","link":"https:\/\/www.rucashk.com\/es\/producto\/xiaomi-mi-electric-scooter-4-go\/"}],"_links":{"self":[{"href":"https:\/\/www.rucashk.com\/es\/wp-json\/wp\/v2\/product\/39403","targetHints":{"allow":["GET"]}}],"collection":[{"href":"https:\/\/www.rucashk.com\/es\/wp-json\/wp\/v2\/product"}],"about":[{"href":"https:\/\/www.rucashk.com\/es\/wp-json\/wp\/v2\/types\/product"}],"wp:featuredmedia":[{"embeddable":true,"href":"https:\/\/www.rucashk.com\/es\/wp-json\/wp\/v2\/media\/39411"}],"wp:attachment":[{"href":"https:\/\/www.rucashk.com\/es\/wp-json\/wp\/v2\/media?parent=39403"}],"wp:term":[{"taxonomy":"product_brand","embeddable":true,"href":"https:\/\/www.rucashk.com\/es\/wp-json\/wp\/v2\/product_brand?post=39403"},{"taxonomy":"product_cat","embeddable":true,"href":"https:\/\/www.rucashk.com\/es\/wp-json\/wp\/v2\/product_cat?post=39403"},{"taxonomy":"product_tag","embeddable":true,"href":"https:\/\/www.rucashk.com\/es\/wp-json\/wp\/v2\/product_tag?post=39403"}],"curies":[{"name":"wp","href":"https:\/\/api.w.org\/{rel}","templated":true}]}}