{"id":39398,"date":"2024-03-24T14:56:59","date_gmt":"2024-03-24T14:56:59","guid":{"rendered":"http:\/\/rucashk.com\/?post_type=product&#038;p=39398"},"modified":"2024-04-16T13:22:02","modified_gmt":"2024-04-16T13:22:02","slug":"xiaomi-mi-electric-scooter-4-lite","status":"publish","type":"product","link":"https:\/\/www.rucashk.com\/es\/producto\/xiaomi-mi-electric-scooter-4-lite\/","title":{"rendered":"Patinete El\u00e9ctrico Xiaomi Mi 4 Lite"},"content":{"rendered":"<p><img decoding=\"async\" alt=\"Xiaomi Mi Electric Scooter 4 Lite\" src=\"\/wp-content\/uploads\/replace\/e31f44c09a9443b751b28afa269d791f.png\" \/><\/p>\n<p>Haz que moverte sea f\u00e1cil con el patinete Xiaomi Mi Electric Scooter 4 Lite. Se puede plegar y desplegar en tan solo 3 segundos, por lo que es f\u00e1cil de llevar contigo dondequiera que vayas. Intuitivo, f\u00e1cil de manejar y plegable, tiene una velocidad m\u00e1xima de 25 km\/h (en modo deportivo) y una pantalla LED.<\/p>\n<p>Con sus l\u00edneas suaves y armoniosas, el Xiaomi Mi Electric Scooter 4 Lite llama realmente la atenci\u00f3n. Hermoso y c\u00f3modo, se puede plegar en solo tres segundos; simplemente dale la vuelta, d\u00f3blalo y suj\u00e9talo en su lugar para guardarlo f\u00e1cilmente en el maletero.<\/p>\n<p>El resultado es un sistema compacto, plegado de forma segura y f\u00e1cil de guardar en casa, en la oficina o en el maletero de un coche.<\/p>\n<p>El Xiaomi Mi Electric Scooter 4 Lite tiene una autonom\u00eda de 20 km con una sola carga. Esto es m\u00e1s que suficiente para viajes de corta distancia.<\/p>\n<p>Adem\u00e1s, est\u00e1 dise\u00f1ado para j\u00f3venes que aspiran a un estilo de vida libre y \u00e1gil, ya que est\u00e1 fabricado con una aleaci\u00f3n de aluminio liviana, lo que lo hace m\u00e1s f\u00e1cil de levantar y m\u00e1s c\u00f3modo de llevar en sus viajes.<\/p>","protected":false},"excerpt":{"rendered":"<ul>\n<li><b>Pantalla LED con velocidad, autonom\u00eda, kilometraje y modos.<\/b><\/li>\n<li><strong>Velocidad m\u00e1xima:<\/strong>\u00a025 km\/h (modo deportivo)<\/li>\n<li><strong>Potencia nominal del motor:\u00a0<\/strong>300 vatios<\/li>\n<li><strong>Rango:<\/strong>\u00a020 kilometros<\/li>\n<li><strong>Tiempo de carga<\/strong>: 4,5 horas<\/li>\n<li>Plegado r\u00e1pido en 3 pasos<\/li>\n<li><strong>Inclinaci\u00f3n m\u00e1xima\u00a0<\/strong>: aprox. 14<\/li>\n<li>Certificaci\u00f3n IP54<\/li>\n<li><strong>Tama\u00f1o recomendado:<\/strong>\u00a0120-200cm<\/li>\n<li><strong>Carga m\u00e1xima:<\/strong>\u00a0100 kilos<\/li>\n<li><strong>Peso<\/strong>: 15,6 kilos<\/li>\n<li><strong>Dimensiones<\/strong>: 1110x440x1145mm<\/li>\n<li><strong>Dimensiones plegadas:<\/strong>\u00a01110x440x495mm<\/li>\n<\/ul>","protected":false},"featured_media":39401,"template":"","meta":[],"product_brand":[1363],"product_cat":[1314,1305],"product_tag":[],"class_list":{"0":"post-39398","1":"product","2":"type-product","3":"status-publish","4":"has-post-thumbnail","6":"product_brand-xiaomi","7":"product_cat-mi-scooter","8":"product_cat-xiaomi-eco","10":"first","11":"instock","12":"shipping-taxable","13":"product-type-simple"},"aioseo_notices":[],"aioseo_head":"\n\t\t<!-- All in One SEO Pro 4.5.9.2 - aioseo.com -->\n\t\t<meta name=\"description\" content=\"LED display with speed, range, mileage and modes Maximum speed: 25 km\/h (sport mode) Rated motor power: 300 W Range: 20 km Charging time: 4.5 hours Quick folding in 3 steps Maximum incline : approx. 14 IP54 certification Recommended size: 120-200 cm Maximum load: 100 kg Weight: 15.6 kg Dimensions: 1110 x 440 x 1145 mm Folded dimensions: 1110 x 440 x 495 mm\" \/>\n\t\t<meta name=\"robots\" content=\"max-image-preview:large\" \/>\n\t\t<link rel=\"canonical\" href=\"https:\/\/www.rucashk.com\/es\/producto\/xiaomi-mi-electric-scooter-4-lite\/\" \/>\n\t\t<meta name=\"generator\" content=\"All in One SEO Pro (AIOSEO) 4.5.9.2\" \/>\n\t\t<meta property=\"og:locale\" content=\"es_ES\" \/>\n\t\t<meta property=\"og:site_name\" content=\"Rucas - One-stop AIoT Distribution Worldwide\" \/>\n\t\t<meta property=\"og:type\" content=\"article\" \/>\n\t\t<meta property=\"og:title\" content=\"Xiaomi Mi Electric Scooter 4 Lite - Rucas - Wholesale and Distribution\" \/>\n\t\t<meta property=\"og:description\" content=\"LED display with speed, range, mileage and modes Maximum speed: 25 km\/h (sport mode) Rated motor power: 300 W Range: 20 km Charging time: 4.5 hours Quick folding in 3 steps Maximum incline : approx. 14 IP54 certification Recommended size: 120-200 cm Maximum load: 100 kg Weight: 15.6 kg Dimensions: 1110 x 440 x 1145 mm Folded dimensions: 1110 x 440 x 495 mm\" \/>\n\t\t<meta property=\"og:url\" content=\"https:\/\/www.rucashk.com\/es\/producto\/xiaomi-mi-electric-scooter-4-lite\/\" \/>\n\t\t<meta property=\"og:image\" content=\"https:\/\/www.rucashk.com\/wp-content\/uploads\/replace\/503b8e645f128a97ccde2b6290747646.jpeg\" \/>\n\t\t<meta property=\"og:image:secure_url\" content=\"https:\/\/www.rucashk.com\/wp-content\/uploads\/replace\/503b8e645f128a97ccde2b6290747646.jpeg\" \/>\n\t\t<meta property=\"og:image:width\" content=\"1456\" \/>\n\t\t<meta property=\"og:image:height\" content=\"816\" \/>\n\t\t<meta property=\"article:published_time\" content=\"2024-03-24T14:56:59+00:00\" \/>\n\t\t<meta property=\"article:modified_time\" content=\"2024-04-16T13:22:02+00:00\" \/>\n\t\t<meta name=\"twitter:card\" content=\"summary_large_image\" \/>\n\t\t<meta name=\"twitter:title\" content=\"Xiaomi Mi Electric Scooter 4 Lite - Rucas - Wholesale and Distribution\" \/>\n\t\t<meta name=\"twitter:description\" content=\"LED display with speed, range, mileage and modes Maximum speed: 25 km\/h (sport mode) Rated motor power: 300 W Range: 20 km Charging time: 4.5 hours Quick folding in 3 steps Maximum incline : approx. 14 IP54 certification Recommended size: 120-200 cm Maximum load: 100 kg Weight: 15.6 kg Dimensions: 1110 x 440 x 1145 mm Folded dimensions: 1110 x 440 x 495 mm\" \/>\n\t\t<meta name=\"twitter:image\" content=\"https:\/\/www.rucashk.com\/wp-content\/uploads\/replace\/503b8e645f128a97ccde2b6290747646.jpeg\" \/>\n\t\t<script type=\"application\/ld+json\" class=\"aioseo-schema\">\n\t\t\t{\"@context\":\"https:\\\/\\\/schema.org\",\"@graph\":[{\"@type\":\"BreadcrumbList\",\"@id\":\"https:\\\/\\\/www.rucashk.com\\\/es\\\/producto\\\/xiaomi-mi-electric-scooter-4-lite\\\/#breadcrumblist\",\"itemListElement\":[{\"@type\":\"ListItem\",\"@id\":\"https:\\\/\\\/www.rucashk.com\\\/es\\\/#listItem\",\"position\":1,\"name\":\"Home\",\"item\":\"https:\\\/\\\/www.rucashk.com\\\/es\\\/\",\"nextItem\":\"https:\\\/\\\/www.rucashk.com\\\/es\\\/producto\\\/xiaomi-mi-electric-scooter-4-lite\\\/#listItem\"},{\"@type\":\"ListItem\",\"@id\":\"https:\\\/\\\/www.rucashk.com\\\/es\\\/producto\\\/xiaomi-mi-electric-scooter-4-lite\\\/#listItem\",\"position\":2,\"name\":\"Xiaomi Mi Electric Scooter 4 Lite\",\"previousItem\":\"https:\\\/\\\/www.rucashk.com\\\/es\\\/#listItem\"}]},{\"@type\":\"Organization\",\"@id\":\"https:\\\/\\\/www.rucashk.com\\\/es\\\/#organization\",\"name\":\"Rucas\",\"url\":\"https:\\\/\\\/www.rucashk.com\\\/es\\\/\",\"logo\":{\"@type\":\"ImageObject\",\"url\":\"https:\\\/\\\/www.rucashk.com\\\/wp-content\\\/uploads\\\/2023\\\/12\\\/Rucas_campany_logo.png\",\"@id\":\"https:\\\/\\\/www.rucashk.com\\\/es\\\/producto\\\/xiaomi-mi-electric-scooter-4-lite\\\/#organizationLogo\",\"width\":221,\"height\":65},\"image\":{\"@id\":\"https:\\\/\\\/www.rucashk.com\\\/es\\\/#organizationLogo\"}},{\"@type\":\"Person\",\"@id\":\"https:\\\/\\\/www.rucashk.com\\\/es\\\/author\\\/admin\\\/#author\",\"url\":\"https:\\\/\\\/www.rucashk.com\\\/es\\\/author\\\/admin\\\/\",\"name\":\"admin\",\"image\":{\"@type\":\"ImageObject\",\"@id\":\"https:\\\/\\\/www.rucashk.com\\\/es\\\/producto\\\/xiaomi-mi-electric-scooter-4-lite\\\/#authorImage\",\"url\":\"https:\\\/\\\/secure.gravatar.com\\\/avatar\\\/b7c8925b09a27e72b30232f8ecaadbd5af0f70a38c78096863fe51b64f031c24?s=96&d=mm&r=g\",\"width\":96,\"height\":96,\"caption\":\"admin\"}},{\"@type\":\"WebPage\",\"@id\":\"https:\\\/\\\/www.rucashk.com\\\/es\\\/producto\\\/xiaomi-mi-electric-scooter-4-lite\\\/#webpage\",\"url\":\"https:\\\/\\\/www.rucashk.com\\\/es\\\/producto\\\/xiaomi-mi-electric-scooter-4-lite\\\/\",\"name\":\"Xiaomi Mi Electric Scooter 4 Lite - Rucas - Wholesale and Distribution\",\"description\":\"LED display with speed, range, mileage and modes Maximum speed: 25 km\\\/h (sport mode) Rated motor power: 300 W Range: 20 km Charging time: 4.5 hours Quick folding in 3 steps Maximum incline : approx. 14 IP54 certification Recommended size: 120-200 cm Maximum load: 100 kg Weight: 15.6 kg Dimensions: 1110 x 440 x 1145 mm Folded dimensions: 1110 x 440 x 495 mm\",\"inLanguage\":\"es-ES\",\"isPartOf\":{\"@id\":\"https:\\\/\\\/www.rucashk.com\\\/es\\\/#website\"},\"breadcrumb\":{\"@id\":\"https:\\\/\\\/www.rucashk.com\\\/es\\\/producto\\\/xiaomi-mi-electric-scooter-4-lite\\\/#breadcrumblist\"},\"author\":{\"@id\":\"https:\\\/\\\/www.rucashk.com\\\/es\\\/author\\\/admin\\\/#author\"},\"creator\":{\"@id\":\"https:\\\/\\\/www.rucashk.com\\\/es\\\/author\\\/admin\\\/#author\"},\"image\":{\"@type\":\"ImageObject\",\"url\":\"https:\\\/\\\/www.rucashk.com\\\/wp-content\\\/uploads\\\/2024\\\/03\\\/6507ed280b6d3.webp\",\"@id\":\"https:\\\/\\\/www.rucashk.com\\\/es\\\/producto\\\/xiaomi-mi-electric-scooter-4-lite\\\/#mainImage\",\"width\":1024,\"height\":1024},\"primaryImageOfPage\":{\"@id\":\"https:\\\/\\\/www.rucashk.com\\\/es\\\/producto\\\/xiaomi-mi-electric-scooter-4-lite\\\/#mainImage\"},\"datePublished\":\"2024-03-24T14:56:59+00:00\",\"dateModified\":\"2024-04-16T13:22:02+00:00\"},{\"@type\":\"WebSite\",\"@id\":\"https:\\\/\\\/www.rucashk.com\\\/es\\\/#website\",\"url\":\"https:\\\/\\\/www.rucashk.com\\\/es\\\/\",\"name\":\"Rucas - Wholesale and distribution worldwide\",\"alternateName\":\"Rucas - One-stop AIoT Distribution Worldwide\",\"description\":\"One-stop AIoT Distribution Worldwide\",\"inLanguage\":\"es-ES\",\"publisher\":{\"@id\":\"https:\\\/\\\/www.rucashk.com\\\/es\\\/#organization\"}}]}\n\t\t<\/script>\n\t\t<!-- All in One SEO Pro -->\r\n\t\t<title>Xiaomi Mi Electric Scooter 4 Lite - Rucas - Wholesale and Distribution<\/title>\n\n","aioseo_head_json":{"title":"Xiaomi Mi Electric Scooter 4 Lite - Rucas - Wholesale and Distribution","description":"LED display with speed, range, mileage and modes Maximum speed: 25 km\/h (sport mode) Rated motor power: 300 W Range: 20 km Charging time: 4.5 hours Quick folding in 3 steps Maximum incline : approx. 14 IP54 certification Recommended size: 120-200 cm Maximum load: 100 kg Weight: 15.6 kg Dimensions: 1110 x 440 x 1145 mm Folded dimensions: 1110 x 440 x 495 mm","canonical_url":"https:\/\/www.rucashk.com\/es\/producto\/xiaomi-mi-electric-scooter-4-lite\/","robots":"max-image-preview:large","keywords":"","webmasterTools":{"miscellaneous":""},"og:locale":"es_ES","og:site_name":"Rucas - One-stop AIoT Distribution Worldwide","og:type":"article","og:title":"Xiaomi Mi Electric Scooter 4 Lite - Rucas - Wholesale and Distribution","og:description":"LED display with speed, range, mileage and modes Maximum speed: 25 km\/h (sport mode) Rated motor power: 300 W Range: 20 km Charging time: 4.5 hours Quick folding in 3 steps Maximum incline : approx. 14 IP54 certification Recommended size: 120-200 cm Maximum load: 100 kg Weight: 15.6 kg Dimensions: 1110 x 440 x 1145 mm Folded dimensions: 1110 x 440 x 495 mm","og:url":"https:\/\/www.rucashk.com\/es\/producto\/xiaomi-mi-electric-scooter-4-lite\/","og:image":"https:\/\/www.rucashk.com\/wp-content\/uploads\/replace\/503b8e645f128a97ccde2b6290747646.jpeg","og:image:secure_url":"https:\/\/www.rucashk.com\/wp-content\/uploads\/replace\/503b8e645f128a97ccde2b6290747646.jpeg","og:image:width":1456,"og:image:height":816,"article:published_time":"2024-03-24T14:56:59+00:00","article:modified_time":"2024-04-16T13:22:02+00:00","twitter:card":"summary_large_image","twitter:title":"Xiaomi Mi Electric Scooter 4 Lite - Rucas - Wholesale and Distribution","twitter:description":"LED display with speed, range, mileage and modes Maximum speed: 25 km\/h (sport mode) Rated motor power: 300 W Range: 20 km Charging time: 4.5 hours Quick folding in 3 steps Maximum incline : approx. 14 IP54 certification Recommended size: 120-200 cm Maximum load: 100 kg Weight: 15.6 kg Dimensions: 1110 x 440 x 1145 mm Folded dimensions: 1110 x 440 x 495 mm","twitter:image":"https:\/\/www.rucashk.com\/wp-content\/uploads\/replace\/503b8e645f128a97ccde2b6290747646.jpeg","schema":{"@context":"https:\/\/schema.org","@graph":[{"@type":"BreadcrumbList","@id":"https:\/\/www.rucashk.com\/es\/producto\/xiaomi-mi-electric-scooter-4-lite\/#breadcrumblist","itemListElement":[{"@type":"ListItem","@id":"https:\/\/www.rucashk.com\/es\/#listItem","position":1,"name":"Home","item":"https:\/\/www.rucashk.com\/es\/","nextItem":"https:\/\/www.rucashk.com\/es\/producto\/xiaomi-mi-electric-scooter-4-lite\/#listItem"},{"@type":"ListItem","@id":"https:\/\/www.rucashk.com\/es\/producto\/xiaomi-mi-electric-scooter-4-lite\/#listItem","position":2,"name":"Xiaomi Mi Electric Scooter 4 Lite","previousItem":"https:\/\/www.rucashk.com\/es\/#listItem"}]},{"@type":"Organization","@id":"https:\/\/www.rucashk.com\/es\/#organization","name":"Rucas","url":"https:\/\/www.rucashk.com\/es\/","logo":{"@type":"ImageObject","url":"https:\/\/www.rucashk.com\/wp-content\/uploads\/2023\/12\/Rucas_campany_logo.png","@id":"https:\/\/www.rucashk.com\/es\/producto\/xiaomi-mi-electric-scooter-4-lite\/#organizationLogo","width":221,"height":65},"image":{"@id":"https:\/\/www.rucashk.com\/es\/#organizationLogo"}},{"@type":"Person","@id":"https:\/\/www.rucashk.com\/es\/author\/admin\/#author","url":"https:\/\/www.rucashk.com\/es\/author\/admin\/","name":"admin","image":{"@type":"ImageObject","@id":"https:\/\/www.rucashk.com\/es\/producto\/xiaomi-mi-electric-scooter-4-lite\/#authorImage","url":"https:\/\/secure.gravatar.com\/avatar\/b7c8925b09a27e72b30232f8ecaadbd5af0f70a38c78096863fe51b64f031c24?s=96&d=mm&r=g","width":96,"height":96,"caption":"admin"}},{"@type":"WebPage","@id":"https:\/\/www.rucashk.com\/es\/producto\/xiaomi-mi-electric-scooter-4-lite\/#webpage","url":"https:\/\/www.rucashk.com\/es\/producto\/xiaomi-mi-electric-scooter-4-lite\/","name":"Xiaomi Mi Electric Scooter 4 Lite - Rucas - Wholesale and Distribution","description":"LED display with speed, range, mileage and modes Maximum speed: 25 km\/h (sport mode) Rated motor power: 300 W Range: 20 km Charging time: 4.5 hours Quick folding in 3 steps Maximum incline : approx. 14 IP54 certification Recommended size: 120-200 cm Maximum load: 100 kg Weight: 15.6 kg Dimensions: 1110 x 440 x 1145 mm Folded dimensions: 1110 x 440 x 495 mm","inLanguage":"es-ES","isPartOf":{"@id":"https:\/\/www.rucashk.com\/es\/#website"},"breadcrumb":{"@id":"https:\/\/www.rucashk.com\/es\/producto\/xiaomi-mi-electric-scooter-4-lite\/#breadcrumblist"},"author":{"@id":"https:\/\/www.rucashk.com\/es\/author\/admin\/#author"},"creator":{"@id":"https:\/\/www.rucashk.com\/es\/author\/admin\/#author"},"image":{"@type":"ImageObject","url":"https:\/\/www.rucashk.com\/wp-content\/uploads\/2024\/03\/6507ed280b6d3.webp","@id":"https:\/\/www.rucashk.com\/es\/producto\/xiaomi-mi-electric-scooter-4-lite\/#mainImage","width":1024,"height":1024},"primaryImageOfPage":{"@id":"https:\/\/www.rucashk.com\/es\/producto\/xiaomi-mi-electric-scooter-4-lite\/#mainImage"},"datePublished":"2024-03-24T14:56:59+00:00","dateModified":"2024-04-16T13:22:02+00:00"},{"@type":"WebSite","@id":"https:\/\/www.rucashk.com\/es\/#website","url":"https:\/\/www.rucashk.com\/es\/","name":"Rucas - Wholesale and distribution worldwide","alternateName":"Rucas - One-stop AIoT Distribution Worldwide","description":"One-stop AIoT Distribution Worldwide","inLanguage":"es-ES","publisher":{"@id":"https:\/\/www.rucashk.com\/es\/#organization"}}]}},"aioseo_meta_data":{"post_id":"39398","title":null,"description":null,"keywords":null,"keyphrases":null,"primary_term":null,"canonical_url":null,"og_title":null,"og_description":null,"og_object_type":"default","og_image_type":"default","og_image_url":null,"og_image_width":null,"og_image_height":null,"og_image_custom_url":null,"og_image_custom_fields":null,"og_video":null,"og_custom_url":null,"og_article_section":null,"og_article_tags":null,"twitter_use_og":false,"twitter_card":"default","twitter_image_type":"default","twitter_image_url":null,"twitter_image_custom_url":null,"twitter_image_custom_fields":null,"twitter_title":null,"twitter_description":null,"schema":{"blockGraphs":[],"customGraphs":[],"default":{"data":{"Article":[],"Course":[],"Dataset":[],"FAQPage":[],"Movie":[],"Person":[],"Product":[],"Recipe":[],"Service":[],"SoftwareApplication":[],"WebPage":[]},"graphName":"","isEnabled":true},"graphs":[]},"schema_type":"default","schema_type_options":null,"pillar_content":false,"robots_default":true,"robots_noindex":false,"robots_noarchive":false,"robots_nosnippet":false,"robots_nofollow":false,"robots_noimageindex":false,"robots_noodp":false,"robots_notranslate":false,"robots_max_snippet":null,"robots_max_videopreview":null,"robots_max_imagepreview":"large","priority":null,"frequency":null,"local_seo":null,"breadcrumb_settings":null,"limit_modified_date":false,"created":"2024-04-11 01:57:23","updated":"2025-06-22 18:50:54"},"aioseo_breadcrumb":"<div class=\"aioseo-breadcrumbs\"><span class=\"aioseo-breadcrumb\">\n\t<a href=\"https:\/\/www.rucashk.com\/es\" title=\"Home\">Home<\/a>\n<\/span><span class=\"aioseo-breadcrumb-separator\">&raquo;<\/span><span class=\"aioseo-breadcrumb\">\n\t<a href=\"https:\/\/www.rucashk.com\/es\/products\/\" title=\"Productos\">Productos<\/a>\n<\/span><span class=\"aioseo-breadcrumb-separator\">&raquo;<\/span><span class=\"aioseo-breadcrumb\">\n\t<a href=\"https:\/\/www.rucashk.com\/es\/marca\/xiaomi\/\" title=\"Xiaomi\">Xiaomi<\/a>\n<\/span><span class=\"aioseo-breadcrumb-separator\">&raquo;<\/span><span class=\"aioseo-breadcrumb\">\n\tXiaomi Mi Electric Scooter 4 Lite\n<\/span><\/div>","aioseo_breadcrumb_json":[{"label":"Home","link":"https:\/\/www.rucashk.com\/es"},{"label":"Productos","link":"https:\/\/www.rucashk.com\/es\/products\/"},{"label":"Xiaomi","link":"https:\/\/www.rucashk.com\/es\/marca\/xiaomi\/"},{"label":"Xiaomi Mi Electric Scooter 4 Lite","link":"https:\/\/www.rucashk.com\/es\/producto\/xiaomi-mi-electric-scooter-4-lite\/"}],"_links":{"self":[{"href":"https:\/\/www.rucashk.com\/es\/wp-json\/wp\/v2\/product\/39398","targetHints":{"allow":["GET"]}}],"collection":[{"href":"https:\/\/www.rucashk.com\/es\/wp-json\/wp\/v2\/product"}],"about":[{"href":"https:\/\/www.rucashk.com\/es\/wp-json\/wp\/v2\/types\/product"}],"wp:featuredmedia":[{"embeddable":true,"href":"https:\/\/www.rucashk.com\/es\/wp-json\/wp\/v2\/media\/39401"}],"wp:attachment":[{"href":"https:\/\/www.rucashk.com\/es\/wp-json\/wp\/v2\/media?parent=39398"}],"wp:term":[{"taxonomy":"product_brand","embeddable":true,"href":"https:\/\/www.rucashk.com\/es\/wp-json\/wp\/v2\/product_brand?post=39398"},{"taxonomy":"product_cat","embeddable":true,"href":"https:\/\/www.rucashk.com\/es\/wp-json\/wp\/v2\/product_cat?post=39398"},{"taxonomy":"product_tag","embeddable":true,"href":"https:\/\/www.rucashk.com\/es\/wp-json\/wp\/v2\/product_tag?post=39398"}],"curies":[{"name":"wp","href":"https:\/\/api.w.org\/{rel}","templated":true}]}}