{"id":39380,"date":"2024-03-24T11:07:14","date_gmt":"2024-03-24T11:07:14","guid":{"rendered":"http:\/\/rucashk.com\/?post_type=product&#038;p=39380"},"modified":"2024-03-24T11:07:15","modified_gmt":"2024-03-24T11:07:15","slug":"redmi-buds-essential-true-wireless-earbuds","status":"publish","type":"product","link":"https:\/\/www.rucashk.com\/es\/producto\/redmi-buds-essential-true-wireless-earbuds\/","title":{"rendered":"Auriculares inal\u00e1mbricos verdaderos Redmi Buds Essential"},"content":{"rendered":"<div class=\"xm-navbar\">\n<div class=\"xm-navbar__container\">\n<div class=\"xm-navbar__nav\" data-id=\"5w5rvv40ha1\">\n<div id=\"buy-root\"><picture class=\"xm-picture section_01\" style=\"font-family: var(--mt-font__main); font-size: 1rem;\"><img decoding=\"async\" class=\"xm-img\" src=\"\/wp-content\/uploads\/replace\/34a5baf895a3e462c3b6f8bdc6d57bdb.jpeg\" alt=\"Redmi Buds Essential\" data-id=\"cn6xubup0q\" \/><\/picture><\/div>\n<\/div>\n<\/div>\n<\/div>\n<p><main class=\"fly-birds-page overview_pc\"><\/p>\n<div class=\"section div26 lazy\" data-type=\"bg\" data-id=\"mm3v5q68wp\" data-background-image=\"\" data-loaded=\"true\"><picture class=\"xm-picture image27\"><source class=\"lazy\" srcset=\"\/wp-content\/uploads\/replace\/5456c0383e934c402e34dd10ddce06ad.png?f=webp\" type=\"image\/webp\" data-srcset=\"\/wp-content\/uploads\/replace\/5456c0383e934c402e34dd10ddce06ad.png?f=webp\" data-loaded=\"true\" \/><img decoding=\"async\" class=\"xm-img lazy\" src=\"\/wp-content\/uploads\/replace\/5456c0383e934c402e34dd10ddce06ad.png\" alt=\"Redmi Buds Essential\" data-id=\"2ktqzf7zvp\" data-src=\"\/wp-content\/uploads\/replace\/5456c0383e934c402e34dd10ddce06ad.png\" data-loaded=\"true\" \/><\/picture><\/div>\n<div class=\"section div31 lazy\" data-type=\"bg\" data-id=\"17akmca5kv\" data-background-image=\"\" data-loaded=\"true\"><picture class=\"xm-picture image32\"><source class=\"lazy\" srcset=\"\/wp-content\/uploads\/replace\/4728a3cc78913e57153aa897d2e21483.png?f=webp\" type=\"image\/webp\" data-srcset=\"\/wp-content\/uploads\/replace\/4728a3cc78913e57153aa897d2e21483.png?f=webp\" data-loaded=\"true\" \/><img decoding=\"async\" class=\"xm-img lazy\" src=\"\/wp-content\/uploads\/replace\/4728a3cc78913e57153aa897d2e21483.png\" alt=\"Redmi Buds Essential\" data-id=\"xwxk1e33xw\" data-src=\"\/wp-content\/uploads\/replace\/4728a3cc78913e57153aa897d2e21483.png\" data-loaded=\"true\" \/><\/picture><\/div>\n<div class=\"section div36 lazy\" data-type=\"bg\" data-id=\"b5bxk17qw4\" data-background-image=\"\" data-loaded=\"true\"><picture class=\"xm-picture image37\"><source class=\"lazy\" srcset=\"\/wp-content\/uploads\/replace\/706fc58a7d1c263fedc3b2e8a2a13aaf.png?f=webp\" type=\"image\/webp\" data-srcset=\"\/wp-content\/uploads\/replace\/706fc58a7d1c263fedc3b2e8a2a13aaf.png?f=webp\" data-loaded=\"true\" \/><img decoding=\"async\" class=\"xm-img lazy\" src=\"\/wp-content\/uploads\/replace\/706fc58a7d1c263fedc3b2e8a2a13aaf.png\" alt=\"Redmi Buds Essential\" data-id=\"3fz24w7w36\" data-src=\"\/wp-content\/uploads\/replace\/706fc58a7d1c263fedc3b2e8a2a13aaf.png\" data-loaded=\"true\" \/><\/picture><\/div>\n<div class=\"section div41 lazy\" data-type=\"bg\" data-id=\"0t94gcv331\" data-background-image=\"\" data-loaded=\"true\"><picture class=\"xm-picture image42\"><source class=\"lazy\" srcset=\"\/wp-content\/uploads\/replace\/7688af14d112285b12beb632e285ba6f.png?f=webp\" type=\"image\/webp\" data-srcset=\"\/wp-content\/uploads\/replace\/7688af14d112285b12beb632e285ba6f.png?f=webp\" data-loaded=\"true\" \/><img decoding=\"async\" class=\"xm-img lazy\" src=\"\/wp-content\/uploads\/replace\/7688af14d112285b12beb632e285ba6f.png\" alt=\"Redmi Buds Essential\" data-id=\"e4c3hs73hg\" data-src=\"\/wp-content\/uploads\/replace\/7688af14d112285b12beb632e285ba6f.png\" data-loaded=\"true\" \/><\/picture><\/div>\n<div class=\"section div46 lazy\" data-type=\"bg\" data-id=\"p2v8uxeeai\" data-background-image=\"\" data-loaded=\"true\"><picture class=\"xm-picture image47\"><source class=\"lazy\" srcset=\"\/wp-content\/uploads\/replace\/29e9a077612b599111bfcd3745bd1ef2.png?f=webp\" type=\"image\/webp\" data-srcset=\"\/wp-content\/uploads\/replace\/29e9a077612b599111bfcd3745bd1ef2.png?f=webp\" data-loaded=\"true\" \/><img decoding=\"async\" class=\"xm-img lazy\" src=\"\/wp-content\/uploads\/replace\/29e9a077612b599111bfcd3745bd1ef2.png\" alt=\"Redmi Buds Essential\" data-id=\"u43auv8sbc\" data-src=\"\/wp-content\/uploads\/replace\/29e9a077612b599111bfcd3745bd1ef2.png\" data-loaded=\"true\" \/><\/picture><\/div>\n<p><\/main>Xiaomi Redmi Buds Essential ofrece una serie de caracter\u00edsticas que incluyen buena calidad de sonido, llamadas claras, Bluetooth 5.2 de baja latencia y resistencia al agua IPX4. Est\u00e1 dise\u00f1ado con controladores din\u00e1micos de 7,2 mm ajustados profesionalmente por Xiaomi Acoustic Lab. Con graves potentes y contundentes, as\u00ed como agudos n\u00edtidos y claros, el audio HD y hermosos tonos mejorar\u00e1n su experiencia auditiva musical.<\/p>\n<p>El chip Bluetooth\u00ae 5.2 de alto rendimiento presenta una alta antiinterferencia y una latencia m\u00e1s baja, lo que le permite disfrutar de una reproducci\u00f3n de m\u00fasica fluida y estable sin las molestias de los auriculares con cable. El modo de juego mejorado de baja latencia le permite disfrutar de sus juegos con menos retraso de audio, brindando una transmisi\u00f3n estable. Los Redmi Buds Essential tambi\u00e9n son f\u00e1ciles de usar, simplemente abre la tapa y saca los auriculares para emparejarlos, y se conectar\u00e1n autom\u00e1ticamente de inmediato para que puedas disfrutar de tu m\u00fasica en cualquier momento.<\/p>\n<p>Sum\u00e9rgete en un mundo de m\u00fasica y disfruta de hasta 5,5 horas de duraci\u00f3n de la bater\u00eda con una sola carga de ambos auriculares y de hasta 18 horas con el estuche de carga. Ninguno de los auriculares est\u00e1 restringido y cada auricular se puede usar solo, por lo que puedes cambiar libremente entre el modo de un solo o\u00eddo y el de dos o\u00eddos, lo que te permite disfrutar de la m\u00fasica tanto como quieras.<\/p>\n<p>Dise\u00f1ados por expertos con resistencia al agua IPX4, los Redmi Buds Essential ofrecen protecci\u00f3n profesional contra salpicaduras de agua o accidentes. De esta manera, podr\u00e1 disfrutar de una experiencia musical confiable en una variedad de entornos, desde su viaje diario al trabajo hasta su tiempo en el gimnasio. Tambi\u00e9n presenta un dise\u00f1o elegante con tecnolog\u00eda antihuellas y un acabado mate, para una apariencia simple y elegante. Un solo auricular pesa solo 4 gy se adapta suavemente a tu oreja, brind\u00e1ndote una comodidad sin precedentes cuando lo usas durante per\u00edodos de tiempo m\u00e1s prolongados.<\/p>","protected":false},"excerpt":{"rendered":"<ul>\n<li>Calidad de sonido HD<\/li>\n<li>Bluetooth avanzado 5.2<\/li>\n<li>Resistente al agua IPX4<\/li>\n<li>Hasta 5,5 horas de duraci\u00f3n de la bater\u00eda: 18 horas con estuche de carga<\/li>\n<li>Modo de juego de baja latencia<\/li>\n<\/ul>","protected":false},"featured_media":39388,"template":"","meta":[],"product_brand":[1363],"product_cat":[1306,1305],"product_tag":[],"class_list":{"0":"post-39380","1":"product","2":"type-product","3":"status-publish","4":"has-post-thumbnail","6":"product_brand-xiaomi","7":"product_cat-mi-redmi-earphone","8":"product_cat-xiaomi-eco","10":"first","11":"instock","12":"shipping-taxable","13":"product-type-simple"},"aioseo_notices":[],"aioseo_head":"\n\t\t<!-- All in One SEO Pro 4.5.9.2 - aioseo.com -->\n\t\t<meta name=\"description\" content=\"HD Sound Quality Advanced Bluetooth 5.2 IPX4 Water Resistant Up 5.5 Hours Battery Life \u2013 18 Hours with Charging Case Low Latency Gaming Mode\" \/>\n\t\t<meta name=\"robots\" content=\"max-image-preview:large\" \/>\n\t\t<link rel=\"canonical\" href=\"https:\/\/www.rucashk.com\/es\/producto\/redmi-buds-essential-true-wireless-earbuds\/\" \/>\n\t\t<meta name=\"generator\" content=\"All in One SEO Pro (AIOSEO) 4.5.9.2\" \/>\n\t\t<meta property=\"og:locale\" content=\"es_ES\" \/>\n\t\t<meta property=\"og:site_name\" content=\"Rucas - One-stop AIoT Distribution Worldwide\" \/>\n\t\t<meta property=\"og:type\" content=\"article\" \/>\n\t\t<meta property=\"og:title\" content=\"Redmi Buds Essential True Wireless Earbuds - Rucas - Wholesale and Distribution\" \/>\n\t\t<meta property=\"og:description\" content=\"HD Sound Quality Advanced Bluetooth 5.2 IPX4 Water Resistant Up 5.5 Hours Battery Life \u2013 18 Hours with Charging Case Low Latency Gaming Mode\" \/>\n\t\t<meta property=\"og:url\" content=\"https:\/\/www.rucashk.com\/es\/producto\/redmi-buds-essential-true-wireless-earbuds\/\" \/>\n\t\t<meta property=\"og:image\" content=\"https:\/\/www.rucashk.com\/wp-content\/uploads\/replace\/503b8e645f128a97ccde2b6290747646.jpeg\" \/>\n\t\t<meta property=\"og:image:secure_url\" content=\"https:\/\/www.rucashk.com\/wp-content\/uploads\/replace\/503b8e645f128a97ccde2b6290747646.jpeg\" \/>\n\t\t<meta property=\"og:image:width\" content=\"1456\" \/>\n\t\t<meta property=\"og:image:height\" content=\"816\" \/>\n\t\t<meta property=\"article:published_time\" content=\"2024-03-24T11:07:14+00:00\" \/>\n\t\t<meta property=\"article:modified_time\" content=\"2024-03-24T11:07:15+00:00\" \/>\n\t\t<meta name=\"twitter:card\" content=\"summary_large_image\" \/>\n\t\t<meta name=\"twitter:title\" content=\"Redmi Buds Essential True Wireless Earbuds - Rucas - Wholesale and Distribution\" \/>\n\t\t<meta name=\"twitter:description\" content=\"HD Sound Quality Advanced Bluetooth 5.2 IPX4 Water Resistant Up 5.5 Hours Battery Life \u2013 18 Hours with Charging Case Low Latency Gaming Mode\" \/>\n\t\t<meta name=\"twitter:image\" content=\"https:\/\/www.rucashk.com\/wp-content\/uploads\/replace\/503b8e645f128a97ccde2b6290747646.jpeg\" \/>\n\t\t<script type=\"application\/ld+json\" class=\"aioseo-schema\">\n\t\t\t{\"@context\":\"https:\\\/\\\/schema.org\",\"@graph\":[{\"@type\":\"BreadcrumbList\",\"@id\":\"https:\\\/\\\/www.rucashk.com\\\/es\\\/producto\\\/redmi-buds-essential-true-wireless-earbuds\\\/#breadcrumblist\",\"itemListElement\":[{\"@type\":\"ListItem\",\"@id\":\"https:\\\/\\\/www.rucashk.com\\\/es\\\/#listItem\",\"position\":1,\"name\":\"Home\",\"item\":\"https:\\\/\\\/www.rucashk.com\\\/es\\\/\",\"nextItem\":\"https:\\\/\\\/www.rucashk.com\\\/es\\\/producto\\\/redmi-buds-essential-true-wireless-earbuds\\\/#listItem\"},{\"@type\":\"ListItem\",\"@id\":\"https:\\\/\\\/www.rucashk.com\\\/es\\\/producto\\\/redmi-buds-essential-true-wireless-earbuds\\\/#listItem\",\"position\":2,\"name\":\"Redmi Buds Essential True Wireless Earbuds\",\"previousItem\":\"https:\\\/\\\/www.rucashk.com\\\/es\\\/#listItem\"}]},{\"@type\":\"Organization\",\"@id\":\"https:\\\/\\\/www.rucashk.com\\\/es\\\/#organization\",\"name\":\"Rucas\",\"url\":\"https:\\\/\\\/www.rucashk.com\\\/es\\\/\",\"logo\":{\"@type\":\"ImageObject\",\"url\":\"https:\\\/\\\/www.rucashk.com\\\/wp-content\\\/uploads\\\/2023\\\/12\\\/Rucas_campany_logo.png\",\"@id\":\"https:\\\/\\\/www.rucashk.com\\\/es\\\/producto\\\/redmi-buds-essential-true-wireless-earbuds\\\/#organizationLogo\",\"width\":221,\"height\":65},\"image\":{\"@id\":\"https:\\\/\\\/www.rucashk.com\\\/es\\\/#organizationLogo\"}},{\"@type\":\"Person\",\"@id\":\"https:\\\/\\\/www.rucashk.com\\\/es\\\/author\\\/admin\\\/#author\",\"url\":\"https:\\\/\\\/www.rucashk.com\\\/es\\\/author\\\/admin\\\/\",\"name\":\"admin\",\"image\":{\"@type\":\"ImageObject\",\"@id\":\"https:\\\/\\\/www.rucashk.com\\\/es\\\/producto\\\/redmi-buds-essential-true-wireless-earbuds\\\/#authorImage\",\"url\":\"https:\\\/\\\/secure.gravatar.com\\\/avatar\\\/b7c8925b09a27e72b30232f8ecaadbd5af0f70a38c78096863fe51b64f031c24?s=96&d=mm&r=g\",\"width\":96,\"height\":96,\"caption\":\"admin\"}},{\"@type\":\"WebPage\",\"@id\":\"https:\\\/\\\/www.rucashk.com\\\/es\\\/producto\\\/redmi-buds-essential-true-wireless-earbuds\\\/#webpage\",\"url\":\"https:\\\/\\\/www.rucashk.com\\\/es\\\/producto\\\/redmi-buds-essential-true-wireless-earbuds\\\/\",\"name\":\"Redmi Buds Essential True Wireless Earbuds - Rucas - Wholesale and Distribution\",\"description\":\"HD Sound Quality Advanced Bluetooth 5.2 IPX4 Water Resistant Up 5.5 Hours Battery Life \\u2013 18 Hours with Charging Case Low Latency Gaming Mode\",\"inLanguage\":\"es-ES\",\"isPartOf\":{\"@id\":\"https:\\\/\\\/www.rucashk.com\\\/es\\\/#website\"},\"breadcrumb\":{\"@id\":\"https:\\\/\\\/www.rucashk.com\\\/es\\\/producto\\\/redmi-buds-essential-true-wireless-earbuds\\\/#breadcrumblist\"},\"author\":{\"@id\":\"https:\\\/\\\/www.rucashk.com\\\/es\\\/author\\\/admin\\\/#author\"},\"creator\":{\"@id\":\"https:\\\/\\\/www.rucashk.com\\\/es\\\/author\\\/admin\\\/#author\"},\"image\":{\"@type\":\"ImageObject\",\"url\":\"https:\\\/\\\/www.rucashk.com\\\/wp-content\\\/uploads\\\/2024\\\/03\\\/shopping.webp\",\"@id\":\"https:\\\/\\\/www.rucashk.com\\\/es\\\/producto\\\/redmi-buds-essential-true-wireless-earbuds\\\/#mainImage\",\"width\":800,\"height\":800},\"primaryImageOfPage\":{\"@id\":\"https:\\\/\\\/www.rucashk.com\\\/es\\\/producto\\\/redmi-buds-essential-true-wireless-earbuds\\\/#mainImage\"},\"datePublished\":\"2024-03-24T11:07:14+00:00\",\"dateModified\":\"2024-03-24T11:07:15+00:00\"},{\"@type\":\"WebSite\",\"@id\":\"https:\\\/\\\/www.rucashk.com\\\/es\\\/#website\",\"url\":\"https:\\\/\\\/www.rucashk.com\\\/es\\\/\",\"name\":\"Rucas - Wholesale and distribution worldwide\",\"alternateName\":\"Rucas - One-stop AIoT Distribution Worldwide\",\"description\":\"One-stop AIoT Distribution Worldwide\",\"inLanguage\":\"es-ES\",\"publisher\":{\"@id\":\"https:\\\/\\\/www.rucashk.com\\\/es\\\/#organization\"}}]}\n\t\t<\/script>\n\t\t<!-- All in One SEO Pro -->\r\n\t\t<title>Redmi Buds Essential True Wireless Earbuds - Rucas - Wholesale and Distribution<\/title>\n\n","aioseo_head_json":{"title":"Redmi Buds Essential True Wireless Earbuds - Rucas - Wholesale and Distribution","description":"HD Sound Quality Advanced Bluetooth 5.2 IPX4 Water Resistant Up 5.5 Hours Battery Life \u2013 18 Hours with Charging Case Low Latency Gaming Mode","canonical_url":"https:\/\/www.rucashk.com\/es\/producto\/redmi-buds-essential-true-wireless-earbuds\/","robots":"max-image-preview:large","keywords":"","webmasterTools":{"miscellaneous":""},"og:locale":"es_ES","og:site_name":"Rucas - One-stop AIoT Distribution Worldwide","og:type":"article","og:title":"Redmi Buds Essential True Wireless Earbuds - Rucas - Wholesale and Distribution","og:description":"HD Sound Quality Advanced Bluetooth 5.2 IPX4 Water Resistant Up 5.5 Hours Battery Life \u2013 18 Hours with Charging Case Low Latency Gaming Mode","og:url":"https:\/\/www.rucashk.com\/es\/producto\/redmi-buds-essential-true-wireless-earbuds\/","og:image":"https:\/\/www.rucashk.com\/wp-content\/uploads\/replace\/503b8e645f128a97ccde2b6290747646.jpeg","og:image:secure_url":"https:\/\/www.rucashk.com\/wp-content\/uploads\/replace\/503b8e645f128a97ccde2b6290747646.jpeg","og:image:width":1456,"og:image:height":816,"article:published_time":"2024-03-24T11:07:14+00:00","article:modified_time":"2024-03-24T11:07:15+00:00","twitter:card":"summary_large_image","twitter:title":"Redmi Buds Essential True Wireless Earbuds - Rucas - Wholesale and Distribution","twitter:description":"HD Sound Quality Advanced Bluetooth 5.2 IPX4 Water Resistant Up 5.5 Hours Battery Life \u2013 18 Hours with Charging Case Low Latency Gaming Mode","twitter:image":"https:\/\/www.rucashk.com\/wp-content\/uploads\/replace\/503b8e645f128a97ccde2b6290747646.jpeg","schema":{"@context":"https:\/\/schema.org","@graph":[{"@type":"BreadcrumbList","@id":"https:\/\/www.rucashk.com\/es\/producto\/redmi-buds-essential-true-wireless-earbuds\/#breadcrumblist","itemListElement":[{"@type":"ListItem","@id":"https:\/\/www.rucashk.com\/es\/#listItem","position":1,"name":"Home","item":"https:\/\/www.rucashk.com\/es\/","nextItem":"https:\/\/www.rucashk.com\/es\/producto\/redmi-buds-essential-true-wireless-earbuds\/#listItem"},{"@type":"ListItem","@id":"https:\/\/www.rucashk.com\/es\/producto\/redmi-buds-essential-true-wireless-earbuds\/#listItem","position":2,"name":"Redmi Buds Essential True Wireless Earbuds","previousItem":"https:\/\/www.rucashk.com\/es\/#listItem"}]},{"@type":"Organization","@id":"https:\/\/www.rucashk.com\/es\/#organization","name":"Rucas","url":"https:\/\/www.rucashk.com\/es\/","logo":{"@type":"ImageObject","url":"https:\/\/www.rucashk.com\/wp-content\/uploads\/2023\/12\/Rucas_campany_logo.png","@id":"https:\/\/www.rucashk.com\/es\/producto\/redmi-buds-essential-true-wireless-earbuds\/#organizationLogo","width":221,"height":65},"image":{"@id":"https:\/\/www.rucashk.com\/es\/#organizationLogo"}},{"@type":"Person","@id":"https:\/\/www.rucashk.com\/es\/author\/admin\/#author","url":"https:\/\/www.rucashk.com\/es\/author\/admin\/","name":"admin","image":{"@type":"ImageObject","@id":"https:\/\/www.rucashk.com\/es\/producto\/redmi-buds-essential-true-wireless-earbuds\/#authorImage","url":"https:\/\/secure.gravatar.com\/avatar\/b7c8925b09a27e72b30232f8ecaadbd5af0f70a38c78096863fe51b64f031c24?s=96&d=mm&r=g","width":96,"height":96,"caption":"admin"}},{"@type":"WebPage","@id":"https:\/\/www.rucashk.com\/es\/producto\/redmi-buds-essential-true-wireless-earbuds\/#webpage","url":"https:\/\/www.rucashk.com\/es\/producto\/redmi-buds-essential-true-wireless-earbuds\/","name":"Redmi Buds Essential True Wireless Earbuds - Rucas - Wholesale and Distribution","description":"HD Sound Quality Advanced Bluetooth 5.2 IPX4 Water Resistant Up 5.5 Hours Battery Life \u2013 18 Hours with Charging Case Low Latency Gaming Mode","inLanguage":"es-ES","isPartOf":{"@id":"https:\/\/www.rucashk.com\/es\/#website"},"breadcrumb":{"@id":"https:\/\/www.rucashk.com\/es\/producto\/redmi-buds-essential-true-wireless-earbuds\/#breadcrumblist"},"author":{"@id":"https:\/\/www.rucashk.com\/es\/author\/admin\/#author"},"creator":{"@id":"https:\/\/www.rucashk.com\/es\/author\/admin\/#author"},"image":{"@type":"ImageObject","url":"https:\/\/www.rucashk.com\/wp-content\/uploads\/2024\/03\/shopping.webp","@id":"https:\/\/www.rucashk.com\/es\/producto\/redmi-buds-essential-true-wireless-earbuds\/#mainImage","width":800,"height":800},"primaryImageOfPage":{"@id":"https:\/\/www.rucashk.com\/es\/producto\/redmi-buds-essential-true-wireless-earbuds\/#mainImage"},"datePublished":"2024-03-24T11:07:14+00:00","dateModified":"2024-03-24T11:07:15+00:00"},{"@type":"WebSite","@id":"https:\/\/www.rucashk.com\/es\/#website","url":"https:\/\/www.rucashk.com\/es\/","name":"Rucas - Wholesale and distribution worldwide","alternateName":"Rucas - One-stop AIoT Distribution Worldwide","description":"One-stop AIoT Distribution Worldwide","inLanguage":"es-ES","publisher":{"@id":"https:\/\/www.rucashk.com\/es\/#organization"}}]}},"aioseo_meta_data":{"post_id":"39380","title":null,"description":null,"keywords":null,"keyphrases":null,"primary_term":null,"canonical_url":null,"og_title":null,"og_description":null,"og_object_type":"default","og_image_type":"default","og_image_url":null,"og_image_width":null,"og_image_height":null,"og_image_custom_url":null,"og_image_custom_fields":null,"og_video":null,"og_custom_url":null,"og_article_section":null,"og_article_tags":null,"twitter_use_og":false,"twitter_card":"default","twitter_image_type":"default","twitter_image_url":null,"twitter_image_custom_url":null,"twitter_image_custom_fields":null,"twitter_title":null,"twitter_description":null,"schema":{"blockGraphs":[],"customGraphs":[],"default":{"data":{"Article":[],"Course":[],"Dataset":[],"FAQPage":[],"Movie":[],"Person":[],"Product":[],"Recipe":[],"Service":[],"SoftwareApplication":[],"WebPage":[]},"graphName":"","isEnabled":true},"graphs":[]},"schema_type":"default","schema_type_options":null,"pillar_content":false,"robots_default":true,"robots_noindex":false,"robots_noarchive":false,"robots_nosnippet":false,"robots_nofollow":false,"robots_noimageindex":false,"robots_noodp":false,"robots_notranslate":false,"robots_max_snippet":null,"robots_max_videopreview":null,"robots_max_imagepreview":"large","priority":null,"frequency":null,"local_seo":null,"breadcrumb_settings":null,"limit_modified_date":false,"created":"2024-04-11 01:57:23","updated":"2025-06-22 18:50:54"},"aioseo_breadcrumb":"<div class=\"aioseo-breadcrumbs\"><span class=\"aioseo-breadcrumb\">\n\t<a href=\"https:\/\/www.rucashk.com\/es\" title=\"Home\">Home<\/a>\n<\/span><span class=\"aioseo-breadcrumb-separator\">&raquo;<\/span><span class=\"aioseo-breadcrumb\">\n\t<a href=\"https:\/\/www.rucashk.com\/es\/products\/\" title=\"Productos\">Productos<\/a>\n<\/span><span class=\"aioseo-breadcrumb-separator\">&raquo;<\/span><span class=\"aioseo-breadcrumb\">\n\t<a href=\"https:\/\/www.rucashk.com\/es\/marca\/xiaomi\/\" title=\"Xiaomi\">Xiaomi<\/a>\n<\/span><span class=\"aioseo-breadcrumb-separator\">&raquo;<\/span><span class=\"aioseo-breadcrumb\">\n\tRedmi Buds Essential True Wireless Earbuds\n<\/span><\/div>","aioseo_breadcrumb_json":[{"label":"Home","link":"https:\/\/www.rucashk.com\/es"},{"label":"Productos","link":"https:\/\/www.rucashk.com\/es\/products\/"},{"label":"Xiaomi","link":"https:\/\/www.rucashk.com\/es\/marca\/xiaomi\/"},{"label":"Redmi Buds Essential True Wireless Earbuds","link":"https:\/\/www.rucashk.com\/es\/producto\/redmi-buds-essential-true-wireless-earbuds\/"}],"_links":{"self":[{"href":"https:\/\/www.rucashk.com\/es\/wp-json\/wp\/v2\/product\/39380","targetHints":{"allow":["GET"]}}],"collection":[{"href":"https:\/\/www.rucashk.com\/es\/wp-json\/wp\/v2\/product"}],"about":[{"href":"https:\/\/www.rucashk.com\/es\/wp-json\/wp\/v2\/types\/product"}],"wp:featuredmedia":[{"embeddable":true,"href":"https:\/\/www.rucashk.com\/es\/wp-json\/wp\/v2\/media\/39388"}],"wp:attachment":[{"href":"https:\/\/www.rucashk.com\/es\/wp-json\/wp\/v2\/media?parent=39380"}],"wp:term":[{"taxonomy":"product_brand","embeddable":true,"href":"https:\/\/www.rucashk.com\/es\/wp-json\/wp\/v2\/product_brand?post=39380"},{"taxonomy":"product_cat","embeddable":true,"href":"https:\/\/www.rucashk.com\/es\/wp-json\/wp\/v2\/product_cat?post=39380"},{"taxonomy":"product_tag","embeddable":true,"href":"https:\/\/www.rucashk.com\/es\/wp-json\/wp\/v2\/product_tag?post=39380"}],"curies":[{"name":"wp","href":"https:\/\/api.w.org\/{rel}","templated":true}]}}