{"id":39371,"date":"2024-03-24T10:47:09","date_gmt":"2024-03-24T10:47:09","guid":{"rendered":"http:\/\/rucashk.com\/?post_type=product&#038;p=39371"},"modified":"2024-04-16T13:27:55","modified_gmt":"2024-04-16T13:27:55","slug":"infinix-note-30-pro-smart-mobile-phone","status":"publish","type":"product","link":"https:\/\/www.rucashk.com\/es\/producto\/infinix-note-30-pro-smart-mobile-phone\/","title":{"rendered":"Tel\u00e9fono m\u00f3vil inteligente Infinix Note 30 Pro"},"content":{"rendered":"<p><img decoding=\"async\" alt=\"Infinix Note 30 Pro Smart Mobile Phone\" src=\"\/wp-content\/uploads\/replace\/f2845eaee201c34b216f48c56b716382.png\" \/><\/p>\n<p>Infinix Note 30 Pro \u2014 Oficial<br \/>\nEl Infinix Note 30 Pro ha ganado popularidad por su rendimiento excepcional, combinando todo lo necesario para elevar las capacidades del tel\u00e9fono. Equipado con un fant\u00e1stico conjunto de chips, ofrece un rendimiento perfecto para diversas tareas. El tel\u00e9fono cuenta con una extraordinaria c\u00e1mara que captura fotograf\u00edas y v\u00eddeos impresionantes, garantizando que los momentos memorables se conserven en alta calidad. Adem\u00e1s, la impresionante duraci\u00f3n de la bater\u00eda, junto con la compatibilidad con carga r\u00e1pida, mantiene el dispositivo funcionando durante todo el d\u00eda sin interrupciones, lo que lo convierte en una opci\u00f3n ideal para los usuarios que buscan un tel\u00e9fono inteligente confiable y de alto rendimiento.<\/p>\n<table class=\"table-auto w-full text-left\">\n<tbody>\n<tr>\n<td class=\"border border-card-3 p-2 w-28\">Marca<\/td>\n<td class=\"border border-card-3 p-2\">infinix<\/td>\n<\/tr>\n<tr>\n<td class=\"border border-card-3 p-2 w-28\">Tecnolog\u00eda<\/td>\n<td class=\"border border-card-3 p-2\">GSM\/HSPA\/LTE<\/td>\n<\/tr>\n<tr>\n<td class=\"border border-card-3 p-2 w-28\">Dimensi\u00f3n<\/td>\n<td class=\"border border-card-3 p-2\">162,7x76x8,2mm<\/td>\n<\/tr>\n<tr>\n<td class=\"border border-card-3 p-2 w-28\">Peso<\/td>\n<td class=\"border border-card-3 p-2\">203 gramos (7,16 onzas)<\/td>\n<\/tr>\n<tr>\n<td class=\"border border-card-3 p-2 w-28\">SIM<\/td>\n<td class=\"border border-card-3 p-2\">Doble SIM (Nano-SIM, doble modo de espera)<\/td>\n<\/tr>\n<tr>\n<td class=\"border border-card-3 p-2 w-28\">Sonido<\/td>\n<td class=\"border border-card-3 p-2\">Altoparlante<\/td>\n<\/tr>\n<tr>\n<td class=\"border border-card-3 p-2 w-28\">Modelo<\/td>\n<td class=\"border border-card-3 p-2\">Infinix Nota 30 Pro<\/td>\n<\/tr>\n<tr>\n<td class=\"border border-card-3 p-2 w-28\">Capacidad de la bater\u00eda<\/td>\n<td class=\"border border-card-3 p-2\">5000mAh<\/td>\n<\/tr>\n<tr>\n<td class=\"border border-card-3 p-2 w-28\">UPC<\/td>\n<td class=\"border border-card-3 p-2\">Ocho nucleos<\/td>\n<\/tr>\n<tr>\n<td class=\"border border-card-3 p-2 w-28\">tama\u00f1o de la pantalla<\/td>\n<td class=\"border border-card-3 p-2\">6,67 pulgadas<\/td>\n<\/tr>\n<tr>\n<td class=\"border border-card-3 p-2 w-28\">Resoluci\u00f3n de video<\/td>\n<td class=\"border border-card-3 p-2\">1440p a 30 fps, 1080p a 30 fps<\/td>\n<\/tr>\n<tr>\n<td class=\"border border-card-3 p-2 w-28\">Tipo de visualizaci\u00f3n<\/td>\n<td class=\"border border-card-3 p-2\">AMOLED, 1B de colores, 120 Hz, 900 nits (pico)<\/td>\n<\/tr>\n<tr>\n<td class=\"border border-card-3 p-2 w-28\">Resoluci\u00f3n de pantalla<\/td>\n<td class=\"border border-card-3 p-2\">1080 x 2400 p\u00edxeles<\/td>\n<\/tr>\n<tr>\n<td class=\"border border-card-3 p-2 w-28\">conjunto de chips<\/td>\n<td class=\"border border-card-3 p-2\">Mediatek Helio G99 (6nm)<\/td>\n<\/tr>\n<tr>\n<td class=\"border border-card-3 p-2 w-28\">Construir<\/td>\n<td class=\"border border-card-3 p-2\">Frente de cristal, marco de pl\u00e1stico, parte trasera de cristal.<\/td>\n<\/tr>\n<tr>\n<td class=\"border border-card-3 p-2 w-28\">C\u00e1mara principal<\/td>\n<td class=\"border border-card-3 p-2\">108 megap\u00edxeles (ancho)<\/td>\n<\/tr>\n<tr>\n<td class=\"border border-card-3 p-2 w-28\">C\u00e1mara para selfies<\/td>\n<td class=\"border border-card-3 p-2\">32 MP, f\/2.0, (gran angular)<\/td>\n<\/tr>\n<tr>\n<td class=\"border border-card-3 p-2 w-28\">SO<\/td>\n<td class=\"border border-card-3 p-2\">Android 13, XOS 13<\/td>\n<\/tr>\n<\/tbody>\n<\/table>","protected":false},"excerpt":{"rendered":"<ul>\n<li dir=\"ltr\" role=\"presentation\">Dise\u00f1o est\u00e9tico de vanguardia con atractivos acabados degradados.<\/li>\n<li dir=\"ltr\" role=\"presentation\">Pantalla AMOLED con frecuencia de actualizaci\u00f3n de 120 Hz para una visualizaci\u00f3n fluida<\/li>\n<li dir=\"ltr\" role=\"presentation\">Hasta 16 GB de RAM con mega almacenamiento aumentan la velocidad de trabajo<\/li>\n<li dir=\"ltr\" role=\"presentation\">El procesador Mediatek de 6 nm con el \u00faltimo Android eleva el rendimiento<\/li>\n<li dir=\"ltr\" role=\"presentation\">El sistema maestro de triple c\u00e1mara rompe las limitaciones de la fotograf\u00eda<\/li>\n<li dir=\"ltr\" role=\"presentation\">La carga r\u00e1pida completa con bater\u00eda grande te brinda una oportunidad ilimitada para explorar<\/li>\n<\/ul>","protected":false},"featured_media":39373,"template":"","meta":[],"product_brand":[1367],"product_cat":[1302,1295],"product_tag":[],"class_list":{"0":"post-39371","1":"product","2":"type-product","3":"status-publish","4":"has-post-thumbnail","6":"product_brand-infinix","7":"product_cat-infinix-mobile-phone","8":"product_cat-mobile-phone","10":"first","11":"instock","12":"shipping-taxable","13":"product-type-simple"},"aioseo_notices":[],"aioseo_head":"\n\t\t<!-- All in One SEO Pro 4.5.9.2 - aioseo.com -->\n\t\t<meta name=\"description\" content=\"Aesthetic cutting-edge design with alluring gradient finishes AMOLED display with 120Hz refresh rate for smooth visual Up to 16GB RAM with mega storage boosts the work speed 6nm Mediatek processor with the latest Android lifts the performance Master triple camera system breaks the limitations of photography All round fast charge with large battery gives you a boundless opportunity to explore\" \/>\n\t\t<meta name=\"robots\" content=\"max-image-preview:large\" \/>\n\t\t<link rel=\"canonical\" href=\"https:\/\/www.rucashk.com\/es\/producto\/infinix-note-30-pro-smart-mobile-phone\/\" \/>\n\t\t<meta name=\"generator\" content=\"All in One SEO Pro (AIOSEO) 4.5.9.2\" \/>\n\t\t<meta property=\"og:locale\" content=\"es_ES\" \/>\n\t\t<meta property=\"og:site_name\" content=\"Rucas - One-stop AIoT Distribution Worldwide\" \/>\n\t\t<meta property=\"og:type\" content=\"article\" \/>\n\t\t<meta property=\"og:title\" content=\"Infinix Note 30 Pro Smart Mobile Phone - Rucas - Wholesale and Distribution\" \/>\n\t\t<meta property=\"og:description\" content=\"Aesthetic cutting-edge design with alluring gradient finishes AMOLED display with 120Hz refresh rate for smooth visual Up to 16GB RAM with mega storage boosts the work speed 6nm Mediatek processor with the latest Android lifts the performance Master triple camera system breaks the limitations of photography All round fast charge with large battery gives you a boundless opportunity to explore\" \/>\n\t\t<meta property=\"og:url\" content=\"https:\/\/www.rucashk.com\/es\/producto\/infinix-note-30-pro-smart-mobile-phone\/\" \/>\n\t\t<meta property=\"og:image\" content=\"https:\/\/www.rucashk.com\/wp-content\/uploads\/replace\/503b8e645f128a97ccde2b6290747646.jpeg\" \/>\n\t\t<meta property=\"og:image:secure_url\" content=\"https:\/\/www.rucashk.com\/wp-content\/uploads\/replace\/503b8e645f128a97ccde2b6290747646.jpeg\" \/>\n\t\t<meta property=\"og:image:width\" content=\"1456\" \/>\n\t\t<meta property=\"og:image:height\" content=\"816\" \/>\n\t\t<meta property=\"article:published_time\" content=\"2024-03-24T10:47:09+00:00\" \/>\n\t\t<meta property=\"article:modified_time\" content=\"2024-04-16T13:27:55+00:00\" \/>\n\t\t<meta name=\"twitter:card\" content=\"summary_large_image\" \/>\n\t\t<meta name=\"twitter:title\" content=\"Infinix Note 30 Pro Smart Mobile Phone - Rucas - Wholesale and Distribution\" \/>\n\t\t<meta name=\"twitter:description\" content=\"Aesthetic cutting-edge design with alluring gradient finishes AMOLED display with 120Hz refresh rate for smooth visual Up to 16GB RAM with mega storage boosts the work speed 6nm Mediatek processor with the latest Android lifts the performance Master triple camera system breaks the limitations of photography All round fast charge with large battery gives you a boundless opportunity to explore\" \/>\n\t\t<meta name=\"twitter:image\" content=\"https:\/\/www.rucashk.com\/wp-content\/uploads\/replace\/503b8e645f128a97ccde2b6290747646.jpeg\" \/>\n\t\t<script type=\"application\/ld+json\" class=\"aioseo-schema\">\n\t\t\t{\"@context\":\"https:\\\/\\\/schema.org\",\"@graph\":[{\"@type\":\"BreadcrumbList\",\"@id\":\"https:\\\/\\\/www.rucashk.com\\\/es\\\/producto\\\/infinix-note-30-pro-smart-mobile-phone\\\/#breadcrumblist\",\"itemListElement\":[{\"@type\":\"ListItem\",\"@id\":\"https:\\\/\\\/www.rucashk.com\\\/es\\\/#listItem\",\"position\":1,\"name\":\"Home\",\"item\":\"https:\\\/\\\/www.rucashk.com\\\/es\\\/\",\"nextItem\":\"https:\\\/\\\/www.rucashk.com\\\/es\\\/producto\\\/infinix-note-30-pro-smart-mobile-phone\\\/#listItem\"},{\"@type\":\"ListItem\",\"@id\":\"https:\\\/\\\/www.rucashk.com\\\/es\\\/producto\\\/infinix-note-30-pro-smart-mobile-phone\\\/#listItem\",\"position\":2,\"name\":\"Infinix Note 30 Pro Smart Mobile Phone\",\"previousItem\":\"https:\\\/\\\/www.rucashk.com\\\/es\\\/#listItem\"}]},{\"@type\":\"Organization\",\"@id\":\"https:\\\/\\\/www.rucashk.com\\\/es\\\/#organization\",\"name\":\"Rucas\",\"url\":\"https:\\\/\\\/www.rucashk.com\\\/es\\\/\",\"logo\":{\"@type\":\"ImageObject\",\"url\":\"https:\\\/\\\/www.rucashk.com\\\/wp-content\\\/uploads\\\/2023\\\/12\\\/Rucas_campany_logo.png\",\"@id\":\"https:\\\/\\\/www.rucashk.com\\\/es\\\/producto\\\/infinix-note-30-pro-smart-mobile-phone\\\/#organizationLogo\",\"width\":221,\"height\":65},\"image\":{\"@id\":\"https:\\\/\\\/www.rucashk.com\\\/es\\\/#organizationLogo\"}},{\"@type\":\"Person\",\"@id\":\"https:\\\/\\\/www.rucashk.com\\\/es\\\/author\\\/admin\\\/#author\",\"url\":\"https:\\\/\\\/www.rucashk.com\\\/es\\\/author\\\/admin\\\/\",\"name\":\"admin\",\"image\":{\"@type\":\"ImageObject\",\"@id\":\"https:\\\/\\\/www.rucashk.com\\\/es\\\/producto\\\/infinix-note-30-pro-smart-mobile-phone\\\/#authorImage\",\"url\":\"https:\\\/\\\/secure.gravatar.com\\\/avatar\\\/b7c8925b09a27e72b30232f8ecaadbd5af0f70a38c78096863fe51b64f031c24?s=96&d=mm&r=g\",\"width\":96,\"height\":96,\"caption\":\"admin\"}},{\"@type\":\"WebPage\",\"@id\":\"https:\\\/\\\/www.rucashk.com\\\/es\\\/producto\\\/infinix-note-30-pro-smart-mobile-phone\\\/#webpage\",\"url\":\"https:\\\/\\\/www.rucashk.com\\\/es\\\/producto\\\/infinix-note-30-pro-smart-mobile-phone\\\/\",\"name\":\"Infinix Note 30 Pro Smart Mobile Phone - Rucas - Wholesale and Distribution\",\"description\":\"Aesthetic cutting-edge design with alluring gradient finishes AMOLED display with 120Hz refresh rate for smooth visual Up to 16GB RAM with mega storage boosts the work speed 6nm Mediatek processor with the latest Android lifts the performance Master triple camera system breaks the limitations of photography All round fast charge with large battery gives you a boundless opportunity to explore\",\"inLanguage\":\"es-ES\",\"isPartOf\":{\"@id\":\"https:\\\/\\\/www.rucashk.com\\\/es\\\/#website\"},\"breadcrumb\":{\"@id\":\"https:\\\/\\\/www.rucashk.com\\\/es\\\/producto\\\/infinix-note-30-pro-smart-mobile-phone\\\/#breadcrumblist\"},\"author\":{\"@id\":\"https:\\\/\\\/www.rucashk.com\\\/es\\\/author\\\/admin\\\/#author\"},\"creator\":{\"@id\":\"https:\\\/\\\/www.rucashk.com\\\/es\\\/author\\\/admin\\\/#author\"},\"image\":{\"@type\":\"ImageObject\",\"url\":\"https:\\\/\\\/www.rucashk.com\\\/wp-content\\\/uploads\\\/2024\\\/03\\\/5d70751f-42ad-4402-b729-6edaa41799ef.jpg\",\"@id\":\"https:\\\/\\\/www.rucashk.com\\\/es\\\/producto\\\/infinix-note-30-pro-smart-mobile-phone\\\/#mainImage\",\"width\":739,\"height\":739},\"primaryImageOfPage\":{\"@id\":\"https:\\\/\\\/www.rucashk.com\\\/es\\\/producto\\\/infinix-note-30-pro-smart-mobile-phone\\\/#mainImage\"},\"datePublished\":\"2024-03-24T10:47:09+00:00\",\"dateModified\":\"2024-04-16T13:27:55+00:00\"},{\"@type\":\"WebSite\",\"@id\":\"https:\\\/\\\/www.rucashk.com\\\/es\\\/#website\",\"url\":\"https:\\\/\\\/www.rucashk.com\\\/es\\\/\",\"name\":\"Rucas - Wholesale and distribution worldwide\",\"alternateName\":\"Rucas - One-stop AIoT Distribution Worldwide\",\"description\":\"One-stop AIoT Distribution Worldwide\",\"inLanguage\":\"es-ES\",\"publisher\":{\"@id\":\"https:\\\/\\\/www.rucashk.com\\\/es\\\/#organization\"}}]}\n\t\t<\/script>\n\t\t<!-- All in One SEO Pro -->\r\n\t\t<title>Infinix Note 30 Pro Smart Mobile Phone - Rucas - Wholesale and Distribution<\/title>\n\n","aioseo_head_json":{"title":"Infinix Note 30 Pro Smart Mobile Phone - Rucas - Wholesale and Distribution","description":"Aesthetic cutting-edge design with alluring gradient finishes AMOLED display with 120Hz refresh rate for smooth visual Up to 16GB RAM with mega storage boosts the work speed 6nm Mediatek processor with the latest Android lifts the performance Master triple camera system breaks the limitations of photography All round fast charge with large battery gives you a boundless opportunity to explore","canonical_url":"https:\/\/www.rucashk.com\/es\/producto\/infinix-note-30-pro-smart-mobile-phone\/","robots":"max-image-preview:large","keywords":"","webmasterTools":{"miscellaneous":""},"og:locale":"es_ES","og:site_name":"Rucas - One-stop AIoT Distribution Worldwide","og:type":"article","og:title":"Infinix Note 30 Pro Smart Mobile Phone - Rucas - Wholesale and Distribution","og:description":"Aesthetic cutting-edge design with alluring gradient finishes AMOLED display with 120Hz refresh rate for smooth visual Up to 16GB RAM with mega storage boosts the work speed 6nm Mediatek processor with the latest Android lifts the performance Master triple camera system breaks the limitations of photography All round fast charge with large battery gives you a boundless opportunity to explore","og:url":"https:\/\/www.rucashk.com\/es\/producto\/infinix-note-30-pro-smart-mobile-phone\/","og:image":"https:\/\/www.rucashk.com\/wp-content\/uploads\/replace\/503b8e645f128a97ccde2b6290747646.jpeg","og:image:secure_url":"https:\/\/www.rucashk.com\/wp-content\/uploads\/replace\/503b8e645f128a97ccde2b6290747646.jpeg","og:image:width":1456,"og:image:height":816,"article:published_time":"2024-03-24T10:47:09+00:00","article:modified_time":"2024-04-16T13:27:55+00:00","twitter:card":"summary_large_image","twitter:title":"Infinix Note 30 Pro Smart Mobile Phone - Rucas - Wholesale and Distribution","twitter:description":"Aesthetic cutting-edge design with alluring gradient finishes AMOLED display with 120Hz refresh rate for smooth visual Up to 16GB RAM with mega storage boosts the work speed 6nm Mediatek processor with the latest Android lifts the performance Master triple camera system breaks the limitations of photography All round fast charge with large battery gives you a boundless opportunity to explore","twitter:image":"https:\/\/www.rucashk.com\/wp-content\/uploads\/replace\/503b8e645f128a97ccde2b6290747646.jpeg","schema":{"@context":"https:\/\/schema.org","@graph":[{"@type":"BreadcrumbList","@id":"https:\/\/www.rucashk.com\/es\/producto\/infinix-note-30-pro-smart-mobile-phone\/#breadcrumblist","itemListElement":[{"@type":"ListItem","@id":"https:\/\/www.rucashk.com\/es\/#listItem","position":1,"name":"Home","item":"https:\/\/www.rucashk.com\/es\/","nextItem":"https:\/\/www.rucashk.com\/es\/producto\/infinix-note-30-pro-smart-mobile-phone\/#listItem"},{"@type":"ListItem","@id":"https:\/\/www.rucashk.com\/es\/producto\/infinix-note-30-pro-smart-mobile-phone\/#listItem","position":2,"name":"Infinix Note 30 Pro Smart Mobile Phone","previousItem":"https:\/\/www.rucashk.com\/es\/#listItem"}]},{"@type":"Organization","@id":"https:\/\/www.rucashk.com\/es\/#organization","name":"Rucas","url":"https:\/\/www.rucashk.com\/es\/","logo":{"@type":"ImageObject","url":"https:\/\/www.rucashk.com\/wp-content\/uploads\/2023\/12\/Rucas_campany_logo.png","@id":"https:\/\/www.rucashk.com\/es\/producto\/infinix-note-30-pro-smart-mobile-phone\/#organizationLogo","width":221,"height":65},"image":{"@id":"https:\/\/www.rucashk.com\/es\/#organizationLogo"}},{"@type":"Person","@id":"https:\/\/www.rucashk.com\/es\/author\/admin\/#author","url":"https:\/\/www.rucashk.com\/es\/author\/admin\/","name":"admin","image":{"@type":"ImageObject","@id":"https:\/\/www.rucashk.com\/es\/producto\/infinix-note-30-pro-smart-mobile-phone\/#authorImage","url":"https:\/\/secure.gravatar.com\/avatar\/b7c8925b09a27e72b30232f8ecaadbd5af0f70a38c78096863fe51b64f031c24?s=96&d=mm&r=g","width":96,"height":96,"caption":"admin"}},{"@type":"WebPage","@id":"https:\/\/www.rucashk.com\/es\/producto\/infinix-note-30-pro-smart-mobile-phone\/#webpage","url":"https:\/\/www.rucashk.com\/es\/producto\/infinix-note-30-pro-smart-mobile-phone\/","name":"Infinix Note 30 Pro Smart Mobile Phone - Rucas - Wholesale and Distribution","description":"Aesthetic cutting-edge design with alluring gradient finishes AMOLED display with 120Hz refresh rate for smooth visual Up to 16GB RAM with mega storage boosts the work speed 6nm Mediatek processor with the latest Android lifts the performance Master triple camera system breaks the limitations of photography All round fast charge with large battery gives you a boundless opportunity to explore","inLanguage":"es-ES","isPartOf":{"@id":"https:\/\/www.rucashk.com\/es\/#website"},"breadcrumb":{"@id":"https:\/\/www.rucashk.com\/es\/producto\/infinix-note-30-pro-smart-mobile-phone\/#breadcrumblist"},"author":{"@id":"https:\/\/www.rucashk.com\/es\/author\/admin\/#author"},"creator":{"@id":"https:\/\/www.rucashk.com\/es\/author\/admin\/#author"},"image":{"@type":"ImageObject","url":"https:\/\/www.rucashk.com\/wp-content\/uploads\/2024\/03\/5d70751f-42ad-4402-b729-6edaa41799ef.jpg","@id":"https:\/\/www.rucashk.com\/es\/producto\/infinix-note-30-pro-smart-mobile-phone\/#mainImage","width":739,"height":739},"primaryImageOfPage":{"@id":"https:\/\/www.rucashk.com\/es\/producto\/infinix-note-30-pro-smart-mobile-phone\/#mainImage"},"datePublished":"2024-03-24T10:47:09+00:00","dateModified":"2024-04-16T13:27:55+00:00"},{"@type":"WebSite","@id":"https:\/\/www.rucashk.com\/es\/#website","url":"https:\/\/www.rucashk.com\/es\/","name":"Rucas - Wholesale and distribution worldwide","alternateName":"Rucas - One-stop AIoT Distribution Worldwide","description":"One-stop AIoT Distribution Worldwide","inLanguage":"es-ES","publisher":{"@id":"https:\/\/www.rucashk.com\/es\/#organization"}}]}},"aioseo_meta_data":{"post_id":"39371","title":null,"description":null,"keywords":null,"keyphrases":null,"primary_term":null,"canonical_url":null,"og_title":null,"og_description":null,"og_object_type":"default","og_image_type":"default","og_image_url":null,"og_image_width":null,"og_image_height":null,"og_image_custom_url":null,"og_image_custom_fields":null,"og_video":null,"og_custom_url":null,"og_article_section":null,"og_article_tags":null,"twitter_use_og":false,"twitter_card":"default","twitter_image_type":"default","twitter_image_url":null,"twitter_image_custom_url":null,"twitter_image_custom_fields":null,"twitter_title":null,"twitter_description":null,"schema":{"blockGraphs":[],"customGraphs":[],"default":{"data":{"Article":[],"Course":[],"Dataset":[],"FAQPage":[],"Movie":[],"Person":[],"Product":[],"Recipe":[],"Service":[],"SoftwareApplication":[],"WebPage":[]},"graphName":"","isEnabled":true},"graphs":[]},"schema_type":"default","schema_type_options":null,"pillar_content":false,"robots_default":true,"robots_noindex":false,"robots_noarchive":false,"robots_nosnippet":false,"robots_nofollow":false,"robots_noimageindex":false,"robots_noodp":false,"robots_notranslate":false,"robots_max_snippet":null,"robots_max_videopreview":null,"robots_max_imagepreview":"large","priority":null,"frequency":null,"local_seo":null,"breadcrumb_settings":null,"limit_modified_date":false,"created":"2024-04-11 01:57:23","updated":"2025-06-22 18:50:54"},"aioseo_breadcrumb":"<div class=\"aioseo-breadcrumbs\"><span class=\"aioseo-breadcrumb\">\n\t<a href=\"https:\/\/www.rucashk.com\/es\" title=\"Home\">Home<\/a>\n<\/span><span class=\"aioseo-breadcrumb-separator\">&raquo;<\/span><span class=\"aioseo-breadcrumb\">\n\t<a href=\"https:\/\/www.rucashk.com\/es\/products\/\" title=\"Productos\">Productos<\/a>\n<\/span><span class=\"aioseo-breadcrumb-separator\">&raquo;<\/span><span class=\"aioseo-breadcrumb\">\n\t<a href=\"https:\/\/www.rucashk.com\/es\/marca\/infinix\/\" title=\"Infinix\">Infinix<\/a>\n<\/span><span class=\"aioseo-breadcrumb-separator\">&raquo;<\/span><span class=\"aioseo-breadcrumb\">\n\tInfinix Note 30 Pro Smart Mobile Phone\n<\/span><\/div>","aioseo_breadcrumb_json":[{"label":"Home","link":"https:\/\/www.rucashk.com\/es"},{"label":"Productos","link":"https:\/\/www.rucashk.com\/es\/products\/"},{"label":"Infinix","link":"https:\/\/www.rucashk.com\/es\/marca\/infinix\/"},{"label":"Infinix Note 30 Pro Smart Mobile Phone","link":"https:\/\/www.rucashk.com\/es\/producto\/infinix-note-30-pro-smart-mobile-phone\/"}],"_links":{"self":[{"href":"https:\/\/www.rucashk.com\/es\/wp-json\/wp\/v2\/product\/39371","targetHints":{"allow":["GET"]}}],"collection":[{"href":"https:\/\/www.rucashk.com\/es\/wp-json\/wp\/v2\/product"}],"about":[{"href":"https:\/\/www.rucashk.com\/es\/wp-json\/wp\/v2\/types\/product"}],"wp:featuredmedia":[{"embeddable":true,"href":"https:\/\/www.rucashk.com\/es\/wp-json\/wp\/v2\/media\/39373"}],"wp:attachment":[{"href":"https:\/\/www.rucashk.com\/es\/wp-json\/wp\/v2\/media?parent=39371"}],"wp:term":[{"taxonomy":"product_brand","embeddable":true,"href":"https:\/\/www.rucashk.com\/es\/wp-json\/wp\/v2\/product_brand?post=39371"},{"taxonomy":"product_cat","embeddable":true,"href":"https:\/\/www.rucashk.com\/es\/wp-json\/wp\/v2\/product_cat?post=39371"},{"taxonomy":"product_tag","embeddable":true,"href":"https:\/\/www.rucashk.com\/es\/wp-json\/wp\/v2\/product_tag?post=39371"}],"curies":[{"name":"wp","href":"https:\/\/api.w.org\/{rel}","templated":true}]}}