{"id":39365,"date":"2024-03-24T10:44:05","date_gmt":"2024-03-24T10:44:05","guid":{"rendered":"http:\/\/rucashk.com\/?post_type=product&#038;p=39365"},"modified":"2024-03-24T10:44:05","modified_gmt":"2024-03-24T10:44:05","slug":"infinix-note-30-smart-mobile-phone","status":"publish","type":"product","link":"https:\/\/www.rucashk.com\/es\/producto\/infinix-note-30-smart-mobile-phone\/","title":{"rendered":"Tel\u00e9fono m\u00f3vil inteligente Infinix Note 30"},"content":{"rendered":"<p><img decoding=\"async\" alt=\"Infinix Note 30 Smart Mobile Phone\" src=\"\/wp-content\/uploads\/replace\/c2f7ccadda91f4ebe5c1daef1d6088ad.jpeg\" \/><\/p>\n<p><strong>Infinix Note 30 \u2014 Oficial<\/strong><br \/>\nPresentamos el Infinix Note 30, un tel\u00e9fono inteligente magn\u00edfico pero asequible. El tel\u00e9fono tiene un dise\u00f1o espl\u00e9ndido con un cuerpo fuerte para mayor resistencia. Su amplia pantalla, configurada con una frecuencia de actualizaci\u00f3n de 120 Hz, garantiza una visualizaci\u00f3n perfecta con la protecci\u00f3n ocular adecuada. El procesador Helio G99 de 6 nm eleva la productividad a nuevas alturas. Capta la brillantez con una c\u00e1mara principal de 64MP e innumerables funciones. Proteja sus ojos con el modo de cuidado ocular certificado por T\u00dcV Rheinland. 8 GB de RAM extendida, 256 GB de almacenamiento y una bater\u00eda robusta de 5000 mAh con carga r\u00e1pida de 45 W permiten un rendimiento r\u00e1pido. Los parlantes JBL duales, el audio de alta resoluci\u00f3n, el video de doble vista y la protecci\u00f3n IP53 redefinen su experiencia m\u00f3vil. En general, este tel\u00e9fono inteligente tiene m\u00faltiples caracter\u00edsticas sobresalientes para brindarle un rendimiento majestuoso.<\/p>\n<table class=\"table-auto w-full text-left\">\n<tbody>\n<tr>\n<td class=\"border border-card-3 p-2 w-28\">Marca<\/td>\n<td class=\"border border-card-3 p-2\">infinix<\/td>\n<\/tr>\n<tr>\n<td class=\"border border-card-3 p-2 w-28\">Red<\/td>\n<td class=\"border border-card-3 p-2\">GSM\/HSPA\/LTE<\/td>\n<\/tr>\n<tr>\n<td class=\"border border-card-3 p-2 w-28\">Cuerpo<\/td>\n<td class=\"border border-card-3 p-2\">168,6 x 76,6 x 8,6 mm | 219 gramos | Frente de vidrio, marco de pl\u00e1stico, respaldo de vidrio\/cuero<\/td>\n<\/tr>\n<tr>\n<td class=\"border border-card-3 p-2 w-28\">Plataforma<\/td>\n<td class=\"border border-card-3 p-2\">Mediatek Helio G99 (6nm) | Octa n\u00facleo | Mal\u00ed-G57 MC2<\/td>\n<\/tr>\n<tr>\n<td class=\"border border-card-3 p-2 w-28\">Sonido<\/td>\n<td class=\"border border-card-3 p-2\">Altavoz | Conector de 3,5 mm disponible<\/td>\n<\/tr>\n<tr>\n<td class=\"border border-card-3 p-2 w-28\">Modelo<\/td>\n<td class=\"border border-card-3 p-2\">Infinix Nota 30<\/td>\n<\/tr>\n<tr>\n<td class=\"border border-card-3 p-2 w-28\">Memoria<\/td>\n<td class=\"border border-card-3 p-2\">128 GB 8 GB de RAM | 256 GB 8 GB de RAM<\/td>\n<\/tr>\n<tr>\n<td class=\"border border-card-3 p-2 w-28\">C\u00e1mara principal<\/td>\n<td class=\"border border-card-3 p-2\">64 MP (ancho) | 2 MP (profundidad) | QVGA | Flash cu\u00e1druple LED, HDR, panorama | 1440p@30fps, 1080p<\/td>\n<\/tr>\n<tr>\n<td class=\"border border-card-3 p-2 w-28\">C\u00e1mara para selfies<\/td>\n<td class=\"border border-card-3 p-2\">16 MP (ancho) | Flash LED, HDR | 1080p@30fps<\/td>\n<\/tr>\n<tr>\n<td class=\"border border-card-3 p-2 w-28\">Mostrar<\/td>\n<td class=\"border border-card-3 p-2\">Pantalla LCD IPS, 120 Hz | 6,78 pulgadas | 1080 x 2460 p\u00edxeles<\/td>\n<\/tr>\n<tr>\n<td class=\"border border-card-3 p-2 w-28\">Informaci\u00f3n de bateria<\/td>\n<td class=\"border border-card-3 p-2\">5000 mAh | No extra\u00edble | Carga por cable de 45 W<\/td>\n<\/tr>\n<tr>\n<td class=\"border border-card-3 p-2 w-28\">Otras caracter\u00edsticas\/informaci\u00f3n<\/td>\n<td class=\"border border-card-3 p-2\">USB tipo C 2.0, OTG | Protecci\u00f3n del agua IP53<\/td>\n<\/tr>\n<\/tbody>\n<\/table>","protected":false},"excerpt":{"rendered":"<ul>\n<li dir=\"ltr\" role=\"presentation\">Viene con un dise\u00f1o futurista e impresionante con una construcci\u00f3n resistente y duradera.<\/li>\n<li dir=\"ltr\" role=\"presentation\">El acabado de color embellecedor con respaldo de cuero y brillante lo hace m\u00e1s atractivo.<\/li>\n<li dir=\"ltr\" role=\"presentation\">Tiene una pantalla grande con una frecuencia de actualizaci\u00f3n de 120 Hz para una experiencia visual fluida<\/li>\n<li dir=\"ltr\" role=\"presentation\">El procesador definitivo Helio G99 de 6 nm aporta ultrapotencia al proceso de trabajo<\/li>\n<li dir=\"ltr\" role=\"presentation\">C\u00e1mara principal de 64MP con m\u00faltiples funciones para un resultado fotogr\u00e1fico excepcional<\/li>\n<li dir=\"ltr\" role=\"presentation\">Modo Eye-care con certificaci\u00f3n T\u00dcV Rheinland para proteger su visi\u00f3n<\/li>\n<li dir=\"ltr\" role=\"presentation\">RAM ampliada: 8 GB de RAM virtual y 256 GB de almacenamiento lo hacen m\u00e1s r\u00e1pido que nunca<\/li>\n<li dir=\"ltr\" role=\"presentation\">Bater\u00eda de 5000 mAh con carga r\u00e1pida completa de 45 W para mantener la bater\u00eda siempre llena<\/li>\n<li dir=\"ltr\" role=\"presentation\">Altavoz dual con certificaci\u00f3n Sound by JBL y Hi-Res para una experiencia de audio envolvente<\/li>\n<li dir=\"ltr\" role=\"presentation\">La carga inversa te ayuda a guardar tu tel\u00e9fono secundario con bater\u00eda baja<\/li>\n<li dir=\"ltr\" role=\"presentation\">El modo Dual View Video hace que los eventos o momentos m\u00e1s preciados de tu vida sean m\u00e1s din\u00e1micos<\/li>\n<li dir=\"ltr\" role=\"presentation\">La protecci\u00f3n IP53 se convierte en un salvaguarda frente a salpicaduras de agua y otros problemas<\/li>\n<\/ul>","protected":false},"featured_media":39367,"template":"","meta":[],"product_brand":[1367],"product_cat":[1302,1295],"product_tag":[],"class_list":{"0":"post-39365","1":"product","2":"type-product","3":"status-publish","4":"has-post-thumbnail","6":"product_brand-infinix","7":"product_cat-infinix-mobile-phone","8":"product_cat-mobile-phone","10":"first","11":"instock","12":"shipping-taxable","13":"product-type-simple"},"aioseo_notices":[],"aioseo_head":"\n\t\t<!-- All in One SEO Pro 4.5.9.2 - aioseo.com -->\n\t\t<meta name=\"description\" content=\"Comes with a futuristic and stunning design with a sturdy durable build Belmishing color furnish with glossy and leather back makes it more attractive Has a large display with a 120Hz refresh rate for a smooth visual experience Helio G99 6nm ultimate processor brings ultra power to the work process 64MP primary camera with multiple features for outstanding photographic result Eye-care Mode with T\u00dcV Rheinland Certification to protect your eye vision Extended RAM 8GB virtual RAM &amp; 256GB Storage makes it swifter than ever 5000 mAh Battery with an all-round Fast charge of 45W to always keep the battery full Dual Speaker with Sound by JBL &amp; Hi-Res certification for immersive audio experience Reverse Charge helps you to save your low-battery secondary phone Dual View Video mode makes your precious life events or moments more dynamic IP53 Protection becomes a safeguard from water splashes and other problems\" \/>\n\t\t<meta name=\"robots\" content=\"max-image-preview:large\" \/>\n\t\t<link rel=\"canonical\" href=\"https:\/\/www.rucashk.com\/es\/producto\/infinix-note-30-smart-mobile-phone\/\" \/>\n\t\t<meta name=\"generator\" content=\"All in One SEO Pro (AIOSEO) 4.5.9.2\" \/>\n\t\t<meta property=\"og:locale\" content=\"es_ES\" \/>\n\t\t<meta property=\"og:site_name\" content=\"Rucas - One-stop AIoT Distribution Worldwide\" \/>\n\t\t<meta property=\"og:type\" content=\"article\" \/>\n\t\t<meta property=\"og:title\" content=\"Infinix Note 30 Smart Mobile Phone - Rucas - Wholesale and Distribution\" \/>\n\t\t<meta property=\"og:description\" content=\"Comes with a futuristic and stunning design with a sturdy durable build Belmishing color furnish with glossy and leather back makes it more attractive Has a large display with a 120Hz refresh rate for a smooth visual experience Helio G99 6nm ultimate processor brings ultra power to the work process 64MP primary camera with multiple features for outstanding photographic result Eye-care Mode with T\u00dcV Rheinland Certification to protect your eye vision Extended RAM 8GB virtual RAM &amp; 256GB Storage makes it swifter than ever 5000 mAh Battery with an all-round Fast charge of 45W to always keep the battery full Dual Speaker with Sound by JBL &amp; Hi-Res certification for immersive audio experience Reverse Charge helps you to save your low-battery secondary phone Dual View Video mode makes your precious life events or moments more dynamic IP53 Protection becomes a safeguard from water splashes and other problems\" \/>\n\t\t<meta property=\"og:url\" content=\"https:\/\/www.rucashk.com\/es\/producto\/infinix-note-30-smart-mobile-phone\/\" \/>\n\t\t<meta property=\"og:image\" content=\"https:\/\/www.rucashk.com\/wp-content\/uploads\/replace\/503b8e645f128a97ccde2b6290747646.jpeg\" \/>\n\t\t<meta property=\"og:image:secure_url\" content=\"https:\/\/www.rucashk.com\/wp-content\/uploads\/replace\/503b8e645f128a97ccde2b6290747646.jpeg\" \/>\n\t\t<meta property=\"og:image:width\" content=\"1456\" \/>\n\t\t<meta property=\"og:image:height\" content=\"816\" \/>\n\t\t<meta property=\"article:published_time\" content=\"2024-03-24T10:44:05+00:00\" \/>\n\t\t<meta property=\"article:modified_time\" content=\"2024-03-24T10:44:05+00:00\" \/>\n\t\t<meta name=\"twitter:card\" content=\"summary_large_image\" \/>\n\t\t<meta name=\"twitter:title\" content=\"Infinix Note 30 Smart Mobile Phone - Rucas - Wholesale and Distribution\" \/>\n\t\t<meta name=\"twitter:description\" content=\"Comes with a futuristic and stunning design with a sturdy durable build Belmishing color furnish with glossy and leather back makes it more attractive Has a large display with a 120Hz refresh rate for a smooth visual experience Helio G99 6nm ultimate processor brings ultra power to the work process 64MP primary camera with multiple features for outstanding photographic result Eye-care Mode with T\u00dcV Rheinland Certification to protect your eye vision Extended RAM 8GB virtual RAM &amp; 256GB Storage makes it swifter than ever 5000 mAh Battery with an all-round Fast charge of 45W to always keep the battery full Dual Speaker with Sound by JBL &amp; Hi-Res certification for immersive audio experience Reverse Charge helps you to save your low-battery secondary phone Dual View Video mode makes your precious life events or moments more dynamic IP53 Protection becomes a safeguard from water splashes and other problems\" \/>\n\t\t<meta name=\"twitter:image\" content=\"https:\/\/www.rucashk.com\/wp-content\/uploads\/replace\/503b8e645f128a97ccde2b6290747646.jpeg\" \/>\n\t\t<script type=\"application\/ld+json\" class=\"aioseo-schema\">\n\t\t\t{\"@context\":\"https:\\\/\\\/schema.org\",\"@graph\":[{\"@type\":\"BreadcrumbList\",\"@id\":\"https:\\\/\\\/www.rucashk.com\\\/es\\\/producto\\\/infinix-note-30-smart-mobile-phone\\\/#breadcrumblist\",\"itemListElement\":[{\"@type\":\"ListItem\",\"@id\":\"https:\\\/\\\/www.rucashk.com\\\/es\\\/#listItem\",\"position\":1,\"name\":\"Home\",\"item\":\"https:\\\/\\\/www.rucashk.com\\\/es\\\/\",\"nextItem\":\"https:\\\/\\\/www.rucashk.com\\\/es\\\/producto\\\/infinix-note-30-smart-mobile-phone\\\/#listItem\"},{\"@type\":\"ListItem\",\"@id\":\"https:\\\/\\\/www.rucashk.com\\\/es\\\/producto\\\/infinix-note-30-smart-mobile-phone\\\/#listItem\",\"position\":2,\"name\":\"Infinix Note 30 Smart Mobile Phone\",\"previousItem\":\"https:\\\/\\\/www.rucashk.com\\\/es\\\/#listItem\"}]},{\"@type\":\"Organization\",\"@id\":\"https:\\\/\\\/www.rucashk.com\\\/es\\\/#organization\",\"name\":\"Rucas\",\"url\":\"https:\\\/\\\/www.rucashk.com\\\/es\\\/\",\"logo\":{\"@type\":\"ImageObject\",\"url\":\"https:\\\/\\\/www.rucashk.com\\\/wp-content\\\/uploads\\\/2023\\\/12\\\/Rucas_campany_logo.png\",\"@id\":\"https:\\\/\\\/www.rucashk.com\\\/es\\\/producto\\\/infinix-note-30-smart-mobile-phone\\\/#organizationLogo\",\"width\":221,\"height\":65},\"image\":{\"@id\":\"https:\\\/\\\/www.rucashk.com\\\/es\\\/#organizationLogo\"}},{\"@type\":\"Person\",\"@id\":\"https:\\\/\\\/www.rucashk.com\\\/es\\\/author\\\/admin\\\/#author\",\"url\":\"https:\\\/\\\/www.rucashk.com\\\/es\\\/author\\\/admin\\\/\",\"name\":\"admin\",\"image\":{\"@type\":\"ImageObject\",\"@id\":\"https:\\\/\\\/www.rucashk.com\\\/es\\\/producto\\\/infinix-note-30-smart-mobile-phone\\\/#authorImage\",\"url\":\"https:\\\/\\\/secure.gravatar.com\\\/avatar\\\/b7c8925b09a27e72b30232f8ecaadbd5af0f70a38c78096863fe51b64f031c24?s=96&d=mm&r=g\",\"width\":96,\"height\":96,\"caption\":\"admin\"}},{\"@type\":\"WebPage\",\"@id\":\"https:\\\/\\\/www.rucashk.com\\\/es\\\/producto\\\/infinix-note-30-smart-mobile-phone\\\/#webpage\",\"url\":\"https:\\\/\\\/www.rucashk.com\\\/es\\\/producto\\\/infinix-note-30-smart-mobile-phone\\\/\",\"name\":\"Infinix Note 30 Smart Mobile Phone - Rucas - Wholesale and Distribution\",\"description\":\"Comes with a futuristic and stunning design with a sturdy durable build Belmishing color furnish with glossy and leather back makes it more attractive Has a large display with a 120Hz refresh rate for a smooth visual experience Helio G99 6nm ultimate processor brings ultra power to the work process 64MP primary camera with multiple features for outstanding photographic result Eye-care Mode with T\\u00dcV Rheinland Certification to protect your eye vision Extended RAM 8GB virtual RAM & 256GB Storage makes it swifter than ever 5000 mAh Battery with an all-round Fast charge of 45W to always keep the battery full Dual Speaker with Sound by JBL & Hi-Res certification for immersive audio experience Reverse Charge helps you to save your low-battery secondary phone Dual View Video mode makes your precious life events or moments more dynamic IP53 Protection becomes a safeguard from water splashes and other problems\",\"inLanguage\":\"es-ES\",\"isPartOf\":{\"@id\":\"https:\\\/\\\/www.rucashk.com\\\/es\\\/#website\"},\"breadcrumb\":{\"@id\":\"https:\\\/\\\/www.rucashk.com\\\/es\\\/producto\\\/infinix-note-30-smart-mobile-phone\\\/#breadcrumblist\"},\"author\":{\"@id\":\"https:\\\/\\\/www.rucashk.com\\\/es\\\/author\\\/admin\\\/#author\"},\"creator\":{\"@id\":\"https:\\\/\\\/www.rucashk.com\\\/es\\\/author\\\/admin\\\/#author\"},\"image\":{\"@type\":\"ImageObject\",\"url\":\"https:\\\/\\\/www.rucashk.com\\\/wp-content\\\/uploads\\\/2024\\\/03\\\/5eee59a6-bef5-4f15-a7f1-53280e773aa3.jpg\",\"@id\":\"https:\\\/\\\/www.rucashk.com\\\/es\\\/producto\\\/infinix-note-30-smart-mobile-phone\\\/#mainImage\",\"width\":800,\"height\":800},\"primaryImageOfPage\":{\"@id\":\"https:\\\/\\\/www.rucashk.com\\\/es\\\/producto\\\/infinix-note-30-smart-mobile-phone\\\/#mainImage\"},\"datePublished\":\"2024-03-24T10:44:05+00:00\",\"dateModified\":\"2024-03-24T10:44:05+00:00\"},{\"@type\":\"WebSite\",\"@id\":\"https:\\\/\\\/www.rucashk.com\\\/es\\\/#website\",\"url\":\"https:\\\/\\\/www.rucashk.com\\\/es\\\/\",\"name\":\"Rucas - Wholesale and distribution worldwide\",\"alternateName\":\"Rucas - One-stop AIoT Distribution Worldwide\",\"description\":\"One-stop AIoT Distribution Worldwide\",\"inLanguage\":\"es-ES\",\"publisher\":{\"@id\":\"https:\\\/\\\/www.rucashk.com\\\/es\\\/#organization\"}}]}\n\t\t<\/script>\n\t\t<!-- All in One SEO Pro -->\r\n\t\t<title>Infinix Note 30 Smart Mobile Phone - Rucas - Wholesale and Distribution<\/title>\n\n","aioseo_head_json":{"title":"Infinix Note 30 Smart Mobile Phone - Rucas - Wholesale and Distribution","description":"Comes with a futuristic and stunning design with a sturdy durable build Belmishing color furnish with glossy and leather back makes it more attractive Has a large display with a 120Hz refresh rate for a smooth visual experience Helio G99 6nm ultimate processor brings ultra power to the work process 64MP primary camera with multiple features for outstanding photographic result Eye-care Mode with T\u00dcV Rheinland Certification to protect your eye vision Extended RAM 8GB virtual RAM & 256GB Storage makes it swifter than ever 5000 mAh Battery with an all-round Fast charge of 45W to always keep the battery full Dual Speaker with Sound by JBL & Hi-Res certification for immersive audio experience Reverse Charge helps you to save your low-battery secondary phone Dual View Video mode makes your precious life events or moments more dynamic IP53 Protection becomes a safeguard from water splashes and other problems","canonical_url":"https:\/\/www.rucashk.com\/es\/producto\/infinix-note-30-smart-mobile-phone\/","robots":"max-image-preview:large","keywords":"","webmasterTools":{"miscellaneous":""},"og:locale":"es_ES","og:site_name":"Rucas - One-stop AIoT Distribution Worldwide","og:type":"article","og:title":"Infinix Note 30 Smart Mobile Phone - Rucas - Wholesale and Distribution","og:description":"Comes with a futuristic and stunning design with a sturdy durable build Belmishing color furnish with glossy and leather back makes it more attractive Has a large display with a 120Hz refresh rate for a smooth visual experience Helio G99 6nm ultimate processor brings ultra power to the work process 64MP primary camera with multiple features for outstanding photographic result Eye-care Mode with T\u00dcV Rheinland Certification to protect your eye vision Extended RAM 8GB virtual RAM &amp; 256GB Storage makes it swifter than ever 5000 mAh Battery with an all-round Fast charge of 45W to always keep the battery full Dual Speaker with Sound by JBL &amp; Hi-Res certification for immersive audio experience Reverse Charge helps you to save your low-battery secondary phone Dual View Video mode makes your precious life events or moments more dynamic IP53 Protection becomes a safeguard from water splashes and other problems","og:url":"https:\/\/www.rucashk.com\/es\/producto\/infinix-note-30-smart-mobile-phone\/","og:image":"https:\/\/www.rucashk.com\/wp-content\/uploads\/replace\/503b8e645f128a97ccde2b6290747646.jpeg","og:image:secure_url":"https:\/\/www.rucashk.com\/wp-content\/uploads\/replace\/503b8e645f128a97ccde2b6290747646.jpeg","og:image:width":1456,"og:image:height":816,"article:published_time":"2024-03-24T10:44:05+00:00","article:modified_time":"2024-03-24T10:44:05+00:00","twitter:card":"summary_large_image","twitter:title":"Infinix Note 30 Smart Mobile Phone - Rucas - Wholesale and Distribution","twitter:description":"Comes with a futuristic and stunning design with a sturdy durable build Belmishing color furnish with glossy and leather back makes it more attractive Has a large display with a 120Hz refresh rate for a smooth visual experience Helio G99 6nm ultimate processor brings ultra power to the work process 64MP primary camera with multiple features for outstanding photographic result Eye-care Mode with T\u00dcV Rheinland Certification to protect your eye vision Extended RAM 8GB virtual RAM &amp; 256GB Storage makes it swifter than ever 5000 mAh Battery with an all-round Fast charge of 45W to always keep the battery full Dual Speaker with Sound by JBL &amp; Hi-Res certification for immersive audio experience Reverse Charge helps you to save your low-battery secondary phone Dual View Video mode makes your precious life events or moments more dynamic IP53 Protection becomes a safeguard from water splashes and other problems","twitter:image":"https:\/\/www.rucashk.com\/wp-content\/uploads\/replace\/503b8e645f128a97ccde2b6290747646.jpeg","schema":{"@context":"https:\/\/schema.org","@graph":[{"@type":"BreadcrumbList","@id":"https:\/\/www.rucashk.com\/es\/producto\/infinix-note-30-smart-mobile-phone\/#breadcrumblist","itemListElement":[{"@type":"ListItem","@id":"https:\/\/www.rucashk.com\/es\/#listItem","position":1,"name":"Home","item":"https:\/\/www.rucashk.com\/es\/","nextItem":"https:\/\/www.rucashk.com\/es\/producto\/infinix-note-30-smart-mobile-phone\/#listItem"},{"@type":"ListItem","@id":"https:\/\/www.rucashk.com\/es\/producto\/infinix-note-30-smart-mobile-phone\/#listItem","position":2,"name":"Infinix Note 30 Smart Mobile Phone","previousItem":"https:\/\/www.rucashk.com\/es\/#listItem"}]},{"@type":"Organization","@id":"https:\/\/www.rucashk.com\/es\/#organization","name":"Rucas","url":"https:\/\/www.rucashk.com\/es\/","logo":{"@type":"ImageObject","url":"https:\/\/www.rucashk.com\/wp-content\/uploads\/2023\/12\/Rucas_campany_logo.png","@id":"https:\/\/www.rucashk.com\/es\/producto\/infinix-note-30-smart-mobile-phone\/#organizationLogo","width":221,"height":65},"image":{"@id":"https:\/\/www.rucashk.com\/es\/#organizationLogo"}},{"@type":"Person","@id":"https:\/\/www.rucashk.com\/es\/author\/admin\/#author","url":"https:\/\/www.rucashk.com\/es\/author\/admin\/","name":"admin","image":{"@type":"ImageObject","@id":"https:\/\/www.rucashk.com\/es\/producto\/infinix-note-30-smart-mobile-phone\/#authorImage","url":"https:\/\/secure.gravatar.com\/avatar\/b7c8925b09a27e72b30232f8ecaadbd5af0f70a38c78096863fe51b64f031c24?s=96&d=mm&r=g","width":96,"height":96,"caption":"admin"}},{"@type":"WebPage","@id":"https:\/\/www.rucashk.com\/es\/producto\/infinix-note-30-smart-mobile-phone\/#webpage","url":"https:\/\/www.rucashk.com\/es\/producto\/infinix-note-30-smart-mobile-phone\/","name":"Infinix Note 30 Smart Mobile Phone - Rucas - Wholesale and Distribution","description":"Comes with a futuristic and stunning design with a sturdy durable build Belmishing color furnish with glossy and leather back makes it more attractive Has a large display with a 120Hz refresh rate for a smooth visual experience Helio G99 6nm ultimate processor brings ultra power to the work process 64MP primary camera with multiple features for outstanding photographic result Eye-care Mode with T\u00dcV Rheinland Certification to protect your eye vision Extended RAM 8GB virtual RAM & 256GB Storage makes it swifter than ever 5000 mAh Battery with an all-round Fast charge of 45W to always keep the battery full Dual Speaker with Sound by JBL & Hi-Res certification for immersive audio experience Reverse Charge helps you to save your low-battery secondary phone Dual View Video mode makes your precious life events or moments more dynamic IP53 Protection becomes a safeguard from water splashes and other problems","inLanguage":"es-ES","isPartOf":{"@id":"https:\/\/www.rucashk.com\/es\/#website"},"breadcrumb":{"@id":"https:\/\/www.rucashk.com\/es\/producto\/infinix-note-30-smart-mobile-phone\/#breadcrumblist"},"author":{"@id":"https:\/\/www.rucashk.com\/es\/author\/admin\/#author"},"creator":{"@id":"https:\/\/www.rucashk.com\/es\/author\/admin\/#author"},"image":{"@type":"ImageObject","url":"https:\/\/www.rucashk.com\/wp-content\/uploads\/2024\/03\/5eee59a6-bef5-4f15-a7f1-53280e773aa3.jpg","@id":"https:\/\/www.rucashk.com\/es\/producto\/infinix-note-30-smart-mobile-phone\/#mainImage","width":800,"height":800},"primaryImageOfPage":{"@id":"https:\/\/www.rucashk.com\/es\/producto\/infinix-note-30-smart-mobile-phone\/#mainImage"},"datePublished":"2024-03-24T10:44:05+00:00","dateModified":"2024-03-24T10:44:05+00:00"},{"@type":"WebSite","@id":"https:\/\/www.rucashk.com\/es\/#website","url":"https:\/\/www.rucashk.com\/es\/","name":"Rucas - Wholesale and distribution worldwide","alternateName":"Rucas - One-stop AIoT Distribution Worldwide","description":"One-stop AIoT Distribution Worldwide","inLanguage":"es-ES","publisher":{"@id":"https:\/\/www.rucashk.com\/es\/#organization"}}]}},"aioseo_meta_data":{"post_id":"39365","title":null,"description":null,"keywords":null,"keyphrases":null,"primary_term":null,"canonical_url":null,"og_title":null,"og_description":null,"og_object_type":"default","og_image_type":"default","og_image_url":null,"og_image_width":null,"og_image_height":null,"og_image_custom_url":null,"og_image_custom_fields":null,"og_video":null,"og_custom_url":null,"og_article_section":null,"og_article_tags":null,"twitter_use_og":false,"twitter_card":"default","twitter_image_type":"default","twitter_image_url":null,"twitter_image_custom_url":null,"twitter_image_custom_fields":null,"twitter_title":null,"twitter_description":null,"schema":{"blockGraphs":[],"customGraphs":[],"default":{"data":{"Article":[],"Course":[],"Dataset":[],"FAQPage":[],"Movie":[],"Person":[],"Product":[],"Recipe":[],"Service":[],"SoftwareApplication":[],"WebPage":[]},"graphName":"","isEnabled":true},"graphs":[]},"schema_type":"default","schema_type_options":null,"pillar_content":false,"robots_default":true,"robots_noindex":false,"robots_noarchive":false,"robots_nosnippet":false,"robots_nofollow":false,"robots_noimageindex":false,"robots_noodp":false,"robots_notranslate":false,"robots_max_snippet":null,"robots_max_videopreview":null,"robots_max_imagepreview":"large","priority":null,"frequency":null,"local_seo":null,"breadcrumb_settings":null,"limit_modified_date":false,"created":"2024-04-11 01:57:23","updated":"2025-06-22 18:50:54"},"aioseo_breadcrumb":"<div class=\"aioseo-breadcrumbs\"><span class=\"aioseo-breadcrumb\">\n\t<a href=\"https:\/\/www.rucashk.com\/es\" title=\"Home\">Home<\/a>\n<\/span><span class=\"aioseo-breadcrumb-separator\">&raquo;<\/span><span class=\"aioseo-breadcrumb\">\n\t<a href=\"https:\/\/www.rucashk.com\/es\/products\/\" title=\"Productos\">Productos<\/a>\n<\/span><span class=\"aioseo-breadcrumb-separator\">&raquo;<\/span><span class=\"aioseo-breadcrumb\">\n\t<a href=\"https:\/\/www.rucashk.com\/es\/marca\/infinix\/\" title=\"Infinix\">Infinix<\/a>\n<\/span><span class=\"aioseo-breadcrumb-separator\">&raquo;<\/span><span class=\"aioseo-breadcrumb\">\n\tInfinix Note 30 Smart Mobile Phone\n<\/span><\/div>","aioseo_breadcrumb_json":[{"label":"Home","link":"https:\/\/www.rucashk.com\/es"},{"label":"Productos","link":"https:\/\/www.rucashk.com\/es\/products\/"},{"label":"Infinix","link":"https:\/\/www.rucashk.com\/es\/marca\/infinix\/"},{"label":"Infinix Note 30 Smart Mobile Phone","link":"https:\/\/www.rucashk.com\/es\/producto\/infinix-note-30-smart-mobile-phone\/"}],"_links":{"self":[{"href":"https:\/\/www.rucashk.com\/es\/wp-json\/wp\/v2\/product\/39365","targetHints":{"allow":["GET"]}}],"collection":[{"href":"https:\/\/www.rucashk.com\/es\/wp-json\/wp\/v2\/product"}],"about":[{"href":"https:\/\/www.rucashk.com\/es\/wp-json\/wp\/v2\/types\/product"}],"wp:featuredmedia":[{"embeddable":true,"href":"https:\/\/www.rucashk.com\/es\/wp-json\/wp\/v2\/media\/39367"}],"wp:attachment":[{"href":"https:\/\/www.rucashk.com\/es\/wp-json\/wp\/v2\/media?parent=39365"}],"wp:term":[{"taxonomy":"product_brand","embeddable":true,"href":"https:\/\/www.rucashk.com\/es\/wp-json\/wp\/v2\/product_brand?post=39365"},{"taxonomy":"product_cat","embeddable":true,"href":"https:\/\/www.rucashk.com\/es\/wp-json\/wp\/v2\/product_cat?post=39365"},{"taxonomy":"product_tag","embeddable":true,"href":"https:\/\/www.rucashk.com\/es\/wp-json\/wp\/v2\/product_tag?post=39365"}],"curies":[{"name":"wp","href":"https:\/\/api.w.org\/{rel}","templated":true}]}}