{"id":39334,"date":"2024-03-24T10:24:33","date_gmt":"2024-03-24T10:24:33","guid":{"rendered":"http:\/\/rucashk.com\/?post_type=product&#038;p=39334"},"modified":"2024-03-24T10:24:33","modified_gmt":"2024-03-24T10:24:33","slug":"samsung-galaxy-a34-5g-smart-mobile-phone","status":"publish","type":"product","link":"https:\/\/www.rucashk.com\/es\/producto\/samsung-galaxy-a34-5g-smart-mobile-phone\/","title":{"rendered":"Tel\u00e9fono m\u00f3vil inteligente Samsung Galaxy A34 5G"},"content":{"rendered":"<p><img decoding=\"async\" alt=\"Samsung Galaxy A34 5G Smart Mobile Phone\" src=\"\/wp-content\/uploads\/replace\/41a20c95e3e73b9628ae82c439c1a6b4.jpeg\" \/><\/p>\n<p><strong>Samsung Galaxy A34 5G<\/strong><br \/>\nEl Samsung Galaxy A34 5G es la mejor opci\u00f3n en la categor\u00eda de presupuesto de rango medio y ofrece caracter\u00edsticas y rendimiento excepcionales. Con un dise\u00f1o premium que refleja los dispositivos insignia de Samsung, cuenta con una pantalla impresionante y una duraci\u00f3n de bater\u00eda impresionante. La perfecta experiencia del usuario se ve mejorada a\u00fan m\u00e1s por su potente combinaci\u00f3n de hardware y software, lo que garantiza la fluidez en cada operaci\u00f3n. Ya sea que est\u00e9s jugando, realizando m\u00faltiples tareas o simplemente disfrutando de contenido multimedia, el Galaxy A34 5G ofrece una experiencia m\u00f3vil inmersiva y agradable a un precio asequible.<\/p>\n<table class=\"table-auto w-full text-left\">\n<tbody>\n<tr>\n<td class=\"border border-card-3 p-2 w-28\">Sensores<\/td>\n<td class=\"border border-card-3 p-2\">Huella digital | aceler\u00f3metro | giroscopio | br\u00fajula | Detecci\u00f3n de proximidad virtual<\/td>\n<\/tr>\n<tr>\n<td class=\"border border-card-3 p-2 w-28\">Sonido<\/td>\n<td class=\"border border-card-3 p-2\">Altoparlante<\/td>\n<\/tr>\n<tr>\n<td class=\"border border-card-3 p-2 w-28\">SIM<\/td>\n<td class=\"border border-card-3 p-2\">SIM \u00fanica | Doble SIM h\u00edbrida |<\/td>\n<\/tr>\n<tr>\n<td class=\"border border-card-3 p-2 w-28\">Peso<\/td>\n<td class=\"border border-card-3 p-2\">199 gramos<\/td>\n<\/tr>\n<tr>\n<td class=\"border border-card-3 p-2 w-28\">Red<\/td>\n<td class=\"border border-card-3 p-2\">GSM\/HSPA\/LTE\/5G<\/td>\n<\/tr>\n<tr>\n<td class=\"border border-card-3 p-2 w-28\">Marca<\/td>\n<td class=\"border border-card-3 p-2\">Samsung<\/td>\n<\/tr>\n<tr>\n<td class=\"border border-card-3 p-2 w-28\">Modelo<\/td>\n<td class=\"border border-card-3 p-2\">Galaxia A34 5G<\/td>\n<\/tr>\n<tr>\n<td class=\"border border-card-3 p-2 w-28\">UPC<\/td>\n<td class=\"border border-card-3 p-2\">Ocho nucleos<\/td>\n<\/tr>\n<tr>\n<td class=\"border border-card-3 p-2 w-28\">tama\u00f1o de la pantalla<\/td>\n<td class=\"border border-card-3 p-2\">6,6 pulgadas<\/td>\n<\/tr>\n<tr>\n<td class=\"border border-card-3 p-2 w-28\">Tipo de visualizaci\u00f3n<\/td>\n<td class=\"border border-card-3 p-2\">S\u00faper AMOLED<\/td>\n<\/tr>\n<tr>\n<td class=\"border border-card-3 p-2 w-28\">Resoluci\u00f3n de pantalla<\/td>\n<td class=\"border border-card-3 p-2\">1080 x 2340 p\u00edxeles<\/td>\n<\/tr>\n<tr>\n<td class=\"border border-card-3 p-2 w-28\">conjunto de chips<\/td>\n<td class=\"border border-card-3 p-2\">Mediatek Dimensi\u00f3n 1080<\/td>\n<\/tr>\n<tr>\n<td class=\"border border-card-3 p-2 w-28\">Memoria<\/td>\n<td class=\"border border-card-3 p-2\">128GB 6GB RAM\u0964 128GB 8GB RAM\u0964 256 GB 8 GB de RAM<\/td>\n<\/tr>\n<tr>\n<td class=\"border border-card-3 p-2 w-28\">C\u00e1mara principal<\/td>\n<td class=\"border border-card-3 p-2\">48 MP \u0964 8 MP \u0964 5 MP \u0964 Flash LED, panorama, HDR \u0964 4K a 30 fps, 1080p a 30\/60 fps, 720p a 480 fps<\/td>\n<\/tr>\n<tr>\n<td class=\"border border-card-3 p-2 w-28\">Dimensiones<\/td>\n<td class=\"border border-card-3 p-2\">161,3x78,1x8,2mm<\/td>\n<\/tr>\n<tr>\n<td class=\"border border-card-3 p-2 w-28\">C\u00e1mara para selfies<\/td>\n<td class=\"border border-card-3 p-2\">13 MP \u0964 4K a 30 fps, 1080p a 30 fps<\/td>\n<\/tr>\n<tr>\n<td class=\"border border-card-3 p-2 w-28\">SO<\/td>\n<td class=\"border border-card-3 p-2\">androide 13<\/td>\n<\/tr>\n<tr>\n<td class=\"border border-card-3 p-2 w-28\">Informaci\u00f3n de bateria<\/td>\n<td class=\"border border-card-3 p-2\">Li-Po 5000 mAh, no extra\u00edble, carga por cable de 25 W<\/td>\n<\/tr>\n<\/tbody>\n<\/table>","protected":false},"excerpt":{"rendered":"<ul>\n<li dir=\"ltr\" role=\"presentation\">Tiene una pantalla AMOLED suave y brillante, incluso clara bajo la luz del sol.<\/li>\n<li dir=\"ltr\" role=\"presentation\">Aspecto premium pero minimalista y elegante con un cuerpo de construcci\u00f3n s\u00f3lida<\/li>\n<li dir=\"ltr\" role=\"presentation\">Las m\u00faltiples c\u00e1maras con funciones mejoradas le permiten capturar las mejores fotograf\u00edas jam\u00e1s vistas<\/li>\n<li dir=\"ltr\" role=\"presentation\">El potenciador de im\u00e1genes AI prepara tus fotos para mostrarlas donde quieras<\/li>\n<li dir=\"ltr\" role=\"presentation\">Tiene una larga duraci\u00f3n de bater\u00eda por su enorme bater\u00eda con perfecta optimizaci\u00f3n.<\/li>\n<\/ul>\n<p dir=\"ltr\">","protected":false},"featured_media":39336,"template":"","meta":[],"product_brand":[195],"product_cat":[1299],"product_tag":[477],"class_list":{"0":"post-39334","1":"product","2":"type-product","3":"status-publish","4":"has-post-thumbnail","6":"product_brand-samsung","7":"product_cat-samsung-mobile-phone","8":"product_tag-phone","10":"first","11":"instock","12":"shipping-taxable","13":"product-type-simple"},"aioseo_notices":[],"aioseo_head":"\n\t\t<!-- All in One SEO Pro 4.5.9.2 - aioseo.com -->\n\t\t<meta name=\"description\" content=\"It holds a smooth and bright AMOLED display, even clear in the sunlight Premium yet minimal and sleek outlook with a solid construct body Multi-cameras with upgraded features offers you to capture the best photos ever AI image enhancer makes your photos ready to show anywhere you want It has a long battery life by its huge battery with perfect optimization\" \/>\n\t\t<meta name=\"robots\" content=\"max-image-preview:large\" \/>\n\t\t<link rel=\"canonical\" href=\"https:\/\/www.rucashk.com\/es\/producto\/samsung-galaxy-a34-5g-smart-mobile-phone\/\" \/>\n\t\t<meta name=\"generator\" content=\"All in One SEO Pro (AIOSEO) 4.5.9.2\" \/>\n\t\t<meta property=\"og:locale\" content=\"es_ES\" \/>\n\t\t<meta property=\"og:site_name\" content=\"Rucas - One-stop AIoT Distribution Worldwide\" \/>\n\t\t<meta property=\"og:type\" content=\"article\" \/>\n\t\t<meta property=\"og:title\" content=\"Samsung Galaxy A34 5G Smart Mobile Phone - Rucas - Wholesale and Distribution\" \/>\n\t\t<meta property=\"og:description\" content=\"It holds a smooth and bright AMOLED display, even clear in the sunlight Premium yet minimal and sleek outlook with a solid construct body Multi-cameras with upgraded features offers you to capture the best photos ever AI image enhancer makes your photos ready to show anywhere you want It has a long battery life by its huge battery with perfect optimization\" \/>\n\t\t<meta property=\"og:url\" content=\"https:\/\/www.rucashk.com\/es\/producto\/samsung-galaxy-a34-5g-smart-mobile-phone\/\" \/>\n\t\t<meta property=\"og:image\" content=\"https:\/\/www.rucashk.com\/wp-content\/uploads\/replace\/503b8e645f128a97ccde2b6290747646.jpeg\" \/>\n\t\t<meta property=\"og:image:secure_url\" content=\"https:\/\/www.rucashk.com\/wp-content\/uploads\/replace\/503b8e645f128a97ccde2b6290747646.jpeg\" \/>\n\t\t<meta property=\"og:image:width\" content=\"1456\" \/>\n\t\t<meta property=\"og:image:height\" content=\"816\" \/>\n\t\t<meta property=\"article:published_time\" content=\"2024-03-24T10:24:33+00:00\" \/>\n\t\t<meta property=\"article:modified_time\" content=\"2024-03-24T10:24:33+00:00\" \/>\n\t\t<meta name=\"twitter:card\" content=\"summary_large_image\" \/>\n\t\t<meta name=\"twitter:title\" content=\"Samsung Galaxy A34 5G Smart Mobile Phone - Rucas - Wholesale and Distribution\" \/>\n\t\t<meta name=\"twitter:description\" content=\"It holds a smooth and bright AMOLED display, even clear in the sunlight Premium yet minimal and sleek outlook with a solid construct body Multi-cameras with upgraded features offers you to capture the best photos ever AI image enhancer makes your photos ready to show anywhere you want It has a long battery life by its huge battery with perfect optimization\" \/>\n\t\t<meta name=\"twitter:image\" content=\"https:\/\/www.rucashk.com\/wp-content\/uploads\/replace\/503b8e645f128a97ccde2b6290747646.jpeg\" \/>\n\t\t<script type=\"application\/ld+json\" class=\"aioseo-schema\">\n\t\t\t{\"@context\":\"https:\\\/\\\/schema.org\",\"@graph\":[{\"@type\":\"BreadcrumbList\",\"@id\":\"https:\\\/\\\/www.rucashk.com\\\/es\\\/producto\\\/samsung-galaxy-a34-5g-smart-mobile-phone\\\/#breadcrumblist\",\"itemListElement\":[{\"@type\":\"ListItem\",\"@id\":\"https:\\\/\\\/www.rucashk.com\\\/es\\\/#listItem\",\"position\":1,\"name\":\"Home\",\"item\":\"https:\\\/\\\/www.rucashk.com\\\/es\\\/\",\"nextItem\":\"https:\\\/\\\/www.rucashk.com\\\/es\\\/producto\\\/samsung-galaxy-a34-5g-smart-mobile-phone\\\/#listItem\"},{\"@type\":\"ListItem\",\"@id\":\"https:\\\/\\\/www.rucashk.com\\\/es\\\/producto\\\/samsung-galaxy-a34-5g-smart-mobile-phone\\\/#listItem\",\"position\":2,\"name\":\"Samsung Galaxy A34 5G Smart Mobile Phone\",\"previousItem\":\"https:\\\/\\\/www.rucashk.com\\\/es\\\/#listItem\"}]},{\"@type\":\"Organization\",\"@id\":\"https:\\\/\\\/www.rucashk.com\\\/es\\\/#organization\",\"name\":\"Rucas\",\"url\":\"https:\\\/\\\/www.rucashk.com\\\/es\\\/\",\"logo\":{\"@type\":\"ImageObject\",\"url\":\"https:\\\/\\\/www.rucashk.com\\\/wp-content\\\/uploads\\\/2023\\\/12\\\/Rucas_campany_logo.png\",\"@id\":\"https:\\\/\\\/www.rucashk.com\\\/es\\\/producto\\\/samsung-galaxy-a34-5g-smart-mobile-phone\\\/#organizationLogo\",\"width\":221,\"height\":65},\"image\":{\"@id\":\"https:\\\/\\\/www.rucashk.com\\\/es\\\/#organizationLogo\"}},{\"@type\":\"Person\",\"@id\":\"https:\\\/\\\/www.rucashk.com\\\/es\\\/author\\\/admin\\\/#author\",\"url\":\"https:\\\/\\\/www.rucashk.com\\\/es\\\/author\\\/admin\\\/\",\"name\":\"admin\",\"image\":{\"@type\":\"ImageObject\",\"@id\":\"https:\\\/\\\/www.rucashk.com\\\/es\\\/producto\\\/samsung-galaxy-a34-5g-smart-mobile-phone\\\/#authorImage\",\"url\":\"https:\\\/\\\/secure.gravatar.com\\\/avatar\\\/b7c8925b09a27e72b30232f8ecaadbd5af0f70a38c78096863fe51b64f031c24?s=96&d=mm&r=g\",\"width\":96,\"height\":96,\"caption\":\"admin\"}},{\"@type\":\"WebPage\",\"@id\":\"https:\\\/\\\/www.rucashk.com\\\/es\\\/producto\\\/samsung-galaxy-a34-5g-smart-mobile-phone\\\/#webpage\",\"url\":\"https:\\\/\\\/www.rucashk.com\\\/es\\\/producto\\\/samsung-galaxy-a34-5g-smart-mobile-phone\\\/\",\"name\":\"Samsung Galaxy A34 5G Smart Mobile Phone - Rucas - Wholesale and Distribution\",\"description\":\"It holds a smooth and bright AMOLED display, even clear in the sunlight Premium yet minimal and sleek outlook with a solid construct body Multi-cameras with upgraded features offers you to capture the best photos ever AI image enhancer makes your photos ready to show anywhere you want It has a long battery life by its huge battery with perfect optimization\",\"inLanguage\":\"es-ES\",\"isPartOf\":{\"@id\":\"https:\\\/\\\/www.rucashk.com\\\/es\\\/#website\"},\"breadcrumb\":{\"@id\":\"https:\\\/\\\/www.rucashk.com\\\/es\\\/producto\\\/samsung-galaxy-a34-5g-smart-mobile-phone\\\/#breadcrumblist\"},\"author\":{\"@id\":\"https:\\\/\\\/www.rucashk.com\\\/es\\\/author\\\/admin\\\/#author\"},\"creator\":{\"@id\":\"https:\\\/\\\/www.rucashk.com\\\/es\\\/author\\\/admin\\\/#author\"},\"image\":{\"@type\":\"ImageObject\",\"url\":\"https:\\\/\\\/www.rucashk.com\\\/wp-content\\\/uploads\\\/2024\\\/03\\\/9ae3e14d-5fb9-4254-a22c-cf5fb04b7dd6.jpg\",\"@id\":\"https:\\\/\\\/www.rucashk.com\\\/es\\\/producto\\\/samsung-galaxy-a34-5g-smart-mobile-phone\\\/#mainImage\",\"width\":800,\"height\":800},\"primaryImageOfPage\":{\"@id\":\"https:\\\/\\\/www.rucashk.com\\\/es\\\/producto\\\/samsung-galaxy-a34-5g-smart-mobile-phone\\\/#mainImage\"},\"datePublished\":\"2024-03-24T10:24:33+00:00\",\"dateModified\":\"2024-03-24T10:24:33+00:00\"},{\"@type\":\"WebSite\",\"@id\":\"https:\\\/\\\/www.rucashk.com\\\/es\\\/#website\",\"url\":\"https:\\\/\\\/www.rucashk.com\\\/es\\\/\",\"name\":\"Rucas - Wholesale and distribution worldwide\",\"alternateName\":\"Rucas - One-stop AIoT Distribution Worldwide\",\"description\":\"One-stop AIoT Distribution Worldwide\",\"inLanguage\":\"es-ES\",\"publisher\":{\"@id\":\"https:\\\/\\\/www.rucashk.com\\\/es\\\/#organization\"}}]}\n\t\t<\/script>\n\t\t<!-- All in One SEO Pro -->\r\n\t\t<title>Samsung Galaxy A34 5G Smart Mobile Phone - Rucas - Wholesale and Distribution<\/title>\n\n","aioseo_head_json":{"title":"Samsung Galaxy A34 5G Smart Mobile Phone - Rucas - Wholesale and Distribution","description":"It holds a smooth and bright AMOLED display, even clear in the sunlight Premium yet minimal and sleek outlook with a solid construct body Multi-cameras with upgraded features offers you to capture the best photos ever AI image enhancer makes your photos ready to show anywhere you want It has a long battery life by its huge battery with perfect optimization","canonical_url":"https:\/\/www.rucashk.com\/es\/producto\/samsung-galaxy-a34-5g-smart-mobile-phone\/","robots":"max-image-preview:large","keywords":"","webmasterTools":{"miscellaneous":""},"og:locale":"es_ES","og:site_name":"Rucas - One-stop AIoT Distribution Worldwide","og:type":"article","og:title":"Samsung Galaxy A34 5G Smart Mobile Phone - Rucas - Wholesale and Distribution","og:description":"It holds a smooth and bright AMOLED display, even clear in the sunlight Premium yet minimal and sleek outlook with a solid construct body Multi-cameras with upgraded features offers you to capture the best photos ever AI image enhancer makes your photos ready to show anywhere you want It has a long battery life by its huge battery with perfect optimization","og:url":"https:\/\/www.rucashk.com\/es\/producto\/samsung-galaxy-a34-5g-smart-mobile-phone\/","og:image":"https:\/\/www.rucashk.com\/wp-content\/uploads\/replace\/503b8e645f128a97ccde2b6290747646.jpeg","og:image:secure_url":"https:\/\/www.rucashk.com\/wp-content\/uploads\/replace\/503b8e645f128a97ccde2b6290747646.jpeg","og:image:width":1456,"og:image:height":816,"article:published_time":"2024-03-24T10:24:33+00:00","article:modified_time":"2024-03-24T10:24:33+00:00","twitter:card":"summary_large_image","twitter:title":"Samsung Galaxy A34 5G Smart Mobile Phone - Rucas - Wholesale and Distribution","twitter:description":"It holds a smooth and bright AMOLED display, even clear in the sunlight Premium yet minimal and sleek outlook with a solid construct body Multi-cameras with upgraded features offers you to capture the best photos ever AI image enhancer makes your photos ready to show anywhere you want It has a long battery life by its huge battery with perfect optimization","twitter:image":"https:\/\/www.rucashk.com\/wp-content\/uploads\/replace\/503b8e645f128a97ccde2b6290747646.jpeg","schema":{"@context":"https:\/\/schema.org","@graph":[{"@type":"BreadcrumbList","@id":"https:\/\/www.rucashk.com\/es\/producto\/samsung-galaxy-a34-5g-smart-mobile-phone\/#breadcrumblist","itemListElement":[{"@type":"ListItem","@id":"https:\/\/www.rucashk.com\/es\/#listItem","position":1,"name":"Home","item":"https:\/\/www.rucashk.com\/es\/","nextItem":"https:\/\/www.rucashk.com\/es\/producto\/samsung-galaxy-a34-5g-smart-mobile-phone\/#listItem"},{"@type":"ListItem","@id":"https:\/\/www.rucashk.com\/es\/producto\/samsung-galaxy-a34-5g-smart-mobile-phone\/#listItem","position":2,"name":"Samsung Galaxy A34 5G Smart Mobile Phone","previousItem":"https:\/\/www.rucashk.com\/es\/#listItem"}]},{"@type":"Organization","@id":"https:\/\/www.rucashk.com\/es\/#organization","name":"Rucas","url":"https:\/\/www.rucashk.com\/es\/","logo":{"@type":"ImageObject","url":"https:\/\/www.rucashk.com\/wp-content\/uploads\/2023\/12\/Rucas_campany_logo.png","@id":"https:\/\/www.rucashk.com\/es\/producto\/samsung-galaxy-a34-5g-smart-mobile-phone\/#organizationLogo","width":221,"height":65},"image":{"@id":"https:\/\/www.rucashk.com\/es\/#organizationLogo"}},{"@type":"Person","@id":"https:\/\/www.rucashk.com\/es\/author\/admin\/#author","url":"https:\/\/www.rucashk.com\/es\/author\/admin\/","name":"admin","image":{"@type":"ImageObject","@id":"https:\/\/www.rucashk.com\/es\/producto\/samsung-galaxy-a34-5g-smart-mobile-phone\/#authorImage","url":"https:\/\/secure.gravatar.com\/avatar\/b7c8925b09a27e72b30232f8ecaadbd5af0f70a38c78096863fe51b64f031c24?s=96&d=mm&r=g","width":96,"height":96,"caption":"admin"}},{"@type":"WebPage","@id":"https:\/\/www.rucashk.com\/es\/producto\/samsung-galaxy-a34-5g-smart-mobile-phone\/#webpage","url":"https:\/\/www.rucashk.com\/es\/producto\/samsung-galaxy-a34-5g-smart-mobile-phone\/","name":"Samsung Galaxy A34 5G Smart Mobile Phone - Rucas - Wholesale and Distribution","description":"It holds a smooth and bright AMOLED display, even clear in the sunlight Premium yet minimal and sleek outlook with a solid construct body Multi-cameras with upgraded features offers you to capture the best photos ever AI image enhancer makes your photos ready to show anywhere you want It has a long battery life by its huge battery with perfect optimization","inLanguage":"es-ES","isPartOf":{"@id":"https:\/\/www.rucashk.com\/es\/#website"},"breadcrumb":{"@id":"https:\/\/www.rucashk.com\/es\/producto\/samsung-galaxy-a34-5g-smart-mobile-phone\/#breadcrumblist"},"author":{"@id":"https:\/\/www.rucashk.com\/es\/author\/admin\/#author"},"creator":{"@id":"https:\/\/www.rucashk.com\/es\/author\/admin\/#author"},"image":{"@type":"ImageObject","url":"https:\/\/www.rucashk.com\/wp-content\/uploads\/2024\/03\/9ae3e14d-5fb9-4254-a22c-cf5fb04b7dd6.jpg","@id":"https:\/\/www.rucashk.com\/es\/producto\/samsung-galaxy-a34-5g-smart-mobile-phone\/#mainImage","width":800,"height":800},"primaryImageOfPage":{"@id":"https:\/\/www.rucashk.com\/es\/producto\/samsung-galaxy-a34-5g-smart-mobile-phone\/#mainImage"},"datePublished":"2024-03-24T10:24:33+00:00","dateModified":"2024-03-24T10:24:33+00:00"},{"@type":"WebSite","@id":"https:\/\/www.rucashk.com\/es\/#website","url":"https:\/\/www.rucashk.com\/es\/","name":"Rucas - Wholesale and distribution worldwide","alternateName":"Rucas - One-stop AIoT Distribution Worldwide","description":"One-stop AIoT Distribution Worldwide","inLanguage":"es-ES","publisher":{"@id":"https:\/\/www.rucashk.com\/es\/#organization"}}]}},"aioseo_meta_data":{"post_id":"39334","title":null,"description":null,"keywords":null,"keyphrases":null,"primary_term":null,"canonical_url":null,"og_title":null,"og_description":null,"og_object_type":"default","og_image_type":"default","og_image_url":null,"og_image_width":null,"og_image_height":null,"og_image_custom_url":null,"og_image_custom_fields":null,"og_video":null,"og_custom_url":null,"og_article_section":null,"og_article_tags":null,"twitter_use_og":false,"twitter_card":"default","twitter_image_type":"default","twitter_image_url":null,"twitter_image_custom_url":null,"twitter_image_custom_fields":null,"twitter_title":null,"twitter_description":null,"schema":{"blockGraphs":[],"customGraphs":[],"default":{"data":{"Article":[],"Course":[],"Dataset":[],"FAQPage":[],"Movie":[],"Person":[],"Product":[],"Recipe":[],"Service":[],"SoftwareApplication":[],"WebPage":[]},"graphName":"","isEnabled":true},"graphs":[]},"schema_type":"default","schema_type_options":null,"pillar_content":false,"robots_default":true,"robots_noindex":false,"robots_noarchive":false,"robots_nosnippet":false,"robots_nofollow":false,"robots_noimageindex":false,"robots_noodp":false,"robots_notranslate":false,"robots_max_snippet":null,"robots_max_videopreview":null,"robots_max_imagepreview":"large","priority":null,"frequency":null,"local_seo":null,"breadcrumb_settings":null,"limit_modified_date":false,"created":"2024-04-11 01:57:23","updated":"2025-06-22 18:49:54"},"aioseo_breadcrumb":"<div class=\"aioseo-breadcrumbs\"><span class=\"aioseo-breadcrumb\">\n\t<a href=\"https:\/\/www.rucashk.com\/es\" title=\"Home\">Home<\/a>\n<\/span><span class=\"aioseo-breadcrumb-separator\">&raquo;<\/span><span class=\"aioseo-breadcrumb\">\n\t<a href=\"https:\/\/www.rucashk.com\/es\/products\/\" title=\"Productos\">Productos<\/a>\n<\/span><span class=\"aioseo-breadcrumb-separator\">&raquo;<\/span><span class=\"aioseo-breadcrumb\">\n\t<a href=\"https:\/\/www.rucashk.com\/es\/marca\/samsung\/\" title=\"Samsung\">Samsung<\/a>\n<\/span><span class=\"aioseo-breadcrumb-separator\">&raquo;<\/span><span class=\"aioseo-breadcrumb\">\n\tSamsung Galaxy A34 5G Smart Mobile Phone\n<\/span><\/div>","aioseo_breadcrumb_json":[{"label":"Home","link":"https:\/\/www.rucashk.com\/es"},{"label":"Productos","link":"https:\/\/www.rucashk.com\/es\/products\/"},{"label":"Samsung","link":"https:\/\/www.rucashk.com\/es\/marca\/samsung\/"},{"label":"Samsung Galaxy A34 5G Smart Mobile Phone","link":"https:\/\/www.rucashk.com\/es\/producto\/samsung-galaxy-a34-5g-smart-mobile-phone\/"}],"_links":{"self":[{"href":"https:\/\/www.rucashk.com\/es\/wp-json\/wp\/v2\/product\/39334","targetHints":{"allow":["GET"]}}],"collection":[{"href":"https:\/\/www.rucashk.com\/es\/wp-json\/wp\/v2\/product"}],"about":[{"href":"https:\/\/www.rucashk.com\/es\/wp-json\/wp\/v2\/types\/product"}],"wp:featuredmedia":[{"embeddable":true,"href":"https:\/\/www.rucashk.com\/es\/wp-json\/wp\/v2\/media\/39336"}],"wp:attachment":[{"href":"https:\/\/www.rucashk.com\/es\/wp-json\/wp\/v2\/media?parent=39334"}],"wp:term":[{"taxonomy":"product_brand","embeddable":true,"href":"https:\/\/www.rucashk.com\/es\/wp-json\/wp\/v2\/product_brand?post=39334"},{"taxonomy":"product_cat","embeddable":true,"href":"https:\/\/www.rucashk.com\/es\/wp-json\/wp\/v2\/product_cat?post=39334"},{"taxonomy":"product_tag","embeddable":true,"href":"https:\/\/www.rucashk.com\/es\/wp-json\/wp\/v2\/product_tag?post=39334"}],"curies":[{"name":"wp","href":"https:\/\/api.w.org\/{rel}","templated":true}]}}