{"id":39329,"date":"2024-03-24T10:21:18","date_gmt":"2024-03-24T10:21:18","guid":{"rendered":"http:\/\/rucashk.com\/?post_type=product&#038;p=39329"},"modified":"2024-04-16T13:24:07","modified_gmt":"2024-04-16T13:24:07","slug":"samsung-galaxy-a24-smart-mobile-phone","status":"publish","type":"product","link":"https:\/\/www.rucashk.com\/es\/producto\/samsung-galaxy-a24-smart-mobile-phone\/","title":{"rendered":"Tel\u00e9fono m\u00f3vil inteligente Samsung Galaxy A24"},"content":{"rendered":"<p><img decoding=\"async\" alt=\"Samsung Galaxy A24 Smart Mobile Phone\" src=\"\/wp-content\/uploads\/replace\/4d099a1cfe46a22f196e4a9e6fd2ad57.jpeg\" \/><\/p>\n<p><strong>Samsung Galaxy A24<\/strong><br \/>\nAdopte un toque contempor\u00e1neo en un dise\u00f1o cl\u00e1sico con un acabado brillante. Elija un color que se adapte a su estilo: negro, rojo oscuro, verde claro o plateado. Capture todas las facetas de su mundo, desde retratos hasta tomas de gran angular. Utilice la c\u00e1mara Ultra Wide para paisajes amplios y la c\u00e1mara Macro para primeros planos detallados. Minimiza el desenfoque en fotos y videos con OIS en la c\u00e1mara principal de 50MP y toma selfies realistas con la c\u00e1mara frontal de 13MP. Realice tareas con el eficiente procesador octa-core para un desplazamiento y transmisi\u00f3n fluidos.<\/p>\n<table class=\"table-auto w-full text-left\">\n<tbody>\n<tr>\n<td class=\"border border-card-3 p-2 w-28\">Red<\/td>\n<td class=\"border border-card-3 p-2\">GSM\/HSPA\/LTE<\/td>\n<\/tr>\n<tr>\n<td class=\"border border-card-3 p-2 w-28\">Sensores<\/td>\n<td class=\"border border-card-3 p-2\">Huella digital | aceler\u00f3metro |giroscopio | Br\u00fajula<\/td>\n<\/tr>\n<tr>\n<td class=\"border border-card-3 p-2 w-28\">Sonido<\/td>\n<td class=\"border border-card-3 p-2\">Altavoz | conector de 3,5 mm<\/td>\n<\/tr>\n<tr>\n<td class=\"border border-card-3 p-2 w-28\">Peso<\/td>\n<td class=\"border border-card-3 p-2\">195 gramos<\/td>\n<\/tr>\n<tr>\n<td class=\"border border-card-3 p-2 w-28\">SIM<\/td>\n<td class=\"border border-card-3 p-2\">SIM \u00fanica | Doble SIM<\/td>\n<\/tr>\n<tr>\n<td class=\"border border-card-3 p-2 w-28\">Marca<\/td>\n<td class=\"border border-card-3 p-2\">Samsung<\/td>\n<\/tr>\n<tr>\n<td class=\"border border-card-3 p-2 w-28\">Modelo<\/td>\n<td class=\"border border-card-3 p-2\">Galaxia A24<\/td>\n<\/tr>\n<tr>\n<td class=\"border border-card-3 p-2 w-28\">UPC<\/td>\n<td class=\"border border-card-3 p-2\">Ocho nucleos<\/td>\n<\/tr>\n<tr>\n<td class=\"border border-card-3 p-2 w-28\">tama\u00f1o de la pantalla<\/td>\n<td class=\"border border-card-3 p-2\">6,5 pulgadas<\/td>\n<\/tr>\n<tr>\n<td class=\"border border-card-3 p-2 w-28\">Tipo de visualizaci\u00f3n<\/td>\n<td class=\"border border-card-3 p-2\">S\u00faper AMOLED<\/td>\n<\/tr>\n<tr>\n<td class=\"border border-card-3 p-2 w-28\">Resoluci\u00f3n de pantalla<\/td>\n<td class=\"border border-card-3 p-2\">1080 x 2340 p\u00edxeles<\/td>\n<\/tr>\n<tr>\n<td class=\"border border-card-3 p-2 w-28\">conjunto de chips<\/td>\n<td class=\"border border-card-3 p-2\">Mediatek Helio G99<\/td>\n<\/tr>\n<tr>\n<td class=\"border border-card-3 p-2 w-28\">Memoria<\/td>\n<td class=\"border border-card-3 p-2\">128 GB 4 GB de RAM | 128 GB 6 GB de RAM | 128 GB 8 GB de RAM<\/td>\n<\/tr>\n<tr>\n<td class=\"border border-card-3 p-2 w-28\">C\u00e1mara principal<\/td>\n<td class=\"border border-card-3 p-2\">50 MP, f\/1,8, (gran angular), PDAF, OIS 5 MP, f\/2,2, 123\u02da (ultraancho), 1\/5,0\u2033, 1,12 \u00b5m<\/td>\n<\/tr>\n<tr>\n<td class=\"border border-card-3 p-2 w-28\">Dimensiones<\/td>\n<td class=\"border border-card-3 p-2\">162,1x77,6x8,3mm<\/td>\n<\/tr>\n<tr>\n<td class=\"border border-card-3 p-2 w-28\">C\u00e1mara para selfies<\/td>\n<td class=\"border border-card-3 p-2\">13MP, f\/2.2, (gran angular)<\/td>\n<\/tr>\n<tr>\n<td class=\"border border-card-3 p-2 w-28\">Informaci\u00f3n de bateria<\/td>\n<td class=\"border border-card-3 p-2\">Li-Po 5000 mAh<\/td>\n<\/tr>\n<tr>\n<td class=\"border border-card-3 p-2 w-28\">SO<\/td>\n<td class=\"border border-card-3 p-2\">androide 13<\/td>\n<\/tr>\n<\/tbody>\n<\/table>","protected":false},"excerpt":{"rendered":"<ul>\n<li dir=\"ltr\" role=\"presentation\">Sea testigo de colores vibrantes en la pantalla FHD+ Super AMOLED de 6,5 pulgadas.<\/li>\n<li dir=\"ltr\" role=\"presentation\">La tecnolog\u00eda Super AMOLED resalta los colores y los detalles, brindando una visibilidad clara con un brillo de 1000 nits para programas y transmisiones.<\/li>\n<li dir=\"ltr\" role=\"presentation\">Proteja sus ojos con protecci\u00f3n mejorada contra la luz azul para una visualizaci\u00f3n c\u00f3moda de d\u00eda o de noche.<\/li>\n<li dir=\"ltr\" role=\"presentation\">Impulsa tus tareas con el procesador Octa-Core, garantizando un desplazamiento y una transmisi\u00f3n fluidos.<\/li>\n<li dir=\"ltr\" role=\"presentation\">Disfrute de un amplio almacenamiento con 128 GB y preoc\u00fapese menos por el espacio con hasta 1 TB adicional en una tarjeta microSD.<\/li>\n<li dir=\"ltr\" role=\"presentation\">Contin\u00fae la diversi\u00f3n con una bater\u00eda de 5000 mAh (t\u00edpica), que dura m\u00e1s de 2 d\u00edas con una sola carga para transmitir, publicar y compartir.<\/li>\n<\/ul>","protected":false},"featured_media":39332,"template":"","meta":[],"product_brand":[195],"product_cat":[1295,1299],"product_tag":[477],"class_list":{"0":"post-39329","1":"product","2":"type-product","3":"status-publish","4":"has-post-thumbnail","6":"product_brand-samsung","7":"product_cat-mobile-phone","8":"product_cat-samsung-mobile-phone","9":"product_tag-phone","11":"first","12":"instock","13":"shipping-taxable","14":"product-type-simple"},"aioseo_notices":[],"aioseo_head":"\n\t\t<!-- All in One SEO Pro 4.5.9.2 - aioseo.com -->\n\t\t<meta name=\"description\" content=\"Witness vibrant colors on the 6.5-inch FHD+ Super AMOLED display. The Super AMOLED tech makes colors and details pop, providing clear visibility with 1,000 nits brightness for shows and broadcasts. Protect your eyes with enhanced blue light protection for comfortable viewing day or night. Boost your tasks with the Octa-Core processor, ensuring smooth scrolling and streaming. Enjoy ample storage with 128 GB, and worry less about space with up to 1TB extra on a microSD card. Keep the fun going with a 5000 mAh (typical) battery, lasting over 2 days on a single charge for streaming, posting, and sharing.\" \/>\n\t\t<meta name=\"robots\" content=\"max-image-preview:large\" \/>\n\t\t<link rel=\"canonical\" href=\"https:\/\/www.rucashk.com\/es\/producto\/samsung-galaxy-a24-smart-mobile-phone\/\" \/>\n\t\t<meta name=\"generator\" content=\"All in One SEO Pro (AIOSEO) 4.5.9.2\" \/>\n\t\t<meta property=\"og:locale\" content=\"es_ES\" \/>\n\t\t<meta property=\"og:site_name\" content=\"Rucas - One-stop AIoT Distribution Worldwide\" \/>\n\t\t<meta property=\"og:type\" content=\"article\" \/>\n\t\t<meta property=\"og:title\" content=\"Samsung Galaxy A24 Smart Mobile Phone - Rucas - Wholesale and Distribution\" \/>\n\t\t<meta property=\"og:description\" content=\"Witness vibrant colors on the 6.5-inch FHD+ Super AMOLED display. The Super AMOLED tech makes colors and details pop, providing clear visibility with 1,000 nits brightness for shows and broadcasts. Protect your eyes with enhanced blue light protection for comfortable viewing day or night. Boost your tasks with the Octa-Core processor, ensuring smooth scrolling and streaming. Enjoy ample storage with 128 GB, and worry less about space with up to 1TB extra on a microSD card. Keep the fun going with a 5000 mAh (typical) battery, lasting over 2 days on a single charge for streaming, posting, and sharing.\" \/>\n\t\t<meta property=\"og:url\" content=\"https:\/\/www.rucashk.com\/es\/producto\/samsung-galaxy-a24-smart-mobile-phone\/\" \/>\n\t\t<meta property=\"og:image\" content=\"https:\/\/www.rucashk.com\/wp-content\/uploads\/replace\/503b8e645f128a97ccde2b6290747646.jpeg\" \/>\n\t\t<meta property=\"og:image:secure_url\" content=\"https:\/\/www.rucashk.com\/wp-content\/uploads\/replace\/503b8e645f128a97ccde2b6290747646.jpeg\" \/>\n\t\t<meta property=\"og:image:width\" content=\"1456\" \/>\n\t\t<meta property=\"og:image:height\" content=\"816\" \/>\n\t\t<meta property=\"article:published_time\" content=\"2024-03-24T10:21:18+00:00\" \/>\n\t\t<meta property=\"article:modified_time\" content=\"2024-04-16T13:24:07+00:00\" \/>\n\t\t<meta name=\"twitter:card\" content=\"summary_large_image\" \/>\n\t\t<meta name=\"twitter:title\" content=\"Samsung Galaxy A24 Smart Mobile Phone - Rucas - Wholesale and Distribution\" \/>\n\t\t<meta name=\"twitter:description\" content=\"Witness vibrant colors on the 6.5-inch FHD+ Super AMOLED display. The Super AMOLED tech makes colors and details pop, providing clear visibility with 1,000 nits brightness for shows and broadcasts. Protect your eyes with enhanced blue light protection for comfortable viewing day or night. Boost your tasks with the Octa-Core processor, ensuring smooth scrolling and streaming. Enjoy ample storage with 128 GB, and worry less about space with up to 1TB extra on a microSD card. Keep the fun going with a 5000 mAh (typical) battery, lasting over 2 days on a single charge for streaming, posting, and sharing.\" \/>\n\t\t<meta name=\"twitter:image\" content=\"https:\/\/www.rucashk.com\/wp-content\/uploads\/replace\/503b8e645f128a97ccde2b6290747646.jpeg\" \/>\n\t\t<script type=\"application\/ld+json\" class=\"aioseo-schema\">\n\t\t\t{\"@context\":\"https:\\\/\\\/schema.org\",\"@graph\":[{\"@type\":\"BreadcrumbList\",\"@id\":\"https:\\\/\\\/www.rucashk.com\\\/es\\\/producto\\\/samsung-galaxy-a24-smart-mobile-phone\\\/#breadcrumblist\",\"itemListElement\":[{\"@type\":\"ListItem\",\"@id\":\"https:\\\/\\\/www.rucashk.com\\\/es\\\/#listItem\",\"position\":1,\"name\":\"Home\",\"item\":\"https:\\\/\\\/www.rucashk.com\\\/es\\\/\",\"nextItem\":\"https:\\\/\\\/www.rucashk.com\\\/es\\\/producto\\\/samsung-galaxy-a24-smart-mobile-phone\\\/#listItem\"},{\"@type\":\"ListItem\",\"@id\":\"https:\\\/\\\/www.rucashk.com\\\/es\\\/producto\\\/samsung-galaxy-a24-smart-mobile-phone\\\/#listItem\",\"position\":2,\"name\":\"Samsung Galaxy A24 Smart Mobile Phone\",\"previousItem\":\"https:\\\/\\\/www.rucashk.com\\\/es\\\/#listItem\"}]},{\"@type\":\"Organization\",\"@id\":\"https:\\\/\\\/www.rucashk.com\\\/es\\\/#organization\",\"name\":\"Rucas\",\"url\":\"https:\\\/\\\/www.rucashk.com\\\/es\\\/\",\"logo\":{\"@type\":\"ImageObject\",\"url\":\"https:\\\/\\\/www.rucashk.com\\\/wp-content\\\/uploads\\\/2023\\\/12\\\/Rucas_campany_logo.png\",\"@id\":\"https:\\\/\\\/www.rucashk.com\\\/es\\\/producto\\\/samsung-galaxy-a24-smart-mobile-phone\\\/#organizationLogo\",\"width\":221,\"height\":65},\"image\":{\"@id\":\"https:\\\/\\\/www.rucashk.com\\\/es\\\/#organizationLogo\"}},{\"@type\":\"Person\",\"@id\":\"https:\\\/\\\/www.rucashk.com\\\/es\\\/author\\\/admin\\\/#author\",\"url\":\"https:\\\/\\\/www.rucashk.com\\\/es\\\/author\\\/admin\\\/\",\"name\":\"admin\",\"image\":{\"@type\":\"ImageObject\",\"@id\":\"https:\\\/\\\/www.rucashk.com\\\/es\\\/producto\\\/samsung-galaxy-a24-smart-mobile-phone\\\/#authorImage\",\"url\":\"https:\\\/\\\/secure.gravatar.com\\\/avatar\\\/b7c8925b09a27e72b30232f8ecaadbd5af0f70a38c78096863fe51b64f031c24?s=96&d=mm&r=g\",\"width\":96,\"height\":96,\"caption\":\"admin\"}},{\"@type\":\"WebPage\",\"@id\":\"https:\\\/\\\/www.rucashk.com\\\/es\\\/producto\\\/samsung-galaxy-a24-smart-mobile-phone\\\/#webpage\",\"url\":\"https:\\\/\\\/www.rucashk.com\\\/es\\\/producto\\\/samsung-galaxy-a24-smart-mobile-phone\\\/\",\"name\":\"Samsung Galaxy A24 Smart Mobile Phone - Rucas - Wholesale and Distribution\",\"description\":\"Witness vibrant colors on the 6.5-inch FHD+ Super AMOLED display. The Super AMOLED tech makes colors and details pop, providing clear visibility with 1,000 nits brightness for shows and broadcasts. Protect your eyes with enhanced blue light protection for comfortable viewing day or night. Boost your tasks with the Octa-Core processor, ensuring smooth scrolling and streaming. Enjoy ample storage with 128 GB, and worry less about space with up to 1TB extra on a microSD card. Keep the fun going with a 5000 mAh (typical) battery, lasting over 2 days on a single charge for streaming, posting, and sharing.\",\"inLanguage\":\"es-ES\",\"isPartOf\":{\"@id\":\"https:\\\/\\\/www.rucashk.com\\\/es\\\/#website\"},\"breadcrumb\":{\"@id\":\"https:\\\/\\\/www.rucashk.com\\\/es\\\/producto\\\/samsung-galaxy-a24-smart-mobile-phone\\\/#breadcrumblist\"},\"author\":{\"@id\":\"https:\\\/\\\/www.rucashk.com\\\/es\\\/author\\\/admin\\\/#author\"},\"creator\":{\"@id\":\"https:\\\/\\\/www.rucashk.com\\\/es\\\/author\\\/admin\\\/#author\"},\"image\":{\"@type\":\"ImageObject\",\"url\":\"https:\\\/\\\/www.rucashk.com\\\/wp-content\\\/uploads\\\/2024\\\/03\\\/307fa894-c628-421a-b712-c75be964dcbe.jpg\",\"@id\":\"https:\\\/\\\/www.rucashk.com\\\/es\\\/producto\\\/samsung-galaxy-a24-smart-mobile-phone\\\/#mainImage\",\"width\":739,\"height\":739},\"primaryImageOfPage\":{\"@id\":\"https:\\\/\\\/www.rucashk.com\\\/es\\\/producto\\\/samsung-galaxy-a24-smart-mobile-phone\\\/#mainImage\"},\"datePublished\":\"2024-03-24T10:21:18+00:00\",\"dateModified\":\"2024-04-16T13:24:07+00:00\"},{\"@type\":\"WebSite\",\"@id\":\"https:\\\/\\\/www.rucashk.com\\\/es\\\/#website\",\"url\":\"https:\\\/\\\/www.rucashk.com\\\/es\\\/\",\"name\":\"Rucas - Wholesale and distribution worldwide\",\"alternateName\":\"Rucas - One-stop AIoT Distribution Worldwide\",\"description\":\"One-stop AIoT Distribution Worldwide\",\"inLanguage\":\"es-ES\",\"publisher\":{\"@id\":\"https:\\\/\\\/www.rucashk.com\\\/es\\\/#organization\"}}]}\n\t\t<\/script>\n\t\t<!-- All in One SEO Pro -->\r\n\t\t<title>Samsung Galaxy A24 Smart Mobile Phone - Rucas - Wholesale and Distribution<\/title>\n\n","aioseo_head_json":{"title":"Samsung Galaxy A24 Smart Mobile Phone - Rucas - Wholesale and Distribution","description":"Witness vibrant colors on the 6.5-inch FHD+ Super AMOLED display. The Super AMOLED tech makes colors and details pop, providing clear visibility with 1,000 nits brightness for shows and broadcasts. Protect your eyes with enhanced blue light protection for comfortable viewing day or night. Boost your tasks with the Octa-Core processor, ensuring smooth scrolling and streaming. Enjoy ample storage with 128 GB, and worry less about space with up to 1TB extra on a microSD card. Keep the fun going with a 5000 mAh (typical) battery, lasting over 2 days on a single charge for streaming, posting, and sharing.","canonical_url":"https:\/\/www.rucashk.com\/es\/producto\/samsung-galaxy-a24-smart-mobile-phone\/","robots":"max-image-preview:large","keywords":"","webmasterTools":{"miscellaneous":""},"og:locale":"es_ES","og:site_name":"Rucas - One-stop AIoT Distribution Worldwide","og:type":"article","og:title":"Samsung Galaxy A24 Smart Mobile Phone - Rucas - Wholesale and Distribution","og:description":"Witness vibrant colors on the 6.5-inch FHD+ Super AMOLED display. The Super AMOLED tech makes colors and details pop, providing clear visibility with 1,000 nits brightness for shows and broadcasts. Protect your eyes with enhanced blue light protection for comfortable viewing day or night. Boost your tasks with the Octa-Core processor, ensuring smooth scrolling and streaming. Enjoy ample storage with 128 GB, and worry less about space with up to 1TB extra on a microSD card. Keep the fun going with a 5000 mAh (typical) battery, lasting over 2 days on a single charge for streaming, posting, and sharing.","og:url":"https:\/\/www.rucashk.com\/es\/producto\/samsung-galaxy-a24-smart-mobile-phone\/","og:image":"https:\/\/www.rucashk.com\/wp-content\/uploads\/replace\/503b8e645f128a97ccde2b6290747646.jpeg","og:image:secure_url":"https:\/\/www.rucashk.com\/wp-content\/uploads\/replace\/503b8e645f128a97ccde2b6290747646.jpeg","og:image:width":1456,"og:image:height":816,"article:published_time":"2024-03-24T10:21:18+00:00","article:modified_time":"2024-04-16T13:24:07+00:00","twitter:card":"summary_large_image","twitter:title":"Samsung Galaxy A24 Smart Mobile Phone - Rucas - Wholesale and Distribution","twitter:description":"Witness vibrant colors on the 6.5-inch FHD+ Super AMOLED display. The Super AMOLED tech makes colors and details pop, providing clear visibility with 1,000 nits brightness for shows and broadcasts. Protect your eyes with enhanced blue light protection for comfortable viewing day or night. Boost your tasks with the Octa-Core processor, ensuring smooth scrolling and streaming. Enjoy ample storage with 128 GB, and worry less about space with up to 1TB extra on a microSD card. Keep the fun going with a 5000 mAh (typical) battery, lasting over 2 days on a single charge for streaming, posting, and sharing.","twitter:image":"https:\/\/www.rucashk.com\/wp-content\/uploads\/replace\/503b8e645f128a97ccde2b6290747646.jpeg","schema":{"@context":"https:\/\/schema.org","@graph":[{"@type":"BreadcrumbList","@id":"https:\/\/www.rucashk.com\/es\/producto\/samsung-galaxy-a24-smart-mobile-phone\/#breadcrumblist","itemListElement":[{"@type":"ListItem","@id":"https:\/\/www.rucashk.com\/es\/#listItem","position":1,"name":"Home","item":"https:\/\/www.rucashk.com\/es\/","nextItem":"https:\/\/www.rucashk.com\/es\/producto\/samsung-galaxy-a24-smart-mobile-phone\/#listItem"},{"@type":"ListItem","@id":"https:\/\/www.rucashk.com\/es\/producto\/samsung-galaxy-a24-smart-mobile-phone\/#listItem","position":2,"name":"Samsung Galaxy A24 Smart Mobile Phone","previousItem":"https:\/\/www.rucashk.com\/es\/#listItem"}]},{"@type":"Organization","@id":"https:\/\/www.rucashk.com\/es\/#organization","name":"Rucas","url":"https:\/\/www.rucashk.com\/es\/","logo":{"@type":"ImageObject","url":"https:\/\/www.rucashk.com\/wp-content\/uploads\/2023\/12\/Rucas_campany_logo.png","@id":"https:\/\/www.rucashk.com\/es\/producto\/samsung-galaxy-a24-smart-mobile-phone\/#organizationLogo","width":221,"height":65},"image":{"@id":"https:\/\/www.rucashk.com\/es\/#organizationLogo"}},{"@type":"Person","@id":"https:\/\/www.rucashk.com\/es\/author\/admin\/#author","url":"https:\/\/www.rucashk.com\/es\/author\/admin\/","name":"admin","image":{"@type":"ImageObject","@id":"https:\/\/www.rucashk.com\/es\/producto\/samsung-galaxy-a24-smart-mobile-phone\/#authorImage","url":"https:\/\/secure.gravatar.com\/avatar\/b7c8925b09a27e72b30232f8ecaadbd5af0f70a38c78096863fe51b64f031c24?s=96&d=mm&r=g","width":96,"height":96,"caption":"admin"}},{"@type":"WebPage","@id":"https:\/\/www.rucashk.com\/es\/producto\/samsung-galaxy-a24-smart-mobile-phone\/#webpage","url":"https:\/\/www.rucashk.com\/es\/producto\/samsung-galaxy-a24-smart-mobile-phone\/","name":"Samsung Galaxy A24 Smart Mobile Phone - Rucas - Wholesale and Distribution","description":"Witness vibrant colors on the 6.5-inch FHD+ Super AMOLED display. The Super AMOLED tech makes colors and details pop, providing clear visibility with 1,000 nits brightness for shows and broadcasts. Protect your eyes with enhanced blue light protection for comfortable viewing day or night. Boost your tasks with the Octa-Core processor, ensuring smooth scrolling and streaming. Enjoy ample storage with 128 GB, and worry less about space with up to 1TB extra on a microSD card. Keep the fun going with a 5000 mAh (typical) battery, lasting over 2 days on a single charge for streaming, posting, and sharing.","inLanguage":"es-ES","isPartOf":{"@id":"https:\/\/www.rucashk.com\/es\/#website"},"breadcrumb":{"@id":"https:\/\/www.rucashk.com\/es\/producto\/samsung-galaxy-a24-smart-mobile-phone\/#breadcrumblist"},"author":{"@id":"https:\/\/www.rucashk.com\/es\/author\/admin\/#author"},"creator":{"@id":"https:\/\/www.rucashk.com\/es\/author\/admin\/#author"},"image":{"@type":"ImageObject","url":"https:\/\/www.rucashk.com\/wp-content\/uploads\/2024\/03\/307fa894-c628-421a-b712-c75be964dcbe.jpg","@id":"https:\/\/www.rucashk.com\/es\/producto\/samsung-galaxy-a24-smart-mobile-phone\/#mainImage","width":739,"height":739},"primaryImageOfPage":{"@id":"https:\/\/www.rucashk.com\/es\/producto\/samsung-galaxy-a24-smart-mobile-phone\/#mainImage"},"datePublished":"2024-03-24T10:21:18+00:00","dateModified":"2024-04-16T13:24:07+00:00"},{"@type":"WebSite","@id":"https:\/\/www.rucashk.com\/es\/#website","url":"https:\/\/www.rucashk.com\/es\/","name":"Rucas - Wholesale and distribution worldwide","alternateName":"Rucas - One-stop AIoT Distribution Worldwide","description":"One-stop AIoT Distribution Worldwide","inLanguage":"es-ES","publisher":{"@id":"https:\/\/www.rucashk.com\/es\/#organization"}}]}},"aioseo_meta_data":{"post_id":"39329","title":null,"description":null,"keywords":null,"keyphrases":null,"primary_term":null,"canonical_url":null,"og_title":null,"og_description":null,"og_object_type":"default","og_image_type":"default","og_image_url":null,"og_image_width":null,"og_image_height":null,"og_image_custom_url":null,"og_image_custom_fields":null,"og_video":null,"og_custom_url":null,"og_article_section":null,"og_article_tags":null,"twitter_use_og":false,"twitter_card":"default","twitter_image_type":"default","twitter_image_url":null,"twitter_image_custom_url":null,"twitter_image_custom_fields":null,"twitter_title":null,"twitter_description":null,"schema":{"blockGraphs":[],"customGraphs":[],"default":{"data":{"Article":[],"Course":[],"Dataset":[],"FAQPage":[],"Movie":[],"Person":[],"Product":[],"Recipe":[],"Service":[],"SoftwareApplication":[],"WebPage":[]},"graphName":"","isEnabled":true},"graphs":[]},"schema_type":"default","schema_type_options":null,"pillar_content":false,"robots_default":true,"robots_noindex":false,"robots_noarchive":false,"robots_nosnippet":false,"robots_nofollow":false,"robots_noimageindex":false,"robots_noodp":false,"robots_notranslate":false,"robots_max_snippet":null,"robots_max_videopreview":null,"robots_max_imagepreview":"large","priority":null,"frequency":null,"local_seo":null,"breadcrumb_settings":null,"limit_modified_date":false,"created":"2024-04-11 01:57:23","updated":"2025-06-22 18:49:54"},"aioseo_breadcrumb":"<div class=\"aioseo-breadcrumbs\"><span class=\"aioseo-breadcrumb\">\n\t<a href=\"https:\/\/www.rucashk.com\/es\" title=\"Home\">Home<\/a>\n<\/span><span class=\"aioseo-breadcrumb-separator\">&raquo;<\/span><span class=\"aioseo-breadcrumb\">\n\t<a href=\"https:\/\/www.rucashk.com\/es\/products\/\" title=\"Productos\">Productos<\/a>\n<\/span><span class=\"aioseo-breadcrumb-separator\">&raquo;<\/span><span class=\"aioseo-breadcrumb\">\n\t<a href=\"https:\/\/www.rucashk.com\/es\/marca\/samsung\/\" title=\"Samsung\">Samsung<\/a>\n<\/span><span class=\"aioseo-breadcrumb-separator\">&raquo;<\/span><span class=\"aioseo-breadcrumb\">\n\tSamsung Galaxy A24 Smart Mobile Phone\n<\/span><\/div>","aioseo_breadcrumb_json":[{"label":"Home","link":"https:\/\/www.rucashk.com\/es"},{"label":"Productos","link":"https:\/\/www.rucashk.com\/es\/products\/"},{"label":"Samsung","link":"https:\/\/www.rucashk.com\/es\/marca\/samsung\/"},{"label":"Samsung Galaxy A24 Smart Mobile Phone","link":"https:\/\/www.rucashk.com\/es\/producto\/samsung-galaxy-a24-smart-mobile-phone\/"}],"_links":{"self":[{"href":"https:\/\/www.rucashk.com\/es\/wp-json\/wp\/v2\/product\/39329","targetHints":{"allow":["GET"]}}],"collection":[{"href":"https:\/\/www.rucashk.com\/es\/wp-json\/wp\/v2\/product"}],"about":[{"href":"https:\/\/www.rucashk.com\/es\/wp-json\/wp\/v2\/types\/product"}],"wp:featuredmedia":[{"embeddable":true,"href":"https:\/\/www.rucashk.com\/es\/wp-json\/wp\/v2\/media\/39332"}],"wp:attachment":[{"href":"https:\/\/www.rucashk.com\/es\/wp-json\/wp\/v2\/media?parent=39329"}],"wp:term":[{"taxonomy":"product_brand","embeddable":true,"href":"https:\/\/www.rucashk.com\/es\/wp-json\/wp\/v2\/product_brand?post=39329"},{"taxonomy":"product_cat","embeddable":true,"href":"https:\/\/www.rucashk.com\/es\/wp-json\/wp\/v2\/product_cat?post=39329"},{"taxonomy":"product_tag","embeddable":true,"href":"https:\/\/www.rucashk.com\/es\/wp-json\/wp\/v2\/product_tag?post=39329"}],"curies":[{"name":"wp","href":"https:\/\/api.w.org\/{rel}","templated":true}]}}