{"id":39305,"date":"2024-03-24T10:08:19","date_gmt":"2024-03-24T10:08:19","guid":{"rendered":"http:\/\/rucashk.com\/?post_type=product&#038;p=39305"},"modified":"2024-03-24T10:08:22","modified_gmt":"2024-03-24T10:08:22","slug":"realme-gt3-smart-mobile-phone","status":"publish","type":"product","link":"https:\/\/www.rucashk.com\/es\/producto\/realme-gt3-smart-mobile-phone\/","title":{"rendered":"Tel\u00e9fono m\u00f3vil inteligente Realme GT3"},"content":{"rendered":"<p><img decoding=\"async\" alt=\"Realme GT3 Smart Mobile Phone\" class=\"aligncenter\" src=\"\/wp-content\/uploads\/replace\/4bffb7b724919bbf2a056e0c66d9be3d.png\" \/><img decoding=\"async\" alt=\"Realme GT3 Smart Mobile Phone\" class=\"aligncenter\" src=\"\/wp-content\/uploads\/replace\/f5fa19a937f39307ba54d785ae9982d1.png\" \/><img decoding=\"async\" alt=\"Realme GT3 Smart Mobile Phone\" class=\"aligncenter\" src=\"\/wp-content\/uploads\/replace\/b4abc494b859e904051e4af09ddd3c26.png\" \/><img decoding=\"async\" alt=\"Realme GT3 Smart Mobile Phone\" class=\"aligncenter\" src=\"\/wp-content\/uploads\/replace\/876e3866085a0711d465dc774d6ed6db.png\" \/><img decoding=\"async\" alt=\"Realme GT3 Smart Mobile Phone\" class=\"aligncenter\" src=\"\/wp-content\/uploads\/replace\/7e5e2972468bf7ed558a13d51c2b5063.png\" \/><img decoding=\"async\" alt=\"Realme GT3 Smart Mobile Phone\" class=\"aligncenter\" src=\"\/wp-content\/uploads\/replace\/28c78f8082c2243814baba9b4ba80181.png\" \/><img decoding=\"async\" alt=\"Realme GT3 Smart Mobile Phone\" class=\"aligncenter\" src=\"\/wp-content\/uploads\/replace\/a96feacc11da50f85f0cf16ecde1cc33.png\" \/><img decoding=\"async\" alt=\"Realme GT3 Smart Mobile Phone\" class=\"aligncenter\" src=\"\/wp-content\/uploads\/replace\/0c68f93fd876e25fa1a0c732b5e90c7f.png\" \/><\/p>\n<p>El realme GT3 es el nuevo tel\u00e9fono inteligente de alta gama producido por realme, cuyo lanzamiento est\u00e1 previsto para febrero de 2023. Est\u00e1 dise\u00f1ado para ofrecer una experiencia excepcional con sus potentes funciones y componentes. El dispositivo est\u00e1 hecho de una combinaci\u00f3n de vidrio, metal y pl\u00e1stico que juntos forman una superficie \u00fatil de 87.6%.<\/p>\n<p>El realme GT3 funciona con el procesador Snapdragon 8+ Gen1 de 3,0 GHz (4 nm) de Qualcomm, as\u00ed como con 16 GB de RAM LPDDR5X. Para el almacenamiento, hay 1 TB de almacenamiento UFS 3.1. Seg\u00fan AnTuTu (v9), el tel\u00e9fono tiene una puntuaci\u00f3n de 987000. Para mayor seguridad, el realme GT3 tiene una pantalla de huellas dactilares y una c\u00e1mara de vapor 3D de 4500 mm\u00b2 para su \u00e1rea de grafeno de 6580 mm\u00b2.<\/p>\n<p>La configuraci\u00f3n de c\u00e1maras del realme GT3 consta de un sistema de triple c\u00e1mara que incluye una c\u00e1mara principal Sony IMX890 de 50.0Mpx con apertura f\/1.88, una lente gran angular Sony IMX355 de 8.0Mpx con apertura f\/2.2 y un Omnivision OV02B10 de 2.0Mpx. Lente macro con apertura f\/3.3. La c\u00e1mara trasera tambi\u00e9n cuenta con otras funciones avanzadas como estabilizaci\u00f3n \u00f3ptica (OIS), grabaci\u00f3n de v\u00eddeo 4K, lente 6P y campo de visi\u00f3n ultra gran angular de 112\u00ba. La c\u00e1mara frontal tiene una resoluci\u00f3n de 16,0Mpx con una apertura f\/2,45.<\/p>\n<p>El realme GT3 tiene una pantalla OLED de 6,74 pulgadas con una resoluci\u00f3n FHD+ de 1240\u00d72772 a una frecuencia de actualizaci\u00f3n de 144 Hz con un brillo m\u00e1ximo de 1400 cd\/m\u00b2 y una relaci\u00f3n de contraste de 5000000:1. El dispositivo tiene dos altavoces est\u00e9reo que producen sonido Dolby Atmos. Tambi\u00e9n incluye Bluetooth 5.3, dual SIM, NFC, WiFi 6 (802.11ax), GPS (L1+L5) e infrarrojos. La capacidad de la bater\u00eda del tel\u00e9fono es de 4600 mAh con una carga r\u00e1pida de 240,0 W.<\/p>\n<p>El realme GT3 es un gran tel\u00e9fono que viene con un dise\u00f1o excepcional, especificaciones potentes y funciones de c\u00e1mara de primer nivel. Ofrece una gran duraci\u00f3n de bater\u00eda y un potente SOC. Lo malo es que es bastante pesado y voluminoso. A fin de cuentas, el dispositivo es una excelente opci\u00f3n para quienes buscan un tel\u00e9fono de alta gama.<\/p>\n<p>&nbsp;<\/p>","protected":false},"excerpt":{"rendered":"<p>The realme GT3 is powered by a Qualcomm SM8475 Snapdragon 8+ Gen 1 (4 nm) CPU processor with 1TB, 16GB RAM. The device also has a 6.74-inch AMOLED (1240 x 2772 pixels, 451 ppi) display. It has a Triple: 50 MP, f\/1.9, 24mm (wide), 1\/1.56&#8243;, 1.0\u00b5m, PDAF, OIS + 8 MP, f\/2.2, 16mm, 112\u02da (ultrawide), 1\/4.0&#8243;, 1.12\u00b5m + 2MP rear camera and supports Wifi, Bluetooth, NFC, GPS, 4G LTE and 5G. It packs in a 4600 mAh, non-removable battery at 8.9mm device thickness and weight 199g, running on Android 13, Realme UI 4.0.<\/p>","protected":false},"featured_media":39315,"template":"","meta":[],"product_brand":[1366],"product_cat":[1295,1301],"product_tag":[477],"class_list":{"0":"post-39305","1":"product","2":"type-product","3":"status-publish","4":"has-post-thumbnail","6":"product_brand-realme","7":"product_cat-mobile-phone","8":"product_cat-realme-mobile-phone","9":"product_tag-phone","11":"first","12":"instock","13":"shipping-taxable","14":"product-type-simple"},"aioseo_notices":[],"aioseo_head":"\n\t\t<!-- All in One SEO Pro 4.5.9.2 - aioseo.com -->\n\t\t<meta name=\"description\" content=\"The realme GT3 is powered by a Qualcomm SM8475 Snapdragon 8+ Gen 1 (4 nm) CPU processor with 1TB, 16GB RAM. The device also has a 6.74-inch AMOLED (1240 x 2772 pixels, 451 ppi) display. It has a Triple: 50 MP, f\/1.9, 24mm (wide), 1\/1.56&quot;, 1.0\u00b5m, PDAF, OIS + 8 MP, f\/2.2, 16mm, 112\u02da (ultrawide), 1\/4.0&quot;, 1.12\u00b5m + 2MP rear camera and supports Wifi, Bluetooth, NFC, GPS, 4G LTE and 5G. It packs in a 4600 mAh, non-removable battery at 8.9mm device thickness and weight 199g, running on Android 13, Realme UI 4.0.\" \/>\n\t\t<meta name=\"robots\" content=\"max-image-preview:large\" \/>\n\t\t<link rel=\"canonical\" href=\"https:\/\/www.rucashk.com\/es\/producto\/realme-gt3-smart-mobile-phone\/\" \/>\n\t\t<meta name=\"generator\" content=\"All in One SEO Pro (AIOSEO) 4.5.9.2\" \/>\n\t\t<meta property=\"og:locale\" content=\"es_ES\" \/>\n\t\t<meta property=\"og:site_name\" content=\"Rucas - One-stop AIoT Distribution Worldwide\" \/>\n\t\t<meta property=\"og:type\" content=\"article\" \/>\n\t\t<meta property=\"og:title\" content=\"Realme GT3 Smart Mobile Phone - Rucas - Wholesale and Distribution\" \/>\n\t\t<meta property=\"og:description\" content=\"The realme GT3 is powered by a Qualcomm SM8475 Snapdragon 8+ Gen 1 (4 nm) CPU processor with 1TB, 16GB RAM. The device also has a 6.74-inch AMOLED (1240 x 2772 pixels, 451 ppi) display. It has a Triple: 50 MP, f\/1.9, 24mm (wide), 1\/1.56&quot;, 1.0\u00b5m, PDAF, OIS + 8 MP, f\/2.2, 16mm, 112\u02da (ultrawide), 1\/4.0&quot;, 1.12\u00b5m + 2MP rear camera and supports Wifi, Bluetooth, NFC, GPS, 4G LTE and 5G. It packs in a 4600 mAh, non-removable battery at 8.9mm device thickness and weight 199g, running on Android 13, Realme UI 4.0.\" \/>\n\t\t<meta property=\"og:url\" content=\"https:\/\/www.rucashk.com\/es\/producto\/realme-gt3-smart-mobile-phone\/\" \/>\n\t\t<meta property=\"og:image\" content=\"https:\/\/www.rucashk.com\/wp-content\/uploads\/replace\/503b8e645f128a97ccde2b6290747646.jpeg\" \/>\n\t\t<meta property=\"og:image:secure_url\" content=\"https:\/\/www.rucashk.com\/wp-content\/uploads\/replace\/503b8e645f128a97ccde2b6290747646.jpeg\" \/>\n\t\t<meta property=\"og:image:width\" content=\"1456\" \/>\n\t\t<meta property=\"og:image:height\" content=\"816\" \/>\n\t\t<meta property=\"article:published_time\" content=\"2024-03-24T10:08:19+00:00\" \/>\n\t\t<meta property=\"article:modified_time\" content=\"2024-03-24T10:08:22+00:00\" \/>\n\t\t<meta name=\"twitter:card\" content=\"summary_large_image\" \/>\n\t\t<meta name=\"twitter:title\" content=\"Realme GT3 Smart Mobile Phone - Rucas - Wholesale and Distribution\" \/>\n\t\t<meta name=\"twitter:description\" content=\"The realme GT3 is powered by a Qualcomm SM8475 Snapdragon 8+ Gen 1 (4 nm) CPU processor with 1TB, 16GB RAM. The device also has a 6.74-inch AMOLED (1240 x 2772 pixels, 451 ppi) display. It has a Triple: 50 MP, f\/1.9, 24mm (wide), 1\/1.56&quot;, 1.0\u00b5m, PDAF, OIS + 8 MP, f\/2.2, 16mm, 112\u02da (ultrawide), 1\/4.0&quot;, 1.12\u00b5m + 2MP rear camera and supports Wifi, Bluetooth, NFC, GPS, 4G LTE and 5G. It packs in a 4600 mAh, non-removable battery at 8.9mm device thickness and weight 199g, running on Android 13, Realme UI 4.0.\" \/>\n\t\t<meta name=\"twitter:image\" content=\"https:\/\/www.rucashk.com\/wp-content\/uploads\/replace\/503b8e645f128a97ccde2b6290747646.jpeg\" \/>\n\t\t<script type=\"application\/ld+json\" class=\"aioseo-schema\">\n\t\t\t{\"@context\":\"https:\\\/\\\/schema.org\",\"@graph\":[{\"@type\":\"BreadcrumbList\",\"@id\":\"https:\\\/\\\/www.rucashk.com\\\/es\\\/producto\\\/realme-gt3-smart-mobile-phone\\\/#breadcrumblist\",\"itemListElement\":[{\"@type\":\"ListItem\",\"@id\":\"https:\\\/\\\/www.rucashk.com\\\/es\\\/#listItem\",\"position\":1,\"name\":\"Home\",\"item\":\"https:\\\/\\\/www.rucashk.com\\\/es\\\/\",\"nextItem\":\"https:\\\/\\\/www.rucashk.com\\\/es\\\/producto\\\/realme-gt3-smart-mobile-phone\\\/#listItem\"},{\"@type\":\"ListItem\",\"@id\":\"https:\\\/\\\/www.rucashk.com\\\/es\\\/producto\\\/realme-gt3-smart-mobile-phone\\\/#listItem\",\"position\":2,\"name\":\"Realme GT3 Smart Mobile Phone\",\"previousItem\":\"https:\\\/\\\/www.rucashk.com\\\/es\\\/#listItem\"}]},{\"@type\":\"Organization\",\"@id\":\"https:\\\/\\\/www.rucashk.com\\\/es\\\/#organization\",\"name\":\"Rucas\",\"url\":\"https:\\\/\\\/www.rucashk.com\\\/es\\\/\",\"logo\":{\"@type\":\"ImageObject\",\"url\":\"https:\\\/\\\/www.rucashk.com\\\/wp-content\\\/uploads\\\/2023\\\/12\\\/Rucas_campany_logo.png\",\"@id\":\"https:\\\/\\\/www.rucashk.com\\\/es\\\/producto\\\/realme-gt3-smart-mobile-phone\\\/#organizationLogo\",\"width\":221,\"height\":65},\"image\":{\"@id\":\"https:\\\/\\\/www.rucashk.com\\\/es\\\/#organizationLogo\"}},{\"@type\":\"Person\",\"@id\":\"https:\\\/\\\/www.rucashk.com\\\/es\\\/author\\\/admin\\\/#author\",\"url\":\"https:\\\/\\\/www.rucashk.com\\\/es\\\/author\\\/admin\\\/\",\"name\":\"admin\",\"image\":{\"@type\":\"ImageObject\",\"@id\":\"https:\\\/\\\/www.rucashk.com\\\/es\\\/producto\\\/realme-gt3-smart-mobile-phone\\\/#authorImage\",\"url\":\"https:\\\/\\\/secure.gravatar.com\\\/avatar\\\/b7c8925b09a27e72b30232f8ecaadbd5af0f70a38c78096863fe51b64f031c24?s=96&d=mm&r=g\",\"width\":96,\"height\":96,\"caption\":\"admin\"}},{\"@type\":\"WebPage\",\"@id\":\"https:\\\/\\\/www.rucashk.com\\\/es\\\/producto\\\/realme-gt3-smart-mobile-phone\\\/#webpage\",\"url\":\"https:\\\/\\\/www.rucashk.com\\\/es\\\/producto\\\/realme-gt3-smart-mobile-phone\\\/\",\"name\":\"Realme GT3 Smart Mobile Phone - Rucas - Wholesale and Distribution\",\"description\":\"The realme GT3 is powered by a Qualcomm SM8475 Snapdragon 8+ Gen 1 (4 nm) CPU processor with 1TB, 16GB RAM. The device also has a 6.74-inch AMOLED (1240 x 2772 pixels, 451 ppi) display. It has a Triple: 50 MP, f\\\/1.9, 24mm (wide), 1\\\/1.56\\\", 1.0\\u00b5m, PDAF, OIS + 8 MP, f\\\/2.2, 16mm, 112\\u02da (ultrawide), 1\\\/4.0\\\", 1.12\\u00b5m + 2MP rear camera and supports Wifi, Bluetooth, NFC, GPS, 4G LTE and 5G. It packs in a 4600 mAh, non-removable battery at 8.9mm device thickness and weight 199g, running on Android 13, Realme UI 4.0.\",\"inLanguage\":\"es-ES\",\"isPartOf\":{\"@id\":\"https:\\\/\\\/www.rucashk.com\\\/es\\\/#website\"},\"breadcrumb\":{\"@id\":\"https:\\\/\\\/www.rucashk.com\\\/es\\\/producto\\\/realme-gt3-smart-mobile-phone\\\/#breadcrumblist\"},\"author\":{\"@id\":\"https:\\\/\\\/www.rucashk.com\\\/es\\\/author\\\/admin\\\/#author\"},\"creator\":{\"@id\":\"https:\\\/\\\/www.rucashk.com\\\/es\\\/author\\\/admin\\\/#author\"},\"image\":{\"@type\":\"ImageObject\",\"url\":\"https:\\\/\\\/www.rucashk.com\\\/wp-content\\\/uploads\\\/2024\\\/03\\\/48c24fe2-4a88-4c97-9324-b8c036994741-1.webp\",\"@id\":\"https:\\\/\\\/www.rucashk.com\\\/es\\\/producto\\\/realme-gt3-smart-mobile-phone\\\/#mainImage\",\"width\":800,\"height\":800},\"primaryImageOfPage\":{\"@id\":\"https:\\\/\\\/www.rucashk.com\\\/es\\\/producto\\\/realme-gt3-smart-mobile-phone\\\/#mainImage\"},\"datePublished\":\"2024-03-24T10:08:19+00:00\",\"dateModified\":\"2024-03-24T10:08:22+00:00\"},{\"@type\":\"WebSite\",\"@id\":\"https:\\\/\\\/www.rucashk.com\\\/es\\\/#website\",\"url\":\"https:\\\/\\\/www.rucashk.com\\\/es\\\/\",\"name\":\"Rucas - Wholesale and distribution worldwide\",\"alternateName\":\"Rucas - One-stop AIoT Distribution Worldwide\",\"description\":\"One-stop AIoT Distribution Worldwide\",\"inLanguage\":\"es-ES\",\"publisher\":{\"@id\":\"https:\\\/\\\/www.rucashk.com\\\/es\\\/#organization\"}}]}\n\t\t<\/script>\n\t\t<!-- All in One SEO Pro -->\r\n\t\t<title>Realme GT3 Smart Mobile Phone - Rucas - Wholesale and Distribution<\/title>\n\n","aioseo_head_json":{"title":"Realme GT3 Smart Mobile Phone - Rucas - Wholesale and Distribution","description":"The realme GT3 is powered by a Qualcomm SM8475 Snapdragon 8+ Gen 1 (4 nm) CPU processor with 1TB, 16GB RAM. The device also has a 6.74-inch AMOLED (1240 x 2772 pixels, 451 ppi) display. It has a Triple: 50 MP, f\/1.9, 24mm (wide), 1\/1.56\", 1.0\u00b5m, PDAF, OIS + 8 MP, f\/2.2, 16mm, 112\u02da (ultrawide), 1\/4.0\", 1.12\u00b5m + 2MP rear camera and supports Wifi, Bluetooth, NFC, GPS, 4G LTE and 5G. It packs in a 4600 mAh, non-removable battery at 8.9mm device thickness and weight 199g, running on Android 13, Realme UI 4.0.","canonical_url":"https:\/\/www.rucashk.com\/es\/producto\/realme-gt3-smart-mobile-phone\/","robots":"max-image-preview:large","keywords":"","webmasterTools":{"miscellaneous":""},"og:locale":"es_ES","og:site_name":"Rucas - One-stop AIoT Distribution Worldwide","og:type":"article","og:title":"Realme GT3 Smart Mobile Phone - Rucas - Wholesale and Distribution","og:description":"The realme GT3 is powered by a Qualcomm SM8475 Snapdragon 8+ Gen 1 (4 nm) CPU processor with 1TB, 16GB RAM. The device also has a 6.74-inch AMOLED (1240 x 2772 pixels, 451 ppi) display. It has a Triple: 50 MP, f\/1.9, 24mm (wide), 1\/1.56&quot;, 1.0\u00b5m, PDAF, OIS + 8 MP, f\/2.2, 16mm, 112\u02da (ultrawide), 1\/4.0&quot;, 1.12\u00b5m + 2MP rear camera and supports Wifi, Bluetooth, NFC, GPS, 4G LTE and 5G. It packs in a 4600 mAh, non-removable battery at 8.9mm device thickness and weight 199g, running on Android 13, Realme UI 4.0.","og:url":"https:\/\/www.rucashk.com\/es\/producto\/realme-gt3-smart-mobile-phone\/","og:image":"https:\/\/www.rucashk.com\/wp-content\/uploads\/replace\/503b8e645f128a97ccde2b6290747646.jpeg","og:image:secure_url":"https:\/\/www.rucashk.com\/wp-content\/uploads\/replace\/503b8e645f128a97ccde2b6290747646.jpeg","og:image:width":1456,"og:image:height":816,"article:published_time":"2024-03-24T10:08:19+00:00","article:modified_time":"2024-03-24T10:08:22+00:00","twitter:card":"summary_large_image","twitter:title":"Realme GT3 Smart Mobile Phone - Rucas - Wholesale and Distribution","twitter:description":"The realme GT3 is powered by a Qualcomm SM8475 Snapdragon 8+ Gen 1 (4 nm) CPU processor with 1TB, 16GB RAM. The device also has a 6.74-inch AMOLED (1240 x 2772 pixels, 451 ppi) display. It has a Triple: 50 MP, f\/1.9, 24mm (wide), 1\/1.56&quot;, 1.0\u00b5m, PDAF, OIS + 8 MP, f\/2.2, 16mm, 112\u02da (ultrawide), 1\/4.0&quot;, 1.12\u00b5m + 2MP rear camera and supports Wifi, Bluetooth, NFC, GPS, 4G LTE and 5G. It packs in a 4600 mAh, non-removable battery at 8.9mm device thickness and weight 199g, running on Android 13, Realme UI 4.0.","twitter:image":"https:\/\/www.rucashk.com\/wp-content\/uploads\/replace\/503b8e645f128a97ccde2b6290747646.jpeg","schema":{"@context":"https:\/\/schema.org","@graph":[{"@type":"BreadcrumbList","@id":"https:\/\/www.rucashk.com\/es\/producto\/realme-gt3-smart-mobile-phone\/#breadcrumblist","itemListElement":[{"@type":"ListItem","@id":"https:\/\/www.rucashk.com\/es\/#listItem","position":1,"name":"Home","item":"https:\/\/www.rucashk.com\/es\/","nextItem":"https:\/\/www.rucashk.com\/es\/producto\/realme-gt3-smart-mobile-phone\/#listItem"},{"@type":"ListItem","@id":"https:\/\/www.rucashk.com\/es\/producto\/realme-gt3-smart-mobile-phone\/#listItem","position":2,"name":"Realme GT3 Smart Mobile Phone","previousItem":"https:\/\/www.rucashk.com\/es\/#listItem"}]},{"@type":"Organization","@id":"https:\/\/www.rucashk.com\/es\/#organization","name":"Rucas","url":"https:\/\/www.rucashk.com\/es\/","logo":{"@type":"ImageObject","url":"https:\/\/www.rucashk.com\/wp-content\/uploads\/2023\/12\/Rucas_campany_logo.png","@id":"https:\/\/www.rucashk.com\/es\/producto\/realme-gt3-smart-mobile-phone\/#organizationLogo","width":221,"height":65},"image":{"@id":"https:\/\/www.rucashk.com\/es\/#organizationLogo"}},{"@type":"Person","@id":"https:\/\/www.rucashk.com\/es\/author\/admin\/#author","url":"https:\/\/www.rucashk.com\/es\/author\/admin\/","name":"admin","image":{"@type":"ImageObject","@id":"https:\/\/www.rucashk.com\/es\/producto\/realme-gt3-smart-mobile-phone\/#authorImage","url":"https:\/\/secure.gravatar.com\/avatar\/b7c8925b09a27e72b30232f8ecaadbd5af0f70a38c78096863fe51b64f031c24?s=96&d=mm&r=g","width":96,"height":96,"caption":"admin"}},{"@type":"WebPage","@id":"https:\/\/www.rucashk.com\/es\/producto\/realme-gt3-smart-mobile-phone\/#webpage","url":"https:\/\/www.rucashk.com\/es\/producto\/realme-gt3-smart-mobile-phone\/","name":"Realme GT3 Smart Mobile Phone - Rucas - Wholesale and Distribution","description":"The realme GT3 is powered by a Qualcomm SM8475 Snapdragon 8+ Gen 1 (4 nm) CPU processor with 1TB, 16GB RAM. The device also has a 6.74-inch AMOLED (1240 x 2772 pixels, 451 ppi) display. It has a Triple: 50 MP, f\/1.9, 24mm (wide), 1\/1.56\", 1.0\u00b5m, PDAF, OIS + 8 MP, f\/2.2, 16mm, 112\u02da (ultrawide), 1\/4.0\", 1.12\u00b5m + 2MP rear camera and supports Wifi, Bluetooth, NFC, GPS, 4G LTE and 5G. It packs in a 4600 mAh, non-removable battery at 8.9mm device thickness and weight 199g, running on Android 13, Realme UI 4.0.","inLanguage":"es-ES","isPartOf":{"@id":"https:\/\/www.rucashk.com\/es\/#website"},"breadcrumb":{"@id":"https:\/\/www.rucashk.com\/es\/producto\/realme-gt3-smart-mobile-phone\/#breadcrumblist"},"author":{"@id":"https:\/\/www.rucashk.com\/es\/author\/admin\/#author"},"creator":{"@id":"https:\/\/www.rucashk.com\/es\/author\/admin\/#author"},"image":{"@type":"ImageObject","url":"https:\/\/www.rucashk.com\/wp-content\/uploads\/2024\/03\/48c24fe2-4a88-4c97-9324-b8c036994741-1.webp","@id":"https:\/\/www.rucashk.com\/es\/producto\/realme-gt3-smart-mobile-phone\/#mainImage","width":800,"height":800},"primaryImageOfPage":{"@id":"https:\/\/www.rucashk.com\/es\/producto\/realme-gt3-smart-mobile-phone\/#mainImage"},"datePublished":"2024-03-24T10:08:19+00:00","dateModified":"2024-03-24T10:08:22+00:00"},{"@type":"WebSite","@id":"https:\/\/www.rucashk.com\/es\/#website","url":"https:\/\/www.rucashk.com\/es\/","name":"Rucas - Wholesale and distribution worldwide","alternateName":"Rucas - One-stop AIoT Distribution Worldwide","description":"One-stop AIoT Distribution Worldwide","inLanguage":"es-ES","publisher":{"@id":"https:\/\/www.rucashk.com\/es\/#organization"}}]}},"aioseo_meta_data":{"post_id":"39305","title":null,"description":null,"keywords":null,"keyphrases":null,"primary_term":null,"canonical_url":null,"og_title":null,"og_description":null,"og_object_type":"default","og_image_type":"default","og_image_url":null,"og_image_width":null,"og_image_height":null,"og_image_custom_url":null,"og_image_custom_fields":null,"og_video":null,"og_custom_url":null,"og_article_section":null,"og_article_tags":null,"twitter_use_og":false,"twitter_card":"default","twitter_image_type":"default","twitter_image_url":null,"twitter_image_custom_url":null,"twitter_image_custom_fields":null,"twitter_title":null,"twitter_description":null,"schema":{"blockGraphs":[],"customGraphs":[],"default":{"data":{"Article":[],"Course":[],"Dataset":[],"FAQPage":[],"Movie":[],"Person":[],"Product":[],"Recipe":[],"Service":[],"SoftwareApplication":[],"WebPage":[]},"graphName":"","isEnabled":true},"graphs":[]},"schema_type":"default","schema_type_options":null,"pillar_content":false,"robots_default":true,"robots_noindex":false,"robots_noarchive":false,"robots_nosnippet":false,"robots_nofollow":false,"robots_noimageindex":false,"robots_noodp":false,"robots_notranslate":false,"robots_max_snippet":null,"robots_max_videopreview":null,"robots_max_imagepreview":"large","priority":null,"frequency":null,"local_seo":null,"breadcrumb_settings":null,"limit_modified_date":false,"created":"2024-04-11 01:57:23","updated":"2025-06-22 18:49:54"},"aioseo_breadcrumb":"<div class=\"aioseo-breadcrumbs\"><span class=\"aioseo-breadcrumb\">\n\t<a href=\"https:\/\/www.rucashk.com\/es\" title=\"Home\">Home<\/a>\n<\/span><span class=\"aioseo-breadcrumb-separator\">&raquo;<\/span><span class=\"aioseo-breadcrumb\">\n\t<a href=\"https:\/\/www.rucashk.com\/es\/products\/\" title=\"Productos\">Productos<\/a>\n<\/span><span class=\"aioseo-breadcrumb-separator\">&raquo;<\/span><span class=\"aioseo-breadcrumb\">\n\t<a href=\"https:\/\/www.rucashk.com\/es\/marca\/realme\/\" title=\"Realme\">Realme<\/a>\n<\/span><span class=\"aioseo-breadcrumb-separator\">&raquo;<\/span><span class=\"aioseo-breadcrumb\">\n\tRealme GT3 Smart Mobile Phone\n<\/span><\/div>","aioseo_breadcrumb_json":[{"label":"Home","link":"https:\/\/www.rucashk.com\/es"},{"label":"Productos","link":"https:\/\/www.rucashk.com\/es\/products\/"},{"label":"Realme","link":"https:\/\/www.rucashk.com\/es\/marca\/realme\/"},{"label":"Realme GT3 Smart Mobile Phone","link":"https:\/\/www.rucashk.com\/es\/producto\/realme-gt3-smart-mobile-phone\/"}],"_links":{"self":[{"href":"https:\/\/www.rucashk.com\/es\/wp-json\/wp\/v2\/product\/39305","targetHints":{"allow":["GET"]}}],"collection":[{"href":"https:\/\/www.rucashk.com\/es\/wp-json\/wp\/v2\/product"}],"about":[{"href":"https:\/\/www.rucashk.com\/es\/wp-json\/wp\/v2\/types\/product"}],"wp:featuredmedia":[{"embeddable":true,"href":"https:\/\/www.rucashk.com\/es\/wp-json\/wp\/v2\/media\/39315"}],"wp:attachment":[{"href":"https:\/\/www.rucashk.com\/es\/wp-json\/wp\/v2\/media?parent=39305"}],"wp:term":[{"taxonomy":"product_brand","embeddable":true,"href":"https:\/\/www.rucashk.com\/es\/wp-json\/wp\/v2\/product_brand?post=39305"},{"taxonomy":"product_cat","embeddable":true,"href":"https:\/\/www.rucashk.com\/es\/wp-json\/wp\/v2\/product_cat?post=39305"},{"taxonomy":"product_tag","embeddable":true,"href":"https:\/\/www.rucashk.com\/es\/wp-json\/wp\/v2\/product_tag?post=39305"}],"curies":[{"name":"wp","href":"https:\/\/api.w.org\/{rel}","templated":true}]}}