{"id":39293,"date":"2024-03-24T09:42:08","date_gmt":"2024-03-24T09:42:08","guid":{"rendered":"http:\/\/rucashk.com\/?post_type=product&#038;p=39293"},"modified":"2024-03-24T09:42:08","modified_gmt":"2024-03-24T09:42:08","slug":"realme-11-pro-smart-mobile-phone-2","status":"publish","type":"product","link":"https:\/\/www.rucashk.com\/es\/producto\/realme-11-pro-smart-mobile-phone-2\/","title":{"rendered":"Tel\u00e9fono m\u00f3vil inteligente Realme 11 Pro+"},"content":{"rendered":"<p><img decoding=\"async\" alt=\"Realme 11 Pro+ Smart Mobile Phone\" src=\"\/wp-content\/uploads\/replace\/d18ffa95552adc9a30f67fc7a548b7bd.jpeg\" \/><\/p>\n<p><strong>Realme 11 Pro+ 5G<\/strong><br \/>\nEl realme Pro+ 5G es un tel\u00e9fono inteligente extraordinario que combina funciones premium con un precio asequible. Su elegante dise\u00f1o es realmente cautivador, particularmente el respaldo de cuero vegano y el perfil ultradelgado. Con una bater\u00eda de larga duraci\u00f3n, puedes aventurarte a lo largo y ancho para capturar momentos incre\u00edbles utilizando su impresionante sistema de c\u00e1mara. Este tel\u00e9fono logra el equilibrio perfecto entre especificaciones de alta gama y un presupuesto de gama media, lo que lo convierte en una opci\u00f3n atractiva para los entusiastas de la tecnolog\u00eda que buscan un valor excepcional.<\/p>\n<table class=\"table-auto w-full text-left\">\n<tbody>\n<tr>\n<td class=\"border border-card-3 p-2 w-28\">Marca<\/td>\n<td class=\"border border-card-3 p-2\">verdadero yo<\/td>\n<\/tr>\n<tr>\n<td class=\"border border-card-3 p-2 w-28\">Modelo<\/td>\n<td class=\"border border-card-3 p-2\">Realme 11 Pro+ 5G<\/td>\n<\/tr>\n<tr>\n<td class=\"border border-card-3 p-2 w-28\">tama\u00f1o de la pantalla<\/td>\n<td class=\"border border-card-3 p-2\">6,7 pulgadas<\/td>\n<\/tr>\n<tr>\n<td class=\"border border-card-3 p-2 w-28\">Tipo de visualizaci\u00f3n<\/td>\n<td class=\"border border-card-3 p-2\">AMOLED, 1B de colores, HDR10+, 120 Hz, 950 nits (pico)<\/td>\n<\/tr>\n<tr>\n<td class=\"border border-card-3 p-2 w-28\">Resoluci\u00f3n de pantalla<\/td>\n<td class=\"border border-card-3 p-2\">1080 x 2412 p\u00edxeles<\/td>\n<\/tr>\n<tr>\n<td class=\"border border-card-3 p-2 w-28\">conjunto de chips<\/td>\n<td class=\"border border-card-3 p-2\">Mediatek MT6877V Dimensi\u00f3n 7050 (6 nm)<\/td>\n<\/tr>\n<tr>\n<td class=\"border border-card-3 p-2 w-28\">Memoria<\/td>\n<td class=\"border border-card-3 p-2\">256GB 8GB RAM\u0964 256 GB 12 GB de RAM \u0964 512 GB 12 GB de RAM \u0964 1 TB 12 GB de RAM<\/td>\n<\/tr>\n<tr>\n<td class=\"border border-card-3 p-2 w-28\">C\u00e1mara principal<\/td>\n<td class=\"border border-card-3 p-2\">200 MP \u0964 8 MP \u0964 2 MP \u0964 Flash LED, HDR, panorama \u0964 4K@30fps, 1080p@30\/60\/120\/480fps, 720p@960fps, giroscopio EIS<\/td>\n<\/tr>\n<tr>\n<td class=\"border border-card-3 p-2 w-28\">C\u00e1mara para selfies<\/td>\n<td class=\"border border-card-3 p-2\">32 MP \u0964 Panor\u00e1mica\u0964 1080p@30fps<\/td>\n<\/tr>\n<tr>\n<td class=\"border border-card-3 p-2 w-28\">Informaci\u00f3n de bateria<\/td>\n<td class=\"border border-card-3 p-2\">Li-Po 5000 mAh, no extra\u00edble, carga por cable de 100 W<\/td>\n<\/tr>\n<\/tbody>\n<\/table>","protected":false},"excerpt":{"rendered":"<ul>\n<li dir=\"ltr\" role=\"presentation\">Un dispositivo premium con respaldo de piel vegana de lujo y con dise\u00f1o ultrafino<\/li>\n<li dir=\"ltr\" role=\"presentation\">La pantalla curva de 120 Hz aporta suavidad y lujo a tu mano<\/li>\n<li dir=\"ltr\" role=\"presentation\">C\u00e1mara de 200 MP para sorprenderte con im\u00e1genes y v\u00eddeos de calidad \u00e9pica<\/li>\n<li dir=\"ltr\" role=\"presentation\">El chipset 5G con otros componentes clave resalta un rendimiento excepcional<\/li>\n<li dir=\"ltr\" role=\"presentation\">Guarda todo lo que quieras en el enorme espacio de memoria del tel\u00e9fono<\/li>\n<li dir=\"ltr\" role=\"presentation\">La gran duraci\u00f3n de la bater\u00eda con una capacidad de carga sorprendentemente r\u00e1pida seguramente te sorprender\u00e1<\/li>\n<\/ul>","protected":false},"featured_media":39290,"template":"","meta":[],"product_brand":[1366],"product_cat":[1295,1301],"product_tag":[477],"class_list":{"0":"post-39293","1":"product","2":"type-product","3":"status-publish","4":"has-post-thumbnail","6":"product_brand-realme","7":"product_cat-mobile-phone","8":"product_cat-realme-mobile-phone","9":"product_tag-phone","11":"first","12":"instock","13":"shipping-taxable","14":"product-type-simple"},"aioseo_notices":[],"aioseo_head":"\n\t\t<!-- All in One SEO Pro 4.5.9.2 - aioseo.com -->\n\t\t<meta name=\"description\" content=\"A premium device with a luxury vegan leather back and with ultra-slim design 120Hz curved display brings smoothness as well as luxury to your hand 200 MP camera to surprise you with epic-quality images and video 5G chipset with other key components brings out the outstanding performance Keep everything you want in the huge memory space of the phone Large battery life with surprisingly fast charging ability surely astonishes you\" \/>\n\t\t<meta name=\"robots\" content=\"max-image-preview:large\" \/>\n\t\t<link rel=\"canonical\" href=\"https:\/\/www.rucashk.com\/es\/producto\/realme-11-pro-smart-mobile-phone-2\/\" \/>\n\t\t<meta name=\"generator\" content=\"All in One SEO Pro (AIOSEO) 4.5.9.2\" \/>\n\t\t<meta property=\"og:locale\" content=\"es_ES\" \/>\n\t\t<meta property=\"og:site_name\" content=\"Rucas - One-stop AIoT Distribution Worldwide\" \/>\n\t\t<meta property=\"og:type\" content=\"article\" \/>\n\t\t<meta property=\"og:title\" content=\"Realme 11 Pro+ Smart Mobile Phone - Rucas - Wholesale and Distribution\" \/>\n\t\t<meta property=\"og:description\" content=\"A premium device with a luxury vegan leather back and with ultra-slim design 120Hz curved display brings smoothness as well as luxury to your hand 200 MP camera to surprise you with epic-quality images and video 5G chipset with other key components brings out the outstanding performance Keep everything you want in the huge memory space of the phone Large battery life with surprisingly fast charging ability surely astonishes you\" \/>\n\t\t<meta property=\"og:url\" content=\"https:\/\/www.rucashk.com\/es\/producto\/realme-11-pro-smart-mobile-phone-2\/\" \/>\n\t\t<meta property=\"og:image\" content=\"https:\/\/www.rucashk.com\/wp-content\/uploads\/replace\/503b8e645f128a97ccde2b6290747646.jpeg\" \/>\n\t\t<meta property=\"og:image:secure_url\" content=\"https:\/\/www.rucashk.com\/wp-content\/uploads\/replace\/503b8e645f128a97ccde2b6290747646.jpeg\" \/>\n\t\t<meta property=\"og:image:width\" content=\"1456\" \/>\n\t\t<meta property=\"og:image:height\" content=\"816\" \/>\n\t\t<meta property=\"article:published_time\" content=\"2024-03-24T09:42:08+00:00\" \/>\n\t\t<meta property=\"article:modified_time\" content=\"2024-03-24T09:42:08+00:00\" \/>\n\t\t<meta name=\"twitter:card\" content=\"summary_large_image\" \/>\n\t\t<meta name=\"twitter:title\" content=\"Realme 11 Pro+ Smart Mobile Phone - Rucas - Wholesale and Distribution\" \/>\n\t\t<meta name=\"twitter:description\" content=\"A premium device with a luxury vegan leather back and with ultra-slim design 120Hz curved display brings smoothness as well as luxury to your hand 200 MP camera to surprise you with epic-quality images and video 5G chipset with other key components brings out the outstanding performance Keep everything you want in the huge memory space of the phone Large battery life with surprisingly fast charging ability surely astonishes you\" \/>\n\t\t<meta name=\"twitter:image\" content=\"https:\/\/www.rucashk.com\/wp-content\/uploads\/replace\/503b8e645f128a97ccde2b6290747646.jpeg\" \/>\n\t\t<script type=\"application\/ld+json\" class=\"aioseo-schema\">\n\t\t\t{\"@context\":\"https:\\\/\\\/schema.org\",\"@graph\":[{\"@type\":\"BreadcrumbList\",\"@id\":\"https:\\\/\\\/www.rucashk.com\\\/es\\\/producto\\\/realme-11-pro-smart-mobile-phone-2\\\/#breadcrumblist\",\"itemListElement\":[{\"@type\":\"ListItem\",\"@id\":\"https:\\\/\\\/www.rucashk.com\\\/es\\\/#listItem\",\"position\":1,\"name\":\"Home\",\"item\":\"https:\\\/\\\/www.rucashk.com\\\/es\\\/\",\"nextItem\":\"https:\\\/\\\/www.rucashk.com\\\/es\\\/producto\\\/realme-11-pro-smart-mobile-phone-2\\\/#listItem\"},{\"@type\":\"ListItem\",\"@id\":\"https:\\\/\\\/www.rucashk.com\\\/es\\\/producto\\\/realme-11-pro-smart-mobile-phone-2\\\/#listItem\",\"position\":2,\"name\":\"Realme 11 Pro+ Smart Mobile Phone\",\"previousItem\":\"https:\\\/\\\/www.rucashk.com\\\/es\\\/#listItem\"}]},{\"@type\":\"Organization\",\"@id\":\"https:\\\/\\\/www.rucashk.com\\\/es\\\/#organization\",\"name\":\"Rucas\",\"url\":\"https:\\\/\\\/www.rucashk.com\\\/es\\\/\",\"logo\":{\"@type\":\"ImageObject\",\"url\":\"https:\\\/\\\/www.rucashk.com\\\/wp-content\\\/uploads\\\/2023\\\/12\\\/Rucas_campany_logo.png\",\"@id\":\"https:\\\/\\\/www.rucashk.com\\\/es\\\/producto\\\/realme-11-pro-smart-mobile-phone-2\\\/#organizationLogo\",\"width\":221,\"height\":65},\"image\":{\"@id\":\"https:\\\/\\\/www.rucashk.com\\\/es\\\/#organizationLogo\"}},{\"@type\":\"Person\",\"@id\":\"https:\\\/\\\/www.rucashk.com\\\/es\\\/author\\\/admin\\\/#author\",\"url\":\"https:\\\/\\\/www.rucashk.com\\\/es\\\/author\\\/admin\\\/\",\"name\":\"admin\",\"image\":{\"@type\":\"ImageObject\",\"@id\":\"https:\\\/\\\/www.rucashk.com\\\/es\\\/producto\\\/realme-11-pro-smart-mobile-phone-2\\\/#authorImage\",\"url\":\"https:\\\/\\\/secure.gravatar.com\\\/avatar\\\/b7c8925b09a27e72b30232f8ecaadbd5af0f70a38c78096863fe51b64f031c24?s=96&d=mm&r=g\",\"width\":96,\"height\":96,\"caption\":\"admin\"}},{\"@type\":\"WebPage\",\"@id\":\"https:\\\/\\\/www.rucashk.com\\\/es\\\/producto\\\/realme-11-pro-smart-mobile-phone-2\\\/#webpage\",\"url\":\"https:\\\/\\\/www.rucashk.com\\\/es\\\/producto\\\/realme-11-pro-smart-mobile-phone-2\\\/\",\"name\":\"Realme 11 Pro+ Smart Mobile Phone - Rucas - Wholesale and Distribution\",\"description\":\"A premium device with a luxury vegan leather back and with ultra-slim design 120Hz curved display brings smoothness as well as luxury to your hand 200 MP camera to surprise you with epic-quality images and video 5G chipset with other key components brings out the outstanding performance Keep everything you want in the huge memory space of the phone Large battery life with surprisingly fast charging ability surely astonishes you\",\"inLanguage\":\"es-ES\",\"isPartOf\":{\"@id\":\"https:\\\/\\\/www.rucashk.com\\\/es\\\/#website\"},\"breadcrumb\":{\"@id\":\"https:\\\/\\\/www.rucashk.com\\\/es\\\/producto\\\/realme-11-pro-smart-mobile-phone-2\\\/#breadcrumblist\"},\"author\":{\"@id\":\"https:\\\/\\\/www.rucashk.com\\\/es\\\/author\\\/admin\\\/#author\"},\"creator\":{\"@id\":\"https:\\\/\\\/www.rucashk.com\\\/es\\\/author\\\/admin\\\/#author\"},\"image\":{\"@type\":\"ImageObject\",\"url\":\"https:\\\/\\\/www.rucashk.com\\\/wp-content\\\/uploads\\\/2024\\\/03\\\/2a616fee-81ad-42ce-a8e7-80a3828f074f.jpg\",\"@id\":\"https:\\\/\\\/www.rucashk.com\\\/es\\\/producto\\\/realme-11-pro-smart-mobile-phone-2\\\/#mainImage\",\"width\":800,\"height\":800},\"primaryImageOfPage\":{\"@id\":\"https:\\\/\\\/www.rucashk.com\\\/es\\\/producto\\\/realme-11-pro-smart-mobile-phone-2\\\/#mainImage\"},\"datePublished\":\"2024-03-24T09:42:08+00:00\",\"dateModified\":\"2024-03-24T09:42:08+00:00\"},{\"@type\":\"WebSite\",\"@id\":\"https:\\\/\\\/www.rucashk.com\\\/es\\\/#website\",\"url\":\"https:\\\/\\\/www.rucashk.com\\\/es\\\/\",\"name\":\"Rucas - Wholesale and distribution worldwide\",\"alternateName\":\"Rucas - One-stop AIoT Distribution Worldwide\",\"description\":\"One-stop AIoT Distribution Worldwide\",\"inLanguage\":\"es-ES\",\"publisher\":{\"@id\":\"https:\\\/\\\/www.rucashk.com\\\/es\\\/#organization\"}}]}\n\t\t<\/script>\n\t\t<!-- All in One SEO Pro -->\r\n\t\t<title>Realme 11 Pro+ Smart Mobile Phone - Rucas - Wholesale and Distribution<\/title>\n\n","aioseo_head_json":{"title":"Realme 11 Pro+ Smart Mobile Phone - Rucas - Wholesale and Distribution","description":"A premium device with a luxury vegan leather back and with ultra-slim design 120Hz curved display brings smoothness as well as luxury to your hand 200 MP camera to surprise you with epic-quality images and video 5G chipset with other key components brings out the outstanding performance Keep everything you want in the huge memory space of the phone Large battery life with surprisingly fast charging ability surely astonishes you","canonical_url":"https:\/\/www.rucashk.com\/es\/producto\/realme-11-pro-smart-mobile-phone-2\/","robots":"max-image-preview:large","keywords":"","webmasterTools":{"miscellaneous":""},"og:locale":"es_ES","og:site_name":"Rucas - One-stop AIoT Distribution Worldwide","og:type":"article","og:title":"Realme 11 Pro+ Smart Mobile Phone - Rucas - Wholesale and Distribution","og:description":"A premium device with a luxury vegan leather back and with ultra-slim design 120Hz curved display brings smoothness as well as luxury to your hand 200 MP camera to surprise you with epic-quality images and video 5G chipset with other key components brings out the outstanding performance Keep everything you want in the huge memory space of the phone Large battery life with surprisingly fast charging ability surely astonishes you","og:url":"https:\/\/www.rucashk.com\/es\/producto\/realme-11-pro-smart-mobile-phone-2\/","og:image":"https:\/\/www.rucashk.com\/wp-content\/uploads\/replace\/503b8e645f128a97ccde2b6290747646.jpeg","og:image:secure_url":"https:\/\/www.rucashk.com\/wp-content\/uploads\/replace\/503b8e645f128a97ccde2b6290747646.jpeg","og:image:width":1456,"og:image:height":816,"article:published_time":"2024-03-24T09:42:08+00:00","article:modified_time":"2024-03-24T09:42:08+00:00","twitter:card":"summary_large_image","twitter:title":"Realme 11 Pro+ Smart Mobile Phone - Rucas - Wholesale and Distribution","twitter:description":"A premium device with a luxury vegan leather back and with ultra-slim design 120Hz curved display brings smoothness as well as luxury to your hand 200 MP camera to surprise you with epic-quality images and video 5G chipset with other key components brings out the outstanding performance Keep everything you want in the huge memory space of the phone Large battery life with surprisingly fast charging ability surely astonishes you","twitter:image":"https:\/\/www.rucashk.com\/wp-content\/uploads\/replace\/503b8e645f128a97ccde2b6290747646.jpeg","schema":{"@context":"https:\/\/schema.org","@graph":[{"@type":"BreadcrumbList","@id":"https:\/\/www.rucashk.com\/es\/producto\/realme-11-pro-smart-mobile-phone-2\/#breadcrumblist","itemListElement":[{"@type":"ListItem","@id":"https:\/\/www.rucashk.com\/es\/#listItem","position":1,"name":"Home","item":"https:\/\/www.rucashk.com\/es\/","nextItem":"https:\/\/www.rucashk.com\/es\/producto\/realme-11-pro-smart-mobile-phone-2\/#listItem"},{"@type":"ListItem","@id":"https:\/\/www.rucashk.com\/es\/producto\/realme-11-pro-smart-mobile-phone-2\/#listItem","position":2,"name":"Realme 11 Pro+ Smart Mobile Phone","previousItem":"https:\/\/www.rucashk.com\/es\/#listItem"}]},{"@type":"Organization","@id":"https:\/\/www.rucashk.com\/es\/#organization","name":"Rucas","url":"https:\/\/www.rucashk.com\/es\/","logo":{"@type":"ImageObject","url":"https:\/\/www.rucashk.com\/wp-content\/uploads\/2023\/12\/Rucas_campany_logo.png","@id":"https:\/\/www.rucashk.com\/es\/producto\/realme-11-pro-smart-mobile-phone-2\/#organizationLogo","width":221,"height":65},"image":{"@id":"https:\/\/www.rucashk.com\/es\/#organizationLogo"}},{"@type":"Person","@id":"https:\/\/www.rucashk.com\/es\/author\/admin\/#author","url":"https:\/\/www.rucashk.com\/es\/author\/admin\/","name":"admin","image":{"@type":"ImageObject","@id":"https:\/\/www.rucashk.com\/es\/producto\/realme-11-pro-smart-mobile-phone-2\/#authorImage","url":"https:\/\/secure.gravatar.com\/avatar\/b7c8925b09a27e72b30232f8ecaadbd5af0f70a38c78096863fe51b64f031c24?s=96&d=mm&r=g","width":96,"height":96,"caption":"admin"}},{"@type":"WebPage","@id":"https:\/\/www.rucashk.com\/es\/producto\/realme-11-pro-smart-mobile-phone-2\/#webpage","url":"https:\/\/www.rucashk.com\/es\/producto\/realme-11-pro-smart-mobile-phone-2\/","name":"Realme 11 Pro+ Smart Mobile Phone - Rucas - Wholesale and Distribution","description":"A premium device with a luxury vegan leather back and with ultra-slim design 120Hz curved display brings smoothness as well as luxury to your hand 200 MP camera to surprise you with epic-quality images and video 5G chipset with other key components brings out the outstanding performance Keep everything you want in the huge memory space of the phone Large battery life with surprisingly fast charging ability surely astonishes you","inLanguage":"es-ES","isPartOf":{"@id":"https:\/\/www.rucashk.com\/es\/#website"},"breadcrumb":{"@id":"https:\/\/www.rucashk.com\/es\/producto\/realme-11-pro-smart-mobile-phone-2\/#breadcrumblist"},"author":{"@id":"https:\/\/www.rucashk.com\/es\/author\/admin\/#author"},"creator":{"@id":"https:\/\/www.rucashk.com\/es\/author\/admin\/#author"},"image":{"@type":"ImageObject","url":"https:\/\/www.rucashk.com\/wp-content\/uploads\/2024\/03\/2a616fee-81ad-42ce-a8e7-80a3828f074f.jpg","@id":"https:\/\/www.rucashk.com\/es\/producto\/realme-11-pro-smart-mobile-phone-2\/#mainImage","width":800,"height":800},"primaryImageOfPage":{"@id":"https:\/\/www.rucashk.com\/es\/producto\/realme-11-pro-smart-mobile-phone-2\/#mainImage"},"datePublished":"2024-03-24T09:42:08+00:00","dateModified":"2024-03-24T09:42:08+00:00"},{"@type":"WebSite","@id":"https:\/\/www.rucashk.com\/es\/#website","url":"https:\/\/www.rucashk.com\/es\/","name":"Rucas - Wholesale and distribution worldwide","alternateName":"Rucas - One-stop AIoT Distribution Worldwide","description":"One-stop AIoT Distribution Worldwide","inLanguage":"es-ES","publisher":{"@id":"https:\/\/www.rucashk.com\/es\/#organization"}}]}},"aioseo_meta_data":{"post_id":"39293","title":null,"description":null,"keywords":null,"keyphrases":null,"primary_term":null,"canonical_url":null,"og_title":null,"og_description":null,"og_object_type":"default","og_image_type":"default","og_image_url":null,"og_image_width":null,"og_image_height":null,"og_image_custom_url":null,"og_image_custom_fields":null,"og_video":null,"og_custom_url":null,"og_article_section":null,"og_article_tags":null,"twitter_use_og":false,"twitter_card":"default","twitter_image_type":"default","twitter_image_url":null,"twitter_image_custom_url":null,"twitter_image_custom_fields":null,"twitter_title":null,"twitter_description":null,"schema":{"blockGraphs":[],"customGraphs":[],"default":{"data":{"Article":[],"Course":[],"Dataset":[],"FAQPage":[],"Movie":[],"Person":[],"Product":[],"Recipe":[],"Service":[],"SoftwareApplication":[],"WebPage":[]},"graphName":"","isEnabled":true},"graphs":[]},"schema_type":"default","schema_type_options":null,"pillar_content":false,"robots_default":true,"robots_noindex":false,"robots_noarchive":false,"robots_nosnippet":false,"robots_nofollow":false,"robots_noimageindex":false,"robots_noodp":false,"robots_notranslate":false,"robots_max_snippet":null,"robots_max_videopreview":null,"robots_max_imagepreview":"large","priority":null,"frequency":null,"local_seo":null,"breadcrumb_settings":null,"limit_modified_date":false,"created":"2024-04-11 01:57:23","updated":"2025-06-22 18:49:54"},"aioseo_breadcrumb":"<div class=\"aioseo-breadcrumbs\"><span class=\"aioseo-breadcrumb\">\n\t<a href=\"https:\/\/www.rucashk.com\/es\" title=\"Home\">Home<\/a>\n<\/span><span class=\"aioseo-breadcrumb-separator\">&raquo;<\/span><span class=\"aioseo-breadcrumb\">\n\t<a href=\"https:\/\/www.rucashk.com\/es\/products\/\" title=\"Productos\">Productos<\/a>\n<\/span><span class=\"aioseo-breadcrumb-separator\">&raquo;<\/span><span class=\"aioseo-breadcrumb\">\n\t<a href=\"https:\/\/www.rucashk.com\/es\/marca\/realme\/\" title=\"Realme\">Realme<\/a>\n<\/span><span class=\"aioseo-breadcrumb-separator\">&raquo;<\/span><span class=\"aioseo-breadcrumb\">\n\tRealme 11 Pro+ Smart Mobile Phone\n<\/span><\/div>","aioseo_breadcrumb_json":[{"label":"Home","link":"https:\/\/www.rucashk.com\/es"},{"label":"Productos","link":"https:\/\/www.rucashk.com\/es\/products\/"},{"label":"Realme","link":"https:\/\/www.rucashk.com\/es\/marca\/realme\/"},{"label":"Realme 11 Pro+ Smart Mobile Phone","link":"https:\/\/www.rucashk.com\/es\/producto\/realme-11-pro-smart-mobile-phone-2\/"}],"_links":{"self":[{"href":"https:\/\/www.rucashk.com\/es\/wp-json\/wp\/v2\/product\/39293","targetHints":{"allow":["GET"]}}],"collection":[{"href":"https:\/\/www.rucashk.com\/es\/wp-json\/wp\/v2\/product"}],"about":[{"href":"https:\/\/www.rucashk.com\/es\/wp-json\/wp\/v2\/types\/product"}],"wp:featuredmedia":[{"embeddable":true,"href":"https:\/\/www.rucashk.com\/es\/wp-json\/wp\/v2\/media\/39290"}],"wp:attachment":[{"href":"https:\/\/www.rucashk.com\/es\/wp-json\/wp\/v2\/media?parent=39293"}],"wp:term":[{"taxonomy":"product_brand","embeddable":true,"href":"https:\/\/www.rucashk.com\/es\/wp-json\/wp\/v2\/product_brand?post=39293"},{"taxonomy":"product_cat","embeddable":true,"href":"https:\/\/www.rucashk.com\/es\/wp-json\/wp\/v2\/product_cat?post=39293"},{"taxonomy":"product_tag","embeddable":true,"href":"https:\/\/www.rucashk.com\/es\/wp-json\/wp\/v2\/product_tag?post=39293"}],"curies":[{"name":"wp","href":"https:\/\/api.w.org\/{rel}","templated":true}]}}