{"id":39282,"date":"2024-03-24T09:33:43","date_gmt":"2024-03-24T09:33:43","guid":{"rendered":"http:\/\/rucashk.com\/?post_type=product&#038;p=39282"},"modified":"2024-04-16T13:24:20","modified_gmt":"2024-04-16T13:24:20","slug":"realme-10-pro-smart-mobile-phone","status":"publish","type":"product","link":"https:\/\/www.rucashk.com\/es\/producto\/realme-10-pro-smart-mobile-phone\/","title":{"rendered":"Tel\u00e9fono m\u00f3vil inteligente Realme 10 Pro"},"content":{"rendered":"<p><img decoding=\"async\" src=\"\/wp-content\/uploads\/replace\/d6ebc9db0508f636ace9b7bf5c4d7c0e.jpeg\" alt=\"Realme 10 Pro Smart Mobile Phone\" \/><br \/>\n<iframe title=\"Un nuevo mundo curvo | realme 10 Pro Plus 5G | Pantalla curva Nueva Visi\u00f3n\" src=\"https:\/\/www.youtube.com\/embed\/IAfB1UKviB0\" width=\"1280\" height=\"720\" frameborder=\"0\" allowfullscreen=\"allowfullscreen\"><\/iframe><\/p>\n<table class=\"table-auto w-full text-left\">\n<tbody>\n<tr>\n<td class=\"border border-card-3 p-2 w-28\">Marca<\/td>\n<td class=\"border border-card-3 p-2\">Verdadero yo<\/td>\n<\/tr>\n<tr>\n<td class=\"border border-card-3 p-2 w-28\">Peso<\/td>\n<td class=\"border border-card-3 p-2\">190 gramos \/ 192 gramos (la variante hiperespacial tiene 192 gramos)<\/td>\n<\/tr>\n<tr>\n<td class=\"border border-card-3 p-2 w-28\">Dimensi\u00f3n<\/td>\n<td class=\"border border-card-3 p-2\">163,7 x 74,2 x 8,1 mm (el color hiperespacial tiene una profundidad de 8,3 mm)<\/td>\n<\/tr>\n<tr>\n<td class=\"border border-card-3 p-2 w-28\">Plataforma<\/td>\n<td class=\"border border-card-3 p-2\">SO: Realme UI 4.0 Basado en Android 13 Conjunto de chips: Conjunto de chips Snapdragon 695 5G CPU: Procesador de 6 nm | Octa n\u00facleo | GPU de hasta 2,2 GHz: Adreno 619<\/td>\n<\/tr>\n<tr>\n<td class=\"border border-card-3 p-2 w-28\">Red<\/td>\n<td class=\"border border-card-3 p-2\">Soporta 2,4 GHz, 5 GHz | Wi-Fi 4 | Wi-Fi 5 | Wi-Fi 802.11 a\/b\/g\/n\/ac | bluetooth 5.1<\/td>\n<\/tr>\n<tr>\n<td class=\"border border-card-3 p-2 w-28\">Sensores<\/td>\n<td class=\"border border-card-3 p-2\">Sensor de inducci\u00f3n magn\u00e9tica | Sensor de luz | Gir\u00f3metro | Sensor de proximidad | Sensor de aceleraci\u00f3n | Sensor de huellas dactilares de montaje lateral<\/td>\n<\/tr>\n<tr>\n<td class=\"border border-card-3 p-2 w-28\">Modelo<\/td>\n<td class=\"border border-card-3 p-2\">Realme 10 Pro 5G<\/td>\n<\/tr>\n<tr>\n<td class=\"border border-card-3 p-2 w-28\">tama\u00f1o de la pantalla<\/td>\n<td class=\"border border-card-3 p-2\">6,72 pulgadas<\/td>\n<\/tr>\n<tr>\n<td class=\"border border-card-3 p-2 w-28\">Resoluci\u00f3n<\/td>\n<td class=\"border border-card-3 p-2\">Resoluci\u00f3n de 2400 x 1080 p\u00edxeles<\/td>\n<\/tr>\n<tr>\n<td class=\"border border-card-3 p-2 w-28\">Tipo de visualizaci\u00f3n<\/td>\n<td class=\"border border-card-3 p-2\">FHD+ | Frecuencia de actualizaci\u00f3n de 120 Hz | Frecuencia de muestreo t\u00e1ctil de 240 Hz | 93.76% Relaci\u00f3n pantalla-cuerpo | Brillo m\u00e1ximo de 680 nits | Certificado T\u00dcV Rheinland de baja luz azul<\/td>\n<\/tr>\n<tr>\n<td class=\"border border-card-3 p-2 w-28\">Memoria<\/td>\n<td class=\"border border-card-3 p-2\">6\/128 GB | 8\/128 GB | UFS: 2.2<\/td>\n<\/tr>\n<tr>\n<td class=\"border border-card-3 p-2 w-28\">C\u00e1mara principal<\/td>\n<td class=\"border border-card-3 p-2\">Lente principal de 50MP f\/1.8 Apertura | Sensor de profundidad de 2MP con apertura f\/2.4 | Belleza AI |Filtro |Chroma Boost | C\u00e1mara lenta | Control del efecto bokeh<\/td>\n<\/tr>\n<tr>\n<td class=\"border border-card-3 p-2 w-28\">C\u00e1mara para selfies<\/td>\n<td class=\"border border-card-3 p-2\">16 C\u00e1mara frontal con apertura f\/2,45 | Modo retrato | Lapso de tiempo | 1080p@30fps | HDR | Modo nocturno | Control del efecto bokeh<\/td>\n<\/tr>\n<tr>\n<td class=\"border border-card-3 p-2 w-28\">Informaci\u00f3n de bateria<\/td>\n<td class=\"border border-card-3 p-2\">Iones de litio 5000 mAh | No extra\u00edble | Carga SUPERVOOC de 33W | USB-C<\/td>\n<\/tr>\n<tr>\n<td class=\"border border-card-3 p-2 w-28\">Audio<\/td>\n<td class=\"border border-card-3 p-2\">200% Altavoces duales Ultra Boom | Certificaci\u00f3n de alta resoluci\u00f3n<\/td>\n<\/tr>\n<tr>\n<td class=\"border border-card-3 p-2 w-28\">Otras caracter\u00edsticas\/informaci\u00f3n<\/td>\n<td class=\"border border-card-3 p-2\">Ranura Nano SIM x 2 | MicroSD | Puerto para auriculares de 3,5 mm | Colores: Hiperespacio \/ Materia Oscura \/ Azul Nebulosa<\/td>\n<\/tr>\n<\/tbody>\n<\/table>\n<p>Realme 10 Pro 5G es un tel\u00e9fono inteligente de presupuesto medio que ofrece funciones de Android de primer nivel, incluida una pantalla amplia, fotograf\u00edas impresionantes y un hermoso dise\u00f1o. Su impresionante rendimiento y su bater\u00eda de larga duraci\u00f3n lo distinguen de otros tel\u00e9fonos de gama media.<\/p>\n<p><strong>Descripci\u00f3n general de las caracter\u00edsticas de Realme 10 Pro 5g<\/strong><br \/>\nOye, \u00bfhas o\u00eddo hablar del Realme 10 Pro 5G? Ofrece una experiencia de visualizaci\u00f3n incre\u00edble con una relaci\u00f3n pantalla-cuerpo, frecuencia de actualizaci\u00f3n y frecuencia de muestreo t\u00e1ctil notables. Adem\u00e1s, cuenta con tecnolog\u00eda RAZR para un rendimiento a\u00fan m\u00e1s fluido, ya sea que est\u00e9s jugando o viendo videos.<\/p>\n<p>Y hablemos de su dise\u00f1o. El cuerpo ultradelgado se divide en un marco curvo, un frente de vidrio y una parte trasera resistente. El dise\u00f1o de la c\u00e1mara TLR, los rayos de aceleraci\u00f3n del prisma y las part\u00edculas de nebulosa en la parte posterior lo hacen destacar a\u00fan m\u00e1s.<\/p>\n<p>El sistema de c\u00e1mara de este tel\u00e9fono es de otro nivel. El sistema de lentes m\u00faltiples tiene algunas caracter\u00edsticas sorprendentes, pero lo m\u00e1s destacado es definitivamente la tecnolog\u00eda de im\u00e1genes pro-light. Incluso con poca luz, tus fotos saldr\u00e1n n\u00edtidas.<\/p>\n<p>Pero lo que realmente distingue al Realme 10 Pro 5G es su potente procesador. Con capacidades de juego 5G, un chipset de primer nivel, memoria masiva y almacenamiento enorme, este tel\u00e9fono puede manejar cualquier cosa que le eches.<\/p>\n<p>Y no nos olvidemos de la duraci\u00f3n de la bater\u00eda. Con una enorme bater\u00eda Li-Po no extra\u00edble, necesitas una carga r\u00e1pida para mantener el ritmo. Ah\u00ed es donde entra en juego la carga SuperVOOC de 33 W, que te permite cargar completamente tu tel\u00e9fono en minutos.<\/p>\n<p>As\u00ed que adelante y afronta el d\u00eda con confianza, sabiendo que tu tel\u00e9fono puede seguir tu ritmo.<\/p>","protected":false},"excerpt":{"rendered":"<p>Realme 10 Pro 5G es un tel\u00e9fono inteligente de presupuesto medio que ofrece funciones de Android de primer nivel, incluida una pantalla amplia, fotograf\u00edas impresionantes y un hermoso dise\u00f1o. Su impresionante rendimiento y su bater\u00eda de larga duraci\u00f3n lo distinguen de otros tel\u00e9fonos de gama media.<\/p>\n<ul>\n<li dir=\"ltr\">Pantalla ilimitada<\/li>\n<li dir=\"ltr\">Potente conjunto de chips<\/li>\n<li dir=\"ltr\">Magn\u00edfica c\u00e1mara<\/li>\n<li dir=\"ltr\">Mega duraci\u00f3n de la bater\u00eda<\/li>\n<\/ul>","protected":false},"featured_media":39285,"template":"","meta":[],"product_brand":[1366],"product_cat":[1295,1301],"product_tag":[477],"class_list":{"0":"post-39282","1":"product","2":"type-product","3":"status-publish","4":"has-post-thumbnail","6":"product_brand-realme","7":"product_cat-mobile-phone","8":"product_cat-realme-mobile-phone","9":"product_tag-phone","11":"first","12":"instock","13":"shipping-taxable","14":"product-type-simple"},"aioseo_notices":[],"aioseo_head":"\n\t\t<!-- All in One SEO Pro 4.5.9.2 - aioseo.com -->\n\t\t<meta name=\"description\" content=\"Realme 10 Pro 5G is a mid-budget smartphone that offers top-notch Android features, including an expansive display, stunning photography, and a beautiful design. Its impressive performance and long-lasting battery life make it stand out from other mid-range phones. Boundless Display Powerful Chipset Magnificent Camera Mega Battery Life\" \/>\n\t\t<meta name=\"robots\" content=\"max-image-preview:large\" \/>\n\t\t<link rel=\"canonical\" href=\"https:\/\/www.rucashk.com\/es\/producto\/realme-10-pro-smart-mobile-phone\/\" \/>\n\t\t<meta name=\"generator\" content=\"All in One SEO Pro (AIOSEO) 4.5.9.2\" \/>\n\t\t<meta property=\"og:locale\" content=\"es_ES\" \/>\n\t\t<meta property=\"og:site_name\" content=\"Rucas - One-stop AIoT Distribution Worldwide\" \/>\n\t\t<meta property=\"og:type\" content=\"article\" \/>\n\t\t<meta property=\"og:title\" content=\"Realme 10 Pro Smart Mobile Phone - Rucas - Wholesale and Distribution\" \/>\n\t\t<meta property=\"og:description\" content=\"Realme 10 Pro 5G is a mid-budget smartphone that offers top-notch Android features, including an expansive display, stunning photography, and a beautiful design. Its impressive performance and long-lasting battery life make it stand out from other mid-range phones. Boundless Display Powerful Chipset Magnificent Camera Mega Battery Life\" \/>\n\t\t<meta property=\"og:url\" content=\"https:\/\/www.rucashk.com\/es\/producto\/realme-10-pro-smart-mobile-phone\/\" \/>\n\t\t<meta property=\"og:image\" content=\"https:\/\/www.rucashk.com\/wp-content\/uploads\/replace\/503b8e645f128a97ccde2b6290747646.jpeg\" \/>\n\t\t<meta property=\"og:image:secure_url\" content=\"https:\/\/www.rucashk.com\/wp-content\/uploads\/replace\/503b8e645f128a97ccde2b6290747646.jpeg\" \/>\n\t\t<meta property=\"og:image:width\" content=\"1456\" \/>\n\t\t<meta property=\"og:image:height\" content=\"816\" \/>\n\t\t<meta property=\"article:published_time\" content=\"2024-03-24T09:33:43+00:00\" \/>\n\t\t<meta property=\"article:modified_time\" content=\"2024-04-16T13:24:20+00:00\" \/>\n\t\t<meta name=\"twitter:card\" content=\"summary_large_image\" \/>\n\t\t<meta name=\"twitter:title\" content=\"Realme 10 Pro Smart Mobile Phone - Rucas - Wholesale and Distribution\" \/>\n\t\t<meta name=\"twitter:description\" content=\"Realme 10 Pro 5G is a mid-budget smartphone that offers top-notch Android features, including an expansive display, stunning photography, and a beautiful design. Its impressive performance and long-lasting battery life make it stand out from other mid-range phones. Boundless Display Powerful Chipset Magnificent Camera Mega Battery Life\" \/>\n\t\t<meta name=\"twitter:image\" content=\"https:\/\/www.rucashk.com\/wp-content\/uploads\/replace\/503b8e645f128a97ccde2b6290747646.jpeg\" \/>\n\t\t<script type=\"application\/ld+json\" class=\"aioseo-schema\">\n\t\t\t{\"@context\":\"https:\\\/\\\/schema.org\",\"@graph\":[{\"@type\":\"BreadcrumbList\",\"@id\":\"https:\\\/\\\/www.rucashk.com\\\/es\\\/producto\\\/realme-10-pro-smart-mobile-phone\\\/#breadcrumblist\",\"itemListElement\":[{\"@type\":\"ListItem\",\"@id\":\"https:\\\/\\\/www.rucashk.com\\\/es\\\/#listItem\",\"position\":1,\"name\":\"Home\",\"item\":\"https:\\\/\\\/www.rucashk.com\\\/es\\\/\",\"nextItem\":\"https:\\\/\\\/www.rucashk.com\\\/es\\\/producto\\\/realme-10-pro-smart-mobile-phone\\\/#listItem\"},{\"@type\":\"ListItem\",\"@id\":\"https:\\\/\\\/www.rucashk.com\\\/es\\\/producto\\\/realme-10-pro-smart-mobile-phone\\\/#listItem\",\"position\":2,\"name\":\"Realme 10 Pro Smart Mobile Phone\",\"previousItem\":\"https:\\\/\\\/www.rucashk.com\\\/es\\\/#listItem\"}]},{\"@type\":\"Organization\",\"@id\":\"https:\\\/\\\/www.rucashk.com\\\/es\\\/#organization\",\"name\":\"Rucas\",\"url\":\"https:\\\/\\\/www.rucashk.com\\\/es\\\/\",\"logo\":{\"@type\":\"ImageObject\",\"url\":\"https:\\\/\\\/www.rucashk.com\\\/wp-content\\\/uploads\\\/2023\\\/12\\\/Rucas_campany_logo.png\",\"@id\":\"https:\\\/\\\/www.rucashk.com\\\/es\\\/producto\\\/realme-10-pro-smart-mobile-phone\\\/#organizationLogo\",\"width\":221,\"height\":65},\"image\":{\"@id\":\"https:\\\/\\\/www.rucashk.com\\\/es\\\/#organizationLogo\"}},{\"@type\":\"Person\",\"@id\":\"https:\\\/\\\/www.rucashk.com\\\/es\\\/author\\\/admin\\\/#author\",\"url\":\"https:\\\/\\\/www.rucashk.com\\\/es\\\/author\\\/admin\\\/\",\"name\":\"admin\",\"image\":{\"@type\":\"ImageObject\",\"@id\":\"https:\\\/\\\/www.rucashk.com\\\/es\\\/producto\\\/realme-10-pro-smart-mobile-phone\\\/#authorImage\",\"url\":\"https:\\\/\\\/secure.gravatar.com\\\/avatar\\\/b7c8925b09a27e72b30232f8ecaadbd5af0f70a38c78096863fe51b64f031c24?s=96&d=mm&r=g\",\"width\":96,\"height\":96,\"caption\":\"admin\"}},{\"@type\":\"WebPage\",\"@id\":\"https:\\\/\\\/www.rucashk.com\\\/es\\\/producto\\\/realme-10-pro-smart-mobile-phone\\\/#webpage\",\"url\":\"https:\\\/\\\/www.rucashk.com\\\/es\\\/producto\\\/realme-10-pro-smart-mobile-phone\\\/\",\"name\":\"Realme 10 Pro Smart Mobile Phone - Rucas - Wholesale and Distribution\",\"description\":\"Realme 10 Pro 5G is a mid-budget smartphone that offers top-notch Android features, including an expansive display, stunning photography, and a beautiful design. Its impressive performance and long-lasting battery life make it stand out from other mid-range phones. Boundless Display Powerful Chipset Magnificent Camera Mega Battery Life\",\"inLanguage\":\"es-ES\",\"isPartOf\":{\"@id\":\"https:\\\/\\\/www.rucashk.com\\\/es\\\/#website\"},\"breadcrumb\":{\"@id\":\"https:\\\/\\\/www.rucashk.com\\\/es\\\/producto\\\/realme-10-pro-smart-mobile-phone\\\/#breadcrumblist\"},\"author\":{\"@id\":\"https:\\\/\\\/www.rucashk.com\\\/es\\\/author\\\/admin\\\/#author\"},\"creator\":{\"@id\":\"https:\\\/\\\/www.rucashk.com\\\/es\\\/author\\\/admin\\\/#author\"},\"image\":{\"@type\":\"ImageObject\",\"url\":\"https:\\\/\\\/www.rucashk.com\\\/wp-content\\\/uploads\\\/2024\\\/03\\\/26890b56-d2df-40e4-95c7-77f76d3e9434.jpg\",\"@id\":\"https:\\\/\\\/www.rucashk.com\\\/es\\\/producto\\\/realme-10-pro-smart-mobile-phone\\\/#mainImage\",\"width\":800,\"height\":800},\"primaryImageOfPage\":{\"@id\":\"https:\\\/\\\/www.rucashk.com\\\/es\\\/producto\\\/realme-10-pro-smart-mobile-phone\\\/#mainImage\"},\"datePublished\":\"2024-03-24T09:33:43+00:00\",\"dateModified\":\"2024-04-16T13:24:20+00:00\"},{\"@type\":\"WebSite\",\"@id\":\"https:\\\/\\\/www.rucashk.com\\\/es\\\/#website\",\"url\":\"https:\\\/\\\/www.rucashk.com\\\/es\\\/\",\"name\":\"Rucas - Wholesale and distribution worldwide\",\"alternateName\":\"Rucas - One-stop AIoT Distribution Worldwide\",\"description\":\"One-stop AIoT Distribution Worldwide\",\"inLanguage\":\"es-ES\",\"publisher\":{\"@id\":\"https:\\\/\\\/www.rucashk.com\\\/es\\\/#organization\"}}]}\n\t\t<\/script>\n\t\t<!-- All in One SEO Pro -->\r\n\t\t<title>Realme 10 Pro Smart Mobile Phone - Rucas - Wholesale and Distribution<\/title>\n\n","aioseo_head_json":{"title":"Realme 10 Pro Smart Mobile Phone - Rucas - Wholesale and Distribution","description":"Realme 10 Pro 5G is a mid-budget smartphone that offers top-notch Android features, including an expansive display, stunning photography, and a beautiful design. Its impressive performance and long-lasting battery life make it stand out from other mid-range phones. Boundless Display Powerful Chipset Magnificent Camera Mega Battery Life","canonical_url":"https:\/\/www.rucashk.com\/es\/producto\/realme-10-pro-smart-mobile-phone\/","robots":"max-image-preview:large","keywords":"","webmasterTools":{"miscellaneous":""},"og:locale":"es_ES","og:site_name":"Rucas - One-stop AIoT Distribution Worldwide","og:type":"article","og:title":"Realme 10 Pro Smart Mobile Phone - Rucas - Wholesale and Distribution","og:description":"Realme 10 Pro 5G is a mid-budget smartphone that offers top-notch Android features, including an expansive display, stunning photography, and a beautiful design. Its impressive performance and long-lasting battery life make it stand out from other mid-range phones. Boundless Display Powerful Chipset Magnificent Camera Mega Battery Life","og:url":"https:\/\/www.rucashk.com\/es\/producto\/realme-10-pro-smart-mobile-phone\/","og:image":"https:\/\/www.rucashk.com\/wp-content\/uploads\/replace\/503b8e645f128a97ccde2b6290747646.jpeg","og:image:secure_url":"https:\/\/www.rucashk.com\/wp-content\/uploads\/replace\/503b8e645f128a97ccde2b6290747646.jpeg","og:image:width":1456,"og:image:height":816,"article:published_time":"2024-03-24T09:33:43+00:00","article:modified_time":"2024-04-16T13:24:20+00:00","twitter:card":"summary_large_image","twitter:title":"Realme 10 Pro Smart Mobile Phone - Rucas - Wholesale and Distribution","twitter:description":"Realme 10 Pro 5G is a mid-budget smartphone that offers top-notch Android features, including an expansive display, stunning photography, and a beautiful design. Its impressive performance and long-lasting battery life make it stand out from other mid-range phones. Boundless Display Powerful Chipset Magnificent Camera Mega Battery Life","twitter:image":"https:\/\/www.rucashk.com\/wp-content\/uploads\/replace\/503b8e645f128a97ccde2b6290747646.jpeg","schema":{"@context":"https:\/\/schema.org","@graph":[{"@type":"BreadcrumbList","@id":"https:\/\/www.rucashk.com\/es\/producto\/realme-10-pro-smart-mobile-phone\/#breadcrumblist","itemListElement":[{"@type":"ListItem","@id":"https:\/\/www.rucashk.com\/es\/#listItem","position":1,"name":"Home","item":"https:\/\/www.rucashk.com\/es\/","nextItem":"https:\/\/www.rucashk.com\/es\/producto\/realme-10-pro-smart-mobile-phone\/#listItem"},{"@type":"ListItem","@id":"https:\/\/www.rucashk.com\/es\/producto\/realme-10-pro-smart-mobile-phone\/#listItem","position":2,"name":"Realme 10 Pro Smart Mobile Phone","previousItem":"https:\/\/www.rucashk.com\/es\/#listItem"}]},{"@type":"Organization","@id":"https:\/\/www.rucashk.com\/es\/#organization","name":"Rucas","url":"https:\/\/www.rucashk.com\/es\/","logo":{"@type":"ImageObject","url":"https:\/\/www.rucashk.com\/wp-content\/uploads\/2023\/12\/Rucas_campany_logo.png","@id":"https:\/\/www.rucashk.com\/es\/producto\/realme-10-pro-smart-mobile-phone\/#organizationLogo","width":221,"height":65},"image":{"@id":"https:\/\/www.rucashk.com\/es\/#organizationLogo"}},{"@type":"Person","@id":"https:\/\/www.rucashk.com\/es\/author\/admin\/#author","url":"https:\/\/www.rucashk.com\/es\/author\/admin\/","name":"admin","image":{"@type":"ImageObject","@id":"https:\/\/www.rucashk.com\/es\/producto\/realme-10-pro-smart-mobile-phone\/#authorImage","url":"https:\/\/secure.gravatar.com\/avatar\/b7c8925b09a27e72b30232f8ecaadbd5af0f70a38c78096863fe51b64f031c24?s=96&d=mm&r=g","width":96,"height":96,"caption":"admin"}},{"@type":"WebPage","@id":"https:\/\/www.rucashk.com\/es\/producto\/realme-10-pro-smart-mobile-phone\/#webpage","url":"https:\/\/www.rucashk.com\/es\/producto\/realme-10-pro-smart-mobile-phone\/","name":"Realme 10 Pro Smart Mobile Phone - Rucas - Wholesale and Distribution","description":"Realme 10 Pro 5G is a mid-budget smartphone that offers top-notch Android features, including an expansive display, stunning photography, and a beautiful design. Its impressive performance and long-lasting battery life make it stand out from other mid-range phones. Boundless Display Powerful Chipset Magnificent Camera Mega Battery Life","inLanguage":"es-ES","isPartOf":{"@id":"https:\/\/www.rucashk.com\/es\/#website"},"breadcrumb":{"@id":"https:\/\/www.rucashk.com\/es\/producto\/realme-10-pro-smart-mobile-phone\/#breadcrumblist"},"author":{"@id":"https:\/\/www.rucashk.com\/es\/author\/admin\/#author"},"creator":{"@id":"https:\/\/www.rucashk.com\/es\/author\/admin\/#author"},"image":{"@type":"ImageObject","url":"https:\/\/www.rucashk.com\/wp-content\/uploads\/2024\/03\/26890b56-d2df-40e4-95c7-77f76d3e9434.jpg","@id":"https:\/\/www.rucashk.com\/es\/producto\/realme-10-pro-smart-mobile-phone\/#mainImage","width":800,"height":800},"primaryImageOfPage":{"@id":"https:\/\/www.rucashk.com\/es\/producto\/realme-10-pro-smart-mobile-phone\/#mainImage"},"datePublished":"2024-03-24T09:33:43+00:00","dateModified":"2024-04-16T13:24:20+00:00"},{"@type":"WebSite","@id":"https:\/\/www.rucashk.com\/es\/#website","url":"https:\/\/www.rucashk.com\/es\/","name":"Rucas - Wholesale and distribution worldwide","alternateName":"Rucas - One-stop AIoT Distribution Worldwide","description":"One-stop AIoT Distribution Worldwide","inLanguage":"es-ES","publisher":{"@id":"https:\/\/www.rucashk.com\/es\/#organization"}}]}},"aioseo_meta_data":{"post_id":"39282","title":null,"description":null,"keywords":null,"keyphrases":null,"primary_term":null,"canonical_url":null,"og_title":null,"og_description":null,"og_object_type":"default","og_image_type":"default","og_image_url":null,"og_image_width":null,"og_image_height":null,"og_image_custom_url":null,"og_image_custom_fields":null,"og_video":null,"og_custom_url":null,"og_article_section":null,"og_article_tags":null,"twitter_use_og":false,"twitter_card":"default","twitter_image_type":"default","twitter_image_url":null,"twitter_image_custom_url":null,"twitter_image_custom_fields":null,"twitter_title":null,"twitter_description":null,"schema":{"blockGraphs":[],"customGraphs":[],"default":{"data":{"Article":[],"Course":[],"Dataset":[],"FAQPage":[],"Movie":[],"Person":[],"Product":[],"Recipe":[],"Service":[],"SoftwareApplication":[],"WebPage":[]},"graphName":"","isEnabled":true},"graphs":[]},"schema_type":"default","schema_type_options":null,"pillar_content":false,"robots_default":true,"robots_noindex":false,"robots_noarchive":false,"robots_nosnippet":false,"robots_nofollow":false,"robots_noimageindex":false,"robots_noodp":false,"robots_notranslate":false,"robots_max_snippet":null,"robots_max_videopreview":null,"robots_max_imagepreview":"large","priority":null,"frequency":null,"local_seo":null,"breadcrumb_settings":null,"limit_modified_date":false,"created":"2024-04-11 01:57:23","updated":"2025-06-22 18:48:56"},"aioseo_breadcrumb":"<div class=\"aioseo-breadcrumbs\"><span class=\"aioseo-breadcrumb\">\n\t<a href=\"https:\/\/www.rucashk.com\/es\" title=\"Home\">Home<\/a>\n<\/span><span class=\"aioseo-breadcrumb-separator\">&raquo;<\/span><span class=\"aioseo-breadcrumb\">\n\t<a href=\"https:\/\/www.rucashk.com\/es\/products\/\" title=\"Productos\">Productos<\/a>\n<\/span><span class=\"aioseo-breadcrumb-separator\">&raquo;<\/span><span class=\"aioseo-breadcrumb\">\n\t<a href=\"https:\/\/www.rucashk.com\/es\/marca\/realme\/\" title=\"Realme\">Realme<\/a>\n<\/span><span class=\"aioseo-breadcrumb-separator\">&raquo;<\/span><span class=\"aioseo-breadcrumb\">\n\tRealme 10 Pro Smart Mobile Phone\n<\/span><\/div>","aioseo_breadcrumb_json":[{"label":"Home","link":"https:\/\/www.rucashk.com\/es"},{"label":"Productos","link":"https:\/\/www.rucashk.com\/es\/products\/"},{"label":"Realme","link":"https:\/\/www.rucashk.com\/es\/marca\/realme\/"},{"label":"Realme 10 Pro Smart Mobile Phone","link":"https:\/\/www.rucashk.com\/es\/producto\/realme-10-pro-smart-mobile-phone\/"}],"_links":{"self":[{"href":"https:\/\/www.rucashk.com\/es\/wp-json\/wp\/v2\/product\/39282","targetHints":{"allow":["GET"]}}],"collection":[{"href":"https:\/\/www.rucashk.com\/es\/wp-json\/wp\/v2\/product"}],"about":[{"href":"https:\/\/www.rucashk.com\/es\/wp-json\/wp\/v2\/types\/product"}],"wp:featuredmedia":[{"embeddable":true,"href":"https:\/\/www.rucashk.com\/es\/wp-json\/wp\/v2\/media\/39285"}],"wp:attachment":[{"href":"https:\/\/www.rucashk.com\/es\/wp-json\/wp\/v2\/media?parent=39282"}],"wp:term":[{"taxonomy":"product_brand","embeddable":true,"href":"https:\/\/www.rucashk.com\/es\/wp-json\/wp\/v2\/product_brand?post=39282"},{"taxonomy":"product_cat","embeddable":true,"href":"https:\/\/www.rucashk.com\/es\/wp-json\/wp\/v2\/product_cat?post=39282"},{"taxonomy":"product_tag","embeddable":true,"href":"https:\/\/www.rucashk.com\/es\/wp-json\/wp\/v2\/product_tag?post=39282"}],"curies":[{"name":"wp","href":"https:\/\/api.w.org\/{rel}","templated":true}]}}