{"id":39277,"date":"2024-03-24T09:24:17","date_gmt":"2024-03-24T09:24:17","guid":{"rendered":"http:\/\/rucashk.com\/?post_type=product&#038;p=39277"},"modified":"2024-04-16T13:28:13","modified_gmt":"2024-04-16T13:28:13","slug":"google-pixel-8-pro-smart-mobile-phone","status":"publish","type":"product","link":"https:\/\/www.rucashk.com\/es\/producto\/google-pixel-8-pro-smart-mobile-phone\/","title":{"rendered":"Tel\u00e9fono m\u00f3vil inteligente Google Pixel 8 Pro"},"content":{"rendered":"<p><img decoding=\"async\" alt=\"Google Pixel 8 Pro Smart Mobile Phone\" src=\"\/wp-content\/uploads\/replace\/d409755a6a83a53823ef1914924da643.jpeg\" \/><br \/>\n<iframe title=\"Conozca Google Pixel 8 y Pixel 8 Pro\" src=\"https:\/\/www.youtube.com\/embed\/otomCbnwsv0\" width=\"1280\" height=\"720\" frameborder=\"0\" allowfullscreen=\"allowfullscreen\"><\/iframe><\/p>\n<p>P\u00edxel 8 Pro<br \/>\nEl Google Pixel 8 Pro es la \u00faltima incorporaci\u00f3n a la l\u00ednea Pro y cuenta con un dise\u00f1o meticulosamente pulido. Presenta un software actualizado impulsado por el innovador procesador Tensor G3, que promete una experiencia de usuario m\u00e1gica. El dispositivo destaca tanto en fotograf\u00eda como en visualizaci\u00f3n, ofreciendo a los usuarios una experiencia verdaderamente extraordinaria e inmersiva. Con sus excepcionales capacidades de c\u00e1mara y tecnolog\u00eda de vanguardia, el Pixel 8 Pro sorprender\u00e1 a los usuarios con su destreza y consolidar\u00e1 su posici\u00f3n como un tel\u00e9fono inteligente insignia en el mercado.<\/p>\n<table class=\"table-auto w-full text-left\">\n<tbody>\n<tr>\n<td class=\"border border-card-3 p-2 w-28\">Marca<\/td>\n<td class=\"border border-card-3 p-2\">Google<\/td>\n<\/tr>\n<tr>\n<td class=\"border border-card-3 p-2 w-28\">Modelo<\/td>\n<td class=\"border border-card-3 p-2\">P\u00edxel 8 Pro<\/td>\n<\/tr>\n<tr>\n<td class=\"border border-card-3 p-2 w-28\">tama\u00f1o de la pantalla<\/td>\n<td class=\"border border-card-3 p-2\">6,7 pulgadas<\/td>\n<\/tr>\n<tr>\n<td class=\"border border-card-3 p-2 w-28\">Tipo de visualizaci\u00f3n<\/td>\n<td class=\"border border-card-3 p-2\">OLED LTPO | 120 Hz | HDR10+ | 2400 liendres<\/td>\n<\/tr>\n<tr>\n<td class=\"border border-card-3 p-2 w-28\">Resoluci\u00f3n de pantalla<\/td>\n<td class=\"border border-card-3 p-2\">1344 x 2992 p\u00edxeles<\/td>\n<\/tr>\n<tr>\n<td class=\"border border-card-3 p-2 w-28\">Dimensi\u00f3n<\/td>\n<td class=\"border border-card-3 p-2\">162,6x76,5x8,8mm<\/td>\n<\/tr>\n<tr>\n<td class=\"border border-card-3 p-2 w-28\">conjunto de chips<\/td>\n<td class=\"border border-card-3 p-2\">Tensor G3 de Google (4 nm)<\/td>\n<\/tr>\n<tr>\n<td class=\"border border-card-3 p-2 w-28\">Memoria<\/td>\n<td class=\"border border-card-3 p-2\">128 GB 12 GB de RAM | 256 GB 12 GB de RAM | 512 GB 12 GB de RAM | 1 TB 12 GB de RAM<\/td>\n<\/tr>\n<tr>\n<td class=\"border border-card-3 p-2 w-28\">C\u00e1mara principal<\/td>\n<td class=\"border border-card-3 p-2\">50 MP (ancho) | 48 MP (teleobjetivo) | 48 MP (ultra gran angular) | Flash de doble LED, cambio de p\u00edxeles, Ultra-HDR, panorama | 4K a 30\/60 fps, 1080p a 24\/30\/60\/120\/240 fps;<\/td>\n<\/tr>\n<tr>\n<td class=\"border border-card-3 p-2 w-28\">C\u00e1mara para selfies<\/td>\n<td class=\"border border-card-3 p-2\">10,5 MP (ultra gran angular) | HDR autom\u00e1tico, panorama | 4K a 24\/30\/60 fps, 1080p a 30\/60 fps<\/td>\n<\/tr>\n<tr>\n<td class=\"border border-card-3 p-2 w-28\">Peso<\/td>\n<td class=\"border border-card-3 p-2\">213 gramos<\/td>\n<\/tr>\n<tr>\n<td class=\"border border-card-3 p-2 w-28\">Informaci\u00f3n de bateria<\/td>\n<td class=\"border border-card-3 p-2\">Li-Ion 5050 mAh | No extra\u00edble | Carga por cable de 30 W | Carga inal\u00e1mbrica de 23W<\/td>\n<\/tr>\n<tr>\n<td class=\"border border-card-3 p-2 w-28\">Otras caracter\u00edsticas\/informaci\u00f3n<\/td>\n<td class=\"border border-card-3 p-2\">IP68 resistente al polvo\/agua | Corning Gorilla Glass Victus 2 | Pantalla siempre encendida<\/td>\n<\/tr>\n<\/tbody>\n<\/table>","protected":false},"excerpt":{"rendered":"<ul>\n<li dir=\"ltr\" role=\"presentation\">Dise\u00f1ado y construido con un atractivo marco de aluminio pulido y vidrio trasero mate.<\/li>\n<li dir=\"ltr\" role=\"presentation\">Gran pantalla OLED LTPO llamada pantalla Super Actua que tiene el brillo m\u00e1s alto jam\u00e1s visto<\/li>\n<li dir=\"ltr\" role=\"presentation\">Sistema de c\u00e1mara de 50 MP mejorado con funciones de edici\u00f3n m\u00e1gicas que nunca has visto<\/li>\n<li dir=\"ltr\" role=\"presentation\">Chip Tensor G3 con Google AI dise\u00f1ado a medida para un rendimiento s\u00faper r\u00e1pido y eficiente<\/li>\n<li dir=\"ltr\" role=\"presentation\">Calidad de construcci\u00f3n robusta con vidrio resistente a rayones que protege el dispositivo contra da\u00f1os<\/li>\n<li dir=\"ltr\" role=\"presentation\">No solo te sorprender\u00e1 con m\u00e1s de 24 horas de duraci\u00f3n de la bater\u00eda, sino tambi\u00e9n con una carga excepcionalmente r\u00e1pida<\/li>\n<li dir=\"ltr\" role=\"presentation\">12 GB de RAM no hacen m\u00e1s que ofrecerle un rendimiento potente y perfecto<\/li>\n<li dir=\"ltr\" role=\"presentation\">Google le ofrece incre\u00edbles 7 a\u00f1os de actualizaciones de seguridad y nuevas funciones<\/li>\n<\/ul>","protected":false},"featured_media":39281,"template":"","meta":[],"product_brand":[1365],"product_cat":[1300,1295],"product_tag":[477],"class_list":{"0":"post-39277","1":"product","2":"type-product","3":"status-publish","4":"has-post-thumbnail","6":"product_brand-google","7":"product_cat-google-mobile-phone","8":"product_cat-mobile-phone","9":"product_tag-phone","11":"first","12":"instock","13":"shipping-taxable","14":"product-type-simple"},"aioseo_notices":[],"aioseo_head":"\n\t\t<!-- All in One SEO Pro 4.5.9.2 - aioseo.com -->\n\t\t<meta name=\"description\" content=\"Designed and constructed with alluring polished aluminum frame and matte back glass Large LTPO OLED display called super Actua display that has highest brightness ever Upgraded 50 MP camera system with magical editing features that have never seen Tensor G3 chip with custom-designed Google AI for super fast and efficient performance Robust build quality with scratch-resistant glass that protects the device from damage Not only surprise you with 24+ hours of battery life but also exceptionally fast charging 12GB of RAM does nothing but deliver a powerful seamless performance to you Google offers you an unbelievable 7 years of security updates and new feature drops\" \/>\n\t\t<meta name=\"robots\" content=\"max-image-preview:large\" \/>\n\t\t<link rel=\"canonical\" href=\"https:\/\/www.rucashk.com\/es\/producto\/google-pixel-8-pro-smart-mobile-phone\/\" \/>\n\t\t<meta name=\"generator\" content=\"All in One SEO Pro (AIOSEO) 4.5.9.2\" \/>\n\t\t<meta property=\"og:locale\" content=\"es_ES\" \/>\n\t\t<meta property=\"og:site_name\" content=\"Rucas - One-stop AIoT Distribution Worldwide\" \/>\n\t\t<meta property=\"og:type\" content=\"article\" \/>\n\t\t<meta property=\"og:title\" content=\"Google Pixel 8 Pro Smart Mobile Phone - Rucas - Wholesale and Distribution\" \/>\n\t\t<meta property=\"og:description\" content=\"Designed and constructed with alluring polished aluminum frame and matte back glass Large LTPO OLED display called super Actua display that has highest brightness ever Upgraded 50 MP camera system with magical editing features that have never seen Tensor G3 chip with custom-designed Google AI for super fast and efficient performance Robust build quality with scratch-resistant glass that protects the device from damage Not only surprise you with 24+ hours of battery life but also exceptionally fast charging 12GB of RAM does nothing but deliver a powerful seamless performance to you Google offers you an unbelievable 7 years of security updates and new feature drops\" \/>\n\t\t<meta property=\"og:url\" content=\"https:\/\/www.rucashk.com\/es\/producto\/google-pixel-8-pro-smart-mobile-phone\/\" \/>\n\t\t<meta property=\"og:image\" content=\"https:\/\/www.rucashk.com\/wp-content\/uploads\/replace\/503b8e645f128a97ccde2b6290747646.jpeg\" \/>\n\t\t<meta property=\"og:image:secure_url\" content=\"https:\/\/www.rucashk.com\/wp-content\/uploads\/replace\/503b8e645f128a97ccde2b6290747646.jpeg\" \/>\n\t\t<meta property=\"og:image:width\" content=\"1456\" \/>\n\t\t<meta property=\"og:image:height\" content=\"816\" \/>\n\t\t<meta property=\"article:published_time\" content=\"2024-03-24T09:24:17+00:00\" \/>\n\t\t<meta property=\"article:modified_time\" content=\"2024-04-16T13:28:13+00:00\" \/>\n\t\t<meta name=\"twitter:card\" content=\"summary_large_image\" \/>\n\t\t<meta name=\"twitter:title\" content=\"Google Pixel 8 Pro Smart Mobile Phone - Rucas - Wholesale and Distribution\" \/>\n\t\t<meta name=\"twitter:description\" content=\"Designed and constructed with alluring polished aluminum frame and matte back glass Large LTPO OLED display called super Actua display that has highest brightness ever Upgraded 50 MP camera system with magical editing features that have never seen Tensor G3 chip with custom-designed Google AI for super fast and efficient performance Robust build quality with scratch-resistant glass that protects the device from damage Not only surprise you with 24+ hours of battery life but also exceptionally fast charging 12GB of RAM does nothing but deliver a powerful seamless performance to you Google offers you an unbelievable 7 years of security updates and new feature drops\" \/>\n\t\t<meta name=\"twitter:image\" content=\"https:\/\/www.rucashk.com\/wp-content\/uploads\/replace\/503b8e645f128a97ccde2b6290747646.jpeg\" \/>\n\t\t<script type=\"application\/ld+json\" class=\"aioseo-schema\">\n\t\t\t{\"@context\":\"https:\\\/\\\/schema.org\",\"@graph\":[{\"@type\":\"BreadcrumbList\",\"@id\":\"https:\\\/\\\/www.rucashk.com\\\/es\\\/producto\\\/google-pixel-8-pro-smart-mobile-phone\\\/#breadcrumblist\",\"itemListElement\":[{\"@type\":\"ListItem\",\"@id\":\"https:\\\/\\\/www.rucashk.com\\\/es\\\/#listItem\",\"position\":1,\"name\":\"Home\",\"item\":\"https:\\\/\\\/www.rucashk.com\\\/es\\\/\",\"nextItem\":\"https:\\\/\\\/www.rucashk.com\\\/es\\\/producto\\\/google-pixel-8-pro-smart-mobile-phone\\\/#listItem\"},{\"@type\":\"ListItem\",\"@id\":\"https:\\\/\\\/www.rucashk.com\\\/es\\\/producto\\\/google-pixel-8-pro-smart-mobile-phone\\\/#listItem\",\"position\":2,\"name\":\"Google Pixel 8 Pro Smart Mobile Phone\",\"previousItem\":\"https:\\\/\\\/www.rucashk.com\\\/es\\\/#listItem\"}]},{\"@type\":\"Organization\",\"@id\":\"https:\\\/\\\/www.rucashk.com\\\/es\\\/#organization\",\"name\":\"Rucas\",\"url\":\"https:\\\/\\\/www.rucashk.com\\\/es\\\/\",\"logo\":{\"@type\":\"ImageObject\",\"url\":\"https:\\\/\\\/www.rucashk.com\\\/wp-content\\\/uploads\\\/2023\\\/12\\\/Rucas_campany_logo.png\",\"@id\":\"https:\\\/\\\/www.rucashk.com\\\/es\\\/producto\\\/google-pixel-8-pro-smart-mobile-phone\\\/#organizationLogo\",\"width\":221,\"height\":65},\"image\":{\"@id\":\"https:\\\/\\\/www.rucashk.com\\\/es\\\/#organizationLogo\"}},{\"@type\":\"Person\",\"@id\":\"https:\\\/\\\/www.rucashk.com\\\/es\\\/author\\\/admin\\\/#author\",\"url\":\"https:\\\/\\\/www.rucashk.com\\\/es\\\/author\\\/admin\\\/\",\"name\":\"admin\",\"image\":{\"@type\":\"ImageObject\",\"@id\":\"https:\\\/\\\/www.rucashk.com\\\/es\\\/producto\\\/google-pixel-8-pro-smart-mobile-phone\\\/#authorImage\",\"url\":\"https:\\\/\\\/secure.gravatar.com\\\/avatar\\\/b7c8925b09a27e72b30232f8ecaadbd5af0f70a38c78096863fe51b64f031c24?s=96&d=mm&r=g\",\"width\":96,\"height\":96,\"caption\":\"admin\"}},{\"@type\":\"WebPage\",\"@id\":\"https:\\\/\\\/www.rucashk.com\\\/es\\\/producto\\\/google-pixel-8-pro-smart-mobile-phone\\\/#webpage\",\"url\":\"https:\\\/\\\/www.rucashk.com\\\/es\\\/producto\\\/google-pixel-8-pro-smart-mobile-phone\\\/\",\"name\":\"Google Pixel 8 Pro Smart Mobile Phone - Rucas - Wholesale and Distribution\",\"description\":\"Designed and constructed with alluring polished aluminum frame and matte back glass Large LTPO OLED display called super Actua display that has highest brightness ever Upgraded 50 MP camera system with magical editing features that have never seen Tensor G3 chip with custom-designed Google AI for super fast and efficient performance Robust build quality with scratch-resistant glass that protects the device from damage Not only surprise you with 24+ hours of battery life but also exceptionally fast charging 12GB of RAM does nothing but deliver a powerful seamless performance to you Google offers you an unbelievable 7 years of security updates and new feature drops\",\"inLanguage\":\"es-ES\",\"isPartOf\":{\"@id\":\"https:\\\/\\\/www.rucashk.com\\\/es\\\/#website\"},\"breadcrumb\":{\"@id\":\"https:\\\/\\\/www.rucashk.com\\\/es\\\/producto\\\/google-pixel-8-pro-smart-mobile-phone\\\/#breadcrumblist\"},\"author\":{\"@id\":\"https:\\\/\\\/www.rucashk.com\\\/es\\\/author\\\/admin\\\/#author\"},\"creator\":{\"@id\":\"https:\\\/\\\/www.rucashk.com\\\/es\\\/author\\\/admin\\\/#author\"},\"image\":{\"@type\":\"ImageObject\",\"url\":\"https:\\\/\\\/www.rucashk.com\\\/wp-content\\\/uploads\\\/2024\\\/03\\\/6661fd94-9a96-41ff-bd42-f3a458231689.jpg\",\"@id\":\"https:\\\/\\\/www.rucashk.com\\\/es\\\/producto\\\/google-pixel-8-pro-smart-mobile-phone\\\/#mainImage\",\"width\":800,\"height\":800},\"primaryImageOfPage\":{\"@id\":\"https:\\\/\\\/www.rucashk.com\\\/es\\\/producto\\\/google-pixel-8-pro-smart-mobile-phone\\\/#mainImage\"},\"datePublished\":\"2024-03-24T09:24:17+00:00\",\"dateModified\":\"2024-04-16T13:28:13+00:00\"},{\"@type\":\"WebSite\",\"@id\":\"https:\\\/\\\/www.rucashk.com\\\/es\\\/#website\",\"url\":\"https:\\\/\\\/www.rucashk.com\\\/es\\\/\",\"name\":\"Rucas - Wholesale and distribution worldwide\",\"alternateName\":\"Rucas - One-stop AIoT Distribution Worldwide\",\"description\":\"One-stop AIoT Distribution Worldwide\",\"inLanguage\":\"es-ES\",\"publisher\":{\"@id\":\"https:\\\/\\\/www.rucashk.com\\\/es\\\/#organization\"}}]}\n\t\t<\/script>\n\t\t<!-- All in One SEO Pro -->\r\n\t\t<title>Google Pixel 8 Pro Smart Mobile Phone - Rucas - Wholesale and Distribution<\/title>\n\n","aioseo_head_json":{"title":"Google Pixel 8 Pro Smart Mobile Phone - Rucas - Wholesale and Distribution","description":"Designed and constructed with alluring polished aluminum frame and matte back glass Large LTPO OLED display called super Actua display that has highest brightness ever Upgraded 50 MP camera system with magical editing features that have never seen Tensor G3 chip with custom-designed Google AI for super fast and efficient performance Robust build quality with scratch-resistant glass that protects the device from damage Not only surprise you with 24+ hours of battery life but also exceptionally fast charging 12GB of RAM does nothing but deliver a powerful seamless performance to you Google offers you an unbelievable 7 years of security updates and new feature drops","canonical_url":"https:\/\/www.rucashk.com\/es\/producto\/google-pixel-8-pro-smart-mobile-phone\/","robots":"max-image-preview:large","keywords":"","webmasterTools":{"miscellaneous":""},"og:locale":"es_ES","og:site_name":"Rucas - One-stop AIoT Distribution Worldwide","og:type":"article","og:title":"Google Pixel 8 Pro Smart Mobile Phone - Rucas - Wholesale and Distribution","og:description":"Designed and constructed with alluring polished aluminum frame and matte back glass Large LTPO OLED display called super Actua display that has highest brightness ever Upgraded 50 MP camera system with magical editing features that have never seen Tensor G3 chip with custom-designed Google AI for super fast and efficient performance Robust build quality with scratch-resistant glass that protects the device from damage Not only surprise you with 24+ hours of battery life but also exceptionally fast charging 12GB of RAM does nothing but deliver a powerful seamless performance to you Google offers you an unbelievable 7 years of security updates and new feature drops","og:url":"https:\/\/www.rucashk.com\/es\/producto\/google-pixel-8-pro-smart-mobile-phone\/","og:image":"https:\/\/www.rucashk.com\/wp-content\/uploads\/replace\/503b8e645f128a97ccde2b6290747646.jpeg","og:image:secure_url":"https:\/\/www.rucashk.com\/wp-content\/uploads\/replace\/503b8e645f128a97ccde2b6290747646.jpeg","og:image:width":1456,"og:image:height":816,"article:published_time":"2024-03-24T09:24:17+00:00","article:modified_time":"2024-04-16T13:28:13+00:00","twitter:card":"summary_large_image","twitter:title":"Google Pixel 8 Pro Smart Mobile Phone - Rucas - Wholesale and Distribution","twitter:description":"Designed and constructed with alluring polished aluminum frame and matte back glass Large LTPO OLED display called super Actua display that has highest brightness ever Upgraded 50 MP camera system with magical editing features that have never seen Tensor G3 chip with custom-designed Google AI for super fast and efficient performance Robust build quality with scratch-resistant glass that protects the device from damage Not only surprise you with 24+ hours of battery life but also exceptionally fast charging 12GB of RAM does nothing but deliver a powerful seamless performance to you Google offers you an unbelievable 7 years of security updates and new feature drops","twitter:image":"https:\/\/www.rucashk.com\/wp-content\/uploads\/replace\/503b8e645f128a97ccde2b6290747646.jpeg","schema":{"@context":"https:\/\/schema.org","@graph":[{"@type":"BreadcrumbList","@id":"https:\/\/www.rucashk.com\/es\/producto\/google-pixel-8-pro-smart-mobile-phone\/#breadcrumblist","itemListElement":[{"@type":"ListItem","@id":"https:\/\/www.rucashk.com\/es\/#listItem","position":1,"name":"Home","item":"https:\/\/www.rucashk.com\/es\/","nextItem":"https:\/\/www.rucashk.com\/es\/producto\/google-pixel-8-pro-smart-mobile-phone\/#listItem"},{"@type":"ListItem","@id":"https:\/\/www.rucashk.com\/es\/producto\/google-pixel-8-pro-smart-mobile-phone\/#listItem","position":2,"name":"Google Pixel 8 Pro Smart Mobile Phone","previousItem":"https:\/\/www.rucashk.com\/es\/#listItem"}]},{"@type":"Organization","@id":"https:\/\/www.rucashk.com\/es\/#organization","name":"Rucas","url":"https:\/\/www.rucashk.com\/es\/","logo":{"@type":"ImageObject","url":"https:\/\/www.rucashk.com\/wp-content\/uploads\/2023\/12\/Rucas_campany_logo.png","@id":"https:\/\/www.rucashk.com\/es\/producto\/google-pixel-8-pro-smart-mobile-phone\/#organizationLogo","width":221,"height":65},"image":{"@id":"https:\/\/www.rucashk.com\/es\/#organizationLogo"}},{"@type":"Person","@id":"https:\/\/www.rucashk.com\/es\/author\/admin\/#author","url":"https:\/\/www.rucashk.com\/es\/author\/admin\/","name":"admin","image":{"@type":"ImageObject","@id":"https:\/\/www.rucashk.com\/es\/producto\/google-pixel-8-pro-smart-mobile-phone\/#authorImage","url":"https:\/\/secure.gravatar.com\/avatar\/b7c8925b09a27e72b30232f8ecaadbd5af0f70a38c78096863fe51b64f031c24?s=96&d=mm&r=g","width":96,"height":96,"caption":"admin"}},{"@type":"WebPage","@id":"https:\/\/www.rucashk.com\/es\/producto\/google-pixel-8-pro-smart-mobile-phone\/#webpage","url":"https:\/\/www.rucashk.com\/es\/producto\/google-pixel-8-pro-smart-mobile-phone\/","name":"Google Pixel 8 Pro Smart Mobile Phone - Rucas - Wholesale and Distribution","description":"Designed and constructed with alluring polished aluminum frame and matte back glass Large LTPO OLED display called super Actua display that has highest brightness ever Upgraded 50 MP camera system with magical editing features that have never seen Tensor G3 chip with custom-designed Google AI for super fast and efficient performance Robust build quality with scratch-resistant glass that protects the device from damage Not only surprise you with 24+ hours of battery life but also exceptionally fast charging 12GB of RAM does nothing but deliver a powerful seamless performance to you Google offers you an unbelievable 7 years of security updates and new feature drops","inLanguage":"es-ES","isPartOf":{"@id":"https:\/\/www.rucashk.com\/es\/#website"},"breadcrumb":{"@id":"https:\/\/www.rucashk.com\/es\/producto\/google-pixel-8-pro-smart-mobile-phone\/#breadcrumblist"},"author":{"@id":"https:\/\/www.rucashk.com\/es\/author\/admin\/#author"},"creator":{"@id":"https:\/\/www.rucashk.com\/es\/author\/admin\/#author"},"image":{"@type":"ImageObject","url":"https:\/\/www.rucashk.com\/wp-content\/uploads\/2024\/03\/6661fd94-9a96-41ff-bd42-f3a458231689.jpg","@id":"https:\/\/www.rucashk.com\/es\/producto\/google-pixel-8-pro-smart-mobile-phone\/#mainImage","width":800,"height":800},"primaryImageOfPage":{"@id":"https:\/\/www.rucashk.com\/es\/producto\/google-pixel-8-pro-smart-mobile-phone\/#mainImage"},"datePublished":"2024-03-24T09:24:17+00:00","dateModified":"2024-04-16T13:28:13+00:00"},{"@type":"WebSite","@id":"https:\/\/www.rucashk.com\/es\/#website","url":"https:\/\/www.rucashk.com\/es\/","name":"Rucas - Wholesale and distribution worldwide","alternateName":"Rucas - One-stop AIoT Distribution Worldwide","description":"One-stop AIoT Distribution Worldwide","inLanguage":"es-ES","publisher":{"@id":"https:\/\/www.rucashk.com\/es\/#organization"}}]}},"aioseo_meta_data":{"post_id":"39277","title":null,"description":null,"keywords":null,"keyphrases":null,"primary_term":null,"canonical_url":null,"og_title":null,"og_description":null,"og_object_type":"default","og_image_type":"default","og_image_url":null,"og_image_width":null,"og_image_height":null,"og_image_custom_url":null,"og_image_custom_fields":null,"og_video":null,"og_custom_url":null,"og_article_section":null,"og_article_tags":null,"twitter_use_og":false,"twitter_card":"default","twitter_image_type":"default","twitter_image_url":null,"twitter_image_custom_url":null,"twitter_image_custom_fields":null,"twitter_title":null,"twitter_description":null,"schema":{"blockGraphs":[],"customGraphs":[],"default":{"data":{"Article":[],"Course":[],"Dataset":[],"FAQPage":[],"Movie":[],"Person":[],"Product":[],"Recipe":[],"Service":[],"SoftwareApplication":[],"WebPage":[]},"graphName":"","isEnabled":true},"graphs":[]},"schema_type":"default","schema_type_options":null,"pillar_content":false,"robots_default":true,"robots_noindex":false,"robots_noarchive":false,"robots_nosnippet":false,"robots_nofollow":false,"robots_noimageindex":false,"robots_noodp":false,"robots_notranslate":false,"robots_max_snippet":null,"robots_max_videopreview":null,"robots_max_imagepreview":"large","priority":null,"frequency":null,"local_seo":null,"breadcrumb_settings":null,"limit_modified_date":false,"created":"2024-04-11 01:57:23","updated":"2025-06-22 18:48:55"},"aioseo_breadcrumb":"<div class=\"aioseo-breadcrumbs\"><span class=\"aioseo-breadcrumb\">\n\t<a href=\"https:\/\/www.rucashk.com\/es\" title=\"Home\">Home<\/a>\n<\/span><span class=\"aioseo-breadcrumb-separator\">&raquo;<\/span><span class=\"aioseo-breadcrumb\">\n\t<a href=\"https:\/\/www.rucashk.com\/es\/products\/\" title=\"Productos\">Productos<\/a>\n<\/span><span class=\"aioseo-breadcrumb-separator\">&raquo;<\/span><span class=\"aioseo-breadcrumb\">\n\t<a href=\"https:\/\/www.rucashk.com\/es\/marca\/google\/\" title=\"Google\">Google<\/a>\n<\/span><span class=\"aioseo-breadcrumb-separator\">&raquo;<\/span><span class=\"aioseo-breadcrumb\">\n\tGoogle Pixel 8 Pro Smart Mobile Phone\n<\/span><\/div>","aioseo_breadcrumb_json":[{"label":"Home","link":"https:\/\/www.rucashk.com\/es"},{"label":"Productos","link":"https:\/\/www.rucashk.com\/es\/products\/"},{"label":"Google","link":"https:\/\/www.rucashk.com\/es\/marca\/google\/"},{"label":"Google Pixel 8 Pro Smart Mobile Phone","link":"https:\/\/www.rucashk.com\/es\/producto\/google-pixel-8-pro-smart-mobile-phone\/"}],"_links":{"self":[{"href":"https:\/\/www.rucashk.com\/es\/wp-json\/wp\/v2\/product\/39277","targetHints":{"allow":["GET"]}}],"collection":[{"href":"https:\/\/www.rucashk.com\/es\/wp-json\/wp\/v2\/product"}],"about":[{"href":"https:\/\/www.rucashk.com\/es\/wp-json\/wp\/v2\/types\/product"}],"wp:featuredmedia":[{"embeddable":true,"href":"https:\/\/www.rucashk.com\/es\/wp-json\/wp\/v2\/media\/39281"}],"wp:attachment":[{"href":"https:\/\/www.rucashk.com\/es\/wp-json\/wp\/v2\/media?parent=39277"}],"wp:term":[{"taxonomy":"product_brand","embeddable":true,"href":"https:\/\/www.rucashk.com\/es\/wp-json\/wp\/v2\/product_brand?post=39277"},{"taxonomy":"product_cat","embeddable":true,"href":"https:\/\/www.rucashk.com\/es\/wp-json\/wp\/v2\/product_cat?post=39277"},{"taxonomy":"product_tag","embeddable":true,"href":"https:\/\/www.rucashk.com\/es\/wp-json\/wp\/v2\/product_tag?post=39277"}],"curies":[{"name":"wp","href":"https:\/\/api.w.org\/{rel}","templated":true}]}}