{"id":39262,"date":"2024-03-24T09:08:14","date_gmt":"2024-03-24T09:08:14","guid":{"rendered":"http:\/\/rucashk.com\/?post_type=product&#038;p=39262"},"modified":"2024-03-24T09:08:14","modified_gmt":"2024-03-24T09:08:14","slug":"google-pixel-6a-smart-mobile-phone","status":"publish","type":"product","link":"https:\/\/www.rucashk.com\/es\/producto\/google-pixel-6a-smart-mobile-phone\/","title":{"rendered":"Tel\u00e9fono m\u00f3vil inteligente Google Pixel 6A"},"content":{"rendered":"<p><iframe title=\"Conozca el P\u00edxel 6a\" src=\"https:\/\/www.youtube.com\/embed\/57k2CLthY6U\" width=\"1280\" height=\"720\" frameborder=\"0\" allowfullscreen=\"allowfullscreen\"><\/iframe><\/p>\n<p>Google Tensor: m\u00e1s potente que nunca<br \/>\nPixel 6a incluye un chipset Tensor. Un potente chipset personalizado de Google. Tensor se utiliza como chipset en todos los tel\u00e9fonos de la serie Google Pixel 6. Eso significa que el Pixel 6a tiene el mismo cerebro que su hermano mayor, el Pixel 6 Pro. Este procesador Google Tensor personalizado aumenta el rendimiento al iniciar las aplicaciones r\u00e1pidamente, cargar p\u00e1ginas e im\u00e1genes r\u00e1pidamente y ejecutar todo sin problemas.<\/p>\n<p>Duraci\u00f3n de la bater\u00eda: mejor que nunca<br \/>\nGoogle Pixel 6a tiene una bater\u00eda con optimizaci\u00f3n inteligente. El sistema de bater\u00eda optimiza la bater\u00eda de manera inteligente al aprender el m\u00e9todo de ejecuci\u00f3n de la aplicaci\u00f3n. Optimiza su aplicaci\u00f3n favorita o m\u00e1s utilizada y ahorra energ\u00eda. As\u00ed es como la bater\u00eda adaptable de Pixel puede durar todo el d\u00eda. El ahorro de bater\u00eda del sistema puede extender la vida \u00fatil de la bater\u00eda a una duraci\u00f3n extrema, 72 horas exactamente. El cargador r\u00e1pido elimina el dolor de cabeza de la carga. Puede obtener una enorme potencia en solo unos minutos con la carga r\u00e1pida por cable.<\/p>\n<table class=\"table-auto w-full text-left\">\n<tbody>\n<tr>\n<td class=\"border border-card-3 p-2 w-28\">Marca<\/td>\n<td class=\"border border-card-3 p-2\">Google<\/td>\n<\/tr>\n<tr>\n<td class=\"border border-card-3 p-2 w-28\">Modelo<\/td>\n<td class=\"border border-card-3 p-2\">P\u00edxel 6a 5G<\/td>\n<\/tr>\n<tr>\n<td class=\"border border-card-3 p-2 w-28\">tama\u00f1o de la pantalla<\/td>\n<td class=\"border border-card-3 p-2\">6,1 pulgadas, 90,7 cm2 (~83,0% relaci\u00f3n pantalla-cuerpo)<\/td>\n<\/tr>\n<tr>\n<td class=\"border border-card-3 p-2 w-28\">Tipo de visualizaci\u00f3n<\/td>\n<td class=\"border border-card-3 p-2\">OLED, HDR<\/td>\n<\/tr>\n<tr>\n<td class=\"border border-card-3 p-2 w-28\">Resoluci\u00f3n de pantalla<\/td>\n<td class=\"border border-card-3 p-2\">1080 x 2400 p\u00edxeles, relaci\u00f3n 20:9 (densidad ~429 ppp)<\/td>\n<\/tr>\n<tr>\n<td class=\"border border-card-3 p-2 w-28\">conjunto de chips<\/td>\n<td class=\"border border-card-3 p-2\">Tensor de Google (5 nm)<\/td>\n<\/tr>\n<tr>\n<td class=\"border border-card-3 p-2 w-28\">Memoria<\/td>\n<td class=\"border border-card-3 p-2\">128 GB 6 GB de RAM<\/td>\n<\/tr>\n<tr>\n<td class=\"border border-card-3 p-2 w-28\">C\u00e1mara principal<\/td>\n<td class=\"border border-card-3 p-2\">12,2 MP + 12 MP | 4K a 30\/60 fps, 1080p a 30\/60\/120\/240 fps; giroscopio-EIS, OIS<\/td>\n<\/tr>\n<tr>\n<td class=\"border border-card-3 p-2 w-28\">C\u00e1mara para selfies<\/td>\n<td class=\"border border-card-3 p-2\">8MP | 1080p@30fps<\/td>\n<\/tr>\n<tr>\n<td class=\"border border-card-3 p-2 w-28\">Informaci\u00f3n de bateria<\/td>\n<td class=\"border border-card-3 p-2\">Li-Po 4410 mAh, no extra\u00edble<\/td>\n<\/tr>\n<\/tbody>\n<\/table>","protected":false},"excerpt":{"rendered":"<p>Pixel 6 Pro 5G: es un buque insignia reciente de la serie Google Pixel Phone. Incluye un exclusivo chipset Google Tensor para mejorar el rendimiento y colores llamativos con un dise\u00f1o magistral para aumentar la atracci\u00f3n. La c\u00e1mara excepcional y familiar de los tel\u00e9fonos Pixel viene con m\u00e1s funciones y Google siempre se preocupa por su seguridad. En general, el Pixel 6 Pro es tu sue\u00f1o de Android que cumple con tu tel\u00e9fono inteligente en todos los aspectos.<\/p>","protected":false},"featured_media":39264,"template":"","meta":[],"product_brand":[1365],"product_cat":[1300,1295],"product_tag":[477],"class_list":{"0":"post-39262","1":"product","2":"type-product","3":"status-publish","4":"has-post-thumbnail","6":"product_brand-google","7":"product_cat-google-mobile-phone","8":"product_cat-mobile-phone","9":"product_tag-phone","11":"first","12":"instock","13":"shipping-taxable","14":"product-type-simple"},"aioseo_notices":[],"aioseo_head":"\n\t\t<!-- All in One SEO Pro 4.5.9.2 - aioseo.com -->\n\t\t<meta name=\"description\" content=\"Pixel 6 Pro 5G- is a recent flagship from the Google Pixel Phone series. Packs an exclusive Google Tensor Chipset to boost performance and striking colors with masterful design to escalate attraction. Familiar exceptional camera from Pixel phones comes with more features and Google is always concerned about your Security. Overall, the Pixel 6 Pro is your Android dream that fulfills your smartphone in every aspect.\" \/>\n\t\t<meta name=\"robots\" content=\"max-image-preview:large\" \/>\n\t\t<link rel=\"canonical\" href=\"https:\/\/www.rucashk.com\/es\/producto\/google-pixel-6a-smart-mobile-phone\/\" \/>\n\t\t<meta name=\"generator\" content=\"All in One SEO Pro (AIOSEO) 4.5.9.2\" \/>\n\t\t<meta property=\"og:locale\" content=\"es_ES\" \/>\n\t\t<meta property=\"og:site_name\" content=\"Rucas - One-stop AIoT Distribution Worldwide\" \/>\n\t\t<meta property=\"og:type\" content=\"article\" \/>\n\t\t<meta property=\"og:title\" content=\"Google Pixel 6A Smart Mobile Phone - Rucas - Wholesale and Distribution\" \/>\n\t\t<meta property=\"og:description\" content=\"Pixel 6 Pro 5G- is a recent flagship from the Google Pixel Phone series. Packs an exclusive Google Tensor Chipset to boost performance and striking colors with masterful design to escalate attraction. Familiar exceptional camera from Pixel phones comes with more features and Google is always concerned about your Security. Overall, the Pixel 6 Pro is your Android dream that fulfills your smartphone in every aspect.\" \/>\n\t\t<meta property=\"og:url\" content=\"https:\/\/www.rucashk.com\/es\/producto\/google-pixel-6a-smart-mobile-phone\/\" \/>\n\t\t<meta property=\"og:image\" content=\"https:\/\/www.rucashk.com\/wp-content\/uploads\/replace\/503b8e645f128a97ccde2b6290747646.jpeg\" \/>\n\t\t<meta property=\"og:image:secure_url\" content=\"https:\/\/www.rucashk.com\/wp-content\/uploads\/replace\/503b8e645f128a97ccde2b6290747646.jpeg\" \/>\n\t\t<meta property=\"og:image:width\" content=\"1456\" \/>\n\t\t<meta property=\"og:image:height\" content=\"816\" \/>\n\t\t<meta property=\"article:published_time\" content=\"2024-03-24T09:08:14+00:00\" \/>\n\t\t<meta property=\"article:modified_time\" content=\"2024-03-24T09:08:14+00:00\" \/>\n\t\t<meta name=\"twitter:card\" content=\"summary_large_image\" \/>\n\t\t<meta name=\"twitter:title\" content=\"Google Pixel 6A Smart Mobile Phone - Rucas - Wholesale and Distribution\" \/>\n\t\t<meta name=\"twitter:description\" content=\"Pixel 6 Pro 5G- is a recent flagship from the Google Pixel Phone series. Packs an exclusive Google Tensor Chipset to boost performance and striking colors with masterful design to escalate attraction. Familiar exceptional camera from Pixel phones comes with more features and Google is always concerned about your Security. Overall, the Pixel 6 Pro is your Android dream that fulfills your smartphone in every aspect.\" \/>\n\t\t<meta name=\"twitter:image\" content=\"https:\/\/www.rucashk.com\/wp-content\/uploads\/replace\/503b8e645f128a97ccde2b6290747646.jpeg\" \/>\n\t\t<script type=\"application\/ld+json\" class=\"aioseo-schema\">\n\t\t\t{\"@context\":\"https:\\\/\\\/schema.org\",\"@graph\":[{\"@type\":\"BreadcrumbList\",\"@id\":\"https:\\\/\\\/www.rucashk.com\\\/es\\\/producto\\\/google-pixel-6a-smart-mobile-phone\\\/#breadcrumblist\",\"itemListElement\":[{\"@type\":\"ListItem\",\"@id\":\"https:\\\/\\\/www.rucashk.com\\\/es\\\/#listItem\",\"position\":1,\"name\":\"Home\",\"item\":\"https:\\\/\\\/www.rucashk.com\\\/es\\\/\",\"nextItem\":\"https:\\\/\\\/www.rucashk.com\\\/es\\\/producto\\\/google-pixel-6a-smart-mobile-phone\\\/#listItem\"},{\"@type\":\"ListItem\",\"@id\":\"https:\\\/\\\/www.rucashk.com\\\/es\\\/producto\\\/google-pixel-6a-smart-mobile-phone\\\/#listItem\",\"position\":2,\"name\":\"Google Pixel 6A Smart Mobile Phone\",\"previousItem\":\"https:\\\/\\\/www.rucashk.com\\\/es\\\/#listItem\"}]},{\"@type\":\"Organization\",\"@id\":\"https:\\\/\\\/www.rucashk.com\\\/es\\\/#organization\",\"name\":\"Rucas\",\"url\":\"https:\\\/\\\/www.rucashk.com\\\/es\\\/\",\"logo\":{\"@type\":\"ImageObject\",\"url\":\"https:\\\/\\\/www.rucashk.com\\\/wp-content\\\/uploads\\\/2023\\\/12\\\/Rucas_campany_logo.png\",\"@id\":\"https:\\\/\\\/www.rucashk.com\\\/es\\\/producto\\\/google-pixel-6a-smart-mobile-phone\\\/#organizationLogo\",\"width\":221,\"height\":65},\"image\":{\"@id\":\"https:\\\/\\\/www.rucashk.com\\\/es\\\/#organizationLogo\"}},{\"@type\":\"Person\",\"@id\":\"https:\\\/\\\/www.rucashk.com\\\/es\\\/author\\\/admin\\\/#author\",\"url\":\"https:\\\/\\\/www.rucashk.com\\\/es\\\/author\\\/admin\\\/\",\"name\":\"admin\",\"image\":{\"@type\":\"ImageObject\",\"@id\":\"https:\\\/\\\/www.rucashk.com\\\/es\\\/producto\\\/google-pixel-6a-smart-mobile-phone\\\/#authorImage\",\"url\":\"https:\\\/\\\/secure.gravatar.com\\\/avatar\\\/b7c8925b09a27e72b30232f8ecaadbd5af0f70a38c78096863fe51b64f031c24?s=96&d=mm&r=g\",\"width\":96,\"height\":96,\"caption\":\"admin\"}},{\"@type\":\"WebPage\",\"@id\":\"https:\\\/\\\/www.rucashk.com\\\/es\\\/producto\\\/google-pixel-6a-smart-mobile-phone\\\/#webpage\",\"url\":\"https:\\\/\\\/www.rucashk.com\\\/es\\\/producto\\\/google-pixel-6a-smart-mobile-phone\\\/\",\"name\":\"Google Pixel 6A Smart Mobile Phone - Rucas - Wholesale and Distribution\",\"description\":\"Pixel 6 Pro 5G- is a recent flagship from the Google Pixel Phone series. Packs an exclusive Google Tensor Chipset to boost performance and striking colors with masterful design to escalate attraction. Familiar exceptional camera from Pixel phones comes with more features and Google is always concerned about your Security. Overall, the Pixel 6 Pro is your Android dream that fulfills your smartphone in every aspect.\",\"inLanguage\":\"es-ES\",\"isPartOf\":{\"@id\":\"https:\\\/\\\/www.rucashk.com\\\/es\\\/#website\"},\"breadcrumb\":{\"@id\":\"https:\\\/\\\/www.rucashk.com\\\/es\\\/producto\\\/google-pixel-6a-smart-mobile-phone\\\/#breadcrumblist\"},\"author\":{\"@id\":\"https:\\\/\\\/www.rucashk.com\\\/es\\\/author\\\/admin\\\/#author\"},\"creator\":{\"@id\":\"https:\\\/\\\/www.rucashk.com\\\/es\\\/author\\\/admin\\\/#author\"},\"image\":{\"@type\":\"ImageObject\",\"url\":\"https:\\\/\\\/www.rucashk.com\\\/wp-content\\\/uploads\\\/2024\\\/03\\\/51RGPTAnkFL.jpg\",\"@id\":\"https:\\\/\\\/www.rucashk.com\\\/es\\\/producto\\\/google-pixel-6a-smart-mobile-phone\\\/#mainImage\",\"width\":1500,\"height\":1500},\"primaryImageOfPage\":{\"@id\":\"https:\\\/\\\/www.rucashk.com\\\/es\\\/producto\\\/google-pixel-6a-smart-mobile-phone\\\/#mainImage\"},\"datePublished\":\"2024-03-24T09:08:14+00:00\",\"dateModified\":\"2024-03-24T09:08:14+00:00\"},{\"@type\":\"WebSite\",\"@id\":\"https:\\\/\\\/www.rucashk.com\\\/es\\\/#website\",\"url\":\"https:\\\/\\\/www.rucashk.com\\\/es\\\/\",\"name\":\"Rucas - Wholesale and distribution worldwide\",\"alternateName\":\"Rucas - One-stop AIoT Distribution Worldwide\",\"description\":\"One-stop AIoT Distribution Worldwide\",\"inLanguage\":\"es-ES\",\"publisher\":{\"@id\":\"https:\\\/\\\/www.rucashk.com\\\/es\\\/#organization\"}}]}\n\t\t<\/script>\n\t\t<!-- All in One SEO Pro -->\r\n\t\t<title>Google Pixel 6A Smart Mobile Phone - Rucas - Wholesale and Distribution<\/title>\n\n","aioseo_head_json":{"title":"Google Pixel 6A Smart Mobile Phone - Rucas - Wholesale and Distribution","description":"Pixel 6 Pro 5G- is a recent flagship from the Google Pixel Phone series. Packs an exclusive Google Tensor Chipset to boost performance and striking colors with masterful design to escalate attraction. Familiar exceptional camera from Pixel phones comes with more features and Google is always concerned about your Security. Overall, the Pixel 6 Pro is your Android dream that fulfills your smartphone in every aspect.","canonical_url":"https:\/\/www.rucashk.com\/es\/producto\/google-pixel-6a-smart-mobile-phone\/","robots":"max-image-preview:large","keywords":"","webmasterTools":{"miscellaneous":""},"og:locale":"es_ES","og:site_name":"Rucas - One-stop AIoT Distribution Worldwide","og:type":"article","og:title":"Google Pixel 6A Smart Mobile Phone - Rucas - Wholesale and Distribution","og:description":"Pixel 6 Pro 5G- is a recent flagship from the Google Pixel Phone series. Packs an exclusive Google Tensor Chipset to boost performance and striking colors with masterful design to escalate attraction. Familiar exceptional camera from Pixel phones comes with more features and Google is always concerned about your Security. Overall, the Pixel 6 Pro is your Android dream that fulfills your smartphone in every aspect.","og:url":"https:\/\/www.rucashk.com\/es\/producto\/google-pixel-6a-smart-mobile-phone\/","og:image":"https:\/\/www.rucashk.com\/wp-content\/uploads\/replace\/503b8e645f128a97ccde2b6290747646.jpeg","og:image:secure_url":"https:\/\/www.rucashk.com\/wp-content\/uploads\/replace\/503b8e645f128a97ccde2b6290747646.jpeg","og:image:width":1456,"og:image:height":816,"article:published_time":"2024-03-24T09:08:14+00:00","article:modified_time":"2024-03-24T09:08:14+00:00","twitter:card":"summary_large_image","twitter:title":"Google Pixel 6A Smart Mobile Phone - Rucas - Wholesale and Distribution","twitter:description":"Pixel 6 Pro 5G- is a recent flagship from the Google Pixel Phone series. Packs an exclusive Google Tensor Chipset to boost performance and striking colors with masterful design to escalate attraction. Familiar exceptional camera from Pixel phones comes with more features and Google is always concerned about your Security. Overall, the Pixel 6 Pro is your Android dream that fulfills your smartphone in every aspect.","twitter:image":"https:\/\/www.rucashk.com\/wp-content\/uploads\/replace\/503b8e645f128a97ccde2b6290747646.jpeg","schema":{"@context":"https:\/\/schema.org","@graph":[{"@type":"BreadcrumbList","@id":"https:\/\/www.rucashk.com\/es\/producto\/google-pixel-6a-smart-mobile-phone\/#breadcrumblist","itemListElement":[{"@type":"ListItem","@id":"https:\/\/www.rucashk.com\/es\/#listItem","position":1,"name":"Home","item":"https:\/\/www.rucashk.com\/es\/","nextItem":"https:\/\/www.rucashk.com\/es\/producto\/google-pixel-6a-smart-mobile-phone\/#listItem"},{"@type":"ListItem","@id":"https:\/\/www.rucashk.com\/es\/producto\/google-pixel-6a-smart-mobile-phone\/#listItem","position":2,"name":"Google Pixel 6A Smart Mobile Phone","previousItem":"https:\/\/www.rucashk.com\/es\/#listItem"}]},{"@type":"Organization","@id":"https:\/\/www.rucashk.com\/es\/#organization","name":"Rucas","url":"https:\/\/www.rucashk.com\/es\/","logo":{"@type":"ImageObject","url":"https:\/\/www.rucashk.com\/wp-content\/uploads\/2023\/12\/Rucas_campany_logo.png","@id":"https:\/\/www.rucashk.com\/es\/producto\/google-pixel-6a-smart-mobile-phone\/#organizationLogo","width":221,"height":65},"image":{"@id":"https:\/\/www.rucashk.com\/es\/#organizationLogo"}},{"@type":"Person","@id":"https:\/\/www.rucashk.com\/es\/author\/admin\/#author","url":"https:\/\/www.rucashk.com\/es\/author\/admin\/","name":"admin","image":{"@type":"ImageObject","@id":"https:\/\/www.rucashk.com\/es\/producto\/google-pixel-6a-smart-mobile-phone\/#authorImage","url":"https:\/\/secure.gravatar.com\/avatar\/b7c8925b09a27e72b30232f8ecaadbd5af0f70a38c78096863fe51b64f031c24?s=96&d=mm&r=g","width":96,"height":96,"caption":"admin"}},{"@type":"WebPage","@id":"https:\/\/www.rucashk.com\/es\/producto\/google-pixel-6a-smart-mobile-phone\/#webpage","url":"https:\/\/www.rucashk.com\/es\/producto\/google-pixel-6a-smart-mobile-phone\/","name":"Google Pixel 6A Smart Mobile Phone - Rucas - Wholesale and Distribution","description":"Pixel 6 Pro 5G- is a recent flagship from the Google Pixel Phone series. Packs an exclusive Google Tensor Chipset to boost performance and striking colors with masterful design to escalate attraction. Familiar exceptional camera from Pixel phones comes with more features and Google is always concerned about your Security. Overall, the Pixel 6 Pro is your Android dream that fulfills your smartphone in every aspect.","inLanguage":"es-ES","isPartOf":{"@id":"https:\/\/www.rucashk.com\/es\/#website"},"breadcrumb":{"@id":"https:\/\/www.rucashk.com\/es\/producto\/google-pixel-6a-smart-mobile-phone\/#breadcrumblist"},"author":{"@id":"https:\/\/www.rucashk.com\/es\/author\/admin\/#author"},"creator":{"@id":"https:\/\/www.rucashk.com\/es\/author\/admin\/#author"},"image":{"@type":"ImageObject","url":"https:\/\/www.rucashk.com\/wp-content\/uploads\/2024\/03\/51RGPTAnkFL.jpg","@id":"https:\/\/www.rucashk.com\/es\/producto\/google-pixel-6a-smart-mobile-phone\/#mainImage","width":1500,"height":1500},"primaryImageOfPage":{"@id":"https:\/\/www.rucashk.com\/es\/producto\/google-pixel-6a-smart-mobile-phone\/#mainImage"},"datePublished":"2024-03-24T09:08:14+00:00","dateModified":"2024-03-24T09:08:14+00:00"},{"@type":"WebSite","@id":"https:\/\/www.rucashk.com\/es\/#website","url":"https:\/\/www.rucashk.com\/es\/","name":"Rucas - Wholesale and distribution worldwide","alternateName":"Rucas - One-stop AIoT Distribution Worldwide","description":"One-stop AIoT Distribution Worldwide","inLanguage":"es-ES","publisher":{"@id":"https:\/\/www.rucashk.com\/es\/#organization"}}]}},"aioseo_meta_data":{"post_id":"39262","title":null,"description":null,"keywords":null,"keyphrases":null,"primary_term":null,"canonical_url":null,"og_title":null,"og_description":null,"og_object_type":"default","og_image_type":"default","og_image_url":null,"og_image_width":null,"og_image_height":null,"og_image_custom_url":null,"og_image_custom_fields":null,"og_video":null,"og_custom_url":null,"og_article_section":null,"og_article_tags":null,"twitter_use_og":false,"twitter_card":"default","twitter_image_type":"default","twitter_image_url":null,"twitter_image_custom_url":null,"twitter_image_custom_fields":null,"twitter_title":null,"twitter_description":null,"schema":{"blockGraphs":[],"customGraphs":[],"default":{"data":{"Article":[],"Course":[],"Dataset":[],"FAQPage":[],"Movie":[],"Person":[],"Product":[],"Recipe":[],"Service":[],"SoftwareApplication":[],"WebPage":[]},"graphName":"","isEnabled":true},"graphs":[]},"schema_type":"default","schema_type_options":null,"pillar_content":false,"robots_default":true,"robots_noindex":false,"robots_noarchive":false,"robots_nosnippet":false,"robots_nofollow":false,"robots_noimageindex":false,"robots_noodp":false,"robots_notranslate":false,"robots_max_snippet":null,"robots_max_videopreview":null,"robots_max_imagepreview":"large","priority":null,"frequency":null,"local_seo":null,"breadcrumb_settings":null,"limit_modified_date":false,"created":"2024-04-11 01:57:23","updated":"2025-06-22 18:48:55"},"aioseo_breadcrumb":"<div class=\"aioseo-breadcrumbs\"><span class=\"aioseo-breadcrumb\">\n\t<a href=\"https:\/\/www.rucashk.com\/es\" title=\"Home\">Home<\/a>\n<\/span><span class=\"aioseo-breadcrumb-separator\">&raquo;<\/span><span class=\"aioseo-breadcrumb\">\n\t<a href=\"https:\/\/www.rucashk.com\/es\/products\/\" title=\"Productos\">Productos<\/a>\n<\/span><span class=\"aioseo-breadcrumb-separator\">&raquo;<\/span><span class=\"aioseo-breadcrumb\">\n\t<a href=\"https:\/\/www.rucashk.com\/es\/marca\/google\/\" title=\"Google\">Google<\/a>\n<\/span><span class=\"aioseo-breadcrumb-separator\">&raquo;<\/span><span class=\"aioseo-breadcrumb\">\n\tGoogle Pixel 6A Smart Mobile Phone\n<\/span><\/div>","aioseo_breadcrumb_json":[{"label":"Home","link":"https:\/\/www.rucashk.com\/es"},{"label":"Productos","link":"https:\/\/www.rucashk.com\/es\/products\/"},{"label":"Google","link":"https:\/\/www.rucashk.com\/es\/marca\/google\/"},{"label":"Google Pixel 6A Smart Mobile Phone","link":"https:\/\/www.rucashk.com\/es\/producto\/google-pixel-6a-smart-mobile-phone\/"}],"_links":{"self":[{"href":"https:\/\/www.rucashk.com\/es\/wp-json\/wp\/v2\/product\/39262","targetHints":{"allow":["GET"]}}],"collection":[{"href":"https:\/\/www.rucashk.com\/es\/wp-json\/wp\/v2\/product"}],"about":[{"href":"https:\/\/www.rucashk.com\/es\/wp-json\/wp\/v2\/types\/product"}],"wp:featuredmedia":[{"embeddable":true,"href":"https:\/\/www.rucashk.com\/es\/wp-json\/wp\/v2\/media\/39264"}],"wp:attachment":[{"href":"https:\/\/www.rucashk.com\/es\/wp-json\/wp\/v2\/media?parent=39262"}],"wp:term":[{"taxonomy":"product_brand","embeddable":true,"href":"https:\/\/www.rucashk.com\/es\/wp-json\/wp\/v2\/product_brand?post=39262"},{"taxonomy":"product_cat","embeddable":true,"href":"https:\/\/www.rucashk.com\/es\/wp-json\/wp\/v2\/product_cat?post=39262"},{"taxonomy":"product_tag","embeddable":true,"href":"https:\/\/www.rucashk.com\/es\/wp-json\/wp\/v2\/product_tag?post=39262"}],"curies":[{"name":"wp","href":"https:\/\/api.w.org\/{rel}","templated":true}]}}