{"id":39245,"date":"2024-03-24T08:46:22","date_gmt":"2024-03-24T08:46:22","guid":{"rendered":"http:\/\/rucashk.com\/?post_type=product&#038;p=39245"},"modified":"2024-04-16T13:24:22","modified_gmt":"2024-04-16T13:24:22","slug":"oneplus-nord-ce-3-lite-5g-mobile-phone","status":"publish","type":"product","link":"https:\/\/www.rucashk.com\/es\/producto\/oneplus-nord-ce-3-lite-5g-mobile-phone\/","title":{"rendered":"Tel\u00e9fono m\u00f3vil OnePlus Nord CE 3 Lite 5G"},"content":{"rendered":"<div class=\"QN2lPu\">\n<div>\n<div class=\"P7IbkE\"><img decoding=\"async\" alt=\"OnePlus Nord CE 3 Lite 5G Mobile Phone\" class=\"GqYslU hnult1 aligncenter\" src=\"\/wp-content\/uploads\/replace\/d910afc4e5ea62c62423ff34917aff70.jpeg\" width=\"invalid-value\" height=\"invalid-value\" \/><\/div>\n<\/div>\n<\/div>\n<div class=\"QN2lPu\" style=\"text-align: center;\">\n<div>\n<div class=\"P7IbkE\"><img decoding=\"async\" alt=\"OnePlus Nord CE 3 Lite 5G Mobile Phone\" class=\"GqYslU hnult1\" src=\"\/wp-content\/uploads\/replace\/67e149af81bccde7a53d46f8fbaa7b86.jpeg\" width=\"invalid-value\" height=\"invalid-value\" \/><\/div>\n<\/div>\n<\/div>\n<div class=\"QN2lPu\" style=\"text-align: center;\">\n<div>\n<div class=\"P7IbkE\"><img decoding=\"async\" alt=\"OnePlus Nord CE 3 Lite 5G Mobile Phone\" class=\"GqYslU hnult1\" src=\"\/wp-content\/uploads\/replace\/f48f4b5b8a77b94d4513b29b03767754.jpeg\" width=\"invalid-value\" height=\"invalid-value\" \/><\/div>\n<\/div>\n<\/div>\n<div class=\"QN2lPu\">\n<div>\n<div class=\"P7IbkE\"><img decoding=\"async\" alt=\"OnePlus Nord CE 3 Lite 5G Mobile Phone\" class=\"GqYslU hnult1 aligncenter\" src=\"\/wp-content\/uploads\/replace\/30203b1fca9b01ef6589e0e035bf7b82.jpeg\" width=\"invalid-value\" height=\"invalid-value\" \/><\/div>\n<div>\n<p class=\"QN2lPu\">OnePlus Nord CE 3 Lite 5G cuenta con una pantalla de hasta 6,72 pulgadas, su pantalla utiliza paneles LCD IPS con resoluci\u00f3n (1080 x 2400 p\u00edxeles) para brindar una visibilidad v\u00edvida y detalles n\u00edtidos que son adecuados para leer peri\u00f3dicos, entretenimiento o juegos. Est\u00e1 equipado con un procesador Octa-core Qualcomm SM6375 Snapdragon 695 5G (6 nm) que le permite disfrutar de un rendimiento m\u00e1s r\u00e1pido y sin demoras. Viene con varias variaciones de memoria, hasta 128 GB y 8 GB de RAM (consulte la tabla de especificaciones). Le ayuda a realizar tareas multitarea con mayor fluidez, almacenar m\u00e1s documentos y descargar sus aplicaciones y juegos favoritos. El tel\u00e9fono cuenta con una configuraci\u00f3n de grupo de tres c\u00e1maras en la parte trasera. Incluye una c\u00e1mara principal de 108 MP, una c\u00e1mara macro de 2 MP y una c\u00e1mara de profundidad de 2 MP. En la parte frontal, el tel\u00e9fono est\u00e1 equipado con una c\u00e1mara de alta resoluci\u00f3n de hasta 16 MP, que admite una gama completa de funciones que te ayudan a tomar selfies o realizar videollamadas. Con una bater\u00eda de 5000 mAh y tecnolog\u00eda de carga r\u00e1pida de 67 W, OnePlus Nord CE 3 Lite acorta el tiempo para cargar completamente la bater\u00eda, asegurando que la energ\u00eda est\u00e9 siempre llena para el uso diario.<\/p>\n<\/div>\n<\/div>\n<\/div>","protected":false},"excerpt":{"rendered":"<ul>\n<li>C\u00e1mara: C\u00e1mara principal de 108 MP con EIS; Lente de asistencia de profundidad de 2MP y lente macro de 2MP; C\u00e1mara frontal (Selfie): 16MP.<\/li>\n<li>Modos de c\u00e1mara trasera: modo Hi-Res 108MP, zoom sin p\u00e9rdida 3x, fotograf\u00eda, v\u00eddeo, paisaje nocturno, experto, panor\u00e1mico, retrato, macro, lapso de tiempo, c\u00e1mara lenta, exposici\u00f3n prolongada, v\u00eddeo de doble vista, esc\u00e1ner de texto, 1080p\/720p @30fps, Zoom de v\u00eddeo: 1080P@30fps, 720P@30fps, C\u00e1mara lenta: 720P@120fps, Lapso de tiempo: 1080P@30fps, Compatibilidad con v\u00eddeo estable EIS.<\/li>\n<li>Pantalla: 6,72 pulgadas; Frecuencia de actualizaci\u00f3n adaptativa de 120 Hz; FHD+ (1080 \u00d7 2400), Color: 16,7 millones de colores, 391 ppp, Relaci\u00f3n de aspecto: 20:9, Brillo: 550 nits (t\u00edpico), 680 nits (HBM).<\/li>\n<li>Sistema operativo: Oxygen OS basado en Android 13.1.<\/li>\n<li>Procesador: Qualcomm Snapdragon 695 5G.<\/li>\n<li>Bater\u00eda y carga: 5000 mAh con SuperVOOC Endurance Edition de 67 W.<\/li>\n<\/ul>","protected":false},"featured_media":39251,"template":"","meta":[],"product_brand":[1364],"product_cat":[1295,1304],"product_tag":[477],"class_list":{"0":"post-39245","1":"product","2":"type-product","3":"status-publish","4":"has-post-thumbnail","6":"product_brand-oneplus","7":"product_cat-mobile-phone","8":"product_cat-oneplus-mobile-phone","9":"product_tag-phone","11":"first","12":"instock","13":"shipping-taxable","14":"product-type-simple"},"aioseo_notices":[],"aioseo_head":"\n\t\t<!-- All in One SEO Pro 4.5.9.2 - aioseo.com -->\n\t\t<meta name=\"description\" content=\"Camera: 108 MP Main Camera with EIS; 2MP depth-assist lens and 2MP macro lens; Front (Selfie) Camera: 16MP. Rear Camera Modes: Hi-Res 108MP Mode, 3x Lossless Zoom, Photo, Video, Nightscape, Expert, Panoramic, Portrait, Macro, Time-lapse, Slow-motion, Long exposure, Dual-view video, Text scanner, 1080p\/720p @30fps, Video zoom: 1080P@30fps, 720P@30fps, Slow motion: 720P@120fps, Time-lapse: 1080P@30fps, Stable video EIS support. Display: 6.72 Inch; 120Hz adaptive refresh rate; FHD+(1080 \u00d7 2400), Color: 16.7 million colors, 391 ppi, Aspect ratio: 20:9, Brightness: 550 nits (typical), 680 nits (HBM). Operating System: Oxygen OS based on Android 13.1. Processor: Qualcomm Snapdragon 695 5G. Battery &amp; Charging: 5000mAh with 67W SuperVOOC Endurance Edition.\" \/>\n\t\t<meta name=\"robots\" content=\"max-image-preview:large\" \/>\n\t\t<link rel=\"canonical\" href=\"https:\/\/www.rucashk.com\/es\/producto\/oneplus-nord-ce-3-lite-5g-mobile-phone\/\" \/>\n\t\t<meta name=\"generator\" content=\"All in One SEO Pro (AIOSEO) 4.5.9.2\" \/>\n\t\t<meta property=\"og:locale\" content=\"es_ES\" \/>\n\t\t<meta property=\"og:site_name\" content=\"Rucas - One-stop AIoT Distribution Worldwide\" \/>\n\t\t<meta property=\"og:type\" content=\"article\" \/>\n\t\t<meta property=\"og:title\" content=\"OnePlus Nord CE 3 Lite 5G Mobile Phone - Rucas - Wholesale and Distribution\" \/>\n\t\t<meta property=\"og:description\" content=\"Camera: 108 MP Main Camera with EIS; 2MP depth-assist lens and 2MP macro lens; Front (Selfie) Camera: 16MP. Rear Camera Modes: Hi-Res 108MP Mode, 3x Lossless Zoom, Photo, Video, Nightscape, Expert, Panoramic, Portrait, Macro, Time-lapse, Slow-motion, Long exposure, Dual-view video, Text scanner, 1080p\/720p @30fps, Video zoom: 1080P@30fps, 720P@30fps, Slow motion: 720P@120fps, Time-lapse: 1080P@30fps, Stable video EIS support. Display: 6.72 Inch; 120Hz adaptive refresh rate; FHD+(1080 \u00d7 2400), Color: 16.7 million colors, 391 ppi, Aspect ratio: 20:9, Brightness: 550 nits (typical), 680 nits (HBM). Operating System: Oxygen OS based on Android 13.1. Processor: Qualcomm Snapdragon 695 5G. Battery &amp; Charging: 5000mAh with 67W SuperVOOC Endurance Edition.\" \/>\n\t\t<meta property=\"og:url\" content=\"https:\/\/www.rucashk.com\/es\/producto\/oneplus-nord-ce-3-lite-5g-mobile-phone\/\" \/>\n\t\t<meta property=\"og:image\" content=\"https:\/\/www.rucashk.com\/wp-content\/uploads\/replace\/503b8e645f128a97ccde2b6290747646.jpeg\" \/>\n\t\t<meta property=\"og:image:secure_url\" content=\"https:\/\/www.rucashk.com\/wp-content\/uploads\/replace\/503b8e645f128a97ccde2b6290747646.jpeg\" \/>\n\t\t<meta property=\"og:image:width\" content=\"1456\" \/>\n\t\t<meta property=\"og:image:height\" content=\"816\" \/>\n\t\t<meta property=\"article:published_time\" content=\"2024-03-24T08:46:22+00:00\" \/>\n\t\t<meta property=\"article:modified_time\" content=\"2024-04-16T13:24:22+00:00\" \/>\n\t\t<meta name=\"twitter:card\" content=\"summary_large_image\" \/>\n\t\t<meta name=\"twitter:title\" content=\"OnePlus Nord CE 3 Lite 5G Mobile Phone - Rucas - Wholesale and Distribution\" \/>\n\t\t<meta name=\"twitter:description\" content=\"Camera: 108 MP Main Camera with EIS; 2MP depth-assist lens and 2MP macro lens; Front (Selfie) Camera: 16MP. Rear Camera Modes: Hi-Res 108MP Mode, 3x Lossless Zoom, Photo, Video, Nightscape, Expert, Panoramic, Portrait, Macro, Time-lapse, Slow-motion, Long exposure, Dual-view video, Text scanner, 1080p\/720p @30fps, Video zoom: 1080P@30fps, 720P@30fps, Slow motion: 720P@120fps, Time-lapse: 1080P@30fps, Stable video EIS support. Display: 6.72 Inch; 120Hz adaptive refresh rate; FHD+(1080 \u00d7 2400), Color: 16.7 million colors, 391 ppi, Aspect ratio: 20:9, Brightness: 550 nits (typical), 680 nits (HBM). Operating System: Oxygen OS based on Android 13.1. Processor: Qualcomm Snapdragon 695 5G. Battery &amp; Charging: 5000mAh with 67W SuperVOOC Endurance Edition.\" \/>\n\t\t<meta name=\"twitter:image\" content=\"https:\/\/www.rucashk.com\/wp-content\/uploads\/replace\/503b8e645f128a97ccde2b6290747646.jpeg\" \/>\n\t\t<script type=\"application\/ld+json\" class=\"aioseo-schema\">\n\t\t\t{\"@context\":\"https:\\\/\\\/schema.org\",\"@graph\":[{\"@type\":\"BreadcrumbList\",\"@id\":\"https:\\\/\\\/www.rucashk.com\\\/es\\\/producto\\\/oneplus-nord-ce-3-lite-5g-mobile-phone\\\/#breadcrumblist\",\"itemListElement\":[{\"@type\":\"ListItem\",\"@id\":\"https:\\\/\\\/www.rucashk.com\\\/es\\\/#listItem\",\"position\":1,\"name\":\"Home\",\"item\":\"https:\\\/\\\/www.rucashk.com\\\/es\\\/\",\"nextItem\":\"https:\\\/\\\/www.rucashk.com\\\/es\\\/producto\\\/oneplus-nord-ce-3-lite-5g-mobile-phone\\\/#listItem\"},{\"@type\":\"ListItem\",\"@id\":\"https:\\\/\\\/www.rucashk.com\\\/es\\\/producto\\\/oneplus-nord-ce-3-lite-5g-mobile-phone\\\/#listItem\",\"position\":2,\"name\":\"OnePlus Nord CE 3 Lite 5G Mobile Phone\",\"previousItem\":\"https:\\\/\\\/www.rucashk.com\\\/es\\\/#listItem\"}]},{\"@type\":\"Organization\",\"@id\":\"https:\\\/\\\/www.rucashk.com\\\/es\\\/#organization\",\"name\":\"Rucas\",\"url\":\"https:\\\/\\\/www.rucashk.com\\\/es\\\/\",\"logo\":{\"@type\":\"ImageObject\",\"url\":\"https:\\\/\\\/www.rucashk.com\\\/wp-content\\\/uploads\\\/2023\\\/12\\\/Rucas_campany_logo.png\",\"@id\":\"https:\\\/\\\/www.rucashk.com\\\/es\\\/producto\\\/oneplus-nord-ce-3-lite-5g-mobile-phone\\\/#organizationLogo\",\"width\":221,\"height\":65},\"image\":{\"@id\":\"https:\\\/\\\/www.rucashk.com\\\/es\\\/#organizationLogo\"}},{\"@type\":\"Person\",\"@id\":\"https:\\\/\\\/www.rucashk.com\\\/es\\\/author\\\/admin\\\/#author\",\"url\":\"https:\\\/\\\/www.rucashk.com\\\/es\\\/author\\\/admin\\\/\",\"name\":\"admin\",\"image\":{\"@type\":\"ImageObject\",\"@id\":\"https:\\\/\\\/www.rucashk.com\\\/es\\\/producto\\\/oneplus-nord-ce-3-lite-5g-mobile-phone\\\/#authorImage\",\"url\":\"https:\\\/\\\/secure.gravatar.com\\\/avatar\\\/b7c8925b09a27e72b30232f8ecaadbd5af0f70a38c78096863fe51b64f031c24?s=96&d=mm&r=g\",\"width\":96,\"height\":96,\"caption\":\"admin\"}},{\"@type\":\"WebPage\",\"@id\":\"https:\\\/\\\/www.rucashk.com\\\/es\\\/producto\\\/oneplus-nord-ce-3-lite-5g-mobile-phone\\\/#webpage\",\"url\":\"https:\\\/\\\/www.rucashk.com\\\/es\\\/producto\\\/oneplus-nord-ce-3-lite-5g-mobile-phone\\\/\",\"name\":\"OnePlus Nord CE 3 Lite 5G Mobile Phone - Rucas - Wholesale and Distribution\",\"description\":\"Camera: 108 MP Main Camera with EIS; 2MP depth-assist lens and 2MP macro lens; Front (Selfie) Camera: 16MP. Rear Camera Modes: Hi-Res 108MP Mode, 3x Lossless Zoom, Photo, Video, Nightscape, Expert, Panoramic, Portrait, Macro, Time-lapse, Slow-motion, Long exposure, Dual-view video, Text scanner, 1080p\\\/720p @30fps, Video zoom: 1080P@30fps, 720P@30fps, Slow motion: 720P@120fps, Time-lapse: 1080P@30fps, Stable video EIS support. Display: 6.72 Inch; 120Hz adaptive refresh rate; FHD+(1080 \\u00d7 2400), Color: 16.7 million colors, 391 ppi, Aspect ratio: 20:9, Brightness: 550 nits (typical), 680 nits (HBM). Operating System: Oxygen OS based on Android 13.1. Processor: Qualcomm Snapdragon 695 5G. Battery & Charging: 5000mAh with 67W SuperVOOC Endurance Edition.\",\"inLanguage\":\"es-ES\",\"isPartOf\":{\"@id\":\"https:\\\/\\\/www.rucashk.com\\\/es\\\/#website\"},\"breadcrumb\":{\"@id\":\"https:\\\/\\\/www.rucashk.com\\\/es\\\/producto\\\/oneplus-nord-ce-3-lite-5g-mobile-phone\\\/#breadcrumblist\"},\"author\":{\"@id\":\"https:\\\/\\\/www.rucashk.com\\\/es\\\/author\\\/admin\\\/#author\"},\"creator\":{\"@id\":\"https:\\\/\\\/www.rucashk.com\\\/es\\\/author\\\/admin\\\/#author\"},\"image\":{\"@type\":\"ImageObject\",\"url\":\"https:\\\/\\\/www.rucashk.com\\\/wp-content\\\/uploads\\\/2024\\\/03\\\/product-black.png\",\"@id\":\"https:\\\/\\\/www.rucashk.com\\\/es\\\/producto\\\/oneplus-nord-ce-3-lite-5g-mobile-phone\\\/#mainImage\",\"width\":1080,\"height\":1080},\"primaryImageOfPage\":{\"@id\":\"https:\\\/\\\/www.rucashk.com\\\/es\\\/producto\\\/oneplus-nord-ce-3-lite-5g-mobile-phone\\\/#mainImage\"},\"datePublished\":\"2024-03-24T08:46:22+00:00\",\"dateModified\":\"2024-04-16T13:24:22+00:00\"},{\"@type\":\"WebSite\",\"@id\":\"https:\\\/\\\/www.rucashk.com\\\/es\\\/#website\",\"url\":\"https:\\\/\\\/www.rucashk.com\\\/es\\\/\",\"name\":\"Rucas - Wholesale and distribution worldwide\",\"alternateName\":\"Rucas - One-stop AIoT Distribution Worldwide\",\"description\":\"One-stop AIoT Distribution Worldwide\",\"inLanguage\":\"es-ES\",\"publisher\":{\"@id\":\"https:\\\/\\\/www.rucashk.com\\\/es\\\/#organization\"}}]}\n\t\t<\/script>\n\t\t<!-- All in One SEO Pro -->\r\n\t\t<title>OnePlus Nord CE 3 Lite 5G Mobile Phone - Rucas - Wholesale and Distribution<\/title>\n\n","aioseo_head_json":{"title":"OnePlus Nord CE 3 Lite 5G Mobile Phone - Rucas - Wholesale and Distribution","description":"Camera: 108 MP Main Camera with EIS; 2MP depth-assist lens and 2MP macro lens; Front (Selfie) Camera: 16MP. Rear Camera Modes: Hi-Res 108MP Mode, 3x Lossless Zoom, Photo, Video, Nightscape, Expert, Panoramic, Portrait, Macro, Time-lapse, Slow-motion, Long exposure, Dual-view video, Text scanner, 1080p\/720p @30fps, Video zoom: 1080P@30fps, 720P@30fps, Slow motion: 720P@120fps, Time-lapse: 1080P@30fps, Stable video EIS support. Display: 6.72 Inch; 120Hz adaptive refresh rate; FHD+(1080 \u00d7 2400), Color: 16.7 million colors, 391 ppi, Aspect ratio: 20:9, Brightness: 550 nits (typical), 680 nits (HBM). Operating System: Oxygen OS based on Android 13.1. Processor: Qualcomm Snapdragon 695 5G. Battery & Charging: 5000mAh with 67W SuperVOOC Endurance Edition.","canonical_url":"https:\/\/www.rucashk.com\/es\/producto\/oneplus-nord-ce-3-lite-5g-mobile-phone\/","robots":"max-image-preview:large","keywords":"","webmasterTools":{"miscellaneous":""},"og:locale":"es_ES","og:site_name":"Rucas - One-stop AIoT Distribution Worldwide","og:type":"article","og:title":"OnePlus Nord CE 3 Lite 5G Mobile Phone - Rucas - Wholesale and Distribution","og:description":"Camera: 108 MP Main Camera with EIS; 2MP depth-assist lens and 2MP macro lens; Front (Selfie) Camera: 16MP. Rear Camera Modes: Hi-Res 108MP Mode, 3x Lossless Zoom, Photo, Video, Nightscape, Expert, Panoramic, Portrait, Macro, Time-lapse, Slow-motion, Long exposure, Dual-view video, Text scanner, 1080p\/720p @30fps, Video zoom: 1080P@30fps, 720P@30fps, Slow motion: 720P@120fps, Time-lapse: 1080P@30fps, Stable video EIS support. Display: 6.72 Inch; 120Hz adaptive refresh rate; FHD+(1080 \u00d7 2400), Color: 16.7 million colors, 391 ppi, Aspect ratio: 20:9, Brightness: 550 nits (typical), 680 nits (HBM). Operating System: Oxygen OS based on Android 13.1. Processor: Qualcomm Snapdragon 695 5G. Battery &amp; Charging: 5000mAh with 67W SuperVOOC Endurance Edition.","og:url":"https:\/\/www.rucashk.com\/es\/producto\/oneplus-nord-ce-3-lite-5g-mobile-phone\/","og:image":"https:\/\/www.rucashk.com\/wp-content\/uploads\/replace\/503b8e645f128a97ccde2b6290747646.jpeg","og:image:secure_url":"https:\/\/www.rucashk.com\/wp-content\/uploads\/replace\/503b8e645f128a97ccde2b6290747646.jpeg","og:image:width":1456,"og:image:height":816,"article:published_time":"2024-03-24T08:46:22+00:00","article:modified_time":"2024-04-16T13:24:22+00:00","twitter:card":"summary_large_image","twitter:title":"OnePlus Nord CE 3 Lite 5G Mobile Phone - Rucas - Wholesale and Distribution","twitter:description":"Camera: 108 MP Main Camera with EIS; 2MP depth-assist lens and 2MP macro lens; Front (Selfie) Camera: 16MP. Rear Camera Modes: Hi-Res 108MP Mode, 3x Lossless Zoom, Photo, Video, Nightscape, Expert, Panoramic, Portrait, Macro, Time-lapse, Slow-motion, Long exposure, Dual-view video, Text scanner, 1080p\/720p @30fps, Video zoom: 1080P@30fps, 720P@30fps, Slow motion: 720P@120fps, Time-lapse: 1080P@30fps, Stable video EIS support. Display: 6.72 Inch; 120Hz adaptive refresh rate; FHD+(1080 \u00d7 2400), Color: 16.7 million colors, 391 ppi, Aspect ratio: 20:9, Brightness: 550 nits (typical), 680 nits (HBM). Operating System: Oxygen OS based on Android 13.1. Processor: Qualcomm Snapdragon 695 5G. Battery &amp; Charging: 5000mAh with 67W SuperVOOC Endurance Edition.","twitter:image":"https:\/\/www.rucashk.com\/wp-content\/uploads\/replace\/503b8e645f128a97ccde2b6290747646.jpeg","schema":{"@context":"https:\/\/schema.org","@graph":[{"@type":"BreadcrumbList","@id":"https:\/\/www.rucashk.com\/es\/producto\/oneplus-nord-ce-3-lite-5g-mobile-phone\/#breadcrumblist","itemListElement":[{"@type":"ListItem","@id":"https:\/\/www.rucashk.com\/es\/#listItem","position":1,"name":"Home","item":"https:\/\/www.rucashk.com\/es\/","nextItem":"https:\/\/www.rucashk.com\/es\/producto\/oneplus-nord-ce-3-lite-5g-mobile-phone\/#listItem"},{"@type":"ListItem","@id":"https:\/\/www.rucashk.com\/es\/producto\/oneplus-nord-ce-3-lite-5g-mobile-phone\/#listItem","position":2,"name":"OnePlus Nord CE 3 Lite 5G Mobile Phone","previousItem":"https:\/\/www.rucashk.com\/es\/#listItem"}]},{"@type":"Organization","@id":"https:\/\/www.rucashk.com\/es\/#organization","name":"Rucas","url":"https:\/\/www.rucashk.com\/es\/","logo":{"@type":"ImageObject","url":"https:\/\/www.rucashk.com\/wp-content\/uploads\/2023\/12\/Rucas_campany_logo.png","@id":"https:\/\/www.rucashk.com\/es\/producto\/oneplus-nord-ce-3-lite-5g-mobile-phone\/#organizationLogo","width":221,"height":65},"image":{"@id":"https:\/\/www.rucashk.com\/es\/#organizationLogo"}},{"@type":"Person","@id":"https:\/\/www.rucashk.com\/es\/author\/admin\/#author","url":"https:\/\/www.rucashk.com\/es\/author\/admin\/","name":"admin","image":{"@type":"ImageObject","@id":"https:\/\/www.rucashk.com\/es\/producto\/oneplus-nord-ce-3-lite-5g-mobile-phone\/#authorImage","url":"https:\/\/secure.gravatar.com\/avatar\/b7c8925b09a27e72b30232f8ecaadbd5af0f70a38c78096863fe51b64f031c24?s=96&d=mm&r=g","width":96,"height":96,"caption":"admin"}},{"@type":"WebPage","@id":"https:\/\/www.rucashk.com\/es\/producto\/oneplus-nord-ce-3-lite-5g-mobile-phone\/#webpage","url":"https:\/\/www.rucashk.com\/es\/producto\/oneplus-nord-ce-3-lite-5g-mobile-phone\/","name":"OnePlus Nord CE 3 Lite 5G Mobile Phone - Rucas - Wholesale and Distribution","description":"Camera: 108 MP Main Camera with EIS; 2MP depth-assist lens and 2MP macro lens; Front (Selfie) Camera: 16MP. Rear Camera Modes: Hi-Res 108MP Mode, 3x Lossless Zoom, Photo, Video, Nightscape, Expert, Panoramic, Portrait, Macro, Time-lapse, Slow-motion, Long exposure, Dual-view video, Text scanner, 1080p\/720p @30fps, Video zoom: 1080P@30fps, 720P@30fps, Slow motion: 720P@120fps, Time-lapse: 1080P@30fps, Stable video EIS support. Display: 6.72 Inch; 120Hz adaptive refresh rate; FHD+(1080 \u00d7 2400), Color: 16.7 million colors, 391 ppi, Aspect ratio: 20:9, Brightness: 550 nits (typical), 680 nits (HBM). Operating System: Oxygen OS based on Android 13.1. Processor: Qualcomm Snapdragon 695 5G. Battery & Charging: 5000mAh with 67W SuperVOOC Endurance Edition.","inLanguage":"es-ES","isPartOf":{"@id":"https:\/\/www.rucashk.com\/es\/#website"},"breadcrumb":{"@id":"https:\/\/www.rucashk.com\/es\/producto\/oneplus-nord-ce-3-lite-5g-mobile-phone\/#breadcrumblist"},"author":{"@id":"https:\/\/www.rucashk.com\/es\/author\/admin\/#author"},"creator":{"@id":"https:\/\/www.rucashk.com\/es\/author\/admin\/#author"},"image":{"@type":"ImageObject","url":"https:\/\/www.rucashk.com\/wp-content\/uploads\/2024\/03\/product-black.png","@id":"https:\/\/www.rucashk.com\/es\/producto\/oneplus-nord-ce-3-lite-5g-mobile-phone\/#mainImage","width":1080,"height":1080},"primaryImageOfPage":{"@id":"https:\/\/www.rucashk.com\/es\/producto\/oneplus-nord-ce-3-lite-5g-mobile-phone\/#mainImage"},"datePublished":"2024-03-24T08:46:22+00:00","dateModified":"2024-04-16T13:24:22+00:00"},{"@type":"WebSite","@id":"https:\/\/www.rucashk.com\/es\/#website","url":"https:\/\/www.rucashk.com\/es\/","name":"Rucas - Wholesale and distribution worldwide","alternateName":"Rucas - One-stop AIoT Distribution Worldwide","description":"One-stop AIoT Distribution Worldwide","inLanguage":"es-ES","publisher":{"@id":"https:\/\/www.rucashk.com\/es\/#organization"}}]}},"aioseo_meta_data":{"post_id":"39245","title":null,"description":null,"keywords":null,"keyphrases":null,"primary_term":null,"canonical_url":null,"og_title":null,"og_description":null,"og_object_type":"default","og_image_type":"default","og_image_url":null,"og_image_width":null,"og_image_height":null,"og_image_custom_url":null,"og_image_custom_fields":null,"og_video":null,"og_custom_url":null,"og_article_section":null,"og_article_tags":null,"twitter_use_og":false,"twitter_card":"default","twitter_image_type":"default","twitter_image_url":null,"twitter_image_custom_url":null,"twitter_image_custom_fields":null,"twitter_title":null,"twitter_description":null,"schema":{"blockGraphs":[],"customGraphs":[],"default":{"data":{"Article":[],"Course":[],"Dataset":[],"FAQPage":[],"Movie":[],"Person":[],"Product":[],"Recipe":[],"Service":[],"SoftwareApplication":[],"WebPage":[]},"graphName":"","isEnabled":true},"graphs":[]},"schema_type":"default","schema_type_options":null,"pillar_content":false,"robots_default":true,"robots_noindex":false,"robots_noarchive":false,"robots_nosnippet":false,"robots_nofollow":false,"robots_noimageindex":false,"robots_noodp":false,"robots_notranslate":false,"robots_max_snippet":null,"robots_max_videopreview":null,"robots_max_imagepreview":"large","priority":null,"frequency":null,"local_seo":null,"breadcrumb_settings":null,"limit_modified_date":false,"created":"2024-04-11 01:57:23","updated":"2025-06-22 18:48:55"},"aioseo_breadcrumb":"<div class=\"aioseo-breadcrumbs\"><span class=\"aioseo-breadcrumb\">\n\t<a href=\"https:\/\/www.rucashk.com\/es\" title=\"Home\">Home<\/a>\n<\/span><span class=\"aioseo-breadcrumb-separator\">&raquo;<\/span><span class=\"aioseo-breadcrumb\">\n\t<a href=\"https:\/\/www.rucashk.com\/es\/products\/\" title=\"Productos\">Productos<\/a>\n<\/span><span class=\"aioseo-breadcrumb-separator\">&raquo;<\/span><span class=\"aioseo-breadcrumb\">\n\t<a href=\"https:\/\/www.rucashk.com\/es\/marca\/oneplus\/\" title=\"Oneplus\">Oneplus<\/a>\n<\/span><span class=\"aioseo-breadcrumb-separator\">&raquo;<\/span><span class=\"aioseo-breadcrumb\">\n\tOnePlus Nord CE 3 Lite 5G Mobile Phone\n<\/span><\/div>","aioseo_breadcrumb_json":[{"label":"Home","link":"https:\/\/www.rucashk.com\/es"},{"label":"Productos","link":"https:\/\/www.rucashk.com\/es\/products\/"},{"label":"Oneplus","link":"https:\/\/www.rucashk.com\/es\/marca\/oneplus\/"},{"label":"OnePlus Nord CE 3 Lite 5G Mobile Phone","link":"https:\/\/www.rucashk.com\/es\/producto\/oneplus-nord-ce-3-lite-5g-mobile-phone\/"}],"_links":{"self":[{"href":"https:\/\/www.rucashk.com\/es\/wp-json\/wp\/v2\/product\/39245","targetHints":{"allow":["GET"]}}],"collection":[{"href":"https:\/\/www.rucashk.com\/es\/wp-json\/wp\/v2\/product"}],"about":[{"href":"https:\/\/www.rucashk.com\/es\/wp-json\/wp\/v2\/types\/product"}],"wp:featuredmedia":[{"embeddable":true,"href":"https:\/\/www.rucashk.com\/es\/wp-json\/wp\/v2\/media\/39251"}],"wp:attachment":[{"href":"https:\/\/www.rucashk.com\/es\/wp-json\/wp\/v2\/media?parent=39245"}],"wp:term":[{"taxonomy":"product_brand","embeddable":true,"href":"https:\/\/www.rucashk.com\/es\/wp-json\/wp\/v2\/product_brand?post=39245"},{"taxonomy":"product_cat","embeddable":true,"href":"https:\/\/www.rucashk.com\/es\/wp-json\/wp\/v2\/product_cat?post=39245"},{"taxonomy":"product_tag","embeddable":true,"href":"https:\/\/www.rucashk.com\/es\/wp-json\/wp\/v2\/product_tag?post=39245"}],"curies":[{"name":"wp","href":"https:\/\/api.w.org\/{rel}","templated":true}]}}