{"id":39087,"date":"2024-03-24T04:16:35","date_gmt":"2024-03-24T04:16:35","guid":{"rendered":"http:\/\/rucashk.com\/?post_type=product&#038;p=39087"},"modified":"2024-03-24T04:16:36","modified_gmt":"2024-03-24T04:16:36","slug":"oneplus-ace-android-mobile-phone","status":"publish","type":"product","link":"https:\/\/www.rucashk.com\/es\/producto\/oneplus-ace-android-mobile-phone\/","title":{"rendered":"Tel\u00e9fono m\u00f3vil Android OnePlus Ace"},"content":{"rendered":"<p><iframe title=\"OnePlus Ace - Aspecto oficial\" src=\"https:\/\/www.youtube.com\/embed\/NBDg7XWzvX4\" width=\"1280\" height=\"720\" frameborder=\"0\" allowfullscreen=\"allowfullscreen\"><\/iframe><\/p>\n<p>El OnePlus Ace tiene una pantalla Fluid AMOLED de 6,7 pulgadas que ofrece 120 Hz, HDR10+ y una resoluci\u00f3n de 1080 x 2412 p\u00edxeles. El tel\u00e9fono funciona con la plataforma m\u00f3vil MediaTek Dimensity 8100-Max (5 nm) con Mali-G610 MC6 y es compatible con 5G. OnePlus 10R tiene una c\u00e1mara trasera OIS de 50 MP, c\u00e1mara (ultra ancha) de 8 MP, f\/2.2, 15 mm, 120\u02da, c\u00e1mara (macro) de 2 MP, f\/2.4 y una c\u00e1mara frontal de 16 MP. El tel\u00e9fono est\u00e1 disponible en Kenia en los colores Sierra Black y Forest Green.<\/p>\n<p>Dise\u00f1o<br \/>\nEl OnePlus Ace 5G viene con una pantalla OLED fluida de 6,7 pulgadas y 120 Hz con un dise\u00f1o de orificio perforado alineado en el centro para la c\u00e1mara selfie. tiene biseles uniformes y un ment\u00f3n muy estrecho, con una relaci\u00f3n pantalla-cuerpo de 87,6%. Tiene una relaci\u00f3n de aspecto de 20:9 y es compatible con HD10+, lo que hace que consumir medios sea un aut\u00e9ntico placer. Tiene un marco y una parte trasera de pl\u00e1stico y un panel frontal de cristal Corning Gorilla 5. Es muy brillante y v\u00edvido, con un m\u00e1ximo de 950 nits. Tiene una clasificaci\u00f3n IP53 de protecci\u00f3n contra el polvo y el agua, por lo que seguramente es a prueba de salpicaduras. Desafortunadamente, pierde el conector para auriculares. Tiene un sensor de huellas dactilares r\u00e1pido debajo de la pantalla. Admite altavoces est\u00e9reo, lo que ofrece un sonido excelente al reproducir medios.<\/p>\n<p>Actuaci\u00f3n<br \/>\nEl OnePlus Ace 5G trae calor con el \u00faltimo buque insignia Mediatek Dimensity 8100-Max, de la gama de chips 5G insignia de Mediatek de pr\u00f3xima generaci\u00f3n, lo que lo hace muy r\u00e1pido y excelente para juegos. Tiene una CPU Octa-core de 2,85 Ghz con opciones de almacenamiento de 8\/12 GB de RAM y 128\/256\/512 GB de ROM. Tambi\u00e9n tiene una opci\u00f3n de memoria ampliable dedicada. Junto con la suave pantalla AMOLED de 90 Hz, que ejecuta el \u00faltimo Android 12 con la m\u00e1scara OxygenOS 12.1 en la parte superior, el rendimiento se siente muy r\u00e1pido y premium. OxygenOS ha sido l\u00edder en la industria durante a\u00f1os, siendo el siguiente sistema operativo m\u00e1s cercano a Android despu\u00e9s de la m\u00e1scara Pixel. Todo se siente r\u00e1pido, fluido y rico en color.<\/p>\n<p>C\u00e1maras<br \/>\nEl OnePlus Ace 5G tiene una disposici\u00f3n de c\u00e1mara triple en la parte posterior. Viene con un excelente sensor primario de 50 MP, con combinaci\u00f3n de im\u00e1genes de 12,5 MP para esas excelentes fotograf\u00edas a la luz del d\u00eda. Tambi\u00e9n hay un ultra gran angular adicional de 8 MP con un campo de visi\u00f3n de 120\u02da, para fotograf\u00edas de grupos y paisajes, y un macro de 2 MP para fotograf\u00edas de primeros planos. El video puede admitir videos de hasta 4K a 30\/60 fps y 1080p a 30\/60\/120\/240 fps con soporte para HDR autom\u00e1tico y asistencia de estabilidad gyro-EIS m\u00e1s OIS. Tiene una c\u00e1mara para selfies con un generoso sensor de gran angular de 16 MP, capaz de grabar v\u00eddeos de 1080p a 30 fps con giroscopio EIS. Los selfies y v\u00eddeos son geniales y est\u00e1n bien expuestos.<\/p>\n<p>Otras caracter\u00edsticas<br \/>\nEl OnePlus Ace 5G tiene una excelente carga r\u00e1pida de 150 W, que puede cargar el tel\u00e9fono a 50% en 5 minutos. Eso adem\u00e1s del hecho de que tambi\u00e9n viene con una enorme bater\u00eda Li-Po de 4500 mAh no extra\u00edble. Incluso con una pantalla de alta frecuencia de actualizaci\u00f3n, este deber\u00eda ser un dispositivo que vale m\u00e1s que un d\u00eda. Tambi\u00e9n hay carga inal\u00e1mbrica y carga inversa por cable de potencia no especificada. Admite NFC para pagos sin contacto.<\/p>","protected":false},"excerpt":{"rendered":"<ul>\n<li>El dispositivo dual SIM (Nano) funciona con Android 12 respaldado por ColorOS 12.1<\/li>\n<li>Est\u00e1 alimentado por el SoC MediaTek Dimensity 8100-Max de ocho n\u00facleos, con hasta 12 GB de RAM LPDDR5<\/li>\n<li>OnePlus Ace Racing Edition cuenta con hasta 256 GB de almacenamiento UFS 3.1<\/li>\n<li>6.59-inch full-HD+ (1,080&#215;2,412 pixels) display with up to 120Hz refresh rate, 240Hz touch sampling rate<\/li>\n<li>El tel\u00e9fono inteligente cuenta con una configuraci\u00f3n de c\u00e1mara trasera triple con una c\u00e1mara principal de 64MP, una c\u00e1mara ultra ancha de 8MP y una c\u00e1mara macro de 2MP.<\/li>\n<\/ul>","protected":false},"featured_media":39232,"template":"","meta":[],"product_brand":[1364],"product_cat":[1295,1304],"product_tag":[477],"class_list":{"0":"post-39087","1":"product","2":"type-product","3":"status-publish","4":"has-post-thumbnail","6":"product_brand-oneplus","7":"product_cat-mobile-phone","8":"product_cat-oneplus-mobile-phone","9":"product_tag-phone","11":"first","12":"instock","13":"shipping-taxable","14":"product-type-simple"},"aioseo_notices":[],"aioseo_head":"\n\t\t<!-- All in One SEO Pro 4.5.9.2 - aioseo.com -->\n\t\t<meta name=\"description\" content=\"The dual-SIM(Nano) device runs on Android 12 backed by ColorOS 12.1 It is powered by the octa-core MediaTek Dimensity 8100-Max SoC, with up to 12GB of LPDDR5 RAM The OnePlus Ace Racing Edition features up to 256GB of UFS 3.1 storage 6.59-inch full-HD+ (1,080x2,412 pixels) display with up to 120Hz refresh rate, 240Hz touch sampling rate The smartphone features a triple-rear camera setup with a 64MP primary camera, an 8MP ultra-wide shooter and a 2MP macro camera.\" \/>\n\t\t<meta name=\"robots\" content=\"max-image-preview:large\" \/>\n\t\t<link rel=\"canonical\" href=\"https:\/\/www.rucashk.com\/es\/producto\/oneplus-ace-android-mobile-phone\/\" \/>\n\t\t<meta name=\"generator\" content=\"All in One SEO Pro (AIOSEO) 4.5.9.2\" \/>\n\t\t<meta property=\"og:locale\" content=\"es_ES\" \/>\n\t\t<meta property=\"og:site_name\" content=\"Rucas - One-stop AIoT Distribution Worldwide\" \/>\n\t\t<meta property=\"og:type\" content=\"article\" \/>\n\t\t<meta property=\"og:title\" content=\"OnePlus Ace Android Mobile Phone - Rucas - Wholesale and Distribution\" \/>\n\t\t<meta property=\"og:description\" content=\"The dual-SIM(Nano) device runs on Android 12 backed by ColorOS 12.1 It is powered by the octa-core MediaTek Dimensity 8100-Max SoC, with up to 12GB of LPDDR5 RAM The OnePlus Ace Racing Edition features up to 256GB of UFS 3.1 storage 6.59-inch full-HD+ (1,080x2,412 pixels) display with up to 120Hz refresh rate, 240Hz touch sampling rate The smartphone features a triple-rear camera setup with a 64MP primary camera, an 8MP ultra-wide shooter and a 2MP macro camera.\" \/>\n\t\t<meta property=\"og:url\" content=\"https:\/\/www.rucashk.com\/es\/producto\/oneplus-ace-android-mobile-phone\/\" \/>\n\t\t<meta property=\"og:image\" content=\"https:\/\/www.rucashk.com\/wp-content\/uploads\/replace\/503b8e645f128a97ccde2b6290747646.jpeg\" \/>\n\t\t<meta property=\"og:image:secure_url\" content=\"https:\/\/www.rucashk.com\/wp-content\/uploads\/replace\/503b8e645f128a97ccde2b6290747646.jpeg\" \/>\n\t\t<meta property=\"og:image:width\" content=\"1456\" \/>\n\t\t<meta property=\"og:image:height\" content=\"816\" \/>\n\t\t<meta property=\"article:published_time\" content=\"2024-03-24T04:16:35+00:00\" \/>\n\t\t<meta property=\"article:modified_time\" content=\"2024-03-24T04:16:36+00:00\" \/>\n\t\t<meta name=\"twitter:card\" content=\"summary_large_image\" \/>\n\t\t<meta name=\"twitter:title\" content=\"OnePlus Ace Android Mobile Phone - Rucas - Wholesale and Distribution\" \/>\n\t\t<meta name=\"twitter:description\" content=\"The dual-SIM(Nano) device runs on Android 12 backed by ColorOS 12.1 It is powered by the octa-core MediaTek Dimensity 8100-Max SoC, with up to 12GB of LPDDR5 RAM The OnePlus Ace Racing Edition features up to 256GB of UFS 3.1 storage 6.59-inch full-HD+ (1,080x2,412 pixels) display with up to 120Hz refresh rate, 240Hz touch sampling rate The smartphone features a triple-rear camera setup with a 64MP primary camera, an 8MP ultra-wide shooter and a 2MP macro camera.\" \/>\n\t\t<meta name=\"twitter:image\" content=\"https:\/\/www.rucashk.com\/wp-content\/uploads\/replace\/503b8e645f128a97ccde2b6290747646.jpeg\" \/>\n\t\t<script type=\"application\/ld+json\" class=\"aioseo-schema\">\n\t\t\t{\"@context\":\"https:\\\/\\\/schema.org\",\"@graph\":[{\"@type\":\"BreadcrumbList\",\"@id\":\"https:\\\/\\\/www.rucashk.com\\\/es\\\/producto\\\/oneplus-ace-android-mobile-phone\\\/#breadcrumblist\",\"itemListElement\":[{\"@type\":\"ListItem\",\"@id\":\"https:\\\/\\\/www.rucashk.com\\\/es\\\/#listItem\",\"position\":1,\"name\":\"Home\",\"item\":\"https:\\\/\\\/www.rucashk.com\\\/es\\\/\",\"nextItem\":\"https:\\\/\\\/www.rucashk.com\\\/es\\\/producto\\\/oneplus-ace-android-mobile-phone\\\/#listItem\"},{\"@type\":\"ListItem\",\"@id\":\"https:\\\/\\\/www.rucashk.com\\\/es\\\/producto\\\/oneplus-ace-android-mobile-phone\\\/#listItem\",\"position\":2,\"name\":\"OnePlus Ace Android Mobile Phone\",\"previousItem\":\"https:\\\/\\\/www.rucashk.com\\\/es\\\/#listItem\"}]},{\"@type\":\"Organization\",\"@id\":\"https:\\\/\\\/www.rucashk.com\\\/es\\\/#organization\",\"name\":\"Rucas\",\"url\":\"https:\\\/\\\/www.rucashk.com\\\/es\\\/\",\"logo\":{\"@type\":\"ImageObject\",\"url\":\"https:\\\/\\\/www.rucashk.com\\\/wp-content\\\/uploads\\\/2023\\\/12\\\/Rucas_campany_logo.png\",\"@id\":\"https:\\\/\\\/www.rucashk.com\\\/es\\\/producto\\\/oneplus-ace-android-mobile-phone\\\/#organizationLogo\",\"width\":221,\"height\":65},\"image\":{\"@id\":\"https:\\\/\\\/www.rucashk.com\\\/es\\\/#organizationLogo\"}},{\"@type\":\"Person\",\"@id\":\"https:\\\/\\\/www.rucashk.com\\\/es\\\/author\\\/admin\\\/#author\",\"url\":\"https:\\\/\\\/www.rucashk.com\\\/es\\\/author\\\/admin\\\/\",\"name\":\"admin\",\"image\":{\"@type\":\"ImageObject\",\"@id\":\"https:\\\/\\\/www.rucashk.com\\\/es\\\/producto\\\/oneplus-ace-android-mobile-phone\\\/#authorImage\",\"url\":\"https:\\\/\\\/secure.gravatar.com\\\/avatar\\\/b7c8925b09a27e72b30232f8ecaadbd5af0f70a38c78096863fe51b64f031c24?s=96&d=mm&r=g\",\"width\":96,\"height\":96,\"caption\":\"admin\"}},{\"@type\":\"WebPage\",\"@id\":\"https:\\\/\\\/www.rucashk.com\\\/es\\\/producto\\\/oneplus-ace-android-mobile-phone\\\/#webpage\",\"url\":\"https:\\\/\\\/www.rucashk.com\\\/es\\\/producto\\\/oneplus-ace-android-mobile-phone\\\/\",\"name\":\"OnePlus Ace Android Mobile Phone - Rucas - Wholesale and Distribution\",\"description\":\"The dual-SIM(Nano) device runs on Android 12 backed by ColorOS 12.1 It is powered by the octa-core MediaTek Dimensity 8100-Max SoC, with up to 12GB of LPDDR5 RAM The OnePlus Ace Racing Edition features up to 256GB of UFS 3.1 storage 6.59-inch full-HD+ (1,080x2,412 pixels) display with up to 120Hz refresh rate, 240Hz touch sampling rate The smartphone features a triple-rear camera setup with a 64MP primary camera, an 8MP ultra-wide shooter and a 2MP macro camera.\",\"inLanguage\":\"es-ES\",\"isPartOf\":{\"@id\":\"https:\\\/\\\/www.rucashk.com\\\/es\\\/#website\"},\"breadcrumb\":{\"@id\":\"https:\\\/\\\/www.rucashk.com\\\/es\\\/producto\\\/oneplus-ace-android-mobile-phone\\\/#breadcrumblist\"},\"author\":{\"@id\":\"https:\\\/\\\/www.rucashk.com\\\/es\\\/author\\\/admin\\\/#author\"},\"creator\":{\"@id\":\"https:\\\/\\\/www.rucashk.com\\\/es\\\/author\\\/admin\\\/#author\"},\"image\":{\"@type\":\"ImageObject\",\"url\":\"https:\\\/\\\/www.rucashk.com\\\/wp-content\\\/uploads\\\/2024\\\/03\\\/9bba6b45-10c7-49b6-9614-4199b7c54b84.jpg\",\"@id\":\"https:\\\/\\\/www.rucashk.com\\\/es\\\/producto\\\/oneplus-ace-android-mobile-phone\\\/#mainImage\",\"width\":800,\"height\":800},\"primaryImageOfPage\":{\"@id\":\"https:\\\/\\\/www.rucashk.com\\\/es\\\/producto\\\/oneplus-ace-android-mobile-phone\\\/#mainImage\"},\"datePublished\":\"2024-03-24T04:16:35+00:00\",\"dateModified\":\"2024-03-24T04:16:36+00:00\"},{\"@type\":\"WebSite\",\"@id\":\"https:\\\/\\\/www.rucashk.com\\\/es\\\/#website\",\"url\":\"https:\\\/\\\/www.rucashk.com\\\/es\\\/\",\"name\":\"Rucas - Wholesale and distribution worldwide\",\"alternateName\":\"Rucas - One-stop AIoT Distribution Worldwide\",\"description\":\"One-stop AIoT Distribution Worldwide\",\"inLanguage\":\"es-ES\",\"publisher\":{\"@id\":\"https:\\\/\\\/www.rucashk.com\\\/es\\\/#organization\"}}]}\n\t\t<\/script>\n\t\t<!-- All in One SEO Pro -->\r\n\t\t<title>OnePlus Ace Android Mobile Phone - Rucas - Wholesale and Distribution<\/title>\n\n","aioseo_head_json":{"title":"OnePlus Ace Android Mobile Phone - Rucas - Wholesale and Distribution","description":"The dual-SIM(Nano) device runs on Android 12 backed by ColorOS 12.1 It is powered by the octa-core MediaTek Dimensity 8100-Max SoC, with up to 12GB of LPDDR5 RAM The OnePlus Ace Racing Edition features up to 256GB of UFS 3.1 storage 6.59-inch full-HD+ (1,080x2,412 pixels) display with up to 120Hz refresh rate, 240Hz touch sampling rate The smartphone features a triple-rear camera setup with a 64MP primary camera, an 8MP ultra-wide shooter and a 2MP macro camera.","canonical_url":"https:\/\/www.rucashk.com\/es\/producto\/oneplus-ace-android-mobile-phone\/","robots":"max-image-preview:large","keywords":"","webmasterTools":{"miscellaneous":""},"og:locale":"es_ES","og:site_name":"Rucas - One-stop AIoT Distribution Worldwide","og:type":"article","og:title":"OnePlus Ace Android Mobile Phone - Rucas - Wholesale and Distribution","og:description":"The dual-SIM(Nano) device runs on Android 12 backed by ColorOS 12.1 It is powered by the octa-core MediaTek Dimensity 8100-Max SoC, with up to 12GB of LPDDR5 RAM The OnePlus Ace Racing Edition features up to 256GB of UFS 3.1 storage 6.59-inch full-HD+ (1,080x2,412 pixels) display with up to 120Hz refresh rate, 240Hz touch sampling rate The smartphone features a triple-rear camera setup with a 64MP primary camera, an 8MP ultra-wide shooter and a 2MP macro camera.","og:url":"https:\/\/www.rucashk.com\/es\/producto\/oneplus-ace-android-mobile-phone\/","og:image":"https:\/\/www.rucashk.com\/wp-content\/uploads\/replace\/503b8e645f128a97ccde2b6290747646.jpeg","og:image:secure_url":"https:\/\/www.rucashk.com\/wp-content\/uploads\/replace\/503b8e645f128a97ccde2b6290747646.jpeg","og:image:width":1456,"og:image:height":816,"article:published_time":"2024-03-24T04:16:35+00:00","article:modified_time":"2024-03-24T04:16:36+00:00","twitter:card":"summary_large_image","twitter:title":"OnePlus Ace Android Mobile Phone - Rucas - Wholesale and Distribution","twitter:description":"The dual-SIM(Nano) device runs on Android 12 backed by ColorOS 12.1 It is powered by the octa-core MediaTek Dimensity 8100-Max SoC, with up to 12GB of LPDDR5 RAM The OnePlus Ace Racing Edition features up to 256GB of UFS 3.1 storage 6.59-inch full-HD+ (1,080x2,412 pixels) display with up to 120Hz refresh rate, 240Hz touch sampling rate The smartphone features a triple-rear camera setup with a 64MP primary camera, an 8MP ultra-wide shooter and a 2MP macro camera.","twitter:image":"https:\/\/www.rucashk.com\/wp-content\/uploads\/replace\/503b8e645f128a97ccde2b6290747646.jpeg","schema":{"@context":"https:\/\/schema.org","@graph":[{"@type":"BreadcrumbList","@id":"https:\/\/www.rucashk.com\/es\/producto\/oneplus-ace-android-mobile-phone\/#breadcrumblist","itemListElement":[{"@type":"ListItem","@id":"https:\/\/www.rucashk.com\/es\/#listItem","position":1,"name":"Home","item":"https:\/\/www.rucashk.com\/es\/","nextItem":"https:\/\/www.rucashk.com\/es\/producto\/oneplus-ace-android-mobile-phone\/#listItem"},{"@type":"ListItem","@id":"https:\/\/www.rucashk.com\/es\/producto\/oneplus-ace-android-mobile-phone\/#listItem","position":2,"name":"OnePlus Ace Android Mobile Phone","previousItem":"https:\/\/www.rucashk.com\/es\/#listItem"}]},{"@type":"Organization","@id":"https:\/\/www.rucashk.com\/es\/#organization","name":"Rucas","url":"https:\/\/www.rucashk.com\/es\/","logo":{"@type":"ImageObject","url":"https:\/\/www.rucashk.com\/wp-content\/uploads\/2023\/12\/Rucas_campany_logo.png","@id":"https:\/\/www.rucashk.com\/es\/producto\/oneplus-ace-android-mobile-phone\/#organizationLogo","width":221,"height":65},"image":{"@id":"https:\/\/www.rucashk.com\/es\/#organizationLogo"}},{"@type":"Person","@id":"https:\/\/www.rucashk.com\/es\/author\/admin\/#author","url":"https:\/\/www.rucashk.com\/es\/author\/admin\/","name":"admin","image":{"@type":"ImageObject","@id":"https:\/\/www.rucashk.com\/es\/producto\/oneplus-ace-android-mobile-phone\/#authorImage","url":"https:\/\/secure.gravatar.com\/avatar\/b7c8925b09a27e72b30232f8ecaadbd5af0f70a38c78096863fe51b64f031c24?s=96&d=mm&r=g","width":96,"height":96,"caption":"admin"}},{"@type":"WebPage","@id":"https:\/\/www.rucashk.com\/es\/producto\/oneplus-ace-android-mobile-phone\/#webpage","url":"https:\/\/www.rucashk.com\/es\/producto\/oneplus-ace-android-mobile-phone\/","name":"OnePlus Ace Android Mobile Phone - Rucas - Wholesale and Distribution","description":"The dual-SIM(Nano) device runs on Android 12 backed by ColorOS 12.1 It is powered by the octa-core MediaTek Dimensity 8100-Max SoC, with up to 12GB of LPDDR5 RAM The OnePlus Ace Racing Edition features up to 256GB of UFS 3.1 storage 6.59-inch full-HD+ (1,080x2,412 pixels) display with up to 120Hz refresh rate, 240Hz touch sampling rate The smartphone features a triple-rear camera setup with a 64MP primary camera, an 8MP ultra-wide shooter and a 2MP macro camera.","inLanguage":"es-ES","isPartOf":{"@id":"https:\/\/www.rucashk.com\/es\/#website"},"breadcrumb":{"@id":"https:\/\/www.rucashk.com\/es\/producto\/oneplus-ace-android-mobile-phone\/#breadcrumblist"},"author":{"@id":"https:\/\/www.rucashk.com\/es\/author\/admin\/#author"},"creator":{"@id":"https:\/\/www.rucashk.com\/es\/author\/admin\/#author"},"image":{"@type":"ImageObject","url":"https:\/\/www.rucashk.com\/wp-content\/uploads\/2024\/03\/9bba6b45-10c7-49b6-9614-4199b7c54b84.jpg","@id":"https:\/\/www.rucashk.com\/es\/producto\/oneplus-ace-android-mobile-phone\/#mainImage","width":800,"height":800},"primaryImageOfPage":{"@id":"https:\/\/www.rucashk.com\/es\/producto\/oneplus-ace-android-mobile-phone\/#mainImage"},"datePublished":"2024-03-24T04:16:35+00:00","dateModified":"2024-03-24T04:16:36+00:00"},{"@type":"WebSite","@id":"https:\/\/www.rucashk.com\/es\/#website","url":"https:\/\/www.rucashk.com\/es\/","name":"Rucas - Wholesale and distribution worldwide","alternateName":"Rucas - One-stop AIoT Distribution Worldwide","description":"One-stop AIoT Distribution Worldwide","inLanguage":"es-ES","publisher":{"@id":"https:\/\/www.rucashk.com\/es\/#organization"}}]}},"aioseo_meta_data":{"post_id":"39087","title":null,"description":null,"keywords":null,"keyphrases":null,"primary_term":null,"canonical_url":null,"og_title":null,"og_description":null,"og_object_type":"default","og_image_type":"default","og_image_url":null,"og_image_width":null,"og_image_height":null,"og_image_custom_url":null,"og_image_custom_fields":null,"og_video":null,"og_custom_url":null,"og_article_section":null,"og_article_tags":null,"twitter_use_og":false,"twitter_card":"default","twitter_image_type":"default","twitter_image_url":null,"twitter_image_custom_url":null,"twitter_image_custom_fields":null,"twitter_title":null,"twitter_description":null,"schema":{"blockGraphs":[],"customGraphs":[],"default":{"data":{"Article":[],"Course":[],"Dataset":[],"FAQPage":[],"Movie":[],"Person":[],"Product":[],"Recipe":[],"Service":[],"SoftwareApplication":[],"WebPage":[]},"graphName":"","isEnabled":true},"graphs":[]},"schema_type":"default","schema_type_options":null,"pillar_content":false,"robots_default":true,"robots_noindex":false,"robots_noarchive":false,"robots_nosnippet":false,"robots_nofollow":false,"robots_noimageindex":false,"robots_noodp":false,"robots_notranslate":false,"robots_max_snippet":null,"robots_max_videopreview":null,"robots_max_imagepreview":"large","priority":null,"frequency":null,"local_seo":null,"breadcrumb_settings":null,"limit_modified_date":false,"created":"2024-04-11 01:57:23","updated":"2025-06-22 18:47:55"},"aioseo_breadcrumb":"<div class=\"aioseo-breadcrumbs\"><span class=\"aioseo-breadcrumb\">\n\t<a href=\"https:\/\/www.rucashk.com\/es\" title=\"Home\">Home<\/a>\n<\/span><span class=\"aioseo-breadcrumb-separator\">&raquo;<\/span><span class=\"aioseo-breadcrumb\">\n\t<a href=\"https:\/\/www.rucashk.com\/es\/products\/\" title=\"Productos\">Productos<\/a>\n<\/span><span class=\"aioseo-breadcrumb-separator\">&raquo;<\/span><span class=\"aioseo-breadcrumb\">\n\t<a href=\"https:\/\/www.rucashk.com\/es\/marca\/oneplus\/\" title=\"Oneplus\">Oneplus<\/a>\n<\/span><span class=\"aioseo-breadcrumb-separator\">&raquo;<\/span><span class=\"aioseo-breadcrumb\">\n\tOnePlus Ace Android Mobile Phone\n<\/span><\/div>","aioseo_breadcrumb_json":[{"label":"Home","link":"https:\/\/www.rucashk.com\/es"},{"label":"Productos","link":"https:\/\/www.rucashk.com\/es\/products\/"},{"label":"Oneplus","link":"https:\/\/www.rucashk.com\/es\/marca\/oneplus\/"},{"label":"OnePlus Ace Android Mobile Phone","link":"https:\/\/www.rucashk.com\/es\/producto\/oneplus-ace-android-mobile-phone\/"}],"_links":{"self":[{"href":"https:\/\/www.rucashk.com\/es\/wp-json\/wp\/v2\/product\/39087","targetHints":{"allow":["GET"]}}],"collection":[{"href":"https:\/\/www.rucashk.com\/es\/wp-json\/wp\/v2\/product"}],"about":[{"href":"https:\/\/www.rucashk.com\/es\/wp-json\/wp\/v2\/types\/product"}],"wp:featuredmedia":[{"embeddable":true,"href":"https:\/\/www.rucashk.com\/es\/wp-json\/wp\/v2\/media\/39232"}],"wp:attachment":[{"href":"https:\/\/www.rucashk.com\/es\/wp-json\/wp\/v2\/media?parent=39087"}],"wp:term":[{"taxonomy":"product_brand","embeddable":true,"href":"https:\/\/www.rucashk.com\/es\/wp-json\/wp\/v2\/product_brand?post=39087"},{"taxonomy":"product_cat","embeddable":true,"href":"https:\/\/www.rucashk.com\/es\/wp-json\/wp\/v2\/product_cat?post=39087"},{"taxonomy":"product_tag","embeddable":true,"href":"https:\/\/www.rucashk.com\/es\/wp-json\/wp\/v2\/product_tag?post=39087"}],"curies":[{"name":"wp","href":"https:\/\/api.w.org\/{rel}","templated":true}]}}