{"id":37875,"date":"2024-03-21T03:06:34","date_gmt":"2024-03-21T03:06:34","guid":{"rendered":"http:\/\/rucashk.com\/?post_type=product&#038;p=37875"},"modified":"2024-04-16T13:21:56","modified_gmt":"2024-04-16T13:21:56","slug":"xiaomi-poco-c40-android-mobile-phone","status":"publish","type":"product","link":"https:\/\/www.rucashk.com\/es\/producto\/xiaomi-poco-c40-android-mobile-phone\/","title":{"rendered":"Xiaomi Poco C40 Tel\u00e9fono M\u00f3vil Android"},"content":{"rendered":"<p><img decoding=\"async\" alt=\"Xiaomi Poco C40 Android Mobile Phone\" src=\"\/wp-content\/uploads\/replace\/dbe19737d72cbd1de100da226ad2c566.jpeg\" \/><\/p>\n<p>Marca Xiaomi<br \/>\nNombre del modelo c40<br \/>\nOperador inal\u00e1mbrico desbloqueado<br \/>\nSO MIUI 13 para POCO, basado en Android 11<br \/>\nTecnolog\u00eda celular 4G<br \/>\nCapacidad de almacenamiento de memoria 32 GB<br \/>\nTecnolog\u00edas de conectividad Wi-Fi<br \/>\nColor Power Black (Versi\u00f3n Global)<br \/>\nTama\u00f1o de pantalla 6 pulgadas<br \/>\nTecnolog\u00eda de red inal\u00e1mbrica LTE, Acerca de este art\u00edculo<\/p>\n<p>NO funcionar\u00e1 en Verizon AT&amp;T\/BOOST\/CRICKET\/METRO PCS ni en ning\u00fan operador CDMA. 4G LTE desbloqueado en todo el mundo Dual Nano sim FCC ID: 2AFZZ110AG<br \/>\nDual SiM 4G: LTE FDD: Banda 1, 2, 3, 4, 5, 7, 8, 20, 28 \/ 4G: LTE TDD: Banda 38, 40, 41 \/ 3G: WCDMA: Banda 1, 2, 4, 5 , 8 \/ 2G: GSM: Banda 2, 3, 5, 8<br \/>\nPantalla inmersiva Dot Drop de 6,71\u2033 Resoluci\u00f3n: 1650 x 720 HD+ Pantalla Corning Gorilla Glass Sunlight Modo de lectura<br \/>\nC\u00e1mara dual de 13MP C\u00e1mara principal de 13MP Apertura: \u0192\/2.2 Modo AF: PDAF C\u00e1mara de profundidad de 2MP Apertura: \u0192\/2.4 Grabaci\u00f3n de video en c\u00e1mara trasera 1920 x 1080 | 30 fps 1280 x 720 | C\u00e1mara frontal de 30 fps \/ 5 MP<br \/>\nSeguridad y autenticaci\u00f3n Sensor de huellas dactilares trasero Desbloqueo facial AI Navegaci\u00f3n GPS | GLONASS | Galileo | BeiDou<br \/>\nAudio Altavoz Conector para auriculares de 3,5 mm Radio FM\/Sensor de proximidad Sensor de luz ambiental Sensor de huellas dactilares<\/p>","protected":false},"excerpt":{"rendered":"<p>El Xiaomi Poco C40 es un smartphone Android con pantalla HD+ de 6,71 pulgadas y potenciado por un procesador JLQ JR510 con 3GB o 4GB de RAM y 64GB o 128GB de almacenamiento. El Poco C40 cuenta con una c\u00e1mara dual de 13MP + 2MP y una c\u00e1mara para selfies de 5MP. Una bater\u00eda de 6000 mAh de carga r\u00e1pida alimenta el Poco C40, que completa sus especificaciones con lector de huellas, resistencia al polvo y al agua y ejecuta MIUI 13 basado en Android 11.<\/p>","protected":false},"featured_media":37879,"template":"","meta":[],"product_brand":[1363],"product_cat":[1295,1296],"product_tag":[477],"class_list":{"0":"post-37875","1":"product","2":"type-product","3":"status-publish","4":"has-post-thumbnail","6":"product_brand-xiaomi","7":"product_cat-mobile-phone","8":"product_cat-xiaomi-mobile-phone","9":"product_tag-phone","11":"first","12":"instock","13":"shipping-taxable","14":"product-type-simple"},"aioseo_notices":[],"aioseo_head":"\n\t\t<!-- All in One SEO Pro 4.5.9.2 - aioseo.com -->\n\t\t<meta name=\"description\" content=\"The Xiaomi Poco C40 is an Android smartphone with a 6.71-inch HD+ screen and powered by a JLQ JR510 processor with 3GB or 4GB of RAM and 64GB or 128GB of storage. The Poco C40 features a 13MP + 2MP dual camera and a 5MP selfie camera. A fast-charging 6000 mAh battery powers the Poco C40, which completes its specifications with a fingerprint reader, resistance to dust and water, and runs MIUI 13 based on Android 11.\" \/>\n\t\t<meta name=\"robots\" content=\"max-image-preview:large\" \/>\n\t\t<link rel=\"canonical\" href=\"https:\/\/www.rucashk.com\/es\/producto\/xiaomi-poco-c40-android-mobile-phone\/\" \/>\n\t\t<meta name=\"generator\" content=\"All in One SEO Pro (AIOSEO) 4.5.9.2\" \/>\n\t\t<meta property=\"og:locale\" content=\"es_ES\" \/>\n\t\t<meta property=\"og:site_name\" content=\"Rucas - One-stop AIoT Distribution Worldwide\" \/>\n\t\t<meta property=\"og:type\" content=\"article\" \/>\n\t\t<meta property=\"og:title\" content=\"Xiaomi Poco C40 Android Mobile Phone - Rucas - Wholesale and Distribution\" \/>\n\t\t<meta property=\"og:description\" content=\"The Xiaomi Poco C40 is an Android smartphone with a 6.71-inch HD+ screen and powered by a JLQ JR510 processor with 3GB or 4GB of RAM and 64GB or 128GB of storage. The Poco C40 features a 13MP + 2MP dual camera and a 5MP selfie camera. A fast-charging 6000 mAh battery powers the Poco C40, which completes its specifications with a fingerprint reader, resistance to dust and water, and runs MIUI 13 based on Android 11.\" \/>\n\t\t<meta property=\"og:url\" content=\"https:\/\/www.rucashk.com\/es\/producto\/xiaomi-poco-c40-android-mobile-phone\/\" \/>\n\t\t<meta property=\"og:image\" content=\"https:\/\/www.rucashk.com\/wp-content\/uploads\/replace\/503b8e645f128a97ccde2b6290747646.jpeg\" \/>\n\t\t<meta property=\"og:image:secure_url\" content=\"https:\/\/www.rucashk.com\/wp-content\/uploads\/replace\/503b8e645f128a97ccde2b6290747646.jpeg\" \/>\n\t\t<meta property=\"og:image:width\" content=\"1456\" \/>\n\t\t<meta property=\"og:image:height\" content=\"816\" \/>\n\t\t<meta property=\"article:published_time\" content=\"2024-03-21T03:06:34+00:00\" \/>\n\t\t<meta property=\"article:modified_time\" content=\"2024-04-16T13:21:56+00:00\" \/>\n\t\t<meta name=\"twitter:card\" content=\"summary_large_image\" \/>\n\t\t<meta name=\"twitter:title\" content=\"Xiaomi Poco C40 Android Mobile Phone - Rucas - Wholesale and Distribution\" \/>\n\t\t<meta name=\"twitter:description\" content=\"The Xiaomi Poco C40 is an Android smartphone with a 6.71-inch HD+ screen and powered by a JLQ JR510 processor with 3GB or 4GB of RAM and 64GB or 128GB of storage. The Poco C40 features a 13MP + 2MP dual camera and a 5MP selfie camera. A fast-charging 6000 mAh battery powers the Poco C40, which completes its specifications with a fingerprint reader, resistance to dust and water, and runs MIUI 13 based on Android 11.\" \/>\n\t\t<meta name=\"twitter:image\" content=\"https:\/\/www.rucashk.com\/wp-content\/uploads\/replace\/503b8e645f128a97ccde2b6290747646.jpeg\" \/>\n\t\t<script type=\"application\/ld+json\" class=\"aioseo-schema\">\n\t\t\t{\"@context\":\"https:\\\/\\\/schema.org\",\"@graph\":[{\"@type\":\"BreadcrumbList\",\"@id\":\"https:\\\/\\\/www.rucashk.com\\\/es\\\/producto\\\/xiaomi-poco-c40-android-mobile-phone\\\/#breadcrumblist\",\"itemListElement\":[{\"@type\":\"ListItem\",\"@id\":\"https:\\\/\\\/www.rucashk.com\\\/es\\\/#listItem\",\"position\":1,\"name\":\"Home\",\"item\":\"https:\\\/\\\/www.rucashk.com\\\/es\\\/\",\"nextItem\":\"https:\\\/\\\/www.rucashk.com\\\/es\\\/producto\\\/xiaomi-poco-c40-android-mobile-phone\\\/#listItem\"},{\"@type\":\"ListItem\",\"@id\":\"https:\\\/\\\/www.rucashk.com\\\/es\\\/producto\\\/xiaomi-poco-c40-android-mobile-phone\\\/#listItem\",\"position\":2,\"name\":\"Xiaomi Poco C40 Android Mobile Phone\",\"previousItem\":\"https:\\\/\\\/www.rucashk.com\\\/es\\\/#listItem\"}]},{\"@type\":\"Organization\",\"@id\":\"https:\\\/\\\/www.rucashk.com\\\/es\\\/#organization\",\"name\":\"Rucas\",\"url\":\"https:\\\/\\\/www.rucashk.com\\\/es\\\/\",\"logo\":{\"@type\":\"ImageObject\",\"url\":\"https:\\\/\\\/www.rucashk.com\\\/wp-content\\\/uploads\\\/2023\\\/12\\\/Rucas_campany_logo.png\",\"@id\":\"https:\\\/\\\/www.rucashk.com\\\/es\\\/producto\\\/xiaomi-poco-c40-android-mobile-phone\\\/#organizationLogo\",\"width\":221,\"height\":65},\"image\":{\"@id\":\"https:\\\/\\\/www.rucashk.com\\\/es\\\/#organizationLogo\"}},{\"@type\":\"Person\",\"@id\":\"https:\\\/\\\/www.rucashk.com\\\/es\\\/author\\\/admin\\\/#author\",\"url\":\"https:\\\/\\\/www.rucashk.com\\\/es\\\/author\\\/admin\\\/\",\"name\":\"admin\",\"image\":{\"@type\":\"ImageObject\",\"@id\":\"https:\\\/\\\/www.rucashk.com\\\/es\\\/producto\\\/xiaomi-poco-c40-android-mobile-phone\\\/#authorImage\",\"url\":\"https:\\\/\\\/secure.gravatar.com\\\/avatar\\\/b7c8925b09a27e72b30232f8ecaadbd5af0f70a38c78096863fe51b64f031c24?s=96&d=mm&r=g\",\"width\":96,\"height\":96,\"caption\":\"admin\"}},{\"@type\":\"WebPage\",\"@id\":\"https:\\\/\\\/www.rucashk.com\\\/es\\\/producto\\\/xiaomi-poco-c40-android-mobile-phone\\\/#webpage\",\"url\":\"https:\\\/\\\/www.rucashk.com\\\/es\\\/producto\\\/xiaomi-poco-c40-android-mobile-phone\\\/\",\"name\":\"Xiaomi Poco C40 Android Mobile Phone - Rucas - Wholesale and Distribution\",\"description\":\"The Xiaomi Poco C40 is an Android smartphone with a 6.71-inch HD+ screen and powered by a JLQ JR510 processor with 3GB or 4GB of RAM and 64GB or 128GB of storage. The Poco C40 features a 13MP + 2MP dual camera and a 5MP selfie camera. A fast-charging 6000 mAh battery powers the Poco C40, which completes its specifications with a fingerprint reader, resistance to dust and water, and runs MIUI 13 based on Android 11.\",\"inLanguage\":\"es-ES\",\"isPartOf\":{\"@id\":\"https:\\\/\\\/www.rucashk.com\\\/es\\\/#website\"},\"breadcrumb\":{\"@id\":\"https:\\\/\\\/www.rucashk.com\\\/es\\\/producto\\\/xiaomi-poco-c40-android-mobile-phone\\\/#breadcrumblist\"},\"author\":{\"@id\":\"https:\\\/\\\/www.rucashk.com\\\/es\\\/author\\\/admin\\\/#author\"},\"creator\":{\"@id\":\"https:\\\/\\\/www.rucashk.com\\\/es\\\/author\\\/admin\\\/#author\"},\"image\":{\"@type\":\"ImageObject\",\"url\":\"https:\\\/\\\/www.rucashk.com\\\/wp-content\\\/uploads\\\/2024\\\/03\\\/b4c9bb58-6f86-4311-b294-4290c51c66c9.jpg\",\"@id\":\"https:\\\/\\\/www.rucashk.com\\\/es\\\/producto\\\/xiaomi-poco-c40-android-mobile-phone\\\/#mainImage\",\"width\":800,\"height\":800},\"primaryImageOfPage\":{\"@id\":\"https:\\\/\\\/www.rucashk.com\\\/es\\\/producto\\\/xiaomi-poco-c40-android-mobile-phone\\\/#mainImage\"},\"datePublished\":\"2024-03-21T03:06:34+00:00\",\"dateModified\":\"2024-04-16T13:21:56+00:00\"},{\"@type\":\"WebSite\",\"@id\":\"https:\\\/\\\/www.rucashk.com\\\/es\\\/#website\",\"url\":\"https:\\\/\\\/www.rucashk.com\\\/es\\\/\",\"name\":\"Rucas - Wholesale and distribution worldwide\",\"alternateName\":\"Rucas - One-stop AIoT Distribution Worldwide\",\"description\":\"One-stop AIoT Distribution Worldwide\",\"inLanguage\":\"es-ES\",\"publisher\":{\"@id\":\"https:\\\/\\\/www.rucashk.com\\\/es\\\/#organization\"}}]}\n\t\t<\/script>\n\t\t<!-- All in One SEO Pro -->\r\n\t\t<title>Xiaomi Poco C40 Android Mobile Phone - Rucas - Wholesale and Distribution<\/title>\n\n","aioseo_head_json":{"title":"Xiaomi Poco C40 Android Mobile Phone - Rucas - Wholesale and Distribution","description":"The Xiaomi Poco C40 is an Android smartphone with a 6.71-inch HD+ screen and powered by a JLQ JR510 processor with 3GB or 4GB of RAM and 64GB or 128GB of storage. The Poco C40 features a 13MP + 2MP dual camera and a 5MP selfie camera. A fast-charging 6000 mAh battery powers the Poco C40, which completes its specifications with a fingerprint reader, resistance to dust and water, and runs MIUI 13 based on Android 11.","canonical_url":"https:\/\/www.rucashk.com\/es\/producto\/xiaomi-poco-c40-android-mobile-phone\/","robots":"max-image-preview:large","keywords":"","webmasterTools":{"miscellaneous":""},"og:locale":"es_ES","og:site_name":"Rucas - One-stop AIoT Distribution Worldwide","og:type":"article","og:title":"Xiaomi Poco C40 Android Mobile Phone - Rucas - Wholesale and Distribution","og:description":"The Xiaomi Poco C40 is an Android smartphone with a 6.71-inch HD+ screen and powered by a JLQ JR510 processor with 3GB or 4GB of RAM and 64GB or 128GB of storage. The Poco C40 features a 13MP + 2MP dual camera and a 5MP selfie camera. A fast-charging 6000 mAh battery powers the Poco C40, which completes its specifications with a fingerprint reader, resistance to dust and water, and runs MIUI 13 based on Android 11.","og:url":"https:\/\/www.rucashk.com\/es\/producto\/xiaomi-poco-c40-android-mobile-phone\/","og:image":"https:\/\/www.rucashk.com\/wp-content\/uploads\/replace\/503b8e645f128a97ccde2b6290747646.jpeg","og:image:secure_url":"https:\/\/www.rucashk.com\/wp-content\/uploads\/replace\/503b8e645f128a97ccde2b6290747646.jpeg","og:image:width":1456,"og:image:height":816,"article:published_time":"2024-03-21T03:06:34+00:00","article:modified_time":"2024-04-16T13:21:56+00:00","twitter:card":"summary_large_image","twitter:title":"Xiaomi Poco C40 Android Mobile Phone - Rucas - Wholesale and Distribution","twitter:description":"The Xiaomi Poco C40 is an Android smartphone with a 6.71-inch HD+ screen and powered by a JLQ JR510 processor with 3GB or 4GB of RAM and 64GB or 128GB of storage. The Poco C40 features a 13MP + 2MP dual camera and a 5MP selfie camera. A fast-charging 6000 mAh battery powers the Poco C40, which completes its specifications with a fingerprint reader, resistance to dust and water, and runs MIUI 13 based on Android 11.","twitter:image":"https:\/\/www.rucashk.com\/wp-content\/uploads\/replace\/503b8e645f128a97ccde2b6290747646.jpeg","schema":{"@context":"https:\/\/schema.org","@graph":[{"@type":"BreadcrumbList","@id":"https:\/\/www.rucashk.com\/es\/producto\/xiaomi-poco-c40-android-mobile-phone\/#breadcrumblist","itemListElement":[{"@type":"ListItem","@id":"https:\/\/www.rucashk.com\/es\/#listItem","position":1,"name":"Home","item":"https:\/\/www.rucashk.com\/es\/","nextItem":"https:\/\/www.rucashk.com\/es\/producto\/xiaomi-poco-c40-android-mobile-phone\/#listItem"},{"@type":"ListItem","@id":"https:\/\/www.rucashk.com\/es\/producto\/xiaomi-poco-c40-android-mobile-phone\/#listItem","position":2,"name":"Xiaomi Poco C40 Android Mobile Phone","previousItem":"https:\/\/www.rucashk.com\/es\/#listItem"}]},{"@type":"Organization","@id":"https:\/\/www.rucashk.com\/es\/#organization","name":"Rucas","url":"https:\/\/www.rucashk.com\/es\/","logo":{"@type":"ImageObject","url":"https:\/\/www.rucashk.com\/wp-content\/uploads\/2023\/12\/Rucas_campany_logo.png","@id":"https:\/\/www.rucashk.com\/es\/producto\/xiaomi-poco-c40-android-mobile-phone\/#organizationLogo","width":221,"height":65},"image":{"@id":"https:\/\/www.rucashk.com\/es\/#organizationLogo"}},{"@type":"Person","@id":"https:\/\/www.rucashk.com\/es\/author\/admin\/#author","url":"https:\/\/www.rucashk.com\/es\/author\/admin\/","name":"admin","image":{"@type":"ImageObject","@id":"https:\/\/www.rucashk.com\/es\/producto\/xiaomi-poco-c40-android-mobile-phone\/#authorImage","url":"https:\/\/secure.gravatar.com\/avatar\/b7c8925b09a27e72b30232f8ecaadbd5af0f70a38c78096863fe51b64f031c24?s=96&d=mm&r=g","width":96,"height":96,"caption":"admin"}},{"@type":"WebPage","@id":"https:\/\/www.rucashk.com\/es\/producto\/xiaomi-poco-c40-android-mobile-phone\/#webpage","url":"https:\/\/www.rucashk.com\/es\/producto\/xiaomi-poco-c40-android-mobile-phone\/","name":"Xiaomi Poco C40 Android Mobile Phone - Rucas - Wholesale and Distribution","description":"The Xiaomi Poco C40 is an Android smartphone with a 6.71-inch HD+ screen and powered by a JLQ JR510 processor with 3GB or 4GB of RAM and 64GB or 128GB of storage. The Poco C40 features a 13MP + 2MP dual camera and a 5MP selfie camera. A fast-charging 6000 mAh battery powers the Poco C40, which completes its specifications with a fingerprint reader, resistance to dust and water, and runs MIUI 13 based on Android 11.","inLanguage":"es-ES","isPartOf":{"@id":"https:\/\/www.rucashk.com\/es\/#website"},"breadcrumb":{"@id":"https:\/\/www.rucashk.com\/es\/producto\/xiaomi-poco-c40-android-mobile-phone\/#breadcrumblist"},"author":{"@id":"https:\/\/www.rucashk.com\/es\/author\/admin\/#author"},"creator":{"@id":"https:\/\/www.rucashk.com\/es\/author\/admin\/#author"},"image":{"@type":"ImageObject","url":"https:\/\/www.rucashk.com\/wp-content\/uploads\/2024\/03\/b4c9bb58-6f86-4311-b294-4290c51c66c9.jpg","@id":"https:\/\/www.rucashk.com\/es\/producto\/xiaomi-poco-c40-android-mobile-phone\/#mainImage","width":800,"height":800},"primaryImageOfPage":{"@id":"https:\/\/www.rucashk.com\/es\/producto\/xiaomi-poco-c40-android-mobile-phone\/#mainImage"},"datePublished":"2024-03-21T03:06:34+00:00","dateModified":"2024-04-16T13:21:56+00:00"},{"@type":"WebSite","@id":"https:\/\/www.rucashk.com\/es\/#website","url":"https:\/\/www.rucashk.com\/es\/","name":"Rucas - Wholesale and distribution worldwide","alternateName":"Rucas - One-stop AIoT Distribution Worldwide","description":"One-stop AIoT Distribution Worldwide","inLanguage":"es-ES","publisher":{"@id":"https:\/\/www.rucashk.com\/es\/#organization"}}]}},"aioseo_meta_data":{"post_id":"37875","title":null,"description":null,"keywords":null,"keyphrases":null,"primary_term":null,"canonical_url":null,"og_title":null,"og_description":null,"og_object_type":"default","og_image_type":"default","og_image_url":null,"og_image_width":null,"og_image_height":null,"og_image_custom_url":null,"og_image_custom_fields":null,"og_video":null,"og_custom_url":null,"og_article_section":null,"og_article_tags":null,"twitter_use_og":false,"twitter_card":"default","twitter_image_type":"default","twitter_image_url":null,"twitter_image_custom_url":null,"twitter_image_custom_fields":null,"twitter_title":null,"twitter_description":null,"schema":{"blockGraphs":[],"customGraphs":[],"default":{"data":{"Article":[],"Course":[],"Dataset":[],"FAQPage":[],"Movie":[],"Person":[],"Product":[],"Recipe":[],"Service":[],"SoftwareApplication":[],"WebPage":[]},"graphName":"","isEnabled":true},"graphs":[]},"schema_type":"default","schema_type_options":null,"pillar_content":false,"robots_default":true,"robots_noindex":false,"robots_noarchive":false,"robots_nosnippet":false,"robots_nofollow":false,"robots_noimageindex":false,"robots_noodp":false,"robots_notranslate":false,"robots_max_snippet":null,"robots_max_videopreview":null,"robots_max_imagepreview":"large","priority":null,"frequency":null,"local_seo":null,"breadcrumb_settings":null,"limit_modified_date":false,"created":"2024-04-11 01:57:23","updated":"2025-06-22 18:47:55"},"aioseo_breadcrumb":"<div class=\"aioseo-breadcrumbs\"><span class=\"aioseo-breadcrumb\">\n\t<a href=\"https:\/\/www.rucashk.com\/es\" title=\"Home\">Home<\/a>\n<\/span><span class=\"aioseo-breadcrumb-separator\">&raquo;<\/span><span class=\"aioseo-breadcrumb\">\n\t<a href=\"https:\/\/www.rucashk.com\/es\/products\/\" title=\"Productos\">Productos<\/a>\n<\/span><span class=\"aioseo-breadcrumb-separator\">&raquo;<\/span><span class=\"aioseo-breadcrumb\">\n\t<a href=\"https:\/\/www.rucashk.com\/es\/marca\/xiaomi\/\" title=\"Xiaomi\">Xiaomi<\/a>\n<\/span><span class=\"aioseo-breadcrumb-separator\">&raquo;<\/span><span class=\"aioseo-breadcrumb\">\n\tXiaomi Poco C40 Android Mobile Phone\n<\/span><\/div>","aioseo_breadcrumb_json":[{"label":"Home","link":"https:\/\/www.rucashk.com\/es"},{"label":"Productos","link":"https:\/\/www.rucashk.com\/es\/products\/"},{"label":"Xiaomi","link":"https:\/\/www.rucashk.com\/es\/marca\/xiaomi\/"},{"label":"Xiaomi Poco C40 Android Mobile Phone","link":"https:\/\/www.rucashk.com\/es\/producto\/xiaomi-poco-c40-android-mobile-phone\/"}],"_links":{"self":[{"href":"https:\/\/www.rucashk.com\/es\/wp-json\/wp\/v2\/product\/37875","targetHints":{"allow":["GET"]}}],"collection":[{"href":"https:\/\/www.rucashk.com\/es\/wp-json\/wp\/v2\/product"}],"about":[{"href":"https:\/\/www.rucashk.com\/es\/wp-json\/wp\/v2\/types\/product"}],"wp:featuredmedia":[{"embeddable":true,"href":"https:\/\/www.rucashk.com\/es\/wp-json\/wp\/v2\/media\/37879"}],"wp:attachment":[{"href":"https:\/\/www.rucashk.com\/es\/wp-json\/wp\/v2\/media?parent=37875"}],"wp:term":[{"taxonomy":"product_brand","embeddable":true,"href":"https:\/\/www.rucashk.com\/es\/wp-json\/wp\/v2\/product_brand?post=37875"},{"taxonomy":"product_cat","embeddable":true,"href":"https:\/\/www.rucashk.com\/es\/wp-json\/wp\/v2\/product_cat?post=37875"},{"taxonomy":"product_tag","embeddable":true,"href":"https:\/\/www.rucashk.com\/es\/wp-json\/wp\/v2\/product_tag?post=37875"}],"curies":[{"name":"wp","href":"https:\/\/api.w.org\/{rel}","templated":true}]}}