{"id":37858,"date":"2024-03-21T02:42:23","date_gmt":"2024-03-21T02:42:23","guid":{"rendered":"http:\/\/rucashk.com\/?post_type=product&#038;p=37858"},"modified":"2024-04-16T13:21:54","modified_gmt":"2024-04-16T13:21:54","slug":"xiaomi-redmi-12-android-mobile-phone","status":"publish","type":"product","link":"https:\/\/www.rucashk.com\/es\/producto\/xiaomi-redmi-12-android-mobile-phone\/","title":{"rendered":"Tel\u00e9fono M\u00f3vil Xiaomi Redmi 12 Android"},"content":{"rendered":"<p><iframe width=\"1280\" height=\"720\" src=\"https:\/\/www.youtube.com\/embed\/_zhhr_5R828\" title=\"Redmi 12 | C\u00e1mara triple con IA de 50 MP\" frameborder=\"0\" allow=\"accelerometer; autoplay; clipboard-write; encrypted-media; gyroscope; picture-in-picture; web-share\" allowfullscreen><\/iframe><\/p>\n<p><strong>Dise\u00f1o elegante y premium<\/strong><br \/>\nEl tel\u00e9fono inteligente Redmi 12 5G se destaca por su dise\u00f1o posterior de cristal premium que se inspira en el minimalismo y la simetr\u00eda. Dondequiera que lo lleves, el marco met\u00e1lico plano del tel\u00e9fono realza su est\u00e9tica elegante y proporciona un agarre c\u00f3modo y ergon\u00f3mico.<\/p>\n<p><strong>Im\u00e1genes de alta resoluci\u00f3n<\/strong><br \/>\nYa sea que est\u00e9 en un viaje de negocios o de vacaciones, este tel\u00e9fono 5G le permite ver sus programas favoritos en su espaciosa pantalla FHD+ de 6,79 pulgadas. Adem\u00e1s, su frecuencia de actualizaci\u00f3n de 90 Hz garantiza un desplazamiento y una reproducci\u00f3n fluidos.<\/p>\n<p><strong>Operaci\u00f3n perfecta<\/strong><br \/>\nCon un veloz procesador de ocho n\u00facleos Qualcomm Snapdragon 4 Gen 2 y 6 GB de RAM incorporada, este tel\u00e9fono inteligente maneja sin esfuerzo aplicaciones que consumen muchos recursos. De esta manera, se asegura de que su dispositivo mantenga su velocidad y capacidad de respuesta incluso durante un uso intensivo.<\/p>\n<p><strong>Capturas cautivadoras<\/strong><br \/>\nConstruido con un sistema de c\u00e1mara dual, que incluye una c\u00e1mara frontal de 8MP, una c\u00e1mara trasera de 50MP y una c\u00e1mara trasera de profundidad de 2MP, este tel\u00e9fono inteligente Redmi garantiza que puedas capturar fotograf\u00edas impresionantes. Por lo tanto, puede hacer clic en selfies \u00e1giles, hermosos paisajes y fotograf\u00edas grupales precisas con facilidad en este tel\u00e9fono.<\/p>\n<p><strong>Crea contenido de v\u00eddeo premium<\/strong><br \/>\nTus pel\u00edculas caseras tendr\u00e1n un aspecto profesional cuando las grabes con el tel\u00e9fono inteligente Redmi 12 5G, ya que ofrece capacidades de grabaci\u00f3n Full HD.<\/p>\n<p><strong>Almacenamiento espacioso<\/strong><br \/>\nEquipado con una generosa capacidad de almacenamiento de 128 GB, este tel\u00e9fono inteligente le garantiza suficiente espacio para su extensa biblioteca de aplicaciones, fotos, v\u00eddeos y archivos. Y para mayor comodidad, puede ampliar su capacidad de almacenamiento con la opci\u00f3n de memoria expandible de 1 TB, dejando espacio para a\u00fan m\u00e1s archivos multimedia.<\/p>\n<p><strong>Gran capacidad de bater\u00eda<\/strong><br \/>\nEste tel\u00e9fono siempre permanecer\u00e1 encendido sin que tengas que atarlo al cargador todo el d\u00eda, ya que funciona con una bater\u00eda de pol\u00edmero de litio de larga duraci\u00f3n de 5000 mAh.<\/p>","protected":false},"excerpt":{"rendered":"<ul>\n<li>Pantalla: 6,79 pulgadas (17,24 cm), pantalla FHD Plus, frecuencia de actualizaci\u00f3n de 90 Hz<\/li>\n<li>Memoria: 6 GB de RAM, 128 GB de ROM, tarjeta de memoria (h\u00edbrida) de hasta 1 TB<\/li>\n<li>Procesador: Qualcomm Snapdragon 4 Gen 2, Octa Core, 2,2 GHz<\/li>\n<li>C\u00e1mara: c\u00e1mara dual AI de 50 MP + 2 MP y c\u00e1mara frontal de 8 MP<\/li>\n<li>Bater\u00eda: 5000 mAh con cargador r\u00e1pido tipo C de 22,5 W<\/li>\n<li>USP: Clasificaci\u00f3n IP53 resistente a salpicaduras y polvo, Corning Gorilla Glass<\/li>\n<\/ul>","protected":false},"featured_media":37863,"template":"","meta":[],"product_brand":[1363],"product_cat":[1295,1297],"product_tag":[477],"class_list":{"0":"post-37858","1":"product","2":"type-product","3":"status-publish","4":"has-post-thumbnail","6":"product_brand-xiaomi","7":"product_cat-mobile-phone","8":"product_cat-redmi-mobile-phone","9":"product_tag-phone","11":"first","12":"instock","13":"shipping-taxable","14":"product-type-simple"},"aioseo_notices":[],"aioseo_head":"\n\t\t<!-- All in One SEO Pro 4.5.9.2 - aioseo.com -->\n\t\t<meta name=\"description\" content=\"Display: 6.79 inches (17.24 cm), FHD Plus Display, 90 Hz Refresh Rate Memory: 6GB RAM, 128GB ROM, Memory Card (Hybrid) upto 1TB Processor: Qualcomm Snapdragon 4 Gen 2, Octa Core, 2.2 GHz Camera: 50 MP + 2 MP AI Dual Camera &amp; 8 MP Front Camera Battery: 5000 mAh with 22.5W Type C Fast Charger USP: IP53 Rated Splash &amp; Dust Resistant, Corning Gorilla Glass\" \/>\n\t\t<meta name=\"robots\" content=\"max-image-preview:large\" \/>\n\t\t<link rel=\"canonical\" href=\"https:\/\/www.rucashk.com\/es\/producto\/xiaomi-redmi-12-android-mobile-phone\/\" \/>\n\t\t<meta name=\"generator\" content=\"All in One SEO Pro (AIOSEO) 4.5.9.2\" \/>\n\t\t<meta property=\"og:locale\" content=\"es_ES\" \/>\n\t\t<meta property=\"og:site_name\" content=\"Rucas - One-stop AIoT Distribution Worldwide\" \/>\n\t\t<meta property=\"og:type\" content=\"article\" \/>\n\t\t<meta property=\"og:title\" content=\"Xiaomi Redmi 12 Android Mobile Phone - Rucas - Wholesale and Distribution\" \/>\n\t\t<meta property=\"og:description\" content=\"Display: 6.79 inches (17.24 cm), FHD Plus Display, 90 Hz Refresh Rate Memory: 6GB RAM, 128GB ROM, Memory Card (Hybrid) upto 1TB Processor: Qualcomm Snapdragon 4 Gen 2, Octa Core, 2.2 GHz Camera: 50 MP + 2 MP AI Dual Camera &amp; 8 MP Front Camera Battery: 5000 mAh with 22.5W Type C Fast Charger USP: IP53 Rated Splash &amp; Dust Resistant, Corning Gorilla Glass\" \/>\n\t\t<meta property=\"og:url\" content=\"https:\/\/www.rucashk.com\/es\/producto\/xiaomi-redmi-12-android-mobile-phone\/\" \/>\n\t\t<meta property=\"og:image\" content=\"https:\/\/www.rucashk.com\/wp-content\/uploads\/replace\/503b8e645f128a97ccde2b6290747646.jpeg\" \/>\n\t\t<meta property=\"og:image:secure_url\" content=\"https:\/\/www.rucashk.com\/wp-content\/uploads\/replace\/503b8e645f128a97ccde2b6290747646.jpeg\" \/>\n\t\t<meta property=\"og:image:width\" content=\"1456\" \/>\n\t\t<meta property=\"og:image:height\" content=\"816\" \/>\n\t\t<meta property=\"article:published_time\" content=\"2024-03-21T02:42:23+00:00\" \/>\n\t\t<meta property=\"article:modified_time\" content=\"2024-04-16T13:21:54+00:00\" \/>\n\t\t<meta name=\"twitter:card\" content=\"summary_large_image\" \/>\n\t\t<meta name=\"twitter:title\" content=\"Xiaomi Redmi 12 Android Mobile Phone - Rucas - Wholesale and Distribution\" \/>\n\t\t<meta name=\"twitter:description\" content=\"Display: 6.79 inches (17.24 cm), FHD Plus Display, 90 Hz Refresh Rate Memory: 6GB RAM, 128GB ROM, Memory Card (Hybrid) upto 1TB Processor: Qualcomm Snapdragon 4 Gen 2, Octa Core, 2.2 GHz Camera: 50 MP + 2 MP AI Dual Camera &amp; 8 MP Front Camera Battery: 5000 mAh with 22.5W Type C Fast Charger USP: IP53 Rated Splash &amp; Dust Resistant, Corning Gorilla Glass\" \/>\n\t\t<meta name=\"twitter:image\" content=\"https:\/\/www.rucashk.com\/wp-content\/uploads\/replace\/503b8e645f128a97ccde2b6290747646.jpeg\" \/>\n\t\t<script type=\"application\/ld+json\" class=\"aioseo-schema\">\n\t\t\t{\"@context\":\"https:\\\/\\\/schema.org\",\"@graph\":[{\"@type\":\"BreadcrumbList\",\"@id\":\"https:\\\/\\\/www.rucashk.com\\\/es\\\/producto\\\/xiaomi-redmi-12-android-mobile-phone\\\/#breadcrumblist\",\"itemListElement\":[{\"@type\":\"ListItem\",\"@id\":\"https:\\\/\\\/www.rucashk.com\\\/es\\\/#listItem\",\"position\":1,\"name\":\"Home\",\"item\":\"https:\\\/\\\/www.rucashk.com\\\/es\\\/\",\"nextItem\":\"https:\\\/\\\/www.rucashk.com\\\/es\\\/producto\\\/xiaomi-redmi-12-android-mobile-phone\\\/#listItem\"},{\"@type\":\"ListItem\",\"@id\":\"https:\\\/\\\/www.rucashk.com\\\/es\\\/producto\\\/xiaomi-redmi-12-android-mobile-phone\\\/#listItem\",\"position\":2,\"name\":\"Xiaomi Redmi 12 Android Mobile Phone\",\"previousItem\":\"https:\\\/\\\/www.rucashk.com\\\/es\\\/#listItem\"}]},{\"@type\":\"Organization\",\"@id\":\"https:\\\/\\\/www.rucashk.com\\\/es\\\/#organization\",\"name\":\"Rucas\",\"url\":\"https:\\\/\\\/www.rucashk.com\\\/es\\\/\",\"logo\":{\"@type\":\"ImageObject\",\"url\":\"https:\\\/\\\/www.rucashk.com\\\/wp-content\\\/uploads\\\/2023\\\/12\\\/Rucas_campany_logo.png\",\"@id\":\"https:\\\/\\\/www.rucashk.com\\\/es\\\/producto\\\/xiaomi-redmi-12-android-mobile-phone\\\/#organizationLogo\",\"width\":221,\"height\":65},\"image\":{\"@id\":\"https:\\\/\\\/www.rucashk.com\\\/es\\\/#organizationLogo\"}},{\"@type\":\"Person\",\"@id\":\"https:\\\/\\\/www.rucashk.com\\\/es\\\/author\\\/admin\\\/#author\",\"url\":\"https:\\\/\\\/www.rucashk.com\\\/es\\\/author\\\/admin\\\/\",\"name\":\"admin\",\"image\":{\"@type\":\"ImageObject\",\"@id\":\"https:\\\/\\\/www.rucashk.com\\\/es\\\/producto\\\/xiaomi-redmi-12-android-mobile-phone\\\/#authorImage\",\"url\":\"https:\\\/\\\/secure.gravatar.com\\\/avatar\\\/b7c8925b09a27e72b30232f8ecaadbd5af0f70a38c78096863fe51b64f031c24?s=96&d=mm&r=g\",\"width\":96,\"height\":96,\"caption\":\"admin\"}},{\"@type\":\"WebPage\",\"@id\":\"https:\\\/\\\/www.rucashk.com\\\/es\\\/producto\\\/xiaomi-redmi-12-android-mobile-phone\\\/#webpage\",\"url\":\"https:\\\/\\\/www.rucashk.com\\\/es\\\/producto\\\/xiaomi-redmi-12-android-mobile-phone\\\/\",\"name\":\"Xiaomi Redmi 12 Android Mobile Phone - Rucas - Wholesale and Distribution\",\"description\":\"Display: 6.79 inches (17.24 cm), FHD Plus Display, 90 Hz Refresh Rate Memory: 6GB RAM, 128GB ROM, Memory Card (Hybrid) upto 1TB Processor: Qualcomm Snapdragon 4 Gen 2, Octa Core, 2.2 GHz Camera: 50 MP + 2 MP AI Dual Camera & 8 MP Front Camera Battery: 5000 mAh with 22.5W Type C Fast Charger USP: IP53 Rated Splash & Dust Resistant, Corning Gorilla Glass\",\"inLanguage\":\"es-ES\",\"isPartOf\":{\"@id\":\"https:\\\/\\\/www.rucashk.com\\\/es\\\/#website\"},\"breadcrumb\":{\"@id\":\"https:\\\/\\\/www.rucashk.com\\\/es\\\/producto\\\/xiaomi-redmi-12-android-mobile-phone\\\/#breadcrumblist\"},\"author\":{\"@id\":\"https:\\\/\\\/www.rucashk.com\\\/es\\\/author\\\/admin\\\/#author\"},\"creator\":{\"@id\":\"https:\\\/\\\/www.rucashk.com\\\/es\\\/author\\\/admin\\\/#author\"},\"image\":{\"@type\":\"ImageObject\",\"url\":\"https:\\\/\\\/www.rucashk.com\\\/wp-content\\\/uploads\\\/2024\\\/03\\\/04c47429-61e5-4fee-97c4-fd4d1fe60f47.png\",\"@id\":\"https:\\\/\\\/www.rucashk.com\\\/es\\\/producto\\\/xiaomi-redmi-12-android-mobile-phone\\\/#mainImage\",\"width\":640,\"height\":640},\"primaryImageOfPage\":{\"@id\":\"https:\\\/\\\/www.rucashk.com\\\/es\\\/producto\\\/xiaomi-redmi-12-android-mobile-phone\\\/#mainImage\"},\"datePublished\":\"2024-03-21T02:42:23+00:00\",\"dateModified\":\"2024-04-16T13:21:54+00:00\"},{\"@type\":\"WebSite\",\"@id\":\"https:\\\/\\\/www.rucashk.com\\\/es\\\/#website\",\"url\":\"https:\\\/\\\/www.rucashk.com\\\/es\\\/\",\"name\":\"Rucas - Wholesale and distribution worldwide\",\"alternateName\":\"Rucas - One-stop AIoT Distribution Worldwide\",\"description\":\"One-stop AIoT Distribution Worldwide\",\"inLanguage\":\"es-ES\",\"publisher\":{\"@id\":\"https:\\\/\\\/www.rucashk.com\\\/es\\\/#organization\"}}]}\n\t\t<\/script>\n\t\t<!-- All in One SEO Pro -->\r\n\t\t<title>Xiaomi Redmi 12 Android Mobile Phone - Rucas - Wholesale and Distribution<\/title>\n\n","aioseo_head_json":{"title":"Xiaomi Redmi 12 Android Mobile Phone - Rucas - Wholesale and Distribution","description":"Display: 6.79 inches (17.24 cm), FHD Plus Display, 90 Hz Refresh Rate Memory: 6GB RAM, 128GB ROM, Memory Card (Hybrid) upto 1TB Processor: Qualcomm Snapdragon 4 Gen 2, Octa Core, 2.2 GHz Camera: 50 MP + 2 MP AI Dual Camera & 8 MP Front Camera Battery: 5000 mAh with 22.5W Type C Fast Charger USP: IP53 Rated Splash & Dust Resistant, Corning Gorilla Glass","canonical_url":"https:\/\/www.rucashk.com\/es\/producto\/xiaomi-redmi-12-android-mobile-phone\/","robots":"max-image-preview:large","keywords":"","webmasterTools":{"miscellaneous":""},"og:locale":"es_ES","og:site_name":"Rucas - One-stop AIoT Distribution Worldwide","og:type":"article","og:title":"Xiaomi Redmi 12 Android Mobile Phone - Rucas - Wholesale and Distribution","og:description":"Display: 6.79 inches (17.24 cm), FHD Plus Display, 90 Hz Refresh Rate Memory: 6GB RAM, 128GB ROM, Memory Card (Hybrid) upto 1TB Processor: Qualcomm Snapdragon 4 Gen 2, Octa Core, 2.2 GHz Camera: 50 MP + 2 MP AI Dual Camera &amp; 8 MP Front Camera Battery: 5000 mAh with 22.5W Type C Fast Charger USP: IP53 Rated Splash &amp; Dust Resistant, Corning Gorilla Glass","og:url":"https:\/\/www.rucashk.com\/es\/producto\/xiaomi-redmi-12-android-mobile-phone\/","og:image":"https:\/\/www.rucashk.com\/wp-content\/uploads\/replace\/503b8e645f128a97ccde2b6290747646.jpeg","og:image:secure_url":"https:\/\/www.rucashk.com\/wp-content\/uploads\/replace\/503b8e645f128a97ccde2b6290747646.jpeg","og:image:width":1456,"og:image:height":816,"article:published_time":"2024-03-21T02:42:23+00:00","article:modified_time":"2024-04-16T13:21:54+00:00","twitter:card":"summary_large_image","twitter:title":"Xiaomi Redmi 12 Android Mobile Phone - Rucas - Wholesale and Distribution","twitter:description":"Display: 6.79 inches (17.24 cm), FHD Plus Display, 90 Hz Refresh Rate Memory: 6GB RAM, 128GB ROM, Memory Card (Hybrid) upto 1TB Processor: Qualcomm Snapdragon 4 Gen 2, Octa Core, 2.2 GHz Camera: 50 MP + 2 MP AI Dual Camera &amp; 8 MP Front Camera Battery: 5000 mAh with 22.5W Type C Fast Charger USP: IP53 Rated Splash &amp; Dust Resistant, Corning Gorilla Glass","twitter:image":"https:\/\/www.rucashk.com\/wp-content\/uploads\/replace\/503b8e645f128a97ccde2b6290747646.jpeg","schema":{"@context":"https:\/\/schema.org","@graph":[{"@type":"BreadcrumbList","@id":"https:\/\/www.rucashk.com\/es\/producto\/xiaomi-redmi-12-android-mobile-phone\/#breadcrumblist","itemListElement":[{"@type":"ListItem","@id":"https:\/\/www.rucashk.com\/es\/#listItem","position":1,"name":"Home","item":"https:\/\/www.rucashk.com\/es\/","nextItem":"https:\/\/www.rucashk.com\/es\/producto\/xiaomi-redmi-12-android-mobile-phone\/#listItem"},{"@type":"ListItem","@id":"https:\/\/www.rucashk.com\/es\/producto\/xiaomi-redmi-12-android-mobile-phone\/#listItem","position":2,"name":"Xiaomi Redmi 12 Android Mobile Phone","previousItem":"https:\/\/www.rucashk.com\/es\/#listItem"}]},{"@type":"Organization","@id":"https:\/\/www.rucashk.com\/es\/#organization","name":"Rucas","url":"https:\/\/www.rucashk.com\/es\/","logo":{"@type":"ImageObject","url":"https:\/\/www.rucashk.com\/wp-content\/uploads\/2023\/12\/Rucas_campany_logo.png","@id":"https:\/\/www.rucashk.com\/es\/producto\/xiaomi-redmi-12-android-mobile-phone\/#organizationLogo","width":221,"height":65},"image":{"@id":"https:\/\/www.rucashk.com\/es\/#organizationLogo"}},{"@type":"Person","@id":"https:\/\/www.rucashk.com\/es\/author\/admin\/#author","url":"https:\/\/www.rucashk.com\/es\/author\/admin\/","name":"admin","image":{"@type":"ImageObject","@id":"https:\/\/www.rucashk.com\/es\/producto\/xiaomi-redmi-12-android-mobile-phone\/#authorImage","url":"https:\/\/secure.gravatar.com\/avatar\/b7c8925b09a27e72b30232f8ecaadbd5af0f70a38c78096863fe51b64f031c24?s=96&d=mm&r=g","width":96,"height":96,"caption":"admin"}},{"@type":"WebPage","@id":"https:\/\/www.rucashk.com\/es\/producto\/xiaomi-redmi-12-android-mobile-phone\/#webpage","url":"https:\/\/www.rucashk.com\/es\/producto\/xiaomi-redmi-12-android-mobile-phone\/","name":"Xiaomi Redmi 12 Android Mobile Phone - Rucas - Wholesale and Distribution","description":"Display: 6.79 inches (17.24 cm), FHD Plus Display, 90 Hz Refresh Rate Memory: 6GB RAM, 128GB ROM, Memory Card (Hybrid) upto 1TB Processor: Qualcomm Snapdragon 4 Gen 2, Octa Core, 2.2 GHz Camera: 50 MP + 2 MP AI Dual Camera & 8 MP Front Camera Battery: 5000 mAh with 22.5W Type C Fast Charger USP: IP53 Rated Splash & Dust Resistant, Corning Gorilla Glass","inLanguage":"es-ES","isPartOf":{"@id":"https:\/\/www.rucashk.com\/es\/#website"},"breadcrumb":{"@id":"https:\/\/www.rucashk.com\/es\/producto\/xiaomi-redmi-12-android-mobile-phone\/#breadcrumblist"},"author":{"@id":"https:\/\/www.rucashk.com\/es\/author\/admin\/#author"},"creator":{"@id":"https:\/\/www.rucashk.com\/es\/author\/admin\/#author"},"image":{"@type":"ImageObject","url":"https:\/\/www.rucashk.com\/wp-content\/uploads\/2024\/03\/04c47429-61e5-4fee-97c4-fd4d1fe60f47.png","@id":"https:\/\/www.rucashk.com\/es\/producto\/xiaomi-redmi-12-android-mobile-phone\/#mainImage","width":640,"height":640},"primaryImageOfPage":{"@id":"https:\/\/www.rucashk.com\/es\/producto\/xiaomi-redmi-12-android-mobile-phone\/#mainImage"},"datePublished":"2024-03-21T02:42:23+00:00","dateModified":"2024-04-16T13:21:54+00:00"},{"@type":"WebSite","@id":"https:\/\/www.rucashk.com\/es\/#website","url":"https:\/\/www.rucashk.com\/es\/","name":"Rucas - Wholesale and distribution worldwide","alternateName":"Rucas - One-stop AIoT Distribution Worldwide","description":"One-stop AIoT Distribution Worldwide","inLanguage":"es-ES","publisher":{"@id":"https:\/\/www.rucashk.com\/es\/#organization"}}]}},"aioseo_meta_data":{"post_id":"37858","title":null,"description":null,"keywords":null,"keyphrases":null,"primary_term":null,"canonical_url":null,"og_title":null,"og_description":null,"og_object_type":"default","og_image_type":"default","og_image_url":null,"og_image_width":null,"og_image_height":null,"og_image_custom_url":null,"og_image_custom_fields":null,"og_video":null,"og_custom_url":null,"og_article_section":null,"og_article_tags":null,"twitter_use_og":false,"twitter_card":"default","twitter_image_type":"default","twitter_image_url":null,"twitter_image_custom_url":null,"twitter_image_custom_fields":null,"twitter_title":null,"twitter_description":null,"schema":{"blockGraphs":[],"customGraphs":[],"default":{"data":{"Article":[],"Course":[],"Dataset":[],"FAQPage":[],"Movie":[],"Person":[],"Product":[],"Recipe":[],"Service":[],"SoftwareApplication":[],"WebPage":[]},"graphName":"","isEnabled":true},"graphs":[]},"schema_type":"default","schema_type_options":null,"pillar_content":false,"robots_default":true,"robots_noindex":false,"robots_noarchive":false,"robots_nosnippet":false,"robots_nofollow":false,"robots_noimageindex":false,"robots_noodp":false,"robots_notranslate":false,"robots_max_snippet":null,"robots_max_videopreview":null,"robots_max_imagepreview":"large","priority":null,"frequency":null,"local_seo":null,"breadcrumb_settings":null,"limit_modified_date":false,"created":"2024-04-11 01:57:23","updated":"2025-06-22 18:47:55"},"aioseo_breadcrumb":"<div class=\"aioseo-breadcrumbs\"><span class=\"aioseo-breadcrumb\">\n\t<a href=\"https:\/\/www.rucashk.com\/es\" title=\"Home\">Home<\/a>\n<\/span><span class=\"aioseo-breadcrumb-separator\">&raquo;<\/span><span class=\"aioseo-breadcrumb\">\n\t<a href=\"https:\/\/www.rucashk.com\/es\/products\/\" title=\"Productos\">Productos<\/a>\n<\/span><span class=\"aioseo-breadcrumb-separator\">&raquo;<\/span><span class=\"aioseo-breadcrumb\">\n\t<a href=\"https:\/\/www.rucashk.com\/es\/marca\/xiaomi\/\" title=\"Xiaomi\">Xiaomi<\/a>\n<\/span><span class=\"aioseo-breadcrumb-separator\">&raquo;<\/span><span class=\"aioseo-breadcrumb\">\n\tXiaomi Redmi 12 Android Mobile Phone\n<\/span><\/div>","aioseo_breadcrumb_json":[{"label":"Home","link":"https:\/\/www.rucashk.com\/es"},{"label":"Productos","link":"https:\/\/www.rucashk.com\/es\/products\/"},{"label":"Xiaomi","link":"https:\/\/www.rucashk.com\/es\/marca\/xiaomi\/"},{"label":"Xiaomi Redmi 12 Android Mobile Phone","link":"https:\/\/www.rucashk.com\/es\/producto\/xiaomi-redmi-12-android-mobile-phone\/"}],"_links":{"self":[{"href":"https:\/\/www.rucashk.com\/es\/wp-json\/wp\/v2\/product\/37858","targetHints":{"allow":["GET"]}}],"collection":[{"href":"https:\/\/www.rucashk.com\/es\/wp-json\/wp\/v2\/product"}],"about":[{"href":"https:\/\/www.rucashk.com\/es\/wp-json\/wp\/v2\/types\/product"}],"wp:featuredmedia":[{"embeddable":true,"href":"https:\/\/www.rucashk.com\/es\/wp-json\/wp\/v2\/media\/37863"}],"wp:attachment":[{"href":"https:\/\/www.rucashk.com\/es\/wp-json\/wp\/v2\/media?parent=37858"}],"wp:term":[{"taxonomy":"product_brand","embeddable":true,"href":"https:\/\/www.rucashk.com\/es\/wp-json\/wp\/v2\/product_brand?post=37858"},{"taxonomy":"product_cat","embeddable":true,"href":"https:\/\/www.rucashk.com\/es\/wp-json\/wp\/v2\/product_cat?post=37858"},{"taxonomy":"product_tag","embeddable":true,"href":"https:\/\/www.rucashk.com\/es\/wp-json\/wp\/v2\/product_tag?post=37858"}],"curies":[{"name":"wp","href":"https:\/\/api.w.org\/{rel}","templated":true}]}}