{"id":37849,"date":"2024-03-21T02:23:35","date_gmt":"2024-03-21T02:23:35","guid":{"rendered":"http:\/\/rucashk.com\/?post_type=product&#038;p=37849"},"modified":"2024-04-16T13:24:14","modified_gmt":"2024-04-16T13:24:14","slug":"redmi-note-12s-android-mobile-phone","status":"publish","type":"product","link":"https:\/\/www.rucashk.com\/es\/producto\/redmi-note-12s-android-mobile-phone\/","title":{"rendered":"Tel\u00e9fono m\u00f3vil Android Redmi Note 12S"},"content":{"rendered":"<p><iframe width=\"1280\" height=\"720\" src=\"https:\/\/www.youtube.com\/embed\/s-Sa3R5zM0k\" title=\"Todo sobre Redmi Note 12 | Vive v\u00edvido\" frameborder=\"0\" allow=\"accelerometer; autoplay; clipboard-write; encrypted-media; gyroscope; picture-in-picture; web-share\" allowfullscreen><\/iframe><br \/>\n&nbsp;<\/p>\n<p><strong>Construir y mostrar<\/strong><br \/>\nEl dise\u00f1o y la est\u00e9tica del Redmi Note 12 lo hacen atractivo y fant\u00e1stico de poseer. Cada cent\u00edmetro del tel\u00e9fono Note 12S lo hace sobresaliente a pesar de ser un dispositivo de nivel medio. Mide 163 x 76 x 8 mm y pesa 188 g, lo que lo hace f\u00e1cil de sostener y transportar, ya que es un tel\u00e9fono liviano. Es un tel\u00e9fono dual SIM, lo que te permite elegir las mejores redes para suscribirte y disfrutar de los servicios. El dispositivo, al ser resistente al agua y al polvo, lo hace vers\u00e1til y funcional tanto en interiores como en exteriores. Redmi Note 12S viene en Onyx Black, Ice Blue y Pearl Green, por lo que hay una amplia gama de colores para elegir seg\u00fan las preferencias de cada uno.<\/p>\n<p>El tel\u00e9fono cuenta con una brillante pantalla IPS de 6,43 pulgadas. Con un brillo de 500\/900 nits y una resoluci\u00f3n de 1080 x 2400 p\u00edxeles, el usuario tiene aseguradas excelentes experiencias al explorar Internet y navegar a trav\u00e9s de medios multimedia. Es bueno que sepas que la pantalla est\u00e1 protegida con Corning Gorilla Glass, lo que te ahorra el miedo de andar por ah\u00ed con la pantalla rayada o rota.<\/p>\n<p><strong>C\u00e1maras<\/strong><br \/>\nInstalada en el tel\u00e9fono hay una \u00fanica c\u00e1mara para selfies de 12 MP capaz de tomar fotograf\u00edas decentes, adem\u00e1s de la capacidad de tomar tomas de video de 1080p a 30 fps. En la parte posterior del tel\u00e9fono hay una potente configuraci\u00f3n de c\u00e1mara triple que consta de una c\u00e1mara principal de 108 MP, f\/1.8, 26 mm (gran angular) + lente de 8 MP, f\/2.2, 118\u02da (ultra gran angular) + lente de 2MP, f \/2.4, sensor (macro). Con opciones de flash LED, HDR y panorama, el usuario tiene opciones para elegir seg\u00fan la ubicaci\u00f3n, la iluminaci\u00f3n y el paisaje. La c\u00e1mara principal toma tomas de video de 1080p a 30 fps, lo que convierte al Note 12 Pro en uno de los pocos tel\u00e9fonos de nivel medio capaz de grabar instant\u00e1neas y contenido de video profesionales.<\/p>\n<p><strong>Potencia y eficiencia de procesamiento<\/strong><br \/>\nRedmi Note 12S se ejecuta en Android 13, plataforma MIUI 14. Un Mediatek Helio G96 (12 nm) ejecuta operaciones en segundo plano y garantiza eficiencia y r\u00e1pido procesamiento de comandos. La CPU Octa-core (2 \u00d7 2,05 GHz Cortex-A76 y 6 \u00d7 2,0 GHz Cortex-A55) y Mali-G57 respaldan el chipset y garantizan el funcionamiento perfecto del tel\u00e9fono, ya sea multitarea, transmisi\u00f3n en vivo o juegos. MC2GPU. Combinadas, la unidad de procesamiento presenta buenos argumentos en cuanto a confiabilidad, procesamiento r\u00e1pido y permitir una respuesta r\u00e1pida a los comandos emitidos por el usuario sin experimentar retrasos ni tartamudeos.<\/p>\n<p>Del mismo modo, para permitir operaciones fluidas hay abundante RAM y ROM instaladas en el tel\u00e9fono. Tiene memoria incorporada de 256 GB 8 GB de RAM. Es compatible con MicroSD, lo cual es una consideraci\u00f3n importante para admitir la memoria interna y ofrecer espacio de memoria ilimitado para archivos multimedia, documentos y aplicaciones descargables.<\/p>\n<p><strong>Redes y Comunicaciones<\/strong><br \/>\nOtro gran complemento que hace que valga la pena el Redmi Note 12S en 2023 es su conectividad de red. Est\u00e1 habilitado para 4G y admite hasta redes 4G, seg\u00fan su proveedor de red y la cobertura en su \u00e1rea. Con 4G, el usuario tiene asegurada una carga y descarga r\u00e1pida de contenidos y datos. 5G ser\u00eda igual de bueno, pero para esa opci\u00f3n, debes optar por Xiaomi Note 12 Pro y Redmi Note 12 5G. Hay varios sensores instalados en el tel\u00e9fono, lo que permite una mayor comodidad a la hora de comunicarse y manejar el dispositivo.<\/p>\n<p>Sensor de huellas dactilares (montaje lateral)<br \/>\nAceler\u00f3metro<br \/>\nGiroscopio<br \/>\nSensor de proximidad<br \/>\nBr\u00fajula<br \/>\nBater\u00eda<br \/>\nUna bater\u00eda Li-Po de 5000 mAh no extra\u00edble alimenta el Note 12 Pro. Un cargador r\u00e1pido de 33 W permiti\u00f3 una carga r\u00e1pida de la bater\u00eda. Dependiendo de su intensidad de uso, tiene asegurados 2 d\u00edas de carga, con el cargador r\u00e1pido a mano para cargar mientras viaja.<\/p>","protected":false},"excerpt":{"rendered":"<ul>\n<li><strong>RAM<\/strong>: 8GB<\/li>\n<li><strong>Almacenamiento interno<\/strong>: 256GB<\/li>\n<li><strong>Bater\u00eda<\/strong>: 5000mAh, 33W<\/li>\n<li><strong>C\u00e1mara principal<\/strong>: 108 megap\u00edxeles + 8 megap\u00edxeles + 2 megap\u00edxeles<\/li>\n<li><strong>C\u00e1mara frontal<\/strong>: 12 megap\u00edxeles<\/li>\n<li><strong>Mostrar<\/strong>: 6,43 pulgadas, LCD IPS, 90Hz<\/li>\n<li><strong>Procesador<\/strong>: Mediatek Helio G96<\/li>\n<li><strong>Conectividad<\/strong>: 2G, 3G, 4G, Wi-Fi<\/li>\n<li><strong>Colores<\/strong>: Negro \u00f3nix, azul hielo, verde perla<\/li>\n<li><strong>SO<\/strong>: Android 13, MIUI 14<\/li>\n<\/ul>","protected":false},"featured_media":37850,"template":"","meta":[],"product_brand":[1363],"product_cat":[1295,1297],"product_tag":[477],"class_list":{"0":"post-37849","1":"product","2":"type-product","3":"status-publish","4":"has-post-thumbnail","6":"product_brand-xiaomi","7":"product_cat-mobile-phone","8":"product_cat-redmi-mobile-phone","9":"product_tag-phone","11":"first","12":"instock","13":"shipping-taxable","14":"product-type-simple"},"aioseo_notices":[],"aioseo_head":"\n\t\t<!-- All in One SEO Pro 4.5.9.2 - aioseo.com -->\n\t\t<meta name=\"description\" content=\"RAM: 8GB Internal Storage: 256GB Battery: 5000 mAh, 33W Main camera: 108 MP + 8 MP+ 2 MP Front camera: 12 MP Display: 6.43 inches, IPS LCD, 90Hz Processor: Mediatek Helio G96 Connectivity: 2G, 3G, 4G, Wi-Fi Colors: Onyx Black, Ice Blue, Pearl Green OS: Android 13, MIUI 14\" \/>\n\t\t<meta name=\"robots\" content=\"max-image-preview:large\" \/>\n\t\t<link rel=\"canonical\" href=\"https:\/\/www.rucashk.com\/es\/producto\/redmi-note-12s-android-mobile-phone\/\" \/>\n\t\t<meta name=\"generator\" content=\"All in One SEO Pro (AIOSEO) 4.5.9.2\" \/>\n\t\t<meta property=\"og:locale\" content=\"es_ES\" \/>\n\t\t<meta property=\"og:site_name\" content=\"Rucas - One-stop AIoT Distribution Worldwide\" \/>\n\t\t<meta property=\"og:type\" content=\"article\" \/>\n\t\t<meta property=\"og:title\" content=\"Redmi Note 12S Android Mobile Phone - Rucas - Wholesale and Distribution\" \/>\n\t\t<meta property=\"og:description\" content=\"RAM: 8GB Internal Storage: 256GB Battery: 5000 mAh, 33W Main camera: 108 MP + 8 MP+ 2 MP Front camera: 12 MP Display: 6.43 inches, IPS LCD, 90Hz Processor: Mediatek Helio G96 Connectivity: 2G, 3G, 4G, Wi-Fi Colors: Onyx Black, Ice Blue, Pearl Green OS: Android 13, MIUI 14\" \/>\n\t\t<meta property=\"og:url\" content=\"https:\/\/www.rucashk.com\/es\/producto\/redmi-note-12s-android-mobile-phone\/\" \/>\n\t\t<meta property=\"og:image\" content=\"https:\/\/www.rucashk.com\/wp-content\/uploads\/replace\/503b8e645f128a97ccde2b6290747646.jpeg\" \/>\n\t\t<meta property=\"og:image:secure_url\" content=\"https:\/\/www.rucashk.com\/wp-content\/uploads\/replace\/503b8e645f128a97ccde2b6290747646.jpeg\" \/>\n\t\t<meta property=\"og:image:width\" content=\"1456\" \/>\n\t\t<meta property=\"og:image:height\" content=\"816\" \/>\n\t\t<meta property=\"article:published_time\" content=\"2024-03-21T02:23:35+00:00\" \/>\n\t\t<meta property=\"article:modified_time\" content=\"2024-04-16T13:24:14+00:00\" \/>\n\t\t<meta name=\"twitter:card\" content=\"summary_large_image\" \/>\n\t\t<meta name=\"twitter:title\" content=\"Redmi Note 12S Android Mobile Phone - Rucas - Wholesale and Distribution\" \/>\n\t\t<meta name=\"twitter:description\" content=\"RAM: 8GB Internal Storage: 256GB Battery: 5000 mAh, 33W Main camera: 108 MP + 8 MP+ 2 MP Front camera: 12 MP Display: 6.43 inches, IPS LCD, 90Hz Processor: Mediatek Helio G96 Connectivity: 2G, 3G, 4G, Wi-Fi Colors: Onyx Black, Ice Blue, Pearl Green OS: Android 13, MIUI 14\" \/>\n\t\t<meta name=\"twitter:image\" content=\"https:\/\/www.rucashk.com\/wp-content\/uploads\/replace\/503b8e645f128a97ccde2b6290747646.jpeg\" \/>\n\t\t<script type=\"application\/ld+json\" class=\"aioseo-schema\">\n\t\t\t{\"@context\":\"https:\\\/\\\/schema.org\",\"@graph\":[{\"@type\":\"BreadcrumbList\",\"@id\":\"https:\\\/\\\/www.rucashk.com\\\/es\\\/producto\\\/redmi-note-12s-android-mobile-phone\\\/#breadcrumblist\",\"itemListElement\":[{\"@type\":\"ListItem\",\"@id\":\"https:\\\/\\\/www.rucashk.com\\\/es\\\/#listItem\",\"position\":1,\"name\":\"Home\",\"item\":\"https:\\\/\\\/www.rucashk.com\\\/es\\\/\",\"nextItem\":\"https:\\\/\\\/www.rucashk.com\\\/es\\\/producto\\\/redmi-note-12s-android-mobile-phone\\\/#listItem\"},{\"@type\":\"ListItem\",\"@id\":\"https:\\\/\\\/www.rucashk.com\\\/es\\\/producto\\\/redmi-note-12s-android-mobile-phone\\\/#listItem\",\"position\":2,\"name\":\"Redmi Note 12S Android Mobile Phone\",\"previousItem\":\"https:\\\/\\\/www.rucashk.com\\\/es\\\/#listItem\"}]},{\"@type\":\"Organization\",\"@id\":\"https:\\\/\\\/www.rucashk.com\\\/es\\\/#organization\",\"name\":\"Rucas\",\"url\":\"https:\\\/\\\/www.rucashk.com\\\/es\\\/\",\"logo\":{\"@type\":\"ImageObject\",\"url\":\"https:\\\/\\\/www.rucashk.com\\\/wp-content\\\/uploads\\\/2023\\\/12\\\/Rucas_campany_logo.png\",\"@id\":\"https:\\\/\\\/www.rucashk.com\\\/es\\\/producto\\\/redmi-note-12s-android-mobile-phone\\\/#organizationLogo\",\"width\":221,\"height\":65},\"image\":{\"@id\":\"https:\\\/\\\/www.rucashk.com\\\/es\\\/#organizationLogo\"}},{\"@type\":\"Person\",\"@id\":\"https:\\\/\\\/www.rucashk.com\\\/es\\\/author\\\/admin\\\/#author\",\"url\":\"https:\\\/\\\/www.rucashk.com\\\/es\\\/author\\\/admin\\\/\",\"name\":\"admin\",\"image\":{\"@type\":\"ImageObject\",\"@id\":\"https:\\\/\\\/www.rucashk.com\\\/es\\\/producto\\\/redmi-note-12s-android-mobile-phone\\\/#authorImage\",\"url\":\"https:\\\/\\\/secure.gravatar.com\\\/avatar\\\/b7c8925b09a27e72b30232f8ecaadbd5af0f70a38c78096863fe51b64f031c24?s=96&d=mm&r=g\",\"width\":96,\"height\":96,\"caption\":\"admin\"}},{\"@type\":\"WebPage\",\"@id\":\"https:\\\/\\\/www.rucashk.com\\\/es\\\/producto\\\/redmi-note-12s-android-mobile-phone\\\/#webpage\",\"url\":\"https:\\\/\\\/www.rucashk.com\\\/es\\\/producto\\\/redmi-note-12s-android-mobile-phone\\\/\",\"name\":\"Redmi Note 12S Android Mobile Phone - Rucas - Wholesale and Distribution\",\"description\":\"RAM: 8GB Internal Storage: 256GB Battery: 5000 mAh, 33W Main camera: 108 MP + 8 MP+ 2 MP Front camera: 12 MP Display: 6.43 inches, IPS LCD, 90Hz Processor: Mediatek Helio G96 Connectivity: 2G, 3G, 4G, Wi-Fi Colors: Onyx Black, Ice Blue, Pearl Green OS: Android 13, MIUI 14\",\"inLanguage\":\"es-ES\",\"isPartOf\":{\"@id\":\"https:\\\/\\\/www.rucashk.com\\\/es\\\/#website\"},\"breadcrumb\":{\"@id\":\"https:\\\/\\\/www.rucashk.com\\\/es\\\/producto\\\/redmi-note-12s-android-mobile-phone\\\/#breadcrumblist\"},\"author\":{\"@id\":\"https:\\\/\\\/www.rucashk.com\\\/es\\\/author\\\/admin\\\/#author\"},\"creator\":{\"@id\":\"https:\\\/\\\/www.rucashk.com\\\/es\\\/author\\\/admin\\\/#author\"},\"image\":{\"@type\":\"ImageObject\",\"url\":\"https:\\\/\\\/www.rucashk.com\\\/wp-content\\\/uploads\\\/2024\\\/03\\\/1d8b638e-3776-44f4-8a50-515b271e68b7.jpg\",\"@id\":\"https:\\\/\\\/www.rucashk.com\\\/es\\\/producto\\\/redmi-note-12s-android-mobile-phone\\\/#mainImage\",\"width\":800,\"height\":800},\"primaryImageOfPage\":{\"@id\":\"https:\\\/\\\/www.rucashk.com\\\/es\\\/producto\\\/redmi-note-12s-android-mobile-phone\\\/#mainImage\"},\"datePublished\":\"2024-03-21T02:23:35+00:00\",\"dateModified\":\"2024-04-16T13:24:14+00:00\"},{\"@type\":\"WebSite\",\"@id\":\"https:\\\/\\\/www.rucashk.com\\\/es\\\/#website\",\"url\":\"https:\\\/\\\/www.rucashk.com\\\/es\\\/\",\"name\":\"Rucas - Wholesale and distribution worldwide\",\"alternateName\":\"Rucas - One-stop AIoT Distribution Worldwide\",\"description\":\"One-stop AIoT Distribution Worldwide\",\"inLanguage\":\"es-ES\",\"publisher\":{\"@id\":\"https:\\\/\\\/www.rucashk.com\\\/es\\\/#organization\"}}]}\n\t\t<\/script>\n\t\t<!-- All in One SEO Pro -->\r\n\t\t<title>Redmi Note 12S Android Mobile Phone - Rucas - Wholesale and Distribution<\/title>\n\n","aioseo_head_json":{"title":"Redmi Note 12S Android Mobile Phone - Rucas - Wholesale and Distribution","description":"RAM: 8GB Internal Storage: 256GB Battery: 5000 mAh, 33W Main camera: 108 MP + 8 MP+ 2 MP Front camera: 12 MP Display: 6.43 inches, IPS LCD, 90Hz Processor: Mediatek Helio G96 Connectivity: 2G, 3G, 4G, Wi-Fi Colors: Onyx Black, Ice Blue, Pearl Green OS: Android 13, MIUI 14","canonical_url":"https:\/\/www.rucashk.com\/es\/producto\/redmi-note-12s-android-mobile-phone\/","robots":"max-image-preview:large","keywords":"","webmasterTools":{"miscellaneous":""},"og:locale":"es_ES","og:site_name":"Rucas - One-stop AIoT Distribution Worldwide","og:type":"article","og:title":"Redmi Note 12S Android Mobile Phone - Rucas - Wholesale and Distribution","og:description":"RAM: 8GB Internal Storage: 256GB Battery: 5000 mAh, 33W Main camera: 108 MP + 8 MP+ 2 MP Front camera: 12 MP Display: 6.43 inches, IPS LCD, 90Hz Processor: Mediatek Helio G96 Connectivity: 2G, 3G, 4G, Wi-Fi Colors: Onyx Black, Ice Blue, Pearl Green OS: Android 13, MIUI 14","og:url":"https:\/\/www.rucashk.com\/es\/producto\/redmi-note-12s-android-mobile-phone\/","og:image":"https:\/\/www.rucashk.com\/wp-content\/uploads\/replace\/503b8e645f128a97ccde2b6290747646.jpeg","og:image:secure_url":"https:\/\/www.rucashk.com\/wp-content\/uploads\/replace\/503b8e645f128a97ccde2b6290747646.jpeg","og:image:width":1456,"og:image:height":816,"article:published_time":"2024-03-21T02:23:35+00:00","article:modified_time":"2024-04-16T13:24:14+00:00","twitter:card":"summary_large_image","twitter:title":"Redmi Note 12S Android Mobile Phone - Rucas - Wholesale and Distribution","twitter:description":"RAM: 8GB Internal Storage: 256GB Battery: 5000 mAh, 33W Main camera: 108 MP + 8 MP+ 2 MP Front camera: 12 MP Display: 6.43 inches, IPS LCD, 90Hz Processor: Mediatek Helio G96 Connectivity: 2G, 3G, 4G, Wi-Fi Colors: Onyx Black, Ice Blue, Pearl Green OS: Android 13, MIUI 14","twitter:image":"https:\/\/www.rucashk.com\/wp-content\/uploads\/replace\/503b8e645f128a97ccde2b6290747646.jpeg","schema":{"@context":"https:\/\/schema.org","@graph":[{"@type":"BreadcrumbList","@id":"https:\/\/www.rucashk.com\/es\/producto\/redmi-note-12s-android-mobile-phone\/#breadcrumblist","itemListElement":[{"@type":"ListItem","@id":"https:\/\/www.rucashk.com\/es\/#listItem","position":1,"name":"Home","item":"https:\/\/www.rucashk.com\/es\/","nextItem":"https:\/\/www.rucashk.com\/es\/producto\/redmi-note-12s-android-mobile-phone\/#listItem"},{"@type":"ListItem","@id":"https:\/\/www.rucashk.com\/es\/producto\/redmi-note-12s-android-mobile-phone\/#listItem","position":2,"name":"Redmi Note 12S Android Mobile Phone","previousItem":"https:\/\/www.rucashk.com\/es\/#listItem"}]},{"@type":"Organization","@id":"https:\/\/www.rucashk.com\/es\/#organization","name":"Rucas","url":"https:\/\/www.rucashk.com\/es\/","logo":{"@type":"ImageObject","url":"https:\/\/www.rucashk.com\/wp-content\/uploads\/2023\/12\/Rucas_campany_logo.png","@id":"https:\/\/www.rucashk.com\/es\/producto\/redmi-note-12s-android-mobile-phone\/#organizationLogo","width":221,"height":65},"image":{"@id":"https:\/\/www.rucashk.com\/es\/#organizationLogo"}},{"@type":"Person","@id":"https:\/\/www.rucashk.com\/es\/author\/admin\/#author","url":"https:\/\/www.rucashk.com\/es\/author\/admin\/","name":"admin","image":{"@type":"ImageObject","@id":"https:\/\/www.rucashk.com\/es\/producto\/redmi-note-12s-android-mobile-phone\/#authorImage","url":"https:\/\/secure.gravatar.com\/avatar\/b7c8925b09a27e72b30232f8ecaadbd5af0f70a38c78096863fe51b64f031c24?s=96&d=mm&r=g","width":96,"height":96,"caption":"admin"}},{"@type":"WebPage","@id":"https:\/\/www.rucashk.com\/es\/producto\/redmi-note-12s-android-mobile-phone\/#webpage","url":"https:\/\/www.rucashk.com\/es\/producto\/redmi-note-12s-android-mobile-phone\/","name":"Redmi Note 12S Android Mobile Phone - Rucas - Wholesale and Distribution","description":"RAM: 8GB Internal Storage: 256GB Battery: 5000 mAh, 33W Main camera: 108 MP + 8 MP+ 2 MP Front camera: 12 MP Display: 6.43 inches, IPS LCD, 90Hz Processor: Mediatek Helio G96 Connectivity: 2G, 3G, 4G, Wi-Fi Colors: Onyx Black, Ice Blue, Pearl Green OS: Android 13, MIUI 14","inLanguage":"es-ES","isPartOf":{"@id":"https:\/\/www.rucashk.com\/es\/#website"},"breadcrumb":{"@id":"https:\/\/www.rucashk.com\/es\/producto\/redmi-note-12s-android-mobile-phone\/#breadcrumblist"},"author":{"@id":"https:\/\/www.rucashk.com\/es\/author\/admin\/#author"},"creator":{"@id":"https:\/\/www.rucashk.com\/es\/author\/admin\/#author"},"image":{"@type":"ImageObject","url":"https:\/\/www.rucashk.com\/wp-content\/uploads\/2024\/03\/1d8b638e-3776-44f4-8a50-515b271e68b7.jpg","@id":"https:\/\/www.rucashk.com\/es\/producto\/redmi-note-12s-android-mobile-phone\/#mainImage","width":800,"height":800},"primaryImageOfPage":{"@id":"https:\/\/www.rucashk.com\/es\/producto\/redmi-note-12s-android-mobile-phone\/#mainImage"},"datePublished":"2024-03-21T02:23:35+00:00","dateModified":"2024-04-16T13:24:14+00:00"},{"@type":"WebSite","@id":"https:\/\/www.rucashk.com\/es\/#website","url":"https:\/\/www.rucashk.com\/es\/","name":"Rucas - Wholesale and distribution worldwide","alternateName":"Rucas - One-stop AIoT Distribution Worldwide","description":"One-stop AIoT Distribution Worldwide","inLanguage":"es-ES","publisher":{"@id":"https:\/\/www.rucashk.com\/es\/#organization"}}]}},"aioseo_meta_data":{"post_id":"37849","title":null,"description":null,"keywords":null,"keyphrases":null,"primary_term":null,"canonical_url":null,"og_title":null,"og_description":null,"og_object_type":"default","og_image_type":"default","og_image_url":null,"og_image_width":null,"og_image_height":null,"og_image_custom_url":null,"og_image_custom_fields":null,"og_video":null,"og_custom_url":null,"og_article_section":null,"og_article_tags":null,"twitter_use_og":false,"twitter_card":"default","twitter_image_type":"default","twitter_image_url":null,"twitter_image_custom_url":null,"twitter_image_custom_fields":null,"twitter_title":null,"twitter_description":null,"schema":{"blockGraphs":[],"customGraphs":[],"default":{"data":{"Article":[],"Course":[],"Dataset":[],"FAQPage":[],"Movie":[],"Person":[],"Product":[],"Recipe":[],"Service":[],"SoftwareApplication":[],"WebPage":[]},"graphName":"","isEnabled":true},"graphs":[]},"schema_type":"default","schema_type_options":null,"pillar_content":false,"robots_default":true,"robots_noindex":false,"robots_noarchive":false,"robots_nosnippet":false,"robots_nofollow":false,"robots_noimageindex":false,"robots_noodp":false,"robots_notranslate":false,"robots_max_snippet":null,"robots_max_videopreview":null,"robots_max_imagepreview":"large","priority":null,"frequency":null,"local_seo":null,"breadcrumb_settings":null,"limit_modified_date":false,"created":"2024-04-11 01:57:23","updated":"2025-06-22 18:47:55"},"aioseo_breadcrumb":"<div class=\"aioseo-breadcrumbs\"><span class=\"aioseo-breadcrumb\">\n\t<a href=\"https:\/\/www.rucashk.com\/es\" title=\"Home\">Home<\/a>\n<\/span><span class=\"aioseo-breadcrumb-separator\">&raquo;<\/span><span class=\"aioseo-breadcrumb\">\n\t<a href=\"https:\/\/www.rucashk.com\/es\/products\/\" title=\"Productos\">Productos<\/a>\n<\/span><span class=\"aioseo-breadcrumb-separator\">&raquo;<\/span><span class=\"aioseo-breadcrumb\">\n\t<a href=\"https:\/\/www.rucashk.com\/es\/marca\/xiaomi\/\" title=\"Xiaomi\">Xiaomi<\/a>\n<\/span><span class=\"aioseo-breadcrumb-separator\">&raquo;<\/span><span class=\"aioseo-breadcrumb\">\n\tRedmi Note 12S Android Mobile Phone\n<\/span><\/div>","aioseo_breadcrumb_json":[{"label":"Home","link":"https:\/\/www.rucashk.com\/es"},{"label":"Productos","link":"https:\/\/www.rucashk.com\/es\/products\/"},{"label":"Xiaomi","link":"https:\/\/www.rucashk.com\/es\/marca\/xiaomi\/"},{"label":"Redmi Note 12S Android Mobile Phone","link":"https:\/\/www.rucashk.com\/es\/producto\/redmi-note-12s-android-mobile-phone\/"}],"_links":{"self":[{"href":"https:\/\/www.rucashk.com\/es\/wp-json\/wp\/v2\/product\/37849","targetHints":{"allow":["GET"]}}],"collection":[{"href":"https:\/\/www.rucashk.com\/es\/wp-json\/wp\/v2\/product"}],"about":[{"href":"https:\/\/www.rucashk.com\/es\/wp-json\/wp\/v2\/types\/product"}],"wp:featuredmedia":[{"embeddable":true,"href":"https:\/\/www.rucashk.com\/es\/wp-json\/wp\/v2\/media\/37850"}],"wp:attachment":[{"href":"https:\/\/www.rucashk.com\/es\/wp-json\/wp\/v2\/media?parent=37849"}],"wp:term":[{"taxonomy":"product_brand","embeddable":true,"href":"https:\/\/www.rucashk.com\/es\/wp-json\/wp\/v2\/product_brand?post=37849"},{"taxonomy":"product_cat","embeddable":true,"href":"https:\/\/www.rucashk.com\/es\/wp-json\/wp\/v2\/product_cat?post=37849"},{"taxonomy":"product_tag","embeddable":true,"href":"https:\/\/www.rucashk.com\/es\/wp-json\/wp\/v2\/product_tag?post=37849"}],"curies":[{"name":"wp","href":"https:\/\/api.w.org\/{rel}","templated":true}]}}